{"id":2302745,"date":"2026-04-12T14:17:45","date_gmt":"2026-04-12T12:17:45","guid":{"rendered":"https:\/\/dev6.erresse-shop.it\/shop\/unkategorisiert\/shark-wandvac-schnurloser-staubsauger\/"},"modified":"2025-07-04T15:16:13","modified_gmt":"2025-07-04T13:16:13","slug":"shark-wandvac-schnurloser-staubsauger","status":"publish","type":"product","link":"https:\/\/dev6.erresse-shop.it\/de\/shop\/kleine-elektrogeraete\/staubsauger\/shark-wandvac-schnurloser-staubsauger\/","title":{"rendered":"SHARK Wandvac Schnurloser Staubsauger"},"content":{"rendered":"<p>Ein leistungsstarker Staubsauger, den man immer zur Hand haben sollte.<br \/>\nMit diesem leichten und leistungsstarken kabellosen Staubsauger definiert Shark die schnelle Reinigung neu. Ausgestattet mit einem hocheffizienten Motor und Schnellladetechnologie.<br \/>\nUnverzichtbar in der K\u00fcche oder im Auto, um m\u00fchelos Kr\u00fcmel und trockene Essensreste von Arbeitsfl\u00e4chen und Tischen aufzusaugen. Mit seinen praktischen Aufs\u00e4tzen entfernt er m\u00fchelos Staub und Tierhaare von Polstern, Treppen, Sofas und Autositzen.<br \/>\nBewahren Sie die schlanke und elegante Ladestation auf der Arbeitsplatte auf, damit das Ger\u00e4t immer einsatzbereit ist, wenn Sie es brauchen.<br \/>\nSchlank, elegant und mit einem Design, das sich sehen lassen kann. Mit diesem leichten und leistungsstarken kabellosen Staubsauger definiert Shark die Fl\u00e4chenreinigung neu.<br \/>\nF\u00fcr eine schnelle Reinigung haben unsere Ingenieure diesen kompakten, leichten Staubsauger mit einem hocheffizienten Motor f\u00fcr au\u00dfergew\u00f6hnliche Saugleistung entwickelt.<br \/>\nImmer bereit, wenn Sie ihn brauchen. Stellen Sie die Schnellladestation auf die Arbeitsfl\u00e4che, damit das Ger\u00e4t immer einsatzbereit ist. Der Staubsauger wird in der Ladestation aufgeladen und ist somit immer einsatzbereit. Bis zu 8 Minuten Betriebsdauer pro Aufladung.<\/p>\n<p>In der K\u00fcche saugen Sie in Sekundenschnelle Kr\u00fcmel und Trockenfutterreste von Arbeitsfl\u00e4chen und Tischen auf. Die mitgelieferte Fugend\u00fcse und der Aufsatz f\u00fcr Tierhaare sind ideal zum Aufsaugen von Tierhaaren auf Sofas, zum Auffrischen von Polstern und Vorh\u00e4ngen und zum Entfernen l\u00e4stiger Kr\u00fcmel aus dem Autoinnenraum. Das macht ihn ideal f\u00fcr Familien mit Kindern und Haustieren.<\/p>\n<p>Der Staubauffangbeh\u00e4lter l\u00e4sst sich mit einer einfachen Ber\u00fchrung \u00f6ffnen. Die Filtertechnologie ist so konzipiert, dass sie Staub und Partikel auff\u00e4ngt.<\/p>\n<p>Technisches Datenblatt:<\/p>\n<p>Farbe Grau<\/p>\n<p>Produktgewicht 1,3 kg<\/p>\n<p>Garantie 2 Jahre<\/p>\n<p>Waschbarer Filter<\/p>\n<p>Autonomie 8 Minuten<\/p>\n<p>Inhalt der Box<\/p>\n<p>1 kabelloser Staubsauger<\/p>\n<p>1 Lithium-Ionen-Akku<\/p>\n<p>Ladestation<\/p>\n<p>BS-Ladestecker<\/p>\n<p>Fugend\u00fcse mit integrierter B\u00fcrste<\/p>\n<p>Mehrzweck-Zubeh\u00f6r f\u00fcr Haustiere<\/p>\n<p>Nicht zum Verkauf au\u00dferhalb Europas<\/p>\n","protected":false},"excerpt":{"rendered":"<p>Ein leistungsstarker Staubsauger, den man immer zur Hand haben sollte. Mit diesem leichten und leistungsstarken kabellosen Staubsauger definiert Shark die schnelle Reinigung neu. Ausgestattet mit einem hocheffizienten Motor und Schnellladetechnologie. Unverzichtbar in der K\u00fcche oder im Auto, um m\u00fchelos Kr\u00fcmel und trockene Essensreste von Arbeitsfl\u00e4chen und Tischen aufzusaugen. Mit seinen praktischen Aufs\u00e4tzen entfernt er m\u00fchelos [&hellip;]<\/p>\n","protected":false},"featured_media":6380170,"template":"","meta":{"_acf_changed":false},"product_cat":[12163,12183],"product_tag":[],"class_list":{"0":"post-2302745","1":"product","2":"type-product","3":"status-publish","4":"has-post-thumbnail","6":"product_cat-kleine-elektrogeraete","7":"product_cat-staubsauger","9":"first","10":"instock","11":"taxable","12":"shipping-taxable","13":"product-type-simple","swatches":"rey-swatches","show_selected":"","stretch_labels":"rey-swatches--stretch-labels"},"acf":[],"yoast_head":"<!-- This site is optimized with the Yoast SEO plugin v25.4 - https:\/\/yoast.com\/wordpress\/plugins\/seo\/ -->\n<title>SHARK Wandvac Schnurloser Staubsauger - dev6 Erresse<\/title>\n<meta name=\"description\" content=\"Ein leistungsstarker Staubsauger, den man immer zur Hand haben sollte. Mit diesem leichten und leistungsstarken kabellosen Staubsauger definiert Shark die\" \/>\n<meta name=\"robots\" content=\"noindex, follow, max-snippet:-1, max-image-preview:large, max-video-preview:-1\" \/>\n<meta property=\"og:locale\" content=\"de_DE\" \/>\n<meta property=\"og:type\" content=\"article\" \/>\n<meta property=\"og:title\" content=\"SHARK Wandvac Schnurloser Staubsauger - dev6 Erresse\" \/>\n<meta property=\"og:description\" content=\"Ein leistungsstarker Staubsauger, den man immer zur Hand haben sollte. Mit diesem leichten und leistungsstarken kabellosen Staubsauger definiert Shark die\" \/>\n<meta property=\"og:url\" content=\"https:\/\/dev6.erresse-shop.it\/de\/shop\/kleine-elektrogeraete\/staubsauger\/shark-wandvac-schnurloser-staubsauger\/\" \/>\n<meta property=\"og:site_name\" content=\"dev6 Erresse\" \/>\n<meta property=\"og:image\" content=\"https:\/\/interpim.erresse-shop.it\/img-catalogo\/shark\/shark-aspirabriciole-senza-filo-shark-wandvac-1.0-wv200eu.png\" \/><meta property=\"og:image\" content=\"https:\/\/interpim.erresse-shop.it\/img-catalogo\/shark\/shark-aspirabriciole-senza-filo-shark-wandvac-1.0-wv200eu.png\" \/>\n\t<meta property=\"og:image:width\" content=\"1024\" \/>\n\t<meta property=\"og:image:height\" content=\"1024\" \/>\n\t<meta property=\"og:image:type\" content=\"image\/jpeg\" \/>\n<meta name=\"twitter:card\" content=\"summary_large_image\" \/>\n<meta name=\"twitter:image\" content=\"https:\/\/interpim.erresse-shop.it\/img-catalogo\/shark\/shark-aspirabriciole-senza-filo-shark-wandvac-1.0-wv200eu.png\" \/>\n<script type=\"application\/ld+json\" class=\"yoast-schema-graph\">{\"@context\":\"https:\/\/schema.org\",\"@graph\":[{\"@type\":\"WebPage\",\"@id\":\"https:\/\/dev6.erresse-shop.it\/de\/shop\/kleine-elektrogeraete\/staubsauger\/shark-wandvac-schnurloser-staubsauger\/\",\"url\":\"https:\/\/dev6.erresse-shop.it\/de\/shop\/kleine-elektrogeraete\/staubsauger\/shark-wandvac-schnurloser-staubsauger\/\",\"name\":\"SHARK Wandvac Schnurloser Staubsauger - dev6 Erresse\",\"isPartOf\":{\"@id\":\"https:\/\/dev6.erresse-shop.it\/#website\"},\"primaryImageOfPage\":{\"@id\":\"https:\/\/dev6.erresse-shop.it\/de\/shop\/kleine-elektrogeraete\/staubsauger\/shark-wandvac-schnurloser-staubsauger\/#primaryimage\"},\"image\":{\"@id\":\"https:\/\/dev6.erresse-shop.it\/de\/shop\/kleine-elektrogeraete\/staubsauger\/shark-wandvac-schnurloser-staubsauger\/#primaryimage\"},\"thumbnailUrl\":\"https:\/\/i3.wp.com\/interpim.erresse-shop.it\/img-catalogo\/shark\/shark-aspirabriciole-senza-filo-shark-wandvac-1.0-wv200eu.png?ssl=1\",\"datePublished\":\"2026-04-12T12:17:45+00:00\",\"description\":\"Ein leistungsstarker Staubsauger, den man immer zur Hand haben sollte. Mit diesem leichten und leistungsstarken kabellosen Staubsauger definiert Shark die\",\"breadcrumb\":{\"@id\":\"https:\/\/dev6.erresse-shop.it\/de\/shop\/kleine-elektrogeraete\/staubsauger\/shark-wandvac-schnurloser-staubsauger\/#breadcrumb\"},\"inLanguage\":\"de\",\"potentialAction\":[{\"@type\":\"ReadAction\",\"target\":[\"https:\/\/dev6.erresse-shop.it\/de\/shop\/kleine-elektrogeraete\/staubsauger\/shark-wandvac-schnurloser-staubsauger\/\"]}]},{\"@type\":\"ImageObject\",\"inLanguage\":\"de\",\"@id\":\"https:\/\/dev6.erresse-shop.it\/de\/shop\/kleine-elektrogeraete\/staubsauger\/shark-wandvac-schnurloser-staubsauger\/#primaryimage\",\"url\":\"https:\/\/i3.wp.com\/interpim.erresse-shop.it\/img-catalogo\/shark\/shark-aspirabriciole-senza-filo-shark-wandvac-1.0-wv200eu.png?ssl=1\",\"contentUrl\":\"https:\/\/i3.wp.com\/interpim.erresse-shop.it\/img-catalogo\/shark\/shark-aspirabriciole-senza-filo-shark-wandvac-1.0-wv200eu.png?ssl=1\"},{\"@type\":\"BreadcrumbList\",\"@id\":\"https:\/\/dev6.erresse-shop.it\/de\/shop\/kleine-elektrogeraete\/staubsauger\/shark-wandvac-schnurloser-staubsauger\/#breadcrumb\",\"itemListElement\":[{\"@type\":\"ListItem\",\"position\":1,\"name\":\"Home\",\"item\":\"https:\/\/dev6.erresse-shop.it\/\"},{\"@type\":\"ListItem\",\"position\":2,\"name\":\"Shop\",\"item\":\"https:\/\/dev6.erresse-shop.it\/shop\/\"},{\"@type\":\"ListItem\",\"position\":3,\"name\":\"SHARK Wandvac Schnurloser Staubsauger\"}]},{\"@type\":\"WebSite\",\"@id\":\"https:\/\/dev6.erresse-shop.it\/#website\",\"url\":\"https:\/\/dev6.erresse-shop.it\/\",\"name\":\"Erresse Shop\",\"description\":\"\",\"publisher\":{\"@id\":\"https:\/\/dev6.erresse-shop.it\/#organization\"},\"potentialAction\":[{\"@type\":\"SearchAction\",\"target\":{\"@type\":\"EntryPoint\",\"urlTemplate\":\"https:\/\/dev6.erresse-shop.it\/?s={search_term_string}\"},\"query-input\":{\"@type\":\"PropertyValueSpecification\",\"valueRequired\":true,\"valueName\":\"search_term_string\"}}],\"inLanguage\":\"de\"},{\"@type\":\"Organization\",\"@id\":\"https:\/\/dev6.erresse-shop.it\/#organization\",\"name\":\"Erresse Shop\",\"url\":\"https:\/\/dev6.erresse-shop.it\/\",\"logo\":{\"@type\":\"ImageObject\",\"inLanguage\":\"de\",\"@id\":\"https:\/\/dev6.erresse-shop.it\/#\/schema\/logo\/image\/\",\"url\":\"https:\/\/dev6.erresse-shop.it\/wp-content\/uploads\/2025\/01\/LOGO-ERRESSE-CLASSICO.svg\",\"contentUrl\":\"https:\/\/dev6.erresse-shop.it\/wp-content\/uploads\/2025\/01\/LOGO-ERRESSE-CLASSICO.svg\",\"caption\":\"Erresse Shop\"},\"image\":{\"@id\":\"https:\/\/dev6.erresse-shop.it\/#\/schema\/logo\/image\/\"}}]}<\/script>\n<!-- \/ Yoast SEO plugin. -->","yoast_head_json":{"title":"SHARK Wandvac Schnurloser Staubsauger - dev6 Erresse","description":"Ein leistungsstarker Staubsauger, den man immer zur Hand haben sollte. Mit diesem leichten und leistungsstarken kabellosen Staubsauger definiert Shark die","robots":{"index":"noindex","follow":"follow","max-snippet":"max-snippet:-1","max-image-preview":"max-image-preview:large","max-video-preview":"max-video-preview:-1"},"og_locale":"de_DE","og_type":"article","og_title":"SHARK Wandvac Schnurloser Staubsauger - dev6 Erresse","og_description":"Ein leistungsstarker Staubsauger, den man immer zur Hand haben sollte. Mit diesem leichten und leistungsstarken kabellosen Staubsauger definiert Shark die","og_url":"https:\/\/dev6.erresse-shop.it\/de\/shop\/kleine-elektrogeraete\/staubsauger\/shark-wandvac-schnurloser-staubsauger\/","og_site_name":"dev6 Erresse","og_image":[{"url":"https:\/\/interpim.erresse-shop.it\/img-catalogo\/shark\/shark-aspirabriciole-senza-filo-shark-wandvac-1.0-wv200eu.png","type":"","width":"","height":""},{"url":"https:\/\/interpim.erresse-shop.it\/img-catalogo\/shark\/shark-aspirabriciole-senza-filo-shark-wandvac-1.0-wv200eu.png","width":1024,"height":1024,"type":"image\/jpeg"}],"twitter_card":"summary_large_image","twitter_image":"https:\/\/interpim.erresse-shop.it\/img-catalogo\/shark\/shark-aspirabriciole-senza-filo-shark-wandvac-1.0-wv200eu.png","schema":{"@context":"https:\/\/schema.org","@graph":[{"@type":"WebPage","@id":"https:\/\/dev6.erresse-shop.it\/de\/shop\/kleine-elektrogeraete\/staubsauger\/shark-wandvac-schnurloser-staubsauger\/","url":"https:\/\/dev6.erresse-shop.it\/de\/shop\/kleine-elektrogeraete\/staubsauger\/shark-wandvac-schnurloser-staubsauger\/","name":"SHARK Wandvac Schnurloser Staubsauger - dev6 Erresse","isPartOf":{"@id":"https:\/\/dev6.erresse-shop.it\/#website"},"primaryImageOfPage":{"@id":"https:\/\/dev6.erresse-shop.it\/de\/shop\/kleine-elektrogeraete\/staubsauger\/shark-wandvac-schnurloser-staubsauger\/#primaryimage"},"image":{"@id":"https:\/\/dev6.erresse-shop.it\/de\/shop\/kleine-elektrogeraete\/staubsauger\/shark-wandvac-schnurloser-staubsauger\/#primaryimage"},"thumbnailUrl":"https:\/\/i3.wp.com\/interpim.erresse-shop.it\/img-catalogo\/shark\/shark-aspirabriciole-senza-filo-shark-wandvac-1.0-wv200eu.png?ssl=1","datePublished":"2026-04-12T12:17:45+00:00","description":"Ein leistungsstarker Staubsauger, den man immer zur Hand haben sollte. Mit diesem leichten und leistungsstarken kabellosen Staubsauger definiert Shark die","breadcrumb":{"@id":"https:\/\/dev6.erresse-shop.it\/de\/shop\/kleine-elektrogeraete\/staubsauger\/shark-wandvac-schnurloser-staubsauger\/#breadcrumb"},"inLanguage":"de","potentialAction":[{"@type":"ReadAction","target":["https:\/\/dev6.erresse-shop.it\/de\/shop\/kleine-elektrogeraete\/staubsauger\/shark-wandvac-schnurloser-staubsauger\/"]}]},{"@type":"ImageObject","inLanguage":"de","@id":"https:\/\/dev6.erresse-shop.it\/de\/shop\/kleine-elektrogeraete\/staubsauger\/shark-wandvac-schnurloser-staubsauger\/#primaryimage","url":"https:\/\/i3.wp.com\/interpim.erresse-shop.it\/img-catalogo\/shark\/shark-aspirabriciole-senza-filo-shark-wandvac-1.0-wv200eu.png?ssl=1","contentUrl":"https:\/\/i3.wp.com\/interpim.erresse-shop.it\/img-catalogo\/shark\/shark-aspirabriciole-senza-filo-shark-wandvac-1.0-wv200eu.png?ssl=1"},{"@type":"BreadcrumbList","@id":"https:\/\/dev6.erresse-shop.it\/de\/shop\/kleine-elektrogeraete\/staubsauger\/shark-wandvac-schnurloser-staubsauger\/#breadcrumb","itemListElement":[{"@type":"ListItem","position":1,"name":"Home","item":"https:\/\/dev6.erresse-shop.it\/"},{"@type":"ListItem","position":2,"name":"Shop","item":"https:\/\/dev6.erresse-shop.it\/shop\/"},{"@type":"ListItem","position":3,"name":"SHARK Wandvac Schnurloser Staubsauger"}]},{"@type":"WebSite","@id":"https:\/\/dev6.erresse-shop.it\/#website","url":"https:\/\/dev6.erresse-shop.it\/","name":"Erresse Shop","description":"","publisher":{"@id":"https:\/\/dev6.erresse-shop.it\/#organization"},"potentialAction":[{"@type":"SearchAction","target":{"@type":"EntryPoint","urlTemplate":"https:\/\/dev6.erresse-shop.it\/?s={search_term_string}"},"query-input":{"@type":"PropertyValueSpecification","valueRequired":true,"valueName":"search_term_string"}}],"inLanguage":"de"},{"@type":"Organization","@id":"https:\/\/dev6.erresse-shop.it\/#organization","name":"Erresse Shop","url":"https:\/\/dev6.erresse-shop.it\/","logo":{"@type":"ImageObject","inLanguage":"de","@id":"https:\/\/dev6.erresse-shop.it\/#\/schema\/logo\/image\/","url":"https:\/\/dev6.erresse-shop.it\/wp-content\/uploads\/2025\/01\/LOGO-ERRESSE-CLASSICO.svg","contentUrl":"https:\/\/dev6.erresse-shop.it\/wp-content\/uploads\/2025\/01\/LOGO-ERRESSE-CLASSICO.svg","caption":"Erresse Shop"},"image":{"@id":"https:\/\/dev6.erresse-shop.it\/#\/schema\/logo\/image\/"}}]}},"df_price":"","df_sale_price":"","df_regular_price":"","df_image_link":"https:\/\/i3.wp.com\/interpim.erresse-shop.it\/img-catalogo\/shark\/shark-aspirabriciole-senza-filo-shark-wandvac-1.0-wv200eu.png?resize=300,300&ssl=1","fifu_image_url":"https:\/\/interpim.erresse-shop.it\/img-catalogo\/shark\/shark-aspirabriciole-senza-filo-shark-wandvac-1.0-wv200eu.png","_links":{"self":[{"href":"https:\/\/dev6.erresse-shop.it\/de\/wp-json\/wp\/v2\/product\/2302745","targetHints":{"allow":["GET"]}}],"collection":[{"href":"https:\/\/dev6.erresse-shop.it\/de\/wp-json\/wp\/v2\/product"}],"about":[{"href":"https:\/\/dev6.erresse-shop.it\/de\/wp-json\/wp\/v2\/types\/product"}],"wp:featuredmedia":[{"embeddable":true,"href":"https:\/\/dev6.erresse-shop.it\/de\/wp-json\/wp\/v2\/media\/6380170"}],"wp:attachment":[{"href":"https:\/\/dev6.erresse-shop.it\/de\/wp-json\/wp\/v2\/media?parent=2302745"}],"wp:term":[{"taxonomy":"product_cat","embeddable":true,"href":"https:\/\/dev6.erresse-shop.it\/de\/wp-json\/wp\/v2\/product_cat?post=2302745"},{"taxonomy":"product_tag","embeddable":true,"href":"https:\/\/dev6.erresse-shop.it\/de\/wp-json\/wp\/v2\/product_tag?post=2302745"}],"curies":[{"name":"wp","href":"https:\/\/api.w.org\/{rel}","templated":true}]}}