{"id":2302733,"date":"2026-04-12T14:17:45","date_gmt":"2026-04-12T12:17:45","guid":{"rendered":"https:\/\/dev6.erresse-shop.it\/shop\/unkategorisiert\/woll-diamond-lite-kasserolle-20-cm\/"},"modified":"2025-07-04T15:15:53","modified_gmt":"2025-07-04T13:15:53","slug":"woll-diamond-lite-kasserolle-20-cm","status":"publish","type":"product","link":"https:\/\/dev6.erresse-shop.it\/de\/shop\/toepfe-pfannen\/woll-diamond-lite-kasserolle-20-cm\/","title":{"rendered":"WOLL Diamond Lite Kasserolle 20 cm"},"content":{"rendered":"<p>Der Diamond LITE ist eine handgegossene Woll-Serie mit abnehmbarem Griff. Leicht und dennoch robust, mit einer 5-lagigen Diamantbeschichtung. Alle Produkte werden einzeln von Hand aus einer veredelten, spannungsfreien und blasenfreien Aluminiumlegierung gegossen. Die Oberfl\u00e4che ist extrem schnittfest dank der einzigartigen, zuverl\u00e4ssigen und bew\u00e4hrten Antihaftbeschichtung, die gesundes Kochen ohne Fettzugabe erm\u00f6glicht. Dank ihrer sehr hohen W\u00e4rmeleitf\u00e4higkeit ist diese Pfanne ideal f\u00fcr fettarmes Braten mit geringem Energieaufwand.<\/p>\n<p>Woll Diamond Lite Antihaftpfanne f\u00fcr Induktion aus handgeschmiedetem Aluminiumguss und verst\u00e4rktem Rand, geeignet f\u00fcr alle K\u00fcchentypen. Der ca. 6 mm dicke Thermoboden erm\u00f6glicht eine hervorragende W\u00e4rmespeicherung ohne Verformung bei hohen Temperaturen.<\/p>\n<p>Hochwertiger Aluminiumguss<br \/>\nKomfortabler und sicherer abnehmbarer Griff mit massivem und haltbarem einteiligem Guss, platzsparende Befestigung<br \/>\n5-Schicht-Diamantbeschichtung<br \/>\nHergestellt in Deutschland<br \/>\nBackofengeeigneter Korpus bis zu 250\u00b0C<br \/>\nSp\u00fclmaschinentauglich<br \/>\nIdeal f\u00fcr alle Herdarten: Gas, Induktion, Elektro, Glaskeramik, Backofen<br \/>\nSorgt f\u00fcr eine schnelle und effiziente W\u00e4rmeaufnahme und optimale, gleichm\u00e4\u00dfige W\u00e4rmeleitf\u00e4higkeit<br \/>\nSehr widerstandsf\u00e4hig gegen Abrieb und Kratzer<\/p>\n<p>Prozess der Produktschichtung:<br \/>\n1 Aluminiumdruckgussk\u00f6rper durch eine spezielle Technologie gew\u00e4hrleistet das Verfahren die Abwesenheit von Luftblasenbildung.<br \/>\n2 Sandstrahlverfahren, das die Oberfl\u00e4che um das 15-fache vergr\u00f6\u00dfert und so die beste Abdichtung f\u00fcr nachfolgende Schichten gew\u00e4hrleistet.<br \/>\n3 Die besonders harte, schnittfeste Grundschicht: Titan- oder Diamantkristalle werden mit einem Plasmastrahl bei 20.000\u00b0C auf das Aluminium aufgebracht.<br \/>\n4. Die einzigartige Schutzschicht gegen Korrosion durch s\u00e4urehaltige Lebensmittel.<br \/>\n5. Die Schicht, die f\u00fcr hervorragende Antihafteigenschaften sorgt.<br \/>\n6. Die speziell entwickelte Deckschicht ist mit Keramik-, Saphir- oder Diamantpartikeln verst\u00e4rkt, um eine optimale W\u00e4rmeleitung und Best\u00e4ndigkeit zu gew\u00e4hrleisten.<\/p>\n","protected":false},"excerpt":{"rendered":"<p>Der Diamond LITE ist eine handgegossene Woll-Serie mit abnehmbarem Griff. Leicht und dennoch robust, mit einer 5-lagigen Diamantbeschichtung. Alle Produkte werden einzeln von Hand aus einer veredelten, spannungsfreien und blasenfreien Aluminiumlegierung gegossen. Die Oberfl\u00e4che ist extrem schnittfest dank der einzigartigen, zuverl\u00e4ssigen und bew\u00e4hrten Antihaftbeschichtung, die gesundes Kochen ohne Fettzugabe erm\u00f6glicht. Dank ihrer sehr hohen W\u00e4rmeleitf\u00e4higkeit [&hellip;]<\/p>\n","protected":false},"featured_media":6380102,"template":"","meta":{"_acf_changed":false},"product_cat":[12099],"product_tag":[],"class_list":{"0":"post-2302733","1":"product","2":"type-product","3":"status-publish","4":"has-post-thumbnail","6":"product_cat-toepfe-pfannen","8":"first","9":"instock","10":"taxable","11":"shipping-taxable","12":"product-type-simple","swatches":"rey-swatches","show_selected":"","stretch_labels":"rey-swatches--stretch-labels"},"acf":[],"yoast_head":"<!-- This site is optimized with the Yoast SEO plugin v25.4 - https:\/\/yoast.com\/wordpress\/plugins\/seo\/ -->\n<title>WOLL Diamond Lite Kasserolle 20 cm - dev6 Erresse<\/title>\n<meta name=\"description\" content=\"Der Diamond LITE ist eine handgegossene Woll-Serie mit abnehmbarem Griff. Leicht und dennoch robust, mit einer 5-lagigen Diamantbeschichtung. Alle\" \/>\n<meta name=\"robots\" content=\"noindex, follow, max-snippet:-1, max-image-preview:large, max-video-preview:-1\" \/>\n<meta property=\"og:locale\" content=\"de_DE\" \/>\n<meta property=\"og:type\" content=\"article\" \/>\n<meta property=\"og:title\" content=\"WOLL Diamond Lite Kasserolle 20 cm - dev6 Erresse\" \/>\n<meta property=\"og:description\" content=\"Der Diamond LITE ist eine handgegossene Woll-Serie mit abnehmbarem Griff. Leicht und dennoch robust, mit einer 5-lagigen Diamantbeschichtung. Alle\" \/>\n<meta property=\"og:url\" content=\"https:\/\/dev6.erresse-shop.it\/de\/shop\/toepfe-pfannen\/woll-diamond-lite-kasserolle-20-cm\/\" \/>\n<meta property=\"og:site_name\" content=\"dev6 Erresse\" \/>\n<meta property=\"og:image\" content=\"https:\/\/interpim.erresse-shop.it\/img-catalogo\/woll\/woll-casseruola-20-cm.jpg\" \/><meta property=\"og:image\" content=\"https:\/\/interpim.erresse-shop.it\/img-catalogo\/woll\/woll-casseruola-20-cm.jpg\" \/>\n\t<meta property=\"og:image:width\" content=\"1024\" \/>\n\t<meta property=\"og:image:height\" content=\"1024\" \/>\n\t<meta property=\"og:image:type\" content=\"image\/jpeg\" \/>\n<meta name=\"twitter:card\" content=\"summary_large_image\" \/>\n<meta name=\"twitter:image\" content=\"https:\/\/interpim.erresse-shop.it\/img-catalogo\/woll\/woll-casseruola-20-cm.jpg\" \/>\n<script type=\"application\/ld+json\" class=\"yoast-schema-graph\">{\"@context\":\"https:\/\/schema.org\",\"@graph\":[{\"@type\":\"WebPage\",\"@id\":\"https:\/\/dev6.erresse-shop.it\/de\/shop\/toepfe-pfannen\/woll-diamond-lite-kasserolle-20-cm\/\",\"url\":\"https:\/\/dev6.erresse-shop.it\/de\/shop\/toepfe-pfannen\/woll-diamond-lite-kasserolle-20-cm\/\",\"name\":\"WOLL Diamond Lite Kasserolle 20 cm - dev6 Erresse\",\"isPartOf\":{\"@id\":\"https:\/\/dev6.erresse-shop.it\/#website\"},\"primaryImageOfPage\":{\"@id\":\"https:\/\/dev6.erresse-shop.it\/de\/shop\/toepfe-pfannen\/woll-diamond-lite-kasserolle-20-cm\/#primaryimage\"},\"image\":{\"@id\":\"https:\/\/dev6.erresse-shop.it\/de\/shop\/toepfe-pfannen\/woll-diamond-lite-kasserolle-20-cm\/#primaryimage\"},\"thumbnailUrl\":\"https:\/\/i1.wp.com\/interpim.erresse-shop.it\/img-catalogo\/woll\/woll-casseruola-20-cm.jpg?ssl=1\",\"datePublished\":\"2026-04-12T12:17:45+00:00\",\"description\":\"Der Diamond LITE ist eine handgegossene Woll-Serie mit abnehmbarem Griff. Leicht und dennoch robust, mit einer 5-lagigen Diamantbeschichtung. Alle\",\"breadcrumb\":{\"@id\":\"https:\/\/dev6.erresse-shop.it\/de\/shop\/toepfe-pfannen\/woll-diamond-lite-kasserolle-20-cm\/#breadcrumb\"},\"inLanguage\":\"de\",\"potentialAction\":[{\"@type\":\"ReadAction\",\"target\":[\"https:\/\/dev6.erresse-shop.it\/de\/shop\/toepfe-pfannen\/woll-diamond-lite-kasserolle-20-cm\/\"]}]},{\"@type\":\"ImageObject\",\"inLanguage\":\"de\",\"@id\":\"https:\/\/dev6.erresse-shop.it\/de\/shop\/toepfe-pfannen\/woll-diamond-lite-kasserolle-20-cm\/#primaryimage\",\"url\":\"https:\/\/i1.wp.com\/interpim.erresse-shop.it\/img-catalogo\/woll\/woll-casseruola-20-cm.jpg?ssl=1\",\"contentUrl\":\"https:\/\/i1.wp.com\/interpim.erresse-shop.it\/img-catalogo\/woll\/woll-casseruola-20-cm.jpg?ssl=1\"},{\"@type\":\"BreadcrumbList\",\"@id\":\"https:\/\/dev6.erresse-shop.it\/de\/shop\/toepfe-pfannen\/woll-diamond-lite-kasserolle-20-cm\/#breadcrumb\",\"itemListElement\":[{\"@type\":\"ListItem\",\"position\":1,\"name\":\"Home\",\"item\":\"https:\/\/dev6.erresse-shop.it\/\"},{\"@type\":\"ListItem\",\"position\":2,\"name\":\"Shop\",\"item\":\"https:\/\/dev6.erresse-shop.it\/shop\/\"},{\"@type\":\"ListItem\",\"position\":3,\"name\":\"WOLL Diamond Lite Kasserolle 20 cm\"}]},{\"@type\":\"WebSite\",\"@id\":\"https:\/\/dev6.erresse-shop.it\/#website\",\"url\":\"https:\/\/dev6.erresse-shop.it\/\",\"name\":\"Erresse Shop\",\"description\":\"\",\"publisher\":{\"@id\":\"https:\/\/dev6.erresse-shop.it\/#organization\"},\"potentialAction\":[{\"@type\":\"SearchAction\",\"target\":{\"@type\":\"EntryPoint\",\"urlTemplate\":\"https:\/\/dev6.erresse-shop.it\/?s={search_term_string}\"},\"query-input\":{\"@type\":\"PropertyValueSpecification\",\"valueRequired\":true,\"valueName\":\"search_term_string\"}}],\"inLanguage\":\"de\"},{\"@type\":\"Organization\",\"@id\":\"https:\/\/dev6.erresse-shop.it\/#organization\",\"name\":\"Erresse Shop\",\"url\":\"https:\/\/dev6.erresse-shop.it\/\",\"logo\":{\"@type\":\"ImageObject\",\"inLanguage\":\"de\",\"@id\":\"https:\/\/dev6.erresse-shop.it\/#\/schema\/logo\/image\/\",\"url\":\"https:\/\/dev6.erresse-shop.it\/wp-content\/uploads\/2025\/01\/LOGO-ERRESSE-CLASSICO.svg\",\"contentUrl\":\"https:\/\/dev6.erresse-shop.it\/wp-content\/uploads\/2025\/01\/LOGO-ERRESSE-CLASSICO.svg\",\"caption\":\"Erresse Shop\"},\"image\":{\"@id\":\"https:\/\/dev6.erresse-shop.it\/#\/schema\/logo\/image\/\"}}]}<\/script>\n<!-- \/ Yoast SEO plugin. -->","yoast_head_json":{"title":"WOLL Diamond Lite Kasserolle 20 cm - dev6 Erresse","description":"Der Diamond LITE ist eine handgegossene Woll-Serie mit abnehmbarem Griff. Leicht und dennoch robust, mit einer 5-lagigen Diamantbeschichtung. Alle","robots":{"index":"noindex","follow":"follow","max-snippet":"max-snippet:-1","max-image-preview":"max-image-preview:large","max-video-preview":"max-video-preview:-1"},"og_locale":"de_DE","og_type":"article","og_title":"WOLL Diamond Lite Kasserolle 20 cm - dev6 Erresse","og_description":"Der Diamond LITE ist eine handgegossene Woll-Serie mit abnehmbarem Griff. Leicht und dennoch robust, mit einer 5-lagigen Diamantbeschichtung. Alle","og_url":"https:\/\/dev6.erresse-shop.it\/de\/shop\/toepfe-pfannen\/woll-diamond-lite-kasserolle-20-cm\/","og_site_name":"dev6 Erresse","og_image":[{"url":"https:\/\/interpim.erresse-shop.it\/img-catalogo\/woll\/woll-casseruola-20-cm.jpg","type":"","width":"","height":""},{"url":"https:\/\/interpim.erresse-shop.it\/img-catalogo\/woll\/woll-casseruola-20-cm.jpg","width":1024,"height":1024,"type":"image\/jpeg"}],"twitter_card":"summary_large_image","twitter_image":"https:\/\/interpim.erresse-shop.it\/img-catalogo\/woll\/woll-casseruola-20-cm.jpg","schema":{"@context":"https:\/\/schema.org","@graph":[{"@type":"WebPage","@id":"https:\/\/dev6.erresse-shop.it\/de\/shop\/toepfe-pfannen\/woll-diamond-lite-kasserolle-20-cm\/","url":"https:\/\/dev6.erresse-shop.it\/de\/shop\/toepfe-pfannen\/woll-diamond-lite-kasserolle-20-cm\/","name":"WOLL Diamond Lite Kasserolle 20 cm - dev6 Erresse","isPartOf":{"@id":"https:\/\/dev6.erresse-shop.it\/#website"},"primaryImageOfPage":{"@id":"https:\/\/dev6.erresse-shop.it\/de\/shop\/toepfe-pfannen\/woll-diamond-lite-kasserolle-20-cm\/#primaryimage"},"image":{"@id":"https:\/\/dev6.erresse-shop.it\/de\/shop\/toepfe-pfannen\/woll-diamond-lite-kasserolle-20-cm\/#primaryimage"},"thumbnailUrl":"https:\/\/i1.wp.com\/interpim.erresse-shop.it\/img-catalogo\/woll\/woll-casseruola-20-cm.jpg?ssl=1","datePublished":"2026-04-12T12:17:45+00:00","description":"Der Diamond LITE ist eine handgegossene Woll-Serie mit abnehmbarem Griff. Leicht und dennoch robust, mit einer 5-lagigen Diamantbeschichtung. Alle","breadcrumb":{"@id":"https:\/\/dev6.erresse-shop.it\/de\/shop\/toepfe-pfannen\/woll-diamond-lite-kasserolle-20-cm\/#breadcrumb"},"inLanguage":"de","potentialAction":[{"@type":"ReadAction","target":["https:\/\/dev6.erresse-shop.it\/de\/shop\/toepfe-pfannen\/woll-diamond-lite-kasserolle-20-cm\/"]}]},{"@type":"ImageObject","inLanguage":"de","@id":"https:\/\/dev6.erresse-shop.it\/de\/shop\/toepfe-pfannen\/woll-diamond-lite-kasserolle-20-cm\/#primaryimage","url":"https:\/\/i1.wp.com\/interpim.erresse-shop.it\/img-catalogo\/woll\/woll-casseruola-20-cm.jpg?ssl=1","contentUrl":"https:\/\/i1.wp.com\/interpim.erresse-shop.it\/img-catalogo\/woll\/woll-casseruola-20-cm.jpg?ssl=1"},{"@type":"BreadcrumbList","@id":"https:\/\/dev6.erresse-shop.it\/de\/shop\/toepfe-pfannen\/woll-diamond-lite-kasserolle-20-cm\/#breadcrumb","itemListElement":[{"@type":"ListItem","position":1,"name":"Home","item":"https:\/\/dev6.erresse-shop.it\/"},{"@type":"ListItem","position":2,"name":"Shop","item":"https:\/\/dev6.erresse-shop.it\/shop\/"},{"@type":"ListItem","position":3,"name":"WOLL Diamond Lite Kasserolle 20 cm"}]},{"@type":"WebSite","@id":"https:\/\/dev6.erresse-shop.it\/#website","url":"https:\/\/dev6.erresse-shop.it\/","name":"Erresse Shop","description":"","publisher":{"@id":"https:\/\/dev6.erresse-shop.it\/#organization"},"potentialAction":[{"@type":"SearchAction","target":{"@type":"EntryPoint","urlTemplate":"https:\/\/dev6.erresse-shop.it\/?s={search_term_string}"},"query-input":{"@type":"PropertyValueSpecification","valueRequired":true,"valueName":"search_term_string"}}],"inLanguage":"de"},{"@type":"Organization","@id":"https:\/\/dev6.erresse-shop.it\/#organization","name":"Erresse Shop","url":"https:\/\/dev6.erresse-shop.it\/","logo":{"@type":"ImageObject","inLanguage":"de","@id":"https:\/\/dev6.erresse-shop.it\/#\/schema\/logo\/image\/","url":"https:\/\/dev6.erresse-shop.it\/wp-content\/uploads\/2025\/01\/LOGO-ERRESSE-CLASSICO.svg","contentUrl":"https:\/\/dev6.erresse-shop.it\/wp-content\/uploads\/2025\/01\/LOGO-ERRESSE-CLASSICO.svg","caption":"Erresse Shop"},"image":{"@id":"https:\/\/dev6.erresse-shop.it\/#\/schema\/logo\/image\/"}}]}},"df_price":"","df_sale_price":"","df_regular_price":"","df_image_link":"https:\/\/i1.wp.com\/interpim.erresse-shop.it\/img-catalogo\/woll\/woll-casseruola-20-cm.jpg?resize=300,300&ssl=1","fifu_image_url":"https:\/\/interpim.erresse-shop.it\/img-catalogo\/woll\/woll-casseruola-20-cm.jpg","_links":{"self":[{"href":"https:\/\/dev6.erresse-shop.it\/de\/wp-json\/wp\/v2\/product\/2302733","targetHints":{"allow":["GET"]}}],"collection":[{"href":"https:\/\/dev6.erresse-shop.it\/de\/wp-json\/wp\/v2\/product"}],"about":[{"href":"https:\/\/dev6.erresse-shop.it\/de\/wp-json\/wp\/v2\/types\/product"}],"wp:featuredmedia":[{"embeddable":true,"href":"https:\/\/dev6.erresse-shop.it\/de\/wp-json\/wp\/v2\/media\/6380102"}],"wp:attachment":[{"href":"https:\/\/dev6.erresse-shop.it\/de\/wp-json\/wp\/v2\/media?parent=2302733"}],"wp:term":[{"taxonomy":"product_cat","embeddable":true,"href":"https:\/\/dev6.erresse-shop.it\/de\/wp-json\/wp\/v2\/product_cat?post=2302733"},{"taxonomy":"product_tag","embeddable":true,"href":"https:\/\/dev6.erresse-shop.it\/de\/wp-json\/wp\/v2\/product_tag?post=2302733"}],"curies":[{"name":"wp","href":"https:\/\/api.w.org\/{rel}","templated":true}]}}