{"id":2302648,"date":"2026-04-12T14:12:32","date_gmt":"2026-04-12T12:12:32","guid":{"rendered":"https:\/\/dev6.erresse-shop.it\/shop\/unkategorisiert\/le-creuset-rechteckige-grillpfanne-mit-klappgriff-3620-cm-kirsche\/"},"modified":"2025-07-04T15:13:34","modified_gmt":"2025-07-04T13:13:34","slug":"le-creuset-rechteckige-grillpfanne-mit-klappgriff-3620-cm-kirsche","status":"publish","type":"product","link":"https:\/\/dev6.erresse-shop.it\/de\/shop\/kuche\/le-creuset-rechteckige-grillpfanne-mit-klappgriff-3620-cm-kirsche\/","title":{"rendered":"LE CREUSET Rechteckige Grillpfanne mit Klappgriff 36&#215;20 cm Kirsche"},"content":{"rendered":"<p>FETT AUF EIN MINIMUM. MAXIMALER GESCHMACK<\/p>\n<p>Unser verglaster Gusseisengrill sorgt f\u00fcr die ideale Luftfeuchtigkeit Ihrer Speisen und sorgt f\u00fcr saftige Aromen und duftende Aromen. Perfekt f\u00fcr gesunde und appetitliche Gerichte: \u00dcbersch\u00fcssiges Fett flie\u00dft ab und sammelt sich in den Rillen. Fleisch, Fisch und Gem\u00fcse, Sie haben die Wahl. Dieser vielseitige Mehrzweckgrill erledigt den Rest.<\/p>\n<p>Vielseitigkeit: Dieses Produkt ist f\u00fcr Backofen, Herd und Backofen im Grillmodus geeignet.<br \/>\nGro\u00dfartig schmeckende Speisen: Verglastes Gusseisen speichert die W\u00e4rme und erm\u00f6glicht so ein gleichm\u00e4\u00dfiges Garen und Anbraten. Ihre k\u00f6stlichen Kreationen bleiben auch am Tisch l\u00e4nger warm.<br \/>\nGrillrillen: Erzeugt authentische BBQ-Effektlinien f\u00fcr gro\u00dfartig aussehende Speisen.<br \/>\nNicht zu hei\u00df: Kochen Sie bei gleichm\u00e4\u00dfiger, niedriger bis mittlerer Hitze, um Ihr Steingussprodukt zu schonen und k\u00f6stliche Ergebnisse zu erzielen.<br \/>\nMit der Zeit wird es besser: Die verglaste Innenseite entwickelt eine nat\u00fcrliche Patina, die sich fast wie eine Antihaftoberfl\u00e4che verh\u00e4lt. Seine Oberfl\u00e4che verf\u00fcgt \u00fcber Eigenschaften, die das verhindern<br \/>\ndass Lebensmittel auch bei geringer \u00d6lmenge nicht anhaften. Waschen Sie das Produkt nur mit Wasser, damit sich die Patina entwickeln kann.<br \/>\nUnsere Produkte werden aus den besten Materialien in Fabriken auf der ganzen Welt hergestellt, um die Qualit\u00e4t zu gew\u00e4hrleisten, die Sie von Le Creuset erwarten.<\/p>\n<p>Material: verglastes Gusseisen<br \/>\nHergestellt in: Frankreich<br \/>\nGarantie: lebenslang<\/p>\n<p>W\u00e4rmequelle:<\/p>\n<p>Ofen<br \/>\nOfengrillmodus<br \/>\nElektroherd<br \/>\nGlaskeramik<br \/>\nGasherd<br \/>\nInduktionskochfeld<\/p>\n<p>Reinigung und Pflege:<\/p>\n<p>Warten Sie, bis das Produkt abgek\u00fchlt ist, bevor Sie mit der Reinigung beginnen.<br \/>\nReinigen Sie den Boden und die Seiten des Produkts von allen R\u00fcckst\u00e4nden. Wenn Essensreste festsitzen, f\u00fcllen Sie das Produkt mit warmem Seifenwasser und lassen Sie es 15\u201320 Minuten einweichen, bevor Sie es wie gewohnt waschen.<br \/>\nVerwenden Sie auf keiner der Oberfl\u00e4chen Scheuermittel oder metallische, scheuernde oder sehr steife Schw\u00e4mme oder B\u00fcrsten.<br \/>\nNach dem Waschen gut trocknen und an einem trockenen Ort aufbewahren.<\/p>\n","protected":false},"excerpt":{"rendered":"<p>FETT AUF EIN MINIMUM. MAXIMALER GESCHMACK Unser verglaster Gusseisengrill sorgt f\u00fcr die ideale Luftfeuchtigkeit Ihrer Speisen und sorgt f\u00fcr saftige Aromen und duftende Aromen. Perfekt f\u00fcr gesunde und appetitliche Gerichte: \u00dcbersch\u00fcssiges Fett flie\u00dft ab und sammelt sich in den Rillen. Fleisch, Fisch und Gem\u00fcse, Sie haben die Wahl. Dieser vielseitige Mehrzweckgrill erledigt den Rest. Vielseitigkeit: [&hellip;]<\/p>\n","protected":false},"featured_media":6379693,"template":"","meta":{"_acf_changed":false},"product_cat":[12100],"product_tag":[],"class_list":{"0":"post-2302648","1":"product","2":"type-product","3":"status-publish","4":"has-post-thumbnail","6":"product_cat-kuche","8":"first","9":"instock","10":"taxable","11":"shipping-taxable","12":"product-type-simple","swatches":"rey-swatches","show_selected":"","stretch_labels":"rey-swatches--stretch-labels"},"acf":[],"yoast_head":"<!-- This site is optimized with the Yoast SEO plugin v25.4 - https:\/\/yoast.com\/wordpress\/plugins\/seo\/ -->\n<title>LE CREUSET Rechteckige Grillpfanne mit Klappgriff 36&#215;20 cm Kirsche - dev6 Erresse<\/title>\n<meta name=\"description\" content=\"FETT AUF EIN MINIMUM. MAXIMALER GESCHMACK Unser verglaster Gusseisengrill sorgt f\u00fcr die ideale Luftfeuchtigkeit Ihrer Speisen und sorgt f\u00fcr saftige Aromen\" \/>\n<meta name=\"robots\" content=\"noindex, follow, max-snippet:-1, max-image-preview:large, max-video-preview:-1\" \/>\n<meta property=\"og:locale\" content=\"de_DE\" \/>\n<meta property=\"og:type\" content=\"article\" \/>\n<meta property=\"og:title\" content=\"LE CREUSET Rechteckige Grillpfanne mit Klappgriff 36&#215;20 cm Kirsche - dev6 Erresse\" \/>\n<meta property=\"og:description\" content=\"FETT AUF EIN MINIMUM. MAXIMALER GESCHMACK Unser verglaster Gusseisengrill sorgt f\u00fcr die ideale Luftfeuchtigkeit Ihrer Speisen und sorgt f\u00fcr saftige Aromen\" \/>\n<meta property=\"og:url\" content=\"https:\/\/dev6.erresse-shop.it\/de\/shop\/kuche\/le-creuset-rechteckige-grillpfanne-mit-klappgriff-3620-cm-kirsche\/\" \/>\n<meta property=\"og:site_name\" content=\"dev6 Erresse\" \/>\n<meta property=\"og:image\" content=\"https:\/\/interpim.erresse-shop.it\/Import\/Prodotti\/le-creuset-bistecchiera-rettangolare-con-manico-pieghevole-36x20-cm-ciliegia.jpg\" \/><meta property=\"og:image\" content=\"https:\/\/interpim.erresse-shop.it\/Import\/Prodotti\/le-creuset-bistecchiera-rettangolare-con-manico-pieghevole-36x20-cm-ciliegia.jpg\" \/>\n\t<meta property=\"og:image:width\" content=\"1024\" \/>\n\t<meta property=\"og:image:height\" content=\"1024\" \/>\n\t<meta property=\"og:image:type\" content=\"image\/jpeg\" \/>\n<meta name=\"twitter:card\" content=\"summary_large_image\" \/>\n<meta name=\"twitter:image\" content=\"https:\/\/interpim.erresse-shop.it\/Import\/Prodotti\/le-creuset-bistecchiera-rettangolare-con-manico-pieghevole-36x20-cm-ciliegia.jpg\" \/>\n<script type=\"application\/ld+json\" class=\"yoast-schema-graph\">{\"@context\":\"https:\/\/schema.org\",\"@graph\":[{\"@type\":\"WebPage\",\"@id\":\"https:\/\/dev6.erresse-shop.it\/de\/shop\/kuche\/le-creuset-rechteckige-grillpfanne-mit-klappgriff-3620-cm-kirsche\/\",\"url\":\"https:\/\/dev6.erresse-shop.it\/de\/shop\/kuche\/le-creuset-rechteckige-grillpfanne-mit-klappgriff-3620-cm-kirsche\/\",\"name\":\"LE CREUSET Rechteckige Grillpfanne mit Klappgriff 36&#215;20 cm Kirsche - dev6 Erresse\",\"isPartOf\":{\"@id\":\"https:\/\/dev6.erresse-shop.it\/#website\"},\"primaryImageOfPage\":{\"@id\":\"https:\/\/dev6.erresse-shop.it\/de\/shop\/kuche\/le-creuset-rechteckige-grillpfanne-mit-klappgriff-3620-cm-kirsche\/#primaryimage\"},\"image\":{\"@id\":\"https:\/\/dev6.erresse-shop.it\/de\/shop\/kuche\/le-creuset-rechteckige-grillpfanne-mit-klappgriff-3620-cm-kirsche\/#primaryimage\"},\"thumbnailUrl\":\"https:\/\/i1.wp.com\/interpim.erresse-shop.it\/Import\/Prodotti\/le-creuset-bistecchiera-rettangolare-con-manico-pieghevole-36x20-cm-ciliegia.jpg?ssl=1\",\"datePublished\":\"2026-04-12T12:12:32+00:00\",\"description\":\"FETT AUF EIN MINIMUM. MAXIMALER GESCHMACK Unser verglaster Gusseisengrill sorgt f\u00fcr die ideale Luftfeuchtigkeit Ihrer Speisen und sorgt f\u00fcr saftige Aromen\",\"breadcrumb\":{\"@id\":\"https:\/\/dev6.erresse-shop.it\/de\/shop\/kuche\/le-creuset-rechteckige-grillpfanne-mit-klappgriff-3620-cm-kirsche\/#breadcrumb\"},\"inLanguage\":\"de\",\"potentialAction\":[{\"@type\":\"ReadAction\",\"target\":[\"https:\/\/dev6.erresse-shop.it\/de\/shop\/kuche\/le-creuset-rechteckige-grillpfanne-mit-klappgriff-3620-cm-kirsche\/\"]}]},{\"@type\":\"ImageObject\",\"inLanguage\":\"de\",\"@id\":\"https:\/\/dev6.erresse-shop.it\/de\/shop\/kuche\/le-creuset-rechteckige-grillpfanne-mit-klappgriff-3620-cm-kirsche\/#primaryimage\",\"url\":\"https:\/\/i1.wp.com\/interpim.erresse-shop.it\/Import\/Prodotti\/le-creuset-bistecchiera-rettangolare-con-manico-pieghevole-36x20-cm-ciliegia.jpg?ssl=1\",\"contentUrl\":\"https:\/\/i1.wp.com\/interpim.erresse-shop.it\/Import\/Prodotti\/le-creuset-bistecchiera-rettangolare-con-manico-pieghevole-36x20-cm-ciliegia.jpg?ssl=1\"},{\"@type\":\"BreadcrumbList\",\"@id\":\"https:\/\/dev6.erresse-shop.it\/de\/shop\/kuche\/le-creuset-rechteckige-grillpfanne-mit-klappgriff-3620-cm-kirsche\/#breadcrumb\",\"itemListElement\":[{\"@type\":\"ListItem\",\"position\":1,\"name\":\"Home\",\"item\":\"https:\/\/dev6.erresse-shop.it\/\"},{\"@type\":\"ListItem\",\"position\":2,\"name\":\"Shop\",\"item\":\"https:\/\/dev6.erresse-shop.it\/shop\/\"},{\"@type\":\"ListItem\",\"position\":3,\"name\":\"LE CREUSET Rechteckige Grillpfanne mit Klappgriff 36&#215;20 cm Kirsche\"}]},{\"@type\":\"WebSite\",\"@id\":\"https:\/\/dev6.erresse-shop.it\/#website\",\"url\":\"https:\/\/dev6.erresse-shop.it\/\",\"name\":\"Erresse Shop\",\"description\":\"\",\"publisher\":{\"@id\":\"https:\/\/dev6.erresse-shop.it\/#organization\"},\"potentialAction\":[{\"@type\":\"SearchAction\",\"target\":{\"@type\":\"EntryPoint\",\"urlTemplate\":\"https:\/\/dev6.erresse-shop.it\/?s={search_term_string}\"},\"query-input\":{\"@type\":\"PropertyValueSpecification\",\"valueRequired\":true,\"valueName\":\"search_term_string\"}}],\"inLanguage\":\"de\"},{\"@type\":\"Organization\",\"@id\":\"https:\/\/dev6.erresse-shop.it\/#organization\",\"name\":\"Erresse Shop\",\"url\":\"https:\/\/dev6.erresse-shop.it\/\",\"logo\":{\"@type\":\"ImageObject\",\"inLanguage\":\"de\",\"@id\":\"https:\/\/dev6.erresse-shop.it\/#\/schema\/logo\/image\/\",\"url\":\"https:\/\/dev6.erresse-shop.it\/wp-content\/uploads\/2025\/01\/LOGO-ERRESSE-CLASSICO.svg\",\"contentUrl\":\"https:\/\/dev6.erresse-shop.it\/wp-content\/uploads\/2025\/01\/LOGO-ERRESSE-CLASSICO.svg\",\"caption\":\"Erresse Shop\"},\"image\":{\"@id\":\"https:\/\/dev6.erresse-shop.it\/#\/schema\/logo\/image\/\"}}]}<\/script>\n<!-- \/ Yoast SEO plugin. -->","yoast_head_json":{"title":"LE CREUSET Rechteckige Grillpfanne mit Klappgriff 36&#215;20 cm Kirsche - dev6 Erresse","description":"FETT AUF EIN MINIMUM. MAXIMALER GESCHMACK Unser verglaster Gusseisengrill sorgt f\u00fcr die ideale Luftfeuchtigkeit Ihrer Speisen und sorgt f\u00fcr saftige Aromen","robots":{"index":"noindex","follow":"follow","max-snippet":"max-snippet:-1","max-image-preview":"max-image-preview:large","max-video-preview":"max-video-preview:-1"},"og_locale":"de_DE","og_type":"article","og_title":"LE CREUSET Rechteckige Grillpfanne mit Klappgriff 36&#215;20 cm Kirsche - dev6 Erresse","og_description":"FETT AUF EIN MINIMUM. MAXIMALER GESCHMACK Unser verglaster Gusseisengrill sorgt f\u00fcr die ideale Luftfeuchtigkeit Ihrer Speisen und sorgt f\u00fcr saftige Aromen","og_url":"https:\/\/dev6.erresse-shop.it\/de\/shop\/kuche\/le-creuset-rechteckige-grillpfanne-mit-klappgriff-3620-cm-kirsche\/","og_site_name":"dev6 Erresse","og_image":[{"url":"https:\/\/interpim.erresse-shop.it\/Import\/Prodotti\/le-creuset-bistecchiera-rettangolare-con-manico-pieghevole-36x20-cm-ciliegia.jpg","type":"","width":"","height":""},{"url":"https:\/\/interpim.erresse-shop.it\/Import\/Prodotti\/le-creuset-bistecchiera-rettangolare-con-manico-pieghevole-36x20-cm-ciliegia.jpg","width":1024,"height":1024,"type":"image\/jpeg"}],"twitter_card":"summary_large_image","twitter_image":"https:\/\/interpim.erresse-shop.it\/Import\/Prodotti\/le-creuset-bistecchiera-rettangolare-con-manico-pieghevole-36x20-cm-ciliegia.jpg","schema":{"@context":"https:\/\/schema.org","@graph":[{"@type":"WebPage","@id":"https:\/\/dev6.erresse-shop.it\/de\/shop\/kuche\/le-creuset-rechteckige-grillpfanne-mit-klappgriff-3620-cm-kirsche\/","url":"https:\/\/dev6.erresse-shop.it\/de\/shop\/kuche\/le-creuset-rechteckige-grillpfanne-mit-klappgriff-3620-cm-kirsche\/","name":"LE CREUSET Rechteckige Grillpfanne mit Klappgriff 36&#215;20 cm Kirsche - dev6 Erresse","isPartOf":{"@id":"https:\/\/dev6.erresse-shop.it\/#website"},"primaryImageOfPage":{"@id":"https:\/\/dev6.erresse-shop.it\/de\/shop\/kuche\/le-creuset-rechteckige-grillpfanne-mit-klappgriff-3620-cm-kirsche\/#primaryimage"},"image":{"@id":"https:\/\/dev6.erresse-shop.it\/de\/shop\/kuche\/le-creuset-rechteckige-grillpfanne-mit-klappgriff-3620-cm-kirsche\/#primaryimage"},"thumbnailUrl":"https:\/\/i1.wp.com\/interpim.erresse-shop.it\/Import\/Prodotti\/le-creuset-bistecchiera-rettangolare-con-manico-pieghevole-36x20-cm-ciliegia.jpg?ssl=1","datePublished":"2026-04-12T12:12:32+00:00","description":"FETT AUF EIN MINIMUM. MAXIMALER GESCHMACK Unser verglaster Gusseisengrill sorgt f\u00fcr die ideale Luftfeuchtigkeit Ihrer Speisen und sorgt f\u00fcr saftige Aromen","breadcrumb":{"@id":"https:\/\/dev6.erresse-shop.it\/de\/shop\/kuche\/le-creuset-rechteckige-grillpfanne-mit-klappgriff-3620-cm-kirsche\/#breadcrumb"},"inLanguage":"de","potentialAction":[{"@type":"ReadAction","target":["https:\/\/dev6.erresse-shop.it\/de\/shop\/kuche\/le-creuset-rechteckige-grillpfanne-mit-klappgriff-3620-cm-kirsche\/"]}]},{"@type":"ImageObject","inLanguage":"de","@id":"https:\/\/dev6.erresse-shop.it\/de\/shop\/kuche\/le-creuset-rechteckige-grillpfanne-mit-klappgriff-3620-cm-kirsche\/#primaryimage","url":"https:\/\/i1.wp.com\/interpim.erresse-shop.it\/Import\/Prodotti\/le-creuset-bistecchiera-rettangolare-con-manico-pieghevole-36x20-cm-ciliegia.jpg?ssl=1","contentUrl":"https:\/\/i1.wp.com\/interpim.erresse-shop.it\/Import\/Prodotti\/le-creuset-bistecchiera-rettangolare-con-manico-pieghevole-36x20-cm-ciliegia.jpg?ssl=1"},{"@type":"BreadcrumbList","@id":"https:\/\/dev6.erresse-shop.it\/de\/shop\/kuche\/le-creuset-rechteckige-grillpfanne-mit-klappgriff-3620-cm-kirsche\/#breadcrumb","itemListElement":[{"@type":"ListItem","position":1,"name":"Home","item":"https:\/\/dev6.erresse-shop.it\/"},{"@type":"ListItem","position":2,"name":"Shop","item":"https:\/\/dev6.erresse-shop.it\/shop\/"},{"@type":"ListItem","position":3,"name":"LE CREUSET Rechteckige Grillpfanne mit Klappgriff 36&#215;20 cm Kirsche"}]},{"@type":"WebSite","@id":"https:\/\/dev6.erresse-shop.it\/#website","url":"https:\/\/dev6.erresse-shop.it\/","name":"Erresse Shop","description":"","publisher":{"@id":"https:\/\/dev6.erresse-shop.it\/#organization"},"potentialAction":[{"@type":"SearchAction","target":{"@type":"EntryPoint","urlTemplate":"https:\/\/dev6.erresse-shop.it\/?s={search_term_string}"},"query-input":{"@type":"PropertyValueSpecification","valueRequired":true,"valueName":"search_term_string"}}],"inLanguage":"de"},{"@type":"Organization","@id":"https:\/\/dev6.erresse-shop.it\/#organization","name":"Erresse Shop","url":"https:\/\/dev6.erresse-shop.it\/","logo":{"@type":"ImageObject","inLanguage":"de","@id":"https:\/\/dev6.erresse-shop.it\/#\/schema\/logo\/image\/","url":"https:\/\/dev6.erresse-shop.it\/wp-content\/uploads\/2025\/01\/LOGO-ERRESSE-CLASSICO.svg","contentUrl":"https:\/\/dev6.erresse-shop.it\/wp-content\/uploads\/2025\/01\/LOGO-ERRESSE-CLASSICO.svg","caption":"Erresse Shop"},"image":{"@id":"https:\/\/dev6.erresse-shop.it\/#\/schema\/logo\/image\/"}}]}},"df_price":"","df_sale_price":"","df_regular_price":"","df_image_link":"https:\/\/i1.wp.com\/interpim.erresse-shop.it\/Import\/Prodotti\/le-creuset-bistecchiera-rettangolare-con-manico-pieghevole-36x20-cm-ciliegia.jpg?resize=300,300&ssl=1","fifu_image_url":"https:\/\/interpim.erresse-shop.it\/Import\/Prodotti\/le-creuset-bistecchiera-rettangolare-con-manico-pieghevole-36x20-cm-ciliegia.jpg","_links":{"self":[{"href":"https:\/\/dev6.erresse-shop.it\/de\/wp-json\/wp\/v2\/product\/2302648","targetHints":{"allow":["GET"]}}],"collection":[{"href":"https:\/\/dev6.erresse-shop.it\/de\/wp-json\/wp\/v2\/product"}],"about":[{"href":"https:\/\/dev6.erresse-shop.it\/de\/wp-json\/wp\/v2\/types\/product"}],"wp:featuredmedia":[{"embeddable":true,"href":"https:\/\/dev6.erresse-shop.it\/de\/wp-json\/wp\/v2\/media\/6379693"}],"wp:attachment":[{"href":"https:\/\/dev6.erresse-shop.it\/de\/wp-json\/wp\/v2\/media?parent=2302648"}],"wp:term":[{"taxonomy":"product_cat","embeddable":true,"href":"https:\/\/dev6.erresse-shop.it\/de\/wp-json\/wp\/v2\/product_cat?post=2302648"},{"taxonomy":"product_tag","embeddable":true,"href":"https:\/\/dev6.erresse-shop.it\/de\/wp-json\/wp\/v2\/product_tag?post=2302648"}],"curies":[{"name":"wp","href":"https:\/\/api.w.org\/{rel}","templated":true}]}}