{"id":1601350,"date":"2026-04-12T14:09:56","date_gmt":"2026-04-12T12:09:56","guid":{"rendered":"https:\/\/dev6.erresse-shop.it\/shop\/unkategorisiert\/toms-drag-kommode-drag-cabinet-xxl\/"},"modified":"2026-01-09T02:04:22","modified_gmt":"2026-01-09T01:04:22","slug":"toms-drag-kommode-drag-cabinet-xxl","status":"publish","type":"product","link":"https:\/\/dev6.erresse-shop.it\/de\/shop\/einrichtung-haus\/moebel\/toms-drag-kommode-drag-cabinet-xxl\/","title":{"rendered":"TOM&#8217;S DRAG Kommode Drag Cabinet XXL"},"content":{"rendered":"<p>Material:MDF<\/p>\n<p>Kommode Drag Cabinet XXL<br \/>\nEine weitere Variante der erfolgreichen Kommode, hier im Hochformat und mit sieben ger\u00e4umigen Schubladen. Im franz\u00f6sischsprachigen Raum erfreut sich dieser Kommodentyp gro\u00dfer Beliebtheit und wird \u201eSemainier\u201c (von \u201esemaine\u201c &#61; Woche) genannt. Ideal zur Aufbewahrung von W\u00e4sche, aber auch vielen anderen Dingen. Wer einem \u201eDrag\u201c-M\u00f6belst\u00fcck einen kr\u00e4ftigen Farbtupfer verleiht, setzt damit ganz selbstverst\u00e4ndlich ein selbstbewusstes Style-Statement. Die \u201eDrag\u201c-M\u00f6bel werden aus MDF-Holzfaserplatten handgefertigt und jedes Modell wird sorgf\u00e4ltig bis ins kleinste Detail bemalt.<\/p>\n<p>Ma\u00dfe: 55 x 44, H 140 cm<\/p>\n","protected":false},"excerpt":{"rendered":"<p>Material:MDF Kommode Drag Cabinet XXL Eine weitere Variante der erfolgreichen Kommode, hier im Hochformat und mit sieben ger\u00e4umigen Schubladen. Im franz\u00f6sischsprachigen Raum erfreut sich dieser Kommodentyp gro\u00dfer Beliebtheit und wird \u201eSemainier\u201c (von \u201esemaine\u201c &#61; Woche) genannt. Ideal zur Aufbewahrung von W\u00e4sche, aber auch vielen anderen Dingen. Wer einem \u201eDrag\u201c-M\u00f6belst\u00fcck einen kr\u00e4ftigen Farbtupfer verleiht, setzt damit [&hellip;]<\/p>\n","protected":false},"featured_media":6379581,"template":"","meta":{"_acf_changed":false},"product_cat":[12098,12142],"product_tag":[],"class_list":{"0":"post-1601350","1":"product","2":"type-product","3":"status-publish","4":"has-post-thumbnail","6":"product_cat-einrichtung-haus","7":"product_cat-moebel","9":"first","10":"instock","11":"sale","12":"taxable","13":"shipping-taxable","14":"purchasable","15":"product-type-simple","swatches":"rey-swatches","show_selected":"","stretch_labels":"rey-swatches--stretch-labels"},"acf":[],"yoast_head":"<!-- This site is optimized with the Yoast SEO plugin v25.4 - https:\/\/yoast.com\/wordpress\/plugins\/seo\/ -->\n<title>TOM&#8217;S DRAG Kommode Drag Cabinet XXL - dev6 Erresse<\/title>\n<meta name=\"description\" content=\"Material:MDF Kommode Drag Cabinet XXL Eine weitere Variante der erfolgreichen Kommode, hier im Hochformat und mit sieben ger\u00e4umigen Schubladen. Im\" \/>\n<meta name=\"robots\" content=\"noindex, follow, max-snippet:-1, max-image-preview:large, max-video-preview:-1\" \/>\n<meta property=\"og:locale\" content=\"de_DE\" \/>\n<meta property=\"og:type\" content=\"article\" \/>\n<meta property=\"og:title\" content=\"TOM&#8217;S DRAG Kommode Drag Cabinet XXL - dev6 Erresse\" \/>\n<meta property=\"og:description\" content=\"Material:MDF Kommode Drag Cabinet XXL Eine weitere Variante der erfolgreichen Kommode, hier im Hochformat und mit sieben ger\u00e4umigen Schubladen. Im\" \/>\n<meta property=\"og:url\" content=\"https:\/\/dev6.erresse-shop.it\/de\/shop\/einrichtung-haus\/moebel\/toms-drag-kommode-drag-cabinet-xxl\/\" \/>\n<meta property=\"og:site_name\" content=\"dev6 Erresse\" \/>\n<meta property=\"og:image\" content=\"https:\/\/interpim.erresse-shop.it\/Import\/Prodotti\/toms-drag-cassettiera-drag-cabinet-xxl.jpg\" \/><meta property=\"og:image\" content=\"https:\/\/interpim.erresse-shop.it\/Import\/Prodotti\/toms-drag-cassettiera-drag-cabinet-xxl.jpg\" \/>\n\t<meta property=\"og:image:width\" content=\"1024\" \/>\n\t<meta property=\"og:image:height\" content=\"1024\" \/>\n\t<meta property=\"og:image:type\" content=\"image\/jpeg\" \/>\n<meta name=\"twitter:card\" content=\"summary_large_image\" \/>\n<meta name=\"twitter:image\" content=\"https:\/\/interpim.erresse-shop.it\/Import\/Prodotti\/toms-drag-cassettiera-drag-cabinet-xxl.jpg\" \/>\n<script type=\"application\/ld+json\" class=\"yoast-schema-graph\">{\"@context\":\"https:\/\/schema.org\",\"@graph\":[{\"@type\":\"WebPage\",\"@id\":\"https:\/\/dev6.erresse-shop.it\/de\/shop\/einrichtung-haus\/moebel\/toms-drag-kommode-drag-cabinet-xxl\/\",\"url\":\"https:\/\/dev6.erresse-shop.it\/de\/shop\/einrichtung-haus\/moebel\/toms-drag-kommode-drag-cabinet-xxl\/\",\"name\":\"TOM&#8217;S DRAG Kommode Drag Cabinet XXL - dev6 Erresse\",\"isPartOf\":{\"@id\":\"https:\/\/dev6.erresse-shop.it\/#website\"},\"primaryImageOfPage\":{\"@id\":\"https:\/\/dev6.erresse-shop.it\/de\/shop\/einrichtung-haus\/moebel\/toms-drag-kommode-drag-cabinet-xxl\/#primaryimage\"},\"image\":{\"@id\":\"https:\/\/dev6.erresse-shop.it\/de\/shop\/einrichtung-haus\/moebel\/toms-drag-kommode-drag-cabinet-xxl\/#primaryimage\"},\"thumbnailUrl\":\"https:\/\/i3.wp.com\/interpim.erresse-shop.it\/Import\/Prodotti\/toms-drag-cassettiera-drag-cabinet-xxl.jpg?ssl=1\",\"datePublished\":\"2026-04-12T12:09:56+00:00\",\"description\":\"Material:MDF Kommode Drag Cabinet XXL Eine weitere Variante der erfolgreichen Kommode, hier im Hochformat und mit sieben ger\u00e4umigen Schubladen. Im\",\"breadcrumb\":{\"@id\":\"https:\/\/dev6.erresse-shop.it\/de\/shop\/einrichtung-haus\/moebel\/toms-drag-kommode-drag-cabinet-xxl\/#breadcrumb\"},\"inLanguage\":\"de\",\"potentialAction\":[{\"@type\":\"ReadAction\",\"target\":[\"https:\/\/dev6.erresse-shop.it\/de\/shop\/einrichtung-haus\/moebel\/toms-drag-kommode-drag-cabinet-xxl\/\"]}]},{\"@type\":\"ImageObject\",\"inLanguage\":\"de\",\"@id\":\"https:\/\/dev6.erresse-shop.it\/de\/shop\/einrichtung-haus\/moebel\/toms-drag-kommode-drag-cabinet-xxl\/#primaryimage\",\"url\":\"https:\/\/i3.wp.com\/interpim.erresse-shop.it\/Import\/Prodotti\/toms-drag-cassettiera-drag-cabinet-xxl.jpg?ssl=1\",\"contentUrl\":\"https:\/\/i3.wp.com\/interpim.erresse-shop.it\/Import\/Prodotti\/toms-drag-cassettiera-drag-cabinet-xxl.jpg?ssl=1\"},{\"@type\":\"BreadcrumbList\",\"@id\":\"https:\/\/dev6.erresse-shop.it\/de\/shop\/einrichtung-haus\/moebel\/toms-drag-kommode-drag-cabinet-xxl\/#breadcrumb\",\"itemListElement\":[{\"@type\":\"ListItem\",\"position\":1,\"name\":\"Home\",\"item\":\"https:\/\/dev6.erresse-shop.it\/\"},{\"@type\":\"ListItem\",\"position\":2,\"name\":\"Shop\",\"item\":\"https:\/\/dev6.erresse-shop.it\/shop\/\"},{\"@type\":\"ListItem\",\"position\":3,\"name\":\"TOM&#8217;S DRAG Kommode Drag Cabinet XXL\"}]},{\"@type\":\"WebSite\",\"@id\":\"https:\/\/dev6.erresse-shop.it\/#website\",\"url\":\"https:\/\/dev6.erresse-shop.it\/\",\"name\":\"Erresse Shop\",\"description\":\"\",\"publisher\":{\"@id\":\"https:\/\/dev6.erresse-shop.it\/#organization\"},\"potentialAction\":[{\"@type\":\"SearchAction\",\"target\":{\"@type\":\"EntryPoint\",\"urlTemplate\":\"https:\/\/dev6.erresse-shop.it\/?s={search_term_string}\"},\"query-input\":{\"@type\":\"PropertyValueSpecification\",\"valueRequired\":true,\"valueName\":\"search_term_string\"}}],\"inLanguage\":\"de\"},{\"@type\":\"Organization\",\"@id\":\"https:\/\/dev6.erresse-shop.it\/#organization\",\"name\":\"Erresse Shop\",\"url\":\"https:\/\/dev6.erresse-shop.it\/\",\"logo\":{\"@type\":\"ImageObject\",\"inLanguage\":\"de\",\"@id\":\"https:\/\/dev6.erresse-shop.it\/#\/schema\/logo\/image\/\",\"url\":\"https:\/\/dev6.erresse-shop.it\/wp-content\/uploads\/2025\/01\/LOGO-ERRESSE-CLASSICO.svg\",\"contentUrl\":\"https:\/\/dev6.erresse-shop.it\/wp-content\/uploads\/2025\/01\/LOGO-ERRESSE-CLASSICO.svg\",\"caption\":\"Erresse Shop\"},\"image\":{\"@id\":\"https:\/\/dev6.erresse-shop.it\/#\/schema\/logo\/image\/\"}}]}<\/script>\n<!-- \/ Yoast SEO plugin. -->","yoast_head_json":{"title":"TOM&#8217;S DRAG Kommode Drag Cabinet XXL - dev6 Erresse","description":"Material:MDF Kommode Drag Cabinet XXL Eine weitere Variante der erfolgreichen Kommode, hier im Hochformat und mit sieben ger\u00e4umigen Schubladen. Im","robots":{"index":"noindex","follow":"follow","max-snippet":"max-snippet:-1","max-image-preview":"max-image-preview:large","max-video-preview":"max-video-preview:-1"},"og_locale":"de_DE","og_type":"article","og_title":"TOM&#8217;S DRAG Kommode Drag Cabinet XXL - dev6 Erresse","og_description":"Material:MDF Kommode Drag Cabinet XXL Eine weitere Variante der erfolgreichen Kommode, hier im Hochformat und mit sieben ger\u00e4umigen Schubladen. Im","og_url":"https:\/\/dev6.erresse-shop.it\/de\/shop\/einrichtung-haus\/moebel\/toms-drag-kommode-drag-cabinet-xxl\/","og_site_name":"dev6 Erresse","og_image":[{"url":"https:\/\/interpim.erresse-shop.it\/Import\/Prodotti\/toms-drag-cassettiera-drag-cabinet-xxl.jpg","type":"","width":"","height":""},{"url":"https:\/\/interpim.erresse-shop.it\/Import\/Prodotti\/toms-drag-cassettiera-drag-cabinet-xxl.jpg","width":1024,"height":1024,"type":"image\/jpeg"}],"twitter_card":"summary_large_image","twitter_image":"https:\/\/interpim.erresse-shop.it\/Import\/Prodotti\/toms-drag-cassettiera-drag-cabinet-xxl.jpg","schema":{"@context":"https:\/\/schema.org","@graph":[{"@type":"WebPage","@id":"https:\/\/dev6.erresse-shop.it\/de\/shop\/einrichtung-haus\/moebel\/toms-drag-kommode-drag-cabinet-xxl\/","url":"https:\/\/dev6.erresse-shop.it\/de\/shop\/einrichtung-haus\/moebel\/toms-drag-kommode-drag-cabinet-xxl\/","name":"TOM&#8217;S DRAG Kommode Drag Cabinet XXL - dev6 Erresse","isPartOf":{"@id":"https:\/\/dev6.erresse-shop.it\/#website"},"primaryImageOfPage":{"@id":"https:\/\/dev6.erresse-shop.it\/de\/shop\/einrichtung-haus\/moebel\/toms-drag-kommode-drag-cabinet-xxl\/#primaryimage"},"image":{"@id":"https:\/\/dev6.erresse-shop.it\/de\/shop\/einrichtung-haus\/moebel\/toms-drag-kommode-drag-cabinet-xxl\/#primaryimage"},"thumbnailUrl":"https:\/\/i3.wp.com\/interpim.erresse-shop.it\/Import\/Prodotti\/toms-drag-cassettiera-drag-cabinet-xxl.jpg?ssl=1","datePublished":"2026-04-12T12:09:56+00:00","description":"Material:MDF Kommode Drag Cabinet XXL Eine weitere Variante der erfolgreichen Kommode, hier im Hochformat und mit sieben ger\u00e4umigen Schubladen. Im","breadcrumb":{"@id":"https:\/\/dev6.erresse-shop.it\/de\/shop\/einrichtung-haus\/moebel\/toms-drag-kommode-drag-cabinet-xxl\/#breadcrumb"},"inLanguage":"de","potentialAction":[{"@type":"ReadAction","target":["https:\/\/dev6.erresse-shop.it\/de\/shop\/einrichtung-haus\/moebel\/toms-drag-kommode-drag-cabinet-xxl\/"]}]},{"@type":"ImageObject","inLanguage":"de","@id":"https:\/\/dev6.erresse-shop.it\/de\/shop\/einrichtung-haus\/moebel\/toms-drag-kommode-drag-cabinet-xxl\/#primaryimage","url":"https:\/\/i3.wp.com\/interpim.erresse-shop.it\/Import\/Prodotti\/toms-drag-cassettiera-drag-cabinet-xxl.jpg?ssl=1","contentUrl":"https:\/\/i3.wp.com\/interpim.erresse-shop.it\/Import\/Prodotti\/toms-drag-cassettiera-drag-cabinet-xxl.jpg?ssl=1"},{"@type":"BreadcrumbList","@id":"https:\/\/dev6.erresse-shop.it\/de\/shop\/einrichtung-haus\/moebel\/toms-drag-kommode-drag-cabinet-xxl\/#breadcrumb","itemListElement":[{"@type":"ListItem","position":1,"name":"Home","item":"https:\/\/dev6.erresse-shop.it\/"},{"@type":"ListItem","position":2,"name":"Shop","item":"https:\/\/dev6.erresse-shop.it\/shop\/"},{"@type":"ListItem","position":3,"name":"TOM&#8217;S DRAG Kommode Drag Cabinet XXL"}]},{"@type":"WebSite","@id":"https:\/\/dev6.erresse-shop.it\/#website","url":"https:\/\/dev6.erresse-shop.it\/","name":"Erresse Shop","description":"","publisher":{"@id":"https:\/\/dev6.erresse-shop.it\/#organization"},"potentialAction":[{"@type":"SearchAction","target":{"@type":"EntryPoint","urlTemplate":"https:\/\/dev6.erresse-shop.it\/?s={search_term_string}"},"query-input":{"@type":"PropertyValueSpecification","valueRequired":true,"valueName":"search_term_string"}}],"inLanguage":"de"},{"@type":"Organization","@id":"https:\/\/dev6.erresse-shop.it\/#organization","name":"Erresse Shop","url":"https:\/\/dev6.erresse-shop.it\/","logo":{"@type":"ImageObject","inLanguage":"de","@id":"https:\/\/dev6.erresse-shop.it\/#\/schema\/logo\/image\/","url":"https:\/\/dev6.erresse-shop.it\/wp-content\/uploads\/2025\/01\/LOGO-ERRESSE-CLASSICO.svg","contentUrl":"https:\/\/dev6.erresse-shop.it\/wp-content\/uploads\/2025\/01\/LOGO-ERRESSE-CLASSICO.svg","caption":"Erresse Shop"},"image":{"@id":"https:\/\/dev6.erresse-shop.it\/#\/schema\/logo\/image\/"}}]}},"df_price":2999,"df_sale_price":2999,"df_regular_price":3590,"df_image_link":"https:\/\/i3.wp.com\/interpim.erresse-shop.it\/Import\/Prodotti\/toms-drag-cassettiera-drag-cabinet-xxl.jpg?resize=300,300&ssl=1","fifu_image_url":"https:\/\/interpim.erresse-shop.it\/Import\/Prodotti\/toms-drag-cassettiera-drag-cabinet-xxl.jpg","_links":{"self":[{"href":"https:\/\/dev6.erresse-shop.it\/de\/wp-json\/wp\/v2\/product\/1601350","targetHints":{"allow":["GET"]}}],"collection":[{"href":"https:\/\/dev6.erresse-shop.it\/de\/wp-json\/wp\/v2\/product"}],"about":[{"href":"https:\/\/dev6.erresse-shop.it\/de\/wp-json\/wp\/v2\/types\/product"}],"wp:featuredmedia":[{"embeddable":true,"href":"https:\/\/dev6.erresse-shop.it\/de\/wp-json\/wp\/v2\/media\/6379581"}],"wp:attachment":[{"href":"https:\/\/dev6.erresse-shop.it\/de\/wp-json\/wp\/v2\/media?parent=1601350"}],"wp:term":[{"taxonomy":"product_cat","embeddable":true,"href":"https:\/\/dev6.erresse-shop.it\/de\/wp-json\/wp\/v2\/product_cat?post=1601350"},{"taxonomy":"product_tag","embeddable":true,"href":"https:\/\/dev6.erresse-shop.it\/de\/wp-json\/wp\/v2\/product_tag?post=1601350"}],"curies":[{"name":"wp","href":"https:\/\/api.w.org\/{rel}","templated":true}]}}