{"id":1601344,"date":"2026-04-12T14:07:14","date_gmt":"2026-04-12T12:07:14","guid":{"rendered":"https:\/\/dev6.erresse-shop.it\/shop\/unkategorisiert\/toms-drag-konsole-m-nature-collection\/"},"modified":"2025-09-14T03:24:40","modified_gmt":"2025-09-14T01:24:40","slug":"toms-drag-konsole-m-nature-collection","status":"publish","type":"product","link":"https:\/\/dev6.erresse-shop.it\/de\/shop\/einrichtung-haus\/moebel\/toms-drag-konsole-m-nature-collection\/","title":{"rendered":"TOM&#8217;S DRAG Konsole M Nature Collection"},"content":{"rendered":"<p>Material: Holz \/ Metall (Tischbeine einfach durch Verschrauben montierbar)<\/p>\n<p>\u00a0Konsole M Nature Collection<br \/>\nKonsolen aus edlem Akazienholz. Durch die nat\u00fcrliche Struktur der Tischplatte werden sie zu einzigartigen M\u00f6belst\u00fccken. Die Kanten bleiben erhalten, w\u00e4hrend der Baum w\u00e4chst. Dies tr\u00e4gt zum individuellen Charakter dieser au\u00dfergew\u00f6hnlichen Serie bei. Jede Baumkantenkonsole ist somit ein Unikat. Ein ideales M\u00f6belst\u00fcck f\u00fcr schmale Flure etc.<\/p>\n<p>Ma\u00dfe: 23 x 80, H 75 cm<\/p>\n","protected":false},"excerpt":{"rendered":"<p>Material: Holz \/ Metall (Tischbeine einfach durch Verschrauben montierbar) \u00a0Konsole M Nature Collection Konsolen aus edlem Akazienholz. Durch die nat\u00fcrliche Struktur der Tischplatte werden sie zu einzigartigen M\u00f6belst\u00fccken. Die Kanten bleiben erhalten, w\u00e4hrend der Baum w\u00e4chst. Dies tr\u00e4gt zum individuellen Charakter dieser au\u00dfergew\u00f6hnlichen Serie bei. Jede Baumkantenkonsole ist somit ein Unikat. Ein ideales M\u00f6belst\u00fcck f\u00fcr [&hellip;]<\/p>\n","protected":false},"featured_media":6379570,"template":"","meta":{"_acf_changed":false},"product_cat":[12098,12142],"product_tag":[],"class_list":{"0":"post-1601344","1":"product","2":"type-product","3":"status-publish","4":"has-post-thumbnail","6":"product_cat-einrichtung-haus","7":"product_cat-moebel","9":"first","10":"instock","11":"taxable","12":"shipping-taxable","13":"purchasable","14":"product-type-simple","swatches":"rey-swatches","show_selected":"","stretch_labels":"rey-swatches--stretch-labels"},"acf":[],"yoast_head":"<!-- This site is optimized with the Yoast SEO plugin v25.4 - https:\/\/yoast.com\/wordpress\/plugins\/seo\/ -->\n<title>TOM&#8217;S DRAG Konsole M Nature Collection - dev6 Erresse<\/title>\n<meta name=\"description\" content=\"Material: Holz \/ Metall (Tischbeine einfach durch Verschrauben montierbar) \u00a0Konsole M Nature Collection Konsolen aus edlem Akazienholz. Durch die\" \/>\n<meta name=\"robots\" content=\"noindex, follow, max-snippet:-1, max-image-preview:large, max-video-preview:-1\" \/>\n<meta property=\"og:locale\" content=\"de_DE\" \/>\n<meta property=\"og:type\" content=\"article\" \/>\n<meta property=\"og:title\" content=\"TOM&#8217;S DRAG Konsole M Nature Collection - dev6 Erresse\" \/>\n<meta property=\"og:description\" content=\"Material: Holz \/ Metall (Tischbeine einfach durch Verschrauben montierbar) \u00a0Konsole M Nature Collection Konsolen aus edlem Akazienholz. Durch die\" \/>\n<meta property=\"og:url\" content=\"https:\/\/dev6.erresse-shop.it\/de\/shop\/einrichtung-haus\/moebel\/toms-drag-konsole-m-nature-collection\/\" \/>\n<meta property=\"og:site_name\" content=\"dev6 Erresse\" \/>\n<meta property=\"og:image\" content=\"https:\/\/interpim.erresse-shop.it\/Import\/Prodotti\/toms-drag-consolle-m-nature-collection.jpg\" \/><meta property=\"og:image\" content=\"https:\/\/interpim.erresse-shop.it\/Import\/Prodotti\/toms-drag-consolle-m-nature-collection.jpg\" \/>\n\t<meta property=\"og:image:width\" content=\"1024\" \/>\n\t<meta property=\"og:image:height\" content=\"1024\" \/>\n\t<meta property=\"og:image:type\" content=\"image\/jpeg\" \/>\n<meta name=\"twitter:card\" content=\"summary_large_image\" \/>\n<meta name=\"twitter:image\" content=\"https:\/\/interpim.erresse-shop.it\/Import\/Prodotti\/toms-drag-consolle-m-nature-collection.jpg\" \/>\n<script type=\"application\/ld+json\" class=\"yoast-schema-graph\">{\"@context\":\"https:\/\/schema.org\",\"@graph\":[{\"@type\":\"WebPage\",\"@id\":\"https:\/\/dev6.erresse-shop.it\/de\/shop\/einrichtung-haus\/moebel\/toms-drag-konsole-m-nature-collection\/\",\"url\":\"https:\/\/dev6.erresse-shop.it\/de\/shop\/einrichtung-haus\/moebel\/toms-drag-konsole-m-nature-collection\/\",\"name\":\"TOM&#8217;S DRAG Konsole M Nature Collection - dev6 Erresse\",\"isPartOf\":{\"@id\":\"https:\/\/dev6.erresse-shop.it\/#website\"},\"primaryImageOfPage\":{\"@id\":\"https:\/\/dev6.erresse-shop.it\/de\/shop\/einrichtung-haus\/moebel\/toms-drag-konsole-m-nature-collection\/#primaryimage\"},\"image\":{\"@id\":\"https:\/\/dev6.erresse-shop.it\/de\/shop\/einrichtung-haus\/moebel\/toms-drag-konsole-m-nature-collection\/#primaryimage\"},\"thumbnailUrl\":\"https:\/\/i1.wp.com\/interpim.erresse-shop.it\/Import\/Prodotti\/toms-drag-consolle-m-nature-collection.jpg?ssl=1\",\"datePublished\":\"2026-04-12T12:07:14+00:00\",\"description\":\"Material: Holz \/ Metall (Tischbeine einfach durch Verschrauben montierbar) \u00a0Konsole M Nature Collection Konsolen aus edlem Akazienholz. Durch die\",\"breadcrumb\":{\"@id\":\"https:\/\/dev6.erresse-shop.it\/de\/shop\/einrichtung-haus\/moebel\/toms-drag-konsole-m-nature-collection\/#breadcrumb\"},\"inLanguage\":\"de\",\"potentialAction\":[{\"@type\":\"ReadAction\",\"target\":[\"https:\/\/dev6.erresse-shop.it\/de\/shop\/einrichtung-haus\/moebel\/toms-drag-konsole-m-nature-collection\/\"]}]},{\"@type\":\"ImageObject\",\"inLanguage\":\"de\",\"@id\":\"https:\/\/dev6.erresse-shop.it\/de\/shop\/einrichtung-haus\/moebel\/toms-drag-konsole-m-nature-collection\/#primaryimage\",\"url\":\"https:\/\/i1.wp.com\/interpim.erresse-shop.it\/Import\/Prodotti\/toms-drag-consolle-m-nature-collection.jpg?ssl=1\",\"contentUrl\":\"https:\/\/i1.wp.com\/interpim.erresse-shop.it\/Import\/Prodotti\/toms-drag-consolle-m-nature-collection.jpg?ssl=1\"},{\"@type\":\"BreadcrumbList\",\"@id\":\"https:\/\/dev6.erresse-shop.it\/de\/shop\/einrichtung-haus\/moebel\/toms-drag-konsole-m-nature-collection\/#breadcrumb\",\"itemListElement\":[{\"@type\":\"ListItem\",\"position\":1,\"name\":\"Home\",\"item\":\"https:\/\/dev6.erresse-shop.it\/\"},{\"@type\":\"ListItem\",\"position\":2,\"name\":\"Shop\",\"item\":\"https:\/\/dev6.erresse-shop.it\/shop\/\"},{\"@type\":\"ListItem\",\"position\":3,\"name\":\"TOM&#8217;S DRAG Konsole M Nature Collection\"}]},{\"@type\":\"WebSite\",\"@id\":\"https:\/\/dev6.erresse-shop.it\/#website\",\"url\":\"https:\/\/dev6.erresse-shop.it\/\",\"name\":\"Erresse Shop\",\"description\":\"\",\"publisher\":{\"@id\":\"https:\/\/dev6.erresse-shop.it\/#organization\"},\"potentialAction\":[{\"@type\":\"SearchAction\",\"target\":{\"@type\":\"EntryPoint\",\"urlTemplate\":\"https:\/\/dev6.erresse-shop.it\/?s={search_term_string}\"},\"query-input\":{\"@type\":\"PropertyValueSpecification\",\"valueRequired\":true,\"valueName\":\"search_term_string\"}}],\"inLanguage\":\"de\"},{\"@type\":\"Organization\",\"@id\":\"https:\/\/dev6.erresse-shop.it\/#organization\",\"name\":\"Erresse Shop\",\"url\":\"https:\/\/dev6.erresse-shop.it\/\",\"logo\":{\"@type\":\"ImageObject\",\"inLanguage\":\"de\",\"@id\":\"https:\/\/dev6.erresse-shop.it\/#\/schema\/logo\/image\/\",\"url\":\"https:\/\/dev6.erresse-shop.it\/wp-content\/uploads\/2025\/01\/LOGO-ERRESSE-CLASSICO.svg\",\"contentUrl\":\"https:\/\/dev6.erresse-shop.it\/wp-content\/uploads\/2025\/01\/LOGO-ERRESSE-CLASSICO.svg\",\"caption\":\"Erresse Shop\"},\"image\":{\"@id\":\"https:\/\/dev6.erresse-shop.it\/#\/schema\/logo\/image\/\"}}]}<\/script>\n<!-- \/ Yoast SEO plugin. -->","yoast_head_json":{"title":"TOM&#8217;S DRAG Konsole M Nature Collection - dev6 Erresse","description":"Material: Holz \/ Metall (Tischbeine einfach durch Verschrauben montierbar) \u00a0Konsole M Nature Collection Konsolen aus edlem Akazienholz. Durch die","robots":{"index":"noindex","follow":"follow","max-snippet":"max-snippet:-1","max-image-preview":"max-image-preview:large","max-video-preview":"max-video-preview:-1"},"og_locale":"de_DE","og_type":"article","og_title":"TOM&#8217;S DRAG Konsole M Nature Collection - dev6 Erresse","og_description":"Material: Holz \/ Metall (Tischbeine einfach durch Verschrauben montierbar) \u00a0Konsole M Nature Collection Konsolen aus edlem Akazienholz. Durch die","og_url":"https:\/\/dev6.erresse-shop.it\/de\/shop\/einrichtung-haus\/moebel\/toms-drag-konsole-m-nature-collection\/","og_site_name":"dev6 Erresse","og_image":[{"url":"https:\/\/interpim.erresse-shop.it\/Import\/Prodotti\/toms-drag-consolle-m-nature-collection.jpg","type":"","width":"","height":""},{"url":"https:\/\/interpim.erresse-shop.it\/Import\/Prodotti\/toms-drag-consolle-m-nature-collection.jpg","width":1024,"height":1024,"type":"image\/jpeg"}],"twitter_card":"summary_large_image","twitter_image":"https:\/\/interpim.erresse-shop.it\/Import\/Prodotti\/toms-drag-consolle-m-nature-collection.jpg","schema":{"@context":"https:\/\/schema.org","@graph":[{"@type":"WebPage","@id":"https:\/\/dev6.erresse-shop.it\/de\/shop\/einrichtung-haus\/moebel\/toms-drag-konsole-m-nature-collection\/","url":"https:\/\/dev6.erresse-shop.it\/de\/shop\/einrichtung-haus\/moebel\/toms-drag-konsole-m-nature-collection\/","name":"TOM&#8217;S DRAG Konsole M Nature Collection - dev6 Erresse","isPartOf":{"@id":"https:\/\/dev6.erresse-shop.it\/#website"},"primaryImageOfPage":{"@id":"https:\/\/dev6.erresse-shop.it\/de\/shop\/einrichtung-haus\/moebel\/toms-drag-konsole-m-nature-collection\/#primaryimage"},"image":{"@id":"https:\/\/dev6.erresse-shop.it\/de\/shop\/einrichtung-haus\/moebel\/toms-drag-konsole-m-nature-collection\/#primaryimage"},"thumbnailUrl":"https:\/\/i1.wp.com\/interpim.erresse-shop.it\/Import\/Prodotti\/toms-drag-consolle-m-nature-collection.jpg?ssl=1","datePublished":"2026-04-12T12:07:14+00:00","description":"Material: Holz \/ Metall (Tischbeine einfach durch Verschrauben montierbar) \u00a0Konsole M Nature Collection Konsolen aus edlem Akazienholz. Durch die","breadcrumb":{"@id":"https:\/\/dev6.erresse-shop.it\/de\/shop\/einrichtung-haus\/moebel\/toms-drag-konsole-m-nature-collection\/#breadcrumb"},"inLanguage":"de","potentialAction":[{"@type":"ReadAction","target":["https:\/\/dev6.erresse-shop.it\/de\/shop\/einrichtung-haus\/moebel\/toms-drag-konsole-m-nature-collection\/"]}]},{"@type":"ImageObject","inLanguage":"de","@id":"https:\/\/dev6.erresse-shop.it\/de\/shop\/einrichtung-haus\/moebel\/toms-drag-konsole-m-nature-collection\/#primaryimage","url":"https:\/\/i1.wp.com\/interpim.erresse-shop.it\/Import\/Prodotti\/toms-drag-consolle-m-nature-collection.jpg?ssl=1","contentUrl":"https:\/\/i1.wp.com\/interpim.erresse-shop.it\/Import\/Prodotti\/toms-drag-consolle-m-nature-collection.jpg?ssl=1"},{"@type":"BreadcrumbList","@id":"https:\/\/dev6.erresse-shop.it\/de\/shop\/einrichtung-haus\/moebel\/toms-drag-konsole-m-nature-collection\/#breadcrumb","itemListElement":[{"@type":"ListItem","position":1,"name":"Home","item":"https:\/\/dev6.erresse-shop.it\/"},{"@type":"ListItem","position":2,"name":"Shop","item":"https:\/\/dev6.erresse-shop.it\/shop\/"},{"@type":"ListItem","position":3,"name":"TOM&#8217;S DRAG Konsole M Nature Collection"}]},{"@type":"WebSite","@id":"https:\/\/dev6.erresse-shop.it\/#website","url":"https:\/\/dev6.erresse-shop.it\/","name":"Erresse Shop","description":"","publisher":{"@id":"https:\/\/dev6.erresse-shop.it\/#organization"},"potentialAction":[{"@type":"SearchAction","target":{"@type":"EntryPoint","urlTemplate":"https:\/\/dev6.erresse-shop.it\/?s={search_term_string}"},"query-input":{"@type":"PropertyValueSpecification","valueRequired":true,"valueName":"search_term_string"}}],"inLanguage":"de"},{"@type":"Organization","@id":"https:\/\/dev6.erresse-shop.it\/#organization","name":"Erresse Shop","url":"https:\/\/dev6.erresse-shop.it\/","logo":{"@type":"ImageObject","inLanguage":"de","@id":"https:\/\/dev6.erresse-shop.it\/#\/schema\/logo\/image\/","url":"https:\/\/dev6.erresse-shop.it\/wp-content\/uploads\/2025\/01\/LOGO-ERRESSE-CLASSICO.svg","contentUrl":"https:\/\/dev6.erresse-shop.it\/wp-content\/uploads\/2025\/01\/LOGO-ERRESSE-CLASSICO.svg","caption":"Erresse Shop"},"image":{"@id":"https:\/\/dev6.erresse-shop.it\/#\/schema\/logo\/image\/"}}]}},"df_price":398,"df_sale_price":"","df_regular_price":398,"df_image_link":"https:\/\/i1.wp.com\/interpim.erresse-shop.it\/Import\/Prodotti\/toms-drag-consolle-m-nature-collection.jpg?resize=300,300&ssl=1","fifu_image_url":"https:\/\/interpim.erresse-shop.it\/Import\/Prodotti\/toms-drag-consolle-m-nature-collection.jpg","_links":{"self":[{"href":"https:\/\/dev6.erresse-shop.it\/de\/wp-json\/wp\/v2\/product\/1601344","targetHints":{"allow":["GET"]}}],"collection":[{"href":"https:\/\/dev6.erresse-shop.it\/de\/wp-json\/wp\/v2\/product"}],"about":[{"href":"https:\/\/dev6.erresse-shop.it\/de\/wp-json\/wp\/v2\/types\/product"}],"wp:featuredmedia":[{"embeddable":true,"href":"https:\/\/dev6.erresse-shop.it\/de\/wp-json\/wp\/v2\/media\/6379570"}],"wp:attachment":[{"href":"https:\/\/dev6.erresse-shop.it\/de\/wp-json\/wp\/v2\/media?parent=1601344"}],"wp:term":[{"taxonomy":"product_cat","embeddable":true,"href":"https:\/\/dev6.erresse-shop.it\/de\/wp-json\/wp\/v2\/product_cat?post=1601344"},{"taxonomy":"product_tag","embeddable":true,"href":"https:\/\/dev6.erresse-shop.it\/de\/wp-json\/wp\/v2\/product_tag?post=1601344"}],"curies":[{"name":"wp","href":"https:\/\/api.w.org\/{rel}","templated":true}]}}