{"id":1601278,"date":"2026-04-04T14:02:01","date_gmt":"2026-04-04T12:02:01","guid":{"rendered":"https:\/\/dev6.erresse-shop.it\/shop\/unkategorisiert\/maison-sucree-korin-schmutzabweisende-tischdecke-weiss-155-x-180\/"},"modified":"2025-07-04T15:10:21","modified_gmt":"2025-07-04T13:10:21","slug":"maison-sucree-korin-schmutzabweisende-tischdecke-weiss-155-x-180","status":"publish","type":"product","link":"https:\/\/dev6.erresse-shop.it\/de\/shop\/einrichtung-haus\/textile-de\/maison-sucree-korin-schmutzabweisende-tischdecke-weiss-155-x-180\/","title":{"rendered":"MAISON SUCREE Korin Schmutzabweisende Tischdecke Wei\u00df 155 x 180"},"content":{"rendered":"<p>Schmutzabweisende Tischdecke in einer schlichten Farbe mit einfachem, aber wirkungsvollem Design. Der schmutzabweisende Stoff f\u00fchlt sich wie ein normaler Stoff an, hat aber die Eigenschaft, keine Fl\u00fcssigkeiten zur\u00fcckzuhalten, sodass das Produkt immer perfekt aussieht.<\/p>\n<p>Um die schmutzabweisenden Eigenschaften des Stoffes langfristig zu erhalten, empfehlen wir, das Produkt bei Bedarf bei 30\u00b0 in der Waschmaschine zu waschen und es auf links bei niedriger Temperatur zu b\u00fcgeln. Durch B\u00fcgeln der R\u00fcckseite bei niedriger Temperatur reaktiviert man die schmutzabweisenden Eigenschaften.<\/p>\n<p class=\"h6 color-primary margin-bottom-05\">Produktmerkmale:<\/p>\n<p>Material: 100 % schmutzabweisendes Polyester<br \/>\nMa\u00dfe: 155 x 180 cm<\/p>\n<p>Die eingef\u00fcgten Bilder dienen nur zu\u00a0Veranschaulichungszwecken. Das Endprodukt kann abweichen.<\/p>\n","protected":false},"excerpt":{"rendered":"<p>Schmutzabweisende Tischdecke in einer schlichten Farbe mit einfachem, aber wirkungsvollem Design. Der schmutzabweisende Stoff f\u00fchlt sich wie ein normaler Stoff an, hat aber die Eigenschaft, keine Fl\u00fcssigkeiten zur\u00fcckzuhalten, sodass das Produkt immer perfekt aussieht. Um die schmutzabweisenden Eigenschaften des Stoffes langfristig zu erhalten, empfehlen wir, das Produkt bei Bedarf bei 30\u00b0 in der Waschmaschine zu [&hellip;]<\/p>\n","protected":false},"featured_media":6296014,"template":"","meta":{"_acf_changed":false},"product_cat":[12098,12162],"product_tag":[],"class_list":{"0":"post-1601278","1":"product","2":"type-product","3":"status-publish","4":"has-post-thumbnail","6":"product_cat-einrichtung-haus","7":"product_cat-textile-de","9":"first","10":"instock","11":"taxable","12":"shipping-taxable","13":"product-type-simple","swatches":"rey-swatches","show_selected":"","stretch_labels":"rey-swatches--stretch-labels"},"acf":[],"yoast_head":"<!-- This site is optimized with the Yoast SEO plugin v25.4 - https:\/\/yoast.com\/wordpress\/plugins\/seo\/ -->\n<title>MAISON SUCREE Korin Schmutzabweisende Tischdecke Wei\u00df 155 x 180 - dev6 Erresse<\/title>\n<meta name=\"description\" content=\"Schmutzabweisende Tischdecke in einer schlichten Farbe mit einfachem, aber wirkungsvollem Design. Der schmutzabweisende Stoff f\u00fchlt sich wie ein normaler\" \/>\n<meta name=\"robots\" content=\"noindex, follow, max-snippet:-1, max-image-preview:large, max-video-preview:-1\" \/>\n<meta property=\"og:locale\" content=\"de_DE\" \/>\n<meta property=\"og:type\" content=\"article\" \/>\n<meta property=\"og:title\" content=\"MAISON SUCREE Korin Schmutzabweisende Tischdecke Wei\u00df 155 x 180 - dev6 Erresse\" \/>\n<meta property=\"og:description\" content=\"Schmutzabweisende Tischdecke in einer schlichten Farbe mit einfachem, aber wirkungsvollem Design. Der schmutzabweisende Stoff f\u00fchlt sich wie ein normaler\" \/>\n<meta property=\"og:url\" content=\"https:\/\/dev6.erresse-shop.it\/de\/shop\/einrichtung-haus\/textile-de\/maison-sucree-korin-schmutzabweisende-tischdecke-weiss-155-x-180\/\" \/>\n<meta property=\"og:site_name\" content=\"dev6 Erresse\" \/>\n<meta property=\"og:image\" content=\"https:\/\/interpim.erresse-shop.it\/Import\/Prodotti\/maison-sucree-korin-tovaglia-antimacchia-bianco-155-x-180-cm.jpg\" \/><meta property=\"og:image\" content=\"https:\/\/interpim.erresse-shop.it\/Import\/Prodotti\/maison-sucree-korin-tovaglia-antimacchia-bianco-155-x-180-cm.jpg\" \/>\n\t<meta property=\"og:image:width\" content=\"1024\" \/>\n\t<meta property=\"og:image:height\" content=\"1024\" \/>\n\t<meta property=\"og:image:type\" content=\"image\/jpeg\" \/>\n<meta name=\"twitter:card\" content=\"summary_large_image\" \/>\n<meta name=\"twitter:image\" content=\"https:\/\/interpim.erresse-shop.it\/Import\/Prodotti\/maison-sucree-korin-tovaglia-antimacchia-bianco-155-x-180-cm.jpg\" \/>\n<script type=\"application\/ld+json\" class=\"yoast-schema-graph\">{\"@context\":\"https:\/\/schema.org\",\"@graph\":[{\"@type\":\"WebPage\",\"@id\":\"https:\/\/dev6.erresse-shop.it\/de\/shop\/einrichtung-haus\/textile-de\/maison-sucree-korin-schmutzabweisende-tischdecke-weiss-155-x-180\/\",\"url\":\"https:\/\/dev6.erresse-shop.it\/de\/shop\/einrichtung-haus\/textile-de\/maison-sucree-korin-schmutzabweisende-tischdecke-weiss-155-x-180\/\",\"name\":\"MAISON SUCREE Korin Schmutzabweisende Tischdecke Wei\u00df 155 x 180 - dev6 Erresse\",\"isPartOf\":{\"@id\":\"https:\/\/dev6.erresse-shop.it\/#website\"},\"primaryImageOfPage\":{\"@id\":\"https:\/\/dev6.erresse-shop.it\/de\/shop\/einrichtung-haus\/textile-de\/maison-sucree-korin-schmutzabweisende-tischdecke-weiss-155-x-180\/#primaryimage\"},\"image\":{\"@id\":\"https:\/\/dev6.erresse-shop.it\/de\/shop\/einrichtung-haus\/textile-de\/maison-sucree-korin-schmutzabweisende-tischdecke-weiss-155-x-180\/#primaryimage\"},\"thumbnailUrl\":\"https:\/\/i3.wp.com\/interpim.erresse-shop.it\/Import\/Prodotti\/maison-sucree-korin-tovaglia-antimacchia-bianco-155-x-180-cm.jpg?ssl=1\",\"datePublished\":\"2026-04-04T12:02:01+00:00\",\"description\":\"Schmutzabweisende Tischdecke in einer schlichten Farbe mit einfachem, aber wirkungsvollem Design. Der schmutzabweisende Stoff f\u00fchlt sich wie ein normaler\",\"breadcrumb\":{\"@id\":\"https:\/\/dev6.erresse-shop.it\/de\/shop\/einrichtung-haus\/textile-de\/maison-sucree-korin-schmutzabweisende-tischdecke-weiss-155-x-180\/#breadcrumb\"},\"inLanguage\":\"de\",\"potentialAction\":[{\"@type\":\"ReadAction\",\"target\":[\"https:\/\/dev6.erresse-shop.it\/de\/shop\/einrichtung-haus\/textile-de\/maison-sucree-korin-schmutzabweisende-tischdecke-weiss-155-x-180\/\"]}]},{\"@type\":\"ImageObject\",\"inLanguage\":\"de\",\"@id\":\"https:\/\/dev6.erresse-shop.it\/de\/shop\/einrichtung-haus\/textile-de\/maison-sucree-korin-schmutzabweisende-tischdecke-weiss-155-x-180\/#primaryimage\",\"url\":\"https:\/\/i3.wp.com\/interpim.erresse-shop.it\/Import\/Prodotti\/maison-sucree-korin-tovaglia-antimacchia-bianco-155-x-180-cm.jpg?ssl=1\",\"contentUrl\":\"https:\/\/i3.wp.com\/interpim.erresse-shop.it\/Import\/Prodotti\/maison-sucree-korin-tovaglia-antimacchia-bianco-155-x-180-cm.jpg?ssl=1\"},{\"@type\":\"BreadcrumbList\",\"@id\":\"https:\/\/dev6.erresse-shop.it\/de\/shop\/einrichtung-haus\/textile-de\/maison-sucree-korin-schmutzabweisende-tischdecke-weiss-155-x-180\/#breadcrumb\",\"itemListElement\":[{\"@type\":\"ListItem\",\"position\":1,\"name\":\"Home\",\"item\":\"https:\/\/dev6.erresse-shop.it\/\"},{\"@type\":\"ListItem\",\"position\":2,\"name\":\"Shop\",\"item\":\"https:\/\/dev6.erresse-shop.it\/shop\/\"},{\"@type\":\"ListItem\",\"position\":3,\"name\":\"MAISON SUCREE Korin Schmutzabweisende Tischdecke Wei\u00df 155 x 180\"}]},{\"@type\":\"WebSite\",\"@id\":\"https:\/\/dev6.erresse-shop.it\/#website\",\"url\":\"https:\/\/dev6.erresse-shop.it\/\",\"name\":\"Erresse Shop\",\"description\":\"\",\"publisher\":{\"@id\":\"https:\/\/dev6.erresse-shop.it\/#organization\"},\"potentialAction\":[{\"@type\":\"SearchAction\",\"target\":{\"@type\":\"EntryPoint\",\"urlTemplate\":\"https:\/\/dev6.erresse-shop.it\/?s={search_term_string}\"},\"query-input\":{\"@type\":\"PropertyValueSpecification\",\"valueRequired\":true,\"valueName\":\"search_term_string\"}}],\"inLanguage\":\"de\"},{\"@type\":\"Organization\",\"@id\":\"https:\/\/dev6.erresse-shop.it\/#organization\",\"name\":\"Erresse Shop\",\"url\":\"https:\/\/dev6.erresse-shop.it\/\",\"logo\":{\"@type\":\"ImageObject\",\"inLanguage\":\"de\",\"@id\":\"https:\/\/dev6.erresse-shop.it\/#\/schema\/logo\/image\/\",\"url\":\"https:\/\/dev6.erresse-shop.it\/wp-content\/uploads\/2025\/01\/LOGO-ERRESSE-CLASSICO.svg\",\"contentUrl\":\"https:\/\/dev6.erresse-shop.it\/wp-content\/uploads\/2025\/01\/LOGO-ERRESSE-CLASSICO.svg\",\"caption\":\"Erresse Shop\"},\"image\":{\"@id\":\"https:\/\/dev6.erresse-shop.it\/#\/schema\/logo\/image\/\"}}]}<\/script>\n<!-- \/ Yoast SEO plugin. -->","yoast_head_json":{"title":"MAISON SUCREE Korin Schmutzabweisende Tischdecke Wei\u00df 155 x 180 - dev6 Erresse","description":"Schmutzabweisende Tischdecke in einer schlichten Farbe mit einfachem, aber wirkungsvollem Design. Der schmutzabweisende Stoff f\u00fchlt sich wie ein normaler","robots":{"index":"noindex","follow":"follow","max-snippet":"max-snippet:-1","max-image-preview":"max-image-preview:large","max-video-preview":"max-video-preview:-1"},"og_locale":"de_DE","og_type":"article","og_title":"MAISON SUCREE Korin Schmutzabweisende Tischdecke Wei\u00df 155 x 180 - dev6 Erresse","og_description":"Schmutzabweisende Tischdecke in einer schlichten Farbe mit einfachem, aber wirkungsvollem Design. Der schmutzabweisende Stoff f\u00fchlt sich wie ein normaler","og_url":"https:\/\/dev6.erresse-shop.it\/de\/shop\/einrichtung-haus\/textile-de\/maison-sucree-korin-schmutzabweisende-tischdecke-weiss-155-x-180\/","og_site_name":"dev6 Erresse","og_image":[{"url":"https:\/\/interpim.erresse-shop.it\/Import\/Prodotti\/maison-sucree-korin-tovaglia-antimacchia-bianco-155-x-180-cm.jpg","type":"","width":"","height":""},{"url":"https:\/\/interpim.erresse-shop.it\/Import\/Prodotti\/maison-sucree-korin-tovaglia-antimacchia-bianco-155-x-180-cm.jpg","width":1024,"height":1024,"type":"image\/jpeg"}],"twitter_card":"summary_large_image","twitter_image":"https:\/\/interpim.erresse-shop.it\/Import\/Prodotti\/maison-sucree-korin-tovaglia-antimacchia-bianco-155-x-180-cm.jpg","schema":{"@context":"https:\/\/schema.org","@graph":[{"@type":"WebPage","@id":"https:\/\/dev6.erresse-shop.it\/de\/shop\/einrichtung-haus\/textile-de\/maison-sucree-korin-schmutzabweisende-tischdecke-weiss-155-x-180\/","url":"https:\/\/dev6.erresse-shop.it\/de\/shop\/einrichtung-haus\/textile-de\/maison-sucree-korin-schmutzabweisende-tischdecke-weiss-155-x-180\/","name":"MAISON SUCREE Korin Schmutzabweisende Tischdecke Wei\u00df 155 x 180 - dev6 Erresse","isPartOf":{"@id":"https:\/\/dev6.erresse-shop.it\/#website"},"primaryImageOfPage":{"@id":"https:\/\/dev6.erresse-shop.it\/de\/shop\/einrichtung-haus\/textile-de\/maison-sucree-korin-schmutzabweisende-tischdecke-weiss-155-x-180\/#primaryimage"},"image":{"@id":"https:\/\/dev6.erresse-shop.it\/de\/shop\/einrichtung-haus\/textile-de\/maison-sucree-korin-schmutzabweisende-tischdecke-weiss-155-x-180\/#primaryimage"},"thumbnailUrl":"https:\/\/i3.wp.com\/interpim.erresse-shop.it\/Import\/Prodotti\/maison-sucree-korin-tovaglia-antimacchia-bianco-155-x-180-cm.jpg?ssl=1","datePublished":"2026-04-04T12:02:01+00:00","description":"Schmutzabweisende Tischdecke in einer schlichten Farbe mit einfachem, aber wirkungsvollem Design. Der schmutzabweisende Stoff f\u00fchlt sich wie ein normaler","breadcrumb":{"@id":"https:\/\/dev6.erresse-shop.it\/de\/shop\/einrichtung-haus\/textile-de\/maison-sucree-korin-schmutzabweisende-tischdecke-weiss-155-x-180\/#breadcrumb"},"inLanguage":"de","potentialAction":[{"@type":"ReadAction","target":["https:\/\/dev6.erresse-shop.it\/de\/shop\/einrichtung-haus\/textile-de\/maison-sucree-korin-schmutzabweisende-tischdecke-weiss-155-x-180\/"]}]},{"@type":"ImageObject","inLanguage":"de","@id":"https:\/\/dev6.erresse-shop.it\/de\/shop\/einrichtung-haus\/textile-de\/maison-sucree-korin-schmutzabweisende-tischdecke-weiss-155-x-180\/#primaryimage","url":"https:\/\/i3.wp.com\/interpim.erresse-shop.it\/Import\/Prodotti\/maison-sucree-korin-tovaglia-antimacchia-bianco-155-x-180-cm.jpg?ssl=1","contentUrl":"https:\/\/i3.wp.com\/interpim.erresse-shop.it\/Import\/Prodotti\/maison-sucree-korin-tovaglia-antimacchia-bianco-155-x-180-cm.jpg?ssl=1"},{"@type":"BreadcrumbList","@id":"https:\/\/dev6.erresse-shop.it\/de\/shop\/einrichtung-haus\/textile-de\/maison-sucree-korin-schmutzabweisende-tischdecke-weiss-155-x-180\/#breadcrumb","itemListElement":[{"@type":"ListItem","position":1,"name":"Home","item":"https:\/\/dev6.erresse-shop.it\/"},{"@type":"ListItem","position":2,"name":"Shop","item":"https:\/\/dev6.erresse-shop.it\/shop\/"},{"@type":"ListItem","position":3,"name":"MAISON SUCREE Korin Schmutzabweisende Tischdecke Wei\u00df 155 x 180"}]},{"@type":"WebSite","@id":"https:\/\/dev6.erresse-shop.it\/#website","url":"https:\/\/dev6.erresse-shop.it\/","name":"Erresse Shop","description":"","publisher":{"@id":"https:\/\/dev6.erresse-shop.it\/#organization"},"potentialAction":[{"@type":"SearchAction","target":{"@type":"EntryPoint","urlTemplate":"https:\/\/dev6.erresse-shop.it\/?s={search_term_string}"},"query-input":{"@type":"PropertyValueSpecification","valueRequired":true,"valueName":"search_term_string"}}],"inLanguage":"de"},{"@type":"Organization","@id":"https:\/\/dev6.erresse-shop.it\/#organization","name":"Erresse Shop","url":"https:\/\/dev6.erresse-shop.it\/","logo":{"@type":"ImageObject","inLanguage":"de","@id":"https:\/\/dev6.erresse-shop.it\/#\/schema\/logo\/image\/","url":"https:\/\/dev6.erresse-shop.it\/wp-content\/uploads\/2025\/01\/LOGO-ERRESSE-CLASSICO.svg","contentUrl":"https:\/\/dev6.erresse-shop.it\/wp-content\/uploads\/2025\/01\/LOGO-ERRESSE-CLASSICO.svg","caption":"Erresse Shop"},"image":{"@id":"https:\/\/dev6.erresse-shop.it\/#\/schema\/logo\/image\/"}}]}},"df_price":"","df_sale_price":"","df_regular_price":"","df_image_link":"https:\/\/i3.wp.com\/interpim.erresse-shop.it\/Import\/Prodotti\/maison-sucree-korin-tovaglia-antimacchia-bianco-155-x-180-cm.jpg?resize=300,300&ssl=1","fifu_image_url":"https:\/\/interpim.erresse-shop.it\/Import\/Prodotti\/maison-sucree-korin-tovaglia-antimacchia-bianco-155-x-180-cm.jpg","_links":{"self":[{"href":"https:\/\/dev6.erresse-shop.it\/de\/wp-json\/wp\/v2\/product\/1601278","targetHints":{"allow":["GET"]}}],"collection":[{"href":"https:\/\/dev6.erresse-shop.it\/de\/wp-json\/wp\/v2\/product"}],"about":[{"href":"https:\/\/dev6.erresse-shop.it\/de\/wp-json\/wp\/v2\/types\/product"}],"wp:featuredmedia":[{"embeddable":true,"href":"https:\/\/dev6.erresse-shop.it\/de\/wp-json\/wp\/v2\/media\/6296014"}],"wp:attachment":[{"href":"https:\/\/dev6.erresse-shop.it\/de\/wp-json\/wp\/v2\/media?parent=1601278"}],"wp:term":[{"taxonomy":"product_cat","embeddable":true,"href":"https:\/\/dev6.erresse-shop.it\/de\/wp-json\/wp\/v2\/product_cat?post=1601278"},{"taxonomy":"product_tag","embeddable":true,"href":"https:\/\/dev6.erresse-shop.it\/de\/wp-json\/wp\/v2\/product_tag?post=1601278"}],"curies":[{"name":"wp","href":"https:\/\/api.w.org\/{rel}","templated":true}]}}