{"id":1601230,"date":"2026-04-12T14:01:38","date_gmt":"2026-04-12T12:01:38","guid":{"rendered":"https:\/\/dev6.erresse-shop.it\/shop\/unkategorisiert\/zafferano-intrecci-6-glaeser-weiss-und-blau\/"},"modified":"2025-09-14T03:24:02","modified_gmt":"2025-09-14T01:24:02","slug":"zafferano-intrecci-6-glaeser-weiss-und-blau","status":"publish","type":"product","link":"https:\/\/dev6.erresse-shop.it\/de\/shop\/tisch\/trinkglaeser\/zafferano-intrecci-6-glaeser-weiss-und-blau\/","title":{"rendered":"ZAFFERANO Intrecci 6 Gl\u00e4ser Wei\u00df und Blau"},"content":{"rendered":"<p>Die Becher der Intrecci-Kollektion vereinen Design und Funktionalit\u00e4t in perfekter Balance. Diese Gl\u00e4ser sind aus mundgeblasenem, leichtem und temperaturbest\u00e4ndigem Borosilikatglas gefertigt und eignen sich ideal f\u00fcr jedes Getr\u00e4nk, vom Eistee bis zum abendlichen Drink. Sie k\u00f6nnen aber auch zum Servieren eines Obstsalats oder eines Desserts mit einem L\u00f6ffel verwendet werden. Das undurchsichtige Glasgeflecht, das den Rand ziert, verleiht jedem Anlass einen Hauch von Klasse.<\/p>\n<p>Sp\u00fclmaschinenfest bei 60\u00b0.<\/p>\n<p>Funktionen:<\/p>\n<p>Durchmesser: 7,5 cm<br \/>\nGesamth\u00f6he: 9 cm<br \/>\nFassungsverm\u00f6gen: 46 cl<\/p>\n","protected":false},"excerpt":{"rendered":"<p>Die Becher der Intrecci-Kollektion vereinen Design und Funktionalit\u00e4t in perfekter Balance. Diese Gl\u00e4ser sind aus mundgeblasenem, leichtem und temperaturbest\u00e4ndigem Borosilikatglas gefertigt und eignen sich ideal f\u00fcr jedes Getr\u00e4nk, vom Eistee bis zum abendlichen Drink. Sie k\u00f6nnen aber auch zum Servieren eines Obstsalats oder eines Desserts mit einem L\u00f6ffel verwendet werden. Das undurchsichtige Glasgeflecht, das den [&hellip;]<\/p>\n","protected":false},"featured_media":6379118,"template":"","meta":{"_acf_changed":false},"product_cat":[12103,12117],"product_tag":[],"class_list":{"0":"post-1601230","1":"product","2":"type-product","3":"status-publish","4":"has-post-thumbnail","6":"product_cat-tisch","7":"product_cat-trinkglaeser","9":"first","10":"instock","11":"sale","12":"taxable","13":"shipping-taxable","14":"purchasable","15":"product-type-simple","swatches":"rey-swatches","show_selected":"","stretch_labels":"rey-swatches--stretch-labels"},"acf":[],"yoast_head":"<!-- This site is optimized with the Yoast SEO plugin v25.4 - https:\/\/yoast.com\/wordpress\/plugins\/seo\/ -->\n<title>ZAFFERANO Intrecci 6 Gl\u00e4ser Wei\u00df und Blau - dev6 Erresse<\/title>\n<meta name=\"description\" content=\"Die Becher der Intrecci-Kollektion vereinen Design und Funktionalit\u00e4t in perfekter Balance. Diese Gl\u00e4ser sind aus mundgeblasenem, leichtem und\" \/>\n<meta name=\"robots\" content=\"noindex, follow, max-snippet:-1, max-image-preview:large, max-video-preview:-1\" \/>\n<meta property=\"og:locale\" content=\"de_DE\" \/>\n<meta property=\"og:type\" content=\"article\" \/>\n<meta property=\"og:title\" content=\"ZAFFERANO Intrecci 6 Gl\u00e4ser Wei\u00df und Blau - dev6 Erresse\" \/>\n<meta property=\"og:description\" content=\"Die Becher der Intrecci-Kollektion vereinen Design und Funktionalit\u00e4t in perfekter Balance. Diese Gl\u00e4ser sind aus mundgeblasenem, leichtem und\" \/>\n<meta property=\"og:url\" content=\"https:\/\/dev6.erresse-shop.it\/de\/shop\/tisch\/trinkglaeser\/zafferano-intrecci-6-glaeser-weiss-und-blau\/\" \/>\n<meta property=\"og:site_name\" content=\"dev6 Erresse\" \/>\n<meta property=\"og:image\" content=\"https:\/\/interpim.erresse-shop.it\/Import\/Prodotti\/zafferano-intrecci-set-6-bicchieri-tumbler-bianco-e-blu.jpg\" \/><meta property=\"og:image\" content=\"https:\/\/interpim.erresse-shop.it\/Import\/Prodotti\/zafferano-intrecci-set-6-bicchieri-tumbler-bianco-e-blu.jpg\" \/>\n\t<meta property=\"og:image:width\" content=\"1024\" \/>\n\t<meta property=\"og:image:height\" content=\"1024\" \/>\n\t<meta property=\"og:image:type\" content=\"image\/jpeg\" \/>\n<meta name=\"twitter:card\" content=\"summary_large_image\" \/>\n<meta name=\"twitter:image\" content=\"https:\/\/interpim.erresse-shop.it\/Import\/Prodotti\/zafferano-intrecci-set-6-bicchieri-tumbler-bianco-e-blu.jpg\" \/>\n<script type=\"application\/ld+json\" class=\"yoast-schema-graph\">{\"@context\":\"https:\/\/schema.org\",\"@graph\":[{\"@type\":\"WebPage\",\"@id\":\"https:\/\/dev6.erresse-shop.it\/de\/shop\/tisch\/trinkglaeser\/zafferano-intrecci-6-glaeser-weiss-und-blau\/\",\"url\":\"https:\/\/dev6.erresse-shop.it\/de\/shop\/tisch\/trinkglaeser\/zafferano-intrecci-6-glaeser-weiss-und-blau\/\",\"name\":\"ZAFFERANO Intrecci 6 Gl\u00e4ser Wei\u00df und Blau - dev6 Erresse\",\"isPartOf\":{\"@id\":\"https:\/\/dev6.erresse-shop.it\/#website\"},\"primaryImageOfPage\":{\"@id\":\"https:\/\/dev6.erresse-shop.it\/de\/shop\/tisch\/trinkglaeser\/zafferano-intrecci-6-glaeser-weiss-und-blau\/#primaryimage\"},\"image\":{\"@id\":\"https:\/\/dev6.erresse-shop.it\/de\/shop\/tisch\/trinkglaeser\/zafferano-intrecci-6-glaeser-weiss-und-blau\/#primaryimage\"},\"thumbnailUrl\":\"https:\/\/i3.wp.com\/interpim.erresse-shop.it\/Import\/Prodotti\/zafferano-intrecci-set-6-bicchieri-tumbler-bianco-e-blu.jpg?ssl=1\",\"datePublished\":\"2026-04-12T12:01:38+00:00\",\"description\":\"Die Becher der Intrecci-Kollektion vereinen Design und Funktionalit\u00e4t in perfekter Balance. Diese Gl\u00e4ser sind aus mundgeblasenem, leichtem und\",\"breadcrumb\":{\"@id\":\"https:\/\/dev6.erresse-shop.it\/de\/shop\/tisch\/trinkglaeser\/zafferano-intrecci-6-glaeser-weiss-und-blau\/#breadcrumb\"},\"inLanguage\":\"de\",\"potentialAction\":[{\"@type\":\"ReadAction\",\"target\":[\"https:\/\/dev6.erresse-shop.it\/de\/shop\/tisch\/trinkglaeser\/zafferano-intrecci-6-glaeser-weiss-und-blau\/\"]}]},{\"@type\":\"ImageObject\",\"inLanguage\":\"de\",\"@id\":\"https:\/\/dev6.erresse-shop.it\/de\/shop\/tisch\/trinkglaeser\/zafferano-intrecci-6-glaeser-weiss-und-blau\/#primaryimage\",\"url\":\"https:\/\/i3.wp.com\/interpim.erresse-shop.it\/Import\/Prodotti\/zafferano-intrecci-set-6-bicchieri-tumbler-bianco-e-blu.jpg?ssl=1\",\"contentUrl\":\"https:\/\/i3.wp.com\/interpim.erresse-shop.it\/Import\/Prodotti\/zafferano-intrecci-set-6-bicchieri-tumbler-bianco-e-blu.jpg?ssl=1\"},{\"@type\":\"BreadcrumbList\",\"@id\":\"https:\/\/dev6.erresse-shop.it\/de\/shop\/tisch\/trinkglaeser\/zafferano-intrecci-6-glaeser-weiss-und-blau\/#breadcrumb\",\"itemListElement\":[{\"@type\":\"ListItem\",\"position\":1,\"name\":\"Home\",\"item\":\"https:\/\/dev6.erresse-shop.it\/\"},{\"@type\":\"ListItem\",\"position\":2,\"name\":\"Shop\",\"item\":\"https:\/\/dev6.erresse-shop.it\/shop\/\"},{\"@type\":\"ListItem\",\"position\":3,\"name\":\"ZAFFERANO Intrecci 6 Gl\u00e4ser Wei\u00df und Blau\"}]},{\"@type\":\"WebSite\",\"@id\":\"https:\/\/dev6.erresse-shop.it\/#website\",\"url\":\"https:\/\/dev6.erresse-shop.it\/\",\"name\":\"Erresse Shop\",\"description\":\"\",\"publisher\":{\"@id\":\"https:\/\/dev6.erresse-shop.it\/#organization\"},\"potentialAction\":[{\"@type\":\"SearchAction\",\"target\":{\"@type\":\"EntryPoint\",\"urlTemplate\":\"https:\/\/dev6.erresse-shop.it\/?s={search_term_string}\"},\"query-input\":{\"@type\":\"PropertyValueSpecification\",\"valueRequired\":true,\"valueName\":\"search_term_string\"}}],\"inLanguage\":\"de\"},{\"@type\":\"Organization\",\"@id\":\"https:\/\/dev6.erresse-shop.it\/#organization\",\"name\":\"Erresse Shop\",\"url\":\"https:\/\/dev6.erresse-shop.it\/\",\"logo\":{\"@type\":\"ImageObject\",\"inLanguage\":\"de\",\"@id\":\"https:\/\/dev6.erresse-shop.it\/#\/schema\/logo\/image\/\",\"url\":\"https:\/\/dev6.erresse-shop.it\/wp-content\/uploads\/2025\/01\/LOGO-ERRESSE-CLASSICO.svg\",\"contentUrl\":\"https:\/\/dev6.erresse-shop.it\/wp-content\/uploads\/2025\/01\/LOGO-ERRESSE-CLASSICO.svg\",\"caption\":\"Erresse Shop\"},\"image\":{\"@id\":\"https:\/\/dev6.erresse-shop.it\/#\/schema\/logo\/image\/\"}}]}<\/script>\n<!-- \/ Yoast SEO plugin. -->","yoast_head_json":{"title":"ZAFFERANO Intrecci 6 Gl\u00e4ser Wei\u00df und Blau - dev6 Erresse","description":"Die Becher der Intrecci-Kollektion vereinen Design und Funktionalit\u00e4t in perfekter Balance. Diese Gl\u00e4ser sind aus mundgeblasenem, leichtem und","robots":{"index":"noindex","follow":"follow","max-snippet":"max-snippet:-1","max-image-preview":"max-image-preview:large","max-video-preview":"max-video-preview:-1"},"og_locale":"de_DE","og_type":"article","og_title":"ZAFFERANO Intrecci 6 Gl\u00e4ser Wei\u00df und Blau - dev6 Erresse","og_description":"Die Becher der Intrecci-Kollektion vereinen Design und Funktionalit\u00e4t in perfekter Balance. Diese Gl\u00e4ser sind aus mundgeblasenem, leichtem und","og_url":"https:\/\/dev6.erresse-shop.it\/de\/shop\/tisch\/trinkglaeser\/zafferano-intrecci-6-glaeser-weiss-und-blau\/","og_site_name":"dev6 Erresse","og_image":[{"url":"https:\/\/interpim.erresse-shop.it\/Import\/Prodotti\/zafferano-intrecci-set-6-bicchieri-tumbler-bianco-e-blu.jpg","type":"","width":"","height":""},{"url":"https:\/\/interpim.erresse-shop.it\/Import\/Prodotti\/zafferano-intrecci-set-6-bicchieri-tumbler-bianco-e-blu.jpg","width":1024,"height":1024,"type":"image\/jpeg"}],"twitter_card":"summary_large_image","twitter_image":"https:\/\/interpim.erresse-shop.it\/Import\/Prodotti\/zafferano-intrecci-set-6-bicchieri-tumbler-bianco-e-blu.jpg","schema":{"@context":"https:\/\/schema.org","@graph":[{"@type":"WebPage","@id":"https:\/\/dev6.erresse-shop.it\/de\/shop\/tisch\/trinkglaeser\/zafferano-intrecci-6-glaeser-weiss-und-blau\/","url":"https:\/\/dev6.erresse-shop.it\/de\/shop\/tisch\/trinkglaeser\/zafferano-intrecci-6-glaeser-weiss-und-blau\/","name":"ZAFFERANO Intrecci 6 Gl\u00e4ser Wei\u00df und Blau - dev6 Erresse","isPartOf":{"@id":"https:\/\/dev6.erresse-shop.it\/#website"},"primaryImageOfPage":{"@id":"https:\/\/dev6.erresse-shop.it\/de\/shop\/tisch\/trinkglaeser\/zafferano-intrecci-6-glaeser-weiss-und-blau\/#primaryimage"},"image":{"@id":"https:\/\/dev6.erresse-shop.it\/de\/shop\/tisch\/trinkglaeser\/zafferano-intrecci-6-glaeser-weiss-und-blau\/#primaryimage"},"thumbnailUrl":"https:\/\/i3.wp.com\/interpim.erresse-shop.it\/Import\/Prodotti\/zafferano-intrecci-set-6-bicchieri-tumbler-bianco-e-blu.jpg?ssl=1","datePublished":"2026-04-12T12:01:38+00:00","description":"Die Becher der Intrecci-Kollektion vereinen Design und Funktionalit\u00e4t in perfekter Balance. Diese Gl\u00e4ser sind aus mundgeblasenem, leichtem und","breadcrumb":{"@id":"https:\/\/dev6.erresse-shop.it\/de\/shop\/tisch\/trinkglaeser\/zafferano-intrecci-6-glaeser-weiss-und-blau\/#breadcrumb"},"inLanguage":"de","potentialAction":[{"@type":"ReadAction","target":["https:\/\/dev6.erresse-shop.it\/de\/shop\/tisch\/trinkglaeser\/zafferano-intrecci-6-glaeser-weiss-und-blau\/"]}]},{"@type":"ImageObject","inLanguage":"de","@id":"https:\/\/dev6.erresse-shop.it\/de\/shop\/tisch\/trinkglaeser\/zafferano-intrecci-6-glaeser-weiss-und-blau\/#primaryimage","url":"https:\/\/i3.wp.com\/interpim.erresse-shop.it\/Import\/Prodotti\/zafferano-intrecci-set-6-bicchieri-tumbler-bianco-e-blu.jpg?ssl=1","contentUrl":"https:\/\/i3.wp.com\/interpim.erresse-shop.it\/Import\/Prodotti\/zafferano-intrecci-set-6-bicchieri-tumbler-bianco-e-blu.jpg?ssl=1"},{"@type":"BreadcrumbList","@id":"https:\/\/dev6.erresse-shop.it\/de\/shop\/tisch\/trinkglaeser\/zafferano-intrecci-6-glaeser-weiss-und-blau\/#breadcrumb","itemListElement":[{"@type":"ListItem","position":1,"name":"Home","item":"https:\/\/dev6.erresse-shop.it\/"},{"@type":"ListItem","position":2,"name":"Shop","item":"https:\/\/dev6.erresse-shop.it\/shop\/"},{"@type":"ListItem","position":3,"name":"ZAFFERANO Intrecci 6 Gl\u00e4ser Wei\u00df und Blau"}]},{"@type":"WebSite","@id":"https:\/\/dev6.erresse-shop.it\/#website","url":"https:\/\/dev6.erresse-shop.it\/","name":"Erresse Shop","description":"","publisher":{"@id":"https:\/\/dev6.erresse-shop.it\/#organization"},"potentialAction":[{"@type":"SearchAction","target":{"@type":"EntryPoint","urlTemplate":"https:\/\/dev6.erresse-shop.it\/?s={search_term_string}"},"query-input":{"@type":"PropertyValueSpecification","valueRequired":true,"valueName":"search_term_string"}}],"inLanguage":"de"},{"@type":"Organization","@id":"https:\/\/dev6.erresse-shop.it\/#organization","name":"Erresse Shop","url":"https:\/\/dev6.erresse-shop.it\/","logo":{"@type":"ImageObject","inLanguage":"de","@id":"https:\/\/dev6.erresse-shop.it\/#\/schema\/logo\/image\/","url":"https:\/\/dev6.erresse-shop.it\/wp-content\/uploads\/2025\/01\/LOGO-ERRESSE-CLASSICO.svg","contentUrl":"https:\/\/dev6.erresse-shop.it\/wp-content\/uploads\/2025\/01\/LOGO-ERRESSE-CLASSICO.svg","caption":"Erresse Shop"},"image":{"@id":"https:\/\/dev6.erresse-shop.it\/#\/schema\/logo\/image\/"}}]}},"df_price":59.95,"df_sale_price":59.95,"df_regular_price":60.6,"df_image_link":"https:\/\/i3.wp.com\/interpim.erresse-shop.it\/Import\/Prodotti\/zafferano-intrecci-set-6-bicchieri-tumbler-bianco-e-blu.jpg?resize=300,300&ssl=1","fifu_image_url":"https:\/\/interpim.erresse-shop.it\/Import\/Prodotti\/zafferano-intrecci-set-6-bicchieri-tumbler-bianco-e-blu.jpg","_links":{"self":[{"href":"https:\/\/dev6.erresse-shop.it\/de\/wp-json\/wp\/v2\/product\/1601230","targetHints":{"allow":["GET"]}}],"collection":[{"href":"https:\/\/dev6.erresse-shop.it\/de\/wp-json\/wp\/v2\/product"}],"about":[{"href":"https:\/\/dev6.erresse-shop.it\/de\/wp-json\/wp\/v2\/types\/product"}],"wp:featuredmedia":[{"embeddable":true,"href":"https:\/\/dev6.erresse-shop.it\/de\/wp-json\/wp\/v2\/media\/6379118"}],"wp:attachment":[{"href":"https:\/\/dev6.erresse-shop.it\/de\/wp-json\/wp\/v2\/media?parent=1601230"}],"wp:term":[{"taxonomy":"product_cat","embeddable":true,"href":"https:\/\/dev6.erresse-shop.it\/de\/wp-json\/wp\/v2\/product_cat?post=1601230"},{"taxonomy":"product_tag","embeddable":true,"href":"https:\/\/dev6.erresse-shop.it\/de\/wp-json\/wp\/v2\/product_tag?post=1601230"}],"curies":[{"name":"wp","href":"https:\/\/api.w.org\/{rel}","templated":true}]}}