{"id":1601170,"date":"2026-04-04T13:53:32","date_gmt":"2026-04-04T11:53:32","guid":{"rendered":"https:\/\/dev6.erresse-shop.it\/shop\/unkategorisiert\/lego-room-copenhagen-brick-drawer-4-aqua-hellblau\/"},"modified":"2025-07-04T15:07:35","modified_gmt":"2025-07-04T13:07:35","slug":"lego-room-copenhagen-brick-drawer-4-aqua-hellblau","status":"publish","type":"product","link":"https:\/\/dev6.erresse-shop.it\/de\/shop\/einrichtung-haus\/moebel\/lego-room-copenhagen-brick-drawer-4-aqua-hellblau\/","title":{"rendered":"LEGO &#8211; ROOM COPENHAGEN Brick Drawer 4 Aqua Hellblau"},"content":{"rendered":"<p>Quadratischer Beh\u00e4lter mit einer Schublade<\/p>\n<p>Brick Drawer LEGO\u00ae ist eine Reihe von \u00fcbergro\u00dfen, bunten Bausteinen mit ein oder mehreren Schubladen und stapelbarem Design.<br \/>\nPerfekt zur Aufbewahrung und zur Platzersparnis in R\u00e4umen. Geeignet f\u00fcr jede Art von Raumdekoration.<br \/>\nEin lustiges Geschenk f\u00fcr alle LEGO-Fans.<\/p>\n<p>Produktspezifikationen:<\/p>\n<p>Kapazit\u00e4t: 4,7 l<br \/>\nMaterial: Acrylonitril-Butadien-Styrol (ABS)<br \/>\nGarantie: 2 Jahre<br \/>\nAbmessungen: 25 x 25 x 18 cm<br \/>\nGewicht: 1 kg<\/p>\n","protected":false},"excerpt":{"rendered":"<p>Quadratischer Beh\u00e4lter mit einer Schublade Brick Drawer LEGO\u00ae ist eine Reihe von \u00fcbergro\u00dfen, bunten Bausteinen mit ein oder mehreren Schubladen und stapelbarem Design. Perfekt zur Aufbewahrung und zur Platzersparnis in R\u00e4umen. Geeignet f\u00fcr jede Art von Raumdekoration. Ein lustiges Geschenk f\u00fcr alle LEGO-Fans. Produktspezifikationen: Kapazit\u00e4t: 4,7 l Material: Acrylonitril-Butadien-Styrol (ABS) Garantie: 2 Jahre Abmessungen: 25 [&hellip;]<\/p>\n","protected":false},"featured_media":6295714,"template":"","meta":{"_acf_changed":false},"product_cat":[12098,12142],"product_tag":[],"class_list":{"0":"post-1601170","1":"product","2":"type-product","3":"status-publish","4":"has-post-thumbnail","6":"product_cat-einrichtung-haus","7":"product_cat-moebel","9":"first","10":"instock","11":"taxable","12":"shipping-taxable","13":"purchasable","14":"product-type-simple","swatches":"rey-swatches","show_selected":"","stretch_labels":"rey-swatches--stretch-labels"},"acf":[],"yoast_head":"<!-- This site is optimized with the Yoast SEO plugin v25.4 - https:\/\/yoast.com\/wordpress\/plugins\/seo\/ -->\n<title>LEGO &#8211; ROOM COPENHAGEN Brick Drawer 4 Aqua Hellblau - dev6 Erresse<\/title>\n<meta name=\"description\" content=\"Quadratischer Beh\u00e4lter mit einer Schublade Brick Drawer LEGO\u00ae ist eine Reihe von \u00fcbergro\u00dfen, bunten Bausteinen mit ein oder mehreren Schubladen und\" \/>\n<meta name=\"robots\" content=\"noindex, follow, max-snippet:-1, max-image-preview:large, max-video-preview:-1\" \/>\n<meta property=\"og:locale\" content=\"de_DE\" \/>\n<meta property=\"og:type\" content=\"article\" \/>\n<meta property=\"og:title\" content=\"LEGO &#8211; ROOM COPENHAGEN Brick Drawer 4 Aqua Hellblau - dev6 Erresse\" \/>\n<meta property=\"og:description\" content=\"Quadratischer Beh\u00e4lter mit einer Schublade Brick Drawer LEGO\u00ae ist eine Reihe von \u00fcbergro\u00dfen, bunten Bausteinen mit ein oder mehreren Schubladen und\" \/>\n<meta property=\"og:url\" content=\"https:\/\/dev6.erresse-shop.it\/de\/shop\/einrichtung-haus\/moebel\/lego-room-copenhagen-brick-drawer-4-aqua-hellblau\/\" \/>\n<meta property=\"og:site_name\" content=\"dev6 Erresse\" \/>\n<meta property=\"og:image\" content=\"https:\/\/interpim.erresse-shop.it\/Import\/Prodotti\/lego-room-copenhagen-brick-drawer-4-azzurro-aqua.jpg\" \/><meta property=\"og:image\" content=\"https:\/\/interpim.erresse-shop.it\/Import\/Prodotti\/lego-room-copenhagen-brick-drawer-4-azzurro-aqua.jpg\" \/>\n\t<meta property=\"og:image:width\" content=\"1024\" \/>\n\t<meta property=\"og:image:height\" content=\"1024\" \/>\n\t<meta property=\"og:image:type\" content=\"image\/jpeg\" \/>\n<meta name=\"twitter:card\" content=\"summary_large_image\" \/>\n<meta name=\"twitter:image\" content=\"https:\/\/interpim.erresse-shop.it\/Import\/Prodotti\/lego-room-copenhagen-brick-drawer-4-azzurro-aqua.jpg\" \/>\n<script type=\"application\/ld+json\" class=\"yoast-schema-graph\">{\"@context\":\"https:\/\/schema.org\",\"@graph\":[{\"@type\":\"WebPage\",\"@id\":\"https:\/\/dev6.erresse-shop.it\/de\/shop\/einrichtung-haus\/moebel\/lego-room-copenhagen-brick-drawer-4-aqua-hellblau\/\",\"url\":\"https:\/\/dev6.erresse-shop.it\/de\/shop\/einrichtung-haus\/moebel\/lego-room-copenhagen-brick-drawer-4-aqua-hellblau\/\",\"name\":\"LEGO &#8211; ROOM COPENHAGEN Brick Drawer 4 Aqua Hellblau - dev6 Erresse\",\"isPartOf\":{\"@id\":\"https:\/\/dev6.erresse-shop.it\/#website\"},\"primaryImageOfPage\":{\"@id\":\"https:\/\/dev6.erresse-shop.it\/de\/shop\/einrichtung-haus\/moebel\/lego-room-copenhagen-brick-drawer-4-aqua-hellblau\/#primaryimage\"},\"image\":{\"@id\":\"https:\/\/dev6.erresse-shop.it\/de\/shop\/einrichtung-haus\/moebel\/lego-room-copenhagen-brick-drawer-4-aqua-hellblau\/#primaryimage\"},\"thumbnailUrl\":\"https:\/\/i0.wp.com\/interpim.erresse-shop.it\/Import\/Prodotti\/lego-room-copenhagen-brick-drawer-4-azzurro-aqua.jpg?ssl=1\",\"datePublished\":\"2026-04-04T11:53:32+00:00\",\"description\":\"Quadratischer Beh\u00e4lter mit einer Schublade Brick Drawer LEGO\u00ae ist eine Reihe von \u00fcbergro\u00dfen, bunten Bausteinen mit ein oder mehreren Schubladen und\",\"breadcrumb\":{\"@id\":\"https:\/\/dev6.erresse-shop.it\/de\/shop\/einrichtung-haus\/moebel\/lego-room-copenhagen-brick-drawer-4-aqua-hellblau\/#breadcrumb\"},\"inLanguage\":\"de\",\"potentialAction\":[{\"@type\":\"ReadAction\",\"target\":[\"https:\/\/dev6.erresse-shop.it\/de\/shop\/einrichtung-haus\/moebel\/lego-room-copenhagen-brick-drawer-4-aqua-hellblau\/\"]}]},{\"@type\":\"ImageObject\",\"inLanguage\":\"de\",\"@id\":\"https:\/\/dev6.erresse-shop.it\/de\/shop\/einrichtung-haus\/moebel\/lego-room-copenhagen-brick-drawer-4-aqua-hellblau\/#primaryimage\",\"url\":\"https:\/\/i0.wp.com\/interpim.erresse-shop.it\/Import\/Prodotti\/lego-room-copenhagen-brick-drawer-4-azzurro-aqua.jpg?ssl=1\",\"contentUrl\":\"https:\/\/i0.wp.com\/interpim.erresse-shop.it\/Import\/Prodotti\/lego-room-copenhagen-brick-drawer-4-azzurro-aqua.jpg?ssl=1\"},{\"@type\":\"BreadcrumbList\",\"@id\":\"https:\/\/dev6.erresse-shop.it\/de\/shop\/einrichtung-haus\/moebel\/lego-room-copenhagen-brick-drawer-4-aqua-hellblau\/#breadcrumb\",\"itemListElement\":[{\"@type\":\"ListItem\",\"position\":1,\"name\":\"Home\",\"item\":\"https:\/\/dev6.erresse-shop.it\/\"},{\"@type\":\"ListItem\",\"position\":2,\"name\":\"Shop\",\"item\":\"https:\/\/dev6.erresse-shop.it\/shop\/\"},{\"@type\":\"ListItem\",\"position\":3,\"name\":\"LEGO &#8211; ROOM COPENHAGEN Brick Drawer 4 Aqua Hellblau\"}]},{\"@type\":\"WebSite\",\"@id\":\"https:\/\/dev6.erresse-shop.it\/#website\",\"url\":\"https:\/\/dev6.erresse-shop.it\/\",\"name\":\"Erresse Shop\",\"description\":\"\",\"publisher\":{\"@id\":\"https:\/\/dev6.erresse-shop.it\/#organization\"},\"potentialAction\":[{\"@type\":\"SearchAction\",\"target\":{\"@type\":\"EntryPoint\",\"urlTemplate\":\"https:\/\/dev6.erresse-shop.it\/?s={search_term_string}\"},\"query-input\":{\"@type\":\"PropertyValueSpecification\",\"valueRequired\":true,\"valueName\":\"search_term_string\"}}],\"inLanguage\":\"de\"},{\"@type\":\"Organization\",\"@id\":\"https:\/\/dev6.erresse-shop.it\/#organization\",\"name\":\"Erresse Shop\",\"url\":\"https:\/\/dev6.erresse-shop.it\/\",\"logo\":{\"@type\":\"ImageObject\",\"inLanguage\":\"de\",\"@id\":\"https:\/\/dev6.erresse-shop.it\/#\/schema\/logo\/image\/\",\"url\":\"https:\/\/dev6.erresse-shop.it\/wp-content\/uploads\/2025\/01\/LOGO-ERRESSE-CLASSICO.svg\",\"contentUrl\":\"https:\/\/dev6.erresse-shop.it\/wp-content\/uploads\/2025\/01\/LOGO-ERRESSE-CLASSICO.svg\",\"caption\":\"Erresse Shop\"},\"image\":{\"@id\":\"https:\/\/dev6.erresse-shop.it\/#\/schema\/logo\/image\/\"}}]}<\/script>\n<!-- \/ Yoast SEO plugin. -->","yoast_head_json":{"title":"LEGO &#8211; ROOM COPENHAGEN Brick Drawer 4 Aqua Hellblau - dev6 Erresse","description":"Quadratischer Beh\u00e4lter mit einer Schublade Brick Drawer LEGO\u00ae ist eine Reihe von \u00fcbergro\u00dfen, bunten Bausteinen mit ein oder mehreren Schubladen und","robots":{"index":"noindex","follow":"follow","max-snippet":"max-snippet:-1","max-image-preview":"max-image-preview:large","max-video-preview":"max-video-preview:-1"},"og_locale":"de_DE","og_type":"article","og_title":"LEGO &#8211; ROOM COPENHAGEN Brick Drawer 4 Aqua Hellblau - dev6 Erresse","og_description":"Quadratischer Beh\u00e4lter mit einer Schublade Brick Drawer LEGO\u00ae ist eine Reihe von \u00fcbergro\u00dfen, bunten Bausteinen mit ein oder mehreren Schubladen und","og_url":"https:\/\/dev6.erresse-shop.it\/de\/shop\/einrichtung-haus\/moebel\/lego-room-copenhagen-brick-drawer-4-aqua-hellblau\/","og_site_name":"dev6 Erresse","og_image":[{"url":"https:\/\/interpim.erresse-shop.it\/Import\/Prodotti\/lego-room-copenhagen-brick-drawer-4-azzurro-aqua.jpg","type":"","width":"","height":""},{"url":"https:\/\/interpim.erresse-shop.it\/Import\/Prodotti\/lego-room-copenhagen-brick-drawer-4-azzurro-aqua.jpg","width":1024,"height":1024,"type":"image\/jpeg"}],"twitter_card":"summary_large_image","twitter_image":"https:\/\/interpim.erresse-shop.it\/Import\/Prodotti\/lego-room-copenhagen-brick-drawer-4-azzurro-aqua.jpg","schema":{"@context":"https:\/\/schema.org","@graph":[{"@type":"WebPage","@id":"https:\/\/dev6.erresse-shop.it\/de\/shop\/einrichtung-haus\/moebel\/lego-room-copenhagen-brick-drawer-4-aqua-hellblau\/","url":"https:\/\/dev6.erresse-shop.it\/de\/shop\/einrichtung-haus\/moebel\/lego-room-copenhagen-brick-drawer-4-aqua-hellblau\/","name":"LEGO &#8211; ROOM COPENHAGEN Brick Drawer 4 Aqua Hellblau - dev6 Erresse","isPartOf":{"@id":"https:\/\/dev6.erresse-shop.it\/#website"},"primaryImageOfPage":{"@id":"https:\/\/dev6.erresse-shop.it\/de\/shop\/einrichtung-haus\/moebel\/lego-room-copenhagen-brick-drawer-4-aqua-hellblau\/#primaryimage"},"image":{"@id":"https:\/\/dev6.erresse-shop.it\/de\/shop\/einrichtung-haus\/moebel\/lego-room-copenhagen-brick-drawer-4-aqua-hellblau\/#primaryimage"},"thumbnailUrl":"https:\/\/i0.wp.com\/interpim.erresse-shop.it\/Import\/Prodotti\/lego-room-copenhagen-brick-drawer-4-azzurro-aqua.jpg?ssl=1","datePublished":"2026-04-04T11:53:32+00:00","description":"Quadratischer Beh\u00e4lter mit einer Schublade Brick Drawer LEGO\u00ae ist eine Reihe von \u00fcbergro\u00dfen, bunten Bausteinen mit ein oder mehreren Schubladen und","breadcrumb":{"@id":"https:\/\/dev6.erresse-shop.it\/de\/shop\/einrichtung-haus\/moebel\/lego-room-copenhagen-brick-drawer-4-aqua-hellblau\/#breadcrumb"},"inLanguage":"de","potentialAction":[{"@type":"ReadAction","target":["https:\/\/dev6.erresse-shop.it\/de\/shop\/einrichtung-haus\/moebel\/lego-room-copenhagen-brick-drawer-4-aqua-hellblau\/"]}]},{"@type":"ImageObject","inLanguage":"de","@id":"https:\/\/dev6.erresse-shop.it\/de\/shop\/einrichtung-haus\/moebel\/lego-room-copenhagen-brick-drawer-4-aqua-hellblau\/#primaryimage","url":"https:\/\/i0.wp.com\/interpim.erresse-shop.it\/Import\/Prodotti\/lego-room-copenhagen-brick-drawer-4-azzurro-aqua.jpg?ssl=1","contentUrl":"https:\/\/i0.wp.com\/interpim.erresse-shop.it\/Import\/Prodotti\/lego-room-copenhagen-brick-drawer-4-azzurro-aqua.jpg?ssl=1"},{"@type":"BreadcrumbList","@id":"https:\/\/dev6.erresse-shop.it\/de\/shop\/einrichtung-haus\/moebel\/lego-room-copenhagen-brick-drawer-4-aqua-hellblau\/#breadcrumb","itemListElement":[{"@type":"ListItem","position":1,"name":"Home","item":"https:\/\/dev6.erresse-shop.it\/"},{"@type":"ListItem","position":2,"name":"Shop","item":"https:\/\/dev6.erresse-shop.it\/shop\/"},{"@type":"ListItem","position":3,"name":"LEGO &#8211; ROOM COPENHAGEN Brick Drawer 4 Aqua Hellblau"}]},{"@type":"WebSite","@id":"https:\/\/dev6.erresse-shop.it\/#website","url":"https:\/\/dev6.erresse-shop.it\/","name":"Erresse Shop","description":"","publisher":{"@id":"https:\/\/dev6.erresse-shop.it\/#organization"},"potentialAction":[{"@type":"SearchAction","target":{"@type":"EntryPoint","urlTemplate":"https:\/\/dev6.erresse-shop.it\/?s={search_term_string}"},"query-input":{"@type":"PropertyValueSpecification","valueRequired":true,"valueName":"search_term_string"}}],"inLanguage":"de"},{"@type":"Organization","@id":"https:\/\/dev6.erresse-shop.it\/#organization","name":"Erresse Shop","url":"https:\/\/dev6.erresse-shop.it\/","logo":{"@type":"ImageObject","inLanguage":"de","@id":"https:\/\/dev6.erresse-shop.it\/#\/schema\/logo\/image\/","url":"https:\/\/dev6.erresse-shop.it\/wp-content\/uploads\/2025\/01\/LOGO-ERRESSE-CLASSICO.svg","contentUrl":"https:\/\/dev6.erresse-shop.it\/wp-content\/uploads\/2025\/01\/LOGO-ERRESSE-CLASSICO.svg","caption":"Erresse Shop"},"image":{"@id":"https:\/\/dev6.erresse-shop.it\/#\/schema\/logo\/image\/"}}]}},"df_price":37.99,"df_sale_price":"","df_regular_price":37.99,"df_image_link":"https:\/\/i0.wp.com\/interpim.erresse-shop.it\/Import\/Prodotti\/lego-room-copenhagen-brick-drawer-4-azzurro-aqua.jpg?resize=300,300&ssl=1","fifu_image_url":"https:\/\/interpim.erresse-shop.it\/Import\/Prodotti\/lego-room-copenhagen-brick-drawer-4-azzurro-aqua.jpg","_links":{"self":[{"href":"https:\/\/dev6.erresse-shop.it\/de\/wp-json\/wp\/v2\/product\/1601170","targetHints":{"allow":["GET"]}}],"collection":[{"href":"https:\/\/dev6.erresse-shop.it\/de\/wp-json\/wp\/v2\/product"}],"about":[{"href":"https:\/\/dev6.erresse-shop.it\/de\/wp-json\/wp\/v2\/types\/product"}],"wp:featuredmedia":[{"embeddable":true,"href":"https:\/\/dev6.erresse-shop.it\/de\/wp-json\/wp\/v2\/media\/6295714"}],"wp:attachment":[{"href":"https:\/\/dev6.erresse-shop.it\/de\/wp-json\/wp\/v2\/media?parent=1601170"}],"wp:term":[{"taxonomy":"product_cat","embeddable":true,"href":"https:\/\/dev6.erresse-shop.it\/de\/wp-json\/wp\/v2\/product_cat?post=1601170"},{"taxonomy":"product_tag","embeddable":true,"href":"https:\/\/dev6.erresse-shop.it\/de\/wp-json\/wp\/v2\/product_tag?post=1601170"}],"curies":[{"name":"wp","href":"https:\/\/api.w.org\/{rel}","templated":true}]}}