{"id":1601166,"date":"2026-04-04T13:53:32","date_gmt":"2026-04-04T11:53:32","guid":{"rendered":"https:\/\/dev6.erresse-shop.it\/shop\/unkategorisiert\/lego-room-copenhagen-storage-head-mini-4-teiliges-set\/"},"modified":"2026-01-16T22:12:56","modified_gmt":"2026-01-16T21:12:56","slug":"lego-room-copenhagen-storage-head-mini-4-teiliges-set","status":"publish","type":"product","link":"https:\/\/dev6.erresse-shop.it\/de\/shop\/einrichtung-haus\/moebel\/lego-room-copenhagen-storage-head-mini-4-teiliges-set\/","title":{"rendered":"LEGO &#8211; ROOM COPENHAGEN Storage Head Mini 4-teiliges Set"},"content":{"rendered":"<p>Dieses Set enth\u00e4lt vier Beh\u00e4lter in Kopfform mit l\u00e4chelnden Jungen- und M\u00e4dchengesichtern. Diese Beh\u00e4lter eignen sich perfekt f\u00fcr die originelle und farbenfrohe Aufbewahrung kleiner Gegenst\u00e4nde und eignen sich ideal f\u00fcr Zuhause, das B\u00fcro oder als kreatives Geschenk.<\/p>\n<p>Sicheres und langlebiges Material<\/p>\n<p>Jeder Beh\u00e4lter besteht aus hochwertigem, vollst\u00e4ndig BPA-freiem Polypropylen und ist somit sicher und langlebig. Sie k\u00f6nnen sie bedenkenlos verwenden, da sie den h\u00f6chsten Sicherheitsstandards entsprechen.<\/p>\n<p>Verspieltes und praktisches Design<\/p>\n<p>Die kompakte Gr\u00f6\u00dfe jedes Beh\u00e4lters \u2013 10,2 x 10,2 x 11,5 cm \u2013 macht sie perfekt f\u00fcr die Aufbewahrung kleiner Gegenst\u00e4nde wie S\u00fc\u00dfigkeiten, Spiele oder Schreibwaren und bewahrt gleichzeitig einen verspielten Stil. Die Kopfform sorgt f\u00fcr einen Hauch von Freude und ist ideal auch f\u00fcr die Kleinsten.<\/p>\n<p>Vielseitigkeit und Benutzerfreundlichkeit<\/p>\n<p>Diese Beh\u00e4lter sind leicht stapelbar, sodass Sie Platz sparen und Ordnung halten k\u00f6nnen. Perfekt, um alles griffbereit zu haben, ohne auf ein L\u00e4cheln zu verzichten \u2013 ideal f\u00fcr zu Hause oder das B\u00fcro.<\/p>\n<p>Ein originelles und praktisches Geschenk<\/p>\n<p>Mit ihrem einzigartigen Design sind die Mini-Lego-Beh\u00e4lter auch eine tolle Geschenkidee f\u00fcr Fans der Marke oder f\u00fcr alle, die lustige und praktische Gegenst\u00e4nde lieben. Bringen Sie etwas Freude in Ihre t\u00e4gliche Organisation!<\/p>\n","protected":false},"excerpt":{"rendered":"<p>Dieses Set enth\u00e4lt vier Beh\u00e4lter in Kopfform mit l\u00e4chelnden Jungen- und M\u00e4dchengesichtern. Diese Beh\u00e4lter eignen sich perfekt f\u00fcr die originelle und farbenfrohe Aufbewahrung kleiner Gegenst\u00e4nde und eignen sich ideal f\u00fcr Zuhause, das B\u00fcro oder als kreatives Geschenk. Sicheres und langlebiges Material Jeder Beh\u00e4lter besteht aus hochwertigem, vollst\u00e4ndig BPA-freiem Polypropylen und ist somit sicher und langlebig. [&hellip;]<\/p>\n","protected":false},"featured_media":6295704,"template":"","meta":{"_acf_changed":false},"product_cat":[12098,12142],"product_tag":[],"class_list":{"0":"post-1601166","1":"product","2":"type-product","3":"status-publish","4":"has-post-thumbnail","6":"product_cat-einrichtung-haus","7":"product_cat-moebel","9":"first","10":"instock","11":"sale","12":"taxable","13":"shipping-taxable","14":"purchasable","15":"product-type-simple","swatches":"rey-swatches","show_selected":"","stretch_labels":"rey-swatches--stretch-labels"},"acf":[],"yoast_head":"<!-- This site is optimized with the Yoast SEO plugin v25.4 - https:\/\/yoast.com\/wordpress\/plugins\/seo\/ -->\n<title>LEGO &#8211; ROOM COPENHAGEN Storage Head Mini 4-teiliges Set - dev6 Erresse<\/title>\n<meta name=\"description\" content=\"Dieses Set enth\u00e4lt vier Beh\u00e4lter in Kopfform mit l\u00e4chelnden Jungen- und M\u00e4dchengesichtern. Diese Beh\u00e4lter eignen sich perfekt f\u00fcr die originelle und\" \/>\n<meta name=\"robots\" content=\"noindex, follow, max-snippet:-1, max-image-preview:large, max-video-preview:-1\" \/>\n<meta property=\"og:locale\" content=\"de_DE\" \/>\n<meta property=\"og:type\" content=\"article\" \/>\n<meta property=\"og:title\" content=\"LEGO &#8211; ROOM COPENHAGEN Storage Head Mini 4-teiliges Set - dev6 Erresse\" \/>\n<meta property=\"og:description\" content=\"Dieses Set enth\u00e4lt vier Beh\u00e4lter in Kopfform mit l\u00e4chelnden Jungen- und M\u00e4dchengesichtern. Diese Beh\u00e4lter eignen sich perfekt f\u00fcr die originelle und\" \/>\n<meta property=\"og:url\" content=\"https:\/\/dev6.erresse-shop.it\/de\/shop\/einrichtung-haus\/moebel\/lego-room-copenhagen-storage-head-mini-4-teiliges-set\/\" \/>\n<meta property=\"og:site_name\" content=\"dev6 Erresse\" \/>\n<meta property=\"og:image\" content=\"https:\/\/interpim.erresse-shop.it\/Import\/Prodotti\/lego-room-copenhagen-storage-head-mini-set-4-pezzi.jpg\" \/><meta property=\"og:image\" content=\"https:\/\/interpim.erresse-shop.it\/Import\/Prodotti\/lego-room-copenhagen-storage-head-mini-set-4-pezzi.jpg\" \/>\n\t<meta property=\"og:image:width\" content=\"1024\" \/>\n\t<meta property=\"og:image:height\" content=\"1024\" \/>\n\t<meta property=\"og:image:type\" content=\"image\/jpeg\" \/>\n<meta name=\"twitter:card\" content=\"summary_large_image\" \/>\n<meta name=\"twitter:image\" content=\"https:\/\/interpim.erresse-shop.it\/Import\/Prodotti\/lego-room-copenhagen-storage-head-mini-set-4-pezzi.jpg\" \/>\n<script type=\"application\/ld+json\" class=\"yoast-schema-graph\">{\"@context\":\"https:\/\/schema.org\",\"@graph\":[{\"@type\":\"WebPage\",\"@id\":\"https:\/\/dev6.erresse-shop.it\/de\/shop\/einrichtung-haus\/moebel\/lego-room-copenhagen-storage-head-mini-4-teiliges-set\/\",\"url\":\"https:\/\/dev6.erresse-shop.it\/de\/shop\/einrichtung-haus\/moebel\/lego-room-copenhagen-storage-head-mini-4-teiliges-set\/\",\"name\":\"LEGO &#8211; ROOM COPENHAGEN Storage Head Mini 4-teiliges Set - dev6 Erresse\",\"isPartOf\":{\"@id\":\"https:\/\/dev6.erresse-shop.it\/#website\"},\"primaryImageOfPage\":{\"@id\":\"https:\/\/dev6.erresse-shop.it\/de\/shop\/einrichtung-haus\/moebel\/lego-room-copenhagen-storage-head-mini-4-teiliges-set\/#primaryimage\"},\"image\":{\"@id\":\"https:\/\/dev6.erresse-shop.it\/de\/shop\/einrichtung-haus\/moebel\/lego-room-copenhagen-storage-head-mini-4-teiliges-set\/#primaryimage\"},\"thumbnailUrl\":\"https:\/\/i3.wp.com\/interpim.erresse-shop.it\/Import\/Prodotti\/lego-room-copenhagen-storage-head-mini-set-4-pezzi.jpg?ssl=1\",\"datePublished\":\"2026-04-04T11:53:32+00:00\",\"description\":\"Dieses Set enth\u00e4lt vier Beh\u00e4lter in Kopfform mit l\u00e4chelnden Jungen- und M\u00e4dchengesichtern. Diese Beh\u00e4lter eignen sich perfekt f\u00fcr die originelle und\",\"breadcrumb\":{\"@id\":\"https:\/\/dev6.erresse-shop.it\/de\/shop\/einrichtung-haus\/moebel\/lego-room-copenhagen-storage-head-mini-4-teiliges-set\/#breadcrumb\"},\"inLanguage\":\"de\",\"potentialAction\":[{\"@type\":\"ReadAction\",\"target\":[\"https:\/\/dev6.erresse-shop.it\/de\/shop\/einrichtung-haus\/moebel\/lego-room-copenhagen-storage-head-mini-4-teiliges-set\/\"]}]},{\"@type\":\"ImageObject\",\"inLanguage\":\"de\",\"@id\":\"https:\/\/dev6.erresse-shop.it\/de\/shop\/einrichtung-haus\/moebel\/lego-room-copenhagen-storage-head-mini-4-teiliges-set\/#primaryimage\",\"url\":\"https:\/\/i3.wp.com\/interpim.erresse-shop.it\/Import\/Prodotti\/lego-room-copenhagen-storage-head-mini-set-4-pezzi.jpg?ssl=1\",\"contentUrl\":\"https:\/\/i3.wp.com\/interpim.erresse-shop.it\/Import\/Prodotti\/lego-room-copenhagen-storage-head-mini-set-4-pezzi.jpg?ssl=1\"},{\"@type\":\"BreadcrumbList\",\"@id\":\"https:\/\/dev6.erresse-shop.it\/de\/shop\/einrichtung-haus\/moebel\/lego-room-copenhagen-storage-head-mini-4-teiliges-set\/#breadcrumb\",\"itemListElement\":[{\"@type\":\"ListItem\",\"position\":1,\"name\":\"Home\",\"item\":\"https:\/\/dev6.erresse-shop.it\/\"},{\"@type\":\"ListItem\",\"position\":2,\"name\":\"Shop\",\"item\":\"https:\/\/dev6.erresse-shop.it\/shop\/\"},{\"@type\":\"ListItem\",\"position\":3,\"name\":\"LEGO &#8211; ROOM COPENHAGEN Storage Head Mini 4-teiliges Set\"}]},{\"@type\":\"WebSite\",\"@id\":\"https:\/\/dev6.erresse-shop.it\/#website\",\"url\":\"https:\/\/dev6.erresse-shop.it\/\",\"name\":\"Erresse Shop\",\"description\":\"\",\"publisher\":{\"@id\":\"https:\/\/dev6.erresse-shop.it\/#organization\"},\"potentialAction\":[{\"@type\":\"SearchAction\",\"target\":{\"@type\":\"EntryPoint\",\"urlTemplate\":\"https:\/\/dev6.erresse-shop.it\/?s={search_term_string}\"},\"query-input\":{\"@type\":\"PropertyValueSpecification\",\"valueRequired\":true,\"valueName\":\"search_term_string\"}}],\"inLanguage\":\"de\"},{\"@type\":\"Organization\",\"@id\":\"https:\/\/dev6.erresse-shop.it\/#organization\",\"name\":\"Erresse Shop\",\"url\":\"https:\/\/dev6.erresse-shop.it\/\",\"logo\":{\"@type\":\"ImageObject\",\"inLanguage\":\"de\",\"@id\":\"https:\/\/dev6.erresse-shop.it\/#\/schema\/logo\/image\/\",\"url\":\"https:\/\/dev6.erresse-shop.it\/wp-content\/uploads\/2025\/01\/LOGO-ERRESSE-CLASSICO.svg\",\"contentUrl\":\"https:\/\/dev6.erresse-shop.it\/wp-content\/uploads\/2025\/01\/LOGO-ERRESSE-CLASSICO.svg\",\"caption\":\"Erresse Shop\"},\"image\":{\"@id\":\"https:\/\/dev6.erresse-shop.it\/#\/schema\/logo\/image\/\"}}]}<\/script>\n<!-- \/ Yoast SEO plugin. -->","yoast_head_json":{"title":"LEGO &#8211; ROOM COPENHAGEN Storage Head Mini 4-teiliges Set - dev6 Erresse","description":"Dieses Set enth\u00e4lt vier Beh\u00e4lter in Kopfform mit l\u00e4chelnden Jungen- und M\u00e4dchengesichtern. Diese Beh\u00e4lter eignen sich perfekt f\u00fcr die originelle und","robots":{"index":"noindex","follow":"follow","max-snippet":"max-snippet:-1","max-image-preview":"max-image-preview:large","max-video-preview":"max-video-preview:-1"},"og_locale":"de_DE","og_type":"article","og_title":"LEGO &#8211; ROOM COPENHAGEN Storage Head Mini 4-teiliges Set - dev6 Erresse","og_description":"Dieses Set enth\u00e4lt vier Beh\u00e4lter in Kopfform mit l\u00e4chelnden Jungen- und M\u00e4dchengesichtern. Diese Beh\u00e4lter eignen sich perfekt f\u00fcr die originelle und","og_url":"https:\/\/dev6.erresse-shop.it\/de\/shop\/einrichtung-haus\/moebel\/lego-room-copenhagen-storage-head-mini-4-teiliges-set\/","og_site_name":"dev6 Erresse","og_image":[{"url":"https:\/\/interpim.erresse-shop.it\/Import\/Prodotti\/lego-room-copenhagen-storage-head-mini-set-4-pezzi.jpg","type":"","width":"","height":""},{"url":"https:\/\/interpim.erresse-shop.it\/Import\/Prodotti\/lego-room-copenhagen-storage-head-mini-set-4-pezzi.jpg","width":1024,"height":1024,"type":"image\/jpeg"}],"twitter_card":"summary_large_image","twitter_image":"https:\/\/interpim.erresse-shop.it\/Import\/Prodotti\/lego-room-copenhagen-storage-head-mini-set-4-pezzi.jpg","schema":{"@context":"https:\/\/schema.org","@graph":[{"@type":"WebPage","@id":"https:\/\/dev6.erresse-shop.it\/de\/shop\/einrichtung-haus\/moebel\/lego-room-copenhagen-storage-head-mini-4-teiliges-set\/","url":"https:\/\/dev6.erresse-shop.it\/de\/shop\/einrichtung-haus\/moebel\/lego-room-copenhagen-storage-head-mini-4-teiliges-set\/","name":"LEGO &#8211; ROOM COPENHAGEN Storage Head Mini 4-teiliges Set - dev6 Erresse","isPartOf":{"@id":"https:\/\/dev6.erresse-shop.it\/#website"},"primaryImageOfPage":{"@id":"https:\/\/dev6.erresse-shop.it\/de\/shop\/einrichtung-haus\/moebel\/lego-room-copenhagen-storage-head-mini-4-teiliges-set\/#primaryimage"},"image":{"@id":"https:\/\/dev6.erresse-shop.it\/de\/shop\/einrichtung-haus\/moebel\/lego-room-copenhagen-storage-head-mini-4-teiliges-set\/#primaryimage"},"thumbnailUrl":"https:\/\/i3.wp.com\/interpim.erresse-shop.it\/Import\/Prodotti\/lego-room-copenhagen-storage-head-mini-set-4-pezzi.jpg?ssl=1","datePublished":"2026-04-04T11:53:32+00:00","description":"Dieses Set enth\u00e4lt vier Beh\u00e4lter in Kopfform mit l\u00e4chelnden Jungen- und M\u00e4dchengesichtern. Diese Beh\u00e4lter eignen sich perfekt f\u00fcr die originelle und","breadcrumb":{"@id":"https:\/\/dev6.erresse-shop.it\/de\/shop\/einrichtung-haus\/moebel\/lego-room-copenhagen-storage-head-mini-4-teiliges-set\/#breadcrumb"},"inLanguage":"de","potentialAction":[{"@type":"ReadAction","target":["https:\/\/dev6.erresse-shop.it\/de\/shop\/einrichtung-haus\/moebel\/lego-room-copenhagen-storage-head-mini-4-teiliges-set\/"]}]},{"@type":"ImageObject","inLanguage":"de","@id":"https:\/\/dev6.erresse-shop.it\/de\/shop\/einrichtung-haus\/moebel\/lego-room-copenhagen-storage-head-mini-4-teiliges-set\/#primaryimage","url":"https:\/\/i3.wp.com\/interpim.erresse-shop.it\/Import\/Prodotti\/lego-room-copenhagen-storage-head-mini-set-4-pezzi.jpg?ssl=1","contentUrl":"https:\/\/i3.wp.com\/interpim.erresse-shop.it\/Import\/Prodotti\/lego-room-copenhagen-storage-head-mini-set-4-pezzi.jpg?ssl=1"},{"@type":"BreadcrumbList","@id":"https:\/\/dev6.erresse-shop.it\/de\/shop\/einrichtung-haus\/moebel\/lego-room-copenhagen-storage-head-mini-4-teiliges-set\/#breadcrumb","itemListElement":[{"@type":"ListItem","position":1,"name":"Home","item":"https:\/\/dev6.erresse-shop.it\/"},{"@type":"ListItem","position":2,"name":"Shop","item":"https:\/\/dev6.erresse-shop.it\/shop\/"},{"@type":"ListItem","position":3,"name":"LEGO &#8211; ROOM COPENHAGEN Storage Head Mini 4-teiliges Set"}]},{"@type":"WebSite","@id":"https:\/\/dev6.erresse-shop.it\/#website","url":"https:\/\/dev6.erresse-shop.it\/","name":"Erresse Shop","description":"","publisher":{"@id":"https:\/\/dev6.erresse-shop.it\/#organization"},"potentialAction":[{"@type":"SearchAction","target":{"@type":"EntryPoint","urlTemplate":"https:\/\/dev6.erresse-shop.it\/?s={search_term_string}"},"query-input":{"@type":"PropertyValueSpecification","valueRequired":true,"valueName":"search_term_string"}}],"inLanguage":"de"},{"@type":"Organization","@id":"https:\/\/dev6.erresse-shop.it\/#organization","name":"Erresse Shop","url":"https:\/\/dev6.erresse-shop.it\/","logo":{"@type":"ImageObject","inLanguage":"de","@id":"https:\/\/dev6.erresse-shop.it\/#\/schema\/logo\/image\/","url":"https:\/\/dev6.erresse-shop.it\/wp-content\/uploads\/2025\/01\/LOGO-ERRESSE-CLASSICO.svg","contentUrl":"https:\/\/dev6.erresse-shop.it\/wp-content\/uploads\/2025\/01\/LOGO-ERRESSE-CLASSICO.svg","caption":"Erresse Shop"},"image":{"@id":"https:\/\/dev6.erresse-shop.it\/#\/schema\/logo\/image\/"}}]}},"df_price":44,"df_sale_price":44,"df_regular_price":49.99,"df_image_link":"https:\/\/i3.wp.com\/interpim.erresse-shop.it\/Import\/Prodotti\/lego-room-copenhagen-storage-head-mini-set-4-pezzi.jpg?resize=300,300&ssl=1","fifu_image_url":"https:\/\/interpim.erresse-shop.it\/Import\/Prodotti\/lego-room-copenhagen-storage-head-mini-set-4-pezzi.jpg","_links":{"self":[{"href":"https:\/\/dev6.erresse-shop.it\/de\/wp-json\/wp\/v2\/product\/1601166","targetHints":{"allow":["GET"]}}],"collection":[{"href":"https:\/\/dev6.erresse-shop.it\/de\/wp-json\/wp\/v2\/product"}],"about":[{"href":"https:\/\/dev6.erresse-shop.it\/de\/wp-json\/wp\/v2\/types\/product"}],"wp:featuredmedia":[{"embeddable":true,"href":"https:\/\/dev6.erresse-shop.it\/de\/wp-json\/wp\/v2\/media\/6295704"}],"wp:attachment":[{"href":"https:\/\/dev6.erresse-shop.it\/de\/wp-json\/wp\/v2\/media?parent=1601166"}],"wp:term":[{"taxonomy":"product_cat","embeddable":true,"href":"https:\/\/dev6.erresse-shop.it\/de\/wp-json\/wp\/v2\/product_cat?post=1601166"},{"taxonomy":"product_tag","embeddable":true,"href":"https:\/\/dev6.erresse-shop.it\/de\/wp-json\/wp\/v2\/product_tag?post=1601166"}],"curies":[{"name":"wp","href":"https:\/\/api.w.org\/{rel}","templated":true}]}}