{"id":1601164,"date":"2026-04-12T13:55:57","date_gmt":"2026-04-12T11:55:57","guid":{"rendered":"https:\/\/dev6.erresse-shop.it\/shop\/unkategorisiert\/lego-room-copenhagen-storage-head-mini-4-teiliges-set-2\/"},"modified":"2025-07-04T15:07:28","modified_gmt":"2025-07-04T13:07:28","slug":"lego-room-copenhagen-storage-head-mini-4-teiliges-set-2","status":"publish","type":"product","link":"https:\/\/dev6.erresse-shop.it\/de\/shop\/einrichtung-haus\/moebel\/lego-room-copenhagen-storage-head-mini-4-teiliges-set-2\/","title":{"rendered":"LEGO &#8211; ROOM COPENHAGEN Storage Head Mini 4-teiliges Set 2"},"content":{"rendered":"<p>Bringen Sie mit diesem 4er-Set LEGO Kopfbeh\u00e4lter Spa\u00df und Kreativit\u00e4t in Ihr Zuhause. Jeder Beh\u00e4lter besticht durch niedliche Jungen- und M\u00e4dchengesichter und eignet sich perfekt zum Ordnen und Dekorieren mit einem originellen und verspielten Touch.<\/p>\n<p>Ikonisches und funktionales Design<\/p>\n<p>Diese Beh\u00e4lter bilden den ber\u00fchmten LEGO Kopf im Miniformat nach, eine Ikone, die Jung und Alt begeistert. Mit Liebe zum Detail gefertigt, eignen sie sich ideal zur Aufbewahrung kleiner Gegenst\u00e4nde wie LEGO Steine, Schreibwaren oder diverser Accessoires und sorgen f\u00fcr Ordnung und Fr\u00f6hlichkeit.<\/p>\n<p>Sichere und langlebige Materialien<\/p>\n<p>Diese Beh\u00e4lter aus BPA-freiem Polypropylen sind sicher, widerstandsf\u00e4hig und langlebig. Die LEGO Qualit\u00e4t garantiert \u00e4u\u00dferst zuverl\u00e4ssige Materialien \u2013 perfekt f\u00fcr den t\u00e4glichen Gebrauch zu Hause oder im Kinderzimmer.<\/p>\n<p>Kompakte Gr\u00f6\u00dfe f\u00fcr jeden Platz<\/p>\n<p>Mit den Ma\u00dfen 10,2 x 10,2 x 11,5 cm pro Kopf ist das LEGO Set kompakt und vielseitig einsetzbar. Es passt perfekt in Regale, Schreibtische oder B\u00fccherregale und f\u00fcgt sich m\u00fchelos in jede Umgebung ein und verleiht ihnen eine einzigartige dekorative Note.<\/p>\n<p>Eine perfekte und originelle Geschenkidee<\/p>\n<p>Dieses Set ist eine fantastische Geschenkidee f\u00fcr LEGO Fans jeden Alters. Perfekt f\u00fcr Geburtstage, Feiertage oder einfach, um mit einem funktionalen und gleichzeitig verspielten Objekt zu \u00fcberraschen. Lassen Sie Ihrer Kreativit\u00e4t mit den LEGO Kopfbeh\u00e4ltern freien Lauf!<\/p>\n","protected":false},"excerpt":{"rendered":"<p>Bringen Sie mit diesem 4er-Set LEGO Kopfbeh\u00e4lter Spa\u00df und Kreativit\u00e4t in Ihr Zuhause. Jeder Beh\u00e4lter besticht durch niedliche Jungen- und M\u00e4dchengesichter und eignet sich perfekt zum Ordnen und Dekorieren mit einem originellen und verspielten Touch. Ikonisches und funktionales Design Diese Beh\u00e4lter bilden den ber\u00fchmten LEGO Kopf im Miniformat nach, eine Ikone, die Jung und Alt [&hellip;]<\/p>\n","protected":false},"featured_media":6378973,"template":"","meta":{"_acf_changed":false},"product_cat":[12098,12142],"product_tag":[],"class_list":{"0":"post-1601164","1":"product","2":"type-product","3":"status-publish","4":"has-post-thumbnail","6":"product_cat-einrichtung-haus","7":"product_cat-moebel","9":"first","10":"instock","11":"taxable","12":"shipping-taxable","13":"purchasable","14":"product-type-simple","swatches":"rey-swatches","show_selected":"","stretch_labels":"rey-swatches--stretch-labels"},"acf":[],"yoast_head":"<!-- This site is optimized with the Yoast SEO plugin v25.4 - https:\/\/yoast.com\/wordpress\/plugins\/seo\/ -->\n<title>LEGO &#8211; ROOM COPENHAGEN Storage Head Mini 4-teiliges Set 2 - dev6 Erresse<\/title>\n<meta name=\"description\" content=\"Bringen Sie mit diesem 4er-Set LEGO Kopfbeh\u00e4lter Spa\u00df und Kreativit\u00e4t in Ihr Zuhause. Jeder Beh\u00e4lter besticht durch niedliche Jungen- und M\u00e4dchengesichter\" \/>\n<meta name=\"robots\" content=\"noindex, follow, max-snippet:-1, max-image-preview:large, max-video-preview:-1\" \/>\n<meta property=\"og:locale\" content=\"de_DE\" \/>\n<meta property=\"og:type\" content=\"article\" \/>\n<meta property=\"og:title\" content=\"LEGO &#8211; ROOM COPENHAGEN Storage Head Mini 4-teiliges Set 2 - dev6 Erresse\" \/>\n<meta property=\"og:description\" content=\"Bringen Sie mit diesem 4er-Set LEGO Kopfbeh\u00e4lter Spa\u00df und Kreativit\u00e4t in Ihr Zuhause. Jeder Beh\u00e4lter besticht durch niedliche Jungen- und M\u00e4dchengesichter\" \/>\n<meta property=\"og:url\" content=\"https:\/\/dev6.erresse-shop.it\/de\/shop\/einrichtung-haus\/moebel\/lego-room-copenhagen-storage-head-mini-4-teiliges-set-2\/\" \/>\n<meta property=\"og:site_name\" content=\"dev6 Erresse\" \/>\n<meta property=\"og:image\" content=\"https:\/\/interpim.erresse-shop.it\/Import\/Prodotti\/lego-room-copenhagen-storage-head-mini-set-4-pezzi-2.jpg\" \/><meta property=\"og:image\" content=\"https:\/\/interpim.erresse-shop.it\/Import\/Prodotti\/lego-room-copenhagen-storage-head-mini-set-4-pezzi-2.jpg\" \/>\n\t<meta property=\"og:image:width\" content=\"1024\" \/>\n\t<meta property=\"og:image:height\" content=\"1024\" \/>\n\t<meta property=\"og:image:type\" content=\"image\/jpeg\" \/>\n<meta name=\"twitter:card\" content=\"summary_large_image\" \/>\n<meta name=\"twitter:image\" content=\"https:\/\/interpim.erresse-shop.it\/Import\/Prodotti\/lego-room-copenhagen-storage-head-mini-set-4-pezzi-2.jpg\" \/>\n<script type=\"application\/ld+json\" class=\"yoast-schema-graph\">{\"@context\":\"https:\/\/schema.org\",\"@graph\":[{\"@type\":\"WebPage\",\"@id\":\"https:\/\/dev6.erresse-shop.it\/de\/shop\/einrichtung-haus\/moebel\/lego-room-copenhagen-storage-head-mini-4-teiliges-set-2\/\",\"url\":\"https:\/\/dev6.erresse-shop.it\/de\/shop\/einrichtung-haus\/moebel\/lego-room-copenhagen-storage-head-mini-4-teiliges-set-2\/\",\"name\":\"LEGO &#8211; ROOM COPENHAGEN Storage Head Mini 4-teiliges Set 2 - dev6 Erresse\",\"isPartOf\":{\"@id\":\"https:\/\/dev6.erresse-shop.it\/#website\"},\"primaryImageOfPage\":{\"@id\":\"https:\/\/dev6.erresse-shop.it\/de\/shop\/einrichtung-haus\/moebel\/lego-room-copenhagen-storage-head-mini-4-teiliges-set-2\/#primaryimage\"},\"image\":{\"@id\":\"https:\/\/dev6.erresse-shop.it\/de\/shop\/einrichtung-haus\/moebel\/lego-room-copenhagen-storage-head-mini-4-teiliges-set-2\/#primaryimage\"},\"thumbnailUrl\":\"https:\/\/i2.wp.com\/interpim.erresse-shop.it\/Import\/Prodotti\/lego-room-copenhagen-storage-head-mini-set-4-pezzi-2.jpg?ssl=1\",\"datePublished\":\"2026-04-12T11:55:57+00:00\",\"description\":\"Bringen Sie mit diesem 4er-Set LEGO Kopfbeh\u00e4lter Spa\u00df und Kreativit\u00e4t in Ihr Zuhause. Jeder Beh\u00e4lter besticht durch niedliche Jungen- und M\u00e4dchengesichter\",\"breadcrumb\":{\"@id\":\"https:\/\/dev6.erresse-shop.it\/de\/shop\/einrichtung-haus\/moebel\/lego-room-copenhagen-storage-head-mini-4-teiliges-set-2\/#breadcrumb\"},\"inLanguage\":\"de\",\"potentialAction\":[{\"@type\":\"ReadAction\",\"target\":[\"https:\/\/dev6.erresse-shop.it\/de\/shop\/einrichtung-haus\/moebel\/lego-room-copenhagen-storage-head-mini-4-teiliges-set-2\/\"]}]},{\"@type\":\"ImageObject\",\"inLanguage\":\"de\",\"@id\":\"https:\/\/dev6.erresse-shop.it\/de\/shop\/einrichtung-haus\/moebel\/lego-room-copenhagen-storage-head-mini-4-teiliges-set-2\/#primaryimage\",\"url\":\"https:\/\/i2.wp.com\/interpim.erresse-shop.it\/Import\/Prodotti\/lego-room-copenhagen-storage-head-mini-set-4-pezzi-2.jpg?ssl=1\",\"contentUrl\":\"https:\/\/i2.wp.com\/interpim.erresse-shop.it\/Import\/Prodotti\/lego-room-copenhagen-storage-head-mini-set-4-pezzi-2.jpg?ssl=1\"},{\"@type\":\"BreadcrumbList\",\"@id\":\"https:\/\/dev6.erresse-shop.it\/de\/shop\/einrichtung-haus\/moebel\/lego-room-copenhagen-storage-head-mini-4-teiliges-set-2\/#breadcrumb\",\"itemListElement\":[{\"@type\":\"ListItem\",\"position\":1,\"name\":\"Home\",\"item\":\"https:\/\/dev6.erresse-shop.it\/\"},{\"@type\":\"ListItem\",\"position\":2,\"name\":\"Shop\",\"item\":\"https:\/\/dev6.erresse-shop.it\/shop\/\"},{\"@type\":\"ListItem\",\"position\":3,\"name\":\"LEGO &#8211; ROOM COPENHAGEN Storage Head Mini 4-teiliges Set 2\"}]},{\"@type\":\"WebSite\",\"@id\":\"https:\/\/dev6.erresse-shop.it\/#website\",\"url\":\"https:\/\/dev6.erresse-shop.it\/\",\"name\":\"Erresse Shop\",\"description\":\"\",\"publisher\":{\"@id\":\"https:\/\/dev6.erresse-shop.it\/#organization\"},\"potentialAction\":[{\"@type\":\"SearchAction\",\"target\":{\"@type\":\"EntryPoint\",\"urlTemplate\":\"https:\/\/dev6.erresse-shop.it\/?s={search_term_string}\"},\"query-input\":{\"@type\":\"PropertyValueSpecification\",\"valueRequired\":true,\"valueName\":\"search_term_string\"}}],\"inLanguage\":\"de\"},{\"@type\":\"Organization\",\"@id\":\"https:\/\/dev6.erresse-shop.it\/#organization\",\"name\":\"Erresse Shop\",\"url\":\"https:\/\/dev6.erresse-shop.it\/\",\"logo\":{\"@type\":\"ImageObject\",\"inLanguage\":\"de\",\"@id\":\"https:\/\/dev6.erresse-shop.it\/#\/schema\/logo\/image\/\",\"url\":\"https:\/\/dev6.erresse-shop.it\/wp-content\/uploads\/2025\/01\/LOGO-ERRESSE-CLASSICO.svg\",\"contentUrl\":\"https:\/\/dev6.erresse-shop.it\/wp-content\/uploads\/2025\/01\/LOGO-ERRESSE-CLASSICO.svg\",\"caption\":\"Erresse Shop\"},\"image\":{\"@id\":\"https:\/\/dev6.erresse-shop.it\/#\/schema\/logo\/image\/\"}}]}<\/script>\n<!-- \/ Yoast SEO plugin. -->","yoast_head_json":{"title":"LEGO &#8211; ROOM COPENHAGEN Storage Head Mini 4-teiliges Set 2 - dev6 Erresse","description":"Bringen Sie mit diesem 4er-Set LEGO Kopfbeh\u00e4lter Spa\u00df und Kreativit\u00e4t in Ihr Zuhause. Jeder Beh\u00e4lter besticht durch niedliche Jungen- und M\u00e4dchengesichter","robots":{"index":"noindex","follow":"follow","max-snippet":"max-snippet:-1","max-image-preview":"max-image-preview:large","max-video-preview":"max-video-preview:-1"},"og_locale":"de_DE","og_type":"article","og_title":"LEGO &#8211; ROOM COPENHAGEN Storage Head Mini 4-teiliges Set 2 - dev6 Erresse","og_description":"Bringen Sie mit diesem 4er-Set LEGO Kopfbeh\u00e4lter Spa\u00df und Kreativit\u00e4t in Ihr Zuhause. Jeder Beh\u00e4lter besticht durch niedliche Jungen- und M\u00e4dchengesichter","og_url":"https:\/\/dev6.erresse-shop.it\/de\/shop\/einrichtung-haus\/moebel\/lego-room-copenhagen-storage-head-mini-4-teiliges-set-2\/","og_site_name":"dev6 Erresse","og_image":[{"url":"https:\/\/interpim.erresse-shop.it\/Import\/Prodotti\/lego-room-copenhagen-storage-head-mini-set-4-pezzi-2.jpg","type":"","width":"","height":""},{"url":"https:\/\/interpim.erresse-shop.it\/Import\/Prodotti\/lego-room-copenhagen-storage-head-mini-set-4-pezzi-2.jpg","width":1024,"height":1024,"type":"image\/jpeg"}],"twitter_card":"summary_large_image","twitter_image":"https:\/\/interpim.erresse-shop.it\/Import\/Prodotti\/lego-room-copenhagen-storage-head-mini-set-4-pezzi-2.jpg","schema":{"@context":"https:\/\/schema.org","@graph":[{"@type":"WebPage","@id":"https:\/\/dev6.erresse-shop.it\/de\/shop\/einrichtung-haus\/moebel\/lego-room-copenhagen-storage-head-mini-4-teiliges-set-2\/","url":"https:\/\/dev6.erresse-shop.it\/de\/shop\/einrichtung-haus\/moebel\/lego-room-copenhagen-storage-head-mini-4-teiliges-set-2\/","name":"LEGO &#8211; ROOM COPENHAGEN Storage Head Mini 4-teiliges Set 2 - dev6 Erresse","isPartOf":{"@id":"https:\/\/dev6.erresse-shop.it\/#website"},"primaryImageOfPage":{"@id":"https:\/\/dev6.erresse-shop.it\/de\/shop\/einrichtung-haus\/moebel\/lego-room-copenhagen-storage-head-mini-4-teiliges-set-2\/#primaryimage"},"image":{"@id":"https:\/\/dev6.erresse-shop.it\/de\/shop\/einrichtung-haus\/moebel\/lego-room-copenhagen-storage-head-mini-4-teiliges-set-2\/#primaryimage"},"thumbnailUrl":"https:\/\/i2.wp.com\/interpim.erresse-shop.it\/Import\/Prodotti\/lego-room-copenhagen-storage-head-mini-set-4-pezzi-2.jpg?ssl=1","datePublished":"2026-04-12T11:55:57+00:00","description":"Bringen Sie mit diesem 4er-Set LEGO Kopfbeh\u00e4lter Spa\u00df und Kreativit\u00e4t in Ihr Zuhause. Jeder Beh\u00e4lter besticht durch niedliche Jungen- und M\u00e4dchengesichter","breadcrumb":{"@id":"https:\/\/dev6.erresse-shop.it\/de\/shop\/einrichtung-haus\/moebel\/lego-room-copenhagen-storage-head-mini-4-teiliges-set-2\/#breadcrumb"},"inLanguage":"de","potentialAction":[{"@type":"ReadAction","target":["https:\/\/dev6.erresse-shop.it\/de\/shop\/einrichtung-haus\/moebel\/lego-room-copenhagen-storage-head-mini-4-teiliges-set-2\/"]}]},{"@type":"ImageObject","inLanguage":"de","@id":"https:\/\/dev6.erresse-shop.it\/de\/shop\/einrichtung-haus\/moebel\/lego-room-copenhagen-storage-head-mini-4-teiliges-set-2\/#primaryimage","url":"https:\/\/i2.wp.com\/interpim.erresse-shop.it\/Import\/Prodotti\/lego-room-copenhagen-storage-head-mini-set-4-pezzi-2.jpg?ssl=1","contentUrl":"https:\/\/i2.wp.com\/interpim.erresse-shop.it\/Import\/Prodotti\/lego-room-copenhagen-storage-head-mini-set-4-pezzi-2.jpg?ssl=1"},{"@type":"BreadcrumbList","@id":"https:\/\/dev6.erresse-shop.it\/de\/shop\/einrichtung-haus\/moebel\/lego-room-copenhagen-storage-head-mini-4-teiliges-set-2\/#breadcrumb","itemListElement":[{"@type":"ListItem","position":1,"name":"Home","item":"https:\/\/dev6.erresse-shop.it\/"},{"@type":"ListItem","position":2,"name":"Shop","item":"https:\/\/dev6.erresse-shop.it\/shop\/"},{"@type":"ListItem","position":3,"name":"LEGO &#8211; ROOM COPENHAGEN Storage Head Mini 4-teiliges Set 2"}]},{"@type":"WebSite","@id":"https:\/\/dev6.erresse-shop.it\/#website","url":"https:\/\/dev6.erresse-shop.it\/","name":"Erresse Shop","description":"","publisher":{"@id":"https:\/\/dev6.erresse-shop.it\/#organization"},"potentialAction":[{"@type":"SearchAction","target":{"@type":"EntryPoint","urlTemplate":"https:\/\/dev6.erresse-shop.it\/?s={search_term_string}"},"query-input":{"@type":"PropertyValueSpecification","valueRequired":true,"valueName":"search_term_string"}}],"inLanguage":"de"},{"@type":"Organization","@id":"https:\/\/dev6.erresse-shop.it\/#organization","name":"Erresse Shop","url":"https:\/\/dev6.erresse-shop.it\/","logo":{"@type":"ImageObject","inLanguage":"de","@id":"https:\/\/dev6.erresse-shop.it\/#\/schema\/logo\/image\/","url":"https:\/\/dev6.erresse-shop.it\/wp-content\/uploads\/2025\/01\/LOGO-ERRESSE-CLASSICO.svg","contentUrl":"https:\/\/dev6.erresse-shop.it\/wp-content\/uploads\/2025\/01\/LOGO-ERRESSE-CLASSICO.svg","caption":"Erresse Shop"},"image":{"@id":"https:\/\/dev6.erresse-shop.it\/#\/schema\/logo\/image\/"}}]}},"df_price":49.99,"df_sale_price":"","df_regular_price":49.99,"df_image_link":"https:\/\/i2.wp.com\/interpim.erresse-shop.it\/Import\/Prodotti\/lego-room-copenhagen-storage-head-mini-set-4-pezzi-2.jpg?resize=300,300&ssl=1","fifu_image_url":"https:\/\/interpim.erresse-shop.it\/Import\/Prodotti\/lego-room-copenhagen-storage-head-mini-set-4-pezzi-2.jpg","_links":{"self":[{"href":"https:\/\/dev6.erresse-shop.it\/de\/wp-json\/wp\/v2\/product\/1601164","targetHints":{"allow":["GET"]}}],"collection":[{"href":"https:\/\/dev6.erresse-shop.it\/de\/wp-json\/wp\/v2\/product"}],"about":[{"href":"https:\/\/dev6.erresse-shop.it\/de\/wp-json\/wp\/v2\/types\/product"}],"wp:featuredmedia":[{"embeddable":true,"href":"https:\/\/dev6.erresse-shop.it\/de\/wp-json\/wp\/v2\/media\/6378973"}],"wp:attachment":[{"href":"https:\/\/dev6.erresse-shop.it\/de\/wp-json\/wp\/v2\/media?parent=1601164"}],"wp:term":[{"taxonomy":"product_cat","embeddable":true,"href":"https:\/\/dev6.erresse-shop.it\/de\/wp-json\/wp\/v2\/product_cat?post=1601164"},{"taxonomy":"product_tag","embeddable":true,"href":"https:\/\/dev6.erresse-shop.it\/de\/wp-json\/wp\/v2\/product_tag?post=1601164"}],"curies":[{"name":"wp","href":"https:\/\/api.w.org\/{rel}","templated":true}]}}