{"id":1601162,"date":"2026-04-04T13:53:32","date_gmt":"2026-04-04T11:53:32","guid":{"rendered":"https:\/\/dev6.erresse-shop.it\/shop\/unkategorisiert\/lego-room-copenhagen-blaues-regal-mit-3-schubladen\/"},"modified":"2025-07-04T15:07:26","modified_gmt":"2025-07-04T13:07:26","slug":"lego-room-copenhagen-blaues-regal-mit-3-schubladen","status":"publish","type":"product","link":"https:\/\/dev6.erresse-shop.it\/de\/shop\/einrichtung-haus\/moebel\/lego-room-copenhagen-blaues-regal-mit-3-schubladen\/","title":{"rendered":"LEGO &#8211; ROOM COPENHAGEN Blaues Regal mit 3 Schubladen"},"content":{"rendered":"<p id=\"ucj-12\" class=\"oBOnKe\">Mit diesem transparent-blauen LEGO Iconic Regalsystem k\u00f6nnen LEGO\u00ae Baumeister ihrer Kreativit\u00e4t freien Lauf lassen und ihre LEGO Steine \u200b\u200bund Teile ordnen. Die Seiten der drei herausnehmbaren, farbenfrohen Schubladen sind mit dekorativen LEGO Steinen graviert. Dank der Grundplatte an der Vorderseite jeder Schublade k\u00f6nnen Kinder sie mit ihren eigenen LEGO Kreationen individuell gestalten.<\/p>\n<p class=\"oBOnKe\">Die Oberseite verf\u00fcgt \u00fcber eine integrierte Grundplatte, die Kindern ein cooles Bauerlebnis und viel Stauraum in einer kinderfreundlichen Einheit bietet.<\/p>\n<p>Verf\u00fcgt \u00fcber 3 transparente Schubladen in Rot, Gr\u00fcn und Blau, jede mit einer integrierten 4\u00d76 LEGO\u00ae Grundplatte zum Bauen.<br \/>\nEine 32\u00d732 cm gro\u00dfe Grundplatte ist in die Oberseite integriert und bietet Kindern eine stabile und ger\u00e4umige Baufl\u00e4che.<br \/>\nDie gesamte Einheit besteht aus pflegeleichtem Kunststoff mit abgerundeten Kanten, um St\u00f6\u00dfe zu vermeiden.<\/p>\n<p>Ma\u00dfe: 34x32x37 cm<\/p>\n","protected":false},"excerpt":{"rendered":"<p>Mit diesem transparent-blauen LEGO Iconic Regalsystem k\u00f6nnen LEGO\u00ae Baumeister ihrer Kreativit\u00e4t freien Lauf lassen und ihre LEGO Steine \u200b\u200bund Teile ordnen. Die Seiten der drei herausnehmbaren, farbenfrohen Schubladen sind mit dekorativen LEGO Steinen graviert. Dank der Grundplatte an der Vorderseite jeder Schublade k\u00f6nnen Kinder sie mit ihren eigenen LEGO Kreationen individuell gestalten. Die Oberseite verf\u00fcgt [&hellip;]<\/p>\n","protected":false},"featured_media":6295700,"template":"","meta":{"_acf_changed":false},"product_cat":[12098,12142],"product_tag":[],"class_list":{"0":"post-1601162","1":"product","2":"type-product","3":"status-publish","4":"has-post-thumbnail","6":"product_cat-einrichtung-haus","7":"product_cat-moebel","9":"first","10":"instock","11":"sale","12":"taxable","13":"shipping-taxable","14":"purchasable","15":"product-type-simple","swatches":"rey-swatches","show_selected":"","stretch_labels":"rey-swatches--stretch-labels"},"acf":[],"yoast_head":"<!-- This site is optimized with the Yoast SEO plugin v25.4 - https:\/\/yoast.com\/wordpress\/plugins\/seo\/ -->\n<title>LEGO &#8211; ROOM COPENHAGEN Blaues Regal mit 3 Schubladen - dev6 Erresse<\/title>\n<meta name=\"description\" content=\"Mit diesem transparent-blauen LEGO Iconic Regalsystem k\u00f6nnen LEGO\u00ae Baumeister ihrer Kreativit\u00e4t freien Lauf lassen und ihre LEGO Steine \u200b\u200bund Teile\" \/>\n<meta name=\"robots\" content=\"noindex, follow, max-snippet:-1, max-image-preview:large, max-video-preview:-1\" \/>\n<meta property=\"og:locale\" content=\"de_DE\" \/>\n<meta property=\"og:type\" content=\"article\" \/>\n<meta property=\"og:title\" content=\"LEGO &#8211; ROOM COPENHAGEN Blaues Regal mit 3 Schubladen - dev6 Erresse\" \/>\n<meta property=\"og:description\" content=\"Mit diesem transparent-blauen LEGO Iconic Regalsystem k\u00f6nnen LEGO\u00ae Baumeister ihrer Kreativit\u00e4t freien Lauf lassen und ihre LEGO Steine \u200b\u200bund Teile\" \/>\n<meta property=\"og:url\" content=\"https:\/\/dev6.erresse-shop.it\/de\/shop\/einrichtung-haus\/moebel\/lego-room-copenhagen-blaues-regal-mit-3-schubladen\/\" \/>\n<meta property=\"og:site_name\" content=\"dev6 Erresse\" \/>\n<meta property=\"og:image\" content=\"https:\/\/interpim.erresse-shop.it\/Import\/Prodotti\/lego-room-copenhagen-scaffale-3-cassetti.jpg\" \/><meta property=\"og:image\" content=\"https:\/\/interpim.erresse-shop.it\/Import\/Prodotti\/lego-room-copenhagen-scaffale-3-cassetti.jpg\" \/>\n\t<meta property=\"og:image:width\" content=\"1024\" \/>\n\t<meta property=\"og:image:height\" content=\"1024\" \/>\n\t<meta property=\"og:image:type\" content=\"image\/jpeg\" \/>\n<meta name=\"twitter:card\" content=\"summary_large_image\" \/>\n<meta name=\"twitter:image\" content=\"https:\/\/interpim.erresse-shop.it\/Import\/Prodotti\/lego-room-copenhagen-scaffale-3-cassetti.jpg\" \/>\n<script type=\"application\/ld+json\" class=\"yoast-schema-graph\">{\"@context\":\"https:\/\/schema.org\",\"@graph\":[{\"@type\":\"WebPage\",\"@id\":\"https:\/\/dev6.erresse-shop.it\/de\/shop\/einrichtung-haus\/moebel\/lego-room-copenhagen-blaues-regal-mit-3-schubladen\/\",\"url\":\"https:\/\/dev6.erresse-shop.it\/de\/shop\/einrichtung-haus\/moebel\/lego-room-copenhagen-blaues-regal-mit-3-schubladen\/\",\"name\":\"LEGO &#8211; ROOM COPENHAGEN Blaues Regal mit 3 Schubladen - dev6 Erresse\",\"isPartOf\":{\"@id\":\"https:\/\/dev6.erresse-shop.it\/#website\"},\"primaryImageOfPage\":{\"@id\":\"https:\/\/dev6.erresse-shop.it\/de\/shop\/einrichtung-haus\/moebel\/lego-room-copenhagen-blaues-regal-mit-3-schubladen\/#primaryimage\"},\"image\":{\"@id\":\"https:\/\/dev6.erresse-shop.it\/de\/shop\/einrichtung-haus\/moebel\/lego-room-copenhagen-blaues-regal-mit-3-schubladen\/#primaryimage\"},\"thumbnailUrl\":\"https:\/\/i1.wp.com\/interpim.erresse-shop.it\/Import\/Prodotti\/lego-room-copenhagen-scaffale-3-cassetti.jpg?ssl=1\",\"datePublished\":\"2026-04-04T11:53:32+00:00\",\"description\":\"Mit diesem transparent-blauen LEGO Iconic Regalsystem k\u00f6nnen LEGO\u00ae Baumeister ihrer Kreativit\u00e4t freien Lauf lassen und ihre LEGO Steine \u200b\u200bund Teile\",\"breadcrumb\":{\"@id\":\"https:\/\/dev6.erresse-shop.it\/de\/shop\/einrichtung-haus\/moebel\/lego-room-copenhagen-blaues-regal-mit-3-schubladen\/#breadcrumb\"},\"inLanguage\":\"de\",\"potentialAction\":[{\"@type\":\"ReadAction\",\"target\":[\"https:\/\/dev6.erresse-shop.it\/de\/shop\/einrichtung-haus\/moebel\/lego-room-copenhagen-blaues-regal-mit-3-schubladen\/\"]}]},{\"@type\":\"ImageObject\",\"inLanguage\":\"de\",\"@id\":\"https:\/\/dev6.erresse-shop.it\/de\/shop\/einrichtung-haus\/moebel\/lego-room-copenhagen-blaues-regal-mit-3-schubladen\/#primaryimage\",\"url\":\"https:\/\/i1.wp.com\/interpim.erresse-shop.it\/Import\/Prodotti\/lego-room-copenhagen-scaffale-3-cassetti.jpg?ssl=1\",\"contentUrl\":\"https:\/\/i1.wp.com\/interpim.erresse-shop.it\/Import\/Prodotti\/lego-room-copenhagen-scaffale-3-cassetti.jpg?ssl=1\"},{\"@type\":\"BreadcrumbList\",\"@id\":\"https:\/\/dev6.erresse-shop.it\/de\/shop\/einrichtung-haus\/moebel\/lego-room-copenhagen-blaues-regal-mit-3-schubladen\/#breadcrumb\",\"itemListElement\":[{\"@type\":\"ListItem\",\"position\":1,\"name\":\"Home\",\"item\":\"https:\/\/dev6.erresse-shop.it\/\"},{\"@type\":\"ListItem\",\"position\":2,\"name\":\"Shop\",\"item\":\"https:\/\/dev6.erresse-shop.it\/shop\/\"},{\"@type\":\"ListItem\",\"position\":3,\"name\":\"LEGO &#8211; ROOM COPENHAGEN Blaues Regal mit 3 Schubladen\"}]},{\"@type\":\"WebSite\",\"@id\":\"https:\/\/dev6.erresse-shop.it\/#website\",\"url\":\"https:\/\/dev6.erresse-shop.it\/\",\"name\":\"Erresse Shop\",\"description\":\"\",\"publisher\":{\"@id\":\"https:\/\/dev6.erresse-shop.it\/#organization\"},\"potentialAction\":[{\"@type\":\"SearchAction\",\"target\":{\"@type\":\"EntryPoint\",\"urlTemplate\":\"https:\/\/dev6.erresse-shop.it\/?s={search_term_string}\"},\"query-input\":{\"@type\":\"PropertyValueSpecification\",\"valueRequired\":true,\"valueName\":\"search_term_string\"}}],\"inLanguage\":\"de\"},{\"@type\":\"Organization\",\"@id\":\"https:\/\/dev6.erresse-shop.it\/#organization\",\"name\":\"Erresse Shop\",\"url\":\"https:\/\/dev6.erresse-shop.it\/\",\"logo\":{\"@type\":\"ImageObject\",\"inLanguage\":\"de\",\"@id\":\"https:\/\/dev6.erresse-shop.it\/#\/schema\/logo\/image\/\",\"url\":\"https:\/\/dev6.erresse-shop.it\/wp-content\/uploads\/2025\/01\/LOGO-ERRESSE-CLASSICO.svg\",\"contentUrl\":\"https:\/\/dev6.erresse-shop.it\/wp-content\/uploads\/2025\/01\/LOGO-ERRESSE-CLASSICO.svg\",\"caption\":\"Erresse Shop\"},\"image\":{\"@id\":\"https:\/\/dev6.erresse-shop.it\/#\/schema\/logo\/image\/\"}}]}<\/script>\n<!-- \/ Yoast SEO plugin. -->","yoast_head_json":{"title":"LEGO &#8211; ROOM COPENHAGEN Blaues Regal mit 3 Schubladen - dev6 Erresse","description":"Mit diesem transparent-blauen LEGO Iconic Regalsystem k\u00f6nnen LEGO\u00ae Baumeister ihrer Kreativit\u00e4t freien Lauf lassen und ihre LEGO Steine \u200b\u200bund Teile","robots":{"index":"noindex","follow":"follow","max-snippet":"max-snippet:-1","max-image-preview":"max-image-preview:large","max-video-preview":"max-video-preview:-1"},"og_locale":"de_DE","og_type":"article","og_title":"LEGO &#8211; ROOM COPENHAGEN Blaues Regal mit 3 Schubladen - dev6 Erresse","og_description":"Mit diesem transparent-blauen LEGO Iconic Regalsystem k\u00f6nnen LEGO\u00ae Baumeister ihrer Kreativit\u00e4t freien Lauf lassen und ihre LEGO Steine \u200b\u200bund Teile","og_url":"https:\/\/dev6.erresse-shop.it\/de\/shop\/einrichtung-haus\/moebel\/lego-room-copenhagen-blaues-regal-mit-3-schubladen\/","og_site_name":"dev6 Erresse","og_image":[{"url":"https:\/\/interpim.erresse-shop.it\/Import\/Prodotti\/lego-room-copenhagen-scaffale-3-cassetti.jpg","type":"","width":"","height":""},{"url":"https:\/\/interpim.erresse-shop.it\/Import\/Prodotti\/lego-room-copenhagen-scaffale-3-cassetti.jpg","width":1024,"height":1024,"type":"image\/jpeg"}],"twitter_card":"summary_large_image","twitter_image":"https:\/\/interpim.erresse-shop.it\/Import\/Prodotti\/lego-room-copenhagen-scaffale-3-cassetti.jpg","schema":{"@context":"https:\/\/schema.org","@graph":[{"@type":"WebPage","@id":"https:\/\/dev6.erresse-shop.it\/de\/shop\/einrichtung-haus\/moebel\/lego-room-copenhagen-blaues-regal-mit-3-schubladen\/","url":"https:\/\/dev6.erresse-shop.it\/de\/shop\/einrichtung-haus\/moebel\/lego-room-copenhagen-blaues-regal-mit-3-schubladen\/","name":"LEGO &#8211; ROOM COPENHAGEN Blaues Regal mit 3 Schubladen - dev6 Erresse","isPartOf":{"@id":"https:\/\/dev6.erresse-shop.it\/#website"},"primaryImageOfPage":{"@id":"https:\/\/dev6.erresse-shop.it\/de\/shop\/einrichtung-haus\/moebel\/lego-room-copenhagen-blaues-regal-mit-3-schubladen\/#primaryimage"},"image":{"@id":"https:\/\/dev6.erresse-shop.it\/de\/shop\/einrichtung-haus\/moebel\/lego-room-copenhagen-blaues-regal-mit-3-schubladen\/#primaryimage"},"thumbnailUrl":"https:\/\/i1.wp.com\/interpim.erresse-shop.it\/Import\/Prodotti\/lego-room-copenhagen-scaffale-3-cassetti.jpg?ssl=1","datePublished":"2026-04-04T11:53:32+00:00","description":"Mit diesem transparent-blauen LEGO Iconic Regalsystem k\u00f6nnen LEGO\u00ae Baumeister ihrer Kreativit\u00e4t freien Lauf lassen und ihre LEGO Steine \u200b\u200bund Teile","breadcrumb":{"@id":"https:\/\/dev6.erresse-shop.it\/de\/shop\/einrichtung-haus\/moebel\/lego-room-copenhagen-blaues-regal-mit-3-schubladen\/#breadcrumb"},"inLanguage":"de","potentialAction":[{"@type":"ReadAction","target":["https:\/\/dev6.erresse-shop.it\/de\/shop\/einrichtung-haus\/moebel\/lego-room-copenhagen-blaues-regal-mit-3-schubladen\/"]}]},{"@type":"ImageObject","inLanguage":"de","@id":"https:\/\/dev6.erresse-shop.it\/de\/shop\/einrichtung-haus\/moebel\/lego-room-copenhagen-blaues-regal-mit-3-schubladen\/#primaryimage","url":"https:\/\/i1.wp.com\/interpim.erresse-shop.it\/Import\/Prodotti\/lego-room-copenhagen-scaffale-3-cassetti.jpg?ssl=1","contentUrl":"https:\/\/i1.wp.com\/interpim.erresse-shop.it\/Import\/Prodotti\/lego-room-copenhagen-scaffale-3-cassetti.jpg?ssl=1"},{"@type":"BreadcrumbList","@id":"https:\/\/dev6.erresse-shop.it\/de\/shop\/einrichtung-haus\/moebel\/lego-room-copenhagen-blaues-regal-mit-3-schubladen\/#breadcrumb","itemListElement":[{"@type":"ListItem","position":1,"name":"Home","item":"https:\/\/dev6.erresse-shop.it\/"},{"@type":"ListItem","position":2,"name":"Shop","item":"https:\/\/dev6.erresse-shop.it\/shop\/"},{"@type":"ListItem","position":3,"name":"LEGO &#8211; ROOM COPENHAGEN Blaues Regal mit 3 Schubladen"}]},{"@type":"WebSite","@id":"https:\/\/dev6.erresse-shop.it\/#website","url":"https:\/\/dev6.erresse-shop.it\/","name":"Erresse Shop","description":"","publisher":{"@id":"https:\/\/dev6.erresse-shop.it\/#organization"},"potentialAction":[{"@type":"SearchAction","target":{"@type":"EntryPoint","urlTemplate":"https:\/\/dev6.erresse-shop.it\/?s={search_term_string}"},"query-input":{"@type":"PropertyValueSpecification","valueRequired":true,"valueName":"search_term_string"}}],"inLanguage":"de"},{"@type":"Organization","@id":"https:\/\/dev6.erresse-shop.it\/#organization","name":"Erresse Shop","url":"https:\/\/dev6.erresse-shop.it\/","logo":{"@type":"ImageObject","inLanguage":"de","@id":"https:\/\/dev6.erresse-shop.it\/#\/schema\/logo\/image\/","url":"https:\/\/dev6.erresse-shop.it\/wp-content\/uploads\/2025\/01\/LOGO-ERRESSE-CLASSICO.svg","contentUrl":"https:\/\/dev6.erresse-shop.it\/wp-content\/uploads\/2025\/01\/LOGO-ERRESSE-CLASSICO.svg","caption":"Erresse Shop"},"image":{"@id":"https:\/\/dev6.erresse-shop.it\/#\/schema\/logo\/image\/"}}]}},"df_price":53.95,"df_sale_price":53.95,"df_regular_price":59.99,"df_image_link":"https:\/\/i1.wp.com\/interpim.erresse-shop.it\/Import\/Prodotti\/lego-room-copenhagen-scaffale-3-cassetti.jpg?resize=300,300&ssl=1","fifu_image_url":"https:\/\/interpim.erresse-shop.it\/Import\/Prodotti\/lego-room-copenhagen-scaffale-3-cassetti.jpg","_links":{"self":[{"href":"https:\/\/dev6.erresse-shop.it\/de\/wp-json\/wp\/v2\/product\/1601162","targetHints":{"allow":["GET"]}}],"collection":[{"href":"https:\/\/dev6.erresse-shop.it\/de\/wp-json\/wp\/v2\/product"}],"about":[{"href":"https:\/\/dev6.erresse-shop.it\/de\/wp-json\/wp\/v2\/types\/product"}],"wp:featuredmedia":[{"embeddable":true,"href":"https:\/\/dev6.erresse-shop.it\/de\/wp-json\/wp\/v2\/media\/6295700"}],"wp:attachment":[{"href":"https:\/\/dev6.erresse-shop.it\/de\/wp-json\/wp\/v2\/media?parent=1601162"}],"wp:term":[{"taxonomy":"product_cat","embeddable":true,"href":"https:\/\/dev6.erresse-shop.it\/de\/wp-json\/wp\/v2\/product_cat?post=1601162"},{"taxonomy":"product_tag","embeddable":true,"href":"https:\/\/dev6.erresse-shop.it\/de\/wp-json\/wp\/v2\/product_tag?post=1601162"}],"curies":[{"name":"wp","href":"https:\/\/api.w.org\/{rel}","templated":true}]}}