{"id":1601106,"date":"2026-04-12T13:50:21","date_gmt":"2026-04-12T11:50:21","guid":{"rendered":"https:\/\/dev6.erresse-shop.it\/shop\/unkategorisiert\/zwilling-fresh-save-kunststoff-zubehoerset-5-stueck-grau\/"},"modified":"2026-01-16T22:12:51","modified_gmt":"2026-01-16T21:12:51","slug":"zwilling-fresh-save-kunststoff-zubehoerset-5-stueck-grau","status":"publish","type":"product","link":"https:\/\/dev6.erresse-shop.it\/de\/shop\/kuche\/vakuum\/zwilling-fresh-save-kunststoff-zubehoerset-5-stueck-grau\/","title":{"rendered":"ZWILLING Fresh &#038; Save Kunststoff-Zubeh\u00f6rset 5 St\u00fcck Grau"},"content":{"rendered":"<p>ZWILLING FRESH &amp; SCH\u00dcSSEL SPAREN: Das revolution\u00e4re Vakuumsystem sorgt nicht nur f\u00fcr mehr Frische. Dar\u00fcber hinaus vereinfacht es Ihren K\u00fcchenalltag dank zahlreicher L\u00f6sungen, die Unordnung bei der Essenszubereitung vermeiden.<\/p>\n<p>Unser praktisches Zubeh\u00f6rset enth\u00e4lt: Einen adaptiven Spritzschutz, passend f\u00fcr die 18 und 24 cm gro\u00dfen BOWLS und STAUB CERAMIQUE Schalen (ohne Griffe). Mit diesem Zubeh\u00f6r k\u00f6nnen Sie Zutaten kleckerfrei vermischen und vermengen und es dient gleichzeitig als St\u00fctze f\u00fcr die Verwendung von Zubeh\u00f6rteilen mit gro\u00dfen Sch\u00fcsseln.<\/p>\n<p>Drei austauschbare Aufs\u00e4tze: perfekt zum Reiben, Schneiden, Zesten, Sch\u00e4len und Hacken. Sie passen in alle 12-cm-Sch\u00fcsseln und k\u00f6nnen f\u00fcr die Verwendung mit gr\u00f6\u00dferen Sch\u00fcsseln in den Spritzschutz eingesetzt werden. So k\u00f6nnen Sie direkt in die Sch\u00fcsseln reiben.<\/p>\n<p>Eine rutschfeste Silikon-Backmatte f\u00fcr stabilen Halt beim Mixen und Reiben, als nachhaltiger Backpapier-Ersatz und praktische Knethilfe. Einfach in der Sp\u00fclmaschine zu reinigen.<\/p>\n<p>Zubeh\u00f6rset f\u00fcr ZWILLING FRESH &amp; SAVE BOWLS mit Spritzschutz, 3 Reibeaufs\u00e4tzen und rutschfester Silikonmatte, ofenfest<br \/>\nSpritzschutz passend f\u00fcr BOWLS und STAUB CERAMIQUE Sch\u00fcsseln (ohne Griffe) 18 und 24 cm<br \/>\n3 Aufs\u00e4tze f\u00fcr grobes, feines und geschnittenes Reiben<br \/>\nReibe mit ZWILLING Z-Cut-Design und bidirektionaler Schneidtechnologie<br \/>\nDie Reiben k\u00f6nnen in den Spritzschutz eingesetzt werden und sind auch f\u00fcr 18 und 24 cm Sch\u00fcsseln verwendbar<br \/>\nRutschfeste Silikonmatte f\u00fcr stabilen Halt beim Mixen und Reiben<br \/>\nVielseitige Silikonmatte: Erm\u00f6glicht das Ausrollen und Schneiden und ersetzt Backpapier (backofenfest bis 240\u00b0C)<\/p>\n<p>Produktdetails:<\/p>\n<p>Hitzebest\u00e4ndigkeit:240 \u00baC<br \/>\nK\u00e4ltebest\u00e4ndigkeit:0 \u00baC<br \/>\nMaterial:Kunststoff<br \/>\nVorhandener Versicherungsschutz:nein<br \/>\nSp\u00fclmaschinenfest:Ja<br \/>\nAnzahl der Teile:5<\/p>\n<p>\u00a0<\/p>\n","protected":false},"excerpt":{"rendered":"<p>ZWILLING FRESH &amp; SCH\u00dcSSEL SPAREN: Das revolution\u00e4re Vakuumsystem sorgt nicht nur f\u00fcr mehr Frische. Dar\u00fcber hinaus vereinfacht es Ihren K\u00fcchenalltag dank zahlreicher L\u00f6sungen, die Unordnung bei der Essenszubereitung vermeiden. Unser praktisches Zubeh\u00f6rset enth\u00e4lt: Einen adaptiven Spritzschutz, passend f\u00fcr die 18 und 24 cm gro\u00dfen BOWLS und STAUB CERAMIQUE Schalen (ohne Griffe). Mit diesem Zubeh\u00f6r k\u00f6nnen [&hellip;]<\/p>\n","protected":false},"featured_media":6378793,"template":"","meta":{"_acf_changed":false},"product_cat":[12100,12203],"product_tag":[],"class_list":{"0":"post-1601106","1":"product","2":"type-product","3":"status-publish","4":"has-post-thumbnail","6":"product_cat-kuche","7":"product_cat-vakuum","9":"first","10":"instock","11":"sale","12":"taxable","13":"shipping-taxable","14":"purchasable","15":"product-type-simple","swatches":"rey-swatches","show_selected":"","stretch_labels":"rey-swatches--stretch-labels"},"acf":[],"yoast_head":"<!-- This site is optimized with the Yoast SEO plugin v25.4 - https:\/\/yoast.com\/wordpress\/plugins\/seo\/ -->\n<title>ZWILLING Fresh &#038; Save Kunststoff-Zubeh\u00f6rset 5 St\u00fcck Grau - dev6 Erresse<\/title>\n<meta name=\"description\" content=\"ZWILLING FRESH &amp; SCH\u00dcSSEL SPAREN: Das revolution\u00e4re Vakuumsystem sorgt nicht nur f\u00fcr mehr Frische. Dar\u00fcber hinaus vereinfacht es Ihren K\u00fcchenalltag\" \/>\n<meta name=\"robots\" content=\"noindex, follow, max-snippet:-1, max-image-preview:large, max-video-preview:-1\" \/>\n<meta property=\"og:locale\" content=\"de_DE\" \/>\n<meta property=\"og:type\" content=\"article\" \/>\n<meta property=\"og:title\" content=\"ZWILLING Fresh &#038; Save Kunststoff-Zubeh\u00f6rset 5 St\u00fcck Grau - dev6 Erresse\" \/>\n<meta property=\"og:description\" content=\"ZWILLING FRESH &amp; SCH\u00dcSSEL SPAREN: Das revolution\u00e4re Vakuumsystem sorgt nicht nur f\u00fcr mehr Frische. Dar\u00fcber hinaus vereinfacht es Ihren K\u00fcchenalltag\" \/>\n<meta property=\"og:url\" content=\"https:\/\/dev6.erresse-shop.it\/de\/shop\/kuche\/vakuum\/zwilling-fresh-save-kunststoff-zubehoerset-5-stueck-grau\/\" \/>\n<meta property=\"og:site_name\" content=\"dev6 Erresse\" \/>\n<meta property=\"og:image\" content=\"https:\/\/interpim.erresse-shop.it\/Import\/Prodotti\/zwilling-set-accessori-fresh-save-in-plastica-5-pezzi-grigio.jpg\" \/><meta property=\"og:image\" content=\"https:\/\/interpim.erresse-shop.it\/Import\/Prodotti\/zwilling-set-accessori-fresh-save-in-plastica-5-pezzi-grigio.jpg\" \/>\n\t<meta property=\"og:image:width\" content=\"1024\" \/>\n\t<meta property=\"og:image:height\" content=\"1024\" \/>\n\t<meta property=\"og:image:type\" content=\"image\/jpeg\" \/>\n<meta name=\"twitter:card\" content=\"summary_large_image\" \/>\n<meta name=\"twitter:image\" content=\"https:\/\/interpim.erresse-shop.it\/Import\/Prodotti\/zwilling-set-accessori-fresh-save-in-plastica-5-pezzi-grigio.jpg\" \/>\n<script type=\"application\/ld+json\" class=\"yoast-schema-graph\">{\"@context\":\"https:\/\/schema.org\",\"@graph\":[{\"@type\":\"WebPage\",\"@id\":\"https:\/\/dev6.erresse-shop.it\/de\/shop\/kuche\/vakuum\/zwilling-fresh-save-kunststoff-zubehoerset-5-stueck-grau\/\",\"url\":\"https:\/\/dev6.erresse-shop.it\/de\/shop\/kuche\/vakuum\/zwilling-fresh-save-kunststoff-zubehoerset-5-stueck-grau\/\",\"name\":\"ZWILLING Fresh &#038; Save Kunststoff-Zubeh\u00f6rset 5 St\u00fcck Grau - dev6 Erresse\",\"isPartOf\":{\"@id\":\"https:\/\/dev6.erresse-shop.it\/#website\"},\"primaryImageOfPage\":{\"@id\":\"https:\/\/dev6.erresse-shop.it\/de\/shop\/kuche\/vakuum\/zwilling-fresh-save-kunststoff-zubehoerset-5-stueck-grau\/#primaryimage\"},\"image\":{\"@id\":\"https:\/\/dev6.erresse-shop.it\/de\/shop\/kuche\/vakuum\/zwilling-fresh-save-kunststoff-zubehoerset-5-stueck-grau\/#primaryimage\"},\"thumbnailUrl\":\"https:\/\/i1.wp.com\/interpim.erresse-shop.it\/Import\/Prodotti\/zwilling-set-accessori-fresh-save-in-plastica-5-pezzi-grigio.jpg?ssl=1\",\"datePublished\":\"2026-04-12T11:50:21+00:00\",\"description\":\"ZWILLING FRESH &amp; SCH\u00dcSSEL SPAREN: Das revolution\u00e4re Vakuumsystem sorgt nicht nur f\u00fcr mehr Frische. Dar\u00fcber hinaus vereinfacht es Ihren K\u00fcchenalltag\",\"breadcrumb\":{\"@id\":\"https:\/\/dev6.erresse-shop.it\/de\/shop\/kuche\/vakuum\/zwilling-fresh-save-kunststoff-zubehoerset-5-stueck-grau\/#breadcrumb\"},\"inLanguage\":\"de\",\"potentialAction\":[{\"@type\":\"ReadAction\",\"target\":[\"https:\/\/dev6.erresse-shop.it\/de\/shop\/kuche\/vakuum\/zwilling-fresh-save-kunststoff-zubehoerset-5-stueck-grau\/\"]}]},{\"@type\":\"ImageObject\",\"inLanguage\":\"de\",\"@id\":\"https:\/\/dev6.erresse-shop.it\/de\/shop\/kuche\/vakuum\/zwilling-fresh-save-kunststoff-zubehoerset-5-stueck-grau\/#primaryimage\",\"url\":\"https:\/\/i1.wp.com\/interpim.erresse-shop.it\/Import\/Prodotti\/zwilling-set-accessori-fresh-save-in-plastica-5-pezzi-grigio.jpg?ssl=1\",\"contentUrl\":\"https:\/\/i1.wp.com\/interpim.erresse-shop.it\/Import\/Prodotti\/zwilling-set-accessori-fresh-save-in-plastica-5-pezzi-grigio.jpg?ssl=1\"},{\"@type\":\"BreadcrumbList\",\"@id\":\"https:\/\/dev6.erresse-shop.it\/de\/shop\/kuche\/vakuum\/zwilling-fresh-save-kunststoff-zubehoerset-5-stueck-grau\/#breadcrumb\",\"itemListElement\":[{\"@type\":\"ListItem\",\"position\":1,\"name\":\"Home\",\"item\":\"https:\/\/dev6.erresse-shop.it\/\"},{\"@type\":\"ListItem\",\"position\":2,\"name\":\"Shop\",\"item\":\"https:\/\/dev6.erresse-shop.it\/shop\/\"},{\"@type\":\"ListItem\",\"position\":3,\"name\":\"ZWILLING Fresh &#038; Save Kunststoff-Zubeh\u00f6rset 5 St\u00fcck Grau\"}]},{\"@type\":\"WebSite\",\"@id\":\"https:\/\/dev6.erresse-shop.it\/#website\",\"url\":\"https:\/\/dev6.erresse-shop.it\/\",\"name\":\"Erresse Shop\",\"description\":\"\",\"publisher\":{\"@id\":\"https:\/\/dev6.erresse-shop.it\/#organization\"},\"potentialAction\":[{\"@type\":\"SearchAction\",\"target\":{\"@type\":\"EntryPoint\",\"urlTemplate\":\"https:\/\/dev6.erresse-shop.it\/?s={search_term_string}\"},\"query-input\":{\"@type\":\"PropertyValueSpecification\",\"valueRequired\":true,\"valueName\":\"search_term_string\"}}],\"inLanguage\":\"de\"},{\"@type\":\"Organization\",\"@id\":\"https:\/\/dev6.erresse-shop.it\/#organization\",\"name\":\"Erresse Shop\",\"url\":\"https:\/\/dev6.erresse-shop.it\/\",\"logo\":{\"@type\":\"ImageObject\",\"inLanguage\":\"de\",\"@id\":\"https:\/\/dev6.erresse-shop.it\/#\/schema\/logo\/image\/\",\"url\":\"https:\/\/dev6.erresse-shop.it\/wp-content\/uploads\/2025\/01\/LOGO-ERRESSE-CLASSICO.svg\",\"contentUrl\":\"https:\/\/dev6.erresse-shop.it\/wp-content\/uploads\/2025\/01\/LOGO-ERRESSE-CLASSICO.svg\",\"caption\":\"Erresse Shop\"},\"image\":{\"@id\":\"https:\/\/dev6.erresse-shop.it\/#\/schema\/logo\/image\/\"}}]}<\/script>\n<!-- \/ Yoast SEO plugin. -->","yoast_head_json":{"title":"ZWILLING Fresh &#038; Save Kunststoff-Zubeh\u00f6rset 5 St\u00fcck Grau - dev6 Erresse","description":"ZWILLING FRESH &amp; SCH\u00dcSSEL SPAREN: Das revolution\u00e4re Vakuumsystem sorgt nicht nur f\u00fcr mehr Frische. Dar\u00fcber hinaus vereinfacht es Ihren K\u00fcchenalltag","robots":{"index":"noindex","follow":"follow","max-snippet":"max-snippet:-1","max-image-preview":"max-image-preview:large","max-video-preview":"max-video-preview:-1"},"og_locale":"de_DE","og_type":"article","og_title":"ZWILLING Fresh &#038; Save Kunststoff-Zubeh\u00f6rset 5 St\u00fcck Grau - dev6 Erresse","og_description":"ZWILLING FRESH &amp; SCH\u00dcSSEL SPAREN: Das revolution\u00e4re Vakuumsystem sorgt nicht nur f\u00fcr mehr Frische. Dar\u00fcber hinaus vereinfacht es Ihren K\u00fcchenalltag","og_url":"https:\/\/dev6.erresse-shop.it\/de\/shop\/kuche\/vakuum\/zwilling-fresh-save-kunststoff-zubehoerset-5-stueck-grau\/","og_site_name":"dev6 Erresse","og_image":[{"url":"https:\/\/interpim.erresse-shop.it\/Import\/Prodotti\/zwilling-set-accessori-fresh-save-in-plastica-5-pezzi-grigio.jpg","type":"","width":"","height":""},{"url":"https:\/\/interpim.erresse-shop.it\/Import\/Prodotti\/zwilling-set-accessori-fresh-save-in-plastica-5-pezzi-grigio.jpg","width":1024,"height":1024,"type":"image\/jpeg"}],"twitter_card":"summary_large_image","twitter_image":"https:\/\/interpim.erresse-shop.it\/Import\/Prodotti\/zwilling-set-accessori-fresh-save-in-plastica-5-pezzi-grigio.jpg","schema":{"@context":"https:\/\/schema.org","@graph":[{"@type":"WebPage","@id":"https:\/\/dev6.erresse-shop.it\/de\/shop\/kuche\/vakuum\/zwilling-fresh-save-kunststoff-zubehoerset-5-stueck-grau\/","url":"https:\/\/dev6.erresse-shop.it\/de\/shop\/kuche\/vakuum\/zwilling-fresh-save-kunststoff-zubehoerset-5-stueck-grau\/","name":"ZWILLING Fresh &#038; Save Kunststoff-Zubeh\u00f6rset 5 St\u00fcck Grau - dev6 Erresse","isPartOf":{"@id":"https:\/\/dev6.erresse-shop.it\/#website"},"primaryImageOfPage":{"@id":"https:\/\/dev6.erresse-shop.it\/de\/shop\/kuche\/vakuum\/zwilling-fresh-save-kunststoff-zubehoerset-5-stueck-grau\/#primaryimage"},"image":{"@id":"https:\/\/dev6.erresse-shop.it\/de\/shop\/kuche\/vakuum\/zwilling-fresh-save-kunststoff-zubehoerset-5-stueck-grau\/#primaryimage"},"thumbnailUrl":"https:\/\/i1.wp.com\/interpim.erresse-shop.it\/Import\/Prodotti\/zwilling-set-accessori-fresh-save-in-plastica-5-pezzi-grigio.jpg?ssl=1","datePublished":"2026-04-12T11:50:21+00:00","description":"ZWILLING FRESH &amp; SCH\u00dcSSEL SPAREN: Das revolution\u00e4re Vakuumsystem sorgt nicht nur f\u00fcr mehr Frische. Dar\u00fcber hinaus vereinfacht es Ihren K\u00fcchenalltag","breadcrumb":{"@id":"https:\/\/dev6.erresse-shop.it\/de\/shop\/kuche\/vakuum\/zwilling-fresh-save-kunststoff-zubehoerset-5-stueck-grau\/#breadcrumb"},"inLanguage":"de","potentialAction":[{"@type":"ReadAction","target":["https:\/\/dev6.erresse-shop.it\/de\/shop\/kuche\/vakuum\/zwilling-fresh-save-kunststoff-zubehoerset-5-stueck-grau\/"]}]},{"@type":"ImageObject","inLanguage":"de","@id":"https:\/\/dev6.erresse-shop.it\/de\/shop\/kuche\/vakuum\/zwilling-fresh-save-kunststoff-zubehoerset-5-stueck-grau\/#primaryimage","url":"https:\/\/i1.wp.com\/interpim.erresse-shop.it\/Import\/Prodotti\/zwilling-set-accessori-fresh-save-in-plastica-5-pezzi-grigio.jpg?ssl=1","contentUrl":"https:\/\/i1.wp.com\/interpim.erresse-shop.it\/Import\/Prodotti\/zwilling-set-accessori-fresh-save-in-plastica-5-pezzi-grigio.jpg?ssl=1"},{"@type":"BreadcrumbList","@id":"https:\/\/dev6.erresse-shop.it\/de\/shop\/kuche\/vakuum\/zwilling-fresh-save-kunststoff-zubehoerset-5-stueck-grau\/#breadcrumb","itemListElement":[{"@type":"ListItem","position":1,"name":"Home","item":"https:\/\/dev6.erresse-shop.it\/"},{"@type":"ListItem","position":2,"name":"Shop","item":"https:\/\/dev6.erresse-shop.it\/shop\/"},{"@type":"ListItem","position":3,"name":"ZWILLING Fresh &#038; Save Kunststoff-Zubeh\u00f6rset 5 St\u00fcck Grau"}]},{"@type":"WebSite","@id":"https:\/\/dev6.erresse-shop.it\/#website","url":"https:\/\/dev6.erresse-shop.it\/","name":"Erresse Shop","description":"","publisher":{"@id":"https:\/\/dev6.erresse-shop.it\/#organization"},"potentialAction":[{"@type":"SearchAction","target":{"@type":"EntryPoint","urlTemplate":"https:\/\/dev6.erresse-shop.it\/?s={search_term_string}"},"query-input":{"@type":"PropertyValueSpecification","valueRequired":true,"valueName":"search_term_string"}}],"inLanguage":"de"},{"@type":"Organization","@id":"https:\/\/dev6.erresse-shop.it\/#organization","name":"Erresse Shop","url":"https:\/\/dev6.erresse-shop.it\/","logo":{"@type":"ImageObject","inLanguage":"de","@id":"https:\/\/dev6.erresse-shop.it\/#\/schema\/logo\/image\/","url":"https:\/\/dev6.erresse-shop.it\/wp-content\/uploads\/2025\/01\/LOGO-ERRESSE-CLASSICO.svg","contentUrl":"https:\/\/dev6.erresse-shop.it\/wp-content\/uploads\/2025\/01\/LOGO-ERRESSE-CLASSICO.svg","caption":"Erresse Shop"},"image":{"@id":"https:\/\/dev6.erresse-shop.it\/#\/schema\/logo\/image\/"}}]}},"df_price":34.9,"df_sale_price":34.9,"df_regular_price":39.95,"df_image_link":"https:\/\/i1.wp.com\/interpim.erresse-shop.it\/Import\/Prodotti\/zwilling-set-accessori-fresh-save-in-plastica-5-pezzi-grigio.jpg?resize=300,300&ssl=1","fifu_image_url":"https:\/\/interpim.erresse-shop.it\/Import\/Prodotti\/zwilling-set-accessori-fresh-save-in-plastica-5-pezzi-grigio.jpg","_links":{"self":[{"href":"https:\/\/dev6.erresse-shop.it\/de\/wp-json\/wp\/v2\/product\/1601106","targetHints":{"allow":["GET"]}}],"collection":[{"href":"https:\/\/dev6.erresse-shop.it\/de\/wp-json\/wp\/v2\/product"}],"about":[{"href":"https:\/\/dev6.erresse-shop.it\/de\/wp-json\/wp\/v2\/types\/product"}],"wp:featuredmedia":[{"embeddable":true,"href":"https:\/\/dev6.erresse-shop.it\/de\/wp-json\/wp\/v2\/media\/6378793"}],"wp:attachment":[{"href":"https:\/\/dev6.erresse-shop.it\/de\/wp-json\/wp\/v2\/media?parent=1601106"}],"wp:term":[{"taxonomy":"product_cat","embeddable":true,"href":"https:\/\/dev6.erresse-shop.it\/de\/wp-json\/wp\/v2\/product_cat?post=1601106"},{"taxonomy":"product_tag","embeddable":true,"href":"https:\/\/dev6.erresse-shop.it\/de\/wp-json\/wp\/v2\/product_tag?post=1601106"}],"curies":[{"name":"wp","href":"https:\/\/api.w.org\/{rel}","templated":true}]}}