{"id":1601104,"date":"2026-04-12T13:50:21","date_gmt":"2026-04-12T11:50:21","guid":{"rendered":"https:\/\/dev6.erresse-shop.it\/shop\/unkategorisiert\/zwilling-staubsauger-starter-set-fresh-save-aus-stahl-9-stueck\/"},"modified":"2026-01-16T22:12:49","modified_gmt":"2026-01-16T21:12:49","slug":"zwilling-staubsauger-starter-set-fresh-save-aus-stahl-9-stueck","status":"publish","type":"product","link":"https:\/\/dev6.erresse-shop.it\/de\/shop\/kuche\/vakuum\/zwilling-staubsauger-starter-set-fresh-save-aus-stahl-9-stueck\/","title":{"rendered":"ZWILLING Staubsauger Starter Set Fresh &#038; Save aus Stahl 9 St\u00fcck"},"content":{"rendered":"<p>Die Zukunft der Frische beginnt mit ZWILLING FRESH &amp; SAVE BOWLS, das Vakuumsystem f\u00fcr maximale Vielseitigkeit. Mit zwei hochwertigen, bruchsicheren, hygienischen und sp\u00fclmaschinenfesten Edelstahlsch\u00fcsseln k\u00f6nnen Sie Ihre Lieblingsgerichte zubereiten, servieren und aufbewahren, ohne sie in ein anderes Gef\u00e4\u00df umf\u00fcllen zu m\u00fcssen. Die in zwei Gr\u00f6\u00dfen erh\u00e4ltlichen Schalen eignen sich perfekt f\u00fcr alles, von Salaten aller Art bis hin zu Beilagen und M\u00fcsli. Was ist, wenn Reste \u00fcbrig bleiben? Kein Problem, Deckel drauf! Verschlie\u00dfen Sie die Edelstahlsch\u00fcsseln mit den Vakuumdeckeln und saugen Sie die Luft mit der mitgelieferten Pumpe ab. In nur wenigen Sekunden werden Lebensmittel vakuumiert und bleiben bis zu f\u00fcnfmal l\u00e4nger* frisch. F\u00fcr noch mehr Frische k\u00f6nnen Sie STAUB Sch\u00fcsseln jetzt auch vakuumieren: Die Deckel sind kompatibel mit allen STAUB CERAMIQUE Sch\u00fcsseln (ohne Griff) in 18 und 24 cm.<\/p>\n<p>*Im Vergleich zu herk\u00f6mmlichen Konservierungsmethoden ohne Vakuum<\/p>\n<p>Vielseitig einsetzbar, zum Zubereiten, Servieren und Aufbewahren Ihrer Gerichte<br \/>\nVakuumverpackte Lebensmittel bleiben bis zu 5-mal l\u00e4nger frisch*<br \/>\nVakuumdeckel mit innovativer Doppeldichtungstechnologie<br \/>\nAlle Sch\u00fcsseln sind bruchsicher, sp\u00fclmaschinenfest und gefriergeeignet<br \/>\nDeckel kompatibel mit allen ZWILLING FRESH &amp; Sch\u00fcsseln SAVE BOWLS und STAUB CERAMIQUE (ohne Griffe) in den entsprechenden Gr\u00f6\u00dfen<br \/>\nSet enth\u00e4lt: 2 FRESH &amp; Edelstahlsch\u00fcsseln SAVE BOWLS inkl. Vakuumdeckel (M\/L), je 2 Vakuumbeutel Gr\u00f6\u00dfe S&#43;M (inkl. Verschlussschieber und Fl\u00fcssigkeitssperre) und eine Vakuumpumpe<br \/>\nAlle FRESH &amp; Pumpen und Deckel SAVE sind kompatibel<\/p>\n<p>Funktionen:<\/p>\n<p>Hitzebest\u00e4ndigkeit:90 \u00baC<br \/>\nK\u00e4ltebest\u00e4ndigkeit:-10 \u00baC<br \/>\nMaterial:Edelstahl<br \/>\nVorhandener Deckel:ja<br \/>\nGefrierschrankgeeignet:Ja<br \/>\nAnzahl der Teile:9<br \/>\nSpannung:110\u2013240\u00a0V<br \/>\nMit dem Ger\u00e4t geliefertes (Zubeh\u00f6r):Adapter, USB-Ladekabel<\/p>\n<p>\u00a0<\/p>\n","protected":false},"excerpt":{"rendered":"<p>Die Zukunft der Frische beginnt mit ZWILLING FRESH &amp; SAVE BOWLS, das Vakuumsystem f\u00fcr maximale Vielseitigkeit. Mit zwei hochwertigen, bruchsicheren, hygienischen und sp\u00fclmaschinenfesten Edelstahlsch\u00fcsseln k\u00f6nnen Sie Ihre Lieblingsgerichte zubereiten, servieren und aufbewahren, ohne sie in ein anderes Gef\u00e4\u00df umf\u00fcllen zu m\u00fcssen. Die in zwei Gr\u00f6\u00dfen erh\u00e4ltlichen Schalen eignen sich perfekt f\u00fcr alles, von Salaten aller [&hellip;]<\/p>\n","protected":false},"featured_media":6378781,"template":"","meta":{"_acf_changed":false},"product_cat":[12100,12203],"product_tag":[],"class_list":{"0":"post-1601104","1":"product","2":"type-product","3":"status-publish","4":"has-post-thumbnail","6":"product_cat-kuche","7":"product_cat-vakuum","9":"first","10":"instock","11":"sale","12":"taxable","13":"shipping-taxable","14":"purchasable","15":"product-type-simple","swatches":"rey-swatches","show_selected":"","stretch_labels":"rey-swatches--stretch-labels"},"acf":[],"yoast_head":"<!-- This site is optimized with the Yoast SEO plugin v25.4 - https:\/\/yoast.com\/wordpress\/plugins\/seo\/ -->\n<title>ZWILLING Staubsauger Starter Set Fresh &#038; Save aus Stahl 9 St\u00fcck - dev6 Erresse<\/title>\n<meta name=\"description\" content=\"Die Zukunft der Frische beginnt mit ZWILLING FRESH &amp; SAVE BOWLS, das Vakuumsystem f\u00fcr maximale Vielseitigkeit. Mit zwei hochwertigen, bruchsicheren,\" \/>\n<meta name=\"robots\" content=\"noindex, follow, max-snippet:-1, max-image-preview:large, max-video-preview:-1\" \/>\n<meta property=\"og:locale\" content=\"de_DE\" \/>\n<meta property=\"og:type\" content=\"article\" \/>\n<meta property=\"og:title\" content=\"ZWILLING Staubsauger Starter Set Fresh &#038; Save aus Stahl 9 St\u00fcck - dev6 Erresse\" \/>\n<meta property=\"og:description\" content=\"Die Zukunft der Frische beginnt mit ZWILLING FRESH &amp; SAVE BOWLS, das Vakuumsystem f\u00fcr maximale Vielseitigkeit. Mit zwei hochwertigen, bruchsicheren,\" \/>\n<meta property=\"og:url\" content=\"https:\/\/dev6.erresse-shop.it\/de\/shop\/kuche\/vakuum\/zwilling-staubsauger-starter-set-fresh-save-aus-stahl-9-stueck\/\" \/>\n<meta property=\"og:site_name\" content=\"dev6 Erresse\" \/>\n<meta property=\"og:image\" content=\"https:\/\/interpim.erresse-shop.it\/Import\/Prodotti\/zwilling-set-starter-sottovuoto-fresh-save-in-acciaio-9-pezzi.jpg\" \/><meta property=\"og:image\" content=\"https:\/\/interpim.erresse-shop.it\/Import\/Prodotti\/zwilling-set-starter-sottovuoto-fresh-save-in-acciaio-9-pezzi.jpg\" \/>\n\t<meta property=\"og:image:width\" content=\"1024\" \/>\n\t<meta property=\"og:image:height\" content=\"1024\" \/>\n\t<meta property=\"og:image:type\" content=\"image\/jpeg\" \/>\n<meta name=\"twitter:card\" content=\"summary_large_image\" \/>\n<meta name=\"twitter:image\" content=\"https:\/\/interpim.erresse-shop.it\/Import\/Prodotti\/zwilling-set-starter-sottovuoto-fresh-save-in-acciaio-9-pezzi.jpg\" \/>\n<script type=\"application\/ld+json\" class=\"yoast-schema-graph\">{\"@context\":\"https:\/\/schema.org\",\"@graph\":[{\"@type\":\"WebPage\",\"@id\":\"https:\/\/dev6.erresse-shop.it\/de\/shop\/kuche\/vakuum\/zwilling-staubsauger-starter-set-fresh-save-aus-stahl-9-stueck\/\",\"url\":\"https:\/\/dev6.erresse-shop.it\/de\/shop\/kuche\/vakuum\/zwilling-staubsauger-starter-set-fresh-save-aus-stahl-9-stueck\/\",\"name\":\"ZWILLING Staubsauger Starter Set Fresh &#038; Save aus Stahl 9 St\u00fcck - dev6 Erresse\",\"isPartOf\":{\"@id\":\"https:\/\/dev6.erresse-shop.it\/#website\"},\"primaryImageOfPage\":{\"@id\":\"https:\/\/dev6.erresse-shop.it\/de\/shop\/kuche\/vakuum\/zwilling-staubsauger-starter-set-fresh-save-aus-stahl-9-stueck\/#primaryimage\"},\"image\":{\"@id\":\"https:\/\/dev6.erresse-shop.it\/de\/shop\/kuche\/vakuum\/zwilling-staubsauger-starter-set-fresh-save-aus-stahl-9-stueck\/#primaryimage\"},\"thumbnailUrl\":\"https:\/\/i0.wp.com\/interpim.erresse-shop.it\/Import\/Prodotti\/zwilling-set-starter-sottovuoto-fresh-save-in-acciaio-9-pezzi.jpg?ssl=1\",\"datePublished\":\"2026-04-12T11:50:21+00:00\",\"description\":\"Die Zukunft der Frische beginnt mit ZWILLING FRESH &amp; SAVE BOWLS, das Vakuumsystem f\u00fcr maximale Vielseitigkeit. Mit zwei hochwertigen, bruchsicheren,\",\"breadcrumb\":{\"@id\":\"https:\/\/dev6.erresse-shop.it\/de\/shop\/kuche\/vakuum\/zwilling-staubsauger-starter-set-fresh-save-aus-stahl-9-stueck\/#breadcrumb\"},\"inLanguage\":\"de\",\"potentialAction\":[{\"@type\":\"ReadAction\",\"target\":[\"https:\/\/dev6.erresse-shop.it\/de\/shop\/kuche\/vakuum\/zwilling-staubsauger-starter-set-fresh-save-aus-stahl-9-stueck\/\"]}]},{\"@type\":\"ImageObject\",\"inLanguage\":\"de\",\"@id\":\"https:\/\/dev6.erresse-shop.it\/de\/shop\/kuche\/vakuum\/zwilling-staubsauger-starter-set-fresh-save-aus-stahl-9-stueck\/#primaryimage\",\"url\":\"https:\/\/i0.wp.com\/interpim.erresse-shop.it\/Import\/Prodotti\/zwilling-set-starter-sottovuoto-fresh-save-in-acciaio-9-pezzi.jpg?ssl=1\",\"contentUrl\":\"https:\/\/i0.wp.com\/interpim.erresse-shop.it\/Import\/Prodotti\/zwilling-set-starter-sottovuoto-fresh-save-in-acciaio-9-pezzi.jpg?ssl=1\"},{\"@type\":\"BreadcrumbList\",\"@id\":\"https:\/\/dev6.erresse-shop.it\/de\/shop\/kuche\/vakuum\/zwilling-staubsauger-starter-set-fresh-save-aus-stahl-9-stueck\/#breadcrumb\",\"itemListElement\":[{\"@type\":\"ListItem\",\"position\":1,\"name\":\"Home\",\"item\":\"https:\/\/dev6.erresse-shop.it\/\"},{\"@type\":\"ListItem\",\"position\":2,\"name\":\"Shop\",\"item\":\"https:\/\/dev6.erresse-shop.it\/shop\/\"},{\"@type\":\"ListItem\",\"position\":3,\"name\":\"ZWILLING Staubsauger Starter Set Fresh &#038; Save aus Stahl 9 St\u00fcck\"}]},{\"@type\":\"WebSite\",\"@id\":\"https:\/\/dev6.erresse-shop.it\/#website\",\"url\":\"https:\/\/dev6.erresse-shop.it\/\",\"name\":\"Erresse Shop\",\"description\":\"\",\"publisher\":{\"@id\":\"https:\/\/dev6.erresse-shop.it\/#organization\"},\"potentialAction\":[{\"@type\":\"SearchAction\",\"target\":{\"@type\":\"EntryPoint\",\"urlTemplate\":\"https:\/\/dev6.erresse-shop.it\/?s={search_term_string}\"},\"query-input\":{\"@type\":\"PropertyValueSpecification\",\"valueRequired\":true,\"valueName\":\"search_term_string\"}}],\"inLanguage\":\"de\"},{\"@type\":\"Organization\",\"@id\":\"https:\/\/dev6.erresse-shop.it\/#organization\",\"name\":\"Erresse Shop\",\"url\":\"https:\/\/dev6.erresse-shop.it\/\",\"logo\":{\"@type\":\"ImageObject\",\"inLanguage\":\"de\",\"@id\":\"https:\/\/dev6.erresse-shop.it\/#\/schema\/logo\/image\/\",\"url\":\"https:\/\/dev6.erresse-shop.it\/wp-content\/uploads\/2025\/01\/LOGO-ERRESSE-CLASSICO.svg\",\"contentUrl\":\"https:\/\/dev6.erresse-shop.it\/wp-content\/uploads\/2025\/01\/LOGO-ERRESSE-CLASSICO.svg\",\"caption\":\"Erresse Shop\"},\"image\":{\"@id\":\"https:\/\/dev6.erresse-shop.it\/#\/schema\/logo\/image\/\"}}]}<\/script>\n<!-- \/ Yoast SEO plugin. -->","yoast_head_json":{"title":"ZWILLING Staubsauger Starter Set Fresh &#038; Save aus Stahl 9 St\u00fcck - dev6 Erresse","description":"Die Zukunft der Frische beginnt mit ZWILLING FRESH &amp; SAVE BOWLS, das Vakuumsystem f\u00fcr maximale Vielseitigkeit. Mit zwei hochwertigen, bruchsicheren,","robots":{"index":"noindex","follow":"follow","max-snippet":"max-snippet:-1","max-image-preview":"max-image-preview:large","max-video-preview":"max-video-preview:-1"},"og_locale":"de_DE","og_type":"article","og_title":"ZWILLING Staubsauger Starter Set Fresh &#038; Save aus Stahl 9 St\u00fcck - dev6 Erresse","og_description":"Die Zukunft der Frische beginnt mit ZWILLING FRESH &amp; SAVE BOWLS, das Vakuumsystem f\u00fcr maximale Vielseitigkeit. Mit zwei hochwertigen, bruchsicheren,","og_url":"https:\/\/dev6.erresse-shop.it\/de\/shop\/kuche\/vakuum\/zwilling-staubsauger-starter-set-fresh-save-aus-stahl-9-stueck\/","og_site_name":"dev6 Erresse","og_image":[{"url":"https:\/\/interpim.erresse-shop.it\/Import\/Prodotti\/zwilling-set-starter-sottovuoto-fresh-save-in-acciaio-9-pezzi.jpg","type":"","width":"","height":""},{"url":"https:\/\/interpim.erresse-shop.it\/Import\/Prodotti\/zwilling-set-starter-sottovuoto-fresh-save-in-acciaio-9-pezzi.jpg","width":1024,"height":1024,"type":"image\/jpeg"}],"twitter_card":"summary_large_image","twitter_image":"https:\/\/interpim.erresse-shop.it\/Import\/Prodotti\/zwilling-set-starter-sottovuoto-fresh-save-in-acciaio-9-pezzi.jpg","schema":{"@context":"https:\/\/schema.org","@graph":[{"@type":"WebPage","@id":"https:\/\/dev6.erresse-shop.it\/de\/shop\/kuche\/vakuum\/zwilling-staubsauger-starter-set-fresh-save-aus-stahl-9-stueck\/","url":"https:\/\/dev6.erresse-shop.it\/de\/shop\/kuche\/vakuum\/zwilling-staubsauger-starter-set-fresh-save-aus-stahl-9-stueck\/","name":"ZWILLING Staubsauger Starter Set Fresh &#038; Save aus Stahl 9 St\u00fcck - dev6 Erresse","isPartOf":{"@id":"https:\/\/dev6.erresse-shop.it\/#website"},"primaryImageOfPage":{"@id":"https:\/\/dev6.erresse-shop.it\/de\/shop\/kuche\/vakuum\/zwilling-staubsauger-starter-set-fresh-save-aus-stahl-9-stueck\/#primaryimage"},"image":{"@id":"https:\/\/dev6.erresse-shop.it\/de\/shop\/kuche\/vakuum\/zwilling-staubsauger-starter-set-fresh-save-aus-stahl-9-stueck\/#primaryimage"},"thumbnailUrl":"https:\/\/i0.wp.com\/interpim.erresse-shop.it\/Import\/Prodotti\/zwilling-set-starter-sottovuoto-fresh-save-in-acciaio-9-pezzi.jpg?ssl=1","datePublished":"2026-04-12T11:50:21+00:00","description":"Die Zukunft der Frische beginnt mit ZWILLING FRESH &amp; SAVE BOWLS, das Vakuumsystem f\u00fcr maximale Vielseitigkeit. Mit zwei hochwertigen, bruchsicheren,","breadcrumb":{"@id":"https:\/\/dev6.erresse-shop.it\/de\/shop\/kuche\/vakuum\/zwilling-staubsauger-starter-set-fresh-save-aus-stahl-9-stueck\/#breadcrumb"},"inLanguage":"de","potentialAction":[{"@type":"ReadAction","target":["https:\/\/dev6.erresse-shop.it\/de\/shop\/kuche\/vakuum\/zwilling-staubsauger-starter-set-fresh-save-aus-stahl-9-stueck\/"]}]},{"@type":"ImageObject","inLanguage":"de","@id":"https:\/\/dev6.erresse-shop.it\/de\/shop\/kuche\/vakuum\/zwilling-staubsauger-starter-set-fresh-save-aus-stahl-9-stueck\/#primaryimage","url":"https:\/\/i0.wp.com\/interpim.erresse-shop.it\/Import\/Prodotti\/zwilling-set-starter-sottovuoto-fresh-save-in-acciaio-9-pezzi.jpg?ssl=1","contentUrl":"https:\/\/i0.wp.com\/interpim.erresse-shop.it\/Import\/Prodotti\/zwilling-set-starter-sottovuoto-fresh-save-in-acciaio-9-pezzi.jpg?ssl=1"},{"@type":"BreadcrumbList","@id":"https:\/\/dev6.erresse-shop.it\/de\/shop\/kuche\/vakuum\/zwilling-staubsauger-starter-set-fresh-save-aus-stahl-9-stueck\/#breadcrumb","itemListElement":[{"@type":"ListItem","position":1,"name":"Home","item":"https:\/\/dev6.erresse-shop.it\/"},{"@type":"ListItem","position":2,"name":"Shop","item":"https:\/\/dev6.erresse-shop.it\/shop\/"},{"@type":"ListItem","position":3,"name":"ZWILLING Staubsauger Starter Set Fresh &#038; Save aus Stahl 9 St\u00fcck"}]},{"@type":"WebSite","@id":"https:\/\/dev6.erresse-shop.it\/#website","url":"https:\/\/dev6.erresse-shop.it\/","name":"Erresse Shop","description":"","publisher":{"@id":"https:\/\/dev6.erresse-shop.it\/#organization"},"potentialAction":[{"@type":"SearchAction","target":{"@type":"EntryPoint","urlTemplate":"https:\/\/dev6.erresse-shop.it\/?s={search_term_string}"},"query-input":{"@type":"PropertyValueSpecification","valueRequired":true,"valueName":"search_term_string"}}],"inLanguage":"de"},{"@type":"Organization","@id":"https:\/\/dev6.erresse-shop.it\/#organization","name":"Erresse Shop","url":"https:\/\/dev6.erresse-shop.it\/","logo":{"@type":"ImageObject","inLanguage":"de","@id":"https:\/\/dev6.erresse-shop.it\/#\/schema\/logo\/image\/","url":"https:\/\/dev6.erresse-shop.it\/wp-content\/uploads\/2025\/01\/LOGO-ERRESSE-CLASSICO.svg","contentUrl":"https:\/\/dev6.erresse-shop.it\/wp-content\/uploads\/2025\/01\/LOGO-ERRESSE-CLASSICO.svg","caption":"Erresse Shop"},"image":{"@id":"https:\/\/dev6.erresse-shop.it\/#\/schema\/logo\/image\/"}}]}},"df_price":66.9,"df_sale_price":66.9,"df_regular_price":99.95,"df_image_link":"https:\/\/i0.wp.com\/interpim.erresse-shop.it\/Import\/Prodotti\/zwilling-set-starter-sottovuoto-fresh-save-in-acciaio-9-pezzi.jpg?resize=300,300&ssl=1","fifu_image_url":"https:\/\/interpim.erresse-shop.it\/Import\/Prodotti\/zwilling-set-starter-sottovuoto-fresh-save-in-acciaio-9-pezzi.jpg","_links":{"self":[{"href":"https:\/\/dev6.erresse-shop.it\/de\/wp-json\/wp\/v2\/product\/1601104","targetHints":{"allow":["GET"]}}],"collection":[{"href":"https:\/\/dev6.erresse-shop.it\/de\/wp-json\/wp\/v2\/product"}],"about":[{"href":"https:\/\/dev6.erresse-shop.it\/de\/wp-json\/wp\/v2\/types\/product"}],"wp:featuredmedia":[{"embeddable":true,"href":"https:\/\/dev6.erresse-shop.it\/de\/wp-json\/wp\/v2\/media\/6378781"}],"wp:attachment":[{"href":"https:\/\/dev6.erresse-shop.it\/de\/wp-json\/wp\/v2\/media?parent=1601104"}],"wp:term":[{"taxonomy":"product_cat","embeddable":true,"href":"https:\/\/dev6.erresse-shop.it\/de\/wp-json\/wp\/v2\/product_cat?post=1601104"},{"taxonomy":"product_tag","embeddable":true,"href":"https:\/\/dev6.erresse-shop.it\/de\/wp-json\/wp\/v2\/product_tag?post=1601104"}],"curies":[{"name":"wp","href":"https:\/\/api.w.org\/{rel}","templated":true}]}}