{"id":1601096,"date":"2026-04-04T13:47:55","date_gmt":"2026-04-04T11:47:55","guid":{"rendered":"https:\/\/dev6.erresse-shop.it\/shop\/unkategorisiert\/zwilling-madura-plus-pfanne-mit-antihaftbeschichteter-keramikbeschichtung-24-cm-aluminium\/"},"modified":"2025-09-14T03:21:32","modified_gmt":"2025-09-14T01:21:32","slug":"zwilling-madura-plus-pfanne-mit-antihaftbeschichteter-keramikbeschichtung-24-cm-aluminium","status":"publish","type":"product","link":"https:\/\/dev6.erresse-shop.it\/de\/shop\/toepfe-pfannen\/schmorpfannen\/zwilling-madura-plus-pfanne-mit-antihaftbeschichteter-keramikbeschichtung-24-cm-aluminium\/","title":{"rendered":"ZWILLING Madura Plus Pfanne mit antihaftbeschichteter Keramikbeschichtung 24 cm Aluminium"},"content":{"rendered":"<p>Entdecken Sie eine neue Art des Kochens mit der 24 cm gro\u00dfen Bratpfanne Madura Plus von ZWILLING. Die neue Antihaftbeschichtung CERAFORCE TITANIUM der neuesten Generation, PFAS-frei hergestellt und mit einer extrem robusten Titanh\u00e4rtung versehen, bietet maximale Leistung. Und als Kr\u00f6nung sorgt der solide Aluminiumboden f\u00fcr eine schnelle W\u00e4rmeverteilung und garantiert so ein gleichm\u00e4\u00dfiges Garen der Speisen in der gesamten Pfanne. Der Edelstahlgriff mit Stay Cool-Technologie sorgt f\u00fcr eine verz\u00f6gerte \u00dcberhitzung und bietet Ihnen sicheren Halt. All das macht die Madura Plus Pfanne von ZWILLING zu einem wertvollen Begleiter bei kulinarischen Abenteuern.<\/p>\n<p>*bis zu 5-mal widerstandsf\u00e4higer als unsere bisherigen Keramikbeschichtungen (Gem\u00e4\u00df internem Antihaft-Testprotokoll Nr. 11\/2023 BALLARINI).<\/p>\n<p>Hochwertige Antihaftbeschichtung CERAFORCE TITANIUM der neuesten Generation<br \/>\nBeschichtung ohne PFAS hergestellt<br \/>\nSchnelle und gleichm\u00e4\u00dfige W\u00e4rmeverteilung<br \/>\nDer ergonomische Stay-Cool-Griff ist f\u00fcr eine verz\u00f6gerte Erw\u00e4rmung konzipiert, um die Verwendung von Topflappen und \u00c4rmeln zu vermeiden und einen optimalen Halt zu gew\u00e4hrleisten.<br \/>\nPerfekt zum schonenden, fettarmen Garen von Fisch und Gem\u00fcse sowie zum Anbraten verschiedenster Speisen in der Pfanne.<br \/>\nMit Tropfschutzkante<br \/>\nF\u00fcr alle Herdarten geeignet, auch Induktion, ofenfest bis 150 \u00b0C<br \/>\nHergestellt in Italien<\/p>\n<p>Abmessungen:<\/p>\n<p>L\u00e4nge: 45,60 cm<br \/>\nBreite: 25,40 cm<br \/>\nH\u00f6he: 9,40 cm<br \/>\nOberer Durchmesser: 24,00 cm<br \/>\nBodendurchmesser: 18,20 cm<\/p>\n<p>Nettogewicht: 1,15\u00a0kg<\/p>\n","protected":false},"excerpt":{"rendered":"<p>Entdecken Sie eine neue Art des Kochens mit der 24 cm gro\u00dfen Bratpfanne Madura Plus von ZWILLING. Die neue Antihaftbeschichtung CERAFORCE TITANIUM der neuesten Generation, PFAS-frei hergestellt und mit einer extrem robusten Titanh\u00e4rtung versehen, bietet maximale Leistung. Und als Kr\u00f6nung sorgt der solide Aluminiumboden f\u00fcr eine schnelle W\u00e4rmeverteilung und garantiert so ein gleichm\u00e4\u00dfiges Garen der [&hellip;]<\/p>\n","protected":false},"featured_media":6295452,"template":"","meta":{"_acf_changed":false},"product_cat":[12100,12120,12099],"product_tag":[],"class_list":{"0":"post-1601096","1":"product","2":"type-product","3":"status-publish","4":"has-post-thumbnail","6":"product_cat-kuche","7":"product_cat-schmorpfannen","8":"product_cat-toepfe-pfannen","10":"first","11":"instock","12":"sale","13":"taxable","14":"shipping-taxable","15":"purchasable","16":"product-type-simple","swatches":"rey-swatches","show_selected":"","stretch_labels":"rey-swatches--stretch-labels"},"acf":[],"yoast_head":"<!-- This site is optimized with the Yoast SEO plugin v25.4 - https:\/\/yoast.com\/wordpress\/plugins\/seo\/ -->\n<title>ZWILLING Madura Plus Pfanne mit antihaftbeschichteter Keramikbeschichtung 24 cm Aluminium - dev6 Erresse<\/title>\n<meta name=\"description\" content=\"Entdecken Sie eine neue Art des Kochens mit der 24 cm gro\u00dfen Bratpfanne Madura Plus von ZWILLING. Die neue Antihaftbeschichtung CERAFORCE TITANIUM der\" \/>\n<meta name=\"robots\" content=\"noindex, follow, max-snippet:-1, max-image-preview:large, max-video-preview:-1\" \/>\n<meta property=\"og:locale\" content=\"de_DE\" \/>\n<meta property=\"og:type\" content=\"article\" \/>\n<meta property=\"og:title\" content=\"ZWILLING Madura Plus Pfanne mit antihaftbeschichteter Keramikbeschichtung 24 cm Aluminium - dev6 Erresse\" \/>\n<meta property=\"og:description\" content=\"Entdecken Sie eine neue Art des Kochens mit der 24 cm gro\u00dfen Bratpfanne Madura Plus von ZWILLING. Die neue Antihaftbeschichtung CERAFORCE TITANIUM der\" \/>\n<meta property=\"og:url\" content=\"https:\/\/dev6.erresse-shop.it\/de\/shop\/toepfe-pfannen\/schmorpfannen\/zwilling-madura-plus-pfanne-mit-antihaftbeschichteter-keramikbeschichtung-24-cm-aluminium\/\" \/>\n<meta property=\"og:site_name\" content=\"dev6 Erresse\" \/>\n<meta property=\"og:image\" content=\"https:\/\/interpim.erresse-shop.it\/Import\/Prodotti\/zwilling-madura-plus-tegame-antiaderente-24-cm-alluminio.jpg\" \/><meta property=\"og:image\" content=\"https:\/\/interpim.erresse-shop.it\/Import\/Prodotti\/zwilling-madura-plus-tegame-antiaderente-24-cm-alluminio.jpg\" \/>\n\t<meta property=\"og:image:width\" content=\"1024\" \/>\n\t<meta property=\"og:image:height\" content=\"1024\" \/>\n\t<meta property=\"og:image:type\" content=\"image\/jpeg\" \/>\n<meta name=\"twitter:card\" content=\"summary_large_image\" \/>\n<meta name=\"twitter:image\" content=\"https:\/\/interpim.erresse-shop.it\/Import\/Prodotti\/zwilling-madura-plus-tegame-antiaderente-24-cm-alluminio.jpg\" \/>\n<script type=\"application\/ld+json\" class=\"yoast-schema-graph\">{\"@context\":\"https:\/\/schema.org\",\"@graph\":[{\"@type\":\"WebPage\",\"@id\":\"https:\/\/dev6.erresse-shop.it\/de\/shop\/toepfe-pfannen\/schmorpfannen\/zwilling-madura-plus-pfanne-mit-antihaftbeschichteter-keramikbeschichtung-24-cm-aluminium\/\",\"url\":\"https:\/\/dev6.erresse-shop.it\/de\/shop\/toepfe-pfannen\/schmorpfannen\/zwilling-madura-plus-pfanne-mit-antihaftbeschichteter-keramikbeschichtung-24-cm-aluminium\/\",\"name\":\"ZWILLING Madura Plus Pfanne mit antihaftbeschichteter Keramikbeschichtung 24 cm Aluminium - dev6 Erresse\",\"isPartOf\":{\"@id\":\"https:\/\/dev6.erresse-shop.it\/#website\"},\"primaryImageOfPage\":{\"@id\":\"https:\/\/dev6.erresse-shop.it\/de\/shop\/toepfe-pfannen\/schmorpfannen\/zwilling-madura-plus-pfanne-mit-antihaftbeschichteter-keramikbeschichtung-24-cm-aluminium\/#primaryimage\"},\"image\":{\"@id\":\"https:\/\/dev6.erresse-shop.it\/de\/shop\/toepfe-pfannen\/schmorpfannen\/zwilling-madura-plus-pfanne-mit-antihaftbeschichteter-keramikbeschichtung-24-cm-aluminium\/#primaryimage\"},\"thumbnailUrl\":\"https:\/\/i0.wp.com\/interpim.erresse-shop.it\/Import\/Prodotti\/zwilling-madura-plus-tegame-antiaderente-24-cm-alluminio.jpg?ssl=1\",\"datePublished\":\"2026-04-04T11:47:55+00:00\",\"description\":\"Entdecken Sie eine neue Art des Kochens mit der 24 cm gro\u00dfen Bratpfanne Madura Plus von ZWILLING. Die neue Antihaftbeschichtung CERAFORCE TITANIUM der\",\"breadcrumb\":{\"@id\":\"https:\/\/dev6.erresse-shop.it\/de\/shop\/toepfe-pfannen\/schmorpfannen\/zwilling-madura-plus-pfanne-mit-antihaftbeschichteter-keramikbeschichtung-24-cm-aluminium\/#breadcrumb\"},\"inLanguage\":\"de\",\"potentialAction\":[{\"@type\":\"ReadAction\",\"target\":[\"https:\/\/dev6.erresse-shop.it\/de\/shop\/toepfe-pfannen\/schmorpfannen\/zwilling-madura-plus-pfanne-mit-antihaftbeschichteter-keramikbeschichtung-24-cm-aluminium\/\"]}]},{\"@type\":\"ImageObject\",\"inLanguage\":\"de\",\"@id\":\"https:\/\/dev6.erresse-shop.it\/de\/shop\/toepfe-pfannen\/schmorpfannen\/zwilling-madura-plus-pfanne-mit-antihaftbeschichteter-keramikbeschichtung-24-cm-aluminium\/#primaryimage\",\"url\":\"https:\/\/i0.wp.com\/interpim.erresse-shop.it\/Import\/Prodotti\/zwilling-madura-plus-tegame-antiaderente-24-cm-alluminio.jpg?ssl=1\",\"contentUrl\":\"https:\/\/i0.wp.com\/interpim.erresse-shop.it\/Import\/Prodotti\/zwilling-madura-plus-tegame-antiaderente-24-cm-alluminio.jpg?ssl=1\"},{\"@type\":\"BreadcrumbList\",\"@id\":\"https:\/\/dev6.erresse-shop.it\/de\/shop\/toepfe-pfannen\/schmorpfannen\/zwilling-madura-plus-pfanne-mit-antihaftbeschichteter-keramikbeschichtung-24-cm-aluminium\/#breadcrumb\",\"itemListElement\":[{\"@type\":\"ListItem\",\"position\":1,\"name\":\"Home\",\"item\":\"https:\/\/dev6.erresse-shop.it\/\"},{\"@type\":\"ListItem\",\"position\":2,\"name\":\"Shop\",\"item\":\"https:\/\/dev6.erresse-shop.it\/shop\/\"},{\"@type\":\"ListItem\",\"position\":3,\"name\":\"ZWILLING Madura Plus Pfanne mit antihaftbeschichteter Keramikbeschichtung 24 cm Aluminium\"}]},{\"@type\":\"WebSite\",\"@id\":\"https:\/\/dev6.erresse-shop.it\/#website\",\"url\":\"https:\/\/dev6.erresse-shop.it\/\",\"name\":\"Erresse Shop\",\"description\":\"\",\"publisher\":{\"@id\":\"https:\/\/dev6.erresse-shop.it\/#organization\"},\"potentialAction\":[{\"@type\":\"SearchAction\",\"target\":{\"@type\":\"EntryPoint\",\"urlTemplate\":\"https:\/\/dev6.erresse-shop.it\/?s={search_term_string}\"},\"query-input\":{\"@type\":\"PropertyValueSpecification\",\"valueRequired\":true,\"valueName\":\"search_term_string\"}}],\"inLanguage\":\"de\"},{\"@type\":\"Organization\",\"@id\":\"https:\/\/dev6.erresse-shop.it\/#organization\",\"name\":\"Erresse Shop\",\"url\":\"https:\/\/dev6.erresse-shop.it\/\",\"logo\":{\"@type\":\"ImageObject\",\"inLanguage\":\"de\",\"@id\":\"https:\/\/dev6.erresse-shop.it\/#\/schema\/logo\/image\/\",\"url\":\"https:\/\/dev6.erresse-shop.it\/wp-content\/uploads\/2025\/01\/LOGO-ERRESSE-CLASSICO.svg\",\"contentUrl\":\"https:\/\/dev6.erresse-shop.it\/wp-content\/uploads\/2025\/01\/LOGO-ERRESSE-CLASSICO.svg\",\"caption\":\"Erresse Shop\"},\"image\":{\"@id\":\"https:\/\/dev6.erresse-shop.it\/#\/schema\/logo\/image\/\"}}]}<\/script>\n<!-- \/ Yoast SEO plugin. -->","yoast_head_json":{"title":"ZWILLING Madura Plus Pfanne mit antihaftbeschichteter Keramikbeschichtung 24 cm Aluminium - dev6 Erresse","description":"Entdecken Sie eine neue Art des Kochens mit der 24 cm gro\u00dfen Bratpfanne Madura Plus von ZWILLING. Die neue Antihaftbeschichtung CERAFORCE TITANIUM der","robots":{"index":"noindex","follow":"follow","max-snippet":"max-snippet:-1","max-image-preview":"max-image-preview:large","max-video-preview":"max-video-preview:-1"},"og_locale":"de_DE","og_type":"article","og_title":"ZWILLING Madura Plus Pfanne mit antihaftbeschichteter Keramikbeschichtung 24 cm Aluminium - dev6 Erresse","og_description":"Entdecken Sie eine neue Art des Kochens mit der 24 cm gro\u00dfen Bratpfanne Madura Plus von ZWILLING. Die neue Antihaftbeschichtung CERAFORCE TITANIUM der","og_url":"https:\/\/dev6.erresse-shop.it\/de\/shop\/toepfe-pfannen\/schmorpfannen\/zwilling-madura-plus-pfanne-mit-antihaftbeschichteter-keramikbeschichtung-24-cm-aluminium\/","og_site_name":"dev6 Erresse","og_image":[{"url":"https:\/\/interpim.erresse-shop.it\/Import\/Prodotti\/zwilling-madura-plus-tegame-antiaderente-24-cm-alluminio.jpg","type":"","width":"","height":""},{"url":"https:\/\/interpim.erresse-shop.it\/Import\/Prodotti\/zwilling-madura-plus-tegame-antiaderente-24-cm-alluminio.jpg","width":1024,"height":1024,"type":"image\/jpeg"}],"twitter_card":"summary_large_image","twitter_image":"https:\/\/interpim.erresse-shop.it\/Import\/Prodotti\/zwilling-madura-plus-tegame-antiaderente-24-cm-alluminio.jpg","schema":{"@context":"https:\/\/schema.org","@graph":[{"@type":"WebPage","@id":"https:\/\/dev6.erresse-shop.it\/de\/shop\/toepfe-pfannen\/schmorpfannen\/zwilling-madura-plus-pfanne-mit-antihaftbeschichteter-keramikbeschichtung-24-cm-aluminium\/","url":"https:\/\/dev6.erresse-shop.it\/de\/shop\/toepfe-pfannen\/schmorpfannen\/zwilling-madura-plus-pfanne-mit-antihaftbeschichteter-keramikbeschichtung-24-cm-aluminium\/","name":"ZWILLING Madura Plus Pfanne mit antihaftbeschichteter Keramikbeschichtung 24 cm Aluminium - dev6 Erresse","isPartOf":{"@id":"https:\/\/dev6.erresse-shop.it\/#website"},"primaryImageOfPage":{"@id":"https:\/\/dev6.erresse-shop.it\/de\/shop\/toepfe-pfannen\/schmorpfannen\/zwilling-madura-plus-pfanne-mit-antihaftbeschichteter-keramikbeschichtung-24-cm-aluminium\/#primaryimage"},"image":{"@id":"https:\/\/dev6.erresse-shop.it\/de\/shop\/toepfe-pfannen\/schmorpfannen\/zwilling-madura-plus-pfanne-mit-antihaftbeschichteter-keramikbeschichtung-24-cm-aluminium\/#primaryimage"},"thumbnailUrl":"https:\/\/i0.wp.com\/interpim.erresse-shop.it\/Import\/Prodotti\/zwilling-madura-plus-tegame-antiaderente-24-cm-alluminio.jpg?ssl=1","datePublished":"2026-04-04T11:47:55+00:00","description":"Entdecken Sie eine neue Art des Kochens mit der 24 cm gro\u00dfen Bratpfanne Madura Plus von ZWILLING. Die neue Antihaftbeschichtung CERAFORCE TITANIUM der","breadcrumb":{"@id":"https:\/\/dev6.erresse-shop.it\/de\/shop\/toepfe-pfannen\/schmorpfannen\/zwilling-madura-plus-pfanne-mit-antihaftbeschichteter-keramikbeschichtung-24-cm-aluminium\/#breadcrumb"},"inLanguage":"de","potentialAction":[{"@type":"ReadAction","target":["https:\/\/dev6.erresse-shop.it\/de\/shop\/toepfe-pfannen\/schmorpfannen\/zwilling-madura-plus-pfanne-mit-antihaftbeschichteter-keramikbeschichtung-24-cm-aluminium\/"]}]},{"@type":"ImageObject","inLanguage":"de","@id":"https:\/\/dev6.erresse-shop.it\/de\/shop\/toepfe-pfannen\/schmorpfannen\/zwilling-madura-plus-pfanne-mit-antihaftbeschichteter-keramikbeschichtung-24-cm-aluminium\/#primaryimage","url":"https:\/\/i0.wp.com\/interpim.erresse-shop.it\/Import\/Prodotti\/zwilling-madura-plus-tegame-antiaderente-24-cm-alluminio.jpg?ssl=1","contentUrl":"https:\/\/i0.wp.com\/interpim.erresse-shop.it\/Import\/Prodotti\/zwilling-madura-plus-tegame-antiaderente-24-cm-alluminio.jpg?ssl=1"},{"@type":"BreadcrumbList","@id":"https:\/\/dev6.erresse-shop.it\/de\/shop\/toepfe-pfannen\/schmorpfannen\/zwilling-madura-plus-pfanne-mit-antihaftbeschichteter-keramikbeschichtung-24-cm-aluminium\/#breadcrumb","itemListElement":[{"@type":"ListItem","position":1,"name":"Home","item":"https:\/\/dev6.erresse-shop.it\/"},{"@type":"ListItem","position":2,"name":"Shop","item":"https:\/\/dev6.erresse-shop.it\/shop\/"},{"@type":"ListItem","position":3,"name":"ZWILLING Madura Plus Pfanne mit antihaftbeschichteter Keramikbeschichtung 24 cm Aluminium"}]},{"@type":"WebSite","@id":"https:\/\/dev6.erresse-shop.it\/#website","url":"https:\/\/dev6.erresse-shop.it\/","name":"Erresse Shop","description":"","publisher":{"@id":"https:\/\/dev6.erresse-shop.it\/#organization"},"potentialAction":[{"@type":"SearchAction","target":{"@type":"EntryPoint","urlTemplate":"https:\/\/dev6.erresse-shop.it\/?s={search_term_string}"},"query-input":{"@type":"PropertyValueSpecification","valueRequired":true,"valueName":"search_term_string"}}],"inLanguage":"de"},{"@type":"Organization","@id":"https:\/\/dev6.erresse-shop.it\/#organization","name":"Erresse Shop","url":"https:\/\/dev6.erresse-shop.it\/","logo":{"@type":"ImageObject","inLanguage":"de","@id":"https:\/\/dev6.erresse-shop.it\/#\/schema\/logo\/image\/","url":"https:\/\/dev6.erresse-shop.it\/wp-content\/uploads\/2025\/01\/LOGO-ERRESSE-CLASSICO.svg","contentUrl":"https:\/\/dev6.erresse-shop.it\/wp-content\/uploads\/2025\/01\/LOGO-ERRESSE-CLASSICO.svg","caption":"Erresse Shop"},"image":{"@id":"https:\/\/dev6.erresse-shop.it\/#\/schema\/logo\/image\/"}}]}},"df_price":64,"df_sale_price":64,"df_regular_price":79.95,"df_image_link":"https:\/\/i0.wp.com\/interpim.erresse-shop.it\/Import\/Prodotti\/zwilling-madura-plus-tegame-antiaderente-24-cm-alluminio.jpg?resize=300,300&ssl=1","fifu_image_url":"https:\/\/interpim.erresse-shop.it\/Import\/Prodotti\/zwilling-madura-plus-tegame-antiaderente-24-cm-alluminio.jpg","_links":{"self":[{"href":"https:\/\/dev6.erresse-shop.it\/de\/wp-json\/wp\/v2\/product\/1601096","targetHints":{"allow":["GET"]}}],"collection":[{"href":"https:\/\/dev6.erresse-shop.it\/de\/wp-json\/wp\/v2\/product"}],"about":[{"href":"https:\/\/dev6.erresse-shop.it\/de\/wp-json\/wp\/v2\/types\/product"}],"wp:featuredmedia":[{"embeddable":true,"href":"https:\/\/dev6.erresse-shop.it\/de\/wp-json\/wp\/v2\/media\/6295452"}],"wp:attachment":[{"href":"https:\/\/dev6.erresse-shop.it\/de\/wp-json\/wp\/v2\/media?parent=1601096"}],"wp:term":[{"taxonomy":"product_cat","embeddable":true,"href":"https:\/\/dev6.erresse-shop.it\/de\/wp-json\/wp\/v2\/product_cat?post=1601096"},{"taxonomy":"product_tag","embeddable":true,"href":"https:\/\/dev6.erresse-shop.it\/de\/wp-json\/wp\/v2\/product_tag?post=1601096"}],"curies":[{"name":"wp","href":"https:\/\/api.w.org\/{rel}","templated":true}]}}