{"id":1601092,"date":"2026-04-12T13:50:21","date_gmt":"2026-04-12T11:50:21","guid":{"rendered":"https:\/\/dev6.erresse-shop.it\/shop\/unkategorisiert\/zwilling-madura-plus-bratpfanne-mit-antihaftbeschichteter-keramikbeschichtung-24-cm-aluminium\/"},"modified":"2025-09-14T03:21:19","modified_gmt":"2025-09-14T01:21:19","slug":"zwilling-madura-plus-bratpfanne-mit-antihaftbeschichteter-keramikbeschichtung-24-cm-aluminium","status":"publish","type":"product","link":"https:\/\/dev6.erresse-shop.it\/de\/shop\/toepfe-pfannen\/zwilling-madura-plus-bratpfanne-mit-antihaftbeschichteter-keramikbeschichtung-24-cm-aluminium\/","title":{"rendered":"ZWILLING Madura Plus Bratpfanne mit antihaftbeschichteter Keramikbeschichtung 24 cm Aluminium"},"content":{"rendered":"<p>Entdecken Sie eine neue Art des Kochens mit der ZWILLING Madura Plus 24 cm Bratpfanne. Die neue Antihaftbeschichtung CERAFORCE TITANIUM der n\u00e4chsten Generation, hergestellt ohne PFAS und mit einer extrem robusten Titanh\u00e4rtung, bietet maximale Leistung. Der massive Aluminiumboden sorgt zudem f\u00fcr eine schnelle W\u00e4rmeverteilung und gleichm\u00e4\u00dfiges Garen in der gesamten Pfanne. Der Edelstahlgriff mit Stay Cool-Technologie sorgt f\u00fcr verz\u00f6gertes \u00dcberhitzen und sicheren Halt. All das macht die ZWILLING Madura Plus Bratpfanne zu einem wertvollen Begleiter f\u00fcr kulinarische Abenteuer.<\/p>\n<p>*Bis zu 5-mal widerstandsf\u00e4higer als unsere bisherigen Keramikbeschichtungen (Gem\u00e4\u00df internem Antihaft-Testprotokoll Nr. 11\/2023 BALLARINI).<\/p>\n<p>Hochwertige Antihaftbeschichtung CERAFORCE TITANIUM der neuesten Generation<br \/>\nPFAS-freie Beschichtung<br \/>\nSchnelle und gleichm\u00e4\u00dfige W\u00e4rmeverteilung<br \/>\nDer ergonomische Stay-Cool-Griff sorgt f\u00fcr verz\u00f6gertes Erhitzen, sodass Topflappen und -h\u00fclsen \u00fcberfl\u00fcssig werden und optimaler Halt gew\u00e4hrleistet ist.<br \/>\nBesonders geeignet zum schonenden Garen von Fisch, Gem\u00fcse und Eierspeisen mit wenig Fett.<br \/>\nMit Tropfschutzrand<br \/>\nF\u00fcr alle Herdarten geeignet, inklusive Induktion, backofengeeignet bis 150 \u00b0C.<br \/>\nHergestellt in Italien<\/p>\n<p>Ma\u00dfe:<\/p>\n<p>L\u00e4nge:45,40 cm<br \/>\nBreite: 25,40 cm<br \/>\nH\u00f6he: 7,70 cm<br \/>\nDurchmesser oben: 24,00 cm<br \/>\nDurchmesser unten: 16,80 cm<\/p>\n<p>Nettogewicht: 1\u00a0kg<\/p>\n","protected":false},"excerpt":{"rendered":"<p>Entdecken Sie eine neue Art des Kochens mit der ZWILLING Madura Plus 24 cm Bratpfanne. Die neue Antihaftbeschichtung CERAFORCE TITANIUM der n\u00e4chsten Generation, hergestellt ohne PFAS und mit einer extrem robusten Titanh\u00e4rtung, bietet maximale Leistung. Der massive Aluminiumboden sorgt zudem f\u00fcr eine schnelle W\u00e4rmeverteilung und gleichm\u00e4\u00dfiges Garen in der gesamten Pfanne. Der Edelstahlgriff mit Stay [&hellip;]<\/p>\n","protected":false},"featured_media":6378695,"template":"","meta":{"_acf_changed":false},"product_cat":[12100,12099],"product_tag":[],"class_list":{"0":"post-1601092","1":"product","2":"type-product","3":"status-publish","4":"has-post-thumbnail","6":"product_cat-kuche","7":"product_cat-toepfe-pfannen","9":"first","10":"instock","11":"sale","12":"taxable","13":"shipping-taxable","14":"purchasable","15":"product-type-simple","swatches":"rey-swatches","show_selected":"","stretch_labels":"rey-swatches--stretch-labels"},"acf":[],"yoast_head":"<!-- This site is optimized with the Yoast SEO plugin v25.4 - https:\/\/yoast.com\/wordpress\/plugins\/seo\/ -->\n<title>ZWILLING Madura Plus Bratpfanne mit antihaftbeschichteter Keramikbeschichtung 24 cm Aluminium - dev6 Erresse<\/title>\n<meta name=\"description\" content=\"Entdecken Sie eine neue Art des Kochens mit der ZWILLING Madura Plus 24 cm Bratpfanne. Die neue Antihaftbeschichtung CERAFORCE TITANIUM der n\u00e4chsten\" \/>\n<meta name=\"robots\" content=\"noindex, follow, max-snippet:-1, max-image-preview:large, max-video-preview:-1\" \/>\n<meta property=\"og:locale\" content=\"de_DE\" \/>\n<meta property=\"og:type\" content=\"article\" \/>\n<meta property=\"og:title\" content=\"ZWILLING Madura Plus Bratpfanne mit antihaftbeschichteter Keramikbeschichtung 24 cm Aluminium - dev6 Erresse\" \/>\n<meta property=\"og:description\" content=\"Entdecken Sie eine neue Art des Kochens mit der ZWILLING Madura Plus 24 cm Bratpfanne. Die neue Antihaftbeschichtung CERAFORCE TITANIUM der n\u00e4chsten\" \/>\n<meta property=\"og:url\" content=\"https:\/\/dev6.erresse-shop.it\/de\/shop\/toepfe-pfannen\/zwilling-madura-plus-bratpfanne-mit-antihaftbeschichteter-keramikbeschichtung-24-cm-aluminium\/\" \/>\n<meta property=\"og:site_name\" content=\"dev6 Erresse\" \/>\n<meta property=\"og:image\" content=\"https:\/\/interpim.erresse-shop.it\/Import\/Prodotti\/zwilling-madura-plus-padella-antiaderente-24-cm-alluminio.jpg\" \/><meta property=\"og:image\" content=\"https:\/\/interpim.erresse-shop.it\/Import\/Prodotti\/zwilling-madura-plus-padella-antiaderente-24-cm-alluminio.jpg\" \/>\n\t<meta property=\"og:image:width\" content=\"1024\" \/>\n\t<meta property=\"og:image:height\" content=\"1024\" \/>\n\t<meta property=\"og:image:type\" content=\"image\/jpeg\" \/>\n<meta name=\"twitter:card\" content=\"summary_large_image\" \/>\n<meta name=\"twitter:image\" content=\"https:\/\/interpim.erresse-shop.it\/Import\/Prodotti\/zwilling-madura-plus-padella-antiaderente-24-cm-alluminio.jpg\" \/>\n<script type=\"application\/ld+json\" class=\"yoast-schema-graph\">{\"@context\":\"https:\/\/schema.org\",\"@graph\":[{\"@type\":\"WebPage\",\"@id\":\"https:\/\/dev6.erresse-shop.it\/de\/shop\/toepfe-pfannen\/zwilling-madura-plus-bratpfanne-mit-antihaftbeschichteter-keramikbeschichtung-24-cm-aluminium\/\",\"url\":\"https:\/\/dev6.erresse-shop.it\/de\/shop\/toepfe-pfannen\/zwilling-madura-plus-bratpfanne-mit-antihaftbeschichteter-keramikbeschichtung-24-cm-aluminium\/\",\"name\":\"ZWILLING Madura Plus Bratpfanne mit antihaftbeschichteter Keramikbeschichtung 24 cm Aluminium - dev6 Erresse\",\"isPartOf\":{\"@id\":\"https:\/\/dev6.erresse-shop.it\/#website\"},\"primaryImageOfPage\":{\"@id\":\"https:\/\/dev6.erresse-shop.it\/de\/shop\/toepfe-pfannen\/zwilling-madura-plus-bratpfanne-mit-antihaftbeschichteter-keramikbeschichtung-24-cm-aluminium\/#primaryimage\"},\"image\":{\"@id\":\"https:\/\/dev6.erresse-shop.it\/de\/shop\/toepfe-pfannen\/zwilling-madura-plus-bratpfanne-mit-antihaftbeschichteter-keramikbeschichtung-24-cm-aluminium\/#primaryimage\"},\"thumbnailUrl\":\"https:\/\/i3.wp.com\/interpim.erresse-shop.it\/Import\/Prodotti\/zwilling-madura-plus-padella-antiaderente-24-cm-alluminio.jpg?ssl=1\",\"datePublished\":\"2026-04-12T11:50:21+00:00\",\"description\":\"Entdecken Sie eine neue Art des Kochens mit der ZWILLING Madura Plus 24 cm Bratpfanne. Die neue Antihaftbeschichtung CERAFORCE TITANIUM der n\u00e4chsten\",\"breadcrumb\":{\"@id\":\"https:\/\/dev6.erresse-shop.it\/de\/shop\/toepfe-pfannen\/zwilling-madura-plus-bratpfanne-mit-antihaftbeschichteter-keramikbeschichtung-24-cm-aluminium\/#breadcrumb\"},\"inLanguage\":\"de\",\"potentialAction\":[{\"@type\":\"ReadAction\",\"target\":[\"https:\/\/dev6.erresse-shop.it\/de\/shop\/toepfe-pfannen\/zwilling-madura-plus-bratpfanne-mit-antihaftbeschichteter-keramikbeschichtung-24-cm-aluminium\/\"]}]},{\"@type\":\"ImageObject\",\"inLanguage\":\"de\",\"@id\":\"https:\/\/dev6.erresse-shop.it\/de\/shop\/toepfe-pfannen\/zwilling-madura-plus-bratpfanne-mit-antihaftbeschichteter-keramikbeschichtung-24-cm-aluminium\/#primaryimage\",\"url\":\"https:\/\/i3.wp.com\/interpim.erresse-shop.it\/Import\/Prodotti\/zwilling-madura-plus-padella-antiaderente-24-cm-alluminio.jpg?ssl=1\",\"contentUrl\":\"https:\/\/i3.wp.com\/interpim.erresse-shop.it\/Import\/Prodotti\/zwilling-madura-plus-padella-antiaderente-24-cm-alluminio.jpg?ssl=1\"},{\"@type\":\"BreadcrumbList\",\"@id\":\"https:\/\/dev6.erresse-shop.it\/de\/shop\/toepfe-pfannen\/zwilling-madura-plus-bratpfanne-mit-antihaftbeschichteter-keramikbeschichtung-24-cm-aluminium\/#breadcrumb\",\"itemListElement\":[{\"@type\":\"ListItem\",\"position\":1,\"name\":\"Home\",\"item\":\"https:\/\/dev6.erresse-shop.it\/\"},{\"@type\":\"ListItem\",\"position\":2,\"name\":\"Shop\",\"item\":\"https:\/\/dev6.erresse-shop.it\/shop\/\"},{\"@type\":\"ListItem\",\"position\":3,\"name\":\"ZWILLING Madura Plus Bratpfanne mit antihaftbeschichteter Keramikbeschichtung 24 cm Aluminium\"}]},{\"@type\":\"WebSite\",\"@id\":\"https:\/\/dev6.erresse-shop.it\/#website\",\"url\":\"https:\/\/dev6.erresse-shop.it\/\",\"name\":\"Erresse Shop\",\"description\":\"\",\"publisher\":{\"@id\":\"https:\/\/dev6.erresse-shop.it\/#organization\"},\"potentialAction\":[{\"@type\":\"SearchAction\",\"target\":{\"@type\":\"EntryPoint\",\"urlTemplate\":\"https:\/\/dev6.erresse-shop.it\/?s={search_term_string}\"},\"query-input\":{\"@type\":\"PropertyValueSpecification\",\"valueRequired\":true,\"valueName\":\"search_term_string\"}}],\"inLanguage\":\"de\"},{\"@type\":\"Organization\",\"@id\":\"https:\/\/dev6.erresse-shop.it\/#organization\",\"name\":\"Erresse Shop\",\"url\":\"https:\/\/dev6.erresse-shop.it\/\",\"logo\":{\"@type\":\"ImageObject\",\"inLanguage\":\"de\",\"@id\":\"https:\/\/dev6.erresse-shop.it\/#\/schema\/logo\/image\/\",\"url\":\"https:\/\/dev6.erresse-shop.it\/wp-content\/uploads\/2025\/01\/LOGO-ERRESSE-CLASSICO.svg\",\"contentUrl\":\"https:\/\/dev6.erresse-shop.it\/wp-content\/uploads\/2025\/01\/LOGO-ERRESSE-CLASSICO.svg\",\"caption\":\"Erresse Shop\"},\"image\":{\"@id\":\"https:\/\/dev6.erresse-shop.it\/#\/schema\/logo\/image\/\"}}]}<\/script>\n<!-- \/ Yoast SEO plugin. -->","yoast_head_json":{"title":"ZWILLING Madura Plus Bratpfanne mit antihaftbeschichteter Keramikbeschichtung 24 cm Aluminium - dev6 Erresse","description":"Entdecken Sie eine neue Art des Kochens mit der ZWILLING Madura Plus 24 cm Bratpfanne. Die neue Antihaftbeschichtung CERAFORCE TITANIUM der n\u00e4chsten","robots":{"index":"noindex","follow":"follow","max-snippet":"max-snippet:-1","max-image-preview":"max-image-preview:large","max-video-preview":"max-video-preview:-1"},"og_locale":"de_DE","og_type":"article","og_title":"ZWILLING Madura Plus Bratpfanne mit antihaftbeschichteter Keramikbeschichtung 24 cm Aluminium - dev6 Erresse","og_description":"Entdecken Sie eine neue Art des Kochens mit der ZWILLING Madura Plus 24 cm Bratpfanne. Die neue Antihaftbeschichtung CERAFORCE TITANIUM der n\u00e4chsten","og_url":"https:\/\/dev6.erresse-shop.it\/de\/shop\/toepfe-pfannen\/zwilling-madura-plus-bratpfanne-mit-antihaftbeschichteter-keramikbeschichtung-24-cm-aluminium\/","og_site_name":"dev6 Erresse","og_image":[{"url":"https:\/\/interpim.erresse-shop.it\/Import\/Prodotti\/zwilling-madura-plus-padella-antiaderente-24-cm-alluminio.jpg","type":"","width":"","height":""},{"url":"https:\/\/interpim.erresse-shop.it\/Import\/Prodotti\/zwilling-madura-plus-padella-antiaderente-24-cm-alluminio.jpg","width":1024,"height":1024,"type":"image\/jpeg"}],"twitter_card":"summary_large_image","twitter_image":"https:\/\/interpim.erresse-shop.it\/Import\/Prodotti\/zwilling-madura-plus-padella-antiaderente-24-cm-alluminio.jpg","schema":{"@context":"https:\/\/schema.org","@graph":[{"@type":"WebPage","@id":"https:\/\/dev6.erresse-shop.it\/de\/shop\/toepfe-pfannen\/zwilling-madura-plus-bratpfanne-mit-antihaftbeschichteter-keramikbeschichtung-24-cm-aluminium\/","url":"https:\/\/dev6.erresse-shop.it\/de\/shop\/toepfe-pfannen\/zwilling-madura-plus-bratpfanne-mit-antihaftbeschichteter-keramikbeschichtung-24-cm-aluminium\/","name":"ZWILLING Madura Plus Bratpfanne mit antihaftbeschichteter Keramikbeschichtung 24 cm Aluminium - dev6 Erresse","isPartOf":{"@id":"https:\/\/dev6.erresse-shop.it\/#website"},"primaryImageOfPage":{"@id":"https:\/\/dev6.erresse-shop.it\/de\/shop\/toepfe-pfannen\/zwilling-madura-plus-bratpfanne-mit-antihaftbeschichteter-keramikbeschichtung-24-cm-aluminium\/#primaryimage"},"image":{"@id":"https:\/\/dev6.erresse-shop.it\/de\/shop\/toepfe-pfannen\/zwilling-madura-plus-bratpfanne-mit-antihaftbeschichteter-keramikbeschichtung-24-cm-aluminium\/#primaryimage"},"thumbnailUrl":"https:\/\/i3.wp.com\/interpim.erresse-shop.it\/Import\/Prodotti\/zwilling-madura-plus-padella-antiaderente-24-cm-alluminio.jpg?ssl=1","datePublished":"2026-04-12T11:50:21+00:00","description":"Entdecken Sie eine neue Art des Kochens mit der ZWILLING Madura Plus 24 cm Bratpfanne. Die neue Antihaftbeschichtung CERAFORCE TITANIUM der n\u00e4chsten","breadcrumb":{"@id":"https:\/\/dev6.erresse-shop.it\/de\/shop\/toepfe-pfannen\/zwilling-madura-plus-bratpfanne-mit-antihaftbeschichteter-keramikbeschichtung-24-cm-aluminium\/#breadcrumb"},"inLanguage":"de","potentialAction":[{"@type":"ReadAction","target":["https:\/\/dev6.erresse-shop.it\/de\/shop\/toepfe-pfannen\/zwilling-madura-plus-bratpfanne-mit-antihaftbeschichteter-keramikbeschichtung-24-cm-aluminium\/"]}]},{"@type":"ImageObject","inLanguage":"de","@id":"https:\/\/dev6.erresse-shop.it\/de\/shop\/toepfe-pfannen\/zwilling-madura-plus-bratpfanne-mit-antihaftbeschichteter-keramikbeschichtung-24-cm-aluminium\/#primaryimage","url":"https:\/\/i3.wp.com\/interpim.erresse-shop.it\/Import\/Prodotti\/zwilling-madura-plus-padella-antiaderente-24-cm-alluminio.jpg?ssl=1","contentUrl":"https:\/\/i3.wp.com\/interpim.erresse-shop.it\/Import\/Prodotti\/zwilling-madura-plus-padella-antiaderente-24-cm-alluminio.jpg?ssl=1"},{"@type":"BreadcrumbList","@id":"https:\/\/dev6.erresse-shop.it\/de\/shop\/toepfe-pfannen\/zwilling-madura-plus-bratpfanne-mit-antihaftbeschichteter-keramikbeschichtung-24-cm-aluminium\/#breadcrumb","itemListElement":[{"@type":"ListItem","position":1,"name":"Home","item":"https:\/\/dev6.erresse-shop.it\/"},{"@type":"ListItem","position":2,"name":"Shop","item":"https:\/\/dev6.erresse-shop.it\/shop\/"},{"@type":"ListItem","position":3,"name":"ZWILLING Madura Plus Bratpfanne mit antihaftbeschichteter Keramikbeschichtung 24 cm Aluminium"}]},{"@type":"WebSite","@id":"https:\/\/dev6.erresse-shop.it\/#website","url":"https:\/\/dev6.erresse-shop.it\/","name":"Erresse Shop","description":"","publisher":{"@id":"https:\/\/dev6.erresse-shop.it\/#organization"},"potentialAction":[{"@type":"SearchAction","target":{"@type":"EntryPoint","urlTemplate":"https:\/\/dev6.erresse-shop.it\/?s={search_term_string}"},"query-input":{"@type":"PropertyValueSpecification","valueRequired":true,"valueName":"search_term_string"}}],"inLanguage":"de"},{"@type":"Organization","@id":"https:\/\/dev6.erresse-shop.it\/#organization","name":"Erresse Shop","url":"https:\/\/dev6.erresse-shop.it\/","logo":{"@type":"ImageObject","inLanguage":"de","@id":"https:\/\/dev6.erresse-shop.it\/#\/schema\/logo\/image\/","url":"https:\/\/dev6.erresse-shop.it\/wp-content\/uploads\/2025\/01\/LOGO-ERRESSE-CLASSICO.svg","contentUrl":"https:\/\/dev6.erresse-shop.it\/wp-content\/uploads\/2025\/01\/LOGO-ERRESSE-CLASSICO.svg","caption":"Erresse Shop"},"image":{"@id":"https:\/\/dev6.erresse-shop.it\/#\/schema\/logo\/image\/"}}]}},"df_price":59,"df_sale_price":59,"df_regular_price":69.95,"df_image_link":"https:\/\/i3.wp.com\/interpim.erresse-shop.it\/Import\/Prodotti\/zwilling-madura-plus-padella-antiaderente-24-cm-alluminio.jpg?resize=300,300&ssl=1","fifu_image_url":"https:\/\/interpim.erresse-shop.it\/Import\/Prodotti\/zwilling-madura-plus-padella-antiaderente-24-cm-alluminio.jpg","_links":{"self":[{"href":"https:\/\/dev6.erresse-shop.it\/de\/wp-json\/wp\/v2\/product\/1601092","targetHints":{"allow":["GET"]}}],"collection":[{"href":"https:\/\/dev6.erresse-shop.it\/de\/wp-json\/wp\/v2\/product"}],"about":[{"href":"https:\/\/dev6.erresse-shop.it\/de\/wp-json\/wp\/v2\/types\/product"}],"wp:featuredmedia":[{"embeddable":true,"href":"https:\/\/dev6.erresse-shop.it\/de\/wp-json\/wp\/v2\/media\/6378695"}],"wp:attachment":[{"href":"https:\/\/dev6.erresse-shop.it\/de\/wp-json\/wp\/v2\/media?parent=1601092"}],"wp:term":[{"taxonomy":"product_cat","embeddable":true,"href":"https:\/\/dev6.erresse-shop.it\/de\/wp-json\/wp\/v2\/product_cat?post=1601092"},{"taxonomy":"product_tag","embeddable":true,"href":"https:\/\/dev6.erresse-shop.it\/de\/wp-json\/wp\/v2\/product_tag?post=1601092"}],"curies":[{"name":"wp","href":"https:\/\/api.w.org\/{rel}","templated":true}]}}