{"id":1601088,"date":"2026-04-04T13:47:55","date_gmt":"2026-04-04T11:47:55","guid":{"rendered":"https:\/\/dev6.erresse-shop.it\/shop\/unkategorisiert\/riedel-vinova-4er-set-weissweinglaeser\/"},"modified":"2025-09-14T03:21:06","modified_gmt":"2025-09-14T01:21:06","slug":"riedel-vinova-4er-set-weissweinglaeser","status":"publish","type":"product","link":"https:\/\/dev6.erresse-shop.it\/de\/shop\/tisch\/weinbar-korkenzieher-dekanter-eiskubel\/weinglaeser\/riedel-vinova-4er-set-weissweinglaeser\/","title":{"rendered":"RIEDEL Vinova 4er-Set Wei\u00dfweingl\u00e4ser"},"content":{"rendered":"<p>ViNOVA Wei\u00dfweinglas-Set \u2013 4-teilig<\/p>\n<p>Entdecken Sie die Eleganz und Funktionalit\u00e4t des ViNOVA Wei\u00dfweinglas-Sets \u2013 perfekt f\u00fcr den Genuss einer gro\u00dfen Auswahl an Wei\u00dfweinen. Die Glasform beg\u00fcnstigt die Entfaltung der Aromen und sorgt f\u00fcr ein ausgewogenes Verh\u00e4ltnis von S\u00fc\u00dfe und Fruchtigkeit. Dadurch erh\u00e4lt der Wein eine perfekte Struktur f\u00fcr ein optimales Geschmackserlebnis.<\/p>\n<p>Hauptmerkmale:<\/p>\n<p>Set mit 4 Wei\u00dfweingl\u00e4sern f\u00fcr ein einzigartiges Geschmackserlebnis<br \/>\nElegantes und modernes Design, das Ihren Tisch versch\u00f6nert<br \/>\nHochwertiges Kristallglas f\u00fcr au\u00dfergew\u00f6hnliche Brillanz und perfekte Weinwiedergabe<br \/>\nLeicht zu reinigen: Sp\u00fclmaschinenfest f\u00fcr m\u00fchelose Pflege<br \/>\nPr\u00e4zisionsgefertigt mit minimalen Ma\u00dftoleranzen<br \/>\nZeitlose Eleganz verleiht jedem Anlass einen Hauch von Raffinesse<\/p>\n<p>ViNOVA verbindet modernes Design mit fortschrittlicher Funktionalit\u00e4t und erm\u00f6glicht Genie\u00dfen Sie jede Nuance Ihrer Lieblingswei\u00dfweine. Eine perfekte Erg\u00e4nzung f\u00fcr Ihre Weinglassammlung oder ein ideales Geschenk f\u00fcr Weinliebhaber.<\/p>\n<p>Fassungsverm\u00f6gen: 380,0 ccm<br \/>\nH\u00f6he: 240,0 mm<\/p>\n","protected":false},"excerpt":{"rendered":"<p>ViNOVA Wei\u00dfweinglas-Set \u2013 4-teilig Entdecken Sie die Eleganz und Funktionalit\u00e4t des ViNOVA Wei\u00dfweinglas-Sets \u2013 perfekt f\u00fcr den Genuss einer gro\u00dfen Auswahl an Wei\u00dfweinen. Die Glasform beg\u00fcnstigt die Entfaltung der Aromen und sorgt f\u00fcr ein ausgewogenes Verh\u00e4ltnis von S\u00fc\u00dfe und Fruchtigkeit. Dadurch erh\u00e4lt der Wein eine perfekte Struktur f\u00fcr ein optimales Geschmackserlebnis. Hauptmerkmale: Set mit 4 [&hellip;]<\/p>\n","protected":false},"featured_media":6295393,"template":"","meta":{"_acf_changed":false},"product_cat":[12177,12186],"product_tag":[],"class_list":{"0":"post-1601088","1":"product","2":"type-product","3":"status-publish","4":"has-post-thumbnail","6":"product_cat-weinbar-korkenzieher-dekanter-eiskubel","7":"product_cat-weinglaeser","9":"first","10":"instock","11":"taxable","12":"shipping-taxable","13":"purchasable","14":"product-type-simple","swatches":"rey-swatches","show_selected":"","stretch_labels":"rey-swatches--stretch-labels"},"acf":[],"yoast_head":"<!-- This site is optimized with the Yoast SEO plugin v25.4 - https:\/\/yoast.com\/wordpress\/plugins\/seo\/ -->\n<title>RIEDEL Vinova 4er-Set Wei\u00dfweingl\u00e4ser - dev6 Erresse<\/title>\n<meta name=\"description\" content=\"ViNOVA Wei\u00dfweinglas-Set \u2013 4-teilig Entdecken Sie die Eleganz und Funktionalit\u00e4t des ViNOVA Wei\u00dfweinglas-Sets \u2013 perfekt f\u00fcr den Genuss einer gro\u00dfen Auswahl\" \/>\n<meta name=\"robots\" content=\"noindex, follow, max-snippet:-1, max-image-preview:large, max-video-preview:-1\" \/>\n<meta property=\"og:locale\" content=\"de_DE\" \/>\n<meta property=\"og:type\" content=\"article\" \/>\n<meta property=\"og:title\" content=\"RIEDEL Vinova 4er-Set Wei\u00dfweingl\u00e4ser - dev6 Erresse\" \/>\n<meta property=\"og:description\" content=\"ViNOVA Wei\u00dfweinglas-Set \u2013 4-teilig Entdecken Sie die Eleganz und Funktionalit\u00e4t des ViNOVA Wei\u00dfweinglas-Sets \u2013 perfekt f\u00fcr den Genuss einer gro\u00dfen Auswahl\" \/>\n<meta property=\"og:url\" content=\"https:\/\/dev6.erresse-shop.it\/de\/shop\/tisch\/weinbar-korkenzieher-dekanter-eiskubel\/weinglaeser\/riedel-vinova-4er-set-weissweinglaeser\/\" \/>\n<meta property=\"og:site_name\" content=\"dev6 Erresse\" \/>\n<meta property=\"og:image\" content=\"https:\/\/interpim.erresse-shop.it\/Import\/Prodotti\/riedel-vinova-set-4-bicchieri-vino-bianco.jpg\" \/><meta property=\"og:image\" content=\"https:\/\/interpim.erresse-shop.it\/Import\/Prodotti\/riedel-vinova-set-4-bicchieri-vino-bianco.jpg\" \/>\n\t<meta property=\"og:image:width\" content=\"1024\" \/>\n\t<meta property=\"og:image:height\" content=\"1024\" \/>\n\t<meta property=\"og:image:type\" content=\"image\/jpeg\" \/>\n<meta name=\"twitter:card\" content=\"summary_large_image\" \/>\n<meta name=\"twitter:image\" content=\"https:\/\/interpim.erresse-shop.it\/Import\/Prodotti\/riedel-vinova-set-4-bicchieri-vino-bianco.jpg\" \/>\n<script type=\"application\/ld+json\" class=\"yoast-schema-graph\">{\"@context\":\"https:\/\/schema.org\",\"@graph\":[{\"@type\":\"WebPage\",\"@id\":\"https:\/\/dev6.erresse-shop.it\/de\/shop\/tisch\/weinbar-korkenzieher-dekanter-eiskubel\/weinglaeser\/riedel-vinova-4er-set-weissweinglaeser\/\",\"url\":\"https:\/\/dev6.erresse-shop.it\/de\/shop\/tisch\/weinbar-korkenzieher-dekanter-eiskubel\/weinglaeser\/riedel-vinova-4er-set-weissweinglaeser\/\",\"name\":\"RIEDEL Vinova 4er-Set Wei\u00dfweingl\u00e4ser - dev6 Erresse\",\"isPartOf\":{\"@id\":\"https:\/\/dev6.erresse-shop.it\/#website\"},\"primaryImageOfPage\":{\"@id\":\"https:\/\/dev6.erresse-shop.it\/de\/shop\/tisch\/weinbar-korkenzieher-dekanter-eiskubel\/weinglaeser\/riedel-vinova-4er-set-weissweinglaeser\/#primaryimage\"},\"image\":{\"@id\":\"https:\/\/dev6.erresse-shop.it\/de\/shop\/tisch\/weinbar-korkenzieher-dekanter-eiskubel\/weinglaeser\/riedel-vinova-4er-set-weissweinglaeser\/#primaryimage\"},\"thumbnailUrl\":\"https:\/\/i1.wp.com\/interpim.erresse-shop.it\/Import\/Prodotti\/riedel-vinova-set-4-bicchieri-vino-bianco.jpg?ssl=1\",\"datePublished\":\"2026-04-04T11:47:55+00:00\",\"description\":\"ViNOVA Wei\u00dfweinglas-Set \u2013 4-teilig Entdecken Sie die Eleganz und Funktionalit\u00e4t des ViNOVA Wei\u00dfweinglas-Sets \u2013 perfekt f\u00fcr den Genuss einer gro\u00dfen Auswahl\",\"breadcrumb\":{\"@id\":\"https:\/\/dev6.erresse-shop.it\/de\/shop\/tisch\/weinbar-korkenzieher-dekanter-eiskubel\/weinglaeser\/riedel-vinova-4er-set-weissweinglaeser\/#breadcrumb\"},\"inLanguage\":\"de\",\"potentialAction\":[{\"@type\":\"ReadAction\",\"target\":[\"https:\/\/dev6.erresse-shop.it\/de\/shop\/tisch\/weinbar-korkenzieher-dekanter-eiskubel\/weinglaeser\/riedel-vinova-4er-set-weissweinglaeser\/\"]}]},{\"@type\":\"ImageObject\",\"inLanguage\":\"de\",\"@id\":\"https:\/\/dev6.erresse-shop.it\/de\/shop\/tisch\/weinbar-korkenzieher-dekanter-eiskubel\/weinglaeser\/riedel-vinova-4er-set-weissweinglaeser\/#primaryimage\",\"url\":\"https:\/\/i1.wp.com\/interpim.erresse-shop.it\/Import\/Prodotti\/riedel-vinova-set-4-bicchieri-vino-bianco.jpg?ssl=1\",\"contentUrl\":\"https:\/\/i1.wp.com\/interpim.erresse-shop.it\/Import\/Prodotti\/riedel-vinova-set-4-bicchieri-vino-bianco.jpg?ssl=1\"},{\"@type\":\"BreadcrumbList\",\"@id\":\"https:\/\/dev6.erresse-shop.it\/de\/shop\/tisch\/weinbar-korkenzieher-dekanter-eiskubel\/weinglaeser\/riedel-vinova-4er-set-weissweinglaeser\/#breadcrumb\",\"itemListElement\":[{\"@type\":\"ListItem\",\"position\":1,\"name\":\"Home\",\"item\":\"https:\/\/dev6.erresse-shop.it\/\"},{\"@type\":\"ListItem\",\"position\":2,\"name\":\"Shop\",\"item\":\"https:\/\/dev6.erresse-shop.it\/shop\/\"},{\"@type\":\"ListItem\",\"position\":3,\"name\":\"RIEDEL Vinova 4er-Set Wei\u00dfweingl\u00e4ser\"}]},{\"@type\":\"WebSite\",\"@id\":\"https:\/\/dev6.erresse-shop.it\/#website\",\"url\":\"https:\/\/dev6.erresse-shop.it\/\",\"name\":\"Erresse Shop\",\"description\":\"\",\"publisher\":{\"@id\":\"https:\/\/dev6.erresse-shop.it\/#organization\"},\"potentialAction\":[{\"@type\":\"SearchAction\",\"target\":{\"@type\":\"EntryPoint\",\"urlTemplate\":\"https:\/\/dev6.erresse-shop.it\/?s={search_term_string}\"},\"query-input\":{\"@type\":\"PropertyValueSpecification\",\"valueRequired\":true,\"valueName\":\"search_term_string\"}}],\"inLanguage\":\"de\"},{\"@type\":\"Organization\",\"@id\":\"https:\/\/dev6.erresse-shop.it\/#organization\",\"name\":\"Erresse Shop\",\"url\":\"https:\/\/dev6.erresse-shop.it\/\",\"logo\":{\"@type\":\"ImageObject\",\"inLanguage\":\"de\",\"@id\":\"https:\/\/dev6.erresse-shop.it\/#\/schema\/logo\/image\/\",\"url\":\"https:\/\/dev6.erresse-shop.it\/wp-content\/uploads\/2025\/01\/LOGO-ERRESSE-CLASSICO.svg\",\"contentUrl\":\"https:\/\/dev6.erresse-shop.it\/wp-content\/uploads\/2025\/01\/LOGO-ERRESSE-CLASSICO.svg\",\"caption\":\"Erresse Shop\"},\"image\":{\"@id\":\"https:\/\/dev6.erresse-shop.it\/#\/schema\/logo\/image\/\"}}]}<\/script>\n<!-- \/ Yoast SEO plugin. -->","yoast_head_json":{"title":"RIEDEL Vinova 4er-Set Wei\u00dfweingl\u00e4ser - dev6 Erresse","description":"ViNOVA Wei\u00dfweinglas-Set \u2013 4-teilig Entdecken Sie die Eleganz und Funktionalit\u00e4t des ViNOVA Wei\u00dfweinglas-Sets \u2013 perfekt f\u00fcr den Genuss einer gro\u00dfen Auswahl","robots":{"index":"noindex","follow":"follow","max-snippet":"max-snippet:-1","max-image-preview":"max-image-preview:large","max-video-preview":"max-video-preview:-1"},"og_locale":"de_DE","og_type":"article","og_title":"RIEDEL Vinova 4er-Set Wei\u00dfweingl\u00e4ser - dev6 Erresse","og_description":"ViNOVA Wei\u00dfweinglas-Set \u2013 4-teilig Entdecken Sie die Eleganz und Funktionalit\u00e4t des ViNOVA Wei\u00dfweinglas-Sets \u2013 perfekt f\u00fcr den Genuss einer gro\u00dfen Auswahl","og_url":"https:\/\/dev6.erresse-shop.it\/de\/shop\/tisch\/weinbar-korkenzieher-dekanter-eiskubel\/weinglaeser\/riedel-vinova-4er-set-weissweinglaeser\/","og_site_name":"dev6 Erresse","og_image":[{"url":"https:\/\/interpim.erresse-shop.it\/Import\/Prodotti\/riedel-vinova-set-4-bicchieri-vino-bianco.jpg","type":"","width":"","height":""},{"url":"https:\/\/interpim.erresse-shop.it\/Import\/Prodotti\/riedel-vinova-set-4-bicchieri-vino-bianco.jpg","width":1024,"height":1024,"type":"image\/jpeg"}],"twitter_card":"summary_large_image","twitter_image":"https:\/\/interpim.erresse-shop.it\/Import\/Prodotti\/riedel-vinova-set-4-bicchieri-vino-bianco.jpg","schema":{"@context":"https:\/\/schema.org","@graph":[{"@type":"WebPage","@id":"https:\/\/dev6.erresse-shop.it\/de\/shop\/tisch\/weinbar-korkenzieher-dekanter-eiskubel\/weinglaeser\/riedel-vinova-4er-set-weissweinglaeser\/","url":"https:\/\/dev6.erresse-shop.it\/de\/shop\/tisch\/weinbar-korkenzieher-dekanter-eiskubel\/weinglaeser\/riedel-vinova-4er-set-weissweinglaeser\/","name":"RIEDEL Vinova 4er-Set Wei\u00dfweingl\u00e4ser - dev6 Erresse","isPartOf":{"@id":"https:\/\/dev6.erresse-shop.it\/#website"},"primaryImageOfPage":{"@id":"https:\/\/dev6.erresse-shop.it\/de\/shop\/tisch\/weinbar-korkenzieher-dekanter-eiskubel\/weinglaeser\/riedel-vinova-4er-set-weissweinglaeser\/#primaryimage"},"image":{"@id":"https:\/\/dev6.erresse-shop.it\/de\/shop\/tisch\/weinbar-korkenzieher-dekanter-eiskubel\/weinglaeser\/riedel-vinova-4er-set-weissweinglaeser\/#primaryimage"},"thumbnailUrl":"https:\/\/i1.wp.com\/interpim.erresse-shop.it\/Import\/Prodotti\/riedel-vinova-set-4-bicchieri-vino-bianco.jpg?ssl=1","datePublished":"2026-04-04T11:47:55+00:00","description":"ViNOVA Wei\u00dfweinglas-Set \u2013 4-teilig Entdecken Sie die Eleganz und Funktionalit\u00e4t des ViNOVA Wei\u00dfweinglas-Sets \u2013 perfekt f\u00fcr den Genuss einer gro\u00dfen Auswahl","breadcrumb":{"@id":"https:\/\/dev6.erresse-shop.it\/de\/shop\/tisch\/weinbar-korkenzieher-dekanter-eiskubel\/weinglaeser\/riedel-vinova-4er-set-weissweinglaeser\/#breadcrumb"},"inLanguage":"de","potentialAction":[{"@type":"ReadAction","target":["https:\/\/dev6.erresse-shop.it\/de\/shop\/tisch\/weinbar-korkenzieher-dekanter-eiskubel\/weinglaeser\/riedel-vinova-4er-set-weissweinglaeser\/"]}]},{"@type":"ImageObject","inLanguage":"de","@id":"https:\/\/dev6.erresse-shop.it\/de\/shop\/tisch\/weinbar-korkenzieher-dekanter-eiskubel\/weinglaeser\/riedel-vinova-4er-set-weissweinglaeser\/#primaryimage","url":"https:\/\/i1.wp.com\/interpim.erresse-shop.it\/Import\/Prodotti\/riedel-vinova-set-4-bicchieri-vino-bianco.jpg?ssl=1","contentUrl":"https:\/\/i1.wp.com\/interpim.erresse-shop.it\/Import\/Prodotti\/riedel-vinova-set-4-bicchieri-vino-bianco.jpg?ssl=1"},{"@type":"BreadcrumbList","@id":"https:\/\/dev6.erresse-shop.it\/de\/shop\/tisch\/weinbar-korkenzieher-dekanter-eiskubel\/weinglaeser\/riedel-vinova-4er-set-weissweinglaeser\/#breadcrumb","itemListElement":[{"@type":"ListItem","position":1,"name":"Home","item":"https:\/\/dev6.erresse-shop.it\/"},{"@type":"ListItem","position":2,"name":"Shop","item":"https:\/\/dev6.erresse-shop.it\/shop\/"},{"@type":"ListItem","position":3,"name":"RIEDEL Vinova 4er-Set Wei\u00dfweingl\u00e4ser"}]},{"@type":"WebSite","@id":"https:\/\/dev6.erresse-shop.it\/#website","url":"https:\/\/dev6.erresse-shop.it\/","name":"Erresse Shop","description":"","publisher":{"@id":"https:\/\/dev6.erresse-shop.it\/#organization"},"potentialAction":[{"@type":"SearchAction","target":{"@type":"EntryPoint","urlTemplate":"https:\/\/dev6.erresse-shop.it\/?s={search_term_string}"},"query-input":{"@type":"PropertyValueSpecification","valueRequired":true,"valueName":"search_term_string"}}],"inLanguage":"de"},{"@type":"Organization","@id":"https:\/\/dev6.erresse-shop.it\/#organization","name":"Erresse Shop","url":"https:\/\/dev6.erresse-shop.it\/","logo":{"@type":"ImageObject","inLanguage":"de","@id":"https:\/\/dev6.erresse-shop.it\/#\/schema\/logo\/image\/","url":"https:\/\/dev6.erresse-shop.it\/wp-content\/uploads\/2025\/01\/LOGO-ERRESSE-CLASSICO.svg","contentUrl":"https:\/\/dev6.erresse-shop.it\/wp-content\/uploads\/2025\/01\/LOGO-ERRESSE-CLASSICO.svg","caption":"Erresse Shop"},"image":{"@id":"https:\/\/dev6.erresse-shop.it\/#\/schema\/logo\/image\/"}}]}},"df_price":32.9,"df_sale_price":"","df_regular_price":32.9,"df_image_link":"https:\/\/i1.wp.com\/interpim.erresse-shop.it\/Import\/Prodotti\/riedel-vinova-set-4-bicchieri-vino-bianco.jpg?resize=300,300&ssl=1","fifu_image_url":"https:\/\/interpim.erresse-shop.it\/Import\/Prodotti\/riedel-vinova-set-4-bicchieri-vino-bianco.jpg","_links":{"self":[{"href":"https:\/\/dev6.erresse-shop.it\/de\/wp-json\/wp\/v2\/product\/1601088","targetHints":{"allow":["GET"]}}],"collection":[{"href":"https:\/\/dev6.erresse-shop.it\/de\/wp-json\/wp\/v2\/product"}],"about":[{"href":"https:\/\/dev6.erresse-shop.it\/de\/wp-json\/wp\/v2\/types\/product"}],"wp:featuredmedia":[{"embeddable":true,"href":"https:\/\/dev6.erresse-shop.it\/de\/wp-json\/wp\/v2\/media\/6295393"}],"wp:attachment":[{"href":"https:\/\/dev6.erresse-shop.it\/de\/wp-json\/wp\/v2\/media?parent=1601088"}],"wp:term":[{"taxonomy":"product_cat","embeddable":true,"href":"https:\/\/dev6.erresse-shop.it\/de\/wp-json\/wp\/v2\/product_cat?post=1601088"},{"taxonomy":"product_tag","embeddable":true,"href":"https:\/\/dev6.erresse-shop.it\/de\/wp-json\/wp\/v2\/product_tag?post=1601088"}],"curies":[{"name":"wp","href":"https:\/\/api.w.org\/{rel}","templated":true}]}}