{"id":1601086,"date":"2026-04-12T13:50:21","date_gmt":"2026-04-12T11:50:21","guid":{"rendered":"https:\/\/dev6.erresse-shop.it\/shop\/unkategorisiert\/riedel-vinova-4er-set-rotweinglaeser\/"},"modified":"2025-07-04T15:05:48","modified_gmt":"2025-07-04T13:05:48","slug":"riedel-vinova-4er-set-rotweinglaeser","status":"publish","type":"product","link":"https:\/\/dev6.erresse-shop.it\/de\/shop\/tisch\/weinbar-korkenzieher-dekanter-eiskubel\/weinglaeser\/riedel-vinova-4er-set-rotweinglaeser\/","title":{"rendered":"RIEDEL Vinova 4er-Set Rotweingl\u00e4ser"},"content":{"rendered":"<p>ViNOVA Rotweinglas-Set \u2013 4-teilig<\/p>\n<p>Entdecken Sie moderne Eleganz mit dem ViNOVA Rotweinglas-Set, ideal f\u00fcr eine Vielzahl von Rotweinen. Die Rautenform mit ihren extremen Winkeln ist f\u00fcr kr\u00e4ftige, kr\u00e4ftige Weine aus der Neuen Welt konzipiert und bietet reichlich Raum f\u00fcr die Entwicklung der Aromen und ein verbessertes Geschmackserlebnis. Diese Gl\u00e4ser eignen sich perfekt, um den fruchtigen Charakter hervorzuheben und die Tannine auszugleichen, was f\u00fcr eine harmonische Verkostung sorgt.<\/p>\n<p>Hauptfunktionen:<\/p>\n<p>4er-Set Rotweingl\u00e4ser f\u00fcr eine perfekte Verkostung<br \/>\nDiamant-Design, das die Entwicklung von Aromen f\u00f6rdert und den Geschmack verst\u00e4rkt<br \/>\nHergestellt aus hochwertigem Kristall f\u00fcr au\u00dfergew\u00f6hnliche Brillanz<br \/>\nLeicht zu reinigen: Sp\u00fclmaschinenfest f\u00fcr bequeme Pflege<br \/>\nPr\u00e4zisionsgefertigt, mit minimalen Ma\u00dftoleranzen<br \/>\nZeitlose Eleganz, die jeden Tisch und jeden Anlass bereichert<\/p>\n<p>ViNOVA vereint Funktionalit\u00e4t und modernes Design f\u00fcr perfekten Weingenuss. Eine gro\u00dfartige Wahl f\u00fcr Weinliebhaber und ein ideales Geschenk f\u00fcr alle, die die Kunst des Verkostens zu sch\u00e4tzen wissen.<\/p>\n<p>Kapazit\u00e4t: 550,0 ccm<br \/>\nH\u00f6he: 240,0 mm<\/p>\n","protected":false},"excerpt":{"rendered":"<p>ViNOVA Rotweinglas-Set \u2013 4-teilig Entdecken Sie moderne Eleganz mit dem ViNOVA Rotweinglas-Set, ideal f\u00fcr eine Vielzahl von Rotweinen. Die Rautenform mit ihren extremen Winkeln ist f\u00fcr kr\u00e4ftige, kr\u00e4ftige Weine aus der Neuen Welt konzipiert und bietet reichlich Raum f\u00fcr die Entwicklung der Aromen und ein verbessertes Geschmackserlebnis. Diese Gl\u00e4ser eignen sich perfekt, um den fruchtigen [&hellip;]<\/p>\n","protected":false},"featured_media":6378650,"template":"","meta":{"_acf_changed":false},"product_cat":[12177,12186],"product_tag":[],"class_list":{"0":"post-1601086","1":"product","2":"type-product","3":"status-publish","4":"has-post-thumbnail","6":"product_cat-weinbar-korkenzieher-dekanter-eiskubel","7":"product_cat-weinglaeser","9":"first","10":"instock","11":"taxable","12":"shipping-taxable","13":"purchasable","14":"product-type-simple","swatches":"rey-swatches","show_selected":"","stretch_labels":"rey-swatches--stretch-labels"},"acf":[],"yoast_head":"<!-- This site is optimized with the Yoast SEO plugin v25.4 - https:\/\/yoast.com\/wordpress\/plugins\/seo\/ -->\n<title>RIEDEL Vinova 4er-Set Rotweingl\u00e4ser - dev6 Erresse<\/title>\n<meta name=\"description\" content=\"ViNOVA Rotweinglas-Set \u2013 4-teilig Entdecken Sie moderne Eleganz mit dem ViNOVA Rotweinglas-Set, ideal f\u00fcr eine Vielzahl von Rotweinen. Die Rautenform mit\" \/>\n<meta name=\"robots\" content=\"noindex, follow, max-snippet:-1, max-image-preview:large, max-video-preview:-1\" \/>\n<meta property=\"og:locale\" content=\"de_DE\" \/>\n<meta property=\"og:type\" content=\"article\" \/>\n<meta property=\"og:title\" content=\"RIEDEL Vinova 4er-Set Rotweingl\u00e4ser - dev6 Erresse\" \/>\n<meta property=\"og:description\" content=\"ViNOVA Rotweinglas-Set \u2013 4-teilig Entdecken Sie moderne Eleganz mit dem ViNOVA Rotweinglas-Set, ideal f\u00fcr eine Vielzahl von Rotweinen. Die Rautenform mit\" \/>\n<meta property=\"og:url\" content=\"https:\/\/dev6.erresse-shop.it\/de\/shop\/tisch\/weinbar-korkenzieher-dekanter-eiskubel\/weinglaeser\/riedel-vinova-4er-set-rotweinglaeser\/\" \/>\n<meta property=\"og:site_name\" content=\"dev6 Erresse\" \/>\n<meta property=\"og:image\" content=\"https:\/\/interpim.erresse-shop.it\/Import\/Prodotti\/riedel-vinova-set-4-bicchieri-vino-rosso.jpg\" \/><meta property=\"og:image\" content=\"https:\/\/interpim.erresse-shop.it\/Import\/Prodotti\/riedel-vinova-set-4-bicchieri-vino-rosso.jpg\" \/>\n\t<meta property=\"og:image:width\" content=\"1024\" \/>\n\t<meta property=\"og:image:height\" content=\"1024\" \/>\n\t<meta property=\"og:image:type\" content=\"image\/jpeg\" \/>\n<meta name=\"twitter:card\" content=\"summary_large_image\" \/>\n<meta name=\"twitter:image\" content=\"https:\/\/interpim.erresse-shop.it\/Import\/Prodotti\/riedel-vinova-set-4-bicchieri-vino-rosso.jpg\" \/>\n<script type=\"application\/ld+json\" class=\"yoast-schema-graph\">{\"@context\":\"https:\/\/schema.org\",\"@graph\":[{\"@type\":\"WebPage\",\"@id\":\"https:\/\/dev6.erresse-shop.it\/de\/shop\/tisch\/weinbar-korkenzieher-dekanter-eiskubel\/weinglaeser\/riedel-vinova-4er-set-rotweinglaeser\/\",\"url\":\"https:\/\/dev6.erresse-shop.it\/de\/shop\/tisch\/weinbar-korkenzieher-dekanter-eiskubel\/weinglaeser\/riedel-vinova-4er-set-rotweinglaeser\/\",\"name\":\"RIEDEL Vinova 4er-Set Rotweingl\u00e4ser - dev6 Erresse\",\"isPartOf\":{\"@id\":\"https:\/\/dev6.erresse-shop.it\/#website\"},\"primaryImageOfPage\":{\"@id\":\"https:\/\/dev6.erresse-shop.it\/de\/shop\/tisch\/weinbar-korkenzieher-dekanter-eiskubel\/weinglaeser\/riedel-vinova-4er-set-rotweinglaeser\/#primaryimage\"},\"image\":{\"@id\":\"https:\/\/dev6.erresse-shop.it\/de\/shop\/tisch\/weinbar-korkenzieher-dekanter-eiskubel\/weinglaeser\/riedel-vinova-4er-set-rotweinglaeser\/#primaryimage\"},\"thumbnailUrl\":\"https:\/\/i3.wp.com\/interpim.erresse-shop.it\/Import\/Prodotti\/riedel-vinova-set-4-bicchieri-vino-rosso.jpg?ssl=1\",\"datePublished\":\"2026-04-12T11:50:21+00:00\",\"description\":\"ViNOVA Rotweinglas-Set \u2013 4-teilig Entdecken Sie moderne Eleganz mit dem ViNOVA Rotweinglas-Set, ideal f\u00fcr eine Vielzahl von Rotweinen. Die Rautenform mit\",\"breadcrumb\":{\"@id\":\"https:\/\/dev6.erresse-shop.it\/de\/shop\/tisch\/weinbar-korkenzieher-dekanter-eiskubel\/weinglaeser\/riedel-vinova-4er-set-rotweinglaeser\/#breadcrumb\"},\"inLanguage\":\"de\",\"potentialAction\":[{\"@type\":\"ReadAction\",\"target\":[\"https:\/\/dev6.erresse-shop.it\/de\/shop\/tisch\/weinbar-korkenzieher-dekanter-eiskubel\/weinglaeser\/riedel-vinova-4er-set-rotweinglaeser\/\"]}]},{\"@type\":\"ImageObject\",\"inLanguage\":\"de\",\"@id\":\"https:\/\/dev6.erresse-shop.it\/de\/shop\/tisch\/weinbar-korkenzieher-dekanter-eiskubel\/weinglaeser\/riedel-vinova-4er-set-rotweinglaeser\/#primaryimage\",\"url\":\"https:\/\/i3.wp.com\/interpim.erresse-shop.it\/Import\/Prodotti\/riedel-vinova-set-4-bicchieri-vino-rosso.jpg?ssl=1\",\"contentUrl\":\"https:\/\/i3.wp.com\/interpim.erresse-shop.it\/Import\/Prodotti\/riedel-vinova-set-4-bicchieri-vino-rosso.jpg?ssl=1\"},{\"@type\":\"BreadcrumbList\",\"@id\":\"https:\/\/dev6.erresse-shop.it\/de\/shop\/tisch\/weinbar-korkenzieher-dekanter-eiskubel\/weinglaeser\/riedel-vinova-4er-set-rotweinglaeser\/#breadcrumb\",\"itemListElement\":[{\"@type\":\"ListItem\",\"position\":1,\"name\":\"Home\",\"item\":\"https:\/\/dev6.erresse-shop.it\/\"},{\"@type\":\"ListItem\",\"position\":2,\"name\":\"Shop\",\"item\":\"https:\/\/dev6.erresse-shop.it\/shop\/\"},{\"@type\":\"ListItem\",\"position\":3,\"name\":\"RIEDEL Vinova 4er-Set Rotweingl\u00e4ser\"}]},{\"@type\":\"WebSite\",\"@id\":\"https:\/\/dev6.erresse-shop.it\/#website\",\"url\":\"https:\/\/dev6.erresse-shop.it\/\",\"name\":\"Erresse Shop\",\"description\":\"\",\"publisher\":{\"@id\":\"https:\/\/dev6.erresse-shop.it\/#organization\"},\"potentialAction\":[{\"@type\":\"SearchAction\",\"target\":{\"@type\":\"EntryPoint\",\"urlTemplate\":\"https:\/\/dev6.erresse-shop.it\/?s={search_term_string}\"},\"query-input\":{\"@type\":\"PropertyValueSpecification\",\"valueRequired\":true,\"valueName\":\"search_term_string\"}}],\"inLanguage\":\"de\"},{\"@type\":\"Organization\",\"@id\":\"https:\/\/dev6.erresse-shop.it\/#organization\",\"name\":\"Erresse Shop\",\"url\":\"https:\/\/dev6.erresse-shop.it\/\",\"logo\":{\"@type\":\"ImageObject\",\"inLanguage\":\"de\",\"@id\":\"https:\/\/dev6.erresse-shop.it\/#\/schema\/logo\/image\/\",\"url\":\"https:\/\/dev6.erresse-shop.it\/wp-content\/uploads\/2025\/01\/LOGO-ERRESSE-CLASSICO.svg\",\"contentUrl\":\"https:\/\/dev6.erresse-shop.it\/wp-content\/uploads\/2025\/01\/LOGO-ERRESSE-CLASSICO.svg\",\"caption\":\"Erresse Shop\"},\"image\":{\"@id\":\"https:\/\/dev6.erresse-shop.it\/#\/schema\/logo\/image\/\"}}]}<\/script>\n<!-- \/ Yoast SEO plugin. -->","yoast_head_json":{"title":"RIEDEL Vinova 4er-Set Rotweingl\u00e4ser - dev6 Erresse","description":"ViNOVA Rotweinglas-Set \u2013 4-teilig Entdecken Sie moderne Eleganz mit dem ViNOVA Rotweinglas-Set, ideal f\u00fcr eine Vielzahl von Rotweinen. Die Rautenform mit","robots":{"index":"noindex","follow":"follow","max-snippet":"max-snippet:-1","max-image-preview":"max-image-preview:large","max-video-preview":"max-video-preview:-1"},"og_locale":"de_DE","og_type":"article","og_title":"RIEDEL Vinova 4er-Set Rotweingl\u00e4ser - dev6 Erresse","og_description":"ViNOVA Rotweinglas-Set \u2013 4-teilig Entdecken Sie moderne Eleganz mit dem ViNOVA Rotweinglas-Set, ideal f\u00fcr eine Vielzahl von Rotweinen. Die Rautenform mit","og_url":"https:\/\/dev6.erresse-shop.it\/de\/shop\/tisch\/weinbar-korkenzieher-dekanter-eiskubel\/weinglaeser\/riedel-vinova-4er-set-rotweinglaeser\/","og_site_name":"dev6 Erresse","og_image":[{"url":"https:\/\/interpim.erresse-shop.it\/Import\/Prodotti\/riedel-vinova-set-4-bicchieri-vino-rosso.jpg","type":"","width":"","height":""},{"url":"https:\/\/interpim.erresse-shop.it\/Import\/Prodotti\/riedel-vinova-set-4-bicchieri-vino-rosso.jpg","width":1024,"height":1024,"type":"image\/jpeg"}],"twitter_card":"summary_large_image","twitter_image":"https:\/\/interpim.erresse-shop.it\/Import\/Prodotti\/riedel-vinova-set-4-bicchieri-vino-rosso.jpg","schema":{"@context":"https:\/\/schema.org","@graph":[{"@type":"WebPage","@id":"https:\/\/dev6.erresse-shop.it\/de\/shop\/tisch\/weinbar-korkenzieher-dekanter-eiskubel\/weinglaeser\/riedel-vinova-4er-set-rotweinglaeser\/","url":"https:\/\/dev6.erresse-shop.it\/de\/shop\/tisch\/weinbar-korkenzieher-dekanter-eiskubel\/weinglaeser\/riedel-vinova-4er-set-rotweinglaeser\/","name":"RIEDEL Vinova 4er-Set Rotweingl\u00e4ser - dev6 Erresse","isPartOf":{"@id":"https:\/\/dev6.erresse-shop.it\/#website"},"primaryImageOfPage":{"@id":"https:\/\/dev6.erresse-shop.it\/de\/shop\/tisch\/weinbar-korkenzieher-dekanter-eiskubel\/weinglaeser\/riedel-vinova-4er-set-rotweinglaeser\/#primaryimage"},"image":{"@id":"https:\/\/dev6.erresse-shop.it\/de\/shop\/tisch\/weinbar-korkenzieher-dekanter-eiskubel\/weinglaeser\/riedel-vinova-4er-set-rotweinglaeser\/#primaryimage"},"thumbnailUrl":"https:\/\/i3.wp.com\/interpim.erresse-shop.it\/Import\/Prodotti\/riedel-vinova-set-4-bicchieri-vino-rosso.jpg?ssl=1","datePublished":"2026-04-12T11:50:21+00:00","description":"ViNOVA Rotweinglas-Set \u2013 4-teilig Entdecken Sie moderne Eleganz mit dem ViNOVA Rotweinglas-Set, ideal f\u00fcr eine Vielzahl von Rotweinen. Die Rautenform mit","breadcrumb":{"@id":"https:\/\/dev6.erresse-shop.it\/de\/shop\/tisch\/weinbar-korkenzieher-dekanter-eiskubel\/weinglaeser\/riedel-vinova-4er-set-rotweinglaeser\/#breadcrumb"},"inLanguage":"de","potentialAction":[{"@type":"ReadAction","target":["https:\/\/dev6.erresse-shop.it\/de\/shop\/tisch\/weinbar-korkenzieher-dekanter-eiskubel\/weinglaeser\/riedel-vinova-4er-set-rotweinglaeser\/"]}]},{"@type":"ImageObject","inLanguage":"de","@id":"https:\/\/dev6.erresse-shop.it\/de\/shop\/tisch\/weinbar-korkenzieher-dekanter-eiskubel\/weinglaeser\/riedel-vinova-4er-set-rotweinglaeser\/#primaryimage","url":"https:\/\/i3.wp.com\/interpim.erresse-shop.it\/Import\/Prodotti\/riedel-vinova-set-4-bicchieri-vino-rosso.jpg?ssl=1","contentUrl":"https:\/\/i3.wp.com\/interpim.erresse-shop.it\/Import\/Prodotti\/riedel-vinova-set-4-bicchieri-vino-rosso.jpg?ssl=1"},{"@type":"BreadcrumbList","@id":"https:\/\/dev6.erresse-shop.it\/de\/shop\/tisch\/weinbar-korkenzieher-dekanter-eiskubel\/weinglaeser\/riedel-vinova-4er-set-rotweinglaeser\/#breadcrumb","itemListElement":[{"@type":"ListItem","position":1,"name":"Home","item":"https:\/\/dev6.erresse-shop.it\/"},{"@type":"ListItem","position":2,"name":"Shop","item":"https:\/\/dev6.erresse-shop.it\/shop\/"},{"@type":"ListItem","position":3,"name":"RIEDEL Vinova 4er-Set Rotweingl\u00e4ser"}]},{"@type":"WebSite","@id":"https:\/\/dev6.erresse-shop.it\/#website","url":"https:\/\/dev6.erresse-shop.it\/","name":"Erresse Shop","description":"","publisher":{"@id":"https:\/\/dev6.erresse-shop.it\/#organization"},"potentialAction":[{"@type":"SearchAction","target":{"@type":"EntryPoint","urlTemplate":"https:\/\/dev6.erresse-shop.it\/?s={search_term_string}"},"query-input":{"@type":"PropertyValueSpecification","valueRequired":true,"valueName":"search_term_string"}}],"inLanguage":"de"},{"@type":"Organization","@id":"https:\/\/dev6.erresse-shop.it\/#organization","name":"Erresse Shop","url":"https:\/\/dev6.erresse-shop.it\/","logo":{"@type":"ImageObject","inLanguage":"de","@id":"https:\/\/dev6.erresse-shop.it\/#\/schema\/logo\/image\/","url":"https:\/\/dev6.erresse-shop.it\/wp-content\/uploads\/2025\/01\/LOGO-ERRESSE-CLASSICO.svg","contentUrl":"https:\/\/dev6.erresse-shop.it\/wp-content\/uploads\/2025\/01\/LOGO-ERRESSE-CLASSICO.svg","caption":"Erresse Shop"},"image":{"@id":"https:\/\/dev6.erresse-shop.it\/#\/schema\/logo\/image\/"}}]}},"df_price":32.9,"df_sale_price":"","df_regular_price":32.9,"df_image_link":"https:\/\/i3.wp.com\/interpim.erresse-shop.it\/Import\/Prodotti\/riedel-vinova-set-4-bicchieri-vino-rosso.jpg?resize=300,300&ssl=1","fifu_image_url":"https:\/\/interpim.erresse-shop.it\/Import\/Prodotti\/riedel-vinova-set-4-bicchieri-vino-rosso.jpg","_links":{"self":[{"href":"https:\/\/dev6.erresse-shop.it\/de\/wp-json\/wp\/v2\/product\/1601086","targetHints":{"allow":["GET"]}}],"collection":[{"href":"https:\/\/dev6.erresse-shop.it\/de\/wp-json\/wp\/v2\/product"}],"about":[{"href":"https:\/\/dev6.erresse-shop.it\/de\/wp-json\/wp\/v2\/types\/product"}],"wp:featuredmedia":[{"embeddable":true,"href":"https:\/\/dev6.erresse-shop.it\/de\/wp-json\/wp\/v2\/media\/6378650"}],"wp:attachment":[{"href":"https:\/\/dev6.erresse-shop.it\/de\/wp-json\/wp\/v2\/media?parent=1601086"}],"wp:term":[{"taxonomy":"product_cat","embeddable":true,"href":"https:\/\/dev6.erresse-shop.it\/de\/wp-json\/wp\/v2\/product_cat?post=1601086"},{"taxonomy":"product_tag","embeddable":true,"href":"https:\/\/dev6.erresse-shop.it\/de\/wp-json\/wp\/v2\/product_tag?post=1601086"}],"curies":[{"name":"wp","href":"https:\/\/api.w.org\/{rel}","templated":true}]}}