{"id":1601082,"date":"2026-04-04T13:47:55","date_gmt":"2026-04-04T11:47:55","guid":{"rendered":"https:\/\/dev6.erresse-shop.it\/shop\/unkategorisiert\/riedel-2er-set-champagnerglaeser\/"},"modified":"2025-07-04T15:05:41","modified_gmt":"2025-07-04T13:05:41","slug":"riedel-2er-set-champagnerglaeser","status":"publish","type":"product","link":"https:\/\/dev6.erresse-shop.it\/de\/shop\/tisch\/weinbar-korkenzieher-dekanter-eiskubel\/weinglaeser\/riedel-2er-set-champagnerglaeser\/","title":{"rendered":"RIEDEL 2er-Set Champagnergl\u00e4ser"},"content":{"rendered":"<p>Sektfl\u00f6ten-Set 2024 \u2013 2-teilig<\/p>\n<p>Das 2024 GRAPE&#64;RIEDEL Sektglas ist perfekt f\u00fcr trockenen, frischen und leichten Champagner und Schaumwein. Es unterstreicht die Sch\u00f6nheit und Komplexit\u00e4t der Perlage. Seine l\u00e4ngliche Form beg\u00fcnstigt die Perlage und bietet ein einzigartiges und raffiniertes Geschmackserlebnis. Die Perlage im Glas sorgt f\u00fcr eine gleichm\u00e4\u00dfige Perlage und macht es zur idealen Wahl f\u00fcr Champagner- und Sektliebhaber.<\/p>\n<p>Produktmerkmale:<\/p>\n<p>Set mit 2 Champagnerfl\u00f6ten<br \/>\nAus hochwertigem, klarem Kristallglas<br \/>\nElegante und schlanke Form, hervorragend f\u00fcr Perlage<br \/>\nPerfektes Design f\u00fcr einen raffinierten Genuss<br \/>\nMaschinell gefertigt f\u00fcr Pr\u00e4zision und Langlebigkeit<br \/>\nSp\u00fclmaschinenfest f\u00fcr einfache Pflege<\/p>\n<p>Entdecken Sie die perfekte Balance aus Stil, Funktionalit\u00e4t und Erschwinglichkeit mit der GRAPE&#64;RIEDEL Kollektion 2024. Dieses Sektglas eignet sich f\u00fcr eine gro\u00dfe Auswahl an Weinen, Getr\u00e4nken und Cocktails und ist das ideale Glas f\u00fcr jeden besonderen Anlass.<\/p>\n<p>Fassungsverm\u00f6gen: 250,0 ccm<br \/>\nH\u00f6he: 241,0 mm<\/p>\n","protected":false},"excerpt":{"rendered":"<p>Sektfl\u00f6ten-Set 2024 \u2013 2-teilig Das 2024 GRAPE&#64;RIEDEL Sektglas ist perfekt f\u00fcr trockenen, frischen und leichten Champagner und Schaumwein. Es unterstreicht die Sch\u00f6nheit und Komplexit\u00e4t der Perlage. Seine l\u00e4ngliche Form beg\u00fcnstigt die Perlage und bietet ein einzigartiges und raffiniertes Geschmackserlebnis. Die Perlage im Glas sorgt f\u00fcr eine gleichm\u00e4\u00dfige Perlage und macht es zur idealen Wahl f\u00fcr [&hellip;]<\/p>\n","protected":false},"featured_media":6295356,"template":"","meta":{"_acf_changed":false},"product_cat":[12177,12186],"product_tag":[],"class_list":{"0":"post-1601082","1":"product","2":"type-product","3":"status-publish","4":"has-post-thumbnail","6":"product_cat-weinbar-korkenzieher-dekanter-eiskubel","7":"product_cat-weinglaeser","9":"first","10":"instock","11":"taxable","12":"shipping-taxable","13":"purchasable","14":"product-type-simple","swatches":"rey-swatches","show_selected":"","stretch_labels":"rey-swatches--stretch-labels"},"acf":[],"yoast_head":"<!-- This site is optimized with the Yoast SEO plugin v25.4 - https:\/\/yoast.com\/wordpress\/plugins\/seo\/ -->\n<title>RIEDEL 2er-Set Champagnergl\u00e4ser - dev6 Erresse<\/title>\n<meta name=\"description\" content=\"Sektfl\u00f6ten-Set 2024 \u2013 2-teilig Das 2024 GRAPE&#064;RIEDEL Sektglas ist perfekt f\u00fcr trockenen, frischen und leichten Champagner und Schaumwein. Es\" \/>\n<meta name=\"robots\" content=\"noindex, follow, max-snippet:-1, max-image-preview:large, max-video-preview:-1\" \/>\n<meta property=\"og:locale\" content=\"de_DE\" \/>\n<meta property=\"og:type\" content=\"article\" \/>\n<meta property=\"og:title\" content=\"RIEDEL 2er-Set Champagnergl\u00e4ser - dev6 Erresse\" \/>\n<meta property=\"og:description\" content=\"Sektfl\u00f6ten-Set 2024 \u2013 2-teilig Das 2024 GRAPE&#064;RIEDEL Sektglas ist perfekt f\u00fcr trockenen, frischen und leichten Champagner und Schaumwein. Es\" \/>\n<meta property=\"og:url\" content=\"https:\/\/dev6.erresse-shop.it\/de\/shop\/tisch\/weinbar-korkenzieher-dekanter-eiskubel\/weinglaeser\/riedel-2er-set-champagnerglaeser\/\" \/>\n<meta property=\"og:site_name\" content=\"dev6 Erresse\" \/>\n<meta property=\"og:image\" content=\"https:\/\/interpim.erresse-shop.it\/Import\/Prodotti\/riedel-set-2-bicchieri-da-champagne.jpg\" \/><meta property=\"og:image\" content=\"https:\/\/interpim.erresse-shop.it\/Import\/Prodotti\/riedel-set-2-bicchieri-da-champagne.jpg\" \/>\n\t<meta property=\"og:image:width\" content=\"1024\" \/>\n\t<meta property=\"og:image:height\" content=\"1024\" \/>\n\t<meta property=\"og:image:type\" content=\"image\/jpeg\" \/>\n<meta name=\"twitter:card\" content=\"summary_large_image\" \/>\n<meta name=\"twitter:image\" content=\"https:\/\/interpim.erresse-shop.it\/Import\/Prodotti\/riedel-set-2-bicchieri-da-champagne.jpg\" \/>\n<script type=\"application\/ld+json\" class=\"yoast-schema-graph\">{\"@context\":\"https:\/\/schema.org\",\"@graph\":[{\"@type\":\"WebPage\",\"@id\":\"https:\/\/dev6.erresse-shop.it\/de\/shop\/tisch\/weinbar-korkenzieher-dekanter-eiskubel\/weinglaeser\/riedel-2er-set-champagnerglaeser\/\",\"url\":\"https:\/\/dev6.erresse-shop.it\/de\/shop\/tisch\/weinbar-korkenzieher-dekanter-eiskubel\/weinglaeser\/riedel-2er-set-champagnerglaeser\/\",\"name\":\"RIEDEL 2er-Set Champagnergl\u00e4ser - dev6 Erresse\",\"isPartOf\":{\"@id\":\"https:\/\/dev6.erresse-shop.it\/#website\"},\"primaryImageOfPage\":{\"@id\":\"https:\/\/dev6.erresse-shop.it\/de\/shop\/tisch\/weinbar-korkenzieher-dekanter-eiskubel\/weinglaeser\/riedel-2er-set-champagnerglaeser\/#primaryimage\"},\"image\":{\"@id\":\"https:\/\/dev6.erresse-shop.it\/de\/shop\/tisch\/weinbar-korkenzieher-dekanter-eiskubel\/weinglaeser\/riedel-2er-set-champagnerglaeser\/#primaryimage\"},\"thumbnailUrl\":\"https:\/\/i0.wp.com\/interpim.erresse-shop.it\/Import\/Prodotti\/riedel-set-2-bicchieri-da-champagne.jpg?ssl=1\",\"datePublished\":\"2026-04-04T11:47:55+00:00\",\"description\":\"Sektfl\u00f6ten-Set 2024 \u2013 2-teilig Das 2024 GRAPE&#64;RIEDEL Sektglas ist perfekt f\u00fcr trockenen, frischen und leichten Champagner und Schaumwein. Es\",\"breadcrumb\":{\"@id\":\"https:\/\/dev6.erresse-shop.it\/de\/shop\/tisch\/weinbar-korkenzieher-dekanter-eiskubel\/weinglaeser\/riedel-2er-set-champagnerglaeser\/#breadcrumb\"},\"inLanguage\":\"de\",\"potentialAction\":[{\"@type\":\"ReadAction\",\"target\":[\"https:\/\/dev6.erresse-shop.it\/de\/shop\/tisch\/weinbar-korkenzieher-dekanter-eiskubel\/weinglaeser\/riedel-2er-set-champagnerglaeser\/\"]}]},{\"@type\":\"ImageObject\",\"inLanguage\":\"de\",\"@id\":\"https:\/\/dev6.erresse-shop.it\/de\/shop\/tisch\/weinbar-korkenzieher-dekanter-eiskubel\/weinglaeser\/riedel-2er-set-champagnerglaeser\/#primaryimage\",\"url\":\"https:\/\/i0.wp.com\/interpim.erresse-shop.it\/Import\/Prodotti\/riedel-set-2-bicchieri-da-champagne.jpg?ssl=1\",\"contentUrl\":\"https:\/\/i0.wp.com\/interpim.erresse-shop.it\/Import\/Prodotti\/riedel-set-2-bicchieri-da-champagne.jpg?ssl=1\"},{\"@type\":\"BreadcrumbList\",\"@id\":\"https:\/\/dev6.erresse-shop.it\/de\/shop\/tisch\/weinbar-korkenzieher-dekanter-eiskubel\/weinglaeser\/riedel-2er-set-champagnerglaeser\/#breadcrumb\",\"itemListElement\":[{\"@type\":\"ListItem\",\"position\":1,\"name\":\"Home\",\"item\":\"https:\/\/dev6.erresse-shop.it\/\"},{\"@type\":\"ListItem\",\"position\":2,\"name\":\"Shop\",\"item\":\"https:\/\/dev6.erresse-shop.it\/shop\/\"},{\"@type\":\"ListItem\",\"position\":3,\"name\":\"RIEDEL 2er-Set Champagnergl\u00e4ser\"}]},{\"@type\":\"WebSite\",\"@id\":\"https:\/\/dev6.erresse-shop.it\/#website\",\"url\":\"https:\/\/dev6.erresse-shop.it\/\",\"name\":\"Erresse Shop\",\"description\":\"\",\"publisher\":{\"@id\":\"https:\/\/dev6.erresse-shop.it\/#organization\"},\"potentialAction\":[{\"@type\":\"SearchAction\",\"target\":{\"@type\":\"EntryPoint\",\"urlTemplate\":\"https:\/\/dev6.erresse-shop.it\/?s={search_term_string}\"},\"query-input\":{\"@type\":\"PropertyValueSpecification\",\"valueRequired\":true,\"valueName\":\"search_term_string\"}}],\"inLanguage\":\"de\"},{\"@type\":\"Organization\",\"@id\":\"https:\/\/dev6.erresse-shop.it\/#organization\",\"name\":\"Erresse Shop\",\"url\":\"https:\/\/dev6.erresse-shop.it\/\",\"logo\":{\"@type\":\"ImageObject\",\"inLanguage\":\"de\",\"@id\":\"https:\/\/dev6.erresse-shop.it\/#\/schema\/logo\/image\/\",\"url\":\"https:\/\/dev6.erresse-shop.it\/wp-content\/uploads\/2025\/01\/LOGO-ERRESSE-CLASSICO.svg\",\"contentUrl\":\"https:\/\/dev6.erresse-shop.it\/wp-content\/uploads\/2025\/01\/LOGO-ERRESSE-CLASSICO.svg\",\"caption\":\"Erresse Shop\"},\"image\":{\"@id\":\"https:\/\/dev6.erresse-shop.it\/#\/schema\/logo\/image\/\"}}]}<\/script>\n<!-- \/ Yoast SEO plugin. -->","yoast_head_json":{"title":"RIEDEL 2er-Set Champagnergl\u00e4ser - dev6 Erresse","description":"Sektfl\u00f6ten-Set 2024 \u2013 2-teilig Das 2024 GRAPE&#64;RIEDEL Sektglas ist perfekt f\u00fcr trockenen, frischen und leichten Champagner und Schaumwein. Es","robots":{"index":"noindex","follow":"follow","max-snippet":"max-snippet:-1","max-image-preview":"max-image-preview:large","max-video-preview":"max-video-preview:-1"},"og_locale":"de_DE","og_type":"article","og_title":"RIEDEL 2er-Set Champagnergl\u00e4ser - dev6 Erresse","og_description":"Sektfl\u00f6ten-Set 2024 \u2013 2-teilig Das 2024 GRAPE&#64;RIEDEL Sektglas ist perfekt f\u00fcr trockenen, frischen und leichten Champagner und Schaumwein. Es","og_url":"https:\/\/dev6.erresse-shop.it\/de\/shop\/tisch\/weinbar-korkenzieher-dekanter-eiskubel\/weinglaeser\/riedel-2er-set-champagnerglaeser\/","og_site_name":"dev6 Erresse","og_image":[{"url":"https:\/\/interpim.erresse-shop.it\/Import\/Prodotti\/riedel-set-2-bicchieri-da-champagne.jpg","type":"","width":"","height":""},{"url":"https:\/\/interpim.erresse-shop.it\/Import\/Prodotti\/riedel-set-2-bicchieri-da-champagne.jpg","width":1024,"height":1024,"type":"image\/jpeg"}],"twitter_card":"summary_large_image","twitter_image":"https:\/\/interpim.erresse-shop.it\/Import\/Prodotti\/riedel-set-2-bicchieri-da-champagne.jpg","schema":{"@context":"https:\/\/schema.org","@graph":[{"@type":"WebPage","@id":"https:\/\/dev6.erresse-shop.it\/de\/shop\/tisch\/weinbar-korkenzieher-dekanter-eiskubel\/weinglaeser\/riedel-2er-set-champagnerglaeser\/","url":"https:\/\/dev6.erresse-shop.it\/de\/shop\/tisch\/weinbar-korkenzieher-dekanter-eiskubel\/weinglaeser\/riedel-2er-set-champagnerglaeser\/","name":"RIEDEL 2er-Set Champagnergl\u00e4ser - dev6 Erresse","isPartOf":{"@id":"https:\/\/dev6.erresse-shop.it\/#website"},"primaryImageOfPage":{"@id":"https:\/\/dev6.erresse-shop.it\/de\/shop\/tisch\/weinbar-korkenzieher-dekanter-eiskubel\/weinglaeser\/riedel-2er-set-champagnerglaeser\/#primaryimage"},"image":{"@id":"https:\/\/dev6.erresse-shop.it\/de\/shop\/tisch\/weinbar-korkenzieher-dekanter-eiskubel\/weinglaeser\/riedel-2er-set-champagnerglaeser\/#primaryimage"},"thumbnailUrl":"https:\/\/i0.wp.com\/interpim.erresse-shop.it\/Import\/Prodotti\/riedel-set-2-bicchieri-da-champagne.jpg?ssl=1","datePublished":"2026-04-04T11:47:55+00:00","description":"Sektfl\u00f6ten-Set 2024 \u2013 2-teilig Das 2024 GRAPE&#64;RIEDEL Sektglas ist perfekt f\u00fcr trockenen, frischen und leichten Champagner und Schaumwein. Es","breadcrumb":{"@id":"https:\/\/dev6.erresse-shop.it\/de\/shop\/tisch\/weinbar-korkenzieher-dekanter-eiskubel\/weinglaeser\/riedel-2er-set-champagnerglaeser\/#breadcrumb"},"inLanguage":"de","potentialAction":[{"@type":"ReadAction","target":["https:\/\/dev6.erresse-shop.it\/de\/shop\/tisch\/weinbar-korkenzieher-dekanter-eiskubel\/weinglaeser\/riedel-2er-set-champagnerglaeser\/"]}]},{"@type":"ImageObject","inLanguage":"de","@id":"https:\/\/dev6.erresse-shop.it\/de\/shop\/tisch\/weinbar-korkenzieher-dekanter-eiskubel\/weinglaeser\/riedel-2er-set-champagnerglaeser\/#primaryimage","url":"https:\/\/i0.wp.com\/interpim.erresse-shop.it\/Import\/Prodotti\/riedel-set-2-bicchieri-da-champagne.jpg?ssl=1","contentUrl":"https:\/\/i0.wp.com\/interpim.erresse-shop.it\/Import\/Prodotti\/riedel-set-2-bicchieri-da-champagne.jpg?ssl=1"},{"@type":"BreadcrumbList","@id":"https:\/\/dev6.erresse-shop.it\/de\/shop\/tisch\/weinbar-korkenzieher-dekanter-eiskubel\/weinglaeser\/riedel-2er-set-champagnerglaeser\/#breadcrumb","itemListElement":[{"@type":"ListItem","position":1,"name":"Home","item":"https:\/\/dev6.erresse-shop.it\/"},{"@type":"ListItem","position":2,"name":"Shop","item":"https:\/\/dev6.erresse-shop.it\/shop\/"},{"@type":"ListItem","position":3,"name":"RIEDEL 2er-Set Champagnergl\u00e4ser"}]},{"@type":"WebSite","@id":"https:\/\/dev6.erresse-shop.it\/#website","url":"https:\/\/dev6.erresse-shop.it\/","name":"Erresse Shop","description":"","publisher":{"@id":"https:\/\/dev6.erresse-shop.it\/#organization"},"potentialAction":[{"@type":"SearchAction","target":{"@type":"EntryPoint","urlTemplate":"https:\/\/dev6.erresse-shop.it\/?s={search_term_string}"},"query-input":{"@type":"PropertyValueSpecification","valueRequired":true,"valueName":"search_term_string"}}],"inLanguage":"de"},{"@type":"Organization","@id":"https:\/\/dev6.erresse-shop.it\/#organization","name":"Erresse Shop","url":"https:\/\/dev6.erresse-shop.it\/","logo":{"@type":"ImageObject","inLanguage":"de","@id":"https:\/\/dev6.erresse-shop.it\/#\/schema\/logo\/image\/","url":"https:\/\/dev6.erresse-shop.it\/wp-content\/uploads\/2025\/01\/LOGO-ERRESSE-CLASSICO.svg","contentUrl":"https:\/\/dev6.erresse-shop.it\/wp-content\/uploads\/2025\/01\/LOGO-ERRESSE-CLASSICO.svg","caption":"Erresse Shop"},"image":{"@id":"https:\/\/dev6.erresse-shop.it\/#\/schema\/logo\/image\/"}}]}},"df_price":32.9,"df_sale_price":"","df_regular_price":32.9,"df_image_link":"https:\/\/i0.wp.com\/interpim.erresse-shop.it\/Import\/Prodotti\/riedel-set-2-bicchieri-da-champagne.jpg?resize=300,300&ssl=1","fifu_image_url":"https:\/\/interpim.erresse-shop.it\/Import\/Prodotti\/riedel-set-2-bicchieri-da-champagne.jpg","_links":{"self":[{"href":"https:\/\/dev6.erresse-shop.it\/de\/wp-json\/wp\/v2\/product\/1601082","targetHints":{"allow":["GET"]}}],"collection":[{"href":"https:\/\/dev6.erresse-shop.it\/de\/wp-json\/wp\/v2\/product"}],"about":[{"href":"https:\/\/dev6.erresse-shop.it\/de\/wp-json\/wp\/v2\/types\/product"}],"wp:featuredmedia":[{"embeddable":true,"href":"https:\/\/dev6.erresse-shop.it\/de\/wp-json\/wp\/v2\/media\/6295356"}],"wp:attachment":[{"href":"https:\/\/dev6.erresse-shop.it\/de\/wp-json\/wp\/v2\/media?parent=1601082"}],"wp:term":[{"taxonomy":"product_cat","embeddable":true,"href":"https:\/\/dev6.erresse-shop.it\/de\/wp-json\/wp\/v2\/product_cat?post=1601082"},{"taxonomy":"product_tag","embeddable":true,"href":"https:\/\/dev6.erresse-shop.it\/de\/wp-json\/wp\/v2\/product_tag?post=1601082"}],"curies":[{"name":"wp","href":"https:\/\/api.w.org\/{rel}","templated":true}]}}