{"id":1601080,"date":"2026-04-12T13:50:21","date_gmt":"2026-04-12T11:50:21","guid":{"rendered":"https:\/\/dev6.erresse-shop.it\/shop\/unkategorisiert\/riedel-veritas-4er-set-cabernetglaeser-und-dekanter-mosel\/"},"modified":"2025-07-04T15:05:38","modified_gmt":"2025-07-04T13:05:38","slug":"riedel-veritas-4er-set-cabernetglaeser-und-dekanter-mosel","status":"publish","type":"product","link":"https:\/\/dev6.erresse-shop.it\/de\/shop\/tisch\/trinkglaeser\/riedel-veritas-4er-set-cabernetglaeser-und-dekanter-mosel\/","title":{"rendered":"RIEDEL Veritas 4er Set Cabernetgl\u00e4ser und Dekanter Mosel"},"content":{"rendered":"<p>RIEDEL Veritas Cabernet und Mosel Dekanter-Set \u2013 5-teilig<\/p>\n<p>Erleben Sie den H\u00f6hepunkt der Weinverkostung mit dem RIEDEL Veritas Cabernet Set, bestehend aus 4 Gl\u00e4sern und einem Mosel Dekanter. Das Cabernet-Glas eignet sich perfekt f\u00fcr komplexe, vollmundige Rotweine mit hohem Tanningehalt. Es betont den Fruchtcharakter und reduziert die Bitterkeit der Tannine. So entsteht ein ausgewogenes Erlebnis, das bei jedem Schluck perfekt ist.<\/p>\n<p>Der Mosel Dekanter mit seiner ikonischen Optik ist eine hervorragende Wahl f\u00fcr Weinliebhaber, die ein elegantes, vielseitiges und benutzerfreundliches Produkt suchen. Seine optimierte Struktur f\u00f6rdert die Sauerstoffversorgung des Weines und verbessert so seine Qualit\u00e4ten.<\/p>\n<p>Produktmerkmale:<\/p>\n<p>Set mit 4 RIEDEL Veritas Cabernet-Gl\u00e4sern und 1 Mosel-Dekanter<br \/>\nHergestellt aus hochwertigem, klarem Kristallglas<br \/>\nMaschinengefertigte Gl\u00e4ser f\u00fcr Pr\u00e4zision und Langlebigkeit<br \/>\nDekanter mit markantem Design und fortschrittlicher Funktionalit\u00e4t<br \/>\nPflegeleicht, sp\u00fclmaschinenfest Sicher<br \/>\nRIEDEL empfiehlt die Verwendung von Dekanter-Reinigungsperlen zur Fleckenentfernung<\/p>\n<p>Revolutionieren Sie Ihr Verkostungserlebnis mit diesem Set, das Sch\u00f6nheit, Funktionalit\u00e4t und Pr\u00e4zision vereint und das perfekte Glas f\u00fcr jeden Weinliebhaber kreiert.<\/p>\n","protected":false},"excerpt":{"rendered":"<p>RIEDEL Veritas Cabernet und Mosel Dekanter-Set \u2013 5-teilig Erleben Sie den H\u00f6hepunkt der Weinverkostung mit dem RIEDEL Veritas Cabernet Set, bestehend aus 4 Gl\u00e4sern und einem Mosel Dekanter. Das Cabernet-Glas eignet sich perfekt f\u00fcr komplexe, vollmundige Rotweine mit hohem Tanningehalt. Es betont den Fruchtcharakter und reduziert die Bitterkeit der Tannine. So entsteht ein ausgewogenes Erlebnis, [&hellip;]<\/p>\n","protected":false},"featured_media":6378622,"template":"","meta":{"_acf_changed":false},"product_cat":[12103,12117],"product_tag":[],"class_list":{"0":"post-1601080","1":"product","2":"type-product","3":"status-publish","4":"has-post-thumbnail","6":"product_cat-tisch","7":"product_cat-trinkglaeser","9":"first","10":"instock","11":"taxable","12":"shipping-taxable","13":"purchasable","14":"product-type-simple","swatches":"rey-swatches","show_selected":"","stretch_labels":"rey-swatches--stretch-labels"},"acf":[],"yoast_head":"<!-- This site is optimized with the Yoast SEO plugin v25.4 - https:\/\/yoast.com\/wordpress\/plugins\/seo\/ -->\n<title>RIEDEL Veritas 4er Set Cabernetgl\u00e4ser und Dekanter Mosel - dev6 Erresse<\/title>\n<meta name=\"description\" content=\"RIEDEL Veritas Cabernet und Mosel Dekanter-Set \u2013 5-teilig Erleben Sie den H\u00f6hepunkt der Weinverkostung mit dem RIEDEL Veritas Cabernet Set, bestehend aus\" \/>\n<meta name=\"robots\" content=\"noindex, follow, max-snippet:-1, max-image-preview:large, max-video-preview:-1\" \/>\n<meta property=\"og:locale\" content=\"de_DE\" \/>\n<meta property=\"og:type\" content=\"article\" \/>\n<meta property=\"og:title\" content=\"RIEDEL Veritas 4er Set Cabernetgl\u00e4ser und Dekanter Mosel - dev6 Erresse\" \/>\n<meta property=\"og:description\" content=\"RIEDEL Veritas Cabernet und Mosel Dekanter-Set \u2013 5-teilig Erleben Sie den H\u00f6hepunkt der Weinverkostung mit dem RIEDEL Veritas Cabernet Set, bestehend aus\" \/>\n<meta property=\"og:url\" content=\"https:\/\/dev6.erresse-shop.it\/de\/shop\/tisch\/trinkglaeser\/riedel-veritas-4er-set-cabernetglaeser-und-dekanter-mosel\/\" \/>\n<meta property=\"og:site_name\" content=\"dev6 Erresse\" \/>\n<meta property=\"og:image\" content=\"https:\/\/interpim.erresse-shop.it\/Import\/Prodotti\/riedel-veritas-set-4-calici-cabernet-e-decanter-mosel.jpg\" \/><meta property=\"og:image\" content=\"https:\/\/interpim.erresse-shop.it\/Import\/Prodotti\/riedel-veritas-set-4-calici-cabernet-e-decanter-mosel.jpg\" \/>\n\t<meta property=\"og:image:width\" content=\"1024\" \/>\n\t<meta property=\"og:image:height\" content=\"1024\" \/>\n\t<meta property=\"og:image:type\" content=\"image\/jpeg\" \/>\n<meta name=\"twitter:card\" content=\"summary_large_image\" \/>\n<meta name=\"twitter:image\" content=\"https:\/\/interpim.erresse-shop.it\/Import\/Prodotti\/riedel-veritas-set-4-calici-cabernet-e-decanter-mosel.jpg\" \/>\n<script type=\"application\/ld+json\" class=\"yoast-schema-graph\">{\"@context\":\"https:\/\/schema.org\",\"@graph\":[{\"@type\":\"WebPage\",\"@id\":\"https:\/\/dev6.erresse-shop.it\/de\/shop\/tisch\/trinkglaeser\/riedel-veritas-4er-set-cabernetglaeser-und-dekanter-mosel\/\",\"url\":\"https:\/\/dev6.erresse-shop.it\/de\/shop\/tisch\/trinkglaeser\/riedel-veritas-4er-set-cabernetglaeser-und-dekanter-mosel\/\",\"name\":\"RIEDEL Veritas 4er Set Cabernetgl\u00e4ser und Dekanter Mosel - dev6 Erresse\",\"isPartOf\":{\"@id\":\"https:\/\/dev6.erresse-shop.it\/#website\"},\"primaryImageOfPage\":{\"@id\":\"https:\/\/dev6.erresse-shop.it\/de\/shop\/tisch\/trinkglaeser\/riedel-veritas-4er-set-cabernetglaeser-und-dekanter-mosel\/#primaryimage\"},\"image\":{\"@id\":\"https:\/\/dev6.erresse-shop.it\/de\/shop\/tisch\/trinkglaeser\/riedel-veritas-4er-set-cabernetglaeser-und-dekanter-mosel\/#primaryimage\"},\"thumbnailUrl\":\"https:\/\/i2.wp.com\/interpim.erresse-shop.it\/Import\/Prodotti\/riedel-veritas-set-4-calici-cabernet-e-decanter-mosel.jpg?ssl=1\",\"datePublished\":\"2026-04-12T11:50:21+00:00\",\"description\":\"RIEDEL Veritas Cabernet und Mosel Dekanter-Set \u2013 5-teilig Erleben Sie den H\u00f6hepunkt der Weinverkostung mit dem RIEDEL Veritas Cabernet Set, bestehend aus\",\"breadcrumb\":{\"@id\":\"https:\/\/dev6.erresse-shop.it\/de\/shop\/tisch\/trinkglaeser\/riedel-veritas-4er-set-cabernetglaeser-und-dekanter-mosel\/#breadcrumb\"},\"inLanguage\":\"de\",\"potentialAction\":[{\"@type\":\"ReadAction\",\"target\":[\"https:\/\/dev6.erresse-shop.it\/de\/shop\/tisch\/trinkglaeser\/riedel-veritas-4er-set-cabernetglaeser-und-dekanter-mosel\/\"]}]},{\"@type\":\"ImageObject\",\"inLanguage\":\"de\",\"@id\":\"https:\/\/dev6.erresse-shop.it\/de\/shop\/tisch\/trinkglaeser\/riedel-veritas-4er-set-cabernetglaeser-und-dekanter-mosel\/#primaryimage\",\"url\":\"https:\/\/i2.wp.com\/interpim.erresse-shop.it\/Import\/Prodotti\/riedel-veritas-set-4-calici-cabernet-e-decanter-mosel.jpg?ssl=1\",\"contentUrl\":\"https:\/\/i2.wp.com\/interpim.erresse-shop.it\/Import\/Prodotti\/riedel-veritas-set-4-calici-cabernet-e-decanter-mosel.jpg?ssl=1\"},{\"@type\":\"BreadcrumbList\",\"@id\":\"https:\/\/dev6.erresse-shop.it\/de\/shop\/tisch\/trinkglaeser\/riedel-veritas-4er-set-cabernetglaeser-und-dekanter-mosel\/#breadcrumb\",\"itemListElement\":[{\"@type\":\"ListItem\",\"position\":1,\"name\":\"Home\",\"item\":\"https:\/\/dev6.erresse-shop.it\/\"},{\"@type\":\"ListItem\",\"position\":2,\"name\":\"Shop\",\"item\":\"https:\/\/dev6.erresse-shop.it\/shop\/\"},{\"@type\":\"ListItem\",\"position\":3,\"name\":\"RIEDEL Veritas 4er Set Cabernetgl\u00e4ser und Dekanter Mosel\"}]},{\"@type\":\"WebSite\",\"@id\":\"https:\/\/dev6.erresse-shop.it\/#website\",\"url\":\"https:\/\/dev6.erresse-shop.it\/\",\"name\":\"Erresse Shop\",\"description\":\"\",\"publisher\":{\"@id\":\"https:\/\/dev6.erresse-shop.it\/#organization\"},\"potentialAction\":[{\"@type\":\"SearchAction\",\"target\":{\"@type\":\"EntryPoint\",\"urlTemplate\":\"https:\/\/dev6.erresse-shop.it\/?s={search_term_string}\"},\"query-input\":{\"@type\":\"PropertyValueSpecification\",\"valueRequired\":true,\"valueName\":\"search_term_string\"}}],\"inLanguage\":\"de\"},{\"@type\":\"Organization\",\"@id\":\"https:\/\/dev6.erresse-shop.it\/#organization\",\"name\":\"Erresse Shop\",\"url\":\"https:\/\/dev6.erresse-shop.it\/\",\"logo\":{\"@type\":\"ImageObject\",\"inLanguage\":\"de\",\"@id\":\"https:\/\/dev6.erresse-shop.it\/#\/schema\/logo\/image\/\",\"url\":\"https:\/\/dev6.erresse-shop.it\/wp-content\/uploads\/2025\/01\/LOGO-ERRESSE-CLASSICO.svg\",\"contentUrl\":\"https:\/\/dev6.erresse-shop.it\/wp-content\/uploads\/2025\/01\/LOGO-ERRESSE-CLASSICO.svg\",\"caption\":\"Erresse Shop\"},\"image\":{\"@id\":\"https:\/\/dev6.erresse-shop.it\/#\/schema\/logo\/image\/\"}}]}<\/script>\n<!-- \/ Yoast SEO plugin. -->","yoast_head_json":{"title":"RIEDEL Veritas 4er Set Cabernetgl\u00e4ser und Dekanter Mosel - dev6 Erresse","description":"RIEDEL Veritas Cabernet und Mosel Dekanter-Set \u2013 5-teilig Erleben Sie den H\u00f6hepunkt der Weinverkostung mit dem RIEDEL Veritas Cabernet Set, bestehend aus","robots":{"index":"noindex","follow":"follow","max-snippet":"max-snippet:-1","max-image-preview":"max-image-preview:large","max-video-preview":"max-video-preview:-1"},"og_locale":"de_DE","og_type":"article","og_title":"RIEDEL Veritas 4er Set Cabernetgl\u00e4ser und Dekanter Mosel - dev6 Erresse","og_description":"RIEDEL Veritas Cabernet und Mosel Dekanter-Set \u2013 5-teilig Erleben Sie den H\u00f6hepunkt der Weinverkostung mit dem RIEDEL Veritas Cabernet Set, bestehend aus","og_url":"https:\/\/dev6.erresse-shop.it\/de\/shop\/tisch\/trinkglaeser\/riedel-veritas-4er-set-cabernetglaeser-und-dekanter-mosel\/","og_site_name":"dev6 Erresse","og_image":[{"url":"https:\/\/interpim.erresse-shop.it\/Import\/Prodotti\/riedel-veritas-set-4-calici-cabernet-e-decanter-mosel.jpg","type":"","width":"","height":""},{"url":"https:\/\/interpim.erresse-shop.it\/Import\/Prodotti\/riedel-veritas-set-4-calici-cabernet-e-decanter-mosel.jpg","width":1024,"height":1024,"type":"image\/jpeg"}],"twitter_card":"summary_large_image","twitter_image":"https:\/\/interpim.erresse-shop.it\/Import\/Prodotti\/riedel-veritas-set-4-calici-cabernet-e-decanter-mosel.jpg","schema":{"@context":"https:\/\/schema.org","@graph":[{"@type":"WebPage","@id":"https:\/\/dev6.erresse-shop.it\/de\/shop\/tisch\/trinkglaeser\/riedel-veritas-4er-set-cabernetglaeser-und-dekanter-mosel\/","url":"https:\/\/dev6.erresse-shop.it\/de\/shop\/tisch\/trinkglaeser\/riedel-veritas-4er-set-cabernetglaeser-und-dekanter-mosel\/","name":"RIEDEL Veritas 4er Set Cabernetgl\u00e4ser und Dekanter Mosel - dev6 Erresse","isPartOf":{"@id":"https:\/\/dev6.erresse-shop.it\/#website"},"primaryImageOfPage":{"@id":"https:\/\/dev6.erresse-shop.it\/de\/shop\/tisch\/trinkglaeser\/riedel-veritas-4er-set-cabernetglaeser-und-dekanter-mosel\/#primaryimage"},"image":{"@id":"https:\/\/dev6.erresse-shop.it\/de\/shop\/tisch\/trinkglaeser\/riedel-veritas-4er-set-cabernetglaeser-und-dekanter-mosel\/#primaryimage"},"thumbnailUrl":"https:\/\/i2.wp.com\/interpim.erresse-shop.it\/Import\/Prodotti\/riedel-veritas-set-4-calici-cabernet-e-decanter-mosel.jpg?ssl=1","datePublished":"2026-04-12T11:50:21+00:00","description":"RIEDEL Veritas Cabernet und Mosel Dekanter-Set \u2013 5-teilig Erleben Sie den H\u00f6hepunkt der Weinverkostung mit dem RIEDEL Veritas Cabernet Set, bestehend aus","breadcrumb":{"@id":"https:\/\/dev6.erresse-shop.it\/de\/shop\/tisch\/trinkglaeser\/riedel-veritas-4er-set-cabernetglaeser-und-dekanter-mosel\/#breadcrumb"},"inLanguage":"de","potentialAction":[{"@type":"ReadAction","target":["https:\/\/dev6.erresse-shop.it\/de\/shop\/tisch\/trinkglaeser\/riedel-veritas-4er-set-cabernetglaeser-und-dekanter-mosel\/"]}]},{"@type":"ImageObject","inLanguage":"de","@id":"https:\/\/dev6.erresse-shop.it\/de\/shop\/tisch\/trinkglaeser\/riedel-veritas-4er-set-cabernetglaeser-und-dekanter-mosel\/#primaryimage","url":"https:\/\/i2.wp.com\/interpim.erresse-shop.it\/Import\/Prodotti\/riedel-veritas-set-4-calici-cabernet-e-decanter-mosel.jpg?ssl=1","contentUrl":"https:\/\/i2.wp.com\/interpim.erresse-shop.it\/Import\/Prodotti\/riedel-veritas-set-4-calici-cabernet-e-decanter-mosel.jpg?ssl=1"},{"@type":"BreadcrumbList","@id":"https:\/\/dev6.erresse-shop.it\/de\/shop\/tisch\/trinkglaeser\/riedel-veritas-4er-set-cabernetglaeser-und-dekanter-mosel\/#breadcrumb","itemListElement":[{"@type":"ListItem","position":1,"name":"Home","item":"https:\/\/dev6.erresse-shop.it\/"},{"@type":"ListItem","position":2,"name":"Shop","item":"https:\/\/dev6.erresse-shop.it\/shop\/"},{"@type":"ListItem","position":3,"name":"RIEDEL Veritas 4er Set Cabernetgl\u00e4ser und Dekanter Mosel"}]},{"@type":"WebSite","@id":"https:\/\/dev6.erresse-shop.it\/#website","url":"https:\/\/dev6.erresse-shop.it\/","name":"Erresse Shop","description":"","publisher":{"@id":"https:\/\/dev6.erresse-shop.it\/#organization"},"potentialAction":[{"@type":"SearchAction","target":{"@type":"EntryPoint","urlTemplate":"https:\/\/dev6.erresse-shop.it\/?s={search_term_string}"},"query-input":{"@type":"PropertyValueSpecification","valueRequired":true,"valueName":"search_term_string"}}],"inLanguage":"de"},{"@type":"Organization","@id":"https:\/\/dev6.erresse-shop.it\/#organization","name":"Erresse Shop","url":"https:\/\/dev6.erresse-shop.it\/","logo":{"@type":"ImageObject","inLanguage":"de","@id":"https:\/\/dev6.erresse-shop.it\/#\/schema\/logo\/image\/","url":"https:\/\/dev6.erresse-shop.it\/wp-content\/uploads\/2025\/01\/LOGO-ERRESSE-CLASSICO.svg","contentUrl":"https:\/\/dev6.erresse-shop.it\/wp-content\/uploads\/2025\/01\/LOGO-ERRESSE-CLASSICO.svg","caption":"Erresse Shop"},"image":{"@id":"https:\/\/dev6.erresse-shop.it\/#\/schema\/logo\/image\/"}}]}},"df_price":24.9,"df_sale_price":"","df_regular_price":24.9,"df_image_link":"https:\/\/i2.wp.com\/interpim.erresse-shop.it\/Import\/Prodotti\/riedel-veritas-set-4-calici-cabernet-e-decanter-mosel.jpg?resize=300,300&ssl=1","fifu_image_url":"https:\/\/interpim.erresse-shop.it\/Import\/Prodotti\/riedel-veritas-set-4-calici-cabernet-e-decanter-mosel.jpg","_links":{"self":[{"href":"https:\/\/dev6.erresse-shop.it\/de\/wp-json\/wp\/v2\/product\/1601080","targetHints":{"allow":["GET"]}}],"collection":[{"href":"https:\/\/dev6.erresse-shop.it\/de\/wp-json\/wp\/v2\/product"}],"about":[{"href":"https:\/\/dev6.erresse-shop.it\/de\/wp-json\/wp\/v2\/types\/product"}],"wp:featuredmedia":[{"embeddable":true,"href":"https:\/\/dev6.erresse-shop.it\/de\/wp-json\/wp\/v2\/media\/6378622"}],"wp:attachment":[{"href":"https:\/\/dev6.erresse-shop.it\/de\/wp-json\/wp\/v2\/media?parent=1601080"}],"wp:term":[{"taxonomy":"product_cat","embeddable":true,"href":"https:\/\/dev6.erresse-shop.it\/de\/wp-json\/wp\/v2\/product_cat?post=1601080"},{"taxonomy":"product_tag","embeddable":true,"href":"https:\/\/dev6.erresse-shop.it\/de\/wp-json\/wp\/v2\/product_tag?post=1601080"}],"curies":[{"name":"wp","href":"https:\/\/api.w.org\/{rel}","templated":true}]}}