{"id":1601076,"date":"2026-04-12T13:50:21","date_gmt":"2026-04-12T11:50:21","guid":{"rendered":"https:\/\/dev6.erresse-shop.it\/shop\/unkategorisiert\/riedel-resort-double-rocks\/"},"modified":"2025-09-14T03:20:49","modified_gmt":"2025-09-14T01:20:49","slug":"riedel-resort-double-rocks","status":"publish","type":"product","link":"https:\/\/dev6.erresse-shop.it\/de\/shop\/tisch\/trinkglaeser\/riedel-resort-double-rocks\/","title":{"rendered":"RIEDEL Resort Double Rocks"},"content":{"rendered":"<p>RIEDEL Resort Double Rocks Becher-Set \u2013 2-teilig<\/p>\n<p>Entdecken Sie Luxus und Funktionalit\u00e4t mit dem RIEDEL Resort Double Rocks Becher, Teil der innovativen Kollektion, die Eleganz, Robustheit und Funktionalit\u00e4t vereint. Hergestellt aus bruchsicherem Eastman Tritan\u2122, ist dieser Becher ideal f\u00fcr den Einsatz im Freien, am Pool oder im Spa. Er bietet die Brillanz und Klarheit von Kristallglas ohne Bruchgefahr.<\/p>\n<p>Mit einem Fassungsverm\u00f6gen von 411 ml, einer H\u00f6he von 103 mm und einem Durchmesser von 83 mm ist dieser Becher perfekt f\u00fcr jeden Anlass. Das stapelbare Design erleichtert den Transport und die Lagerung, w\u00e4hrend seine Langlebigkeit und Lebensmittelsicherheit (BPA-frei) ihn zu einer zuverl\u00e4ssigen Wahl machen.<\/p>\n<p>Die RIEDEL Resort Kollektion kombiniert das funktionale Design der Drink Specific Glassware von Zane Harris mit der Langlebigkeit des Tritan\u2122-Materials. Double Rocks ist perfekt f\u00fcr alle, die ein stilvolles und sicheres Outdoor-Erlebnis suchen. Es ist das ideale Accessoire f\u00fcr jede Zusammenkunft, jeden Toast oder jede entspannte Zeit.<\/p>\n<p>Produktmerkmale:<\/p>\n<p>RIEDEL Resort Double Rocks Becher, 2er-Set<br \/>\nHergestellt aus Eastmans unzerbrechlichem Tritan\u2122, lebensmittelecht und BPA-frei<br \/>\nHohe Klarheit und Brillanz, bruchfest<br \/>\nStapelbar Design f\u00fcr praktische Aufbewahrung<br \/>\nSp\u00fclmaschinenfest f\u00fcr einfache Pflege<\/p>\n<p>Verleihen Sie Ihren Outdoor-Momenten einen Hauch von Luxus und Langlebigkeit mit dem RIEDEL Resort Double Rocks Set \u2013 perfekt f\u00fcr jeden eleganten und praktischen Anlass.<\/p>\n","protected":false},"excerpt":{"rendered":"<p>RIEDEL Resort Double Rocks Becher-Set \u2013 2-teilig Entdecken Sie Luxus und Funktionalit\u00e4t mit dem RIEDEL Resort Double Rocks Becher, Teil der innovativen Kollektion, die Eleganz, Robustheit und Funktionalit\u00e4t vereint. Hergestellt aus bruchsicherem Eastman Tritan\u2122, ist dieser Becher ideal f\u00fcr den Einsatz im Freien, am Pool oder im Spa. Er bietet die Brillanz und Klarheit von [&hellip;]<\/p>\n","protected":false},"featured_media":6378603,"template":"","meta":{"_acf_changed":false},"product_cat":[12103,12117],"product_tag":[],"class_list":{"0":"post-1601076","1":"product","2":"type-product","3":"status-publish","4":"has-post-thumbnail","6":"product_cat-tisch","7":"product_cat-trinkglaeser","9":"first","10":"instock","11":"sale","12":"taxable","13":"shipping-taxable","14":"purchasable","15":"product-type-simple","swatches":"rey-swatches","show_selected":"","stretch_labels":"rey-swatches--stretch-labels"},"acf":[],"yoast_head":"<!-- This site is optimized with the Yoast SEO plugin v25.4 - https:\/\/yoast.com\/wordpress\/plugins\/seo\/ -->\n<title>RIEDEL Resort Double Rocks - dev6 Erresse<\/title>\n<meta name=\"description\" content=\"RIEDEL Resort Double Rocks Becher-Set \u2013 2-teilig Entdecken Sie Luxus und Funktionalit\u00e4t mit dem RIEDEL Resort Double Rocks Becher, Teil der innovativen\" \/>\n<meta name=\"robots\" content=\"noindex, follow, max-snippet:-1, max-image-preview:large, max-video-preview:-1\" \/>\n<meta property=\"og:locale\" content=\"de_DE\" \/>\n<meta property=\"og:type\" content=\"article\" \/>\n<meta property=\"og:title\" content=\"RIEDEL Resort Double Rocks - dev6 Erresse\" \/>\n<meta property=\"og:description\" content=\"RIEDEL Resort Double Rocks Becher-Set \u2013 2-teilig Entdecken Sie Luxus und Funktionalit\u00e4t mit dem RIEDEL Resort Double Rocks Becher, Teil der innovativen\" \/>\n<meta property=\"og:url\" content=\"https:\/\/dev6.erresse-shop.it\/de\/shop\/tisch\/trinkglaeser\/riedel-resort-double-rocks\/\" \/>\n<meta property=\"og:site_name\" content=\"dev6 Erresse\" \/>\n<meta property=\"og:image\" content=\"https:\/\/interpim.erresse-shop.it\/Import\/Prodotti\/riedel-resort-double-rocks.jpg\" \/><meta property=\"og:image\" content=\"https:\/\/interpim.erresse-shop.it\/Import\/Prodotti\/riedel-resort-double-rocks.jpg\" \/>\n\t<meta property=\"og:image:width\" content=\"1024\" \/>\n\t<meta property=\"og:image:height\" content=\"1024\" \/>\n\t<meta property=\"og:image:type\" content=\"image\/jpeg\" \/>\n<meta name=\"twitter:card\" content=\"summary_large_image\" \/>\n<meta name=\"twitter:image\" content=\"https:\/\/interpim.erresse-shop.it\/Import\/Prodotti\/riedel-resort-double-rocks.jpg\" \/>\n<script type=\"application\/ld+json\" class=\"yoast-schema-graph\">{\"@context\":\"https:\/\/schema.org\",\"@graph\":[{\"@type\":\"WebPage\",\"@id\":\"https:\/\/dev6.erresse-shop.it\/de\/shop\/tisch\/trinkglaeser\/riedel-resort-double-rocks\/\",\"url\":\"https:\/\/dev6.erresse-shop.it\/de\/shop\/tisch\/trinkglaeser\/riedel-resort-double-rocks\/\",\"name\":\"RIEDEL Resort Double Rocks - dev6 Erresse\",\"isPartOf\":{\"@id\":\"https:\/\/dev6.erresse-shop.it\/#website\"},\"primaryImageOfPage\":{\"@id\":\"https:\/\/dev6.erresse-shop.it\/de\/shop\/tisch\/trinkglaeser\/riedel-resort-double-rocks\/#primaryimage\"},\"image\":{\"@id\":\"https:\/\/dev6.erresse-shop.it\/de\/shop\/tisch\/trinkglaeser\/riedel-resort-double-rocks\/#primaryimage\"},\"thumbnailUrl\":\"https:\/\/i1.wp.com\/interpim.erresse-shop.it\/Import\/Prodotti\/riedel-resort-double-rocks.jpg?ssl=1\",\"datePublished\":\"2026-04-12T11:50:21+00:00\",\"description\":\"RIEDEL Resort Double Rocks Becher-Set \u2013 2-teilig Entdecken Sie Luxus und Funktionalit\u00e4t mit dem RIEDEL Resort Double Rocks Becher, Teil der innovativen\",\"breadcrumb\":{\"@id\":\"https:\/\/dev6.erresse-shop.it\/de\/shop\/tisch\/trinkglaeser\/riedel-resort-double-rocks\/#breadcrumb\"},\"inLanguage\":\"de\",\"potentialAction\":[{\"@type\":\"ReadAction\",\"target\":[\"https:\/\/dev6.erresse-shop.it\/de\/shop\/tisch\/trinkglaeser\/riedel-resort-double-rocks\/\"]}]},{\"@type\":\"ImageObject\",\"inLanguage\":\"de\",\"@id\":\"https:\/\/dev6.erresse-shop.it\/de\/shop\/tisch\/trinkglaeser\/riedel-resort-double-rocks\/#primaryimage\",\"url\":\"https:\/\/i1.wp.com\/interpim.erresse-shop.it\/Import\/Prodotti\/riedel-resort-double-rocks.jpg?ssl=1\",\"contentUrl\":\"https:\/\/i1.wp.com\/interpim.erresse-shop.it\/Import\/Prodotti\/riedel-resort-double-rocks.jpg?ssl=1\"},{\"@type\":\"BreadcrumbList\",\"@id\":\"https:\/\/dev6.erresse-shop.it\/de\/shop\/tisch\/trinkglaeser\/riedel-resort-double-rocks\/#breadcrumb\",\"itemListElement\":[{\"@type\":\"ListItem\",\"position\":1,\"name\":\"Home\",\"item\":\"https:\/\/dev6.erresse-shop.it\/\"},{\"@type\":\"ListItem\",\"position\":2,\"name\":\"Shop\",\"item\":\"https:\/\/dev6.erresse-shop.it\/shop\/\"},{\"@type\":\"ListItem\",\"position\":3,\"name\":\"RIEDEL Resort Double Rocks\"}]},{\"@type\":\"WebSite\",\"@id\":\"https:\/\/dev6.erresse-shop.it\/#website\",\"url\":\"https:\/\/dev6.erresse-shop.it\/\",\"name\":\"Erresse Shop\",\"description\":\"\",\"publisher\":{\"@id\":\"https:\/\/dev6.erresse-shop.it\/#organization\"},\"potentialAction\":[{\"@type\":\"SearchAction\",\"target\":{\"@type\":\"EntryPoint\",\"urlTemplate\":\"https:\/\/dev6.erresse-shop.it\/?s={search_term_string}\"},\"query-input\":{\"@type\":\"PropertyValueSpecification\",\"valueRequired\":true,\"valueName\":\"search_term_string\"}}],\"inLanguage\":\"de\"},{\"@type\":\"Organization\",\"@id\":\"https:\/\/dev6.erresse-shop.it\/#organization\",\"name\":\"Erresse Shop\",\"url\":\"https:\/\/dev6.erresse-shop.it\/\",\"logo\":{\"@type\":\"ImageObject\",\"inLanguage\":\"de\",\"@id\":\"https:\/\/dev6.erresse-shop.it\/#\/schema\/logo\/image\/\",\"url\":\"https:\/\/dev6.erresse-shop.it\/wp-content\/uploads\/2025\/01\/LOGO-ERRESSE-CLASSICO.svg\",\"contentUrl\":\"https:\/\/dev6.erresse-shop.it\/wp-content\/uploads\/2025\/01\/LOGO-ERRESSE-CLASSICO.svg\",\"caption\":\"Erresse Shop\"},\"image\":{\"@id\":\"https:\/\/dev6.erresse-shop.it\/#\/schema\/logo\/image\/\"}}]}<\/script>\n<!-- \/ Yoast SEO plugin. -->","yoast_head_json":{"title":"RIEDEL Resort Double Rocks - dev6 Erresse","description":"RIEDEL Resort Double Rocks Becher-Set \u2013 2-teilig Entdecken Sie Luxus und Funktionalit\u00e4t mit dem RIEDEL Resort Double Rocks Becher, Teil der innovativen","robots":{"index":"noindex","follow":"follow","max-snippet":"max-snippet:-1","max-image-preview":"max-image-preview:large","max-video-preview":"max-video-preview:-1"},"og_locale":"de_DE","og_type":"article","og_title":"RIEDEL Resort Double Rocks - dev6 Erresse","og_description":"RIEDEL Resort Double Rocks Becher-Set \u2013 2-teilig Entdecken Sie Luxus und Funktionalit\u00e4t mit dem RIEDEL Resort Double Rocks Becher, Teil der innovativen","og_url":"https:\/\/dev6.erresse-shop.it\/de\/shop\/tisch\/trinkglaeser\/riedel-resort-double-rocks\/","og_site_name":"dev6 Erresse","og_image":[{"url":"https:\/\/interpim.erresse-shop.it\/Import\/Prodotti\/riedel-resort-double-rocks.jpg","type":"","width":"","height":""},{"url":"https:\/\/interpim.erresse-shop.it\/Import\/Prodotti\/riedel-resort-double-rocks.jpg","width":1024,"height":1024,"type":"image\/jpeg"}],"twitter_card":"summary_large_image","twitter_image":"https:\/\/interpim.erresse-shop.it\/Import\/Prodotti\/riedel-resort-double-rocks.jpg","schema":{"@context":"https:\/\/schema.org","@graph":[{"@type":"WebPage","@id":"https:\/\/dev6.erresse-shop.it\/de\/shop\/tisch\/trinkglaeser\/riedel-resort-double-rocks\/","url":"https:\/\/dev6.erresse-shop.it\/de\/shop\/tisch\/trinkglaeser\/riedel-resort-double-rocks\/","name":"RIEDEL Resort Double Rocks - dev6 Erresse","isPartOf":{"@id":"https:\/\/dev6.erresse-shop.it\/#website"},"primaryImageOfPage":{"@id":"https:\/\/dev6.erresse-shop.it\/de\/shop\/tisch\/trinkglaeser\/riedel-resort-double-rocks\/#primaryimage"},"image":{"@id":"https:\/\/dev6.erresse-shop.it\/de\/shop\/tisch\/trinkglaeser\/riedel-resort-double-rocks\/#primaryimage"},"thumbnailUrl":"https:\/\/i1.wp.com\/interpim.erresse-shop.it\/Import\/Prodotti\/riedel-resort-double-rocks.jpg?ssl=1","datePublished":"2026-04-12T11:50:21+00:00","description":"RIEDEL Resort Double Rocks Becher-Set \u2013 2-teilig Entdecken Sie Luxus und Funktionalit\u00e4t mit dem RIEDEL Resort Double Rocks Becher, Teil der innovativen","breadcrumb":{"@id":"https:\/\/dev6.erresse-shop.it\/de\/shop\/tisch\/trinkglaeser\/riedel-resort-double-rocks\/#breadcrumb"},"inLanguage":"de","potentialAction":[{"@type":"ReadAction","target":["https:\/\/dev6.erresse-shop.it\/de\/shop\/tisch\/trinkglaeser\/riedel-resort-double-rocks\/"]}]},{"@type":"ImageObject","inLanguage":"de","@id":"https:\/\/dev6.erresse-shop.it\/de\/shop\/tisch\/trinkglaeser\/riedel-resort-double-rocks\/#primaryimage","url":"https:\/\/i1.wp.com\/interpim.erresse-shop.it\/Import\/Prodotti\/riedel-resort-double-rocks.jpg?ssl=1","contentUrl":"https:\/\/i1.wp.com\/interpim.erresse-shop.it\/Import\/Prodotti\/riedel-resort-double-rocks.jpg?ssl=1"},{"@type":"BreadcrumbList","@id":"https:\/\/dev6.erresse-shop.it\/de\/shop\/tisch\/trinkglaeser\/riedel-resort-double-rocks\/#breadcrumb","itemListElement":[{"@type":"ListItem","position":1,"name":"Home","item":"https:\/\/dev6.erresse-shop.it\/"},{"@type":"ListItem","position":2,"name":"Shop","item":"https:\/\/dev6.erresse-shop.it\/shop\/"},{"@type":"ListItem","position":3,"name":"RIEDEL Resort Double Rocks"}]},{"@type":"WebSite","@id":"https:\/\/dev6.erresse-shop.it\/#website","url":"https:\/\/dev6.erresse-shop.it\/","name":"Erresse Shop","description":"","publisher":{"@id":"https:\/\/dev6.erresse-shop.it\/#organization"},"potentialAction":[{"@type":"SearchAction","target":{"@type":"EntryPoint","urlTemplate":"https:\/\/dev6.erresse-shop.it\/?s={search_term_string}"},"query-input":{"@type":"PropertyValueSpecification","valueRequired":true,"valueName":"search_term_string"}}],"inLanguage":"de"},{"@type":"Organization","@id":"https:\/\/dev6.erresse-shop.it\/#organization","name":"Erresse Shop","url":"https:\/\/dev6.erresse-shop.it\/","logo":{"@type":"ImageObject","inLanguage":"de","@id":"https:\/\/dev6.erresse-shop.it\/#\/schema\/logo\/image\/","url":"https:\/\/dev6.erresse-shop.it\/wp-content\/uploads\/2025\/01\/LOGO-ERRESSE-CLASSICO.svg","contentUrl":"https:\/\/dev6.erresse-shop.it\/wp-content\/uploads\/2025\/01\/LOGO-ERRESSE-CLASSICO.svg","caption":"Erresse Shop"},"image":{"@id":"https:\/\/dev6.erresse-shop.it\/#\/schema\/logo\/image\/"}}]}},"df_price":74.95,"df_sale_price":74.95,"df_regular_price":88.5,"df_image_link":"https:\/\/i1.wp.com\/interpim.erresse-shop.it\/Import\/Prodotti\/riedel-resort-double-rocks.jpg?resize=300,300&ssl=1","fifu_image_url":"https:\/\/interpim.erresse-shop.it\/Import\/Prodotti\/riedel-resort-double-rocks.jpg","_links":{"self":[{"href":"https:\/\/dev6.erresse-shop.it\/de\/wp-json\/wp\/v2\/product\/1601076","targetHints":{"allow":["GET"]}}],"collection":[{"href":"https:\/\/dev6.erresse-shop.it\/de\/wp-json\/wp\/v2\/product"}],"about":[{"href":"https:\/\/dev6.erresse-shop.it\/de\/wp-json\/wp\/v2\/types\/product"}],"wp:featuredmedia":[{"embeddable":true,"href":"https:\/\/dev6.erresse-shop.it\/de\/wp-json\/wp\/v2\/media\/6378603"}],"wp:attachment":[{"href":"https:\/\/dev6.erresse-shop.it\/de\/wp-json\/wp\/v2\/media?parent=1601076"}],"wp:term":[{"taxonomy":"product_cat","embeddable":true,"href":"https:\/\/dev6.erresse-shop.it\/de\/wp-json\/wp\/v2\/product_cat?post=1601076"},{"taxonomy":"product_tag","embeddable":true,"href":"https:\/\/dev6.erresse-shop.it\/de\/wp-json\/wp\/v2\/product_tag?post=1601076"}],"curies":[{"name":"wp","href":"https:\/\/api.w.org\/{rel}","templated":true}]}}