{"id":1601072,"date":"2026-04-12T13:50:21","date_gmt":"2026-04-12T11:50:21","guid":{"rendered":"https:\/\/dev6.erresse-shop.it\/shop\/unkategorisiert\/riedel-ouverture-bierglaeser\/"},"modified":"2025-07-04T15:05:23","modified_gmt":"2025-07-04T13:05:23","slug":"riedel-ouverture-bierglaeser","status":"publish","type":"product","link":"https:\/\/dev6.erresse-shop.it\/de\/shop\/tisch\/trinkglaeser\/riedel-ouverture-bierglaeser\/","title":{"rendered":"RIEDEL Ouverture Biergl\u00e4ser"},"content":{"rendered":"<p>RIEDEL Ouvert\u00fcre Bierglas-Set \u2013 2-teilig<\/p>\n<p>Verbessern Sie Ihr Geschmackserlebnis mit dem RIEDEL Ouverture Bierglas. Es entfaltet perfekt die Farbe, entfaltet das Aroma und verl\u00e4ngert das Mundgef\u00fchl. Die Tulpenform dieses Glases f\u00e4ngt die gesamte Aromenvielfalt des Bieres ein, leitet \u00fcbersch\u00fcssige Kohlens\u00e4ure ab und hilft, die Schaumkrone zu erhalten \u2013 f\u00fcr einen noch besseren Schluck.<\/p>\n<p>Als Teil der RIEDEL Ouverture Serie ist dieses Glas f\u00fcr alle gedacht, die Wert auf Qualit\u00e4t legen, ohne sich auf eine einzige Rebsorte spezialisieren zu m\u00fcssen. Ouverture bietet vielseitige Gl\u00e4ser f\u00fcr Wein, Bier und Spirituosen aus klarem Kristallglas f\u00fcr jedes Mal perfekte Verkostung.<\/p>\n<p>Produktmerkmale:<\/p>\n<p>2er-Set RIEDEL Ouverture Biergl\u00e4ser<br \/>\nTulpenform f\u00fcr einen langanhaltenden Geschmack und ein langanhaltendes Aroma<br \/>\nHergestellt aus hochwertigem, klarem Kristallglas<br \/>\nMaschinengefertigt f\u00fcr h\u00f6chste Pr\u00e4zision<br \/>\nSp\u00fclmaschinenfest f\u00fcr einfache Pflege<br \/>\nPerfekt f\u00fcr alle, die vielseitige Gl\u00e4ser f\u00fcr Bier, Wein und Spirituosen suchen<\/p>\n<p>Erweitern Sie Ihre Sammlung mit dem RIEDEL Ouverture Set und genie\u00dfen Sie Bier, Wein und Spirituosen mit maximalem Komfort und h\u00f6chster Qualit\u00e4t.<\/p>\n<p>Fassungsverm\u00f6gen: 500,0 ccm<br \/>\nH\u00f6he: 170,0 mm<\/p>\n","protected":false},"excerpt":{"rendered":"<p>RIEDEL Ouvert\u00fcre Bierglas-Set \u2013 2-teilig Verbessern Sie Ihr Geschmackserlebnis mit dem RIEDEL Ouverture Bierglas. Es entfaltet perfekt die Farbe, entfaltet das Aroma und verl\u00e4ngert das Mundgef\u00fchl. Die Tulpenform dieses Glases f\u00e4ngt die gesamte Aromenvielfalt des Bieres ein, leitet \u00fcbersch\u00fcssige Kohlens\u00e4ure ab und hilft, die Schaumkrone zu erhalten \u2013 f\u00fcr einen noch besseren Schluck. Als Teil [&hellip;]<\/p>\n","protected":false},"featured_media":6378579,"template":"","meta":{"_acf_changed":false},"product_cat":[12103,12117],"product_tag":[],"class_list":{"0":"post-1601072","1":"product","2":"type-product","3":"status-publish","4":"has-post-thumbnail","6":"product_cat-tisch","7":"product_cat-trinkglaeser","9":"first","10":"instock","11":"taxable","12":"shipping-taxable","13":"purchasable","14":"product-type-simple","swatches":"rey-swatches","show_selected":"","stretch_labels":"rey-swatches--stretch-labels"},"acf":[],"yoast_head":"<!-- This site is optimized with the Yoast SEO plugin v25.4 - https:\/\/yoast.com\/wordpress\/plugins\/seo\/ -->\n<title>RIEDEL Ouverture Biergl\u00e4ser - dev6 Erresse<\/title>\n<meta name=\"description\" content=\"RIEDEL Ouvert\u00fcre Bierglas-Set \u2013 2-teilig Verbessern Sie Ihr Geschmackserlebnis mit dem RIEDEL Ouverture Bierglas. Es entfaltet perfekt die Farbe,\" \/>\n<meta name=\"robots\" content=\"noindex, follow, max-snippet:-1, max-image-preview:large, max-video-preview:-1\" \/>\n<meta property=\"og:locale\" content=\"de_DE\" \/>\n<meta property=\"og:type\" content=\"article\" \/>\n<meta property=\"og:title\" content=\"RIEDEL Ouverture Biergl\u00e4ser - dev6 Erresse\" \/>\n<meta property=\"og:description\" content=\"RIEDEL Ouvert\u00fcre Bierglas-Set \u2013 2-teilig Verbessern Sie Ihr Geschmackserlebnis mit dem RIEDEL Ouverture Bierglas. Es entfaltet perfekt die Farbe,\" \/>\n<meta property=\"og:url\" content=\"https:\/\/dev6.erresse-shop.it\/de\/shop\/tisch\/trinkglaeser\/riedel-ouverture-bierglaeser\/\" \/>\n<meta property=\"og:site_name\" content=\"dev6 Erresse\" \/>\n<meta property=\"og:image\" content=\"https:\/\/interpim.erresse-shop.it\/Import\/Prodotti\/riedel-ouverture-bicchieri-birra.jpg\" \/><meta property=\"og:image\" content=\"https:\/\/interpim.erresse-shop.it\/Import\/Prodotti\/riedel-ouverture-bicchieri-birra.jpg\" \/>\n\t<meta property=\"og:image:width\" content=\"1024\" \/>\n\t<meta property=\"og:image:height\" content=\"1024\" \/>\n\t<meta property=\"og:image:type\" content=\"image\/jpeg\" \/>\n<meta name=\"twitter:card\" content=\"summary_large_image\" \/>\n<meta name=\"twitter:image\" content=\"https:\/\/interpim.erresse-shop.it\/Import\/Prodotti\/riedel-ouverture-bicchieri-birra.jpg\" \/>\n<script type=\"application\/ld+json\" class=\"yoast-schema-graph\">{\"@context\":\"https:\/\/schema.org\",\"@graph\":[{\"@type\":\"WebPage\",\"@id\":\"https:\/\/dev6.erresse-shop.it\/de\/shop\/tisch\/trinkglaeser\/riedel-ouverture-bierglaeser\/\",\"url\":\"https:\/\/dev6.erresse-shop.it\/de\/shop\/tisch\/trinkglaeser\/riedel-ouverture-bierglaeser\/\",\"name\":\"RIEDEL Ouverture Biergl\u00e4ser - dev6 Erresse\",\"isPartOf\":{\"@id\":\"https:\/\/dev6.erresse-shop.it\/#website\"},\"primaryImageOfPage\":{\"@id\":\"https:\/\/dev6.erresse-shop.it\/de\/shop\/tisch\/trinkglaeser\/riedel-ouverture-bierglaeser\/#primaryimage\"},\"image\":{\"@id\":\"https:\/\/dev6.erresse-shop.it\/de\/shop\/tisch\/trinkglaeser\/riedel-ouverture-bierglaeser\/#primaryimage\"},\"thumbnailUrl\":\"https:\/\/i2.wp.com\/interpim.erresse-shop.it\/Import\/Prodotti\/riedel-ouverture-bicchieri-birra.jpg?ssl=1\",\"datePublished\":\"2026-04-12T11:50:21+00:00\",\"description\":\"RIEDEL Ouvert\u00fcre Bierglas-Set \u2013 2-teilig Verbessern Sie Ihr Geschmackserlebnis mit dem RIEDEL Ouverture Bierglas. Es entfaltet perfekt die Farbe,\",\"breadcrumb\":{\"@id\":\"https:\/\/dev6.erresse-shop.it\/de\/shop\/tisch\/trinkglaeser\/riedel-ouverture-bierglaeser\/#breadcrumb\"},\"inLanguage\":\"de\",\"potentialAction\":[{\"@type\":\"ReadAction\",\"target\":[\"https:\/\/dev6.erresse-shop.it\/de\/shop\/tisch\/trinkglaeser\/riedel-ouverture-bierglaeser\/\"]}]},{\"@type\":\"ImageObject\",\"inLanguage\":\"de\",\"@id\":\"https:\/\/dev6.erresse-shop.it\/de\/shop\/tisch\/trinkglaeser\/riedel-ouverture-bierglaeser\/#primaryimage\",\"url\":\"https:\/\/i2.wp.com\/interpim.erresse-shop.it\/Import\/Prodotti\/riedel-ouverture-bicchieri-birra.jpg?ssl=1\",\"contentUrl\":\"https:\/\/i2.wp.com\/interpim.erresse-shop.it\/Import\/Prodotti\/riedel-ouverture-bicchieri-birra.jpg?ssl=1\"},{\"@type\":\"BreadcrumbList\",\"@id\":\"https:\/\/dev6.erresse-shop.it\/de\/shop\/tisch\/trinkglaeser\/riedel-ouverture-bierglaeser\/#breadcrumb\",\"itemListElement\":[{\"@type\":\"ListItem\",\"position\":1,\"name\":\"Home\",\"item\":\"https:\/\/dev6.erresse-shop.it\/\"},{\"@type\":\"ListItem\",\"position\":2,\"name\":\"Shop\",\"item\":\"https:\/\/dev6.erresse-shop.it\/shop\/\"},{\"@type\":\"ListItem\",\"position\":3,\"name\":\"RIEDEL Ouverture Biergl\u00e4ser\"}]},{\"@type\":\"WebSite\",\"@id\":\"https:\/\/dev6.erresse-shop.it\/#website\",\"url\":\"https:\/\/dev6.erresse-shop.it\/\",\"name\":\"Erresse Shop\",\"description\":\"\",\"publisher\":{\"@id\":\"https:\/\/dev6.erresse-shop.it\/#organization\"},\"potentialAction\":[{\"@type\":\"SearchAction\",\"target\":{\"@type\":\"EntryPoint\",\"urlTemplate\":\"https:\/\/dev6.erresse-shop.it\/?s={search_term_string}\"},\"query-input\":{\"@type\":\"PropertyValueSpecification\",\"valueRequired\":true,\"valueName\":\"search_term_string\"}}],\"inLanguage\":\"de\"},{\"@type\":\"Organization\",\"@id\":\"https:\/\/dev6.erresse-shop.it\/#organization\",\"name\":\"Erresse Shop\",\"url\":\"https:\/\/dev6.erresse-shop.it\/\",\"logo\":{\"@type\":\"ImageObject\",\"inLanguage\":\"de\",\"@id\":\"https:\/\/dev6.erresse-shop.it\/#\/schema\/logo\/image\/\",\"url\":\"https:\/\/dev6.erresse-shop.it\/wp-content\/uploads\/2025\/01\/LOGO-ERRESSE-CLASSICO.svg\",\"contentUrl\":\"https:\/\/dev6.erresse-shop.it\/wp-content\/uploads\/2025\/01\/LOGO-ERRESSE-CLASSICO.svg\",\"caption\":\"Erresse Shop\"},\"image\":{\"@id\":\"https:\/\/dev6.erresse-shop.it\/#\/schema\/logo\/image\/\"}}]}<\/script>\n<!-- \/ Yoast SEO plugin. -->","yoast_head_json":{"title":"RIEDEL Ouverture Biergl\u00e4ser - dev6 Erresse","description":"RIEDEL Ouvert\u00fcre Bierglas-Set \u2013 2-teilig Verbessern Sie Ihr Geschmackserlebnis mit dem RIEDEL Ouverture Bierglas. Es entfaltet perfekt die Farbe,","robots":{"index":"noindex","follow":"follow","max-snippet":"max-snippet:-1","max-image-preview":"max-image-preview:large","max-video-preview":"max-video-preview:-1"},"og_locale":"de_DE","og_type":"article","og_title":"RIEDEL Ouverture Biergl\u00e4ser - dev6 Erresse","og_description":"RIEDEL Ouvert\u00fcre Bierglas-Set \u2013 2-teilig Verbessern Sie Ihr Geschmackserlebnis mit dem RIEDEL Ouverture Bierglas. Es entfaltet perfekt die Farbe,","og_url":"https:\/\/dev6.erresse-shop.it\/de\/shop\/tisch\/trinkglaeser\/riedel-ouverture-bierglaeser\/","og_site_name":"dev6 Erresse","og_image":[{"url":"https:\/\/interpim.erresse-shop.it\/Import\/Prodotti\/riedel-ouverture-bicchieri-birra.jpg","type":"","width":"","height":""},{"url":"https:\/\/interpim.erresse-shop.it\/Import\/Prodotti\/riedel-ouverture-bicchieri-birra.jpg","width":1024,"height":1024,"type":"image\/jpeg"}],"twitter_card":"summary_large_image","twitter_image":"https:\/\/interpim.erresse-shop.it\/Import\/Prodotti\/riedel-ouverture-bicchieri-birra.jpg","schema":{"@context":"https:\/\/schema.org","@graph":[{"@type":"WebPage","@id":"https:\/\/dev6.erresse-shop.it\/de\/shop\/tisch\/trinkglaeser\/riedel-ouverture-bierglaeser\/","url":"https:\/\/dev6.erresse-shop.it\/de\/shop\/tisch\/trinkglaeser\/riedel-ouverture-bierglaeser\/","name":"RIEDEL Ouverture Biergl\u00e4ser - dev6 Erresse","isPartOf":{"@id":"https:\/\/dev6.erresse-shop.it\/#website"},"primaryImageOfPage":{"@id":"https:\/\/dev6.erresse-shop.it\/de\/shop\/tisch\/trinkglaeser\/riedel-ouverture-bierglaeser\/#primaryimage"},"image":{"@id":"https:\/\/dev6.erresse-shop.it\/de\/shop\/tisch\/trinkglaeser\/riedel-ouverture-bierglaeser\/#primaryimage"},"thumbnailUrl":"https:\/\/i2.wp.com\/interpim.erresse-shop.it\/Import\/Prodotti\/riedel-ouverture-bicchieri-birra.jpg?ssl=1","datePublished":"2026-04-12T11:50:21+00:00","description":"RIEDEL Ouvert\u00fcre Bierglas-Set \u2013 2-teilig Verbessern Sie Ihr Geschmackserlebnis mit dem RIEDEL Ouverture Bierglas. Es entfaltet perfekt die Farbe,","breadcrumb":{"@id":"https:\/\/dev6.erresse-shop.it\/de\/shop\/tisch\/trinkglaeser\/riedel-ouverture-bierglaeser\/#breadcrumb"},"inLanguage":"de","potentialAction":[{"@type":"ReadAction","target":["https:\/\/dev6.erresse-shop.it\/de\/shop\/tisch\/trinkglaeser\/riedel-ouverture-bierglaeser\/"]}]},{"@type":"ImageObject","inLanguage":"de","@id":"https:\/\/dev6.erresse-shop.it\/de\/shop\/tisch\/trinkglaeser\/riedel-ouverture-bierglaeser\/#primaryimage","url":"https:\/\/i2.wp.com\/interpim.erresse-shop.it\/Import\/Prodotti\/riedel-ouverture-bicchieri-birra.jpg?ssl=1","contentUrl":"https:\/\/i2.wp.com\/interpim.erresse-shop.it\/Import\/Prodotti\/riedel-ouverture-bicchieri-birra.jpg?ssl=1"},{"@type":"BreadcrumbList","@id":"https:\/\/dev6.erresse-shop.it\/de\/shop\/tisch\/trinkglaeser\/riedel-ouverture-bierglaeser\/#breadcrumb","itemListElement":[{"@type":"ListItem","position":1,"name":"Home","item":"https:\/\/dev6.erresse-shop.it\/"},{"@type":"ListItem","position":2,"name":"Shop","item":"https:\/\/dev6.erresse-shop.it\/shop\/"},{"@type":"ListItem","position":3,"name":"RIEDEL Ouverture Biergl\u00e4ser"}]},{"@type":"WebSite","@id":"https:\/\/dev6.erresse-shop.it\/#website","url":"https:\/\/dev6.erresse-shop.it\/","name":"Erresse Shop","description":"","publisher":{"@id":"https:\/\/dev6.erresse-shop.it\/#organization"},"potentialAction":[{"@type":"SearchAction","target":{"@type":"EntryPoint","urlTemplate":"https:\/\/dev6.erresse-shop.it\/?s={search_term_string}"},"query-input":{"@type":"PropertyValueSpecification","valueRequired":true,"valueName":"search_term_string"}}],"inLanguage":"de"},{"@type":"Organization","@id":"https:\/\/dev6.erresse-shop.it\/#organization","name":"Erresse Shop","url":"https:\/\/dev6.erresse-shop.it\/","logo":{"@type":"ImageObject","inLanguage":"de","@id":"https:\/\/dev6.erresse-shop.it\/#\/schema\/logo\/image\/","url":"https:\/\/dev6.erresse-shop.it\/wp-content\/uploads\/2025\/01\/LOGO-ERRESSE-CLASSICO.svg","contentUrl":"https:\/\/dev6.erresse-shop.it\/wp-content\/uploads\/2025\/01\/LOGO-ERRESSE-CLASSICO.svg","caption":"Erresse Shop"},"image":{"@id":"https:\/\/dev6.erresse-shop.it\/#\/schema\/logo\/image\/"}}]}},"df_price":37.5,"df_sale_price":"","df_regular_price":37.5,"df_image_link":"https:\/\/i2.wp.com\/interpim.erresse-shop.it\/Import\/Prodotti\/riedel-ouverture-bicchieri-birra.jpg?resize=300,300&ssl=1","fifu_image_url":"https:\/\/interpim.erresse-shop.it\/Import\/Prodotti\/riedel-ouverture-bicchieri-birra.jpg","_links":{"self":[{"href":"https:\/\/dev6.erresse-shop.it\/de\/wp-json\/wp\/v2\/product\/1601072","targetHints":{"allow":["GET"]}}],"collection":[{"href":"https:\/\/dev6.erresse-shop.it\/de\/wp-json\/wp\/v2\/product"}],"about":[{"href":"https:\/\/dev6.erresse-shop.it\/de\/wp-json\/wp\/v2\/types\/product"}],"wp:featuredmedia":[{"embeddable":true,"href":"https:\/\/dev6.erresse-shop.it\/de\/wp-json\/wp\/v2\/media\/6378579"}],"wp:attachment":[{"href":"https:\/\/dev6.erresse-shop.it\/de\/wp-json\/wp\/v2\/media?parent=1601072"}],"wp:term":[{"taxonomy":"product_cat","embeddable":true,"href":"https:\/\/dev6.erresse-shop.it\/de\/wp-json\/wp\/v2\/product_cat?post=1601072"},{"taxonomy":"product_tag","embeddable":true,"href":"https:\/\/dev6.erresse-shop.it\/de\/wp-json\/wp\/v2\/product_tag?post=1601072"}],"curies":[{"name":"wp","href":"https:\/\/api.w.org\/{rel}","templated":true}]}}