{"id":1601070,"date":"2026-04-12T13:50:21","date_gmt":"2026-04-12T11:50:21","guid":{"rendered":"https:\/\/dev6.erresse-shop.it\/shop\/unkategorisiert\/riedel-veritas-pay-3-get-4-cabernet\/"},"modified":"2025-07-04T15:05:20","modified_gmt":"2025-07-04T13:05:20","slug":"riedel-veritas-pay-3-get-4-cabernet","status":"publish","type":"product","link":"https:\/\/dev6.erresse-shop.it\/de\/shop\/tisch\/trinkglaeser\/riedel-veritas-pay-3-get-4-cabernet\/","title":{"rendered":"RIEDEL Veritas Pay 3 Get 4 Cabernet"},"content":{"rendered":"<p>RIEDEL Veritas Cabernet-Set \u2013 4 Gl\u00e4ser zum Preis von 3<\/p>\n<p>Das RIEDEL Cabernet-Glas ist ideal f\u00fcr komplexe, vollmundige Rotweine mit hohem Tanningehalt. Die gro\u00dfz\u00fcgige Gr\u00f6\u00dfe des Glases l\u00e4sst das Bouquet des Weines voll zur Geltung kommen, mildert raue Tannine und betont den Fruchtcharakter. Perfekt f\u00fcr die perfekte Balance strukturierterer Weine. Dieses Glas verfeinert jeden Schluck und tr\u00e4gt dazu bei, die Bitterkeit der Tannine zu reduzieren \u2013 f\u00fcr ein perfekt ausgewogenes Geschmackserlebnis.<\/p>\n<p>Als Teil der 2014 eingef\u00fchrten RIEDEL Veritas-Serie setzt dieses Glas weiterhin neue Ma\u00dfst\u00e4be in der Weinglasherstellung. Die Veritas-Serie wurde von Georg J. Riedel, der zehnten Generation der traditionsreichen Familie, kreiert und vereint \u00c4sthetik, Komfort und ein hervorragendes Preis-Leistungs-Verh\u00e4ltnis f\u00fcr ein einzigartiges Genusserlebnis.<\/p>\n<p>Produktmerkmale:<\/p>\n<p>4er-Set RIEDEL Veritas Cabernet-Gl\u00e4ser (4 zum Preis von 3)<br \/>\nPerfekt f\u00fcr komplexe, vollmundige und tanninreiche Rotweine<br \/>\nHergestellt aus hochwertigem, klarem Kristallglas<br \/>\nMaschinengeblasen f\u00fcr h\u00f6chste Pr\u00e4zision<br \/>\nSp\u00fclmaschinenfest f\u00fcr einfache Pflege<br \/>\nPremium: Maschinengeblasen f\u00fcr h\u00f6here Pr\u00e4zision als handgefertigtes Glas<\/p>\n<p>Erweitern Sie Ihre Sammlung mit dem RIEDEL Veritas Cabernet Set und bereichern Sie das Verkostungserlebnis Ihrer Lieblingsrotweine. Profitieren Sie vom Vorteilsangebot und erhalten Sie 4 Gl\u00e4ser zum Preis von 3!<\/p>\n<p>Fassungsverm\u00f6gen: 709,0 ccm<br \/>\nH\u00f6he: 235,0 mm<\/p>\n","protected":false},"excerpt":{"rendered":"<p>RIEDEL Veritas Cabernet-Set \u2013 4 Gl\u00e4ser zum Preis von 3 Das RIEDEL Cabernet-Glas ist ideal f\u00fcr komplexe, vollmundige Rotweine mit hohem Tanningehalt. Die gro\u00dfz\u00fcgige Gr\u00f6\u00dfe des Glases l\u00e4sst das Bouquet des Weines voll zur Geltung kommen, mildert raue Tannine und betont den Fruchtcharakter. Perfekt f\u00fcr die perfekte Balance strukturierterer Weine. Dieses Glas verfeinert jeden Schluck [&hellip;]<\/p>\n","protected":false},"featured_media":6378567,"template":"","meta":{"_acf_changed":false},"product_cat":[12103,12117],"product_tag":[],"class_list":{"0":"post-1601070","1":"product","2":"type-product","3":"status-publish","4":"has-post-thumbnail","6":"product_cat-tisch","7":"product_cat-trinkglaeser","9":"first","10":"instock","11":"taxable","12":"shipping-taxable","13":"purchasable","14":"product-type-simple","swatches":"rey-swatches","show_selected":"","stretch_labels":"rey-swatches--stretch-labels"},"acf":[],"yoast_head":"<!-- This site is optimized with the Yoast SEO plugin v25.4 - https:\/\/yoast.com\/wordpress\/plugins\/seo\/ -->\n<title>RIEDEL Veritas Pay 3 Get 4 Cabernet - dev6 Erresse<\/title>\n<meta name=\"description\" content=\"RIEDEL Veritas Cabernet-Set \u2013 4 Gl\u00e4ser zum Preis von 3 Das RIEDEL Cabernet-Glas ist ideal f\u00fcr komplexe, vollmundige Rotweine mit hohem Tanningehalt. Die\" \/>\n<meta name=\"robots\" content=\"noindex, follow, max-snippet:-1, max-image-preview:large, max-video-preview:-1\" \/>\n<meta property=\"og:locale\" content=\"de_DE\" \/>\n<meta property=\"og:type\" content=\"article\" \/>\n<meta property=\"og:title\" content=\"RIEDEL Veritas Pay 3 Get 4 Cabernet - dev6 Erresse\" \/>\n<meta property=\"og:description\" content=\"RIEDEL Veritas Cabernet-Set \u2013 4 Gl\u00e4ser zum Preis von 3 Das RIEDEL Cabernet-Glas ist ideal f\u00fcr komplexe, vollmundige Rotweine mit hohem Tanningehalt. Die\" \/>\n<meta property=\"og:url\" content=\"https:\/\/dev6.erresse-shop.it\/de\/shop\/tisch\/trinkglaeser\/riedel-veritas-pay-3-get-4-cabernet\/\" \/>\n<meta property=\"og:site_name\" content=\"dev6 Erresse\" \/>\n<meta property=\"og:image\" content=\"https:\/\/interpim.erresse-shop.it\/Import\/Prodotti\/riedel-veritas-pay-3-get-4-cabernet.jpg\" \/><meta property=\"og:image\" content=\"https:\/\/interpim.erresse-shop.it\/Import\/Prodotti\/riedel-veritas-pay-3-get-4-cabernet.jpg\" \/>\n\t<meta property=\"og:image:width\" content=\"1024\" \/>\n\t<meta property=\"og:image:height\" content=\"1024\" \/>\n\t<meta property=\"og:image:type\" content=\"image\/jpeg\" \/>\n<meta name=\"twitter:card\" content=\"summary_large_image\" \/>\n<meta name=\"twitter:image\" content=\"https:\/\/interpim.erresse-shop.it\/Import\/Prodotti\/riedel-veritas-pay-3-get-4-cabernet.jpg\" \/>\n<script type=\"application\/ld+json\" class=\"yoast-schema-graph\">{\"@context\":\"https:\/\/schema.org\",\"@graph\":[{\"@type\":\"WebPage\",\"@id\":\"https:\/\/dev6.erresse-shop.it\/de\/shop\/tisch\/trinkglaeser\/riedel-veritas-pay-3-get-4-cabernet\/\",\"url\":\"https:\/\/dev6.erresse-shop.it\/de\/shop\/tisch\/trinkglaeser\/riedel-veritas-pay-3-get-4-cabernet\/\",\"name\":\"RIEDEL Veritas Pay 3 Get 4 Cabernet - dev6 Erresse\",\"isPartOf\":{\"@id\":\"https:\/\/dev6.erresse-shop.it\/#website\"},\"primaryImageOfPage\":{\"@id\":\"https:\/\/dev6.erresse-shop.it\/de\/shop\/tisch\/trinkglaeser\/riedel-veritas-pay-3-get-4-cabernet\/#primaryimage\"},\"image\":{\"@id\":\"https:\/\/dev6.erresse-shop.it\/de\/shop\/tisch\/trinkglaeser\/riedel-veritas-pay-3-get-4-cabernet\/#primaryimage\"},\"thumbnailUrl\":\"https:\/\/i2.wp.com\/interpim.erresse-shop.it\/Import\/Prodotti\/riedel-veritas-pay-3-get-4-cabernet.jpg?ssl=1\",\"datePublished\":\"2026-04-12T11:50:21+00:00\",\"description\":\"RIEDEL Veritas Cabernet-Set \u2013 4 Gl\u00e4ser zum Preis von 3 Das RIEDEL Cabernet-Glas ist ideal f\u00fcr komplexe, vollmundige Rotweine mit hohem Tanningehalt. Die\",\"breadcrumb\":{\"@id\":\"https:\/\/dev6.erresse-shop.it\/de\/shop\/tisch\/trinkglaeser\/riedel-veritas-pay-3-get-4-cabernet\/#breadcrumb\"},\"inLanguage\":\"de\",\"potentialAction\":[{\"@type\":\"ReadAction\",\"target\":[\"https:\/\/dev6.erresse-shop.it\/de\/shop\/tisch\/trinkglaeser\/riedel-veritas-pay-3-get-4-cabernet\/\"]}]},{\"@type\":\"ImageObject\",\"inLanguage\":\"de\",\"@id\":\"https:\/\/dev6.erresse-shop.it\/de\/shop\/tisch\/trinkglaeser\/riedel-veritas-pay-3-get-4-cabernet\/#primaryimage\",\"url\":\"https:\/\/i2.wp.com\/interpim.erresse-shop.it\/Import\/Prodotti\/riedel-veritas-pay-3-get-4-cabernet.jpg?ssl=1\",\"contentUrl\":\"https:\/\/i2.wp.com\/interpim.erresse-shop.it\/Import\/Prodotti\/riedel-veritas-pay-3-get-4-cabernet.jpg?ssl=1\"},{\"@type\":\"BreadcrumbList\",\"@id\":\"https:\/\/dev6.erresse-shop.it\/de\/shop\/tisch\/trinkglaeser\/riedel-veritas-pay-3-get-4-cabernet\/#breadcrumb\",\"itemListElement\":[{\"@type\":\"ListItem\",\"position\":1,\"name\":\"Home\",\"item\":\"https:\/\/dev6.erresse-shop.it\/\"},{\"@type\":\"ListItem\",\"position\":2,\"name\":\"Shop\",\"item\":\"https:\/\/dev6.erresse-shop.it\/shop\/\"},{\"@type\":\"ListItem\",\"position\":3,\"name\":\"RIEDEL Veritas Pay 3 Get 4 Cabernet\"}]},{\"@type\":\"WebSite\",\"@id\":\"https:\/\/dev6.erresse-shop.it\/#website\",\"url\":\"https:\/\/dev6.erresse-shop.it\/\",\"name\":\"Erresse Shop\",\"description\":\"\",\"publisher\":{\"@id\":\"https:\/\/dev6.erresse-shop.it\/#organization\"},\"potentialAction\":[{\"@type\":\"SearchAction\",\"target\":{\"@type\":\"EntryPoint\",\"urlTemplate\":\"https:\/\/dev6.erresse-shop.it\/?s={search_term_string}\"},\"query-input\":{\"@type\":\"PropertyValueSpecification\",\"valueRequired\":true,\"valueName\":\"search_term_string\"}}],\"inLanguage\":\"de\"},{\"@type\":\"Organization\",\"@id\":\"https:\/\/dev6.erresse-shop.it\/#organization\",\"name\":\"Erresse Shop\",\"url\":\"https:\/\/dev6.erresse-shop.it\/\",\"logo\":{\"@type\":\"ImageObject\",\"inLanguage\":\"de\",\"@id\":\"https:\/\/dev6.erresse-shop.it\/#\/schema\/logo\/image\/\",\"url\":\"https:\/\/dev6.erresse-shop.it\/wp-content\/uploads\/2025\/01\/LOGO-ERRESSE-CLASSICO.svg\",\"contentUrl\":\"https:\/\/dev6.erresse-shop.it\/wp-content\/uploads\/2025\/01\/LOGO-ERRESSE-CLASSICO.svg\",\"caption\":\"Erresse Shop\"},\"image\":{\"@id\":\"https:\/\/dev6.erresse-shop.it\/#\/schema\/logo\/image\/\"}}]}<\/script>\n<!-- \/ Yoast SEO plugin. -->","yoast_head_json":{"title":"RIEDEL Veritas Pay 3 Get 4 Cabernet - dev6 Erresse","description":"RIEDEL Veritas Cabernet-Set \u2013 4 Gl\u00e4ser zum Preis von 3 Das RIEDEL Cabernet-Glas ist ideal f\u00fcr komplexe, vollmundige Rotweine mit hohem Tanningehalt. Die","robots":{"index":"noindex","follow":"follow","max-snippet":"max-snippet:-1","max-image-preview":"max-image-preview:large","max-video-preview":"max-video-preview:-1"},"og_locale":"de_DE","og_type":"article","og_title":"RIEDEL Veritas Pay 3 Get 4 Cabernet - dev6 Erresse","og_description":"RIEDEL Veritas Cabernet-Set \u2013 4 Gl\u00e4ser zum Preis von 3 Das RIEDEL Cabernet-Glas ist ideal f\u00fcr komplexe, vollmundige Rotweine mit hohem Tanningehalt. Die","og_url":"https:\/\/dev6.erresse-shop.it\/de\/shop\/tisch\/trinkglaeser\/riedel-veritas-pay-3-get-4-cabernet\/","og_site_name":"dev6 Erresse","og_image":[{"url":"https:\/\/interpim.erresse-shop.it\/Import\/Prodotti\/riedel-veritas-pay-3-get-4-cabernet.jpg","type":"","width":"","height":""},{"url":"https:\/\/interpim.erresse-shop.it\/Import\/Prodotti\/riedel-veritas-pay-3-get-4-cabernet.jpg","width":1024,"height":1024,"type":"image\/jpeg"}],"twitter_card":"summary_large_image","twitter_image":"https:\/\/interpim.erresse-shop.it\/Import\/Prodotti\/riedel-veritas-pay-3-get-4-cabernet.jpg","schema":{"@context":"https:\/\/schema.org","@graph":[{"@type":"WebPage","@id":"https:\/\/dev6.erresse-shop.it\/de\/shop\/tisch\/trinkglaeser\/riedel-veritas-pay-3-get-4-cabernet\/","url":"https:\/\/dev6.erresse-shop.it\/de\/shop\/tisch\/trinkglaeser\/riedel-veritas-pay-3-get-4-cabernet\/","name":"RIEDEL Veritas Pay 3 Get 4 Cabernet - dev6 Erresse","isPartOf":{"@id":"https:\/\/dev6.erresse-shop.it\/#website"},"primaryImageOfPage":{"@id":"https:\/\/dev6.erresse-shop.it\/de\/shop\/tisch\/trinkglaeser\/riedel-veritas-pay-3-get-4-cabernet\/#primaryimage"},"image":{"@id":"https:\/\/dev6.erresse-shop.it\/de\/shop\/tisch\/trinkglaeser\/riedel-veritas-pay-3-get-4-cabernet\/#primaryimage"},"thumbnailUrl":"https:\/\/i2.wp.com\/interpim.erresse-shop.it\/Import\/Prodotti\/riedel-veritas-pay-3-get-4-cabernet.jpg?ssl=1","datePublished":"2026-04-12T11:50:21+00:00","description":"RIEDEL Veritas Cabernet-Set \u2013 4 Gl\u00e4ser zum Preis von 3 Das RIEDEL Cabernet-Glas ist ideal f\u00fcr komplexe, vollmundige Rotweine mit hohem Tanningehalt. Die","breadcrumb":{"@id":"https:\/\/dev6.erresse-shop.it\/de\/shop\/tisch\/trinkglaeser\/riedel-veritas-pay-3-get-4-cabernet\/#breadcrumb"},"inLanguage":"de","potentialAction":[{"@type":"ReadAction","target":["https:\/\/dev6.erresse-shop.it\/de\/shop\/tisch\/trinkglaeser\/riedel-veritas-pay-3-get-4-cabernet\/"]}]},{"@type":"ImageObject","inLanguage":"de","@id":"https:\/\/dev6.erresse-shop.it\/de\/shop\/tisch\/trinkglaeser\/riedel-veritas-pay-3-get-4-cabernet\/#primaryimage","url":"https:\/\/i2.wp.com\/interpim.erresse-shop.it\/Import\/Prodotti\/riedel-veritas-pay-3-get-4-cabernet.jpg?ssl=1","contentUrl":"https:\/\/i2.wp.com\/interpim.erresse-shop.it\/Import\/Prodotti\/riedel-veritas-pay-3-get-4-cabernet.jpg?ssl=1"},{"@type":"BreadcrumbList","@id":"https:\/\/dev6.erresse-shop.it\/de\/shop\/tisch\/trinkglaeser\/riedel-veritas-pay-3-get-4-cabernet\/#breadcrumb","itemListElement":[{"@type":"ListItem","position":1,"name":"Home","item":"https:\/\/dev6.erresse-shop.it\/"},{"@type":"ListItem","position":2,"name":"Shop","item":"https:\/\/dev6.erresse-shop.it\/shop\/"},{"@type":"ListItem","position":3,"name":"RIEDEL Veritas Pay 3 Get 4 Cabernet"}]},{"@type":"WebSite","@id":"https:\/\/dev6.erresse-shop.it\/#website","url":"https:\/\/dev6.erresse-shop.it\/","name":"Erresse Shop","description":"","publisher":{"@id":"https:\/\/dev6.erresse-shop.it\/#organization"},"potentialAction":[{"@type":"SearchAction","target":{"@type":"EntryPoint","urlTemplate":"https:\/\/dev6.erresse-shop.it\/?s={search_term_string}"},"query-input":{"@type":"PropertyValueSpecification","valueRequired":true,"valueName":"search_term_string"}}],"inLanguage":"de"},{"@type":"Organization","@id":"https:\/\/dev6.erresse-shop.it\/#organization","name":"Erresse Shop","url":"https:\/\/dev6.erresse-shop.it\/","logo":{"@type":"ImageObject","inLanguage":"de","@id":"https:\/\/dev6.erresse-shop.it\/#\/schema\/logo\/image\/","url":"https:\/\/dev6.erresse-shop.it\/wp-content\/uploads\/2025\/01\/LOGO-ERRESSE-CLASSICO.svg","contentUrl":"https:\/\/dev6.erresse-shop.it\/wp-content\/uploads\/2025\/01\/LOGO-ERRESSE-CLASSICO.svg","caption":"Erresse Shop"},"image":{"@id":"https:\/\/dev6.erresse-shop.it\/#\/schema\/logo\/image\/"}}]}},"df_price":24.9,"df_sale_price":"","df_regular_price":24.9,"df_image_link":"https:\/\/i2.wp.com\/interpim.erresse-shop.it\/Import\/Prodotti\/riedel-veritas-pay-3-get-4-cabernet.jpg?resize=300,300&ssl=1","fifu_image_url":"https:\/\/interpim.erresse-shop.it\/Import\/Prodotti\/riedel-veritas-pay-3-get-4-cabernet.jpg","_links":{"self":[{"href":"https:\/\/dev6.erresse-shop.it\/de\/wp-json\/wp\/v2\/product\/1601070","targetHints":{"allow":["GET"]}}],"collection":[{"href":"https:\/\/dev6.erresse-shop.it\/de\/wp-json\/wp\/v2\/product"}],"about":[{"href":"https:\/\/dev6.erresse-shop.it\/de\/wp-json\/wp\/v2\/types\/product"}],"wp:featuredmedia":[{"embeddable":true,"href":"https:\/\/dev6.erresse-shop.it\/de\/wp-json\/wp\/v2\/media\/6378567"}],"wp:attachment":[{"href":"https:\/\/dev6.erresse-shop.it\/de\/wp-json\/wp\/v2\/media?parent=1601070"}],"wp:term":[{"taxonomy":"product_cat","embeddable":true,"href":"https:\/\/dev6.erresse-shop.it\/de\/wp-json\/wp\/v2\/product_cat?post=1601070"},{"taxonomy":"product_tag","embeddable":true,"href":"https:\/\/dev6.erresse-shop.it\/de\/wp-json\/wp\/v2\/product_tag?post=1601070"}],"curies":[{"name":"wp","href":"https:\/\/api.w.org\/{rel}","templated":true}]}}