{"id":1601054,"date":"2026-04-12T13:47:32","date_gmt":"2026-04-12T11:47:32","guid":{"rendered":"https:\/\/dev6.erresse-shop.it\/shop\/unkategorisiert\/riedel-black-tie-champagner-sauvignon-blanc-weinglas\/"},"modified":"2025-09-14T03:20:08","modified_gmt":"2025-09-14T01:20:08","slug":"riedel-black-tie-champagner-sauvignon-blanc-weinglas","status":"publish","type":"product","link":"https:\/\/dev6.erresse-shop.it\/de\/shop\/tisch\/trinkglaeser\/riedel-black-tie-champagner-sauvignon-blanc-weinglas\/","title":{"rendered":"RIEDEL Black Tie Champagner\/Sauvignon Blanc Weinglas"},"content":{"rendered":"<p>RIEDEL Handgefertigtes Black Tie Glas f\u00fcr Champagner und Sauvignon Blanc<\/p>\n<p>Dieses RIEDEL-Glas wurde entwickelt, um die unverwechselbaren Noten von Champagner, Sauvignon Blanc und anderen Schaumweinen und aromatischen Weinen hervorzuheben. Seine eif\u00f6rmige Form erm\u00f6glicht es, das Bouquet vollst\u00e4ndig zu entfalten und verst\u00e4rkt das Sinneserlebnis mit einer fesselnden Perlage und einer perfekten Balance zwischen Frische, Fruchtigkeit und Mineralit\u00e4t. Dieses Glas ist ideal f\u00fcr leichten, trockenen Champagner, Prosecco und Sauvignon Blanc und zelebriert die Entwicklung der Weine der Neuen Welt, das Ergebnis einer Zusammenarbeit mit den besten Weinregionen der Welt.<\/p>\n<p>Funktionen:<\/p>\n<p>Exklusives Design: Ovale Tasse, die die aromatischen Nuancen intensiviert<br \/>\nDekorativer schwarzer Sockel: Eleganter handgefertigter schwarzer Kristallsockel<br \/>\nTransparenter Stiel: D\u00fcnn und raffiniert<br \/>\nHandgefertigt: Jedes St\u00fcck ist ein Unikat und wird von erfahrenen Glasmachern hergestellt (aufgrund der handwerklichen Verarbeitung kann jedes Glas kleine Unterschiede in Gr\u00f6\u00dfe und Gewicht aufweisen.)<br \/>\nSp\u00fclmaschinenfest f\u00fcr einfache Pflege<\/p>\n<p>Paket: 1 St\u00fcck.<\/p>\n<p>Dieses Glas ist perfekt f\u00fcr alle, die ein einzigartiges Geschmackserlebnis suchen, und ein Meisterwerk an Eleganz und Funktionalit\u00e4t.<\/p>\n<p class=\"product-info__characteristics-paragraph flex justify-between\">Hubraum: 464,0 ccm<br \/>\nH\u00f6he: 260,0 mm<\/p>\n","protected":false},"excerpt":{"rendered":"<p>RIEDEL Handgefertigtes Black Tie Glas f\u00fcr Champagner und Sauvignon Blanc Dieses RIEDEL-Glas wurde entwickelt, um die unverwechselbaren Noten von Champagner, Sauvignon Blanc und anderen Schaumweinen und aromatischen Weinen hervorzuheben. Seine eif\u00f6rmige Form erm\u00f6glicht es, das Bouquet vollst\u00e4ndig zu entfalten und verst\u00e4rkt das Sinneserlebnis mit einer fesselnden Perlage und einer perfekten Balance zwischen Frische, Fruchtigkeit und [&hellip;]<\/p>\n","protected":false},"featured_media":6378480,"template":"","meta":{"_acf_changed":false},"product_cat":[12103,12117],"product_tag":[],"class_list":{"0":"post-1601054","1":"product","2":"type-product","3":"status-publish","4":"has-post-thumbnail","6":"product_cat-tisch","7":"product_cat-trinkglaeser","9":"first","10":"instock","11":"sale","12":"taxable","13":"shipping-taxable","14":"purchasable","15":"product-type-simple","swatches":"rey-swatches","show_selected":"","stretch_labels":"rey-swatches--stretch-labels"},"acf":[],"yoast_head":"<!-- This site is optimized with the Yoast SEO plugin v25.4 - https:\/\/yoast.com\/wordpress\/plugins\/seo\/ -->\n<title>RIEDEL Black Tie Champagner\/Sauvignon Blanc Weinglas - dev6 Erresse<\/title>\n<meta name=\"description\" content=\"RIEDEL Handgefertigtes Black Tie Glas f\u00fcr Champagner und Sauvignon Blanc Dieses RIEDEL-Glas wurde entwickelt, um die unverwechselbaren Noten von\" \/>\n<meta name=\"robots\" content=\"noindex, follow, max-snippet:-1, max-image-preview:large, max-video-preview:-1\" \/>\n<meta property=\"og:locale\" content=\"de_DE\" \/>\n<meta property=\"og:type\" content=\"article\" \/>\n<meta property=\"og:title\" content=\"RIEDEL Black Tie Champagner\/Sauvignon Blanc Weinglas - dev6 Erresse\" \/>\n<meta property=\"og:description\" content=\"RIEDEL Handgefertigtes Black Tie Glas f\u00fcr Champagner und Sauvignon Blanc Dieses RIEDEL-Glas wurde entwickelt, um die unverwechselbaren Noten von\" \/>\n<meta property=\"og:url\" content=\"https:\/\/dev6.erresse-shop.it\/de\/shop\/tisch\/trinkglaeser\/riedel-black-tie-champagner-sauvignon-blanc-weinglas\/\" \/>\n<meta property=\"og:site_name\" content=\"dev6 Erresse\" \/>\n<meta property=\"og:image\" content=\"https:\/\/interpim.erresse-shop.it\/Import\/Prodotti\/riedel-black-tie-bicchiere-da-vino-champagne_sauvignon-blanc.jpg\" \/><meta property=\"og:image\" content=\"https:\/\/interpim.erresse-shop.it\/Import\/Prodotti\/riedel-black-tie-bicchiere-da-vino-champagne_sauvignon-blanc.jpg\" \/>\n\t<meta property=\"og:image:width\" content=\"1024\" \/>\n\t<meta property=\"og:image:height\" content=\"1024\" \/>\n\t<meta property=\"og:image:type\" content=\"image\/jpeg\" \/>\n<meta name=\"twitter:card\" content=\"summary_large_image\" \/>\n<meta name=\"twitter:image\" content=\"https:\/\/interpim.erresse-shop.it\/Import\/Prodotti\/riedel-black-tie-bicchiere-da-vino-champagne_sauvignon-blanc.jpg\" \/>\n<script type=\"application\/ld+json\" class=\"yoast-schema-graph\">{\"@context\":\"https:\/\/schema.org\",\"@graph\":[{\"@type\":\"WebPage\",\"@id\":\"https:\/\/dev6.erresse-shop.it\/de\/shop\/tisch\/trinkglaeser\/riedel-black-tie-champagner-sauvignon-blanc-weinglas\/\",\"url\":\"https:\/\/dev6.erresse-shop.it\/de\/shop\/tisch\/trinkglaeser\/riedel-black-tie-champagner-sauvignon-blanc-weinglas\/\",\"name\":\"RIEDEL Black Tie Champagner\/Sauvignon Blanc Weinglas - dev6 Erresse\",\"isPartOf\":{\"@id\":\"https:\/\/dev6.erresse-shop.it\/#website\"},\"primaryImageOfPage\":{\"@id\":\"https:\/\/dev6.erresse-shop.it\/de\/shop\/tisch\/trinkglaeser\/riedel-black-tie-champagner-sauvignon-blanc-weinglas\/#primaryimage\"},\"image\":{\"@id\":\"https:\/\/dev6.erresse-shop.it\/de\/shop\/tisch\/trinkglaeser\/riedel-black-tie-champagner-sauvignon-blanc-weinglas\/#primaryimage\"},\"thumbnailUrl\":\"https:\/\/i1.wp.com\/interpim.erresse-shop.it\/Import\/Prodotti\/riedel-black-tie-bicchiere-da-vino-champagne_sauvignon-blanc.jpg?ssl=1\",\"datePublished\":\"2026-04-12T11:47:32+00:00\",\"description\":\"RIEDEL Handgefertigtes Black Tie Glas f\u00fcr Champagner und Sauvignon Blanc Dieses RIEDEL-Glas wurde entwickelt, um die unverwechselbaren Noten von\",\"breadcrumb\":{\"@id\":\"https:\/\/dev6.erresse-shop.it\/de\/shop\/tisch\/trinkglaeser\/riedel-black-tie-champagner-sauvignon-blanc-weinglas\/#breadcrumb\"},\"inLanguage\":\"de\",\"potentialAction\":[{\"@type\":\"ReadAction\",\"target\":[\"https:\/\/dev6.erresse-shop.it\/de\/shop\/tisch\/trinkglaeser\/riedel-black-tie-champagner-sauvignon-blanc-weinglas\/\"]}]},{\"@type\":\"ImageObject\",\"inLanguage\":\"de\",\"@id\":\"https:\/\/dev6.erresse-shop.it\/de\/shop\/tisch\/trinkglaeser\/riedel-black-tie-champagner-sauvignon-blanc-weinglas\/#primaryimage\",\"url\":\"https:\/\/i1.wp.com\/interpim.erresse-shop.it\/Import\/Prodotti\/riedel-black-tie-bicchiere-da-vino-champagne_sauvignon-blanc.jpg?ssl=1\",\"contentUrl\":\"https:\/\/i1.wp.com\/interpim.erresse-shop.it\/Import\/Prodotti\/riedel-black-tie-bicchiere-da-vino-champagne_sauvignon-blanc.jpg?ssl=1\"},{\"@type\":\"BreadcrumbList\",\"@id\":\"https:\/\/dev6.erresse-shop.it\/de\/shop\/tisch\/trinkglaeser\/riedel-black-tie-champagner-sauvignon-blanc-weinglas\/#breadcrumb\",\"itemListElement\":[{\"@type\":\"ListItem\",\"position\":1,\"name\":\"Home\",\"item\":\"https:\/\/dev6.erresse-shop.it\/\"},{\"@type\":\"ListItem\",\"position\":2,\"name\":\"Shop\",\"item\":\"https:\/\/dev6.erresse-shop.it\/shop\/\"},{\"@type\":\"ListItem\",\"position\":3,\"name\":\"RIEDEL Black Tie Champagner\/Sauvignon Blanc Weinglas\"}]},{\"@type\":\"WebSite\",\"@id\":\"https:\/\/dev6.erresse-shop.it\/#website\",\"url\":\"https:\/\/dev6.erresse-shop.it\/\",\"name\":\"Erresse Shop\",\"description\":\"\",\"publisher\":{\"@id\":\"https:\/\/dev6.erresse-shop.it\/#organization\"},\"potentialAction\":[{\"@type\":\"SearchAction\",\"target\":{\"@type\":\"EntryPoint\",\"urlTemplate\":\"https:\/\/dev6.erresse-shop.it\/?s={search_term_string}\"},\"query-input\":{\"@type\":\"PropertyValueSpecification\",\"valueRequired\":true,\"valueName\":\"search_term_string\"}}],\"inLanguage\":\"de\"},{\"@type\":\"Organization\",\"@id\":\"https:\/\/dev6.erresse-shop.it\/#organization\",\"name\":\"Erresse Shop\",\"url\":\"https:\/\/dev6.erresse-shop.it\/\",\"logo\":{\"@type\":\"ImageObject\",\"inLanguage\":\"de\",\"@id\":\"https:\/\/dev6.erresse-shop.it\/#\/schema\/logo\/image\/\",\"url\":\"https:\/\/dev6.erresse-shop.it\/wp-content\/uploads\/2025\/01\/LOGO-ERRESSE-CLASSICO.svg\",\"contentUrl\":\"https:\/\/dev6.erresse-shop.it\/wp-content\/uploads\/2025\/01\/LOGO-ERRESSE-CLASSICO.svg\",\"caption\":\"Erresse Shop\"},\"image\":{\"@id\":\"https:\/\/dev6.erresse-shop.it\/#\/schema\/logo\/image\/\"}}]}<\/script>\n<!-- \/ Yoast SEO plugin. -->","yoast_head_json":{"title":"RIEDEL Black Tie Champagner\/Sauvignon Blanc Weinglas - dev6 Erresse","description":"RIEDEL Handgefertigtes Black Tie Glas f\u00fcr Champagner und Sauvignon Blanc Dieses RIEDEL-Glas wurde entwickelt, um die unverwechselbaren Noten von","robots":{"index":"noindex","follow":"follow","max-snippet":"max-snippet:-1","max-image-preview":"max-image-preview:large","max-video-preview":"max-video-preview:-1"},"og_locale":"de_DE","og_type":"article","og_title":"RIEDEL Black Tie Champagner\/Sauvignon Blanc Weinglas - dev6 Erresse","og_description":"RIEDEL Handgefertigtes Black Tie Glas f\u00fcr Champagner und Sauvignon Blanc Dieses RIEDEL-Glas wurde entwickelt, um die unverwechselbaren Noten von","og_url":"https:\/\/dev6.erresse-shop.it\/de\/shop\/tisch\/trinkglaeser\/riedel-black-tie-champagner-sauvignon-blanc-weinglas\/","og_site_name":"dev6 Erresse","og_image":[{"url":"https:\/\/interpim.erresse-shop.it\/Import\/Prodotti\/riedel-black-tie-bicchiere-da-vino-champagne_sauvignon-blanc.jpg","type":"","width":"","height":""},{"url":"https:\/\/interpim.erresse-shop.it\/Import\/Prodotti\/riedel-black-tie-bicchiere-da-vino-champagne_sauvignon-blanc.jpg","width":1024,"height":1024,"type":"image\/jpeg"}],"twitter_card":"summary_large_image","twitter_image":"https:\/\/interpim.erresse-shop.it\/Import\/Prodotti\/riedel-black-tie-bicchiere-da-vino-champagne_sauvignon-blanc.jpg","schema":{"@context":"https:\/\/schema.org","@graph":[{"@type":"WebPage","@id":"https:\/\/dev6.erresse-shop.it\/de\/shop\/tisch\/trinkglaeser\/riedel-black-tie-champagner-sauvignon-blanc-weinglas\/","url":"https:\/\/dev6.erresse-shop.it\/de\/shop\/tisch\/trinkglaeser\/riedel-black-tie-champagner-sauvignon-blanc-weinglas\/","name":"RIEDEL Black Tie Champagner\/Sauvignon Blanc Weinglas - dev6 Erresse","isPartOf":{"@id":"https:\/\/dev6.erresse-shop.it\/#website"},"primaryImageOfPage":{"@id":"https:\/\/dev6.erresse-shop.it\/de\/shop\/tisch\/trinkglaeser\/riedel-black-tie-champagner-sauvignon-blanc-weinglas\/#primaryimage"},"image":{"@id":"https:\/\/dev6.erresse-shop.it\/de\/shop\/tisch\/trinkglaeser\/riedel-black-tie-champagner-sauvignon-blanc-weinglas\/#primaryimage"},"thumbnailUrl":"https:\/\/i1.wp.com\/interpim.erresse-shop.it\/Import\/Prodotti\/riedel-black-tie-bicchiere-da-vino-champagne_sauvignon-blanc.jpg?ssl=1","datePublished":"2026-04-12T11:47:32+00:00","description":"RIEDEL Handgefertigtes Black Tie Glas f\u00fcr Champagner und Sauvignon Blanc Dieses RIEDEL-Glas wurde entwickelt, um die unverwechselbaren Noten von","breadcrumb":{"@id":"https:\/\/dev6.erresse-shop.it\/de\/shop\/tisch\/trinkglaeser\/riedel-black-tie-champagner-sauvignon-blanc-weinglas\/#breadcrumb"},"inLanguage":"de","potentialAction":[{"@type":"ReadAction","target":["https:\/\/dev6.erresse-shop.it\/de\/shop\/tisch\/trinkglaeser\/riedel-black-tie-champagner-sauvignon-blanc-weinglas\/"]}]},{"@type":"ImageObject","inLanguage":"de","@id":"https:\/\/dev6.erresse-shop.it\/de\/shop\/tisch\/trinkglaeser\/riedel-black-tie-champagner-sauvignon-blanc-weinglas\/#primaryimage","url":"https:\/\/i1.wp.com\/interpim.erresse-shop.it\/Import\/Prodotti\/riedel-black-tie-bicchiere-da-vino-champagne_sauvignon-blanc.jpg?ssl=1","contentUrl":"https:\/\/i1.wp.com\/interpim.erresse-shop.it\/Import\/Prodotti\/riedel-black-tie-bicchiere-da-vino-champagne_sauvignon-blanc.jpg?ssl=1"},{"@type":"BreadcrumbList","@id":"https:\/\/dev6.erresse-shop.it\/de\/shop\/tisch\/trinkglaeser\/riedel-black-tie-champagner-sauvignon-blanc-weinglas\/#breadcrumb","itemListElement":[{"@type":"ListItem","position":1,"name":"Home","item":"https:\/\/dev6.erresse-shop.it\/"},{"@type":"ListItem","position":2,"name":"Shop","item":"https:\/\/dev6.erresse-shop.it\/shop\/"},{"@type":"ListItem","position":3,"name":"RIEDEL Black Tie Champagner\/Sauvignon Blanc Weinglas"}]},{"@type":"WebSite","@id":"https:\/\/dev6.erresse-shop.it\/#website","url":"https:\/\/dev6.erresse-shop.it\/","name":"Erresse Shop","description":"","publisher":{"@id":"https:\/\/dev6.erresse-shop.it\/#organization"},"potentialAction":[{"@type":"SearchAction","target":{"@type":"EntryPoint","urlTemplate":"https:\/\/dev6.erresse-shop.it\/?s={search_term_string}"},"query-input":{"@type":"PropertyValueSpecification","valueRequired":true,"valueName":"search_term_string"}}],"inLanguage":"de"},{"@type":"Organization","@id":"https:\/\/dev6.erresse-shop.it\/#organization","name":"Erresse Shop","url":"https:\/\/dev6.erresse-shop.it\/","logo":{"@type":"ImageObject","inLanguage":"de","@id":"https:\/\/dev6.erresse-shop.it\/#\/schema\/logo\/image\/","url":"https:\/\/dev6.erresse-shop.it\/wp-content\/uploads\/2025\/01\/LOGO-ERRESSE-CLASSICO.svg","contentUrl":"https:\/\/dev6.erresse-shop.it\/wp-content\/uploads\/2025\/01\/LOGO-ERRESSE-CLASSICO.svg","caption":"Erresse Shop"},"image":{"@id":"https:\/\/dev6.erresse-shop.it\/#\/schema\/logo\/image\/"}}]}},"df_price":59.95,"df_sale_price":59.95,"df_regular_price":69,"df_image_link":"https:\/\/i1.wp.com\/interpim.erresse-shop.it\/Import\/Prodotti\/riedel-black-tie-bicchiere-da-vino-champagne_sauvignon-blanc.jpg?resize=300,300&ssl=1","fifu_image_url":"https:\/\/interpim.erresse-shop.it\/Import\/Prodotti\/riedel-black-tie-bicchiere-da-vino-champagne_sauvignon-blanc.jpg","_links":{"self":[{"href":"https:\/\/dev6.erresse-shop.it\/de\/wp-json\/wp\/v2\/product\/1601054","targetHints":{"allow":["GET"]}}],"collection":[{"href":"https:\/\/dev6.erresse-shop.it\/de\/wp-json\/wp\/v2\/product"}],"about":[{"href":"https:\/\/dev6.erresse-shop.it\/de\/wp-json\/wp\/v2\/types\/product"}],"wp:featuredmedia":[{"embeddable":true,"href":"https:\/\/dev6.erresse-shop.it\/de\/wp-json\/wp\/v2\/media\/6378480"}],"wp:attachment":[{"href":"https:\/\/dev6.erresse-shop.it\/de\/wp-json\/wp\/v2\/media?parent=1601054"}],"wp:term":[{"taxonomy":"product_cat","embeddable":true,"href":"https:\/\/dev6.erresse-shop.it\/de\/wp-json\/wp\/v2\/product_cat?post=1601054"},{"taxonomy":"product_tag","embeddable":true,"href":"https:\/\/dev6.erresse-shop.it\/de\/wp-json\/wp\/v2\/product_tag?post=1601054"}],"curies":[{"name":"wp","href":"https:\/\/api.w.org\/{rel}","templated":true}]}}