{"id":1601046,"date":"2026-04-12T13:47:32","date_gmt":"2026-04-12T11:47:32","guid":{"rendered":"https:\/\/dev6.erresse-shop.it\/shop\/unkategorisiert\/riedel-amedeo-dekanter-blau-weiss-rot\/"},"modified":"2025-07-04T15:04:39","modified_gmt":"2025-07-04T13:04:39","slug":"riedel-amedeo-dekanter-blau-weiss-rot","status":"publish","type":"product","link":"https:\/\/dev6.erresse-shop.it\/de\/shop\/tisch\/weinbar-korkenzieher-dekanter-eiskubel\/dekanter\/riedel-amedeo-dekanter-blau-weiss-rot\/","title":{"rendered":"RIEDEL Amedeo Dekanter Blau Wei\u00df Rot"},"content":{"rendered":"<p>RIEDEL bietet eine gro\u00dfe Auswahl an eleganten mundgeblasenen Dekantern f\u00fcr jeden Lebensstil. Ein Dekanter ist ein Muss f\u00fcr jeden Weinliebhaber. Alle RIEDEL-Dekanter werden aus edlem Kristallglas gefertigt, um edlen Weinen die Behandlung zu geben, die sie verdienen. Sowohl \u00e4ltere als auch j\u00fcngere Weine profitieren vom Dekantieren, sei es, um Bodensatz zu entfernen oder ihnen einen weicheren und runderen Geschmack zu verleihen.<\/p>\n<p>Der Amadeo-Dekanter wurde 2006 anl\u00e4sslich des 250-j\u00e4hrigen Jubil\u00e4ums von RIEDEL auf den Markt gebracht. Er ist nach dem \u00f6sterreichischen Komponisten Wolfgang Amadeus Mozart benannt, der in diesem Jahr ebenfalls seinen 250. Geburtstag feierte. Dieser mundgeblasene Dekanter hat die Form einer Lyra und gie\u00dft Wein wie ein Traum. Wein l\u00e4sst sich leicht durch die breitere \u00d6ffnung des Gef\u00e4\u00dfes dekantieren und durch die schmalere \u00d6ffnung ins Glas gie\u00dfen.<\/p>\n<p>Dieser Dekanter fasst eine Standardflasche Wein.<\/p>\n<p>Diese Version besticht durch ein raffiniertes Design mit drei abwechselnden Streifen in auff\u00e4lligen Blau-, Wei\u00df- und Rott\u00f6nen, die perfekt zur ikonischen Amadeo-Silhouette passen. Die kr\u00e4ftige und zugleich elegante Farbkombination unterstreicht die einzigartige Form der Karaffe und macht sie zu einem wundersch\u00f6nen Blickfang und zeitlosen Schmuckst\u00fcck Ihrer Glaskollektion.<\/p>\n<p>Handgefertigt. Nur von Hand sp\u00fclen.<\/p>\n<p class=\"product-info__characteristics-paragraph flex justify-between\">H\u00f6he: 350,0 mm<br \/>\nFassungsverm\u00f6gen: 750,0 ccm<\/p>\n","protected":false},"excerpt":{"rendered":"<p>RIEDEL bietet eine gro\u00dfe Auswahl an eleganten mundgeblasenen Dekantern f\u00fcr jeden Lebensstil. Ein Dekanter ist ein Muss f\u00fcr jeden Weinliebhaber. Alle RIEDEL-Dekanter werden aus edlem Kristallglas gefertigt, um edlen Weinen die Behandlung zu geben, die sie verdienen. Sowohl \u00e4ltere als auch j\u00fcngere Weine profitieren vom Dekantieren, sei es, um Bodensatz zu entfernen oder ihnen einen [&hellip;]<\/p>\n","protected":false},"featured_media":6378448,"template":"","meta":{"_acf_changed":false},"product_cat":[12191,12103,12177],"product_tag":[],"class_list":{"0":"post-1601046","1":"product","2":"type-product","3":"status-publish","4":"has-post-thumbnail","6":"product_cat-dekanter","7":"product_cat-tisch","8":"product_cat-weinbar-korkenzieher-dekanter-eiskubel","10":"first","11":"instock","12":"taxable","13":"shipping-taxable","14":"purchasable","15":"product-type-simple","swatches":"rey-swatches","show_selected":"","stretch_labels":"rey-swatches--stretch-labels"},"acf":[],"yoast_head":"<!-- This site is optimized with the Yoast SEO plugin v25.4 - https:\/\/yoast.com\/wordpress\/plugins\/seo\/ -->\n<title>RIEDEL Amedeo Dekanter Blau Wei\u00df Rot - dev6 Erresse<\/title>\n<meta name=\"description\" content=\"RIEDEL bietet eine gro\u00dfe Auswahl an eleganten mundgeblasenen Dekantern f\u00fcr jeden Lebensstil. Ein Dekanter ist ein Muss f\u00fcr jeden Weinliebhaber. Alle\" \/>\n<meta name=\"robots\" content=\"noindex, follow, max-snippet:-1, max-image-preview:large, max-video-preview:-1\" \/>\n<meta property=\"og:locale\" content=\"de_DE\" \/>\n<meta property=\"og:type\" content=\"article\" \/>\n<meta property=\"og:title\" content=\"RIEDEL Amedeo Dekanter Blau Wei\u00df Rot - dev6 Erresse\" \/>\n<meta property=\"og:description\" content=\"RIEDEL bietet eine gro\u00dfe Auswahl an eleganten mundgeblasenen Dekantern f\u00fcr jeden Lebensstil. Ein Dekanter ist ein Muss f\u00fcr jeden Weinliebhaber. Alle\" \/>\n<meta property=\"og:url\" content=\"https:\/\/dev6.erresse-shop.it\/de\/shop\/tisch\/weinbar-korkenzieher-dekanter-eiskubel\/dekanter\/riedel-amedeo-dekanter-blau-weiss-rot\/\" \/>\n<meta property=\"og:site_name\" content=\"dev6 Erresse\" \/>\n<meta property=\"og:image\" content=\"https:\/\/interpim.erresse-shop.it\/Import\/Prodotti\/riedel-amadeo-decanter-blu-bianco-rosso.jpg\" \/><meta property=\"og:image\" content=\"https:\/\/interpim.erresse-shop.it\/Import\/Prodotti\/riedel-amadeo-decanter-blu-bianco-rosso.jpg\" \/>\n\t<meta property=\"og:image:width\" content=\"1024\" \/>\n\t<meta property=\"og:image:height\" content=\"1024\" \/>\n\t<meta property=\"og:image:type\" content=\"image\/jpeg\" \/>\n<meta name=\"twitter:card\" content=\"summary_large_image\" \/>\n<meta name=\"twitter:image\" content=\"https:\/\/interpim.erresse-shop.it\/Import\/Prodotti\/riedel-amadeo-decanter-blu-bianco-rosso.jpg\" \/>\n<script type=\"application\/ld+json\" class=\"yoast-schema-graph\">{\"@context\":\"https:\/\/schema.org\",\"@graph\":[{\"@type\":\"WebPage\",\"@id\":\"https:\/\/dev6.erresse-shop.it\/de\/shop\/tisch\/weinbar-korkenzieher-dekanter-eiskubel\/dekanter\/riedel-amedeo-dekanter-blau-weiss-rot\/\",\"url\":\"https:\/\/dev6.erresse-shop.it\/de\/shop\/tisch\/weinbar-korkenzieher-dekanter-eiskubel\/dekanter\/riedel-amedeo-dekanter-blau-weiss-rot\/\",\"name\":\"RIEDEL Amedeo Dekanter Blau Wei\u00df Rot - dev6 Erresse\",\"isPartOf\":{\"@id\":\"https:\/\/dev6.erresse-shop.it\/#website\"},\"primaryImageOfPage\":{\"@id\":\"https:\/\/dev6.erresse-shop.it\/de\/shop\/tisch\/weinbar-korkenzieher-dekanter-eiskubel\/dekanter\/riedel-amedeo-dekanter-blau-weiss-rot\/#primaryimage\"},\"image\":{\"@id\":\"https:\/\/dev6.erresse-shop.it\/de\/shop\/tisch\/weinbar-korkenzieher-dekanter-eiskubel\/dekanter\/riedel-amedeo-dekanter-blau-weiss-rot\/#primaryimage\"},\"thumbnailUrl\":\"https:\/\/i0.wp.com\/interpim.erresse-shop.it\/Import\/Prodotti\/riedel-amadeo-decanter-blu-bianco-rosso.jpg?ssl=1\",\"datePublished\":\"2026-04-12T11:47:32+00:00\",\"description\":\"RIEDEL bietet eine gro\u00dfe Auswahl an eleganten mundgeblasenen Dekantern f\u00fcr jeden Lebensstil. Ein Dekanter ist ein Muss f\u00fcr jeden Weinliebhaber. Alle\",\"breadcrumb\":{\"@id\":\"https:\/\/dev6.erresse-shop.it\/de\/shop\/tisch\/weinbar-korkenzieher-dekanter-eiskubel\/dekanter\/riedel-amedeo-dekanter-blau-weiss-rot\/#breadcrumb\"},\"inLanguage\":\"de\",\"potentialAction\":[{\"@type\":\"ReadAction\",\"target\":[\"https:\/\/dev6.erresse-shop.it\/de\/shop\/tisch\/weinbar-korkenzieher-dekanter-eiskubel\/dekanter\/riedel-amedeo-dekanter-blau-weiss-rot\/\"]}]},{\"@type\":\"ImageObject\",\"inLanguage\":\"de\",\"@id\":\"https:\/\/dev6.erresse-shop.it\/de\/shop\/tisch\/weinbar-korkenzieher-dekanter-eiskubel\/dekanter\/riedel-amedeo-dekanter-blau-weiss-rot\/#primaryimage\",\"url\":\"https:\/\/i0.wp.com\/interpim.erresse-shop.it\/Import\/Prodotti\/riedel-amadeo-decanter-blu-bianco-rosso.jpg?ssl=1\",\"contentUrl\":\"https:\/\/i0.wp.com\/interpim.erresse-shop.it\/Import\/Prodotti\/riedel-amadeo-decanter-blu-bianco-rosso.jpg?ssl=1\"},{\"@type\":\"BreadcrumbList\",\"@id\":\"https:\/\/dev6.erresse-shop.it\/de\/shop\/tisch\/weinbar-korkenzieher-dekanter-eiskubel\/dekanter\/riedel-amedeo-dekanter-blau-weiss-rot\/#breadcrumb\",\"itemListElement\":[{\"@type\":\"ListItem\",\"position\":1,\"name\":\"Home\",\"item\":\"https:\/\/dev6.erresse-shop.it\/\"},{\"@type\":\"ListItem\",\"position\":2,\"name\":\"Shop\",\"item\":\"https:\/\/dev6.erresse-shop.it\/shop\/\"},{\"@type\":\"ListItem\",\"position\":3,\"name\":\"RIEDEL Amedeo Dekanter Blau Wei\u00df Rot\"}]},{\"@type\":\"WebSite\",\"@id\":\"https:\/\/dev6.erresse-shop.it\/#website\",\"url\":\"https:\/\/dev6.erresse-shop.it\/\",\"name\":\"Erresse Shop\",\"description\":\"\",\"publisher\":{\"@id\":\"https:\/\/dev6.erresse-shop.it\/#organization\"},\"potentialAction\":[{\"@type\":\"SearchAction\",\"target\":{\"@type\":\"EntryPoint\",\"urlTemplate\":\"https:\/\/dev6.erresse-shop.it\/?s={search_term_string}\"},\"query-input\":{\"@type\":\"PropertyValueSpecification\",\"valueRequired\":true,\"valueName\":\"search_term_string\"}}],\"inLanguage\":\"de\"},{\"@type\":\"Organization\",\"@id\":\"https:\/\/dev6.erresse-shop.it\/#organization\",\"name\":\"Erresse Shop\",\"url\":\"https:\/\/dev6.erresse-shop.it\/\",\"logo\":{\"@type\":\"ImageObject\",\"inLanguage\":\"de\",\"@id\":\"https:\/\/dev6.erresse-shop.it\/#\/schema\/logo\/image\/\",\"url\":\"https:\/\/dev6.erresse-shop.it\/wp-content\/uploads\/2025\/01\/LOGO-ERRESSE-CLASSICO.svg\",\"contentUrl\":\"https:\/\/dev6.erresse-shop.it\/wp-content\/uploads\/2025\/01\/LOGO-ERRESSE-CLASSICO.svg\",\"caption\":\"Erresse Shop\"},\"image\":{\"@id\":\"https:\/\/dev6.erresse-shop.it\/#\/schema\/logo\/image\/\"}}]}<\/script>\n<!-- \/ Yoast SEO plugin. -->","yoast_head_json":{"title":"RIEDEL Amedeo Dekanter Blau Wei\u00df Rot - dev6 Erresse","description":"RIEDEL bietet eine gro\u00dfe Auswahl an eleganten mundgeblasenen Dekantern f\u00fcr jeden Lebensstil. Ein Dekanter ist ein Muss f\u00fcr jeden Weinliebhaber. Alle","robots":{"index":"noindex","follow":"follow","max-snippet":"max-snippet:-1","max-image-preview":"max-image-preview:large","max-video-preview":"max-video-preview:-1"},"og_locale":"de_DE","og_type":"article","og_title":"RIEDEL Amedeo Dekanter Blau Wei\u00df Rot - dev6 Erresse","og_description":"RIEDEL bietet eine gro\u00dfe Auswahl an eleganten mundgeblasenen Dekantern f\u00fcr jeden Lebensstil. Ein Dekanter ist ein Muss f\u00fcr jeden Weinliebhaber. Alle","og_url":"https:\/\/dev6.erresse-shop.it\/de\/shop\/tisch\/weinbar-korkenzieher-dekanter-eiskubel\/dekanter\/riedel-amedeo-dekanter-blau-weiss-rot\/","og_site_name":"dev6 Erresse","og_image":[{"url":"https:\/\/interpim.erresse-shop.it\/Import\/Prodotti\/riedel-amadeo-decanter-blu-bianco-rosso.jpg","type":"","width":"","height":""},{"url":"https:\/\/interpim.erresse-shop.it\/Import\/Prodotti\/riedel-amadeo-decanter-blu-bianco-rosso.jpg","width":1024,"height":1024,"type":"image\/jpeg"}],"twitter_card":"summary_large_image","twitter_image":"https:\/\/interpim.erresse-shop.it\/Import\/Prodotti\/riedel-amadeo-decanter-blu-bianco-rosso.jpg","schema":{"@context":"https:\/\/schema.org","@graph":[{"@type":"WebPage","@id":"https:\/\/dev6.erresse-shop.it\/de\/shop\/tisch\/weinbar-korkenzieher-dekanter-eiskubel\/dekanter\/riedel-amedeo-dekanter-blau-weiss-rot\/","url":"https:\/\/dev6.erresse-shop.it\/de\/shop\/tisch\/weinbar-korkenzieher-dekanter-eiskubel\/dekanter\/riedel-amedeo-dekanter-blau-weiss-rot\/","name":"RIEDEL Amedeo Dekanter Blau Wei\u00df Rot - dev6 Erresse","isPartOf":{"@id":"https:\/\/dev6.erresse-shop.it\/#website"},"primaryImageOfPage":{"@id":"https:\/\/dev6.erresse-shop.it\/de\/shop\/tisch\/weinbar-korkenzieher-dekanter-eiskubel\/dekanter\/riedel-amedeo-dekanter-blau-weiss-rot\/#primaryimage"},"image":{"@id":"https:\/\/dev6.erresse-shop.it\/de\/shop\/tisch\/weinbar-korkenzieher-dekanter-eiskubel\/dekanter\/riedel-amedeo-dekanter-blau-weiss-rot\/#primaryimage"},"thumbnailUrl":"https:\/\/i0.wp.com\/interpim.erresse-shop.it\/Import\/Prodotti\/riedel-amadeo-decanter-blu-bianco-rosso.jpg?ssl=1","datePublished":"2026-04-12T11:47:32+00:00","description":"RIEDEL bietet eine gro\u00dfe Auswahl an eleganten mundgeblasenen Dekantern f\u00fcr jeden Lebensstil. Ein Dekanter ist ein Muss f\u00fcr jeden Weinliebhaber. Alle","breadcrumb":{"@id":"https:\/\/dev6.erresse-shop.it\/de\/shop\/tisch\/weinbar-korkenzieher-dekanter-eiskubel\/dekanter\/riedel-amedeo-dekanter-blau-weiss-rot\/#breadcrumb"},"inLanguage":"de","potentialAction":[{"@type":"ReadAction","target":["https:\/\/dev6.erresse-shop.it\/de\/shop\/tisch\/weinbar-korkenzieher-dekanter-eiskubel\/dekanter\/riedel-amedeo-dekanter-blau-weiss-rot\/"]}]},{"@type":"ImageObject","inLanguage":"de","@id":"https:\/\/dev6.erresse-shop.it\/de\/shop\/tisch\/weinbar-korkenzieher-dekanter-eiskubel\/dekanter\/riedel-amedeo-dekanter-blau-weiss-rot\/#primaryimage","url":"https:\/\/i0.wp.com\/interpim.erresse-shop.it\/Import\/Prodotti\/riedel-amadeo-decanter-blu-bianco-rosso.jpg?ssl=1","contentUrl":"https:\/\/i0.wp.com\/interpim.erresse-shop.it\/Import\/Prodotti\/riedel-amadeo-decanter-blu-bianco-rosso.jpg?ssl=1"},{"@type":"BreadcrumbList","@id":"https:\/\/dev6.erresse-shop.it\/de\/shop\/tisch\/weinbar-korkenzieher-dekanter-eiskubel\/dekanter\/riedel-amedeo-dekanter-blau-weiss-rot\/#breadcrumb","itemListElement":[{"@type":"ListItem","position":1,"name":"Home","item":"https:\/\/dev6.erresse-shop.it\/"},{"@type":"ListItem","position":2,"name":"Shop","item":"https:\/\/dev6.erresse-shop.it\/shop\/"},{"@type":"ListItem","position":3,"name":"RIEDEL Amedeo Dekanter Blau Wei\u00df Rot"}]},{"@type":"WebSite","@id":"https:\/\/dev6.erresse-shop.it\/#website","url":"https:\/\/dev6.erresse-shop.it\/","name":"Erresse Shop","description":"","publisher":{"@id":"https:\/\/dev6.erresse-shop.it\/#organization"},"potentialAction":[{"@type":"SearchAction","target":{"@type":"EntryPoint","urlTemplate":"https:\/\/dev6.erresse-shop.it\/?s={search_term_string}"},"query-input":{"@type":"PropertyValueSpecification","valueRequired":true,"valueName":"search_term_string"}}],"inLanguage":"de"},{"@type":"Organization","@id":"https:\/\/dev6.erresse-shop.it\/#organization","name":"Erresse Shop","url":"https:\/\/dev6.erresse-shop.it\/","logo":{"@type":"ImageObject","inLanguage":"de","@id":"https:\/\/dev6.erresse-shop.it\/#\/schema\/logo\/image\/","url":"https:\/\/dev6.erresse-shop.it\/wp-content\/uploads\/2025\/01\/LOGO-ERRESSE-CLASSICO.svg","contentUrl":"https:\/\/dev6.erresse-shop.it\/wp-content\/uploads\/2025\/01\/LOGO-ERRESSE-CLASSICO.svg","caption":"Erresse Shop"},"image":{"@id":"https:\/\/dev6.erresse-shop.it\/#\/schema\/logo\/image\/"}}]}},"df_price":24.9,"df_sale_price":"","df_regular_price":24.9,"df_image_link":"https:\/\/i0.wp.com\/interpim.erresse-shop.it\/Import\/Prodotti\/riedel-amadeo-decanter-blu-bianco-rosso.jpg?resize=300,300&ssl=1","fifu_image_url":"https:\/\/interpim.erresse-shop.it\/Import\/Prodotti\/riedel-amadeo-decanter-blu-bianco-rosso.jpg","_links":{"self":[{"href":"https:\/\/dev6.erresse-shop.it\/de\/wp-json\/wp\/v2\/product\/1601046","targetHints":{"allow":["GET"]}}],"collection":[{"href":"https:\/\/dev6.erresse-shop.it\/de\/wp-json\/wp\/v2\/product"}],"about":[{"href":"https:\/\/dev6.erresse-shop.it\/de\/wp-json\/wp\/v2\/types\/product"}],"wp:featuredmedia":[{"embeddable":true,"href":"https:\/\/dev6.erresse-shop.it\/de\/wp-json\/wp\/v2\/media\/6378448"}],"wp:attachment":[{"href":"https:\/\/dev6.erresse-shop.it\/de\/wp-json\/wp\/v2\/media?parent=1601046"}],"wp:term":[{"taxonomy":"product_cat","embeddable":true,"href":"https:\/\/dev6.erresse-shop.it\/de\/wp-json\/wp\/v2\/product_cat?post=1601046"},{"taxonomy":"product_tag","embeddable":true,"href":"https:\/\/dev6.erresse-shop.it\/de\/wp-json\/wp\/v2\/product_tag?post=1601046"}],"curies":[{"name":"wp","href":"https:\/\/api.w.org\/{rel}","templated":true}]}}