{"id":1601034,"date":"2026-04-04T13:45:07","date_gmt":"2026-04-04T11:45:07","guid":{"rendered":"https:\/\/dev6.erresse-shop.it\/shop\/unkategorisiert\/riedel-noblesse-bierkrug\/"},"modified":"2025-07-04T15:04:20","modified_gmt":"2025-07-04T13:04:20","slug":"riedel-noblesse-bierkrug","status":"publish","type":"product","link":"https:\/\/dev6.erresse-shop.it\/de\/shop\/tisch\/trinkglaeser\/riedel-noblesse-bierkrug\/","title":{"rendered":"RIEDEL Noblesse Bierkrug"},"content":{"rendered":"<p>Dieser Bierkrug ist der perfekte Begleiter f\u00fcr Bierliebhaber. Gefertigt f\u00fcr alle, die jeden Schluck genie\u00dfen, h\u00e4lt seine robuste Konstruktion Ihr Bier l\u00e4nger k\u00fchl und sorgt f\u00fcr ein erfrischendes Erlebnis bis zum letzten Tropfen. Versch\u00f6nern Sie Ihre geselligen Zusammenk\u00fcnfte, Grillabende und Spieleabende. Ein Hoch auf den perfekten Biergenuss!<\/p>\n<p>Die Noblesse-Serie verleiht Ihrem Zuhause einen Hauch von Klasse und feiert die R\u00fcckkehr des klassischen Designs. Gefertigt aus wundersch\u00f6n geschliffenem Premium-Kristall sind diese Produkte ein Must-have f\u00fcr alle, die ihr Zuhause versch\u00f6nern m\u00f6chten.<\/p>\n<p>Produktdetails:<\/p>\n<p>Maschinengefertigt. Herstellungsbedingt k\u00f6nnen geringf\u00fcgige Ma\u00dftoleranzen auftreten.<br \/>\nAus Glas, das beim Kippen oder Fallenlassen zerbrechen und scharfe Splitter bilden kann.<br \/>\nSp\u00fclmaschinenfest.<\/p>\n<p>Fassungsverm\u00f6gen: 600,0 ccm<br \/>\nH\u00f6he: 139,0 mm<\/p>\n","protected":false},"excerpt":{"rendered":"<p>Dieser Bierkrug ist der perfekte Begleiter f\u00fcr Bierliebhaber. Gefertigt f\u00fcr alle, die jeden Schluck genie\u00dfen, h\u00e4lt seine robuste Konstruktion Ihr Bier l\u00e4nger k\u00fchl und sorgt f\u00fcr ein erfrischendes Erlebnis bis zum letzten Tropfen. Versch\u00f6nern Sie Ihre geselligen Zusammenk\u00fcnfte, Grillabende und Spieleabende. Ein Hoch auf den perfekten Biergenuss! Die Noblesse-Serie verleiht Ihrem Zuhause einen Hauch von [&hellip;]<\/p>\n","protected":false},"featured_media":6295125,"template":"","meta":{"_acf_changed":false},"product_cat":[12103,12117],"product_tag":[],"class_list":{"0":"post-1601034","1":"product","2":"type-product","3":"status-publish","4":"has-post-thumbnail","6":"product_cat-tisch","7":"product_cat-trinkglaeser","9":"first","10":"instock","11":"taxable","12":"shipping-taxable","13":"purchasable","14":"product-type-simple","swatches":"rey-swatches","show_selected":"","stretch_labels":"rey-swatches--stretch-labels"},"acf":[],"yoast_head":"<!-- This site is optimized with the Yoast SEO plugin v25.4 - https:\/\/yoast.com\/wordpress\/plugins\/seo\/ -->\n<title>RIEDEL Noblesse Bierkrug - dev6 Erresse<\/title>\n<meta name=\"description\" content=\"Dieser Bierkrug ist der perfekte Begleiter f\u00fcr Bierliebhaber. Gefertigt f\u00fcr alle, die jeden Schluck genie\u00dfen, h\u00e4lt seine robuste Konstruktion Ihr Bier\" \/>\n<meta name=\"robots\" content=\"noindex, follow, max-snippet:-1, max-image-preview:large, max-video-preview:-1\" \/>\n<meta property=\"og:locale\" content=\"de_DE\" \/>\n<meta property=\"og:type\" content=\"article\" \/>\n<meta property=\"og:title\" content=\"RIEDEL Noblesse Bierkrug - dev6 Erresse\" \/>\n<meta property=\"og:description\" content=\"Dieser Bierkrug ist der perfekte Begleiter f\u00fcr Bierliebhaber. Gefertigt f\u00fcr alle, die jeden Schluck genie\u00dfen, h\u00e4lt seine robuste Konstruktion Ihr Bier\" \/>\n<meta property=\"og:url\" content=\"https:\/\/dev6.erresse-shop.it\/de\/shop\/tisch\/trinkglaeser\/riedel-noblesse-bierkrug\/\" \/>\n<meta property=\"og:site_name\" content=\"dev6 Erresse\" \/>\n<meta property=\"og:image\" content=\"https:\/\/interpim.erresse-shop.it\/Import\/Prodotti\/riedel-noblesse-boccale-da-birra.jpg\" \/><meta property=\"og:image\" content=\"https:\/\/interpim.erresse-shop.it\/Import\/Prodotti\/riedel-noblesse-boccale-da-birra.jpg\" \/>\n\t<meta property=\"og:image:width\" content=\"1024\" \/>\n\t<meta property=\"og:image:height\" content=\"1024\" \/>\n\t<meta property=\"og:image:type\" content=\"image\/jpeg\" \/>\n<meta name=\"twitter:card\" content=\"summary_large_image\" \/>\n<meta name=\"twitter:image\" content=\"https:\/\/interpim.erresse-shop.it\/Import\/Prodotti\/riedel-noblesse-boccale-da-birra.jpg\" \/>\n<script type=\"application\/ld+json\" class=\"yoast-schema-graph\">{\"@context\":\"https:\/\/schema.org\",\"@graph\":[{\"@type\":\"WebPage\",\"@id\":\"https:\/\/dev6.erresse-shop.it\/de\/shop\/tisch\/trinkglaeser\/riedel-noblesse-bierkrug\/\",\"url\":\"https:\/\/dev6.erresse-shop.it\/de\/shop\/tisch\/trinkglaeser\/riedel-noblesse-bierkrug\/\",\"name\":\"RIEDEL Noblesse Bierkrug - dev6 Erresse\",\"isPartOf\":{\"@id\":\"https:\/\/dev6.erresse-shop.it\/#website\"},\"primaryImageOfPage\":{\"@id\":\"https:\/\/dev6.erresse-shop.it\/de\/shop\/tisch\/trinkglaeser\/riedel-noblesse-bierkrug\/#primaryimage\"},\"image\":{\"@id\":\"https:\/\/dev6.erresse-shop.it\/de\/shop\/tisch\/trinkglaeser\/riedel-noblesse-bierkrug\/#primaryimage\"},\"thumbnailUrl\":\"https:\/\/i3.wp.com\/interpim.erresse-shop.it\/Import\/Prodotti\/riedel-noblesse-boccale-da-birra.jpg?ssl=1\",\"datePublished\":\"2026-04-04T11:45:07+00:00\",\"description\":\"Dieser Bierkrug ist der perfekte Begleiter f\u00fcr Bierliebhaber. Gefertigt f\u00fcr alle, die jeden Schluck genie\u00dfen, h\u00e4lt seine robuste Konstruktion Ihr Bier\",\"breadcrumb\":{\"@id\":\"https:\/\/dev6.erresse-shop.it\/de\/shop\/tisch\/trinkglaeser\/riedel-noblesse-bierkrug\/#breadcrumb\"},\"inLanguage\":\"de\",\"potentialAction\":[{\"@type\":\"ReadAction\",\"target\":[\"https:\/\/dev6.erresse-shop.it\/de\/shop\/tisch\/trinkglaeser\/riedel-noblesse-bierkrug\/\"]}]},{\"@type\":\"ImageObject\",\"inLanguage\":\"de\",\"@id\":\"https:\/\/dev6.erresse-shop.it\/de\/shop\/tisch\/trinkglaeser\/riedel-noblesse-bierkrug\/#primaryimage\",\"url\":\"https:\/\/i3.wp.com\/interpim.erresse-shop.it\/Import\/Prodotti\/riedel-noblesse-boccale-da-birra.jpg?ssl=1\",\"contentUrl\":\"https:\/\/i3.wp.com\/interpim.erresse-shop.it\/Import\/Prodotti\/riedel-noblesse-boccale-da-birra.jpg?ssl=1\"},{\"@type\":\"BreadcrumbList\",\"@id\":\"https:\/\/dev6.erresse-shop.it\/de\/shop\/tisch\/trinkglaeser\/riedel-noblesse-bierkrug\/#breadcrumb\",\"itemListElement\":[{\"@type\":\"ListItem\",\"position\":1,\"name\":\"Home\",\"item\":\"https:\/\/dev6.erresse-shop.it\/\"},{\"@type\":\"ListItem\",\"position\":2,\"name\":\"Shop\",\"item\":\"https:\/\/dev6.erresse-shop.it\/shop\/\"},{\"@type\":\"ListItem\",\"position\":3,\"name\":\"RIEDEL Noblesse Bierkrug\"}]},{\"@type\":\"WebSite\",\"@id\":\"https:\/\/dev6.erresse-shop.it\/#website\",\"url\":\"https:\/\/dev6.erresse-shop.it\/\",\"name\":\"Erresse Shop\",\"description\":\"\",\"publisher\":{\"@id\":\"https:\/\/dev6.erresse-shop.it\/#organization\"},\"potentialAction\":[{\"@type\":\"SearchAction\",\"target\":{\"@type\":\"EntryPoint\",\"urlTemplate\":\"https:\/\/dev6.erresse-shop.it\/?s={search_term_string}\"},\"query-input\":{\"@type\":\"PropertyValueSpecification\",\"valueRequired\":true,\"valueName\":\"search_term_string\"}}],\"inLanguage\":\"de\"},{\"@type\":\"Organization\",\"@id\":\"https:\/\/dev6.erresse-shop.it\/#organization\",\"name\":\"Erresse Shop\",\"url\":\"https:\/\/dev6.erresse-shop.it\/\",\"logo\":{\"@type\":\"ImageObject\",\"inLanguage\":\"de\",\"@id\":\"https:\/\/dev6.erresse-shop.it\/#\/schema\/logo\/image\/\",\"url\":\"https:\/\/dev6.erresse-shop.it\/wp-content\/uploads\/2025\/01\/LOGO-ERRESSE-CLASSICO.svg\",\"contentUrl\":\"https:\/\/dev6.erresse-shop.it\/wp-content\/uploads\/2025\/01\/LOGO-ERRESSE-CLASSICO.svg\",\"caption\":\"Erresse Shop\"},\"image\":{\"@id\":\"https:\/\/dev6.erresse-shop.it\/#\/schema\/logo\/image\/\"}}]}<\/script>\n<!-- \/ Yoast SEO plugin. -->","yoast_head_json":{"title":"RIEDEL Noblesse Bierkrug - dev6 Erresse","description":"Dieser Bierkrug ist der perfekte Begleiter f\u00fcr Bierliebhaber. Gefertigt f\u00fcr alle, die jeden Schluck genie\u00dfen, h\u00e4lt seine robuste Konstruktion Ihr Bier","robots":{"index":"noindex","follow":"follow","max-snippet":"max-snippet:-1","max-image-preview":"max-image-preview:large","max-video-preview":"max-video-preview:-1"},"og_locale":"de_DE","og_type":"article","og_title":"RIEDEL Noblesse Bierkrug - dev6 Erresse","og_description":"Dieser Bierkrug ist der perfekte Begleiter f\u00fcr Bierliebhaber. Gefertigt f\u00fcr alle, die jeden Schluck genie\u00dfen, h\u00e4lt seine robuste Konstruktion Ihr Bier","og_url":"https:\/\/dev6.erresse-shop.it\/de\/shop\/tisch\/trinkglaeser\/riedel-noblesse-bierkrug\/","og_site_name":"dev6 Erresse","og_image":[{"url":"https:\/\/interpim.erresse-shop.it\/Import\/Prodotti\/riedel-noblesse-boccale-da-birra.jpg","type":"","width":"","height":""},{"url":"https:\/\/interpim.erresse-shop.it\/Import\/Prodotti\/riedel-noblesse-boccale-da-birra.jpg","width":1024,"height":1024,"type":"image\/jpeg"}],"twitter_card":"summary_large_image","twitter_image":"https:\/\/interpim.erresse-shop.it\/Import\/Prodotti\/riedel-noblesse-boccale-da-birra.jpg","schema":{"@context":"https:\/\/schema.org","@graph":[{"@type":"WebPage","@id":"https:\/\/dev6.erresse-shop.it\/de\/shop\/tisch\/trinkglaeser\/riedel-noblesse-bierkrug\/","url":"https:\/\/dev6.erresse-shop.it\/de\/shop\/tisch\/trinkglaeser\/riedel-noblesse-bierkrug\/","name":"RIEDEL Noblesse Bierkrug - dev6 Erresse","isPartOf":{"@id":"https:\/\/dev6.erresse-shop.it\/#website"},"primaryImageOfPage":{"@id":"https:\/\/dev6.erresse-shop.it\/de\/shop\/tisch\/trinkglaeser\/riedel-noblesse-bierkrug\/#primaryimage"},"image":{"@id":"https:\/\/dev6.erresse-shop.it\/de\/shop\/tisch\/trinkglaeser\/riedel-noblesse-bierkrug\/#primaryimage"},"thumbnailUrl":"https:\/\/i3.wp.com\/interpim.erresse-shop.it\/Import\/Prodotti\/riedel-noblesse-boccale-da-birra.jpg?ssl=1","datePublished":"2026-04-04T11:45:07+00:00","description":"Dieser Bierkrug ist der perfekte Begleiter f\u00fcr Bierliebhaber. Gefertigt f\u00fcr alle, die jeden Schluck genie\u00dfen, h\u00e4lt seine robuste Konstruktion Ihr Bier","breadcrumb":{"@id":"https:\/\/dev6.erresse-shop.it\/de\/shop\/tisch\/trinkglaeser\/riedel-noblesse-bierkrug\/#breadcrumb"},"inLanguage":"de","potentialAction":[{"@type":"ReadAction","target":["https:\/\/dev6.erresse-shop.it\/de\/shop\/tisch\/trinkglaeser\/riedel-noblesse-bierkrug\/"]}]},{"@type":"ImageObject","inLanguage":"de","@id":"https:\/\/dev6.erresse-shop.it\/de\/shop\/tisch\/trinkglaeser\/riedel-noblesse-bierkrug\/#primaryimage","url":"https:\/\/i3.wp.com\/interpim.erresse-shop.it\/Import\/Prodotti\/riedel-noblesse-boccale-da-birra.jpg?ssl=1","contentUrl":"https:\/\/i3.wp.com\/interpim.erresse-shop.it\/Import\/Prodotti\/riedel-noblesse-boccale-da-birra.jpg?ssl=1"},{"@type":"BreadcrumbList","@id":"https:\/\/dev6.erresse-shop.it\/de\/shop\/tisch\/trinkglaeser\/riedel-noblesse-bierkrug\/#breadcrumb","itemListElement":[{"@type":"ListItem","position":1,"name":"Home","item":"https:\/\/dev6.erresse-shop.it\/"},{"@type":"ListItem","position":2,"name":"Shop","item":"https:\/\/dev6.erresse-shop.it\/shop\/"},{"@type":"ListItem","position":3,"name":"RIEDEL Noblesse Bierkrug"}]},{"@type":"WebSite","@id":"https:\/\/dev6.erresse-shop.it\/#website","url":"https:\/\/dev6.erresse-shop.it\/","name":"Erresse Shop","description":"","publisher":{"@id":"https:\/\/dev6.erresse-shop.it\/#organization"},"potentialAction":[{"@type":"SearchAction","target":{"@type":"EntryPoint","urlTemplate":"https:\/\/dev6.erresse-shop.it\/?s={search_term_string}"},"query-input":{"@type":"PropertyValueSpecification","valueRequired":true,"valueName":"search_term_string"}}],"inLanguage":"de"},{"@type":"Organization","@id":"https:\/\/dev6.erresse-shop.it\/#organization","name":"Erresse Shop","url":"https:\/\/dev6.erresse-shop.it\/","logo":{"@type":"ImageObject","inLanguage":"de","@id":"https:\/\/dev6.erresse-shop.it\/#\/schema\/logo\/image\/","url":"https:\/\/dev6.erresse-shop.it\/wp-content\/uploads\/2025\/01\/LOGO-ERRESSE-CLASSICO.svg","contentUrl":"https:\/\/dev6.erresse-shop.it\/wp-content\/uploads\/2025\/01\/LOGO-ERRESSE-CLASSICO.svg","caption":"Erresse Shop"},"image":{"@id":"https:\/\/dev6.erresse-shop.it\/#\/schema\/logo\/image\/"}}]}},"df_price":29.9,"df_sale_price":"","df_regular_price":29.9,"df_image_link":"https:\/\/i3.wp.com\/interpim.erresse-shop.it\/Import\/Prodotti\/riedel-noblesse-boccale-da-birra.jpg?resize=300,300&ssl=1","fifu_image_url":"https:\/\/interpim.erresse-shop.it\/Import\/Prodotti\/riedel-noblesse-boccale-da-birra.jpg","_links":{"self":[{"href":"https:\/\/dev6.erresse-shop.it\/de\/wp-json\/wp\/v2\/product\/1601034","targetHints":{"allow":["GET"]}}],"collection":[{"href":"https:\/\/dev6.erresse-shop.it\/de\/wp-json\/wp\/v2\/product"}],"about":[{"href":"https:\/\/dev6.erresse-shop.it\/de\/wp-json\/wp\/v2\/types\/product"}],"wp:featuredmedia":[{"embeddable":true,"href":"https:\/\/dev6.erresse-shop.it\/de\/wp-json\/wp\/v2\/media\/6295125"}],"wp:attachment":[{"href":"https:\/\/dev6.erresse-shop.it\/de\/wp-json\/wp\/v2\/media?parent=1601034"}],"wp:term":[{"taxonomy":"product_cat","embeddable":true,"href":"https:\/\/dev6.erresse-shop.it\/de\/wp-json\/wp\/v2\/product_cat?post=1601034"},{"taxonomy":"product_tag","embeddable":true,"href":"https:\/\/dev6.erresse-shop.it\/de\/wp-json\/wp\/v2\/product_tag?post=1601034"}],"curies":[{"name":"wp","href":"https:\/\/api.w.org\/{rel}","templated":true}]}}