{"id":1601030,"date":"2026-04-10T14:26:08","date_gmt":"2026-04-10T12:26:08","guid":{"rendered":"https:\/\/dev6.erresse-shop.it\/shop\/unkategorisiert\/le-creuset-teekanne-mit-metall-teesieb-1-3-l-orange\/"},"modified":"2025-09-14T03:19:29","modified_gmt":"2025-09-14T01:19:29","slug":"le-creuset-teekanne-mit-metall-teesieb-1-3-l-orange","status":"publish","type":"product","link":"https:\/\/dev6.erresse-shop.it\/de\/shop\/tisch\/teekannen-zuckerdosen-milchkannen\/le-creuset-teekanne-mit-metall-teesieb-1-3-l-orange\/","title":{"rendered":"LE CREUSET Teekanne mit Metall-Teesieb 1.3 L Orange"},"content":{"rendered":"<p>Servieren Sie Ihr Lieblingshei\u00dfgetr\u00e4nk in unserer Edelstahl-Teekanne mit Sieb. Die klassische Form verleiht dem Teeritual einen Vintage-Touch. Dank dieses Elements bleiben die Teebl\u00e4tter in der Teekanne ziehen, ohne sich mit dem Wasser zu vermischen.<\/p>\n<p>Produktdetails:<\/p>\n<p>Immer auf dem neuesten Stand: Unser Steinzeug ist kratzfest und leicht zu reinigen.<br \/>\nPerfekte Verarbeitung: Hergestellt aus hochwertiger Keramik, halten unsere Steinzeugprodukte eine gleichm\u00e4\u00dfige Temperatur und garantieren Langlebigkeit und Langlebigkeit.<br \/>\nEin Regenbogen voller Farben: Erh\u00e4ltlich in einer gro\u00dfen Farbpalette, verleiht unser Sortiment Ihrem Zuhause einen Hauch von Farbe. K\u00fcche.<br \/>\nF\u00fcr Hei\u00dfes und Kaltes geeignet: Unser Steinzeug ist hitzebest\u00e4ndig von -23 \u00b0C bis &#43;260 \u00b0C.<br \/>\nKlassenbester: Unsere Produkte werden aus den hochwertigsten Materialien in Fabriken weltweit hergestellt, um die Qualit\u00e4t zu gew\u00e4hrleisten, die Sie von Le Creuset erwarten.<\/p>\n<p>Material: Steinzeug<\/p>\n<p>Hergestellt in: China<\/p>\n<p>Garantie: 10 Jahre<\/p>\n<p>Fassungsverm\u00f6gen: 1,3 l<\/p>\n<p>W\u00e4rmequelle:<\/p>\n<p>Grillfunktion<\/p>\n<p>Reinigung und Pflege:<\/p>\n<p>Warten Sie, bis das Produkt vollst\u00e4ndig abgek\u00fchlt ist, bevor Sie mit der Reinigung beginnen.<br \/>\nEntfernen Sie alle R\u00fcckst\u00e4nde vom Boden und den Seiten des Produkts. Bei hartn\u00e4ckigen Speiseresten f\u00fcllen Sie das Produkt mit warmem Seifenwasser und lassen es 15\u201320 Minuten einweichen, bevor Sie es wie gewohnt sp\u00fclen.<br \/>\nMit der Hand sp\u00fclen und trocknen. Oder geben Sie Ihr Steinzeugprodukt f\u00fcr einen vollst\u00e4ndigen Sp\u00fclgang in die Sp\u00fclmaschine.<\/p>\n","protected":false},"excerpt":{"rendered":"<p>Servieren Sie Ihr Lieblingshei\u00dfgetr\u00e4nk in unserer Edelstahl-Teekanne mit Sieb. Die klassische Form verleiht dem Teeritual einen Vintage-Touch. Dank dieses Elements bleiben die Teebl\u00e4tter in der Teekanne ziehen, ohne sich mit dem Wasser zu vermischen. Produktdetails: Immer auf dem neuesten Stand: Unser Steinzeug ist kratzfest und leicht zu reinigen. Perfekte Verarbeitung: Hergestellt aus hochwertiger Keramik, halten [&hellip;]<\/p>\n","protected":false},"featured_media":6336735,"template":"","meta":{"_acf_changed":false},"product_cat":[12114,12103],"product_tag":[],"class_list":{"0":"post-1601030","1":"product","2":"type-product","3":"status-publish","4":"has-post-thumbnail","6":"product_cat-teekannen-zuckerdosen-milchkannen","7":"product_cat-tisch","9":"first","10":"instock","11":"sale","12":"taxable","13":"shipping-taxable","14":"purchasable","15":"product-type-simple","swatches":"rey-swatches","show_selected":"","stretch_labels":"rey-swatches--stretch-labels"},"acf":[],"yoast_head":"<!-- This site is optimized with the Yoast SEO plugin v25.4 - https:\/\/yoast.com\/wordpress\/plugins\/seo\/ -->\n<title>LE CREUSET Teekanne mit Metall-Teesieb 1.3 L Orange - dev6 Erresse<\/title>\n<meta name=\"description\" content=\"Servieren Sie Ihr Lieblingshei\u00dfgetr\u00e4nk in unserer Edelstahl-Teekanne mit Sieb. Die klassische Form verleiht dem Teeritual einen Vintage-Touch. Dank dieses\" \/>\n<meta name=\"robots\" content=\"noindex, follow, max-snippet:-1, max-image-preview:large, max-video-preview:-1\" \/>\n<meta property=\"og:locale\" content=\"de_DE\" \/>\n<meta property=\"og:type\" content=\"article\" \/>\n<meta property=\"og:title\" content=\"LE CREUSET Teekanne mit Metall-Teesieb 1.3 L Orange - dev6 Erresse\" \/>\n<meta property=\"og:description\" content=\"Servieren Sie Ihr Lieblingshei\u00dfgetr\u00e4nk in unserer Edelstahl-Teekanne mit Sieb. Die klassische Form verleiht dem Teeritual einen Vintage-Touch. Dank dieses\" \/>\n<meta property=\"og:url\" content=\"https:\/\/dev6.erresse-shop.it\/de\/shop\/tisch\/teekannen-zuckerdosen-milchkannen\/le-creuset-teekanne-mit-metall-teesieb-1-3-l-orange\/\" \/>\n<meta property=\"og:site_name\" content=\"dev6 Erresse\" \/>\n<meta property=\"og:image\" content=\"https:\/\/interpim.erresse-shop.it\/Import\/Prodotti\/le-creuset-teiera-con-infusore-di-metallo-1.3-l-arancio.jpg\" \/><meta property=\"og:image\" content=\"https:\/\/interpim.erresse-shop.it\/Import\/Prodotti\/le-creuset-teiera-con-infusore-di-metallo-1.3-l-arancio.jpg\" \/>\n\t<meta property=\"og:image:width\" content=\"1024\" \/>\n\t<meta property=\"og:image:height\" content=\"1024\" \/>\n\t<meta property=\"og:image:type\" content=\"image\/jpeg\" \/>\n<meta name=\"twitter:card\" content=\"summary_large_image\" \/>\n<meta name=\"twitter:image\" content=\"https:\/\/interpim.erresse-shop.it\/Import\/Prodotti\/le-creuset-teiera-con-infusore-di-metallo-1.3-l-arancio.jpg\" \/>\n<script type=\"application\/ld+json\" class=\"yoast-schema-graph\">{\"@context\":\"https:\/\/schema.org\",\"@graph\":[{\"@type\":\"WebPage\",\"@id\":\"https:\/\/dev6.erresse-shop.it\/de\/shop\/tisch\/teekannen-zuckerdosen-milchkannen\/le-creuset-teekanne-mit-metall-teesieb-1-3-l-orange\/\",\"url\":\"https:\/\/dev6.erresse-shop.it\/de\/shop\/tisch\/teekannen-zuckerdosen-milchkannen\/le-creuset-teekanne-mit-metall-teesieb-1-3-l-orange\/\",\"name\":\"LE CREUSET Teekanne mit Metall-Teesieb 1.3 L Orange - dev6 Erresse\",\"isPartOf\":{\"@id\":\"https:\/\/dev6.erresse-shop.it\/#website\"},\"primaryImageOfPage\":{\"@id\":\"https:\/\/dev6.erresse-shop.it\/de\/shop\/tisch\/teekannen-zuckerdosen-milchkannen\/le-creuset-teekanne-mit-metall-teesieb-1-3-l-orange\/#primaryimage\"},\"image\":{\"@id\":\"https:\/\/dev6.erresse-shop.it\/de\/shop\/tisch\/teekannen-zuckerdosen-milchkannen\/le-creuset-teekanne-mit-metall-teesieb-1-3-l-orange\/#primaryimage\"},\"thumbnailUrl\":\"https:\/\/i3.wp.com\/interpim.erresse-shop.it\/Import\/Prodotti\/le-creuset-teiera-con-infusore-di-metallo-1.3-l-arancio.jpg?ssl=1\",\"datePublished\":\"2026-04-10T12:26:08+00:00\",\"description\":\"Servieren Sie Ihr Lieblingshei\u00dfgetr\u00e4nk in unserer Edelstahl-Teekanne mit Sieb. Die klassische Form verleiht dem Teeritual einen Vintage-Touch. Dank dieses\",\"breadcrumb\":{\"@id\":\"https:\/\/dev6.erresse-shop.it\/de\/shop\/tisch\/teekannen-zuckerdosen-milchkannen\/le-creuset-teekanne-mit-metall-teesieb-1-3-l-orange\/#breadcrumb\"},\"inLanguage\":\"de\",\"potentialAction\":[{\"@type\":\"ReadAction\",\"target\":[\"https:\/\/dev6.erresse-shop.it\/de\/shop\/tisch\/teekannen-zuckerdosen-milchkannen\/le-creuset-teekanne-mit-metall-teesieb-1-3-l-orange\/\"]}]},{\"@type\":\"ImageObject\",\"inLanguage\":\"de\",\"@id\":\"https:\/\/dev6.erresse-shop.it\/de\/shop\/tisch\/teekannen-zuckerdosen-milchkannen\/le-creuset-teekanne-mit-metall-teesieb-1-3-l-orange\/#primaryimage\",\"url\":\"https:\/\/i3.wp.com\/interpim.erresse-shop.it\/Import\/Prodotti\/le-creuset-teiera-con-infusore-di-metallo-1.3-l-arancio.jpg?ssl=1\",\"contentUrl\":\"https:\/\/i3.wp.com\/interpim.erresse-shop.it\/Import\/Prodotti\/le-creuset-teiera-con-infusore-di-metallo-1.3-l-arancio.jpg?ssl=1\"},{\"@type\":\"BreadcrumbList\",\"@id\":\"https:\/\/dev6.erresse-shop.it\/de\/shop\/tisch\/teekannen-zuckerdosen-milchkannen\/le-creuset-teekanne-mit-metall-teesieb-1-3-l-orange\/#breadcrumb\",\"itemListElement\":[{\"@type\":\"ListItem\",\"position\":1,\"name\":\"Home\",\"item\":\"https:\/\/dev6.erresse-shop.it\/\"},{\"@type\":\"ListItem\",\"position\":2,\"name\":\"Shop\",\"item\":\"https:\/\/dev6.erresse-shop.it\/shop\/\"},{\"@type\":\"ListItem\",\"position\":3,\"name\":\"LE CREUSET Teekanne mit Metall-Teesieb 1.3 L Orange\"}]},{\"@type\":\"WebSite\",\"@id\":\"https:\/\/dev6.erresse-shop.it\/#website\",\"url\":\"https:\/\/dev6.erresse-shop.it\/\",\"name\":\"Erresse Shop\",\"description\":\"\",\"publisher\":{\"@id\":\"https:\/\/dev6.erresse-shop.it\/#organization\"},\"potentialAction\":[{\"@type\":\"SearchAction\",\"target\":{\"@type\":\"EntryPoint\",\"urlTemplate\":\"https:\/\/dev6.erresse-shop.it\/?s={search_term_string}\"},\"query-input\":{\"@type\":\"PropertyValueSpecification\",\"valueRequired\":true,\"valueName\":\"search_term_string\"}}],\"inLanguage\":\"de\"},{\"@type\":\"Organization\",\"@id\":\"https:\/\/dev6.erresse-shop.it\/#organization\",\"name\":\"Erresse Shop\",\"url\":\"https:\/\/dev6.erresse-shop.it\/\",\"logo\":{\"@type\":\"ImageObject\",\"inLanguage\":\"de\",\"@id\":\"https:\/\/dev6.erresse-shop.it\/#\/schema\/logo\/image\/\",\"url\":\"https:\/\/dev6.erresse-shop.it\/wp-content\/uploads\/2025\/01\/LOGO-ERRESSE-CLASSICO.svg\",\"contentUrl\":\"https:\/\/dev6.erresse-shop.it\/wp-content\/uploads\/2025\/01\/LOGO-ERRESSE-CLASSICO.svg\",\"caption\":\"Erresse Shop\"},\"image\":{\"@id\":\"https:\/\/dev6.erresse-shop.it\/#\/schema\/logo\/image\/\"}}]}<\/script>\n<!-- \/ Yoast SEO plugin. -->","yoast_head_json":{"title":"LE CREUSET Teekanne mit Metall-Teesieb 1.3 L Orange - dev6 Erresse","description":"Servieren Sie Ihr Lieblingshei\u00dfgetr\u00e4nk in unserer Edelstahl-Teekanne mit Sieb. Die klassische Form verleiht dem Teeritual einen Vintage-Touch. Dank dieses","robots":{"index":"noindex","follow":"follow","max-snippet":"max-snippet:-1","max-image-preview":"max-image-preview:large","max-video-preview":"max-video-preview:-1"},"og_locale":"de_DE","og_type":"article","og_title":"LE CREUSET Teekanne mit Metall-Teesieb 1.3 L Orange - dev6 Erresse","og_description":"Servieren Sie Ihr Lieblingshei\u00dfgetr\u00e4nk in unserer Edelstahl-Teekanne mit Sieb. Die klassische Form verleiht dem Teeritual einen Vintage-Touch. Dank dieses","og_url":"https:\/\/dev6.erresse-shop.it\/de\/shop\/tisch\/teekannen-zuckerdosen-milchkannen\/le-creuset-teekanne-mit-metall-teesieb-1-3-l-orange\/","og_site_name":"dev6 Erresse","og_image":[{"url":"https:\/\/interpim.erresse-shop.it\/Import\/Prodotti\/le-creuset-teiera-con-infusore-di-metallo-1.3-l-arancio.jpg","type":"","width":"","height":""},{"url":"https:\/\/interpim.erresse-shop.it\/Import\/Prodotti\/le-creuset-teiera-con-infusore-di-metallo-1.3-l-arancio.jpg","width":1024,"height":1024,"type":"image\/jpeg"}],"twitter_card":"summary_large_image","twitter_image":"https:\/\/interpim.erresse-shop.it\/Import\/Prodotti\/le-creuset-teiera-con-infusore-di-metallo-1.3-l-arancio.jpg","schema":{"@context":"https:\/\/schema.org","@graph":[{"@type":"WebPage","@id":"https:\/\/dev6.erresse-shop.it\/de\/shop\/tisch\/teekannen-zuckerdosen-milchkannen\/le-creuset-teekanne-mit-metall-teesieb-1-3-l-orange\/","url":"https:\/\/dev6.erresse-shop.it\/de\/shop\/tisch\/teekannen-zuckerdosen-milchkannen\/le-creuset-teekanne-mit-metall-teesieb-1-3-l-orange\/","name":"LE CREUSET Teekanne mit Metall-Teesieb 1.3 L Orange - dev6 Erresse","isPartOf":{"@id":"https:\/\/dev6.erresse-shop.it\/#website"},"primaryImageOfPage":{"@id":"https:\/\/dev6.erresse-shop.it\/de\/shop\/tisch\/teekannen-zuckerdosen-milchkannen\/le-creuset-teekanne-mit-metall-teesieb-1-3-l-orange\/#primaryimage"},"image":{"@id":"https:\/\/dev6.erresse-shop.it\/de\/shop\/tisch\/teekannen-zuckerdosen-milchkannen\/le-creuset-teekanne-mit-metall-teesieb-1-3-l-orange\/#primaryimage"},"thumbnailUrl":"https:\/\/i3.wp.com\/interpim.erresse-shop.it\/Import\/Prodotti\/le-creuset-teiera-con-infusore-di-metallo-1.3-l-arancio.jpg?ssl=1","datePublished":"2026-04-10T12:26:08+00:00","description":"Servieren Sie Ihr Lieblingshei\u00dfgetr\u00e4nk in unserer Edelstahl-Teekanne mit Sieb. Die klassische Form verleiht dem Teeritual einen Vintage-Touch. Dank dieses","breadcrumb":{"@id":"https:\/\/dev6.erresse-shop.it\/de\/shop\/tisch\/teekannen-zuckerdosen-milchkannen\/le-creuset-teekanne-mit-metall-teesieb-1-3-l-orange\/#breadcrumb"},"inLanguage":"de","potentialAction":[{"@type":"ReadAction","target":["https:\/\/dev6.erresse-shop.it\/de\/shop\/tisch\/teekannen-zuckerdosen-milchkannen\/le-creuset-teekanne-mit-metall-teesieb-1-3-l-orange\/"]}]},{"@type":"ImageObject","inLanguage":"de","@id":"https:\/\/dev6.erresse-shop.it\/de\/shop\/tisch\/teekannen-zuckerdosen-milchkannen\/le-creuset-teekanne-mit-metall-teesieb-1-3-l-orange\/#primaryimage","url":"https:\/\/i3.wp.com\/interpim.erresse-shop.it\/Import\/Prodotti\/le-creuset-teiera-con-infusore-di-metallo-1.3-l-arancio.jpg?ssl=1","contentUrl":"https:\/\/i3.wp.com\/interpim.erresse-shop.it\/Import\/Prodotti\/le-creuset-teiera-con-infusore-di-metallo-1.3-l-arancio.jpg?ssl=1"},{"@type":"BreadcrumbList","@id":"https:\/\/dev6.erresse-shop.it\/de\/shop\/tisch\/teekannen-zuckerdosen-milchkannen\/le-creuset-teekanne-mit-metall-teesieb-1-3-l-orange\/#breadcrumb","itemListElement":[{"@type":"ListItem","position":1,"name":"Home","item":"https:\/\/dev6.erresse-shop.it\/"},{"@type":"ListItem","position":2,"name":"Shop","item":"https:\/\/dev6.erresse-shop.it\/shop\/"},{"@type":"ListItem","position":3,"name":"LE CREUSET Teekanne mit Metall-Teesieb 1.3 L Orange"}]},{"@type":"WebSite","@id":"https:\/\/dev6.erresse-shop.it\/#website","url":"https:\/\/dev6.erresse-shop.it\/","name":"Erresse Shop","description":"","publisher":{"@id":"https:\/\/dev6.erresse-shop.it\/#organization"},"potentialAction":[{"@type":"SearchAction","target":{"@type":"EntryPoint","urlTemplate":"https:\/\/dev6.erresse-shop.it\/?s={search_term_string}"},"query-input":{"@type":"PropertyValueSpecification","valueRequired":true,"valueName":"search_term_string"}}],"inLanguage":"de"},{"@type":"Organization","@id":"https:\/\/dev6.erresse-shop.it\/#organization","name":"Erresse Shop","url":"https:\/\/dev6.erresse-shop.it\/","logo":{"@type":"ImageObject","inLanguage":"de","@id":"https:\/\/dev6.erresse-shop.it\/#\/schema\/logo\/image\/","url":"https:\/\/dev6.erresse-shop.it\/wp-content\/uploads\/2025\/01\/LOGO-ERRESSE-CLASSICO.svg","contentUrl":"https:\/\/dev6.erresse-shop.it\/wp-content\/uploads\/2025\/01\/LOGO-ERRESSE-CLASSICO.svg","caption":"Erresse Shop"},"image":{"@id":"https:\/\/dev6.erresse-shop.it\/#\/schema\/logo\/image\/"}}]}},"df_price":69.95,"df_sale_price":69.95,"df_regular_price":75,"df_image_link":"https:\/\/i3.wp.com\/interpim.erresse-shop.it\/Import\/Prodotti\/le-creuset-teiera-con-infusore-di-metallo-1.3-l-arancio.jpg?resize=300,300&ssl=1","fifu_image_url":"https:\/\/interpim.erresse-shop.it\/Import\/Prodotti\/le-creuset-teiera-con-infusore-di-metallo-1.3-l-arancio.jpg","_links":{"self":[{"href":"https:\/\/dev6.erresse-shop.it\/de\/wp-json\/wp\/v2\/product\/1601030","targetHints":{"allow":["GET"]}}],"collection":[{"href":"https:\/\/dev6.erresse-shop.it\/de\/wp-json\/wp\/v2\/product"}],"about":[{"href":"https:\/\/dev6.erresse-shop.it\/de\/wp-json\/wp\/v2\/types\/product"}],"wp:featuredmedia":[{"embeddable":true,"href":"https:\/\/dev6.erresse-shop.it\/de\/wp-json\/wp\/v2\/media\/6336735"}],"wp:attachment":[{"href":"https:\/\/dev6.erresse-shop.it\/de\/wp-json\/wp\/v2\/media?parent=1601030"}],"wp:term":[{"taxonomy":"product_cat","embeddable":true,"href":"https:\/\/dev6.erresse-shop.it\/de\/wp-json\/wp\/v2\/product_cat?post=1601030"},{"taxonomy":"product_tag","embeddable":true,"href":"https:\/\/dev6.erresse-shop.it\/de\/wp-json\/wp\/v2\/product_tag?post=1601030"}],"curies":[{"name":"wp","href":"https:\/\/api.w.org\/{rel}","templated":true}]}}