{"id":1601024,"date":"2026-04-12T13:44:42","date_gmt":"2026-04-12T11:44:42","guid":{"rendered":"https:\/\/dev6.erresse-shop.it\/shop\/unkategorisiert\/le-creuset-4er-set-mini-cocottes-10-cm-azure\/"},"modified":"2025-09-14T03:19:10","modified_gmt":"2025-09-14T01:19:10","slug":"le-creuset-4er-set-mini-cocottes-10-cm-azure","status":"publish","type":"product","link":"https:\/\/dev6.erresse-shop.it\/de\/shop\/toepfe-pfannen\/schalldaempfer-und-kokotten\/le-creuset-4er-set-mini-cocottes-10-cm-azure\/","title":{"rendered":"LE CREUSET 4er-Set Mini-Cocottes 10 cm Azure"},"content":{"rendered":"<p>Dieses Set aus vier Mini-Cocottes zaubert Ihnen ein L\u00e4cheln ins Gesicht. Die s\u00fc\u00dfen Cocottes aus hochwertigem Le Creuset Steinzeug sind sp\u00fclmaschinen-, ofen-, mikrowellen- und gefriergeeignet. Servieren Sie darin Snacks, Vorspeisen, Desserts und H\u00e4ppchen.<\/p>\n<p style=\"text-align: justify;\">Produktdetails:<\/p>\n<p>Immer auf dem neuesten Stand: Unser Steinzeug ist kratzfest und leicht zu reinigen.<br \/>\nPerfekt verarbeitet: Hergestellt aus hochwertiger Keramik, halten unsere Steinzeugprodukte eine gleichm\u00e4\u00dfige Temperatur und sind robust und langlebig.<br \/>\nEine moderne Ikone: Mit dem unverwechselbaren Drei-Ring-Design passt dieses Produkt zu unserem legend\u00e4ren Gusseisen-Kochgeschirr und ist die perfekte Erg\u00e4nzung Ihrer Le Creuset Kollektion.<br \/>\nF\u00fcr Hei\u00dfes und Kaltes geeignet: Unser Steinzeug ist hitzebest\u00e4ndig von -23 \u00b0C bis &#43;260 \u00b0C.<br \/>\nKlassenbester: Unsere Produkte werden aus den besten Materialien in Manufakturen weltweit gefertigt, um die Qualit\u00e4t zu gew\u00e4hrleisten, die Sie von Le Creuset erwarten.<\/p>\n<p>Material: Steinzeug<br \/>\nHergestellt in: Thailand<br \/>\nGarantie: 10 Jahre<\/p>\n<p>Fassungsverm\u00f6gen: 0.25 L<\/p>\n<p>W\u00e4rmequelle:<\/p>\n<p>Backofen<br \/>\nGrillfunktion<br \/>\nMikrowelle<\/p>\n<p>Reinigung und Pflege:<\/p>\n<p>Warten Sie, bis das Produkt vollst\u00e4ndig abgek\u00fchlt ist, bevor Sie mit der Reinigung beginnen.<br \/>\nEntfernen Sie alle R\u00fcckst\u00e4nde vom Boden und den Seiten des Produkts. Bei hartn\u00e4ckigen Speiseresten f\u00fcllen Sie das Produkt mit warmem Seifenwasser und lassen Sie es 15\u201320 Minuten einweichen, bevor Sie es wie gewohnt sp\u00fclen.<br \/>\nVon Hand sp\u00fclen und abtrocknen. Oder geben Sie Ihr Steinzeugprodukt f\u00fcr einen vollst\u00e4ndigen Sp\u00fclgang in die Sp\u00fclmaschine.<\/p>\n","protected":false},"excerpt":{"rendered":"<p>Dieses Set aus vier Mini-Cocottes zaubert Ihnen ein L\u00e4cheln ins Gesicht. Die s\u00fc\u00dfen Cocottes aus hochwertigem Le Creuset Steinzeug sind sp\u00fclmaschinen-, ofen-, mikrowellen- und gefriergeeignet. Servieren Sie darin Snacks, Vorspeisen, Desserts und H\u00e4ppchen. Produktdetails: Immer auf dem neuesten Stand: Unser Steinzeug ist kratzfest und leicht zu reinigen. Perfekt verarbeitet: Hergestellt aus hochwertiger Keramik, halten unsere [&hellip;]<\/p>\n","protected":false},"featured_media":6378325,"template":"","meta":{"_acf_changed":false},"product_cat":[12108,12099],"product_tag":[],"class_list":{"0":"post-1601024","1":"product","2":"type-product","3":"status-publish","4":"has-post-thumbnail","6":"product_cat-schalldaempfer-und-kokotten","7":"product_cat-toepfe-pfannen","9":"first","10":"instock","11":"sale","12":"taxable","13":"shipping-taxable","14":"purchasable","15":"product-type-simple","swatches":"rey-swatches","show_selected":"","stretch_labels":"rey-swatches--stretch-labels"},"acf":[],"yoast_head":"<!-- This site is optimized with the Yoast SEO plugin v25.4 - https:\/\/yoast.com\/wordpress\/plugins\/seo\/ -->\n<title>LE CREUSET 4er-Set Mini-Cocottes 10 cm Azure - dev6 Erresse<\/title>\n<meta name=\"description\" content=\"Dieses Set aus vier Mini-Cocottes zaubert Ihnen ein L\u00e4cheln ins Gesicht. Die s\u00fc\u00dfen Cocottes aus hochwertigem Le Creuset Steinzeug sind sp\u00fclmaschinen-,\" \/>\n<meta name=\"robots\" content=\"noindex, follow, max-snippet:-1, max-image-preview:large, max-video-preview:-1\" \/>\n<meta property=\"og:locale\" content=\"de_DE\" \/>\n<meta property=\"og:type\" content=\"article\" \/>\n<meta property=\"og:title\" content=\"LE CREUSET 4er-Set Mini-Cocottes 10 cm Azure - dev6 Erresse\" \/>\n<meta property=\"og:description\" content=\"Dieses Set aus vier Mini-Cocottes zaubert Ihnen ein L\u00e4cheln ins Gesicht. Die s\u00fc\u00dfen Cocottes aus hochwertigem Le Creuset Steinzeug sind sp\u00fclmaschinen-,\" \/>\n<meta property=\"og:url\" content=\"https:\/\/dev6.erresse-shop.it\/de\/shop\/toepfe-pfannen\/schalldaempfer-und-kokotten\/le-creuset-4er-set-mini-cocottes-10-cm-azure\/\" \/>\n<meta property=\"og:site_name\" content=\"dev6 Erresse\" \/>\n<meta property=\"og:image\" content=\"https:\/\/interpim.erresse-shop.it\/Import\/Prodotti\/le-creuset-set-4-mini-cocotte-10-cm-azure.jpg\" \/><meta property=\"og:image\" content=\"https:\/\/interpim.erresse-shop.it\/Import\/Prodotti\/le-creuset-set-4-mini-cocotte-10-cm-azure.jpg\" \/>\n\t<meta property=\"og:image:width\" content=\"1024\" \/>\n\t<meta property=\"og:image:height\" content=\"1024\" \/>\n\t<meta property=\"og:image:type\" content=\"image\/jpeg\" \/>\n<meta name=\"twitter:card\" content=\"summary_large_image\" \/>\n<meta name=\"twitter:image\" content=\"https:\/\/interpim.erresse-shop.it\/Import\/Prodotti\/le-creuset-set-4-mini-cocotte-10-cm-azure.jpg\" \/>\n<script type=\"application\/ld+json\" class=\"yoast-schema-graph\">{\"@context\":\"https:\/\/schema.org\",\"@graph\":[{\"@type\":\"WebPage\",\"@id\":\"https:\/\/dev6.erresse-shop.it\/de\/shop\/toepfe-pfannen\/schalldaempfer-und-kokotten\/le-creuset-4er-set-mini-cocottes-10-cm-azure\/\",\"url\":\"https:\/\/dev6.erresse-shop.it\/de\/shop\/toepfe-pfannen\/schalldaempfer-und-kokotten\/le-creuset-4er-set-mini-cocottes-10-cm-azure\/\",\"name\":\"LE CREUSET 4er-Set Mini-Cocottes 10 cm Azure - dev6 Erresse\",\"isPartOf\":{\"@id\":\"https:\/\/dev6.erresse-shop.it\/#website\"},\"primaryImageOfPage\":{\"@id\":\"https:\/\/dev6.erresse-shop.it\/de\/shop\/toepfe-pfannen\/schalldaempfer-und-kokotten\/le-creuset-4er-set-mini-cocottes-10-cm-azure\/#primaryimage\"},\"image\":{\"@id\":\"https:\/\/dev6.erresse-shop.it\/de\/shop\/toepfe-pfannen\/schalldaempfer-und-kokotten\/le-creuset-4er-set-mini-cocottes-10-cm-azure\/#primaryimage\"},\"thumbnailUrl\":\"https:\/\/i2.wp.com\/interpim.erresse-shop.it\/Import\/Prodotti\/le-creuset-set-4-mini-cocotte-10-cm-azure.jpg?ssl=1\",\"datePublished\":\"2026-04-12T11:44:42+00:00\",\"description\":\"Dieses Set aus vier Mini-Cocottes zaubert Ihnen ein L\u00e4cheln ins Gesicht. Die s\u00fc\u00dfen Cocottes aus hochwertigem Le Creuset Steinzeug sind sp\u00fclmaschinen-,\",\"breadcrumb\":{\"@id\":\"https:\/\/dev6.erresse-shop.it\/de\/shop\/toepfe-pfannen\/schalldaempfer-und-kokotten\/le-creuset-4er-set-mini-cocottes-10-cm-azure\/#breadcrumb\"},\"inLanguage\":\"de\",\"potentialAction\":[{\"@type\":\"ReadAction\",\"target\":[\"https:\/\/dev6.erresse-shop.it\/de\/shop\/toepfe-pfannen\/schalldaempfer-und-kokotten\/le-creuset-4er-set-mini-cocottes-10-cm-azure\/\"]}]},{\"@type\":\"ImageObject\",\"inLanguage\":\"de\",\"@id\":\"https:\/\/dev6.erresse-shop.it\/de\/shop\/toepfe-pfannen\/schalldaempfer-und-kokotten\/le-creuset-4er-set-mini-cocottes-10-cm-azure\/#primaryimage\",\"url\":\"https:\/\/i2.wp.com\/interpim.erresse-shop.it\/Import\/Prodotti\/le-creuset-set-4-mini-cocotte-10-cm-azure.jpg?ssl=1\",\"contentUrl\":\"https:\/\/i2.wp.com\/interpim.erresse-shop.it\/Import\/Prodotti\/le-creuset-set-4-mini-cocotte-10-cm-azure.jpg?ssl=1\"},{\"@type\":\"BreadcrumbList\",\"@id\":\"https:\/\/dev6.erresse-shop.it\/de\/shop\/toepfe-pfannen\/schalldaempfer-und-kokotten\/le-creuset-4er-set-mini-cocottes-10-cm-azure\/#breadcrumb\",\"itemListElement\":[{\"@type\":\"ListItem\",\"position\":1,\"name\":\"Home\",\"item\":\"https:\/\/dev6.erresse-shop.it\/\"},{\"@type\":\"ListItem\",\"position\":2,\"name\":\"Shop\",\"item\":\"https:\/\/dev6.erresse-shop.it\/shop\/\"},{\"@type\":\"ListItem\",\"position\":3,\"name\":\"LE CREUSET 4er-Set Mini-Cocottes 10 cm Azure\"}]},{\"@type\":\"WebSite\",\"@id\":\"https:\/\/dev6.erresse-shop.it\/#website\",\"url\":\"https:\/\/dev6.erresse-shop.it\/\",\"name\":\"Erresse Shop\",\"description\":\"\",\"publisher\":{\"@id\":\"https:\/\/dev6.erresse-shop.it\/#organization\"},\"potentialAction\":[{\"@type\":\"SearchAction\",\"target\":{\"@type\":\"EntryPoint\",\"urlTemplate\":\"https:\/\/dev6.erresse-shop.it\/?s={search_term_string}\"},\"query-input\":{\"@type\":\"PropertyValueSpecification\",\"valueRequired\":true,\"valueName\":\"search_term_string\"}}],\"inLanguage\":\"de\"},{\"@type\":\"Organization\",\"@id\":\"https:\/\/dev6.erresse-shop.it\/#organization\",\"name\":\"Erresse Shop\",\"url\":\"https:\/\/dev6.erresse-shop.it\/\",\"logo\":{\"@type\":\"ImageObject\",\"inLanguage\":\"de\",\"@id\":\"https:\/\/dev6.erresse-shop.it\/#\/schema\/logo\/image\/\",\"url\":\"https:\/\/dev6.erresse-shop.it\/wp-content\/uploads\/2025\/01\/LOGO-ERRESSE-CLASSICO.svg\",\"contentUrl\":\"https:\/\/dev6.erresse-shop.it\/wp-content\/uploads\/2025\/01\/LOGO-ERRESSE-CLASSICO.svg\",\"caption\":\"Erresse Shop\"},\"image\":{\"@id\":\"https:\/\/dev6.erresse-shop.it\/#\/schema\/logo\/image\/\"}}]}<\/script>\n<!-- \/ Yoast SEO plugin. -->","yoast_head_json":{"title":"LE CREUSET 4er-Set Mini-Cocottes 10 cm Azure - dev6 Erresse","description":"Dieses Set aus vier Mini-Cocottes zaubert Ihnen ein L\u00e4cheln ins Gesicht. Die s\u00fc\u00dfen Cocottes aus hochwertigem Le Creuset Steinzeug sind sp\u00fclmaschinen-,","robots":{"index":"noindex","follow":"follow","max-snippet":"max-snippet:-1","max-image-preview":"max-image-preview:large","max-video-preview":"max-video-preview:-1"},"og_locale":"de_DE","og_type":"article","og_title":"LE CREUSET 4er-Set Mini-Cocottes 10 cm Azure - dev6 Erresse","og_description":"Dieses Set aus vier Mini-Cocottes zaubert Ihnen ein L\u00e4cheln ins Gesicht. Die s\u00fc\u00dfen Cocottes aus hochwertigem Le Creuset Steinzeug sind sp\u00fclmaschinen-,","og_url":"https:\/\/dev6.erresse-shop.it\/de\/shop\/toepfe-pfannen\/schalldaempfer-und-kokotten\/le-creuset-4er-set-mini-cocottes-10-cm-azure\/","og_site_name":"dev6 Erresse","og_image":[{"url":"https:\/\/interpim.erresse-shop.it\/Import\/Prodotti\/le-creuset-set-4-mini-cocotte-10-cm-azure.jpg","type":"","width":"","height":""},{"url":"https:\/\/interpim.erresse-shop.it\/Import\/Prodotti\/le-creuset-set-4-mini-cocotte-10-cm-azure.jpg","width":1024,"height":1024,"type":"image\/jpeg"}],"twitter_card":"summary_large_image","twitter_image":"https:\/\/interpim.erresse-shop.it\/Import\/Prodotti\/le-creuset-set-4-mini-cocotte-10-cm-azure.jpg","schema":{"@context":"https:\/\/schema.org","@graph":[{"@type":"WebPage","@id":"https:\/\/dev6.erresse-shop.it\/de\/shop\/toepfe-pfannen\/schalldaempfer-und-kokotten\/le-creuset-4er-set-mini-cocottes-10-cm-azure\/","url":"https:\/\/dev6.erresse-shop.it\/de\/shop\/toepfe-pfannen\/schalldaempfer-und-kokotten\/le-creuset-4er-set-mini-cocottes-10-cm-azure\/","name":"LE CREUSET 4er-Set Mini-Cocottes 10 cm Azure - dev6 Erresse","isPartOf":{"@id":"https:\/\/dev6.erresse-shop.it\/#website"},"primaryImageOfPage":{"@id":"https:\/\/dev6.erresse-shop.it\/de\/shop\/toepfe-pfannen\/schalldaempfer-und-kokotten\/le-creuset-4er-set-mini-cocottes-10-cm-azure\/#primaryimage"},"image":{"@id":"https:\/\/dev6.erresse-shop.it\/de\/shop\/toepfe-pfannen\/schalldaempfer-und-kokotten\/le-creuset-4er-set-mini-cocottes-10-cm-azure\/#primaryimage"},"thumbnailUrl":"https:\/\/i2.wp.com\/interpim.erresse-shop.it\/Import\/Prodotti\/le-creuset-set-4-mini-cocotte-10-cm-azure.jpg?ssl=1","datePublished":"2026-04-12T11:44:42+00:00","description":"Dieses Set aus vier Mini-Cocottes zaubert Ihnen ein L\u00e4cheln ins Gesicht. Die s\u00fc\u00dfen Cocottes aus hochwertigem Le Creuset Steinzeug sind sp\u00fclmaschinen-,","breadcrumb":{"@id":"https:\/\/dev6.erresse-shop.it\/de\/shop\/toepfe-pfannen\/schalldaempfer-und-kokotten\/le-creuset-4er-set-mini-cocottes-10-cm-azure\/#breadcrumb"},"inLanguage":"de","potentialAction":[{"@type":"ReadAction","target":["https:\/\/dev6.erresse-shop.it\/de\/shop\/toepfe-pfannen\/schalldaempfer-und-kokotten\/le-creuset-4er-set-mini-cocottes-10-cm-azure\/"]}]},{"@type":"ImageObject","inLanguage":"de","@id":"https:\/\/dev6.erresse-shop.it\/de\/shop\/toepfe-pfannen\/schalldaempfer-und-kokotten\/le-creuset-4er-set-mini-cocottes-10-cm-azure\/#primaryimage","url":"https:\/\/i2.wp.com\/interpim.erresse-shop.it\/Import\/Prodotti\/le-creuset-set-4-mini-cocotte-10-cm-azure.jpg?ssl=1","contentUrl":"https:\/\/i2.wp.com\/interpim.erresse-shop.it\/Import\/Prodotti\/le-creuset-set-4-mini-cocotte-10-cm-azure.jpg?ssl=1"},{"@type":"BreadcrumbList","@id":"https:\/\/dev6.erresse-shop.it\/de\/shop\/toepfe-pfannen\/schalldaempfer-und-kokotten\/le-creuset-4er-set-mini-cocottes-10-cm-azure\/#breadcrumb","itemListElement":[{"@type":"ListItem","position":1,"name":"Home","item":"https:\/\/dev6.erresse-shop.it\/"},{"@type":"ListItem","position":2,"name":"Shop","item":"https:\/\/dev6.erresse-shop.it\/shop\/"},{"@type":"ListItem","position":3,"name":"LE CREUSET 4er-Set Mini-Cocottes 10 cm Azure"}]},{"@type":"WebSite","@id":"https:\/\/dev6.erresse-shop.it\/#website","url":"https:\/\/dev6.erresse-shop.it\/","name":"Erresse Shop","description":"","publisher":{"@id":"https:\/\/dev6.erresse-shop.it\/#organization"},"potentialAction":[{"@type":"SearchAction","target":{"@type":"EntryPoint","urlTemplate":"https:\/\/dev6.erresse-shop.it\/?s={search_term_string}"},"query-input":{"@type":"PropertyValueSpecification","valueRequired":true,"valueName":"search_term_string"}}],"inLanguage":"de"},{"@type":"Organization","@id":"https:\/\/dev6.erresse-shop.it\/#organization","name":"Erresse Shop","url":"https:\/\/dev6.erresse-shop.it\/","logo":{"@type":"ImageObject","inLanguage":"de","@id":"https:\/\/dev6.erresse-shop.it\/#\/schema\/logo\/image\/","url":"https:\/\/dev6.erresse-shop.it\/wp-content\/uploads\/2025\/01\/LOGO-ERRESSE-CLASSICO.svg","contentUrl":"https:\/\/dev6.erresse-shop.it\/wp-content\/uploads\/2025\/01\/LOGO-ERRESSE-CLASSICO.svg","caption":"Erresse Shop"},"image":{"@id":"https:\/\/dev6.erresse-shop.it\/#\/schema\/logo\/image\/"}}]}},"df_price":72.95,"df_sale_price":72.95,"df_regular_price":89,"df_image_link":"https:\/\/i2.wp.com\/interpim.erresse-shop.it\/Import\/Prodotti\/le-creuset-set-4-mini-cocotte-10-cm-azure.jpg?resize=300,300&ssl=1","fifu_image_url":"https:\/\/interpim.erresse-shop.it\/Import\/Prodotti\/le-creuset-set-4-mini-cocotte-10-cm-azure.jpg","_links":{"self":[{"href":"https:\/\/dev6.erresse-shop.it\/de\/wp-json\/wp\/v2\/product\/1601024","targetHints":{"allow":["GET"]}}],"collection":[{"href":"https:\/\/dev6.erresse-shop.it\/de\/wp-json\/wp\/v2\/product"}],"about":[{"href":"https:\/\/dev6.erresse-shop.it\/de\/wp-json\/wp\/v2\/types\/product"}],"wp:featuredmedia":[{"embeddable":true,"href":"https:\/\/dev6.erresse-shop.it\/de\/wp-json\/wp\/v2\/media\/6378325"}],"wp:attachment":[{"href":"https:\/\/dev6.erresse-shop.it\/de\/wp-json\/wp\/v2\/media?parent=1601024"}],"wp:term":[{"taxonomy":"product_cat","embeddable":true,"href":"https:\/\/dev6.erresse-shop.it\/de\/wp-json\/wp\/v2\/product_cat?post=1601024"},{"taxonomy":"product_tag","embeddable":true,"href":"https:\/\/dev6.erresse-shop.it\/de\/wp-json\/wp\/v2\/product_tag?post=1601024"}],"curies":[{"name":"wp","href":"https:\/\/api.w.org\/{rel}","templated":true}]}}