{"id":1601018,"date":"2026-04-04T13:42:19","date_gmt":"2026-04-04T11:42:19","guid":{"rendered":"https:\/\/dev6.erresse-shop.it\/shop\/unkategorisiert\/le-creuset-mini-cocotte-14-cm-sea-salt\/"},"modified":"2025-11-27T16:54:52","modified_gmt":"2025-11-27T15:54:52","slug":"le-creuset-mini-cocotte-14-cm-sea-salt","status":"publish","type":"product","link":"https:\/\/dev6.erresse-shop.it\/de\/shop\/toepfe-pfannen\/schalldaempfer-und-kokotten\/le-creuset-mini-cocotte-14-cm-sea-salt\/","title":{"rendered":"LE CREUSET Mini Cocotte 14 cm Sea Salt"},"content":{"rendered":"<p>Praktisch und h\u00fcbsch: Diese mittelgro\u00dfe Cocotte bringt Funktionalit\u00e4t und Stil in Ihre K\u00fcche. Ideal f\u00fcr s\u00fc\u00dfe oder herzhafte Einzelportionen und zum Servieren kleiner Gerichte bei Abendessen mit G\u00e4sten oder der Familie. Ausgestattet mit Deckel und praktischen Griffen besteht sie aus hochwertigem Steinzeug, das die W\u00e4rme gleichm\u00e4\u00dfig verteilt und Speisen l\u00e4nger warm h\u00e4lt.<\/p>\n<p style=\"text-align: justify;\">Produktdetails:<\/p>\n<p>Immer auf dem neuesten Stand: Unser Steinzeug ist kratzfest und leicht zu reinigen.<br \/>\nPerfekte Verarbeitung: Hergestellt aus hochwertiger Keramik, halten unsere Steinzeugprodukte die Temperatur gleichm\u00e4\u00dfig und sind widerstandsf\u00e4hig und langlebig.<br \/>\nF\u00fcr Hei\u00dfes und Kaltes geeignet: Unser Steinzeug ist hitzebest\u00e4ndig von -23 \u00b0C bis &#43;260 \u00b0C.<br \/>\nKlassenbester: Unsere Produkte werden aus den hochwertigsten Materialien in Fabriken weltweit hergestellt, um die Qualit\u00e4t zu gew\u00e4hrleisten, die Sie von Le Creuset erwarten.<\/p>\n<p>Material: Steinzeug<br \/>\nHergestellt in: Thailand<br \/>\nGarantie: 10 Jahre<\/p>\n<p>Fassungsverm\u00f6gen: 0,65 l<\/p>\n<p>Hitze Quelle:<\/p>\n<p>Backofen<br \/>\nGrillofen<br \/>\nMikrowelle<\/p>\n<p>Reinigung &amp; Pflege:<\/p>\n<p>Warten Sie, bis das Produkt vollst\u00e4ndig abgek\u00fchlt ist, bevor Sie mit der Reinigung beginnen.<br \/>\nEntfernen Sie alle R\u00fcckst\u00e4nde vom Boden und den Seiten des Produkts. Bei hartn\u00e4ckigen Speiseresten f\u00fcllen Sie das Produkt mit warmem Seifenwasser und lassen Sie es 15\u201320 Minuten einweichen, bevor Sie es wie gewohnt sp\u00fclen.<br \/>\nMit der Hand sp\u00fclen und abtrocknen. Oder geben Sie Ihr Steinzeugprodukt f\u00fcr einen vollst\u00e4ndigen Sp\u00fclgang in die Sp\u00fclmaschine.<\/p>\n","protected":false},"excerpt":{"rendered":"<p>Praktisch und h\u00fcbsch: Diese mittelgro\u00dfe Cocotte bringt Funktionalit\u00e4t und Stil in Ihre K\u00fcche. Ideal f\u00fcr s\u00fc\u00dfe oder herzhafte Einzelportionen und zum Servieren kleiner Gerichte bei Abendessen mit G\u00e4sten oder der Familie. Ausgestattet mit Deckel und praktischen Griffen besteht sie aus hochwertigem Steinzeug, das die W\u00e4rme gleichm\u00e4\u00dfig verteilt und Speisen l\u00e4nger warm h\u00e4lt. Produktdetails: Immer auf [&hellip;]<\/p>\n","protected":false},"featured_media":6295013,"template":"","meta":{"_acf_changed":false},"product_cat":[12108,12099],"product_tag":[],"class_list":{"0":"post-1601018","1":"product","2":"type-product","3":"status-publish","4":"has-post-thumbnail","6":"product_cat-schalldaempfer-und-kokotten","7":"product_cat-toepfe-pfannen","9":"first","10":"instock","11":"taxable","12":"shipping-taxable","13":"purchasable","14":"product-type-simple","swatches":"rey-swatches","show_selected":"","stretch_labels":"rey-swatches--stretch-labels"},"acf":[],"yoast_head":"<!-- This site is optimized with the Yoast SEO plugin v25.4 - https:\/\/yoast.com\/wordpress\/plugins\/seo\/ -->\n<title>LE CREUSET Mini Cocotte 14 cm Sea Salt - dev6 Erresse<\/title>\n<meta name=\"description\" content=\"Praktisch und h\u00fcbsch: Diese mittelgro\u00dfe Cocotte bringt Funktionalit\u00e4t und Stil in Ihre K\u00fcche. Ideal f\u00fcr s\u00fc\u00dfe oder herzhafte Einzelportionen und zum\" \/>\n<meta name=\"robots\" content=\"noindex, follow, max-snippet:-1, max-image-preview:large, max-video-preview:-1\" \/>\n<meta property=\"og:locale\" content=\"de_DE\" \/>\n<meta property=\"og:type\" content=\"article\" \/>\n<meta property=\"og:title\" content=\"LE CREUSET Mini Cocotte 14 cm Sea Salt - dev6 Erresse\" \/>\n<meta property=\"og:description\" content=\"Praktisch und h\u00fcbsch: Diese mittelgro\u00dfe Cocotte bringt Funktionalit\u00e4t und Stil in Ihre K\u00fcche. Ideal f\u00fcr s\u00fc\u00dfe oder herzhafte Einzelportionen und zum\" \/>\n<meta property=\"og:url\" content=\"https:\/\/dev6.erresse-shop.it\/de\/shop\/toepfe-pfannen\/schalldaempfer-und-kokotten\/le-creuset-mini-cocotte-14-cm-sea-salt\/\" \/>\n<meta property=\"og:site_name\" content=\"dev6 Erresse\" \/>\n<meta property=\"og:image\" content=\"https:\/\/interpim.erresse-shop.it\/wp-content\/uploads\/2025\/03\/LE-CREUSET-Mini-Cocotte-14-cm-Sea-Salt.jpg\/le-creuset-mini-cocotte-14-cm-sea-salt.jpg\" \/><meta property=\"og:image\" content=\"https:\/\/interpim.erresse-shop.it\/wp-content\/uploads\/2025\/03\/LE-CREUSET-Mini-Cocotte-14-cm-Sea-Salt.jpg\/le-creuset-mini-cocotte-14-cm-sea-salt.jpg\" \/>\n\t<meta property=\"og:image:width\" content=\"1024\" \/>\n\t<meta property=\"og:image:height\" content=\"1024\" \/>\n\t<meta property=\"og:image:type\" content=\"image\/jpeg\" \/>\n<meta name=\"twitter:card\" content=\"summary_large_image\" \/>\n<meta name=\"twitter:image\" content=\"https:\/\/interpim.erresse-shop.it\/wp-content\/uploads\/2025\/03\/LE-CREUSET-Mini-Cocotte-14-cm-Sea-Salt.jpg\/le-creuset-mini-cocotte-14-cm-sea-salt.jpg\" \/>\n<script type=\"application\/ld+json\" class=\"yoast-schema-graph\">{\"@context\":\"https:\/\/schema.org\",\"@graph\":[{\"@type\":\"WebPage\",\"@id\":\"https:\/\/dev6.erresse-shop.it\/de\/shop\/toepfe-pfannen\/schalldaempfer-und-kokotten\/le-creuset-mini-cocotte-14-cm-sea-salt\/\",\"url\":\"https:\/\/dev6.erresse-shop.it\/de\/shop\/toepfe-pfannen\/schalldaempfer-und-kokotten\/le-creuset-mini-cocotte-14-cm-sea-salt\/\",\"name\":\"LE CREUSET Mini Cocotte 14 cm Sea Salt - dev6 Erresse\",\"isPartOf\":{\"@id\":\"https:\/\/dev6.erresse-shop.it\/#website\"},\"primaryImageOfPage\":{\"@id\":\"https:\/\/dev6.erresse-shop.it\/de\/shop\/toepfe-pfannen\/schalldaempfer-und-kokotten\/le-creuset-mini-cocotte-14-cm-sea-salt\/#primaryimage\"},\"image\":{\"@id\":\"https:\/\/dev6.erresse-shop.it\/de\/shop\/toepfe-pfannen\/schalldaempfer-und-kokotten\/le-creuset-mini-cocotte-14-cm-sea-salt\/#primaryimage\"},\"thumbnailUrl\":\"https:\/\/i2.wp.com\/interpim.erresse-shop.it\/wp-content\/uploads\/2025\/03\/LE-CREUSET-Mini-Cocotte-14-cm-Sea-Salt.jpg\/le-creuset-mini-cocotte-14-cm-sea-salt.jpg?ssl=1\",\"datePublished\":\"2026-04-04T11:42:19+00:00\",\"description\":\"Praktisch und h\u00fcbsch: Diese mittelgro\u00dfe Cocotte bringt Funktionalit\u00e4t und Stil in Ihre K\u00fcche. Ideal f\u00fcr s\u00fc\u00dfe oder herzhafte Einzelportionen und zum\",\"breadcrumb\":{\"@id\":\"https:\/\/dev6.erresse-shop.it\/de\/shop\/toepfe-pfannen\/schalldaempfer-und-kokotten\/le-creuset-mini-cocotte-14-cm-sea-salt\/#breadcrumb\"},\"inLanguage\":\"de\",\"potentialAction\":[{\"@type\":\"ReadAction\",\"target\":[\"https:\/\/dev6.erresse-shop.it\/de\/shop\/toepfe-pfannen\/schalldaempfer-und-kokotten\/le-creuset-mini-cocotte-14-cm-sea-salt\/\"]}]},{\"@type\":\"ImageObject\",\"inLanguage\":\"de\",\"@id\":\"https:\/\/dev6.erresse-shop.it\/de\/shop\/toepfe-pfannen\/schalldaempfer-und-kokotten\/le-creuset-mini-cocotte-14-cm-sea-salt\/#primaryimage\",\"url\":\"https:\/\/i2.wp.com\/interpim.erresse-shop.it\/wp-content\/uploads\/2025\/03\/LE-CREUSET-Mini-Cocotte-14-cm-Sea-Salt.jpg\/le-creuset-mini-cocotte-14-cm-sea-salt.jpg?ssl=1\",\"contentUrl\":\"https:\/\/i2.wp.com\/interpim.erresse-shop.it\/wp-content\/uploads\/2025\/03\/LE-CREUSET-Mini-Cocotte-14-cm-Sea-Salt.jpg\/le-creuset-mini-cocotte-14-cm-sea-salt.jpg?ssl=1\"},{\"@type\":\"BreadcrumbList\",\"@id\":\"https:\/\/dev6.erresse-shop.it\/de\/shop\/toepfe-pfannen\/schalldaempfer-und-kokotten\/le-creuset-mini-cocotte-14-cm-sea-salt\/#breadcrumb\",\"itemListElement\":[{\"@type\":\"ListItem\",\"position\":1,\"name\":\"Home\",\"item\":\"https:\/\/dev6.erresse-shop.it\/\"},{\"@type\":\"ListItem\",\"position\":2,\"name\":\"Shop\",\"item\":\"https:\/\/dev6.erresse-shop.it\/shop\/\"},{\"@type\":\"ListItem\",\"position\":3,\"name\":\"LE CREUSET Mini Cocotte 14 cm Sea Salt\"}]},{\"@type\":\"WebSite\",\"@id\":\"https:\/\/dev6.erresse-shop.it\/#website\",\"url\":\"https:\/\/dev6.erresse-shop.it\/\",\"name\":\"Erresse Shop\",\"description\":\"\",\"publisher\":{\"@id\":\"https:\/\/dev6.erresse-shop.it\/#organization\"},\"potentialAction\":[{\"@type\":\"SearchAction\",\"target\":{\"@type\":\"EntryPoint\",\"urlTemplate\":\"https:\/\/dev6.erresse-shop.it\/?s={search_term_string}\"},\"query-input\":{\"@type\":\"PropertyValueSpecification\",\"valueRequired\":true,\"valueName\":\"search_term_string\"}}],\"inLanguage\":\"de\"},{\"@type\":\"Organization\",\"@id\":\"https:\/\/dev6.erresse-shop.it\/#organization\",\"name\":\"Erresse Shop\",\"url\":\"https:\/\/dev6.erresse-shop.it\/\",\"logo\":{\"@type\":\"ImageObject\",\"inLanguage\":\"de\",\"@id\":\"https:\/\/dev6.erresse-shop.it\/#\/schema\/logo\/image\/\",\"url\":\"https:\/\/dev6.erresse-shop.it\/wp-content\/uploads\/2025\/01\/LOGO-ERRESSE-CLASSICO.svg\",\"contentUrl\":\"https:\/\/dev6.erresse-shop.it\/wp-content\/uploads\/2025\/01\/LOGO-ERRESSE-CLASSICO.svg\",\"caption\":\"Erresse Shop\"},\"image\":{\"@id\":\"https:\/\/dev6.erresse-shop.it\/#\/schema\/logo\/image\/\"}}]}<\/script>\n<!-- \/ Yoast SEO plugin. -->","yoast_head_json":{"title":"LE CREUSET Mini Cocotte 14 cm Sea Salt - dev6 Erresse","description":"Praktisch und h\u00fcbsch: Diese mittelgro\u00dfe Cocotte bringt Funktionalit\u00e4t und Stil in Ihre K\u00fcche. Ideal f\u00fcr s\u00fc\u00dfe oder herzhafte Einzelportionen und zum","robots":{"index":"noindex","follow":"follow","max-snippet":"max-snippet:-1","max-image-preview":"max-image-preview:large","max-video-preview":"max-video-preview:-1"},"og_locale":"de_DE","og_type":"article","og_title":"LE CREUSET Mini Cocotte 14 cm Sea Salt - dev6 Erresse","og_description":"Praktisch und h\u00fcbsch: Diese mittelgro\u00dfe Cocotte bringt Funktionalit\u00e4t und Stil in Ihre K\u00fcche. Ideal f\u00fcr s\u00fc\u00dfe oder herzhafte Einzelportionen und zum","og_url":"https:\/\/dev6.erresse-shop.it\/de\/shop\/toepfe-pfannen\/schalldaempfer-und-kokotten\/le-creuset-mini-cocotte-14-cm-sea-salt\/","og_site_name":"dev6 Erresse","og_image":[{"url":"https:\/\/interpim.erresse-shop.it\/wp-content\/uploads\/2025\/03\/LE-CREUSET-Mini-Cocotte-14-cm-Sea-Salt.jpg\/le-creuset-mini-cocotte-14-cm-sea-salt.jpg","type":"","width":"","height":""},{"url":"https:\/\/interpim.erresse-shop.it\/wp-content\/uploads\/2025\/03\/LE-CREUSET-Mini-Cocotte-14-cm-Sea-Salt.jpg\/le-creuset-mini-cocotte-14-cm-sea-salt.jpg","width":1024,"height":1024,"type":"image\/jpeg"}],"twitter_card":"summary_large_image","twitter_image":"https:\/\/interpim.erresse-shop.it\/wp-content\/uploads\/2025\/03\/LE-CREUSET-Mini-Cocotte-14-cm-Sea-Salt.jpg\/le-creuset-mini-cocotte-14-cm-sea-salt.jpg","schema":{"@context":"https:\/\/schema.org","@graph":[{"@type":"WebPage","@id":"https:\/\/dev6.erresse-shop.it\/de\/shop\/toepfe-pfannen\/schalldaempfer-und-kokotten\/le-creuset-mini-cocotte-14-cm-sea-salt\/","url":"https:\/\/dev6.erresse-shop.it\/de\/shop\/toepfe-pfannen\/schalldaempfer-und-kokotten\/le-creuset-mini-cocotte-14-cm-sea-salt\/","name":"LE CREUSET Mini Cocotte 14 cm Sea Salt - dev6 Erresse","isPartOf":{"@id":"https:\/\/dev6.erresse-shop.it\/#website"},"primaryImageOfPage":{"@id":"https:\/\/dev6.erresse-shop.it\/de\/shop\/toepfe-pfannen\/schalldaempfer-und-kokotten\/le-creuset-mini-cocotte-14-cm-sea-salt\/#primaryimage"},"image":{"@id":"https:\/\/dev6.erresse-shop.it\/de\/shop\/toepfe-pfannen\/schalldaempfer-und-kokotten\/le-creuset-mini-cocotte-14-cm-sea-salt\/#primaryimage"},"thumbnailUrl":"https:\/\/i2.wp.com\/interpim.erresse-shop.it\/wp-content\/uploads\/2025\/03\/LE-CREUSET-Mini-Cocotte-14-cm-Sea-Salt.jpg\/le-creuset-mini-cocotte-14-cm-sea-salt.jpg?ssl=1","datePublished":"2026-04-04T11:42:19+00:00","description":"Praktisch und h\u00fcbsch: Diese mittelgro\u00dfe Cocotte bringt Funktionalit\u00e4t und Stil in Ihre K\u00fcche. Ideal f\u00fcr s\u00fc\u00dfe oder herzhafte Einzelportionen und zum","breadcrumb":{"@id":"https:\/\/dev6.erresse-shop.it\/de\/shop\/toepfe-pfannen\/schalldaempfer-und-kokotten\/le-creuset-mini-cocotte-14-cm-sea-salt\/#breadcrumb"},"inLanguage":"de","potentialAction":[{"@type":"ReadAction","target":["https:\/\/dev6.erresse-shop.it\/de\/shop\/toepfe-pfannen\/schalldaempfer-und-kokotten\/le-creuset-mini-cocotte-14-cm-sea-salt\/"]}]},{"@type":"ImageObject","inLanguage":"de","@id":"https:\/\/dev6.erresse-shop.it\/de\/shop\/toepfe-pfannen\/schalldaempfer-und-kokotten\/le-creuset-mini-cocotte-14-cm-sea-salt\/#primaryimage","url":"https:\/\/i2.wp.com\/interpim.erresse-shop.it\/wp-content\/uploads\/2025\/03\/LE-CREUSET-Mini-Cocotte-14-cm-Sea-Salt.jpg\/le-creuset-mini-cocotte-14-cm-sea-salt.jpg?ssl=1","contentUrl":"https:\/\/i2.wp.com\/interpim.erresse-shop.it\/wp-content\/uploads\/2025\/03\/LE-CREUSET-Mini-Cocotte-14-cm-Sea-Salt.jpg\/le-creuset-mini-cocotte-14-cm-sea-salt.jpg?ssl=1"},{"@type":"BreadcrumbList","@id":"https:\/\/dev6.erresse-shop.it\/de\/shop\/toepfe-pfannen\/schalldaempfer-und-kokotten\/le-creuset-mini-cocotte-14-cm-sea-salt\/#breadcrumb","itemListElement":[{"@type":"ListItem","position":1,"name":"Home","item":"https:\/\/dev6.erresse-shop.it\/"},{"@type":"ListItem","position":2,"name":"Shop","item":"https:\/\/dev6.erresse-shop.it\/shop\/"},{"@type":"ListItem","position":3,"name":"LE CREUSET Mini Cocotte 14 cm Sea Salt"}]},{"@type":"WebSite","@id":"https:\/\/dev6.erresse-shop.it\/#website","url":"https:\/\/dev6.erresse-shop.it\/","name":"Erresse Shop","description":"","publisher":{"@id":"https:\/\/dev6.erresse-shop.it\/#organization"},"potentialAction":[{"@type":"SearchAction","target":{"@type":"EntryPoint","urlTemplate":"https:\/\/dev6.erresse-shop.it\/?s={search_term_string}"},"query-input":{"@type":"PropertyValueSpecification","valueRequired":true,"valueName":"search_term_string"}}],"inLanguage":"de"},{"@type":"Organization","@id":"https:\/\/dev6.erresse-shop.it\/#organization","name":"Erresse Shop","url":"https:\/\/dev6.erresse-shop.it\/","logo":{"@type":"ImageObject","inLanguage":"de","@id":"https:\/\/dev6.erresse-shop.it\/#\/schema\/logo\/image\/","url":"https:\/\/dev6.erresse-shop.it\/wp-content\/uploads\/2025\/01\/LOGO-ERRESSE-CLASSICO.svg","contentUrl":"https:\/\/dev6.erresse-shop.it\/wp-content\/uploads\/2025\/01\/LOGO-ERRESSE-CLASSICO.svg","caption":"Erresse Shop"},"image":{"@id":"https:\/\/dev6.erresse-shop.it\/#\/schema\/logo\/image\/"}}]}},"df_price":48,"df_sale_price":"","df_regular_price":48,"df_image_link":"https:\/\/i2.wp.com\/interpim.erresse-shop.it\/wp-content\/uploads\/2025\/03\/LE-CREUSET-Mini-Cocotte-14-cm-Sea-Salt.jpg\/le-creuset-mini-cocotte-14-cm-sea-salt.jpg?resize=300,300&ssl=1","fifu_image_url":"https:\/\/interpim.erresse-shop.it\/wp-content\/uploads\/2025\/03\/LE-CREUSET-Mini-Cocotte-14-cm-Sea-Salt.jpg\/le-creuset-mini-cocotte-14-cm-sea-salt.jpg","_links":{"self":[{"href":"https:\/\/dev6.erresse-shop.it\/de\/wp-json\/wp\/v2\/product\/1601018","targetHints":{"allow":["GET"]}}],"collection":[{"href":"https:\/\/dev6.erresse-shop.it\/de\/wp-json\/wp\/v2\/product"}],"about":[{"href":"https:\/\/dev6.erresse-shop.it\/de\/wp-json\/wp\/v2\/types\/product"}],"wp:featuredmedia":[{"embeddable":true,"href":"https:\/\/dev6.erresse-shop.it\/de\/wp-json\/wp\/v2\/media\/6295013"}],"wp:attachment":[{"href":"https:\/\/dev6.erresse-shop.it\/de\/wp-json\/wp\/v2\/media?parent=1601018"}],"wp:term":[{"taxonomy":"product_cat","embeddable":true,"href":"https:\/\/dev6.erresse-shop.it\/de\/wp-json\/wp\/v2\/product_cat?post=1601018"},{"taxonomy":"product_tag","embeddable":true,"href":"https:\/\/dev6.erresse-shop.it\/de\/wp-json\/wp\/v2\/product_tag?post=1601018"}],"curies":[{"name":"wp","href":"https:\/\/api.w.org\/{rel}","templated":true}]}}