{"id":1600998,"date":"2026-04-04T13:42:19","date_gmt":"2026-04-04T11:42:19","guid":{"rendered":"https:\/\/dev6.erresse-shop.it\/shop\/unkategorisiert\/le-creuset-runde-kuchenform-tradition-aus-gusseisen-28-cm-schwarz\/"},"modified":"2026-02-05T18:33:24","modified_gmt":"2026-02-05T17:33:24","slug":"le-creuset-runde-kuchenform-tradition-aus-gusseisen-28-cm-schwarz","status":"publish","type":"product","link":"https:\/\/dev6.erresse-shop.it\/de\/shop\/toepfe-pfannen\/kuchenfoermchen-und-crepes-toepfe\/le-creuset-runde-kuchenform-tradition-aus-gusseisen-28-cm-schwarz\/","title":{"rendered":"LE CREUSET Runde Kuchenform Tradition aus Gusseisen 28 cm Schwarz"},"content":{"rendered":"<p>Backen Sie k\u00f6stliche Torten, Quiches und Kuchen mit unserer runden Kuchenform. Praktisch und elegant: Die geschwungenen Seitenw\u00e4nde verleihen Ihren Backwerken eine pers\u00f6nliche Note und erm\u00f6glichen perfektes Backen am Rand Ihrer Torten. Das verglaste Steinzeug verteilt die Hitze gleichm\u00e4\u00dfig und sorgt so f\u00fcr perfekte Backergebnisse.<\/p>\n<p>Immer auf dem neuesten Stand: Unser Steinzeug ist kratzfest und leicht zu reinigen.<br \/>\nPerfekte Verarbeitung: Hergestellt aus hochwertiger Keramik, halten unsere Steinzeugprodukte die Temperatur gleichm\u00e4\u00dfig und sind langlebig und widerstandsf\u00e4hig.<br \/>\nF\u00fcr Hei\u00dfes und Kaltes geeignet: Unser Steinzeug ist hitzebest\u00e4ndig von -23 \u00b0C bis &#43;260 \u00b0C.<br \/>\nKlassenbester: Unsere Produkte werden aus den hochwertigsten Materialien in Fabriken weltweit hergestellt, um die Qualit\u00e4t zu gew\u00e4hrleisten, die Sie von Le Creuset erwarten.<\/p>\n<p>Material: Emailliertes Gusseisen<br \/>\nHergestellt in: Thailand<br \/>\nGarantie: 10 Jahre<\/p>\n<p>W\u00e4rmequelle:<\/p>\n<p>Backofen<br \/>\nGrillofen<br \/>\nMikrowelle<\/p>\n<p>Reinigung und Pflege:<\/p>\n<p>Warten Sie, bis das Produkt vollst\u00e4ndig abgek\u00fchlt ist, bevor Sie mit der Reinigung beginnen.<br \/>\nEntfernen Sie alle R\u00fcckst\u00e4nde vom Boden und den Seiten des Produkts. Bei hartn\u00e4ckigen Speiseresten f\u00fcllen Sie das Produkt mit warmem Seifenwasser und lassen Sie es 15\u201320 Minuten einweichen, bevor Sie es wie gewohnt sp\u00fclen.<br \/>\nMit der Hand sp\u00fclen und trocknen. Oder geben Sie Ihr Steinzeugprodukt f\u00fcr einen vollst\u00e4ndigen Sp\u00fclgang in die Sp\u00fclmaschine.<\/p>\n","protected":false},"excerpt":{"rendered":"<p>Backen Sie k\u00f6stliche Torten, Quiches und Kuchen mit unserer runden Kuchenform. Praktisch und elegant: Die geschwungenen Seitenw\u00e4nde verleihen Ihren Backwerken eine pers\u00f6nliche Note und erm\u00f6glichen perfektes Backen am Rand Ihrer Torten. Das verglaste Steinzeug verteilt die Hitze gleichm\u00e4\u00dfig und sorgt so f\u00fcr perfekte Backergebnisse. Immer auf dem neuesten Stand: Unser Steinzeug ist kratzfest und leicht [&hellip;]<\/p>\n","protected":false},"featured_media":6294897,"template":"","meta":{"_acf_changed":false},"product_cat":[12158,12135,12099],"product_tag":[],"class_list":{"0":"post-1600998","1":"product","2":"type-product","3":"status-publish","4":"has-post-thumbnail","6":"product_cat-toepfe-und-backformen","7":"product_cat-kuchenfoermchen-und-crepes-toepfe","8":"product_cat-toepfe-pfannen","10":"first","11":"instock","12":"sale","13":"taxable","14":"shipping-taxable","15":"purchasable","16":"product-type-simple","swatches":"rey-swatches","show_selected":"","stretch_labels":"rey-swatches--stretch-labels"},"acf":[],"yoast_head":"<!-- This site is optimized with the Yoast SEO plugin v25.4 - https:\/\/yoast.com\/wordpress\/plugins\/seo\/ -->\n<title>LE CREUSET Runde Kuchenform Tradition aus Gusseisen 28 cm Schwarz - dev6 Erresse<\/title>\n<meta name=\"description\" content=\"Backen Sie k\u00f6stliche Torten, Quiches und Kuchen mit unserer runden Kuchenform. Praktisch und elegant: Die geschwungenen Seitenw\u00e4nde verleihen Ihren\" \/>\n<meta name=\"robots\" content=\"noindex, follow, max-snippet:-1, max-image-preview:large, max-video-preview:-1\" \/>\n<meta property=\"og:locale\" content=\"de_DE\" \/>\n<meta property=\"og:type\" content=\"article\" \/>\n<meta property=\"og:title\" content=\"LE CREUSET Runde Kuchenform Tradition aus Gusseisen 28 cm Schwarz - dev6 Erresse\" \/>\n<meta property=\"og:description\" content=\"Backen Sie k\u00f6stliche Torten, Quiches und Kuchen mit unserer runden Kuchenform. Praktisch und elegant: Die geschwungenen Seitenw\u00e4nde verleihen Ihren\" \/>\n<meta property=\"og:url\" content=\"https:\/\/dev6.erresse-shop.it\/de\/shop\/toepfe-pfannen\/kuchenfoermchen-und-crepes-toepfe\/le-creuset-runde-kuchenform-tradition-aus-gusseisen-28-cm-schwarz\/\" \/>\n<meta property=\"og:site_name\" content=\"dev6 Erresse\" \/>\n<meta property=\"og:image\" content=\"https:\/\/interpim.erresse-shop.it\/Import\/Prodotti\/le-creuset-tortiera-rotonda-tradition-in-ghisa-28-cm-nero.jpg\" \/><meta property=\"og:image\" content=\"https:\/\/interpim.erresse-shop.it\/Import\/Prodotti\/le-creuset-tortiera-rotonda-tradition-in-ghisa-28-cm-nero.jpg\" \/>\n\t<meta property=\"og:image:width\" content=\"1024\" \/>\n\t<meta property=\"og:image:height\" content=\"1024\" \/>\n\t<meta property=\"og:image:type\" content=\"image\/jpeg\" \/>\n<meta name=\"twitter:card\" content=\"summary_large_image\" \/>\n<meta name=\"twitter:image\" content=\"https:\/\/interpim.erresse-shop.it\/Import\/Prodotti\/le-creuset-tortiera-rotonda-tradition-in-ghisa-28-cm-nero.jpg\" \/>\n<script type=\"application\/ld+json\" class=\"yoast-schema-graph\">{\"@context\":\"https:\/\/schema.org\",\"@graph\":[{\"@type\":\"WebPage\",\"@id\":\"https:\/\/dev6.erresse-shop.it\/de\/shop\/toepfe-pfannen\/kuchenfoermchen-und-crepes-toepfe\/le-creuset-runde-kuchenform-tradition-aus-gusseisen-28-cm-schwarz\/\",\"url\":\"https:\/\/dev6.erresse-shop.it\/de\/shop\/toepfe-pfannen\/kuchenfoermchen-und-crepes-toepfe\/le-creuset-runde-kuchenform-tradition-aus-gusseisen-28-cm-schwarz\/\",\"name\":\"LE CREUSET Runde Kuchenform Tradition aus Gusseisen 28 cm Schwarz - dev6 Erresse\",\"isPartOf\":{\"@id\":\"https:\/\/dev6.erresse-shop.it\/#website\"},\"primaryImageOfPage\":{\"@id\":\"https:\/\/dev6.erresse-shop.it\/de\/shop\/toepfe-pfannen\/kuchenfoermchen-und-crepes-toepfe\/le-creuset-runde-kuchenform-tradition-aus-gusseisen-28-cm-schwarz\/#primaryimage\"},\"image\":{\"@id\":\"https:\/\/dev6.erresse-shop.it\/de\/shop\/toepfe-pfannen\/kuchenfoermchen-und-crepes-toepfe\/le-creuset-runde-kuchenform-tradition-aus-gusseisen-28-cm-schwarz\/#primaryimage\"},\"thumbnailUrl\":\"https:\/\/i0.wp.com\/interpim.erresse-shop.it\/Import\/Prodotti\/le-creuset-tortiera-rotonda-tradition-in-ghisa-28-cm-nero.jpg?ssl=1\",\"datePublished\":\"2026-04-04T11:42:19+00:00\",\"description\":\"Backen Sie k\u00f6stliche Torten, Quiches und Kuchen mit unserer runden Kuchenform. Praktisch und elegant: Die geschwungenen Seitenw\u00e4nde verleihen Ihren\",\"breadcrumb\":{\"@id\":\"https:\/\/dev6.erresse-shop.it\/de\/shop\/toepfe-pfannen\/kuchenfoermchen-und-crepes-toepfe\/le-creuset-runde-kuchenform-tradition-aus-gusseisen-28-cm-schwarz\/#breadcrumb\"},\"inLanguage\":\"de\",\"potentialAction\":[{\"@type\":\"ReadAction\",\"target\":[\"https:\/\/dev6.erresse-shop.it\/de\/shop\/toepfe-pfannen\/kuchenfoermchen-und-crepes-toepfe\/le-creuset-runde-kuchenform-tradition-aus-gusseisen-28-cm-schwarz\/\"]}]},{\"@type\":\"ImageObject\",\"inLanguage\":\"de\",\"@id\":\"https:\/\/dev6.erresse-shop.it\/de\/shop\/toepfe-pfannen\/kuchenfoermchen-und-crepes-toepfe\/le-creuset-runde-kuchenform-tradition-aus-gusseisen-28-cm-schwarz\/#primaryimage\",\"url\":\"https:\/\/i0.wp.com\/interpim.erresse-shop.it\/Import\/Prodotti\/le-creuset-tortiera-rotonda-tradition-in-ghisa-28-cm-nero.jpg?ssl=1\",\"contentUrl\":\"https:\/\/i0.wp.com\/interpim.erresse-shop.it\/Import\/Prodotti\/le-creuset-tortiera-rotonda-tradition-in-ghisa-28-cm-nero.jpg?ssl=1\"},{\"@type\":\"BreadcrumbList\",\"@id\":\"https:\/\/dev6.erresse-shop.it\/de\/shop\/toepfe-pfannen\/kuchenfoermchen-und-crepes-toepfe\/le-creuset-runde-kuchenform-tradition-aus-gusseisen-28-cm-schwarz\/#breadcrumb\",\"itemListElement\":[{\"@type\":\"ListItem\",\"position\":1,\"name\":\"Home\",\"item\":\"https:\/\/dev6.erresse-shop.it\/\"},{\"@type\":\"ListItem\",\"position\":2,\"name\":\"Shop\",\"item\":\"https:\/\/dev6.erresse-shop.it\/shop\/\"},{\"@type\":\"ListItem\",\"position\":3,\"name\":\"LE CREUSET Runde Kuchenform Tradition aus Gusseisen 28 cm Schwarz\"}]},{\"@type\":\"WebSite\",\"@id\":\"https:\/\/dev6.erresse-shop.it\/#website\",\"url\":\"https:\/\/dev6.erresse-shop.it\/\",\"name\":\"Erresse Shop\",\"description\":\"\",\"publisher\":{\"@id\":\"https:\/\/dev6.erresse-shop.it\/#organization\"},\"potentialAction\":[{\"@type\":\"SearchAction\",\"target\":{\"@type\":\"EntryPoint\",\"urlTemplate\":\"https:\/\/dev6.erresse-shop.it\/?s={search_term_string}\"},\"query-input\":{\"@type\":\"PropertyValueSpecification\",\"valueRequired\":true,\"valueName\":\"search_term_string\"}}],\"inLanguage\":\"de\"},{\"@type\":\"Organization\",\"@id\":\"https:\/\/dev6.erresse-shop.it\/#organization\",\"name\":\"Erresse Shop\",\"url\":\"https:\/\/dev6.erresse-shop.it\/\",\"logo\":{\"@type\":\"ImageObject\",\"inLanguage\":\"de\",\"@id\":\"https:\/\/dev6.erresse-shop.it\/#\/schema\/logo\/image\/\",\"url\":\"https:\/\/dev6.erresse-shop.it\/wp-content\/uploads\/2025\/01\/LOGO-ERRESSE-CLASSICO.svg\",\"contentUrl\":\"https:\/\/dev6.erresse-shop.it\/wp-content\/uploads\/2025\/01\/LOGO-ERRESSE-CLASSICO.svg\",\"caption\":\"Erresse Shop\"},\"image\":{\"@id\":\"https:\/\/dev6.erresse-shop.it\/#\/schema\/logo\/image\/\"}}]}<\/script>\n<!-- \/ Yoast SEO plugin. -->","yoast_head_json":{"title":"LE CREUSET Runde Kuchenform Tradition aus Gusseisen 28 cm Schwarz - dev6 Erresse","description":"Backen Sie k\u00f6stliche Torten, Quiches und Kuchen mit unserer runden Kuchenform. Praktisch und elegant: Die geschwungenen Seitenw\u00e4nde verleihen Ihren","robots":{"index":"noindex","follow":"follow","max-snippet":"max-snippet:-1","max-image-preview":"max-image-preview:large","max-video-preview":"max-video-preview:-1"},"og_locale":"de_DE","og_type":"article","og_title":"LE CREUSET Runde Kuchenform Tradition aus Gusseisen 28 cm Schwarz - dev6 Erresse","og_description":"Backen Sie k\u00f6stliche Torten, Quiches und Kuchen mit unserer runden Kuchenform. Praktisch und elegant: Die geschwungenen Seitenw\u00e4nde verleihen Ihren","og_url":"https:\/\/dev6.erresse-shop.it\/de\/shop\/toepfe-pfannen\/kuchenfoermchen-und-crepes-toepfe\/le-creuset-runde-kuchenform-tradition-aus-gusseisen-28-cm-schwarz\/","og_site_name":"dev6 Erresse","og_image":[{"url":"https:\/\/interpim.erresse-shop.it\/Import\/Prodotti\/le-creuset-tortiera-rotonda-tradition-in-ghisa-28-cm-nero.jpg","type":"","width":"","height":""},{"url":"https:\/\/interpim.erresse-shop.it\/Import\/Prodotti\/le-creuset-tortiera-rotonda-tradition-in-ghisa-28-cm-nero.jpg","width":1024,"height":1024,"type":"image\/jpeg"}],"twitter_card":"summary_large_image","twitter_image":"https:\/\/interpim.erresse-shop.it\/Import\/Prodotti\/le-creuset-tortiera-rotonda-tradition-in-ghisa-28-cm-nero.jpg","schema":{"@context":"https:\/\/schema.org","@graph":[{"@type":"WebPage","@id":"https:\/\/dev6.erresse-shop.it\/de\/shop\/toepfe-pfannen\/kuchenfoermchen-und-crepes-toepfe\/le-creuset-runde-kuchenform-tradition-aus-gusseisen-28-cm-schwarz\/","url":"https:\/\/dev6.erresse-shop.it\/de\/shop\/toepfe-pfannen\/kuchenfoermchen-und-crepes-toepfe\/le-creuset-runde-kuchenform-tradition-aus-gusseisen-28-cm-schwarz\/","name":"LE CREUSET Runde Kuchenform Tradition aus Gusseisen 28 cm Schwarz - dev6 Erresse","isPartOf":{"@id":"https:\/\/dev6.erresse-shop.it\/#website"},"primaryImageOfPage":{"@id":"https:\/\/dev6.erresse-shop.it\/de\/shop\/toepfe-pfannen\/kuchenfoermchen-und-crepes-toepfe\/le-creuset-runde-kuchenform-tradition-aus-gusseisen-28-cm-schwarz\/#primaryimage"},"image":{"@id":"https:\/\/dev6.erresse-shop.it\/de\/shop\/toepfe-pfannen\/kuchenfoermchen-und-crepes-toepfe\/le-creuset-runde-kuchenform-tradition-aus-gusseisen-28-cm-schwarz\/#primaryimage"},"thumbnailUrl":"https:\/\/i0.wp.com\/interpim.erresse-shop.it\/Import\/Prodotti\/le-creuset-tortiera-rotonda-tradition-in-ghisa-28-cm-nero.jpg?ssl=1","datePublished":"2026-04-04T11:42:19+00:00","description":"Backen Sie k\u00f6stliche Torten, Quiches und Kuchen mit unserer runden Kuchenform. Praktisch und elegant: Die geschwungenen Seitenw\u00e4nde verleihen Ihren","breadcrumb":{"@id":"https:\/\/dev6.erresse-shop.it\/de\/shop\/toepfe-pfannen\/kuchenfoermchen-und-crepes-toepfe\/le-creuset-runde-kuchenform-tradition-aus-gusseisen-28-cm-schwarz\/#breadcrumb"},"inLanguage":"de","potentialAction":[{"@type":"ReadAction","target":["https:\/\/dev6.erresse-shop.it\/de\/shop\/toepfe-pfannen\/kuchenfoermchen-und-crepes-toepfe\/le-creuset-runde-kuchenform-tradition-aus-gusseisen-28-cm-schwarz\/"]}]},{"@type":"ImageObject","inLanguage":"de","@id":"https:\/\/dev6.erresse-shop.it\/de\/shop\/toepfe-pfannen\/kuchenfoermchen-und-crepes-toepfe\/le-creuset-runde-kuchenform-tradition-aus-gusseisen-28-cm-schwarz\/#primaryimage","url":"https:\/\/i0.wp.com\/interpim.erresse-shop.it\/Import\/Prodotti\/le-creuset-tortiera-rotonda-tradition-in-ghisa-28-cm-nero.jpg?ssl=1","contentUrl":"https:\/\/i0.wp.com\/interpim.erresse-shop.it\/Import\/Prodotti\/le-creuset-tortiera-rotonda-tradition-in-ghisa-28-cm-nero.jpg?ssl=1"},{"@type":"BreadcrumbList","@id":"https:\/\/dev6.erresse-shop.it\/de\/shop\/toepfe-pfannen\/kuchenfoermchen-und-crepes-toepfe\/le-creuset-runde-kuchenform-tradition-aus-gusseisen-28-cm-schwarz\/#breadcrumb","itemListElement":[{"@type":"ListItem","position":1,"name":"Home","item":"https:\/\/dev6.erresse-shop.it\/"},{"@type":"ListItem","position":2,"name":"Shop","item":"https:\/\/dev6.erresse-shop.it\/shop\/"},{"@type":"ListItem","position":3,"name":"LE CREUSET Runde Kuchenform Tradition aus Gusseisen 28 cm Schwarz"}]},{"@type":"WebSite","@id":"https:\/\/dev6.erresse-shop.it\/#website","url":"https:\/\/dev6.erresse-shop.it\/","name":"Erresse Shop","description":"","publisher":{"@id":"https:\/\/dev6.erresse-shop.it\/#organization"},"potentialAction":[{"@type":"SearchAction","target":{"@type":"EntryPoint","urlTemplate":"https:\/\/dev6.erresse-shop.it\/?s={search_term_string}"},"query-input":{"@type":"PropertyValueSpecification","valueRequired":true,"valueName":"search_term_string"}}],"inLanguage":"de"},{"@type":"Organization","@id":"https:\/\/dev6.erresse-shop.it\/#organization","name":"Erresse Shop","url":"https:\/\/dev6.erresse-shop.it\/","logo":{"@type":"ImageObject","inLanguage":"de","@id":"https:\/\/dev6.erresse-shop.it\/#\/schema\/logo\/image\/","url":"https:\/\/dev6.erresse-shop.it\/wp-content\/uploads\/2025\/01\/LOGO-ERRESSE-CLASSICO.svg","contentUrl":"https:\/\/dev6.erresse-shop.it\/wp-content\/uploads\/2025\/01\/LOGO-ERRESSE-CLASSICO.svg","caption":"Erresse Shop"},"image":{"@id":"https:\/\/dev6.erresse-shop.it\/#\/schema\/logo\/image\/"}}]}},"df_price":46,"df_sale_price":46,"df_regular_price":55,"df_image_link":"https:\/\/i0.wp.com\/interpim.erresse-shop.it\/Import\/Prodotti\/le-creuset-tortiera-rotonda-tradition-in-ghisa-28-cm-nero.jpg?resize=300,300&ssl=1","fifu_image_url":"https:\/\/interpim.erresse-shop.it\/Import\/Prodotti\/le-creuset-tortiera-rotonda-tradition-in-ghisa-28-cm-nero.jpg","_links":{"self":[{"href":"https:\/\/dev6.erresse-shop.it\/de\/wp-json\/wp\/v2\/product\/1600998","targetHints":{"allow":["GET"]}}],"collection":[{"href":"https:\/\/dev6.erresse-shop.it\/de\/wp-json\/wp\/v2\/product"}],"about":[{"href":"https:\/\/dev6.erresse-shop.it\/de\/wp-json\/wp\/v2\/types\/product"}],"wp:featuredmedia":[{"embeddable":true,"href":"https:\/\/dev6.erresse-shop.it\/de\/wp-json\/wp\/v2\/media\/6294897"}],"wp:attachment":[{"href":"https:\/\/dev6.erresse-shop.it\/de\/wp-json\/wp\/v2\/media?parent=1600998"}],"wp:term":[{"taxonomy":"product_cat","embeddable":true,"href":"https:\/\/dev6.erresse-shop.it\/de\/wp-json\/wp\/v2\/product_cat?post=1600998"},{"taxonomy":"product_tag","embeddable":true,"href":"https:\/\/dev6.erresse-shop.it\/de\/wp-json\/wp\/v2\/product_tag?post=1600998"}],"curies":[{"name":"wp","href":"https:\/\/api.w.org\/{rel}","templated":true}]}}