{"id":1600980,"date":"2026-04-04T13:39:38","date_gmt":"2026-04-04T11:39:38","guid":{"rendered":"https:\/\/dev6.erresse-shop.it\/shop\/unkategorisiert\/le-creuset-amour-niedrige-herzfoermige-gusseisenpfanne-20-cm-kirsche\/"},"modified":"2025-09-14T03:17:03","modified_gmt":"2025-09-14T01:17:03","slug":"le-creuset-amour-niedrige-herzfoermige-gusseisenpfanne-20-cm-kirsche","status":"publish","type":"product","link":"https:\/\/dev6.erresse-shop.it\/de\/shop\/toepfe-pfannen\/schmorpfannen\/le-creuset-amour-niedrige-herzfoermige-gusseisenpfanne-20-cm-kirsche\/","title":{"rendered":"LE CREUSET Amour Niedrige herzf\u00f6rmige Gusseisenpfanne 20 cm Kirsche"},"content":{"rendered":"<p>Vom K\u00f6cheln wohltuender Eint\u00f6pfe bis zum Backen luftiger Fladenbrote \u2013 diese herzf\u00f6rmige Cocotte ist ein echter Allesk\u00f6nner. Gefertigt aus hochwertigem emailliertem Gusseisen und mit einem herzf\u00f6rmigen Knauf, ist dieser K\u00fcchenhelfer sowohl f\u00fcr den Herd als auch f\u00fcr den Backofen geeignet und verleiht jedem Tisch einen Hauch von Romantik.<\/p>\n<p>Produktdetails:<\/p>\n<p>Unser hitzebest\u00e4ndiger Knauf (bis 260 \u00b0C) sorgt f\u00fcr hervorragenden Halt, selbst beim Anheben des Deckels mit Topflappen.<br \/>\nSchnelle Reinigung: Eine d\u00fcnne Emailleschicht auf der Innenseite erleichtert die Reinigung.<br \/>\nEin echtes Allroundtalent: Geeignet f\u00fcr Backofen, Herd, Induktion und Backofengrill.<br \/>\nHervorragender Geschmack: Emailliertes Gusseisen speichert die W\u00e4rme f\u00fcr gleichm\u00e4\u00dfiges Garen und Br\u00e4unen. Ihre k\u00f6stlichen Kreationen bleiben l\u00e4nger warm, auch am Tisch.<br \/>\nErh\u00e4lt den Geschmack: Unser Deckel h\u00e4lt den beim Kochen entstehenden Dampf zur\u00fcck und verst\u00e4rkt die Aromen \u2013 f\u00fcr au\u00dfergew\u00f6hnliche Kochergebnisse.<br \/>\nGriffig: Die eleganten und bequemen Griffe erm\u00f6glichen ein sicheres Anheben des Produkts.<br \/>\nNicht zu hei\u00df: Kochen Sie bei konstanter Hitze (niedrig bis mittel), um Ihr Gusseisenprodukt zu schonen und k\u00f6stliche Ergebnisse zu erzielen.<br \/>\nKlassenbester: Unsere Produkte werden aus den hochwertigsten Materialien hergestellt, um h\u00f6chste Qualit\u00e4t zu garantieren.<\/p>\n<p>Material: Gusseisen<br \/>\nHergestellt in: Frankreich<br \/>\nGarantie: Lebenslang<\/p>\n<p>W\u00e4rmequelle:<\/p>\n<p>Backofen<br \/>\nGrillfunktion<br \/>\nElektroherd<br \/>\nGlaskeramik<br \/>\nGas Kochfeld<br \/>\nInduktionskochfeld<\/p>\n<p>Reinigung und Pflege:<\/p>\n<p>Warten Sie, bis das Produkt abgek\u00fchlt ist, bevor Sie mit der Reinigung beginnen.<br \/>\nEntfernen Sie Speisereste vom Boden und den Seiten des Produkts. Sollten Speisereste festsitzen, f\u00fcllen Sie das Produkt mit hei\u00dfem Sp\u00fclwasser und lassen Sie es 15\u201320 Minuten einweichen, bevor Sie es wie gewohnt sp\u00fclen.<br \/>\nVerwenden Sie keine Scheuermittel oder Metallschw\u00e4mme oder -b\u00fcrsten oder sehr harte Schw\u00e4mme oder B\u00fcrsten auf den Oberfl\u00e4chen.<br \/>\nNach dem Sp\u00fclen gr\u00fcndlich abtrocknen und an einem trockenen Ort aufbewahren.<\/p>\n","protected":false},"excerpt":{"rendered":"<p>Vom K\u00f6cheln wohltuender Eint\u00f6pfe bis zum Backen luftiger Fladenbrote \u2013 diese herzf\u00f6rmige Cocotte ist ein echter Allesk\u00f6nner. Gefertigt aus hochwertigem emailliertem Gusseisen und mit einem herzf\u00f6rmigen Knauf, ist dieser K\u00fcchenhelfer sowohl f\u00fcr den Herd als auch f\u00fcr den Backofen geeignet und verleiht jedem Tisch einen Hauch von Romantik. Produktdetails: Unser hitzebest\u00e4ndiger Knauf (bis 260 \u00b0C) [&hellip;]<\/p>\n","protected":false},"featured_media":6294802,"template":"","meta":{"_acf_changed":false},"product_cat":[12120,12099],"product_tag":[],"class_list":{"0":"post-1600980","1":"product","2":"type-product","3":"status-publish","4":"has-post-thumbnail","6":"product_cat-schmorpfannen","7":"product_cat-toepfe-pfannen","9":"first","10":"instock","11":"sale","12":"taxable","13":"shipping-taxable","14":"purchasable","15":"product-type-simple","swatches":"rey-swatches","show_selected":"","stretch_labels":"rey-swatches--stretch-labels"},"acf":[],"yoast_head":"<!-- This site is optimized with the Yoast SEO plugin v25.4 - https:\/\/yoast.com\/wordpress\/plugins\/seo\/ -->\n<title>LE CREUSET Amour Niedrige herzf\u00f6rmige Gusseisenpfanne 20 cm Kirsche - dev6 Erresse<\/title>\n<meta name=\"description\" content=\"Vom K\u00f6cheln wohltuender Eint\u00f6pfe bis zum Backen luftiger Fladenbrote \u2013 diese herzf\u00f6rmige Cocotte ist ein echter Allesk\u00f6nner. Gefertigt aus hochwertigem\" \/>\n<meta name=\"robots\" content=\"noindex, follow, max-snippet:-1, max-image-preview:large, max-video-preview:-1\" \/>\n<meta property=\"og:locale\" content=\"de_DE\" \/>\n<meta property=\"og:type\" content=\"article\" \/>\n<meta property=\"og:title\" content=\"LE CREUSET Amour Niedrige herzf\u00f6rmige Gusseisenpfanne 20 cm Kirsche - dev6 Erresse\" \/>\n<meta property=\"og:description\" content=\"Vom K\u00f6cheln wohltuender Eint\u00f6pfe bis zum Backen luftiger Fladenbrote \u2013 diese herzf\u00f6rmige Cocotte ist ein echter Allesk\u00f6nner. Gefertigt aus hochwertigem\" \/>\n<meta property=\"og:url\" content=\"https:\/\/dev6.erresse-shop.it\/de\/shop\/toepfe-pfannen\/schmorpfannen\/le-creuset-amour-niedrige-herzfoermige-gusseisenpfanne-20-cm-kirsche\/\" \/>\n<meta property=\"og:site_name\" content=\"dev6 Erresse\" \/>\n<meta property=\"og:image\" content=\"https:\/\/interpim.erresse-shop.it\/Import\/Prodotti\/le-creuset-amour-tegame-basso-a-cuore-in-ghisa-20-cm-ciliegia.jpg\" \/><meta property=\"og:image\" content=\"https:\/\/interpim.erresse-shop.it\/Import\/Prodotti\/le-creuset-amour-tegame-basso-a-cuore-in-ghisa-20-cm-ciliegia.jpg\" \/>\n\t<meta property=\"og:image:width\" content=\"1024\" \/>\n\t<meta property=\"og:image:height\" content=\"1024\" \/>\n\t<meta property=\"og:image:type\" content=\"image\/jpeg\" \/>\n<meta name=\"twitter:card\" content=\"summary_large_image\" \/>\n<meta name=\"twitter:image\" content=\"https:\/\/interpim.erresse-shop.it\/Import\/Prodotti\/le-creuset-amour-tegame-basso-a-cuore-in-ghisa-20-cm-ciliegia.jpg\" \/>\n<script type=\"application\/ld+json\" class=\"yoast-schema-graph\">{\"@context\":\"https:\/\/schema.org\",\"@graph\":[{\"@type\":\"WebPage\",\"@id\":\"https:\/\/dev6.erresse-shop.it\/de\/shop\/toepfe-pfannen\/schmorpfannen\/le-creuset-amour-niedrige-herzfoermige-gusseisenpfanne-20-cm-kirsche\/\",\"url\":\"https:\/\/dev6.erresse-shop.it\/de\/shop\/toepfe-pfannen\/schmorpfannen\/le-creuset-amour-niedrige-herzfoermige-gusseisenpfanne-20-cm-kirsche\/\",\"name\":\"LE CREUSET Amour Niedrige herzf\u00f6rmige Gusseisenpfanne 20 cm Kirsche - dev6 Erresse\",\"isPartOf\":{\"@id\":\"https:\/\/dev6.erresse-shop.it\/#website\"},\"primaryImageOfPage\":{\"@id\":\"https:\/\/dev6.erresse-shop.it\/de\/shop\/toepfe-pfannen\/schmorpfannen\/le-creuset-amour-niedrige-herzfoermige-gusseisenpfanne-20-cm-kirsche\/#primaryimage\"},\"image\":{\"@id\":\"https:\/\/dev6.erresse-shop.it\/de\/shop\/toepfe-pfannen\/schmorpfannen\/le-creuset-amour-niedrige-herzfoermige-gusseisenpfanne-20-cm-kirsche\/#primaryimage\"},\"thumbnailUrl\":\"https:\/\/i0.wp.com\/interpim.erresse-shop.it\/Import\/Prodotti\/le-creuset-amour-tegame-basso-a-cuore-in-ghisa-20-cm-ciliegia.jpg?ssl=1\",\"datePublished\":\"2026-04-04T11:39:38+00:00\",\"description\":\"Vom K\u00f6cheln wohltuender Eint\u00f6pfe bis zum Backen luftiger Fladenbrote \u2013 diese herzf\u00f6rmige Cocotte ist ein echter Allesk\u00f6nner. Gefertigt aus hochwertigem\",\"breadcrumb\":{\"@id\":\"https:\/\/dev6.erresse-shop.it\/de\/shop\/toepfe-pfannen\/schmorpfannen\/le-creuset-amour-niedrige-herzfoermige-gusseisenpfanne-20-cm-kirsche\/#breadcrumb\"},\"inLanguage\":\"de\",\"potentialAction\":[{\"@type\":\"ReadAction\",\"target\":[\"https:\/\/dev6.erresse-shop.it\/de\/shop\/toepfe-pfannen\/schmorpfannen\/le-creuset-amour-niedrige-herzfoermige-gusseisenpfanne-20-cm-kirsche\/\"]}]},{\"@type\":\"ImageObject\",\"inLanguage\":\"de\",\"@id\":\"https:\/\/dev6.erresse-shop.it\/de\/shop\/toepfe-pfannen\/schmorpfannen\/le-creuset-amour-niedrige-herzfoermige-gusseisenpfanne-20-cm-kirsche\/#primaryimage\",\"url\":\"https:\/\/i0.wp.com\/interpim.erresse-shop.it\/Import\/Prodotti\/le-creuset-amour-tegame-basso-a-cuore-in-ghisa-20-cm-ciliegia.jpg?ssl=1\",\"contentUrl\":\"https:\/\/i0.wp.com\/interpim.erresse-shop.it\/Import\/Prodotti\/le-creuset-amour-tegame-basso-a-cuore-in-ghisa-20-cm-ciliegia.jpg?ssl=1\"},{\"@type\":\"BreadcrumbList\",\"@id\":\"https:\/\/dev6.erresse-shop.it\/de\/shop\/toepfe-pfannen\/schmorpfannen\/le-creuset-amour-niedrige-herzfoermige-gusseisenpfanne-20-cm-kirsche\/#breadcrumb\",\"itemListElement\":[{\"@type\":\"ListItem\",\"position\":1,\"name\":\"Home\",\"item\":\"https:\/\/dev6.erresse-shop.it\/\"},{\"@type\":\"ListItem\",\"position\":2,\"name\":\"Shop\",\"item\":\"https:\/\/dev6.erresse-shop.it\/shop\/\"},{\"@type\":\"ListItem\",\"position\":3,\"name\":\"LE CREUSET Amour Niedrige herzf\u00f6rmige Gusseisenpfanne 20 cm Kirsche\"}]},{\"@type\":\"WebSite\",\"@id\":\"https:\/\/dev6.erresse-shop.it\/#website\",\"url\":\"https:\/\/dev6.erresse-shop.it\/\",\"name\":\"Erresse Shop\",\"description\":\"\",\"publisher\":{\"@id\":\"https:\/\/dev6.erresse-shop.it\/#organization\"},\"potentialAction\":[{\"@type\":\"SearchAction\",\"target\":{\"@type\":\"EntryPoint\",\"urlTemplate\":\"https:\/\/dev6.erresse-shop.it\/?s={search_term_string}\"},\"query-input\":{\"@type\":\"PropertyValueSpecification\",\"valueRequired\":true,\"valueName\":\"search_term_string\"}}],\"inLanguage\":\"de\"},{\"@type\":\"Organization\",\"@id\":\"https:\/\/dev6.erresse-shop.it\/#organization\",\"name\":\"Erresse Shop\",\"url\":\"https:\/\/dev6.erresse-shop.it\/\",\"logo\":{\"@type\":\"ImageObject\",\"inLanguage\":\"de\",\"@id\":\"https:\/\/dev6.erresse-shop.it\/#\/schema\/logo\/image\/\",\"url\":\"https:\/\/dev6.erresse-shop.it\/wp-content\/uploads\/2025\/01\/LOGO-ERRESSE-CLASSICO.svg\",\"contentUrl\":\"https:\/\/dev6.erresse-shop.it\/wp-content\/uploads\/2025\/01\/LOGO-ERRESSE-CLASSICO.svg\",\"caption\":\"Erresse Shop\"},\"image\":{\"@id\":\"https:\/\/dev6.erresse-shop.it\/#\/schema\/logo\/image\/\"}}]}<\/script>\n<!-- \/ Yoast SEO plugin. -->","yoast_head_json":{"title":"LE CREUSET Amour Niedrige herzf\u00f6rmige Gusseisenpfanne 20 cm Kirsche - dev6 Erresse","description":"Vom K\u00f6cheln wohltuender Eint\u00f6pfe bis zum Backen luftiger Fladenbrote \u2013 diese herzf\u00f6rmige Cocotte ist ein echter Allesk\u00f6nner. Gefertigt aus hochwertigem","robots":{"index":"noindex","follow":"follow","max-snippet":"max-snippet:-1","max-image-preview":"max-image-preview:large","max-video-preview":"max-video-preview:-1"},"og_locale":"de_DE","og_type":"article","og_title":"LE CREUSET Amour Niedrige herzf\u00f6rmige Gusseisenpfanne 20 cm Kirsche - dev6 Erresse","og_description":"Vom K\u00f6cheln wohltuender Eint\u00f6pfe bis zum Backen luftiger Fladenbrote \u2013 diese herzf\u00f6rmige Cocotte ist ein echter Allesk\u00f6nner. Gefertigt aus hochwertigem","og_url":"https:\/\/dev6.erresse-shop.it\/de\/shop\/toepfe-pfannen\/schmorpfannen\/le-creuset-amour-niedrige-herzfoermige-gusseisenpfanne-20-cm-kirsche\/","og_site_name":"dev6 Erresse","og_image":[{"url":"https:\/\/interpim.erresse-shop.it\/Import\/Prodotti\/le-creuset-amour-tegame-basso-a-cuore-in-ghisa-20-cm-ciliegia.jpg","type":"","width":"","height":""},{"url":"https:\/\/interpim.erresse-shop.it\/Import\/Prodotti\/le-creuset-amour-tegame-basso-a-cuore-in-ghisa-20-cm-ciliegia.jpg","width":1024,"height":1024,"type":"image\/jpeg"}],"twitter_card":"summary_large_image","twitter_image":"https:\/\/interpim.erresse-shop.it\/Import\/Prodotti\/le-creuset-amour-tegame-basso-a-cuore-in-ghisa-20-cm-ciliegia.jpg","schema":{"@context":"https:\/\/schema.org","@graph":[{"@type":"WebPage","@id":"https:\/\/dev6.erresse-shop.it\/de\/shop\/toepfe-pfannen\/schmorpfannen\/le-creuset-amour-niedrige-herzfoermige-gusseisenpfanne-20-cm-kirsche\/","url":"https:\/\/dev6.erresse-shop.it\/de\/shop\/toepfe-pfannen\/schmorpfannen\/le-creuset-amour-niedrige-herzfoermige-gusseisenpfanne-20-cm-kirsche\/","name":"LE CREUSET Amour Niedrige herzf\u00f6rmige Gusseisenpfanne 20 cm Kirsche - dev6 Erresse","isPartOf":{"@id":"https:\/\/dev6.erresse-shop.it\/#website"},"primaryImageOfPage":{"@id":"https:\/\/dev6.erresse-shop.it\/de\/shop\/toepfe-pfannen\/schmorpfannen\/le-creuset-amour-niedrige-herzfoermige-gusseisenpfanne-20-cm-kirsche\/#primaryimage"},"image":{"@id":"https:\/\/dev6.erresse-shop.it\/de\/shop\/toepfe-pfannen\/schmorpfannen\/le-creuset-amour-niedrige-herzfoermige-gusseisenpfanne-20-cm-kirsche\/#primaryimage"},"thumbnailUrl":"https:\/\/i0.wp.com\/interpim.erresse-shop.it\/Import\/Prodotti\/le-creuset-amour-tegame-basso-a-cuore-in-ghisa-20-cm-ciliegia.jpg?ssl=1","datePublished":"2026-04-04T11:39:38+00:00","description":"Vom K\u00f6cheln wohltuender Eint\u00f6pfe bis zum Backen luftiger Fladenbrote \u2013 diese herzf\u00f6rmige Cocotte ist ein echter Allesk\u00f6nner. Gefertigt aus hochwertigem","breadcrumb":{"@id":"https:\/\/dev6.erresse-shop.it\/de\/shop\/toepfe-pfannen\/schmorpfannen\/le-creuset-amour-niedrige-herzfoermige-gusseisenpfanne-20-cm-kirsche\/#breadcrumb"},"inLanguage":"de","potentialAction":[{"@type":"ReadAction","target":["https:\/\/dev6.erresse-shop.it\/de\/shop\/toepfe-pfannen\/schmorpfannen\/le-creuset-amour-niedrige-herzfoermige-gusseisenpfanne-20-cm-kirsche\/"]}]},{"@type":"ImageObject","inLanguage":"de","@id":"https:\/\/dev6.erresse-shop.it\/de\/shop\/toepfe-pfannen\/schmorpfannen\/le-creuset-amour-niedrige-herzfoermige-gusseisenpfanne-20-cm-kirsche\/#primaryimage","url":"https:\/\/i0.wp.com\/interpim.erresse-shop.it\/Import\/Prodotti\/le-creuset-amour-tegame-basso-a-cuore-in-ghisa-20-cm-ciliegia.jpg?ssl=1","contentUrl":"https:\/\/i0.wp.com\/interpim.erresse-shop.it\/Import\/Prodotti\/le-creuset-amour-tegame-basso-a-cuore-in-ghisa-20-cm-ciliegia.jpg?ssl=1"},{"@type":"BreadcrumbList","@id":"https:\/\/dev6.erresse-shop.it\/de\/shop\/toepfe-pfannen\/schmorpfannen\/le-creuset-amour-niedrige-herzfoermige-gusseisenpfanne-20-cm-kirsche\/#breadcrumb","itemListElement":[{"@type":"ListItem","position":1,"name":"Home","item":"https:\/\/dev6.erresse-shop.it\/"},{"@type":"ListItem","position":2,"name":"Shop","item":"https:\/\/dev6.erresse-shop.it\/shop\/"},{"@type":"ListItem","position":3,"name":"LE CREUSET Amour Niedrige herzf\u00f6rmige Gusseisenpfanne 20 cm Kirsche"}]},{"@type":"WebSite","@id":"https:\/\/dev6.erresse-shop.it\/#website","url":"https:\/\/dev6.erresse-shop.it\/","name":"Erresse Shop","description":"","publisher":{"@id":"https:\/\/dev6.erresse-shop.it\/#organization"},"potentialAction":[{"@type":"SearchAction","target":{"@type":"EntryPoint","urlTemplate":"https:\/\/dev6.erresse-shop.it\/?s={search_term_string}"},"query-input":{"@type":"PropertyValueSpecification","valueRequired":true,"valueName":"search_term_string"}}],"inLanguage":"de"},{"@type":"Organization","@id":"https:\/\/dev6.erresse-shop.it\/#organization","name":"Erresse Shop","url":"https:\/\/dev6.erresse-shop.it\/","logo":{"@type":"ImageObject","inLanguage":"de","@id":"https:\/\/dev6.erresse-shop.it\/#\/schema\/logo\/image\/","url":"https:\/\/dev6.erresse-shop.it\/wp-content\/uploads\/2025\/01\/LOGO-ERRESSE-CLASSICO.svg","contentUrl":"https:\/\/dev6.erresse-shop.it\/wp-content\/uploads\/2025\/01\/LOGO-ERRESSE-CLASSICO.svg","caption":"Erresse Shop"},"image":{"@id":"https:\/\/dev6.erresse-shop.it\/#\/schema\/logo\/image\/"}}]}},"df_price":149.95,"df_sale_price":149.95,"df_regular_price":215,"df_image_link":"https:\/\/i0.wp.com\/interpim.erresse-shop.it\/Import\/Prodotti\/le-creuset-amour-tegame-basso-a-cuore-in-ghisa-20-cm-ciliegia.jpg?resize=300,300&ssl=1","fifu_image_url":"https:\/\/interpim.erresse-shop.it\/Import\/Prodotti\/le-creuset-amour-tegame-basso-a-cuore-in-ghisa-20-cm-ciliegia.jpg","_links":{"self":[{"href":"https:\/\/dev6.erresse-shop.it\/de\/wp-json\/wp\/v2\/product\/1600980","targetHints":{"allow":["GET"]}}],"collection":[{"href":"https:\/\/dev6.erresse-shop.it\/de\/wp-json\/wp\/v2\/product"}],"about":[{"href":"https:\/\/dev6.erresse-shop.it\/de\/wp-json\/wp\/v2\/types\/product"}],"wp:featuredmedia":[{"embeddable":true,"href":"https:\/\/dev6.erresse-shop.it\/de\/wp-json\/wp\/v2\/media\/6294802"}],"wp:attachment":[{"href":"https:\/\/dev6.erresse-shop.it\/de\/wp-json\/wp\/v2\/media?parent=1600980"}],"wp:term":[{"taxonomy":"product_cat","embeddable":true,"href":"https:\/\/dev6.erresse-shop.it\/de\/wp-json\/wp\/v2\/product_cat?post=1600980"},{"taxonomy":"product_tag","embeddable":true,"href":"https:\/\/dev6.erresse-shop.it\/de\/wp-json\/wp\/v2\/product_tag?post=1600980"}],"curies":[{"name":"wp","href":"https:\/\/api.w.org\/{rel}","templated":true}]}}