{"id":1600956,"date":"2026-04-12T13:42:00","date_gmt":"2026-04-12T11:42:00","guid":{"rendered":"https:\/\/dev6.erresse-shop.it\/shop\/unkategorisiert\/le-creuset-amour-gusseisen-herzbraeter-kirschrot-cm-20-cm-sea-salt\/"},"modified":"2025-09-14T03:16:02","modified_gmt":"2025-09-14T01:16:02","slug":"le-creuset-amour-gusseisen-herzbraeter-kirschrot-cm-20-cm-sea-salt","status":"publish","type":"product","link":"https:\/\/dev6.erresse-shop.it\/de\/shop\/toepfe-pfannen\/toepfe-und-kochtoepfen\/le-creuset-amour-gusseisen-herzbraeter-kirschrot-cm-20-cm-sea-salt\/","title":{"rendered":"LE CREUSET Amour Gusseisen Herzbr\u00e4ter Kirschrot cm 20 cm Sea Salt"},"content":{"rendered":"<p>Dieses mit Liebe gefertigte Kultst\u00fcck ist die perfekte Geschenkidee f\u00fcr unvergessliche Momente zum Muttertag, Valentinstag, Geburtstag oder zur Hochzeit. Die h\u00fcbsche Herzform unterscheidet es von anderen T\u00f6pfen und Pfannen der emaillierten Gusseisenkollektion, die Funktionalit\u00e4t ist jedoch dieselbe. Das emaillierte Gusseisen erhitzt sich gleichm\u00e4\u00dfig f\u00fcr k\u00f6stliche Aromen und h\u00e4lt Speisen l\u00e4nger warm. Es eignet sich perfekt f\u00fcr Eint\u00f6pfe, Braten, Suppen und herzf\u00f6rmige Kuchen. Der sch\u00f6ne, hitzebest\u00e4ndige Herzknauf verleiht dem Topf zus\u00e4tzliche Eleganz.<\/p>\n<p>Produktdetails:<\/p>\n<p>Unser hitzebest\u00e4ndiger Deckelknopf (bis 260 \u00b0C) bietet optimalen Halt, selbst beim Anheben des Deckels mit einem Topflappen.<br \/>\nSchnelle Reinigung: Eine d\u00fcnne Emailleschicht auf der Innenseite erleichtert die Reinigung.<br \/>\nVielseitig: Dieses Produkt ist f\u00fcr Backofen, Herd, Induktion und Grill geeignet.<br \/>\nHervorragender Geschmack: Das emaillierte Gusseisen speichert die W\u00e4rme f\u00fcr gleichm\u00e4\u00dfiges Garen und Br\u00e4unen. Ihre k\u00f6stlichen Kreationen bleiben l\u00e4nger warm, auch am Tisch.<br \/>\nH\u00e4lt Feuchtigkeit: Unser Deckel h\u00e4lt den beim Kochen entstehenden Dampf zur\u00fcck und verst\u00e4rkt so die Aromen \u2013 f\u00fcr au\u00dfergew\u00f6hnliche Kochergebnisse.<br \/>\nGriffig: Die eleganten und komfortablen Griffe erm\u00f6glichen ein sicheres Anheben des Produkts.<br \/>\nNicht zu hei\u00df: Kochen Sie bei konstanter Hitze (niedrig bis mittel), um Ihr Gusseisenprodukt zu schonen und k\u00f6stliche Ergebnisse zu erzielen.<br \/>\nKlassenbester: Unsere Produkte werden aus den hochwertigsten Materialien hergestellt, um h\u00f6chste Qualit\u00e4t zu gew\u00e4hrleisten.<\/p>\n<p>Material: Gusseisen<br \/>\nHergestellt in: Frankreich<br \/>\nGarantie: Lebenslang<\/p>\n<p>W\u00e4rmequelle:<\/p>\n<p>Backofen<br \/>\nGrillfunktion<br \/>\nElektroherd<br \/>\nGlaskeramik<br \/>\nGas Kochfeld<br \/>\nInduktionskochfeld<\/p>\n<p>Reinigung und Pflege:<\/p>\n<p>Warten Sie, bis das Produkt abgek\u00fchlt ist, bevor Sie mit der Reinigung beginnen.<br \/>\nEntfernen Sie Speisereste vom Boden und den Seiten des Produkts. Sollten Speisereste festsitzen, f\u00fcllen Sie das Produkt mit hei\u00dfem Sp\u00fclwasser und lassen Sie es 15\u201320 Minuten einweichen, bevor Sie es wie gewohnt sp\u00fclen.<br \/>\nVerwenden Sie keine Scheuermittel oder Metallschw\u00e4mme oder -b\u00fcrsten oder sehr harte Schw\u00e4mme oder B\u00fcrsten auf den Oberfl\u00e4chen.<br \/>\nNach dem Sp\u00fclen gr\u00fcndlich abtrocknen und an einem trockenen Ort aufbewahren.<\/p>\n","protected":false},"excerpt":{"rendered":"<p>Dieses mit Liebe gefertigte Kultst\u00fcck ist die perfekte Geschenkidee f\u00fcr unvergessliche Momente zum Muttertag, Valentinstag, Geburtstag oder zur Hochzeit. Die h\u00fcbsche Herzform unterscheidet es von anderen T\u00f6pfen und Pfannen der emaillierten Gusseisenkollektion, die Funktionalit\u00e4t ist jedoch dieselbe. Das emaillierte Gusseisen erhitzt sich gleichm\u00e4\u00dfig f\u00fcr k\u00f6stliche Aromen und h\u00e4lt Speisen l\u00e4nger warm. Es eignet sich perfekt [&hellip;]<\/p>\n","protected":false},"featured_media":6377919,"template":"","meta":{"_acf_changed":false},"product_cat":[12109,12099],"product_tag":[],"class_list":{"0":"post-1600956","1":"product","2":"type-product","3":"status-publish","4":"has-post-thumbnail","6":"product_cat-toepfe-und-kochtoepfen","7":"product_cat-toepfe-pfannen","9":"first","10":"instock","11":"sale","12":"taxable","13":"shipping-taxable","14":"purchasable","15":"product-type-simple","swatches":"rey-swatches","show_selected":"","stretch_labels":"rey-swatches--stretch-labels"},"acf":[],"yoast_head":"<!-- This site is optimized with the Yoast SEO plugin v25.4 - https:\/\/yoast.com\/wordpress\/plugins\/seo\/ -->\n<title>LE CREUSET Amour Gusseisen Herzbr\u00e4ter Kirschrot cm 20 cm Sea Salt - dev6 Erresse<\/title>\n<meta name=\"description\" content=\"Dieses mit Liebe gefertigte Kultst\u00fcck ist die perfekte Geschenkidee f\u00fcr unvergessliche Momente zum Muttertag, Valentinstag, Geburtstag oder zur Hochzeit.\" \/>\n<meta name=\"robots\" content=\"noindex, follow, max-snippet:-1, max-image-preview:large, max-video-preview:-1\" \/>\n<meta property=\"og:locale\" content=\"de_DE\" \/>\n<meta property=\"og:type\" content=\"article\" \/>\n<meta property=\"og:title\" content=\"LE CREUSET Amour Gusseisen Herzbr\u00e4ter Kirschrot cm 20 cm Sea Salt - dev6 Erresse\" \/>\n<meta property=\"og:description\" content=\"Dieses mit Liebe gefertigte Kultst\u00fcck ist die perfekte Geschenkidee f\u00fcr unvergessliche Momente zum Muttertag, Valentinstag, Geburtstag oder zur Hochzeit.\" \/>\n<meta property=\"og:url\" content=\"https:\/\/dev6.erresse-shop.it\/de\/shop\/toepfe-pfannen\/toepfe-und-kochtoepfen\/le-creuset-amour-gusseisen-herzbraeter-kirschrot-cm-20-cm-sea-salt\/\" \/>\n<meta property=\"og:site_name\" content=\"dev6 Erresse\" \/>\n<meta property=\"og:image\" content=\"https:\/\/interpim.erresse-shop.it\/wp-content\/uploads\/2025\/03\/LE-CREUSET-Amour-Casseruola-Cuore-20-cm-Sea-Salt.jpg\/le-creuset-amour-casseruola-cuore-20-cm-sea-salt.jpg\" \/><meta property=\"og:image\" content=\"https:\/\/interpim.erresse-shop.it\/wp-content\/uploads\/2025\/03\/LE-CREUSET-Amour-Casseruola-Cuore-20-cm-Sea-Salt.jpg\/le-creuset-amour-casseruola-cuore-20-cm-sea-salt.jpg\" \/>\n\t<meta property=\"og:image:width\" content=\"1024\" \/>\n\t<meta property=\"og:image:height\" content=\"1024\" \/>\n\t<meta property=\"og:image:type\" content=\"image\/jpeg\" \/>\n<meta name=\"twitter:card\" content=\"summary_large_image\" \/>\n<meta name=\"twitter:image\" content=\"https:\/\/interpim.erresse-shop.it\/wp-content\/uploads\/2025\/03\/LE-CREUSET-Amour-Casseruola-Cuore-20-cm-Sea-Salt.jpg\/le-creuset-amour-casseruola-cuore-20-cm-sea-salt.jpg\" \/>\n<script type=\"application\/ld+json\" class=\"yoast-schema-graph\">{\"@context\":\"https:\/\/schema.org\",\"@graph\":[{\"@type\":\"WebPage\",\"@id\":\"https:\/\/dev6.erresse-shop.it\/de\/shop\/toepfe-pfannen\/toepfe-und-kochtoepfen\/le-creuset-amour-gusseisen-herzbraeter-kirschrot-cm-20-cm-sea-salt\/\",\"url\":\"https:\/\/dev6.erresse-shop.it\/de\/shop\/toepfe-pfannen\/toepfe-und-kochtoepfen\/le-creuset-amour-gusseisen-herzbraeter-kirschrot-cm-20-cm-sea-salt\/\",\"name\":\"LE CREUSET Amour Gusseisen Herzbr\u00e4ter Kirschrot cm 20 cm Sea Salt - dev6 Erresse\",\"isPartOf\":{\"@id\":\"https:\/\/dev6.erresse-shop.it\/#website\"},\"primaryImageOfPage\":{\"@id\":\"https:\/\/dev6.erresse-shop.it\/de\/shop\/toepfe-pfannen\/toepfe-und-kochtoepfen\/le-creuset-amour-gusseisen-herzbraeter-kirschrot-cm-20-cm-sea-salt\/#primaryimage\"},\"image\":{\"@id\":\"https:\/\/dev6.erresse-shop.it\/de\/shop\/toepfe-pfannen\/toepfe-und-kochtoepfen\/le-creuset-amour-gusseisen-herzbraeter-kirschrot-cm-20-cm-sea-salt\/#primaryimage\"},\"thumbnailUrl\":\"https:\/\/i2.wp.com\/interpim.erresse-shop.it\/wp-content\/uploads\/2025\/03\/LE-CREUSET-Amour-Casseruola-Cuore-20-cm-Sea-Salt.jpg\/le-creuset-amour-casseruola-cuore-20-cm-sea-salt.jpg?ssl=1\",\"datePublished\":\"2026-04-12T11:42:00+00:00\",\"description\":\"Dieses mit Liebe gefertigte Kultst\u00fcck ist die perfekte Geschenkidee f\u00fcr unvergessliche Momente zum Muttertag, Valentinstag, Geburtstag oder zur Hochzeit.\",\"breadcrumb\":{\"@id\":\"https:\/\/dev6.erresse-shop.it\/de\/shop\/toepfe-pfannen\/toepfe-und-kochtoepfen\/le-creuset-amour-gusseisen-herzbraeter-kirschrot-cm-20-cm-sea-salt\/#breadcrumb\"},\"inLanguage\":\"de\",\"potentialAction\":[{\"@type\":\"ReadAction\",\"target\":[\"https:\/\/dev6.erresse-shop.it\/de\/shop\/toepfe-pfannen\/toepfe-und-kochtoepfen\/le-creuset-amour-gusseisen-herzbraeter-kirschrot-cm-20-cm-sea-salt\/\"]}]},{\"@type\":\"ImageObject\",\"inLanguage\":\"de\",\"@id\":\"https:\/\/dev6.erresse-shop.it\/de\/shop\/toepfe-pfannen\/toepfe-und-kochtoepfen\/le-creuset-amour-gusseisen-herzbraeter-kirschrot-cm-20-cm-sea-salt\/#primaryimage\",\"url\":\"https:\/\/i2.wp.com\/interpim.erresse-shop.it\/wp-content\/uploads\/2025\/03\/LE-CREUSET-Amour-Casseruola-Cuore-20-cm-Sea-Salt.jpg\/le-creuset-amour-casseruola-cuore-20-cm-sea-salt.jpg?ssl=1\",\"contentUrl\":\"https:\/\/i2.wp.com\/interpim.erresse-shop.it\/wp-content\/uploads\/2025\/03\/LE-CREUSET-Amour-Casseruola-Cuore-20-cm-Sea-Salt.jpg\/le-creuset-amour-casseruola-cuore-20-cm-sea-salt.jpg?ssl=1\"},{\"@type\":\"BreadcrumbList\",\"@id\":\"https:\/\/dev6.erresse-shop.it\/de\/shop\/toepfe-pfannen\/toepfe-und-kochtoepfen\/le-creuset-amour-gusseisen-herzbraeter-kirschrot-cm-20-cm-sea-salt\/#breadcrumb\",\"itemListElement\":[{\"@type\":\"ListItem\",\"position\":1,\"name\":\"Home\",\"item\":\"https:\/\/dev6.erresse-shop.it\/\"},{\"@type\":\"ListItem\",\"position\":2,\"name\":\"Shop\",\"item\":\"https:\/\/dev6.erresse-shop.it\/shop\/\"},{\"@type\":\"ListItem\",\"position\":3,\"name\":\"LE CREUSET Amour Gusseisen Herzbr\u00e4ter Kirschrot cm 20 cm Sea Salt\"}]},{\"@type\":\"WebSite\",\"@id\":\"https:\/\/dev6.erresse-shop.it\/#website\",\"url\":\"https:\/\/dev6.erresse-shop.it\/\",\"name\":\"Erresse Shop\",\"description\":\"\",\"publisher\":{\"@id\":\"https:\/\/dev6.erresse-shop.it\/#organization\"},\"potentialAction\":[{\"@type\":\"SearchAction\",\"target\":{\"@type\":\"EntryPoint\",\"urlTemplate\":\"https:\/\/dev6.erresse-shop.it\/?s={search_term_string}\"},\"query-input\":{\"@type\":\"PropertyValueSpecification\",\"valueRequired\":true,\"valueName\":\"search_term_string\"}}],\"inLanguage\":\"de\"},{\"@type\":\"Organization\",\"@id\":\"https:\/\/dev6.erresse-shop.it\/#organization\",\"name\":\"Erresse Shop\",\"url\":\"https:\/\/dev6.erresse-shop.it\/\",\"logo\":{\"@type\":\"ImageObject\",\"inLanguage\":\"de\",\"@id\":\"https:\/\/dev6.erresse-shop.it\/#\/schema\/logo\/image\/\",\"url\":\"https:\/\/dev6.erresse-shop.it\/wp-content\/uploads\/2025\/01\/LOGO-ERRESSE-CLASSICO.svg\",\"contentUrl\":\"https:\/\/dev6.erresse-shop.it\/wp-content\/uploads\/2025\/01\/LOGO-ERRESSE-CLASSICO.svg\",\"caption\":\"Erresse Shop\"},\"image\":{\"@id\":\"https:\/\/dev6.erresse-shop.it\/#\/schema\/logo\/image\/\"}}]}<\/script>\n<!-- \/ Yoast SEO plugin. -->","yoast_head_json":{"title":"LE CREUSET Amour Gusseisen Herzbr\u00e4ter Kirschrot cm 20 cm Sea Salt - dev6 Erresse","description":"Dieses mit Liebe gefertigte Kultst\u00fcck ist die perfekte Geschenkidee f\u00fcr unvergessliche Momente zum Muttertag, Valentinstag, Geburtstag oder zur Hochzeit.","robots":{"index":"noindex","follow":"follow","max-snippet":"max-snippet:-1","max-image-preview":"max-image-preview:large","max-video-preview":"max-video-preview:-1"},"og_locale":"de_DE","og_type":"article","og_title":"LE CREUSET Amour Gusseisen Herzbr\u00e4ter Kirschrot cm 20 cm Sea Salt - dev6 Erresse","og_description":"Dieses mit Liebe gefertigte Kultst\u00fcck ist die perfekte Geschenkidee f\u00fcr unvergessliche Momente zum Muttertag, Valentinstag, Geburtstag oder zur Hochzeit.","og_url":"https:\/\/dev6.erresse-shop.it\/de\/shop\/toepfe-pfannen\/toepfe-und-kochtoepfen\/le-creuset-amour-gusseisen-herzbraeter-kirschrot-cm-20-cm-sea-salt\/","og_site_name":"dev6 Erresse","og_image":[{"url":"https:\/\/interpim.erresse-shop.it\/wp-content\/uploads\/2025\/03\/LE-CREUSET-Amour-Casseruola-Cuore-20-cm-Sea-Salt.jpg\/le-creuset-amour-casseruola-cuore-20-cm-sea-salt.jpg","type":"","width":"","height":""},{"url":"https:\/\/interpim.erresse-shop.it\/wp-content\/uploads\/2025\/03\/LE-CREUSET-Amour-Casseruola-Cuore-20-cm-Sea-Salt.jpg\/le-creuset-amour-casseruola-cuore-20-cm-sea-salt.jpg","width":1024,"height":1024,"type":"image\/jpeg"}],"twitter_card":"summary_large_image","twitter_image":"https:\/\/interpim.erresse-shop.it\/wp-content\/uploads\/2025\/03\/LE-CREUSET-Amour-Casseruola-Cuore-20-cm-Sea-Salt.jpg\/le-creuset-amour-casseruola-cuore-20-cm-sea-salt.jpg","schema":{"@context":"https:\/\/schema.org","@graph":[{"@type":"WebPage","@id":"https:\/\/dev6.erresse-shop.it\/de\/shop\/toepfe-pfannen\/toepfe-und-kochtoepfen\/le-creuset-amour-gusseisen-herzbraeter-kirschrot-cm-20-cm-sea-salt\/","url":"https:\/\/dev6.erresse-shop.it\/de\/shop\/toepfe-pfannen\/toepfe-und-kochtoepfen\/le-creuset-amour-gusseisen-herzbraeter-kirschrot-cm-20-cm-sea-salt\/","name":"LE CREUSET Amour Gusseisen Herzbr\u00e4ter Kirschrot cm 20 cm Sea Salt - dev6 Erresse","isPartOf":{"@id":"https:\/\/dev6.erresse-shop.it\/#website"},"primaryImageOfPage":{"@id":"https:\/\/dev6.erresse-shop.it\/de\/shop\/toepfe-pfannen\/toepfe-und-kochtoepfen\/le-creuset-amour-gusseisen-herzbraeter-kirschrot-cm-20-cm-sea-salt\/#primaryimage"},"image":{"@id":"https:\/\/dev6.erresse-shop.it\/de\/shop\/toepfe-pfannen\/toepfe-und-kochtoepfen\/le-creuset-amour-gusseisen-herzbraeter-kirschrot-cm-20-cm-sea-salt\/#primaryimage"},"thumbnailUrl":"https:\/\/i2.wp.com\/interpim.erresse-shop.it\/wp-content\/uploads\/2025\/03\/LE-CREUSET-Amour-Casseruola-Cuore-20-cm-Sea-Salt.jpg\/le-creuset-amour-casseruola-cuore-20-cm-sea-salt.jpg?ssl=1","datePublished":"2026-04-12T11:42:00+00:00","description":"Dieses mit Liebe gefertigte Kultst\u00fcck ist die perfekte Geschenkidee f\u00fcr unvergessliche Momente zum Muttertag, Valentinstag, Geburtstag oder zur Hochzeit.","breadcrumb":{"@id":"https:\/\/dev6.erresse-shop.it\/de\/shop\/toepfe-pfannen\/toepfe-und-kochtoepfen\/le-creuset-amour-gusseisen-herzbraeter-kirschrot-cm-20-cm-sea-salt\/#breadcrumb"},"inLanguage":"de","potentialAction":[{"@type":"ReadAction","target":["https:\/\/dev6.erresse-shop.it\/de\/shop\/toepfe-pfannen\/toepfe-und-kochtoepfen\/le-creuset-amour-gusseisen-herzbraeter-kirschrot-cm-20-cm-sea-salt\/"]}]},{"@type":"ImageObject","inLanguage":"de","@id":"https:\/\/dev6.erresse-shop.it\/de\/shop\/toepfe-pfannen\/toepfe-und-kochtoepfen\/le-creuset-amour-gusseisen-herzbraeter-kirschrot-cm-20-cm-sea-salt\/#primaryimage","url":"https:\/\/i2.wp.com\/interpim.erresse-shop.it\/wp-content\/uploads\/2025\/03\/LE-CREUSET-Amour-Casseruola-Cuore-20-cm-Sea-Salt.jpg\/le-creuset-amour-casseruola-cuore-20-cm-sea-salt.jpg?ssl=1","contentUrl":"https:\/\/i2.wp.com\/interpim.erresse-shop.it\/wp-content\/uploads\/2025\/03\/LE-CREUSET-Amour-Casseruola-Cuore-20-cm-Sea-Salt.jpg\/le-creuset-amour-casseruola-cuore-20-cm-sea-salt.jpg?ssl=1"},{"@type":"BreadcrumbList","@id":"https:\/\/dev6.erresse-shop.it\/de\/shop\/toepfe-pfannen\/toepfe-und-kochtoepfen\/le-creuset-amour-gusseisen-herzbraeter-kirschrot-cm-20-cm-sea-salt\/#breadcrumb","itemListElement":[{"@type":"ListItem","position":1,"name":"Home","item":"https:\/\/dev6.erresse-shop.it\/"},{"@type":"ListItem","position":2,"name":"Shop","item":"https:\/\/dev6.erresse-shop.it\/shop\/"},{"@type":"ListItem","position":3,"name":"LE CREUSET Amour Gusseisen Herzbr\u00e4ter Kirschrot cm 20 cm Sea Salt"}]},{"@type":"WebSite","@id":"https:\/\/dev6.erresse-shop.it\/#website","url":"https:\/\/dev6.erresse-shop.it\/","name":"Erresse Shop","description":"","publisher":{"@id":"https:\/\/dev6.erresse-shop.it\/#organization"},"potentialAction":[{"@type":"SearchAction","target":{"@type":"EntryPoint","urlTemplate":"https:\/\/dev6.erresse-shop.it\/?s={search_term_string}"},"query-input":{"@type":"PropertyValueSpecification","valueRequired":true,"valueName":"search_term_string"}}],"inLanguage":"de"},{"@type":"Organization","@id":"https:\/\/dev6.erresse-shop.it\/#organization","name":"Erresse Shop","url":"https:\/\/dev6.erresse-shop.it\/","logo":{"@type":"ImageObject","inLanguage":"de","@id":"https:\/\/dev6.erresse-shop.it\/#\/schema\/logo\/image\/","url":"https:\/\/dev6.erresse-shop.it\/wp-content\/uploads\/2025\/01\/LOGO-ERRESSE-CLASSICO.svg","contentUrl":"https:\/\/dev6.erresse-shop.it\/wp-content\/uploads\/2025\/01\/LOGO-ERRESSE-CLASSICO.svg","caption":"Erresse Shop"},"image":{"@id":"https:\/\/dev6.erresse-shop.it\/#\/schema\/logo\/image\/"}}]}},"df_price":169.95,"df_sale_price":169.95,"df_regular_price":239,"df_image_link":"https:\/\/i2.wp.com\/interpim.erresse-shop.it\/wp-content\/uploads\/2025\/03\/LE-CREUSET-Amour-Casseruola-Cuore-20-cm-Sea-Salt.jpg\/le-creuset-amour-casseruola-cuore-20-cm-sea-salt.jpg?resize=300,300&ssl=1","fifu_image_url":"https:\/\/interpim.erresse-shop.it\/wp-content\/uploads\/2025\/03\/LE-CREUSET-Amour-Casseruola-Cuore-20-cm-Sea-Salt.jpg\/le-creuset-amour-casseruola-cuore-20-cm-sea-salt.jpg","_links":{"self":[{"href":"https:\/\/dev6.erresse-shop.it\/de\/wp-json\/wp\/v2\/product\/1600956","targetHints":{"allow":["GET"]}}],"collection":[{"href":"https:\/\/dev6.erresse-shop.it\/de\/wp-json\/wp\/v2\/product"}],"about":[{"href":"https:\/\/dev6.erresse-shop.it\/de\/wp-json\/wp\/v2\/types\/product"}],"wp:featuredmedia":[{"embeddable":true,"href":"https:\/\/dev6.erresse-shop.it\/de\/wp-json\/wp\/v2\/media\/6377919"}],"wp:attachment":[{"href":"https:\/\/dev6.erresse-shop.it\/de\/wp-json\/wp\/v2\/media?parent=1600956"}],"wp:term":[{"taxonomy":"product_cat","embeddable":true,"href":"https:\/\/dev6.erresse-shop.it\/de\/wp-json\/wp\/v2\/product_cat?post=1600956"},{"taxonomy":"product_tag","embeddable":true,"href":"https:\/\/dev6.erresse-shop.it\/de\/wp-json\/wp\/v2\/product_tag?post=1600956"}],"curies":[{"name":"wp","href":"https:\/\/api.w.org\/{rel}","templated":true}]}}