{"id":1600950,"date":"2026-04-12T13:42:00","date_gmt":"2026-04-12T11:42:00","guid":{"rendered":"https:\/\/dev6.erresse-shop.it\/shop\/unkategorisiert\/le-creuset-evolution-tiefe-gusseisen-cocotte-24-cm-sea-salt\/"},"modified":"2025-11-27T16:54:32","modified_gmt":"2025-11-27T15:54:32","slug":"le-creuset-evolution-tiefe-gusseisen-cocotte-24-cm-sea-salt","status":"publish","type":"product","link":"https:\/\/dev6.erresse-shop.it\/de\/shop\/toepfe-pfannen\/schalldaempfer-und-kokotten\/le-creuset-evolution-tiefe-gusseisen-cocotte-24-cm-sea-salt\/","title":{"rendered":"LE CREUSET Evolution Tiefe Gusseisen Cocotte 24 cm Sea Salt"},"content":{"rendered":"<p>In diesem emaillierten Gusseisentopf k\u00f6nnen Sie dank der hohen W\u00e4nde gro\u00dfe Portionen zubereiten. Nutzen Sie ihn f\u00fcr Suppen, Eint\u00f6pfe und mehr, besonders wenn Sie f\u00fcr viele Personen kochen m\u00fcssen. Dank dieser gro\u00dfen Cocotte k\u00f6nnen Sie 8 bis 10 Portionen servieren. Stellen Sie ihn auf den Tisch und laden Sie alle ein, sich direkt zu bedienen.<\/p>\n<p style=\"text-align: justify;\">Produktdetails:<\/p>\n<p>Unser hitzebest\u00e4ndiger Deckelknopf (bis 260 \u00b0C) bietet optimalen Halt, selbst mit Topflappen.<br \/>\nSchnell zu reinigen: Eine d\u00fcnne, glasierte Innenschicht erleichtert die Reinigung.<br \/>\nTraumhafte Griffe: Unsere gro\u00dfen Griffe erleichtern den Transport vom Herd zum Tisch, selbst mit Ofenhandschuhen.<br \/>\nVielseitig: Dieses Produkt ist f\u00fcr Backofen, Herd und Grill geeignet.<br \/>\nHervorragender Geschmack: Das glasierte Gusseisen speichert die W\u00e4rme f\u00fcr gleichm\u00e4\u00dfiges Garen und Br\u00e4unen. Ihre k\u00f6stlichen Kreationen bleiben l\u00e4nger warm.<br \/>\nErh\u00e4lt die Saftigkeit: Unser Deckel h\u00e4lt den beim Kochen entstehenden Dampf zur\u00fcck und verst\u00e4rkt die Aromen \u2013 f\u00fcr au\u00dfergew\u00f6hnliche Kochergebnisse.<br \/>\nGriffig: Die eleganten und komfortablen Griffe erm\u00f6glichen ein sicheres Anheben Ihres Produkts.<br \/>\nNicht zu hei\u00df: Kochen Sie bei konstant niedriger bis mittlerer Hitze, um Ihr Gusseisenprodukt zu schonen und k\u00f6stliche Ergebnisse zu erzielen.<br \/>\nKlassenbester: Unsere Produkte werden aus den hochwertigsten Materialien in Fabriken weltweit hergestellt, um die Qualit\u00e4t zu gew\u00e4hrleisten, die Sie von Le Creuset erwarten.<\/p>\n<p>Material: Gusseisen<br \/>\nHergestellt in: Frankreich<br \/>\nGarantie: Lebenslang<\/p>\n<p>Fassungsverm\u00f6gen: 5 l<\/p>\n<p>W\u00e4rmequelle:<\/p>\n<p>Backofen<br \/>\nGrillfunktion<br \/>\nElektro Kochfeld<br \/>\nGlaskeramik<br \/>\nGaskochfeld<br \/>\nInduktionskochfeld<\/p>\n<p>Reinigung und Pflege:<\/p>\n<p>Warten Sie, bis das Produkt abgek\u00fchlt ist, bevor Sie mit der Reinigung beginnen.<br \/>\nEntfernen Sie Speisereste vom Boden und den Seiten des Produkts. Sollten Speisereste festsitzen, f\u00fcllen Sie das Produkt mit hei\u00dfem Sp\u00fclwasser und lassen Sie es 15\u201320 Minuten einweichen, bevor Sie es wie gewohnt sp\u00fclen.<br \/>\nVerwenden Sie keine Scheuermittel oder Metallschw\u00e4mme oder -b\u00fcrsten oder sehr harte Schw\u00e4mme oder B\u00fcrsten auf den Oberfl\u00e4chen.<br \/>\nNach dem Sp\u00fclen gr\u00fcndlich abtrocknen und an einem trockenen Ort aufbewahren.<\/p>\n","protected":false},"excerpt":{"rendered":"<p>In diesem emaillierten Gusseisentopf k\u00f6nnen Sie dank der hohen W\u00e4nde gro\u00dfe Portionen zubereiten. Nutzen Sie ihn f\u00fcr Suppen, Eint\u00f6pfe und mehr, besonders wenn Sie f\u00fcr viele Personen kochen m\u00fcssen. Dank dieser gro\u00dfen Cocotte k\u00f6nnen Sie 8 bis 10 Portionen servieren. Stellen Sie ihn auf den Tisch und laden Sie alle ein, sich direkt zu bedienen. [&hellip;]<\/p>\n","protected":false},"featured_media":6377880,"template":"","meta":{"_acf_changed":false},"product_cat":[12108,12099],"product_tag":[],"class_list":{"0":"post-1600950","1":"product","2":"type-product","3":"status-publish","4":"has-post-thumbnail","6":"product_cat-schalldaempfer-und-kokotten","7":"product_cat-toepfe-pfannen","9":"first","10":"instock","11":"sale","12":"taxable","13":"shipping-taxable","14":"purchasable","15":"product-type-simple","swatches":"rey-swatches","show_selected":"","stretch_labels":"rey-swatches--stretch-labels"},"acf":[],"yoast_head":"<!-- This site is optimized with the Yoast SEO plugin v25.4 - https:\/\/yoast.com\/wordpress\/plugins\/seo\/ -->\n<title>LE CREUSET Evolution Tiefe Gusseisen Cocotte 24 cm Sea Salt - dev6 Erresse<\/title>\n<meta name=\"description\" content=\"In diesem emaillierten Gusseisentopf k\u00f6nnen Sie dank der hohen W\u00e4nde gro\u00dfe Portionen zubereiten. Nutzen Sie ihn f\u00fcr Suppen, Eint\u00f6pfe und mehr, besonders\" \/>\n<meta name=\"robots\" content=\"noindex, follow, max-snippet:-1, max-image-preview:large, max-video-preview:-1\" \/>\n<meta property=\"og:locale\" content=\"de_DE\" \/>\n<meta property=\"og:type\" content=\"article\" \/>\n<meta property=\"og:title\" content=\"LE CREUSET Evolution Tiefe Gusseisen Cocotte 24 cm Sea Salt - dev6 Erresse\" \/>\n<meta property=\"og:description\" content=\"In diesem emaillierten Gusseisentopf k\u00f6nnen Sie dank der hohen W\u00e4nde gro\u00dfe Portionen zubereiten. Nutzen Sie ihn f\u00fcr Suppen, Eint\u00f6pfe und mehr, besonders\" \/>\n<meta property=\"og:url\" content=\"https:\/\/dev6.erresse-shop.it\/de\/shop\/toepfe-pfannen\/schalldaempfer-und-kokotten\/le-creuset-evolution-tiefe-gusseisen-cocotte-24-cm-sea-salt\/\" \/>\n<meta property=\"og:site_name\" content=\"dev6 Erresse\" \/>\n<meta property=\"og:image\" content=\"https:\/\/interpim.erresse-shop.it\/wp-content\/uploads\/2025\/03\/LE-CREUSET-Cocotte-Profonda-Evolution-in-Ghisa-24-cm-Sea-Salt.jpg\/le-creuset-cocotte-profonda-evolution-in-ghisa-24-cm-sea-salt.jpg\" \/><meta property=\"og:image\" content=\"https:\/\/interpim.erresse-shop.it\/wp-content\/uploads\/2025\/03\/LE-CREUSET-Cocotte-Profonda-Evolution-in-Ghisa-24-cm-Sea-Salt.jpg\/le-creuset-cocotte-profonda-evolution-in-ghisa-24-cm-sea-salt.jpg\" \/>\n\t<meta property=\"og:image:width\" content=\"1024\" \/>\n\t<meta property=\"og:image:height\" content=\"1024\" \/>\n\t<meta property=\"og:image:type\" content=\"image\/jpeg\" \/>\n<meta name=\"twitter:card\" content=\"summary_large_image\" \/>\n<meta name=\"twitter:image\" content=\"https:\/\/interpim.erresse-shop.it\/wp-content\/uploads\/2025\/03\/LE-CREUSET-Cocotte-Profonda-Evolution-in-Ghisa-24-cm-Sea-Salt.jpg\/le-creuset-cocotte-profonda-evolution-in-ghisa-24-cm-sea-salt.jpg\" \/>\n<script type=\"application\/ld+json\" class=\"yoast-schema-graph\">{\"@context\":\"https:\/\/schema.org\",\"@graph\":[{\"@type\":\"WebPage\",\"@id\":\"https:\/\/dev6.erresse-shop.it\/de\/shop\/toepfe-pfannen\/schalldaempfer-und-kokotten\/le-creuset-evolution-tiefe-gusseisen-cocotte-24-cm-sea-salt\/\",\"url\":\"https:\/\/dev6.erresse-shop.it\/de\/shop\/toepfe-pfannen\/schalldaempfer-und-kokotten\/le-creuset-evolution-tiefe-gusseisen-cocotte-24-cm-sea-salt\/\",\"name\":\"LE CREUSET Evolution Tiefe Gusseisen Cocotte 24 cm Sea Salt - dev6 Erresse\",\"isPartOf\":{\"@id\":\"https:\/\/dev6.erresse-shop.it\/#website\"},\"primaryImageOfPage\":{\"@id\":\"https:\/\/dev6.erresse-shop.it\/de\/shop\/toepfe-pfannen\/schalldaempfer-und-kokotten\/le-creuset-evolution-tiefe-gusseisen-cocotte-24-cm-sea-salt\/#primaryimage\"},\"image\":{\"@id\":\"https:\/\/dev6.erresse-shop.it\/de\/shop\/toepfe-pfannen\/schalldaempfer-und-kokotten\/le-creuset-evolution-tiefe-gusseisen-cocotte-24-cm-sea-salt\/#primaryimage\"},\"thumbnailUrl\":\"https:\/\/i2.wp.com\/interpim.erresse-shop.it\/wp-content\/uploads\/2025\/03\/LE-CREUSET-Cocotte-Profonda-Evolution-in-Ghisa-24-cm-Sea-Salt.jpg\/le-creuset-cocotte-profonda-evolution-in-ghisa-24-cm-sea-salt.jpg?ssl=1\",\"datePublished\":\"2026-04-12T11:42:00+00:00\",\"description\":\"In diesem emaillierten Gusseisentopf k\u00f6nnen Sie dank der hohen W\u00e4nde gro\u00dfe Portionen zubereiten. Nutzen Sie ihn f\u00fcr Suppen, Eint\u00f6pfe und mehr, besonders\",\"breadcrumb\":{\"@id\":\"https:\/\/dev6.erresse-shop.it\/de\/shop\/toepfe-pfannen\/schalldaempfer-und-kokotten\/le-creuset-evolution-tiefe-gusseisen-cocotte-24-cm-sea-salt\/#breadcrumb\"},\"inLanguage\":\"de\",\"potentialAction\":[{\"@type\":\"ReadAction\",\"target\":[\"https:\/\/dev6.erresse-shop.it\/de\/shop\/toepfe-pfannen\/schalldaempfer-und-kokotten\/le-creuset-evolution-tiefe-gusseisen-cocotte-24-cm-sea-salt\/\"]}]},{\"@type\":\"ImageObject\",\"inLanguage\":\"de\",\"@id\":\"https:\/\/dev6.erresse-shop.it\/de\/shop\/toepfe-pfannen\/schalldaempfer-und-kokotten\/le-creuset-evolution-tiefe-gusseisen-cocotte-24-cm-sea-salt\/#primaryimage\",\"url\":\"https:\/\/i2.wp.com\/interpim.erresse-shop.it\/wp-content\/uploads\/2025\/03\/LE-CREUSET-Cocotte-Profonda-Evolution-in-Ghisa-24-cm-Sea-Salt.jpg\/le-creuset-cocotte-profonda-evolution-in-ghisa-24-cm-sea-salt.jpg?ssl=1\",\"contentUrl\":\"https:\/\/i2.wp.com\/interpim.erresse-shop.it\/wp-content\/uploads\/2025\/03\/LE-CREUSET-Cocotte-Profonda-Evolution-in-Ghisa-24-cm-Sea-Salt.jpg\/le-creuset-cocotte-profonda-evolution-in-ghisa-24-cm-sea-salt.jpg?ssl=1\"},{\"@type\":\"BreadcrumbList\",\"@id\":\"https:\/\/dev6.erresse-shop.it\/de\/shop\/toepfe-pfannen\/schalldaempfer-und-kokotten\/le-creuset-evolution-tiefe-gusseisen-cocotte-24-cm-sea-salt\/#breadcrumb\",\"itemListElement\":[{\"@type\":\"ListItem\",\"position\":1,\"name\":\"Home\",\"item\":\"https:\/\/dev6.erresse-shop.it\/\"},{\"@type\":\"ListItem\",\"position\":2,\"name\":\"Shop\",\"item\":\"https:\/\/dev6.erresse-shop.it\/shop\/\"},{\"@type\":\"ListItem\",\"position\":3,\"name\":\"LE CREUSET Evolution Tiefe Gusseisen Cocotte 24 cm Sea Salt\"}]},{\"@type\":\"WebSite\",\"@id\":\"https:\/\/dev6.erresse-shop.it\/#website\",\"url\":\"https:\/\/dev6.erresse-shop.it\/\",\"name\":\"Erresse Shop\",\"description\":\"\",\"publisher\":{\"@id\":\"https:\/\/dev6.erresse-shop.it\/#organization\"},\"potentialAction\":[{\"@type\":\"SearchAction\",\"target\":{\"@type\":\"EntryPoint\",\"urlTemplate\":\"https:\/\/dev6.erresse-shop.it\/?s={search_term_string}\"},\"query-input\":{\"@type\":\"PropertyValueSpecification\",\"valueRequired\":true,\"valueName\":\"search_term_string\"}}],\"inLanguage\":\"de\"},{\"@type\":\"Organization\",\"@id\":\"https:\/\/dev6.erresse-shop.it\/#organization\",\"name\":\"Erresse Shop\",\"url\":\"https:\/\/dev6.erresse-shop.it\/\",\"logo\":{\"@type\":\"ImageObject\",\"inLanguage\":\"de\",\"@id\":\"https:\/\/dev6.erresse-shop.it\/#\/schema\/logo\/image\/\",\"url\":\"https:\/\/dev6.erresse-shop.it\/wp-content\/uploads\/2025\/01\/LOGO-ERRESSE-CLASSICO.svg\",\"contentUrl\":\"https:\/\/dev6.erresse-shop.it\/wp-content\/uploads\/2025\/01\/LOGO-ERRESSE-CLASSICO.svg\",\"caption\":\"Erresse Shop\"},\"image\":{\"@id\":\"https:\/\/dev6.erresse-shop.it\/#\/schema\/logo\/image\/\"}}]}<\/script>\n<!-- \/ Yoast SEO plugin. -->","yoast_head_json":{"title":"LE CREUSET Evolution Tiefe Gusseisen Cocotte 24 cm Sea Salt - dev6 Erresse","description":"In diesem emaillierten Gusseisentopf k\u00f6nnen Sie dank der hohen W\u00e4nde gro\u00dfe Portionen zubereiten. Nutzen Sie ihn f\u00fcr Suppen, Eint\u00f6pfe und mehr, besonders","robots":{"index":"noindex","follow":"follow","max-snippet":"max-snippet:-1","max-image-preview":"max-image-preview:large","max-video-preview":"max-video-preview:-1"},"og_locale":"de_DE","og_type":"article","og_title":"LE CREUSET Evolution Tiefe Gusseisen Cocotte 24 cm Sea Salt - dev6 Erresse","og_description":"In diesem emaillierten Gusseisentopf k\u00f6nnen Sie dank der hohen W\u00e4nde gro\u00dfe Portionen zubereiten. Nutzen Sie ihn f\u00fcr Suppen, Eint\u00f6pfe und mehr, besonders","og_url":"https:\/\/dev6.erresse-shop.it\/de\/shop\/toepfe-pfannen\/schalldaempfer-und-kokotten\/le-creuset-evolution-tiefe-gusseisen-cocotte-24-cm-sea-salt\/","og_site_name":"dev6 Erresse","og_image":[{"url":"https:\/\/interpim.erresse-shop.it\/wp-content\/uploads\/2025\/03\/LE-CREUSET-Cocotte-Profonda-Evolution-in-Ghisa-24-cm-Sea-Salt.jpg\/le-creuset-cocotte-profonda-evolution-in-ghisa-24-cm-sea-salt.jpg","type":"","width":"","height":""},{"url":"https:\/\/interpim.erresse-shop.it\/wp-content\/uploads\/2025\/03\/LE-CREUSET-Cocotte-Profonda-Evolution-in-Ghisa-24-cm-Sea-Salt.jpg\/le-creuset-cocotte-profonda-evolution-in-ghisa-24-cm-sea-salt.jpg","width":1024,"height":1024,"type":"image\/jpeg"}],"twitter_card":"summary_large_image","twitter_image":"https:\/\/interpim.erresse-shop.it\/wp-content\/uploads\/2025\/03\/LE-CREUSET-Cocotte-Profonda-Evolution-in-Ghisa-24-cm-Sea-Salt.jpg\/le-creuset-cocotte-profonda-evolution-in-ghisa-24-cm-sea-salt.jpg","schema":{"@context":"https:\/\/schema.org","@graph":[{"@type":"WebPage","@id":"https:\/\/dev6.erresse-shop.it\/de\/shop\/toepfe-pfannen\/schalldaempfer-und-kokotten\/le-creuset-evolution-tiefe-gusseisen-cocotte-24-cm-sea-salt\/","url":"https:\/\/dev6.erresse-shop.it\/de\/shop\/toepfe-pfannen\/schalldaempfer-und-kokotten\/le-creuset-evolution-tiefe-gusseisen-cocotte-24-cm-sea-salt\/","name":"LE CREUSET Evolution Tiefe Gusseisen Cocotte 24 cm Sea Salt - dev6 Erresse","isPartOf":{"@id":"https:\/\/dev6.erresse-shop.it\/#website"},"primaryImageOfPage":{"@id":"https:\/\/dev6.erresse-shop.it\/de\/shop\/toepfe-pfannen\/schalldaempfer-und-kokotten\/le-creuset-evolution-tiefe-gusseisen-cocotte-24-cm-sea-salt\/#primaryimage"},"image":{"@id":"https:\/\/dev6.erresse-shop.it\/de\/shop\/toepfe-pfannen\/schalldaempfer-und-kokotten\/le-creuset-evolution-tiefe-gusseisen-cocotte-24-cm-sea-salt\/#primaryimage"},"thumbnailUrl":"https:\/\/i2.wp.com\/interpim.erresse-shop.it\/wp-content\/uploads\/2025\/03\/LE-CREUSET-Cocotte-Profonda-Evolution-in-Ghisa-24-cm-Sea-Salt.jpg\/le-creuset-cocotte-profonda-evolution-in-ghisa-24-cm-sea-salt.jpg?ssl=1","datePublished":"2026-04-12T11:42:00+00:00","description":"In diesem emaillierten Gusseisentopf k\u00f6nnen Sie dank der hohen W\u00e4nde gro\u00dfe Portionen zubereiten. Nutzen Sie ihn f\u00fcr Suppen, Eint\u00f6pfe und mehr, besonders","breadcrumb":{"@id":"https:\/\/dev6.erresse-shop.it\/de\/shop\/toepfe-pfannen\/schalldaempfer-und-kokotten\/le-creuset-evolution-tiefe-gusseisen-cocotte-24-cm-sea-salt\/#breadcrumb"},"inLanguage":"de","potentialAction":[{"@type":"ReadAction","target":["https:\/\/dev6.erresse-shop.it\/de\/shop\/toepfe-pfannen\/schalldaempfer-und-kokotten\/le-creuset-evolution-tiefe-gusseisen-cocotte-24-cm-sea-salt\/"]}]},{"@type":"ImageObject","inLanguage":"de","@id":"https:\/\/dev6.erresse-shop.it\/de\/shop\/toepfe-pfannen\/schalldaempfer-und-kokotten\/le-creuset-evolution-tiefe-gusseisen-cocotte-24-cm-sea-salt\/#primaryimage","url":"https:\/\/i2.wp.com\/interpim.erresse-shop.it\/wp-content\/uploads\/2025\/03\/LE-CREUSET-Cocotte-Profonda-Evolution-in-Ghisa-24-cm-Sea-Salt.jpg\/le-creuset-cocotte-profonda-evolution-in-ghisa-24-cm-sea-salt.jpg?ssl=1","contentUrl":"https:\/\/i2.wp.com\/interpim.erresse-shop.it\/wp-content\/uploads\/2025\/03\/LE-CREUSET-Cocotte-Profonda-Evolution-in-Ghisa-24-cm-Sea-Salt.jpg\/le-creuset-cocotte-profonda-evolution-in-ghisa-24-cm-sea-salt.jpg?ssl=1"},{"@type":"BreadcrumbList","@id":"https:\/\/dev6.erresse-shop.it\/de\/shop\/toepfe-pfannen\/schalldaempfer-und-kokotten\/le-creuset-evolution-tiefe-gusseisen-cocotte-24-cm-sea-salt\/#breadcrumb","itemListElement":[{"@type":"ListItem","position":1,"name":"Home","item":"https:\/\/dev6.erresse-shop.it\/"},{"@type":"ListItem","position":2,"name":"Shop","item":"https:\/\/dev6.erresse-shop.it\/shop\/"},{"@type":"ListItem","position":3,"name":"LE CREUSET Evolution Tiefe Gusseisen Cocotte 24 cm Sea Salt"}]},{"@type":"WebSite","@id":"https:\/\/dev6.erresse-shop.it\/#website","url":"https:\/\/dev6.erresse-shop.it\/","name":"Erresse Shop","description":"","publisher":{"@id":"https:\/\/dev6.erresse-shop.it\/#organization"},"potentialAction":[{"@type":"SearchAction","target":{"@type":"EntryPoint","urlTemplate":"https:\/\/dev6.erresse-shop.it\/?s={search_term_string}"},"query-input":{"@type":"PropertyValueSpecification","valueRequired":true,"valueName":"search_term_string"}}],"inLanguage":"de"},{"@type":"Organization","@id":"https:\/\/dev6.erresse-shop.it\/#organization","name":"Erresse Shop","url":"https:\/\/dev6.erresse-shop.it\/","logo":{"@type":"ImageObject","inLanguage":"de","@id":"https:\/\/dev6.erresse-shop.it\/#\/schema\/logo\/image\/","url":"https:\/\/dev6.erresse-shop.it\/wp-content\/uploads\/2025\/01\/LOGO-ERRESSE-CLASSICO.svg","contentUrl":"https:\/\/dev6.erresse-shop.it\/wp-content\/uploads\/2025\/01\/LOGO-ERRESSE-CLASSICO.svg","caption":"Erresse Shop"},"image":{"@id":"https:\/\/dev6.erresse-shop.it\/#\/schema\/logo\/image\/"}}]}},"df_price":254.95,"df_sale_price":254.95,"df_regular_price":385,"df_image_link":"https:\/\/i2.wp.com\/interpim.erresse-shop.it\/wp-content\/uploads\/2025\/03\/LE-CREUSET-Cocotte-Profonda-Evolution-in-Ghisa-24-cm-Sea-Salt.jpg\/le-creuset-cocotte-profonda-evolution-in-ghisa-24-cm-sea-salt.jpg?resize=300,300&ssl=1","fifu_image_url":"https:\/\/interpim.erresse-shop.it\/wp-content\/uploads\/2025\/03\/LE-CREUSET-Cocotte-Profonda-Evolution-in-Ghisa-24-cm-Sea-Salt.jpg\/le-creuset-cocotte-profonda-evolution-in-ghisa-24-cm-sea-salt.jpg","_links":{"self":[{"href":"https:\/\/dev6.erresse-shop.it\/de\/wp-json\/wp\/v2\/product\/1600950","targetHints":{"allow":["GET"]}}],"collection":[{"href":"https:\/\/dev6.erresse-shop.it\/de\/wp-json\/wp\/v2\/product"}],"about":[{"href":"https:\/\/dev6.erresse-shop.it\/de\/wp-json\/wp\/v2\/types\/product"}],"wp:featuredmedia":[{"embeddable":true,"href":"https:\/\/dev6.erresse-shop.it\/de\/wp-json\/wp\/v2\/media\/6377880"}],"wp:attachment":[{"href":"https:\/\/dev6.erresse-shop.it\/de\/wp-json\/wp\/v2\/media?parent=1600950"}],"wp:term":[{"taxonomy":"product_cat","embeddable":true,"href":"https:\/\/dev6.erresse-shop.it\/de\/wp-json\/wp\/v2\/product_cat?post=1600950"},{"taxonomy":"product_tag","embeddable":true,"href":"https:\/\/dev6.erresse-shop.it\/de\/wp-json\/wp\/v2\/product_tag?post=1600950"}],"curies":[{"name":"wp","href":"https:\/\/api.w.org\/{rel}","templated":true}]}}