{"id":1600940,"date":"2026-04-12T13:39:33","date_gmt":"2026-04-12T11:39:33","guid":{"rendered":"https:\/\/dev6.erresse-shop.it\/shop\/unkategorisiert\/le-creuset-evolution-niedriger-kochtopf-aus-gusseisen-26-cm-sea-salt\/"},"modified":"2025-09-14T03:15:17","modified_gmt":"2025-09-14T01:15:17","slug":"le-creuset-evolution-niedriger-kochtopf-aus-gusseisen-26-cm-sea-salt","status":"publish","type":"product","link":"https:\/\/dev6.erresse-shop.it\/de\/shop\/toepfe-pfannen\/schmorpfannen\/le-creuset-evolution-niedriger-kochtopf-aus-gusseisen-26-cm-sea-salt\/","title":{"rendered":"LE CREUSET Evolution Niedriger Kochtopf aus Gusseisen 26 cm Sea Salt"},"content":{"rendered":"<p class=\"mb-3\" style=\"text-align: justify;\">Unsere in unserer franz\u00f6sischen Gie\u00dferei hergestellten Gusseisenprodukte sind in der Welt der Kochkunst legend\u00e4r geworden. Diese niedrige Pfanne ist keine Ausnahme. Durch die breite, flache Form und die flachen Seiten eignet es sich perfekt zum Anbraten von Fleisch und Gem\u00fcse, zum K\u00f6cheln, Braten und Backen. Es verbessert au\u00dferdem die Karamellisierung und sorgt so f\u00fcr noch ansprechendere Gerichte.<\/p>\n<p>Produktdetails:<\/p>\n<p>Unser hitzebest\u00e4ndiger Knopf (bis 260 \u00b0C) ist f\u00fcr einen hervorragenden Griff konzipiert, selbst wenn Sie zum Anheben des Deckels einen Topflappen verwenden.<br \/>\nSchnelle Reinigung: Eine d\u00fcnne Glasurschicht auf der Innenseite erleichtert die Reinigung.<br \/>\nTraumgriffe: Dank unserer gro\u00dfen Griffe gelingt der Wechsel vom Herd zum Tisch ganz einfach, sogar mit Ofenhandschuhen.<br \/>\nVielseitigkeit: Dieses Produkt ist f\u00fcr den Backofen, Herd und Backofen im Grillmodus geeignet.<br \/>\nK\u00f6stliches Essen: Emailliertes Gusseisen speichert die W\u00e4rme f\u00fcr gleichm\u00e4\u00dfiges Kochen und Br\u00e4unen. Auch am Tisch bleiben Ihre k\u00f6stlichen Kreationen l\u00e4nger warm.<br \/>\nErh\u00e4lt die Saftigkeit: Unser Deckel h\u00e4lt den beim Kochen entstehenden Dampf zur\u00fcck und verst\u00e4rkt den Geschmack \u2013 f\u00fcr au\u00dfergew\u00f6hnliche Kochergebnisse.<br \/>\nLeicht zu greifen: Die eleganten und komfortablen Griffe erm\u00f6glichen Ihnen ein sicheres Anheben des Produkts.<br \/>\nEin Regenbogen aus Farben: Unser Sortiment ist in einer gro\u00dfen Farbauswahl erh\u00e4ltlich und bringt einen Farbtupfer in Ihre K\u00fcche.<br \/>\nNicht zu hei\u00df: Kochen Sie bei gleichm\u00e4\u00dfiger, niedriger bis mittlerer Hitze, um Ihr Gusseisenprodukt zu schonen und k\u00f6stliche Ergebnisse zu erzielen.<br \/>\nKlassenbester: Unsere Produkte werden aus den hochwertigsten Materialien in Fabriken auf der ganzen Welt hergestellt, um die Qualit\u00e4t zu liefern, die Sie von Le Creuset erwarten.<\/p>\n<p>Material: verglastes Gusseisen<br \/>\nHergestellt in: Frankreich<br \/>\nGarantie: Lebenslang<\/p>\n<p>Fassungsverm\u00f6gen: 2,2 L<\/p>\n<p>W\u00e4rmequelle:<\/p>\n<p>Backofen<br \/>\nGrillmodus-Ofen<br \/>\nElektroherd<br \/>\nGlaskeramik<br \/>\nGasplan<br \/>\nInduktionskochfeld<\/p>\n<p>Reinigung und Pflege:<\/p>\n","protected":false},"excerpt":{"rendered":"<p>Unsere in unserer franz\u00f6sischen Gie\u00dferei hergestellten Gusseisenprodukte sind in der Welt der Kochkunst legend\u00e4r geworden. Diese niedrige Pfanne ist keine Ausnahme. Durch die breite, flache Form und die flachen Seiten eignet es sich perfekt zum Anbraten von Fleisch und Gem\u00fcse, zum K\u00f6cheln, Braten und Backen. Es verbessert au\u00dferdem die Karamellisierung und sorgt so f\u00fcr noch [&hellip;]<\/p>\n","protected":false},"featured_media":6377815,"template":"","meta":{"_acf_changed":false},"product_cat":[12120,12099],"product_tag":[],"class_list":{"0":"post-1600940","1":"product","2":"type-product","3":"status-publish","4":"has-post-thumbnail","6":"product_cat-schmorpfannen","7":"product_cat-toepfe-pfannen","9":"first","10":"instock","11":"sale","12":"taxable","13":"shipping-taxable","14":"purchasable","15":"product-type-simple","swatches":"rey-swatches","show_selected":"","stretch_labels":"rey-swatches--stretch-labels"},"acf":[],"yoast_head":"<!-- This site is optimized with the Yoast SEO plugin v25.4 - https:\/\/yoast.com\/wordpress\/plugins\/seo\/ -->\n<title>LE CREUSET Evolution Niedriger Kochtopf aus Gusseisen 26 cm Sea Salt - dev6 Erresse<\/title>\n<meta name=\"description\" content=\"Unsere in unserer franz\u00f6sischen Gie\u00dferei hergestellten Gusseisenprodukte sind in der Welt der Kochkunst legend\u00e4r geworden. Diese niedrige Pfanne ist keine\" \/>\n<meta name=\"robots\" content=\"noindex, follow, max-snippet:-1, max-image-preview:large, max-video-preview:-1\" \/>\n<meta property=\"og:locale\" content=\"de_DE\" \/>\n<meta property=\"og:type\" content=\"article\" \/>\n<meta property=\"og:title\" content=\"LE CREUSET Evolution Niedriger Kochtopf aus Gusseisen 26 cm Sea Salt - dev6 Erresse\" \/>\n<meta property=\"og:description\" content=\"Unsere in unserer franz\u00f6sischen Gie\u00dferei hergestellten Gusseisenprodukte sind in der Welt der Kochkunst legend\u00e4r geworden. Diese niedrige Pfanne ist keine\" \/>\n<meta property=\"og:url\" content=\"https:\/\/dev6.erresse-shop.it\/de\/shop\/toepfe-pfannen\/schmorpfannen\/le-creuset-evolution-niedriger-kochtopf-aus-gusseisen-26-cm-sea-salt\/\" \/>\n<meta property=\"og:site_name\" content=\"dev6 Erresse\" \/>\n<meta property=\"og:image\" content=\"https:\/\/interpim.erresse-shop.it\/wp-content\/uploads\/2025\/03\/LE-CREUSET-Tegame-Basso-Evolution-in-Ghisa-26-cm-Sea-Salt.jpg\/le-creuset-tegame-basso-evolution-in-ghisa-26-cm-sea-salt.jpg\" \/><meta property=\"og:image\" content=\"https:\/\/interpim.erresse-shop.it\/wp-content\/uploads\/2025\/03\/LE-CREUSET-Tegame-Basso-Evolution-in-Ghisa-26-cm-Sea-Salt.jpg\/le-creuset-tegame-basso-evolution-in-ghisa-26-cm-sea-salt.jpg\" \/>\n\t<meta property=\"og:image:width\" content=\"1024\" \/>\n\t<meta property=\"og:image:height\" content=\"1024\" \/>\n\t<meta property=\"og:image:type\" content=\"image\/jpeg\" \/>\n<meta name=\"twitter:card\" content=\"summary_large_image\" \/>\n<meta name=\"twitter:image\" content=\"https:\/\/interpim.erresse-shop.it\/wp-content\/uploads\/2025\/03\/LE-CREUSET-Tegame-Basso-Evolution-in-Ghisa-26-cm-Sea-Salt.jpg\/le-creuset-tegame-basso-evolution-in-ghisa-26-cm-sea-salt.jpg\" \/>\n<script type=\"application\/ld+json\" class=\"yoast-schema-graph\">{\"@context\":\"https:\/\/schema.org\",\"@graph\":[{\"@type\":\"WebPage\",\"@id\":\"https:\/\/dev6.erresse-shop.it\/de\/shop\/toepfe-pfannen\/schmorpfannen\/le-creuset-evolution-niedriger-kochtopf-aus-gusseisen-26-cm-sea-salt\/\",\"url\":\"https:\/\/dev6.erresse-shop.it\/de\/shop\/toepfe-pfannen\/schmorpfannen\/le-creuset-evolution-niedriger-kochtopf-aus-gusseisen-26-cm-sea-salt\/\",\"name\":\"LE CREUSET Evolution Niedriger Kochtopf aus Gusseisen 26 cm Sea Salt - dev6 Erresse\",\"isPartOf\":{\"@id\":\"https:\/\/dev6.erresse-shop.it\/#website\"},\"primaryImageOfPage\":{\"@id\":\"https:\/\/dev6.erresse-shop.it\/de\/shop\/toepfe-pfannen\/schmorpfannen\/le-creuset-evolution-niedriger-kochtopf-aus-gusseisen-26-cm-sea-salt\/#primaryimage\"},\"image\":{\"@id\":\"https:\/\/dev6.erresse-shop.it\/de\/shop\/toepfe-pfannen\/schmorpfannen\/le-creuset-evolution-niedriger-kochtopf-aus-gusseisen-26-cm-sea-salt\/#primaryimage\"},\"thumbnailUrl\":\"https:\/\/i1.wp.com\/interpim.erresse-shop.it\/wp-content\/uploads\/2025\/03\/LE-CREUSET-Tegame-Basso-Evolution-in-Ghisa-26-cm-Sea-Salt.jpg\/le-creuset-tegame-basso-evolution-in-ghisa-26-cm-sea-salt.jpg?ssl=1\",\"datePublished\":\"2026-04-12T11:39:33+00:00\",\"description\":\"Unsere in unserer franz\u00f6sischen Gie\u00dferei hergestellten Gusseisenprodukte sind in der Welt der Kochkunst legend\u00e4r geworden. Diese niedrige Pfanne ist keine\",\"breadcrumb\":{\"@id\":\"https:\/\/dev6.erresse-shop.it\/de\/shop\/toepfe-pfannen\/schmorpfannen\/le-creuset-evolution-niedriger-kochtopf-aus-gusseisen-26-cm-sea-salt\/#breadcrumb\"},\"inLanguage\":\"de\",\"potentialAction\":[{\"@type\":\"ReadAction\",\"target\":[\"https:\/\/dev6.erresse-shop.it\/de\/shop\/toepfe-pfannen\/schmorpfannen\/le-creuset-evolution-niedriger-kochtopf-aus-gusseisen-26-cm-sea-salt\/\"]}]},{\"@type\":\"ImageObject\",\"inLanguage\":\"de\",\"@id\":\"https:\/\/dev6.erresse-shop.it\/de\/shop\/toepfe-pfannen\/schmorpfannen\/le-creuset-evolution-niedriger-kochtopf-aus-gusseisen-26-cm-sea-salt\/#primaryimage\",\"url\":\"https:\/\/i1.wp.com\/interpim.erresse-shop.it\/wp-content\/uploads\/2025\/03\/LE-CREUSET-Tegame-Basso-Evolution-in-Ghisa-26-cm-Sea-Salt.jpg\/le-creuset-tegame-basso-evolution-in-ghisa-26-cm-sea-salt.jpg?ssl=1\",\"contentUrl\":\"https:\/\/i1.wp.com\/interpim.erresse-shop.it\/wp-content\/uploads\/2025\/03\/LE-CREUSET-Tegame-Basso-Evolution-in-Ghisa-26-cm-Sea-Salt.jpg\/le-creuset-tegame-basso-evolution-in-ghisa-26-cm-sea-salt.jpg?ssl=1\"},{\"@type\":\"BreadcrumbList\",\"@id\":\"https:\/\/dev6.erresse-shop.it\/de\/shop\/toepfe-pfannen\/schmorpfannen\/le-creuset-evolution-niedriger-kochtopf-aus-gusseisen-26-cm-sea-salt\/#breadcrumb\",\"itemListElement\":[{\"@type\":\"ListItem\",\"position\":1,\"name\":\"Home\",\"item\":\"https:\/\/dev6.erresse-shop.it\/\"},{\"@type\":\"ListItem\",\"position\":2,\"name\":\"Shop\",\"item\":\"https:\/\/dev6.erresse-shop.it\/shop\/\"},{\"@type\":\"ListItem\",\"position\":3,\"name\":\"LE CREUSET Evolution Niedriger Kochtopf aus Gusseisen 26 cm Sea Salt\"}]},{\"@type\":\"WebSite\",\"@id\":\"https:\/\/dev6.erresse-shop.it\/#website\",\"url\":\"https:\/\/dev6.erresse-shop.it\/\",\"name\":\"Erresse Shop\",\"description\":\"\",\"publisher\":{\"@id\":\"https:\/\/dev6.erresse-shop.it\/#organization\"},\"potentialAction\":[{\"@type\":\"SearchAction\",\"target\":{\"@type\":\"EntryPoint\",\"urlTemplate\":\"https:\/\/dev6.erresse-shop.it\/?s={search_term_string}\"},\"query-input\":{\"@type\":\"PropertyValueSpecification\",\"valueRequired\":true,\"valueName\":\"search_term_string\"}}],\"inLanguage\":\"de\"},{\"@type\":\"Organization\",\"@id\":\"https:\/\/dev6.erresse-shop.it\/#organization\",\"name\":\"Erresse Shop\",\"url\":\"https:\/\/dev6.erresse-shop.it\/\",\"logo\":{\"@type\":\"ImageObject\",\"inLanguage\":\"de\",\"@id\":\"https:\/\/dev6.erresse-shop.it\/#\/schema\/logo\/image\/\",\"url\":\"https:\/\/dev6.erresse-shop.it\/wp-content\/uploads\/2025\/01\/LOGO-ERRESSE-CLASSICO.svg\",\"contentUrl\":\"https:\/\/dev6.erresse-shop.it\/wp-content\/uploads\/2025\/01\/LOGO-ERRESSE-CLASSICO.svg\",\"caption\":\"Erresse Shop\"},\"image\":{\"@id\":\"https:\/\/dev6.erresse-shop.it\/#\/schema\/logo\/image\/\"}}]}<\/script>\n<!-- \/ Yoast SEO plugin. -->","yoast_head_json":{"title":"LE CREUSET Evolution Niedriger Kochtopf aus Gusseisen 26 cm Sea Salt - dev6 Erresse","description":"Unsere in unserer franz\u00f6sischen Gie\u00dferei hergestellten Gusseisenprodukte sind in der Welt der Kochkunst legend\u00e4r geworden. Diese niedrige Pfanne ist keine","robots":{"index":"noindex","follow":"follow","max-snippet":"max-snippet:-1","max-image-preview":"max-image-preview:large","max-video-preview":"max-video-preview:-1"},"og_locale":"de_DE","og_type":"article","og_title":"LE CREUSET Evolution Niedriger Kochtopf aus Gusseisen 26 cm Sea Salt - dev6 Erresse","og_description":"Unsere in unserer franz\u00f6sischen Gie\u00dferei hergestellten Gusseisenprodukte sind in der Welt der Kochkunst legend\u00e4r geworden. Diese niedrige Pfanne ist keine","og_url":"https:\/\/dev6.erresse-shop.it\/de\/shop\/toepfe-pfannen\/schmorpfannen\/le-creuset-evolution-niedriger-kochtopf-aus-gusseisen-26-cm-sea-salt\/","og_site_name":"dev6 Erresse","og_image":[{"url":"https:\/\/interpim.erresse-shop.it\/wp-content\/uploads\/2025\/03\/LE-CREUSET-Tegame-Basso-Evolution-in-Ghisa-26-cm-Sea-Salt.jpg\/le-creuset-tegame-basso-evolution-in-ghisa-26-cm-sea-salt.jpg","type":"","width":"","height":""},{"url":"https:\/\/interpim.erresse-shop.it\/wp-content\/uploads\/2025\/03\/LE-CREUSET-Tegame-Basso-Evolution-in-Ghisa-26-cm-Sea-Salt.jpg\/le-creuset-tegame-basso-evolution-in-ghisa-26-cm-sea-salt.jpg","width":1024,"height":1024,"type":"image\/jpeg"}],"twitter_card":"summary_large_image","twitter_image":"https:\/\/interpim.erresse-shop.it\/wp-content\/uploads\/2025\/03\/LE-CREUSET-Tegame-Basso-Evolution-in-Ghisa-26-cm-Sea-Salt.jpg\/le-creuset-tegame-basso-evolution-in-ghisa-26-cm-sea-salt.jpg","schema":{"@context":"https:\/\/schema.org","@graph":[{"@type":"WebPage","@id":"https:\/\/dev6.erresse-shop.it\/de\/shop\/toepfe-pfannen\/schmorpfannen\/le-creuset-evolution-niedriger-kochtopf-aus-gusseisen-26-cm-sea-salt\/","url":"https:\/\/dev6.erresse-shop.it\/de\/shop\/toepfe-pfannen\/schmorpfannen\/le-creuset-evolution-niedriger-kochtopf-aus-gusseisen-26-cm-sea-salt\/","name":"LE CREUSET Evolution Niedriger Kochtopf aus Gusseisen 26 cm Sea Salt - dev6 Erresse","isPartOf":{"@id":"https:\/\/dev6.erresse-shop.it\/#website"},"primaryImageOfPage":{"@id":"https:\/\/dev6.erresse-shop.it\/de\/shop\/toepfe-pfannen\/schmorpfannen\/le-creuset-evolution-niedriger-kochtopf-aus-gusseisen-26-cm-sea-salt\/#primaryimage"},"image":{"@id":"https:\/\/dev6.erresse-shop.it\/de\/shop\/toepfe-pfannen\/schmorpfannen\/le-creuset-evolution-niedriger-kochtopf-aus-gusseisen-26-cm-sea-salt\/#primaryimage"},"thumbnailUrl":"https:\/\/i1.wp.com\/interpim.erresse-shop.it\/wp-content\/uploads\/2025\/03\/LE-CREUSET-Tegame-Basso-Evolution-in-Ghisa-26-cm-Sea-Salt.jpg\/le-creuset-tegame-basso-evolution-in-ghisa-26-cm-sea-salt.jpg?ssl=1","datePublished":"2026-04-12T11:39:33+00:00","description":"Unsere in unserer franz\u00f6sischen Gie\u00dferei hergestellten Gusseisenprodukte sind in der Welt der Kochkunst legend\u00e4r geworden. Diese niedrige Pfanne ist keine","breadcrumb":{"@id":"https:\/\/dev6.erresse-shop.it\/de\/shop\/toepfe-pfannen\/schmorpfannen\/le-creuset-evolution-niedriger-kochtopf-aus-gusseisen-26-cm-sea-salt\/#breadcrumb"},"inLanguage":"de","potentialAction":[{"@type":"ReadAction","target":["https:\/\/dev6.erresse-shop.it\/de\/shop\/toepfe-pfannen\/schmorpfannen\/le-creuset-evolution-niedriger-kochtopf-aus-gusseisen-26-cm-sea-salt\/"]}]},{"@type":"ImageObject","inLanguage":"de","@id":"https:\/\/dev6.erresse-shop.it\/de\/shop\/toepfe-pfannen\/schmorpfannen\/le-creuset-evolution-niedriger-kochtopf-aus-gusseisen-26-cm-sea-salt\/#primaryimage","url":"https:\/\/i1.wp.com\/interpim.erresse-shop.it\/wp-content\/uploads\/2025\/03\/LE-CREUSET-Tegame-Basso-Evolution-in-Ghisa-26-cm-Sea-Salt.jpg\/le-creuset-tegame-basso-evolution-in-ghisa-26-cm-sea-salt.jpg?ssl=1","contentUrl":"https:\/\/i1.wp.com\/interpim.erresse-shop.it\/wp-content\/uploads\/2025\/03\/LE-CREUSET-Tegame-Basso-Evolution-in-Ghisa-26-cm-Sea-Salt.jpg\/le-creuset-tegame-basso-evolution-in-ghisa-26-cm-sea-salt.jpg?ssl=1"},{"@type":"BreadcrumbList","@id":"https:\/\/dev6.erresse-shop.it\/de\/shop\/toepfe-pfannen\/schmorpfannen\/le-creuset-evolution-niedriger-kochtopf-aus-gusseisen-26-cm-sea-salt\/#breadcrumb","itemListElement":[{"@type":"ListItem","position":1,"name":"Home","item":"https:\/\/dev6.erresse-shop.it\/"},{"@type":"ListItem","position":2,"name":"Shop","item":"https:\/\/dev6.erresse-shop.it\/shop\/"},{"@type":"ListItem","position":3,"name":"LE CREUSET Evolution Niedriger Kochtopf aus Gusseisen 26 cm Sea Salt"}]},{"@type":"WebSite","@id":"https:\/\/dev6.erresse-shop.it\/#website","url":"https:\/\/dev6.erresse-shop.it\/","name":"Erresse Shop","description":"","publisher":{"@id":"https:\/\/dev6.erresse-shop.it\/#organization"},"potentialAction":[{"@type":"SearchAction","target":{"@type":"EntryPoint","urlTemplate":"https:\/\/dev6.erresse-shop.it\/?s={search_term_string}"},"query-input":{"@type":"PropertyValueSpecification","valueRequired":true,"valueName":"search_term_string"}}],"inLanguage":"de"},{"@type":"Organization","@id":"https:\/\/dev6.erresse-shop.it\/#organization","name":"Erresse Shop","url":"https:\/\/dev6.erresse-shop.it\/","logo":{"@type":"ImageObject","inLanguage":"de","@id":"https:\/\/dev6.erresse-shop.it\/#\/schema\/logo\/image\/","url":"https:\/\/dev6.erresse-shop.it\/wp-content\/uploads\/2025\/01\/LOGO-ERRESSE-CLASSICO.svg","contentUrl":"https:\/\/dev6.erresse-shop.it\/wp-content\/uploads\/2025\/01\/LOGO-ERRESSE-CLASSICO.svg","caption":"Erresse Shop"},"image":{"@id":"https:\/\/dev6.erresse-shop.it\/#\/schema\/logo\/image\/"}}]}},"df_price":199.95,"df_sale_price":199.95,"df_regular_price":299,"df_image_link":"https:\/\/i1.wp.com\/interpim.erresse-shop.it\/wp-content\/uploads\/2025\/03\/LE-CREUSET-Tegame-Basso-Evolution-in-Ghisa-26-cm-Sea-Salt.jpg\/le-creuset-tegame-basso-evolution-in-ghisa-26-cm-sea-salt.jpg?resize=300,300&ssl=1","fifu_image_url":"https:\/\/interpim.erresse-shop.it\/wp-content\/uploads\/2025\/03\/LE-CREUSET-Tegame-Basso-Evolution-in-Ghisa-26-cm-Sea-Salt.jpg\/le-creuset-tegame-basso-evolution-in-ghisa-26-cm-sea-salt.jpg","_links":{"self":[{"href":"https:\/\/dev6.erresse-shop.it\/de\/wp-json\/wp\/v2\/product\/1600940","targetHints":{"allow":["GET"]}}],"collection":[{"href":"https:\/\/dev6.erresse-shop.it\/de\/wp-json\/wp\/v2\/product"}],"about":[{"href":"https:\/\/dev6.erresse-shop.it\/de\/wp-json\/wp\/v2\/types\/product"}],"wp:featuredmedia":[{"embeddable":true,"href":"https:\/\/dev6.erresse-shop.it\/de\/wp-json\/wp\/v2\/media\/6377815"}],"wp:attachment":[{"href":"https:\/\/dev6.erresse-shop.it\/de\/wp-json\/wp\/v2\/media?parent=1600940"}],"wp:term":[{"taxonomy":"product_cat","embeddable":true,"href":"https:\/\/dev6.erresse-shop.it\/de\/wp-json\/wp\/v2\/product_cat?post=1600940"},{"taxonomy":"product_tag","embeddable":true,"href":"https:\/\/dev6.erresse-shop.it\/de\/wp-json\/wp\/v2\/product_tag?post=1600940"}],"curies":[{"name":"wp","href":"https:\/\/api.w.org\/{rel}","templated":true}]}}