{"id":1600916,"date":"2026-04-04T13:37:09","date_gmt":"2026-04-04T11:37:09","guid":{"rendered":"https:\/\/dev6.erresse-shop.it\/shop\/unkategorisiert\/le-creuset-runder-grill-bbq-outdoor-aus-gusseisen-25-cn-schwarz\/"},"modified":"2025-09-14T03:14:14","modified_gmt":"2025-09-14T01:14:14","slug":"le-creuset-runder-grill-bbq-outdoor-aus-gusseisen-25-cn-schwarz","status":"publish","type":"product","link":"https:\/\/dev6.erresse-shop.it\/de\/shop\/toepfe-pfannen\/grillpfannen\/le-creuset-runder-grill-bbq-outdoor-aus-gusseisen-25-cn-schwarz\/","title":{"rendered":"LE CREUSET Runder Grill BBQ Outdoor aus Gusseisen 25 cn Schwarz"},"content":{"rendered":"<p>Mit dem runden BBQ-Grill aus Gusseisen sind Sie nicht nur in der K\u00fcche ein echter Hingucker. Er eignet sich ideal zum Anbraten von Steaks, Spiegeleiern und sogar zum Wenden von Pfannkuchen \u00fcber offenem Feuer. Dank der gro\u00dfz\u00fcgigen Oberfl\u00e4che und den abgewinkelten Seiten eignet er sich ideal zum R\u00fchren und Wenden und hat dennoch die perfekte Gr\u00f6\u00dfe f\u00fcr den Grill.<\/p>\n<p>Hervorragender Geschmack: Das emaillierte Gusseisen speichert die W\u00e4rme f\u00fcr gleichm\u00e4\u00dfiges Garen und Br\u00e4unen. Ihre k\u00f6stlichen Kreationen bleiben l\u00e4nger warm, auch am Tisch.<br \/>\nVerbessert sich mit der Zeit: Die emaillierte Innenseite entwickelt eine nat\u00fcrliche Patina. Die Oberfl\u00e4che verhindert, dass Speisen selbst nach leichtem W\u00fcrzen anhaften. Sp\u00fclen Sie das Produkt vorzugsweise nur mit Wasser ab.<br \/>\nKlassenbeste Qualit\u00e4t: Unsere Produkte werden aus hochwertigsten Materialien in Fabriken weltweit hergestellt, um die Qualit\u00e4t zu gew\u00e4hrleisten, die Sie von Le Creuset erwarten.<\/p>\n<p>Material: emailliertes Gusseisen<br \/>\nHergestellt in: Frankreich<br \/>\nGarantie: Lebenslang<\/p>\n<p>W\u00e4rmequelle:<\/p>\n<p>Backofen<br \/>\nGasherd<br \/>\nGrill<br \/>\nHolzofen<br \/>\nPizzaofen<\/p>\n<p>Reinigung und Pflege:<\/p>\n<p>Warten Sie, bis das Produkt vollst\u00e4ndig abgek\u00fchlt ist, bevor Sie mit der Reinigung beginnen.<br \/>\nEntfernen Sie alle R\u00fcckst\u00e4nde vom Boden und den R\u00e4ndern des Produkts. Bei hartn\u00e4ckigen Speiseresten f\u00fcllen Sie das Produkt mit warmem Seifenwasser und lassen Sie es vor dem Waschen 15\u201320 Minuten einweichen.<br \/>\nVerwenden Sie keine aggressiven Reinigungsmittel, Scheuer- und\/oder Metallschw\u00e4mme oder sehr harte B\u00fcrsten zur Reinigung der Oberfl\u00e4chen.<br \/>\nTrocknen Sie das Produkt nach dem Waschen gr\u00fcndlich ab und lagern Sie es an einem trockenen Ort.<\/p>\n","protected":false},"excerpt":{"rendered":"<p>Mit dem runden BBQ-Grill aus Gusseisen sind Sie nicht nur in der K\u00fcche ein echter Hingucker. Er eignet sich ideal zum Anbraten von Steaks, Spiegeleiern und sogar zum Wenden von Pfannkuchen \u00fcber offenem Feuer. Dank der gro\u00dfz\u00fcgigen Oberfl\u00e4che und den abgewinkelten Seiten eignet er sich ideal zum R\u00fchren und Wenden und hat dennoch die perfekte [&hellip;]<\/p>\n","protected":false},"featured_media":6294392,"template":"","meta":{"_acf_changed":false},"product_cat":[12128,12099],"product_tag":[],"class_list":{"0":"post-1600916","1":"product","2":"type-product","3":"status-publish","4":"has-post-thumbnail","6":"product_cat-grillpfannen","7":"product_cat-toepfe-pfannen","9":"first","10":"instock","11":"sale","12":"taxable","13":"shipping-taxable","14":"purchasable","15":"product-type-simple","swatches":"rey-swatches","show_selected":"","stretch_labels":"rey-swatches--stretch-labels"},"acf":[],"yoast_head":"<!-- This site is optimized with the Yoast SEO plugin v25.4 - https:\/\/yoast.com\/wordpress\/plugins\/seo\/ -->\n<title>LE CREUSET Runder Grill BBQ Outdoor aus Gusseisen 25 cn Schwarz - dev6 Erresse<\/title>\n<meta name=\"description\" content=\"Mit dem runden BBQ-Grill aus Gusseisen sind Sie nicht nur in der K\u00fcche ein echter Hingucker. Er eignet sich ideal zum Anbraten von Steaks, Spiegeleiern\" \/>\n<meta name=\"robots\" content=\"noindex, follow, max-snippet:-1, max-image-preview:large, max-video-preview:-1\" \/>\n<meta property=\"og:locale\" content=\"de_DE\" \/>\n<meta property=\"og:type\" content=\"article\" \/>\n<meta property=\"og:title\" content=\"LE CREUSET Runder Grill BBQ Outdoor aus Gusseisen 25 cn Schwarz - dev6 Erresse\" \/>\n<meta property=\"og:description\" content=\"Mit dem runden BBQ-Grill aus Gusseisen sind Sie nicht nur in der K\u00fcche ein echter Hingucker. Er eignet sich ideal zum Anbraten von Steaks, Spiegeleiern\" \/>\n<meta property=\"og:url\" content=\"https:\/\/dev6.erresse-shop.it\/de\/shop\/toepfe-pfannen\/grillpfannen\/le-creuset-runder-grill-bbq-outdoor-aus-gusseisen-25-cn-schwarz\/\" \/>\n<meta property=\"og:site_name\" content=\"dev6 Erresse\" \/>\n<meta property=\"og:image\" content=\"https:\/\/interpim.erresse-shop.it\/Import\/Prodotti\/le-creuset-grill-rotondo-bbq-outdoor-in-ghisa-nero.jpg\" \/><meta property=\"og:image\" content=\"https:\/\/interpim.erresse-shop.it\/Import\/Prodotti\/le-creuset-grill-rotondo-bbq-outdoor-in-ghisa-nero.jpg\" \/>\n\t<meta property=\"og:image:width\" content=\"1024\" \/>\n\t<meta property=\"og:image:height\" content=\"1024\" \/>\n\t<meta property=\"og:image:type\" content=\"image\/jpeg\" \/>\n<meta name=\"twitter:card\" content=\"summary_large_image\" \/>\n<meta name=\"twitter:image\" content=\"https:\/\/interpim.erresse-shop.it\/Import\/Prodotti\/le-creuset-grill-rotondo-bbq-outdoor-in-ghisa-nero.jpg\" \/>\n<script type=\"application\/ld+json\" class=\"yoast-schema-graph\">{\"@context\":\"https:\/\/schema.org\",\"@graph\":[{\"@type\":\"WebPage\",\"@id\":\"https:\/\/dev6.erresse-shop.it\/de\/shop\/toepfe-pfannen\/grillpfannen\/le-creuset-runder-grill-bbq-outdoor-aus-gusseisen-25-cn-schwarz\/\",\"url\":\"https:\/\/dev6.erresse-shop.it\/de\/shop\/toepfe-pfannen\/grillpfannen\/le-creuset-runder-grill-bbq-outdoor-aus-gusseisen-25-cn-schwarz\/\",\"name\":\"LE CREUSET Runder Grill BBQ Outdoor aus Gusseisen 25 cn Schwarz - dev6 Erresse\",\"isPartOf\":{\"@id\":\"https:\/\/dev6.erresse-shop.it\/#website\"},\"primaryImageOfPage\":{\"@id\":\"https:\/\/dev6.erresse-shop.it\/de\/shop\/toepfe-pfannen\/grillpfannen\/le-creuset-runder-grill-bbq-outdoor-aus-gusseisen-25-cn-schwarz\/#primaryimage\"},\"image\":{\"@id\":\"https:\/\/dev6.erresse-shop.it\/de\/shop\/toepfe-pfannen\/grillpfannen\/le-creuset-runder-grill-bbq-outdoor-aus-gusseisen-25-cn-schwarz\/#primaryimage\"},\"thumbnailUrl\":\"https:\/\/i1.wp.com\/interpim.erresse-shop.it\/Import\/Prodotti\/le-creuset-grill-rotondo-bbq-outdoor-in-ghisa-nero.jpg?ssl=1\",\"datePublished\":\"2026-04-04T11:37:09+00:00\",\"description\":\"Mit dem runden BBQ-Grill aus Gusseisen sind Sie nicht nur in der K\u00fcche ein echter Hingucker. Er eignet sich ideal zum Anbraten von Steaks, Spiegeleiern\",\"breadcrumb\":{\"@id\":\"https:\/\/dev6.erresse-shop.it\/de\/shop\/toepfe-pfannen\/grillpfannen\/le-creuset-runder-grill-bbq-outdoor-aus-gusseisen-25-cn-schwarz\/#breadcrumb\"},\"inLanguage\":\"de\",\"potentialAction\":[{\"@type\":\"ReadAction\",\"target\":[\"https:\/\/dev6.erresse-shop.it\/de\/shop\/toepfe-pfannen\/grillpfannen\/le-creuset-runder-grill-bbq-outdoor-aus-gusseisen-25-cn-schwarz\/\"]}]},{\"@type\":\"ImageObject\",\"inLanguage\":\"de\",\"@id\":\"https:\/\/dev6.erresse-shop.it\/de\/shop\/toepfe-pfannen\/grillpfannen\/le-creuset-runder-grill-bbq-outdoor-aus-gusseisen-25-cn-schwarz\/#primaryimage\",\"url\":\"https:\/\/i1.wp.com\/interpim.erresse-shop.it\/Import\/Prodotti\/le-creuset-grill-rotondo-bbq-outdoor-in-ghisa-nero.jpg?ssl=1\",\"contentUrl\":\"https:\/\/i1.wp.com\/interpim.erresse-shop.it\/Import\/Prodotti\/le-creuset-grill-rotondo-bbq-outdoor-in-ghisa-nero.jpg?ssl=1\"},{\"@type\":\"BreadcrumbList\",\"@id\":\"https:\/\/dev6.erresse-shop.it\/de\/shop\/toepfe-pfannen\/grillpfannen\/le-creuset-runder-grill-bbq-outdoor-aus-gusseisen-25-cn-schwarz\/#breadcrumb\",\"itemListElement\":[{\"@type\":\"ListItem\",\"position\":1,\"name\":\"Home\",\"item\":\"https:\/\/dev6.erresse-shop.it\/\"},{\"@type\":\"ListItem\",\"position\":2,\"name\":\"Shop\",\"item\":\"https:\/\/dev6.erresse-shop.it\/shop\/\"},{\"@type\":\"ListItem\",\"position\":3,\"name\":\"LE CREUSET Runder Grill BBQ Outdoor aus Gusseisen 25 cn Schwarz\"}]},{\"@type\":\"WebSite\",\"@id\":\"https:\/\/dev6.erresse-shop.it\/#website\",\"url\":\"https:\/\/dev6.erresse-shop.it\/\",\"name\":\"Erresse Shop\",\"description\":\"\",\"publisher\":{\"@id\":\"https:\/\/dev6.erresse-shop.it\/#organization\"},\"potentialAction\":[{\"@type\":\"SearchAction\",\"target\":{\"@type\":\"EntryPoint\",\"urlTemplate\":\"https:\/\/dev6.erresse-shop.it\/?s={search_term_string}\"},\"query-input\":{\"@type\":\"PropertyValueSpecification\",\"valueRequired\":true,\"valueName\":\"search_term_string\"}}],\"inLanguage\":\"de\"},{\"@type\":\"Organization\",\"@id\":\"https:\/\/dev6.erresse-shop.it\/#organization\",\"name\":\"Erresse Shop\",\"url\":\"https:\/\/dev6.erresse-shop.it\/\",\"logo\":{\"@type\":\"ImageObject\",\"inLanguage\":\"de\",\"@id\":\"https:\/\/dev6.erresse-shop.it\/#\/schema\/logo\/image\/\",\"url\":\"https:\/\/dev6.erresse-shop.it\/wp-content\/uploads\/2025\/01\/LOGO-ERRESSE-CLASSICO.svg\",\"contentUrl\":\"https:\/\/dev6.erresse-shop.it\/wp-content\/uploads\/2025\/01\/LOGO-ERRESSE-CLASSICO.svg\",\"caption\":\"Erresse Shop\"},\"image\":{\"@id\":\"https:\/\/dev6.erresse-shop.it\/#\/schema\/logo\/image\/\"}}]}<\/script>\n<!-- \/ Yoast SEO plugin. -->","yoast_head_json":{"title":"LE CREUSET Runder Grill BBQ Outdoor aus Gusseisen 25 cn Schwarz - dev6 Erresse","description":"Mit dem runden BBQ-Grill aus Gusseisen sind Sie nicht nur in der K\u00fcche ein echter Hingucker. Er eignet sich ideal zum Anbraten von Steaks, Spiegeleiern","robots":{"index":"noindex","follow":"follow","max-snippet":"max-snippet:-1","max-image-preview":"max-image-preview:large","max-video-preview":"max-video-preview:-1"},"og_locale":"de_DE","og_type":"article","og_title":"LE CREUSET Runder Grill BBQ Outdoor aus Gusseisen 25 cn Schwarz - dev6 Erresse","og_description":"Mit dem runden BBQ-Grill aus Gusseisen sind Sie nicht nur in der K\u00fcche ein echter Hingucker. Er eignet sich ideal zum Anbraten von Steaks, Spiegeleiern","og_url":"https:\/\/dev6.erresse-shop.it\/de\/shop\/toepfe-pfannen\/grillpfannen\/le-creuset-runder-grill-bbq-outdoor-aus-gusseisen-25-cn-schwarz\/","og_site_name":"dev6 Erresse","og_image":[{"url":"https:\/\/interpim.erresse-shop.it\/Import\/Prodotti\/le-creuset-grill-rotondo-bbq-outdoor-in-ghisa-nero.jpg","type":"","width":"","height":""},{"url":"https:\/\/interpim.erresse-shop.it\/Import\/Prodotti\/le-creuset-grill-rotondo-bbq-outdoor-in-ghisa-nero.jpg","width":1024,"height":1024,"type":"image\/jpeg"}],"twitter_card":"summary_large_image","twitter_image":"https:\/\/interpim.erresse-shop.it\/Import\/Prodotti\/le-creuset-grill-rotondo-bbq-outdoor-in-ghisa-nero.jpg","schema":{"@context":"https:\/\/schema.org","@graph":[{"@type":"WebPage","@id":"https:\/\/dev6.erresse-shop.it\/de\/shop\/toepfe-pfannen\/grillpfannen\/le-creuset-runder-grill-bbq-outdoor-aus-gusseisen-25-cn-schwarz\/","url":"https:\/\/dev6.erresse-shop.it\/de\/shop\/toepfe-pfannen\/grillpfannen\/le-creuset-runder-grill-bbq-outdoor-aus-gusseisen-25-cn-schwarz\/","name":"LE CREUSET Runder Grill BBQ Outdoor aus Gusseisen 25 cn Schwarz - dev6 Erresse","isPartOf":{"@id":"https:\/\/dev6.erresse-shop.it\/#website"},"primaryImageOfPage":{"@id":"https:\/\/dev6.erresse-shop.it\/de\/shop\/toepfe-pfannen\/grillpfannen\/le-creuset-runder-grill-bbq-outdoor-aus-gusseisen-25-cn-schwarz\/#primaryimage"},"image":{"@id":"https:\/\/dev6.erresse-shop.it\/de\/shop\/toepfe-pfannen\/grillpfannen\/le-creuset-runder-grill-bbq-outdoor-aus-gusseisen-25-cn-schwarz\/#primaryimage"},"thumbnailUrl":"https:\/\/i1.wp.com\/interpim.erresse-shop.it\/Import\/Prodotti\/le-creuset-grill-rotondo-bbq-outdoor-in-ghisa-nero.jpg?ssl=1","datePublished":"2026-04-04T11:37:09+00:00","description":"Mit dem runden BBQ-Grill aus Gusseisen sind Sie nicht nur in der K\u00fcche ein echter Hingucker. Er eignet sich ideal zum Anbraten von Steaks, Spiegeleiern","breadcrumb":{"@id":"https:\/\/dev6.erresse-shop.it\/de\/shop\/toepfe-pfannen\/grillpfannen\/le-creuset-runder-grill-bbq-outdoor-aus-gusseisen-25-cn-schwarz\/#breadcrumb"},"inLanguage":"de","potentialAction":[{"@type":"ReadAction","target":["https:\/\/dev6.erresse-shop.it\/de\/shop\/toepfe-pfannen\/grillpfannen\/le-creuset-runder-grill-bbq-outdoor-aus-gusseisen-25-cn-schwarz\/"]}]},{"@type":"ImageObject","inLanguage":"de","@id":"https:\/\/dev6.erresse-shop.it\/de\/shop\/toepfe-pfannen\/grillpfannen\/le-creuset-runder-grill-bbq-outdoor-aus-gusseisen-25-cn-schwarz\/#primaryimage","url":"https:\/\/i1.wp.com\/interpim.erresse-shop.it\/Import\/Prodotti\/le-creuset-grill-rotondo-bbq-outdoor-in-ghisa-nero.jpg?ssl=1","contentUrl":"https:\/\/i1.wp.com\/interpim.erresse-shop.it\/Import\/Prodotti\/le-creuset-grill-rotondo-bbq-outdoor-in-ghisa-nero.jpg?ssl=1"},{"@type":"BreadcrumbList","@id":"https:\/\/dev6.erresse-shop.it\/de\/shop\/toepfe-pfannen\/grillpfannen\/le-creuset-runder-grill-bbq-outdoor-aus-gusseisen-25-cn-schwarz\/#breadcrumb","itemListElement":[{"@type":"ListItem","position":1,"name":"Home","item":"https:\/\/dev6.erresse-shop.it\/"},{"@type":"ListItem","position":2,"name":"Shop","item":"https:\/\/dev6.erresse-shop.it\/shop\/"},{"@type":"ListItem","position":3,"name":"LE CREUSET Runder Grill BBQ Outdoor aus Gusseisen 25 cn Schwarz"}]},{"@type":"WebSite","@id":"https:\/\/dev6.erresse-shop.it\/#website","url":"https:\/\/dev6.erresse-shop.it\/","name":"Erresse Shop","description":"","publisher":{"@id":"https:\/\/dev6.erresse-shop.it\/#organization"},"potentialAction":[{"@type":"SearchAction","target":{"@type":"EntryPoint","urlTemplate":"https:\/\/dev6.erresse-shop.it\/?s={search_term_string}"},"query-input":{"@type":"PropertyValueSpecification","valueRequired":true,"valueName":"search_term_string"}}],"inLanguage":"de"},{"@type":"Organization","@id":"https:\/\/dev6.erresse-shop.it\/#organization","name":"Erresse Shop","url":"https:\/\/dev6.erresse-shop.it\/","logo":{"@type":"ImageObject","inLanguage":"de","@id":"https:\/\/dev6.erresse-shop.it\/#\/schema\/logo\/image\/","url":"https:\/\/dev6.erresse-shop.it\/wp-content\/uploads\/2025\/01\/LOGO-ERRESSE-CLASSICO.svg","contentUrl":"https:\/\/dev6.erresse-shop.it\/wp-content\/uploads\/2025\/01\/LOGO-ERRESSE-CLASSICO.svg","caption":"Erresse Shop"},"image":{"@id":"https:\/\/dev6.erresse-shop.it\/#\/schema\/logo\/image\/"}}]}},"df_price":139,"df_sale_price":139,"df_regular_price":159,"df_image_link":"https:\/\/i1.wp.com\/interpim.erresse-shop.it\/Import\/Prodotti\/le-creuset-grill-rotondo-bbq-outdoor-in-ghisa-nero.jpg?resize=300,300&ssl=1","fifu_image_url":"https:\/\/interpim.erresse-shop.it\/Import\/Prodotti\/le-creuset-grill-rotondo-bbq-outdoor-in-ghisa-nero.jpg","_links":{"self":[{"href":"https:\/\/dev6.erresse-shop.it\/de\/wp-json\/wp\/v2\/product\/1600916","targetHints":{"allow":["GET"]}}],"collection":[{"href":"https:\/\/dev6.erresse-shop.it\/de\/wp-json\/wp\/v2\/product"}],"about":[{"href":"https:\/\/dev6.erresse-shop.it\/de\/wp-json\/wp\/v2\/types\/product"}],"wp:featuredmedia":[{"embeddable":true,"href":"https:\/\/dev6.erresse-shop.it\/de\/wp-json\/wp\/v2\/media\/6294392"}],"wp:attachment":[{"href":"https:\/\/dev6.erresse-shop.it\/de\/wp-json\/wp\/v2\/media?parent=1600916"}],"wp:term":[{"taxonomy":"product_cat","embeddable":true,"href":"https:\/\/dev6.erresse-shop.it\/de\/wp-json\/wp\/v2\/product_cat?post=1600916"},{"taxonomy":"product_tag","embeddable":true,"href":"https:\/\/dev6.erresse-shop.it\/de\/wp-json\/wp\/v2\/product_tag?post=1600916"}],"curies":[{"name":"wp","href":"https:\/\/api.w.org\/{rel}","templated":true}]}}