{"id":1600896,"date":"2026-04-12T13:36:44","date_gmt":"2026-04-12T11:36:44","guid":{"rendered":"https:\/\/dev6.erresse-shop.it\/shop\/unkategorisiert\/coravin-model-two-elite-piano-black\/"},"modified":"2025-09-14T03:13:32","modified_gmt":"2025-09-14T01:13:32","slug":"coravin-model-two-elite-piano-black","status":"publish","type":"product","link":"https:\/\/dev6.erresse-shop.it\/de\/shop\/tisch\/weinbar-korkenzieher-dekanter-eiskubel\/beluefter\/coravin-model-two-elite-piano-black\/","title":{"rendered":"CORAVIN Model Two Elite Piano Black"},"content":{"rendered":"<p>Das Coravin\u2122 Model Two Elite ist die intuitivste und eleganteste Art, Wein einzuschenken und zu genie\u00dfen, ohne seine Frische zu beeintr\u00e4chtigen. Dank patentierter Technologie k\u00f6nnen Sie Wein jederzeit aus jeder Flasche servieren und ihn gleichzeitig vor Oxidation sch\u00fctzen.<\/p>\n<p>Modernes und elegantes Design: Mit exklusiven Farben und brillantem Chrom vereint das Coravin\u2122 Model Two Elite Luxus und Funktionalit\u00e4t und wird zum perfekten Begleiter f\u00fcr Weinliebhaber und alle, die Eleganz in der K\u00fcche zu sch\u00e4tzen wissen.<br \/>\nBenutzerfreundlichkeit: Das System l\u00e4sst sich leicht \u00f6ffnen und schlie\u00dfen und gew\u00e4hrleistet einen sicheren Halt der Flasche. Die Standardnadel erm\u00f6glicht eine 20 % schnellere Weinausgabe im Vergleich zu Vorg\u00e4ngermodellen.<br \/>\nLuftdichter Verschluss: Patentierte Kapseln enthalten \u00fcber 99,99 % reines Argongas, wodurch Restwein vor Oxidation gesch\u00fctzt wird und die Frische bei jeder Verwendung erhalten bleibt.<br \/>\nEinfache Installation: Die Kapsel l\u00e4sst sich leicht installieren und gew\u00e4hrleistet jedes Mal eine perfekte Abdichtung f\u00fcr optimalen Weinschutz.<\/p>\n<p>Coravin\u2122 Model Two Elite ist die perfekte Verschmelzung von Luxus und Technologie, ein Muss f\u00fcr alle, die jederzeit ein Glas Wein genie\u00dfen m\u00f6chten, ohne jemals Kompromisse bei der Qualit\u00e4t einzugehen.<\/p>\n<p>Produktmerkmale:<\/p>\n<p>Material: BPA-freies, lebensmittelechtes Polypropylen<br \/>\nGarantie: 2 Jahre<br \/>\nAbmessungen: 6,6 x 14 x 21 cm<br \/>\nGewicht: 445 g<\/p>\n","protected":false},"excerpt":{"rendered":"<p>Das Coravin\u2122 Model Two Elite ist die intuitivste und eleganteste Art, Wein einzuschenken und zu genie\u00dfen, ohne seine Frische zu beeintr\u00e4chtigen. Dank patentierter Technologie k\u00f6nnen Sie Wein jederzeit aus jeder Flasche servieren und ihn gleichzeitig vor Oxidation sch\u00fctzen. Modernes und elegantes Design: Mit exklusiven Farben und brillantem Chrom vereint das Coravin\u2122 Model Two Elite Luxus [&hellip;]<\/p>\n","protected":false},"featured_media":6377597,"template":"","meta":{"_acf_changed":false},"product_cat":[12180,12103,12177],"product_tag":[],"class_list":{"0":"post-1600896","1":"product","2":"type-product","3":"status-publish","4":"has-post-thumbnail","6":"product_cat-beluefter","7":"product_cat-tisch","8":"product_cat-weinbar-korkenzieher-dekanter-eiskubel","10":"first","11":"instock","12":"sale","13":"taxable","14":"shipping-taxable","15":"purchasable","16":"product-type-simple","swatches":"rey-swatches","show_selected":"","stretch_labels":"rey-swatches--stretch-labels"},"acf":[],"yoast_head":"<!-- This site is optimized with the Yoast SEO plugin v25.4 - https:\/\/yoast.com\/wordpress\/plugins\/seo\/ -->\n<title>CORAVIN Model Two Elite Piano Black - dev6 Erresse<\/title>\n<meta name=\"description\" content=\"Das Coravin\u2122 Model Two Elite ist die intuitivste und eleganteste Art, Wein einzuschenken und zu genie\u00dfen, ohne seine Frische zu beeintr\u00e4chtigen. Dank\" \/>\n<meta name=\"robots\" content=\"noindex, follow, max-snippet:-1, max-image-preview:large, max-video-preview:-1\" \/>\n<meta property=\"og:locale\" content=\"de_DE\" \/>\n<meta property=\"og:type\" content=\"article\" \/>\n<meta property=\"og:title\" content=\"CORAVIN Model Two Elite Piano Black - dev6 Erresse\" \/>\n<meta property=\"og:description\" content=\"Das Coravin\u2122 Model Two Elite ist die intuitivste und eleganteste Art, Wein einzuschenken und zu genie\u00dfen, ohne seine Frische zu beeintr\u00e4chtigen. Dank\" \/>\n<meta property=\"og:url\" content=\"https:\/\/dev6.erresse-shop.it\/de\/shop\/tisch\/weinbar-korkenzieher-dekanter-eiskubel\/beluefter\/coravin-model-two-elite-piano-black\/\" \/>\n<meta property=\"og:site_name\" content=\"dev6 Erresse\" \/>\n<meta property=\"og:image\" content=\"https:\/\/interpim.erresse-shop.it\/Import\/Prodotti\/coravin-model-two-elite-piano-black.jpg\" \/><meta property=\"og:image\" content=\"https:\/\/interpim.erresse-shop.it\/Import\/Prodotti\/coravin-model-two-elite-piano-black.jpg\" \/>\n\t<meta property=\"og:image:width\" content=\"1024\" \/>\n\t<meta property=\"og:image:height\" content=\"1024\" \/>\n\t<meta property=\"og:image:type\" content=\"image\/jpeg\" \/>\n<meta name=\"twitter:card\" content=\"summary_large_image\" \/>\n<meta name=\"twitter:image\" content=\"https:\/\/interpim.erresse-shop.it\/Import\/Prodotti\/coravin-model-two-elite-piano-black.jpg\" \/>\n<script type=\"application\/ld+json\" class=\"yoast-schema-graph\">{\"@context\":\"https:\/\/schema.org\",\"@graph\":[{\"@type\":\"WebPage\",\"@id\":\"https:\/\/dev6.erresse-shop.it\/de\/shop\/tisch\/weinbar-korkenzieher-dekanter-eiskubel\/beluefter\/coravin-model-two-elite-piano-black\/\",\"url\":\"https:\/\/dev6.erresse-shop.it\/de\/shop\/tisch\/weinbar-korkenzieher-dekanter-eiskubel\/beluefter\/coravin-model-two-elite-piano-black\/\",\"name\":\"CORAVIN Model Two Elite Piano Black - dev6 Erresse\",\"isPartOf\":{\"@id\":\"https:\/\/dev6.erresse-shop.it\/#website\"},\"primaryImageOfPage\":{\"@id\":\"https:\/\/dev6.erresse-shop.it\/de\/shop\/tisch\/weinbar-korkenzieher-dekanter-eiskubel\/beluefter\/coravin-model-two-elite-piano-black\/#primaryimage\"},\"image\":{\"@id\":\"https:\/\/dev6.erresse-shop.it\/de\/shop\/tisch\/weinbar-korkenzieher-dekanter-eiskubel\/beluefter\/coravin-model-two-elite-piano-black\/#primaryimage\"},\"thumbnailUrl\":\"https:\/\/i1.wp.com\/interpim.erresse-shop.it\/Import\/Prodotti\/coravin-model-two-elite-piano-black.jpg?ssl=1\",\"datePublished\":\"2026-04-12T11:36:44+00:00\",\"description\":\"Das Coravin\u2122 Model Two Elite ist die intuitivste und eleganteste Art, Wein einzuschenken und zu genie\u00dfen, ohne seine Frische zu beeintr\u00e4chtigen. Dank\",\"breadcrumb\":{\"@id\":\"https:\/\/dev6.erresse-shop.it\/de\/shop\/tisch\/weinbar-korkenzieher-dekanter-eiskubel\/beluefter\/coravin-model-two-elite-piano-black\/#breadcrumb\"},\"inLanguage\":\"de\",\"potentialAction\":[{\"@type\":\"ReadAction\",\"target\":[\"https:\/\/dev6.erresse-shop.it\/de\/shop\/tisch\/weinbar-korkenzieher-dekanter-eiskubel\/beluefter\/coravin-model-two-elite-piano-black\/\"]}]},{\"@type\":\"ImageObject\",\"inLanguage\":\"de\",\"@id\":\"https:\/\/dev6.erresse-shop.it\/de\/shop\/tisch\/weinbar-korkenzieher-dekanter-eiskubel\/beluefter\/coravin-model-two-elite-piano-black\/#primaryimage\",\"url\":\"https:\/\/i1.wp.com\/interpim.erresse-shop.it\/Import\/Prodotti\/coravin-model-two-elite-piano-black.jpg?ssl=1\",\"contentUrl\":\"https:\/\/i1.wp.com\/interpim.erresse-shop.it\/Import\/Prodotti\/coravin-model-two-elite-piano-black.jpg?ssl=1\"},{\"@type\":\"BreadcrumbList\",\"@id\":\"https:\/\/dev6.erresse-shop.it\/de\/shop\/tisch\/weinbar-korkenzieher-dekanter-eiskubel\/beluefter\/coravin-model-two-elite-piano-black\/#breadcrumb\",\"itemListElement\":[{\"@type\":\"ListItem\",\"position\":1,\"name\":\"Home\",\"item\":\"https:\/\/dev6.erresse-shop.it\/\"},{\"@type\":\"ListItem\",\"position\":2,\"name\":\"Shop\",\"item\":\"https:\/\/dev6.erresse-shop.it\/shop\/\"},{\"@type\":\"ListItem\",\"position\":3,\"name\":\"CORAVIN Model Two Elite Piano Black\"}]},{\"@type\":\"WebSite\",\"@id\":\"https:\/\/dev6.erresse-shop.it\/#website\",\"url\":\"https:\/\/dev6.erresse-shop.it\/\",\"name\":\"Erresse Shop\",\"description\":\"\",\"publisher\":{\"@id\":\"https:\/\/dev6.erresse-shop.it\/#organization\"},\"potentialAction\":[{\"@type\":\"SearchAction\",\"target\":{\"@type\":\"EntryPoint\",\"urlTemplate\":\"https:\/\/dev6.erresse-shop.it\/?s={search_term_string}\"},\"query-input\":{\"@type\":\"PropertyValueSpecification\",\"valueRequired\":true,\"valueName\":\"search_term_string\"}}],\"inLanguage\":\"de\"},{\"@type\":\"Organization\",\"@id\":\"https:\/\/dev6.erresse-shop.it\/#organization\",\"name\":\"Erresse Shop\",\"url\":\"https:\/\/dev6.erresse-shop.it\/\",\"logo\":{\"@type\":\"ImageObject\",\"inLanguage\":\"de\",\"@id\":\"https:\/\/dev6.erresse-shop.it\/#\/schema\/logo\/image\/\",\"url\":\"https:\/\/dev6.erresse-shop.it\/wp-content\/uploads\/2025\/01\/LOGO-ERRESSE-CLASSICO.svg\",\"contentUrl\":\"https:\/\/dev6.erresse-shop.it\/wp-content\/uploads\/2025\/01\/LOGO-ERRESSE-CLASSICO.svg\",\"caption\":\"Erresse Shop\"},\"image\":{\"@id\":\"https:\/\/dev6.erresse-shop.it\/#\/schema\/logo\/image\/\"}}]}<\/script>\n<!-- \/ Yoast SEO plugin. -->","yoast_head_json":{"title":"CORAVIN Model Two Elite Piano Black - dev6 Erresse","description":"Das Coravin\u2122 Model Two Elite ist die intuitivste und eleganteste Art, Wein einzuschenken und zu genie\u00dfen, ohne seine Frische zu beeintr\u00e4chtigen. Dank","robots":{"index":"noindex","follow":"follow","max-snippet":"max-snippet:-1","max-image-preview":"max-image-preview:large","max-video-preview":"max-video-preview:-1"},"og_locale":"de_DE","og_type":"article","og_title":"CORAVIN Model Two Elite Piano Black - dev6 Erresse","og_description":"Das Coravin\u2122 Model Two Elite ist die intuitivste und eleganteste Art, Wein einzuschenken und zu genie\u00dfen, ohne seine Frische zu beeintr\u00e4chtigen. Dank","og_url":"https:\/\/dev6.erresse-shop.it\/de\/shop\/tisch\/weinbar-korkenzieher-dekanter-eiskubel\/beluefter\/coravin-model-two-elite-piano-black\/","og_site_name":"dev6 Erresse","og_image":[{"url":"https:\/\/interpim.erresse-shop.it\/Import\/Prodotti\/coravin-model-two-elite-piano-black.jpg","type":"","width":"","height":""},{"url":"https:\/\/interpim.erresse-shop.it\/Import\/Prodotti\/coravin-model-two-elite-piano-black.jpg","width":1024,"height":1024,"type":"image\/jpeg"}],"twitter_card":"summary_large_image","twitter_image":"https:\/\/interpim.erresse-shop.it\/Import\/Prodotti\/coravin-model-two-elite-piano-black.jpg","schema":{"@context":"https:\/\/schema.org","@graph":[{"@type":"WebPage","@id":"https:\/\/dev6.erresse-shop.it\/de\/shop\/tisch\/weinbar-korkenzieher-dekanter-eiskubel\/beluefter\/coravin-model-two-elite-piano-black\/","url":"https:\/\/dev6.erresse-shop.it\/de\/shop\/tisch\/weinbar-korkenzieher-dekanter-eiskubel\/beluefter\/coravin-model-two-elite-piano-black\/","name":"CORAVIN Model Two Elite Piano Black - dev6 Erresse","isPartOf":{"@id":"https:\/\/dev6.erresse-shop.it\/#website"},"primaryImageOfPage":{"@id":"https:\/\/dev6.erresse-shop.it\/de\/shop\/tisch\/weinbar-korkenzieher-dekanter-eiskubel\/beluefter\/coravin-model-two-elite-piano-black\/#primaryimage"},"image":{"@id":"https:\/\/dev6.erresse-shop.it\/de\/shop\/tisch\/weinbar-korkenzieher-dekanter-eiskubel\/beluefter\/coravin-model-two-elite-piano-black\/#primaryimage"},"thumbnailUrl":"https:\/\/i1.wp.com\/interpim.erresse-shop.it\/Import\/Prodotti\/coravin-model-two-elite-piano-black.jpg?ssl=1","datePublished":"2026-04-12T11:36:44+00:00","description":"Das Coravin\u2122 Model Two Elite ist die intuitivste und eleganteste Art, Wein einzuschenken und zu genie\u00dfen, ohne seine Frische zu beeintr\u00e4chtigen. Dank","breadcrumb":{"@id":"https:\/\/dev6.erresse-shop.it\/de\/shop\/tisch\/weinbar-korkenzieher-dekanter-eiskubel\/beluefter\/coravin-model-two-elite-piano-black\/#breadcrumb"},"inLanguage":"de","potentialAction":[{"@type":"ReadAction","target":["https:\/\/dev6.erresse-shop.it\/de\/shop\/tisch\/weinbar-korkenzieher-dekanter-eiskubel\/beluefter\/coravin-model-two-elite-piano-black\/"]}]},{"@type":"ImageObject","inLanguage":"de","@id":"https:\/\/dev6.erresse-shop.it\/de\/shop\/tisch\/weinbar-korkenzieher-dekanter-eiskubel\/beluefter\/coravin-model-two-elite-piano-black\/#primaryimage","url":"https:\/\/i1.wp.com\/interpim.erresse-shop.it\/Import\/Prodotti\/coravin-model-two-elite-piano-black.jpg?ssl=1","contentUrl":"https:\/\/i1.wp.com\/interpim.erresse-shop.it\/Import\/Prodotti\/coravin-model-two-elite-piano-black.jpg?ssl=1"},{"@type":"BreadcrumbList","@id":"https:\/\/dev6.erresse-shop.it\/de\/shop\/tisch\/weinbar-korkenzieher-dekanter-eiskubel\/beluefter\/coravin-model-two-elite-piano-black\/#breadcrumb","itemListElement":[{"@type":"ListItem","position":1,"name":"Home","item":"https:\/\/dev6.erresse-shop.it\/"},{"@type":"ListItem","position":2,"name":"Shop","item":"https:\/\/dev6.erresse-shop.it\/shop\/"},{"@type":"ListItem","position":3,"name":"CORAVIN Model Two Elite Piano Black"}]},{"@type":"WebSite","@id":"https:\/\/dev6.erresse-shop.it\/#website","url":"https:\/\/dev6.erresse-shop.it\/","name":"Erresse Shop","description":"","publisher":{"@id":"https:\/\/dev6.erresse-shop.it\/#organization"},"potentialAction":[{"@type":"SearchAction","target":{"@type":"EntryPoint","urlTemplate":"https:\/\/dev6.erresse-shop.it\/?s={search_term_string}"},"query-input":{"@type":"PropertyValueSpecification","valueRequired":true,"valueName":"search_term_string"}}],"inLanguage":"de"},{"@type":"Organization","@id":"https:\/\/dev6.erresse-shop.it\/#organization","name":"Erresse Shop","url":"https:\/\/dev6.erresse-shop.it\/","logo":{"@type":"ImageObject","inLanguage":"de","@id":"https:\/\/dev6.erresse-shop.it\/#\/schema\/logo\/image\/","url":"https:\/\/dev6.erresse-shop.it\/wp-content\/uploads\/2025\/01\/LOGO-ERRESSE-CLASSICO.svg","contentUrl":"https:\/\/dev6.erresse-shop.it\/wp-content\/uploads\/2025\/01\/LOGO-ERRESSE-CLASSICO.svg","caption":"Erresse Shop"},"image":{"@id":"https:\/\/dev6.erresse-shop.it\/#\/schema\/logo\/image\/"}}]}},"df_price":199,"df_sale_price":199,"df_regular_price":349,"df_image_link":"https:\/\/i1.wp.com\/interpim.erresse-shop.it\/Import\/Prodotti\/coravin-model-two-elite-piano-black.jpg?resize=300,300&ssl=1","fifu_image_url":"https:\/\/interpim.erresse-shop.it\/Import\/Prodotti\/coravin-model-two-elite-piano-black.jpg","_links":{"self":[{"href":"https:\/\/dev6.erresse-shop.it\/de\/wp-json\/wp\/v2\/product\/1600896","targetHints":{"allow":["GET"]}}],"collection":[{"href":"https:\/\/dev6.erresse-shop.it\/de\/wp-json\/wp\/v2\/product"}],"about":[{"href":"https:\/\/dev6.erresse-shop.it\/de\/wp-json\/wp\/v2\/types\/product"}],"wp:featuredmedia":[{"embeddable":true,"href":"https:\/\/dev6.erresse-shop.it\/de\/wp-json\/wp\/v2\/media\/6377597"}],"wp:attachment":[{"href":"https:\/\/dev6.erresse-shop.it\/de\/wp-json\/wp\/v2\/media?parent=1600896"}],"wp:term":[{"taxonomy":"product_cat","embeddable":true,"href":"https:\/\/dev6.erresse-shop.it\/de\/wp-json\/wp\/v2\/product_cat?post=1600896"},{"taxonomy":"product_tag","embeddable":true,"href":"https:\/\/dev6.erresse-shop.it\/de\/wp-json\/wp\/v2\/product_tag?post=1600896"}],"curies":[{"name":"wp","href":"https:\/\/api.w.org\/{rel}","templated":true}]}}