{"id":1600884,"date":"2026-04-12T13:36:44","date_gmt":"2026-04-12T11:36:44","guid":{"rendered":"https:\/\/dev6.erresse-shop.it\/shop\/unkategorisiert\/staub-gusseisen-auflaufform-mit-deckel-20-cm-graphitgrau\/"},"modified":"2025-09-14T03:12:59","modified_gmt":"2025-09-14T01:12:59","slug":"staub-gusseisen-auflaufform-mit-deckel-20-cm-graphitgrau","status":"publish","type":"product","link":"https:\/\/dev6.erresse-shop.it\/de\/shop\/toepfe-pfannen\/toepfe-und-kochtoepfen\/staub-gusseisen-auflaufform-mit-deckel-20-cm-graphitgrau\/","title":{"rendered":"STAUB Gusseisen-Auflaufform mit Deckel 20 cm Graphitgrau"},"content":{"rendered":"<p>Der runde Stieltopf mit Deckel aus der Staub Kochgeschirr-Reihe ist f\u00fcr alle Herdarten geeignet, auch f\u00fcr Induktionsherde. Durch die gleichm\u00e4\u00dfige Hitzeverteilung ist es perfekt f\u00fcr gesundes und schonendes Kochen. Im Schmortopf zubereitet, beh\u00e4lt frisches Gem\u00fcse alle Vitamine und wichtigsten N\u00e4hrstoffe. Mit einem Fassungsverm\u00f6gen von 0,75 Litern und einem Durchmesser von 20 cm eignet sich die Auflaufform besonders gut f\u00fcr die Zubereitung einzelner Portionen. Der Vorteil dieser graphitgrauen Auflaufform besteht darin, dass Sie sie direkt aus dem Ofen auf den Tisch stellen k\u00f6nnen. Die klassische Form mit praktischen Griffen an den Seiten erleichtert die Handhabung und Aufbewahrung. Staub-T\u00f6pfe sind nicht nur f\u00fcr die Verwendung im Backofen geeignet. Sobald die Zutaten angebraten sind, k\u00f6nnen Sie sie in den Ofen geben und garen, bis sie vollst\u00e4ndig goldbraun sind. Die Kochergebnisse mit diesem Topf von Staub werden Sie begeistern.<\/p>\n<p>Zubereiten und servieren<\/p>\n<p>Funktionen:<\/p>\n<p>Hitzebest\u00e4ndigkeit:260 \u00baC<br \/>\nK\u00e4ltebest\u00e4ndigkeit:-20 \u00baC<br \/>\nMaterial:Gusseisen<br \/>\nGrifftyp:Deckelknopf<br \/>\nInnenbeschichtung:Emaille<br \/>\nInduktion:Ja<br \/>\nBackofenfest:Ja<br \/>\nGefrierschrankgeeignet:Ja<br \/>\nHerdplattengeeignet:Ja<br \/>\nSp\u00fclmaschinenfest:Ja<\/p>\n<p>Abmessungen:<\/p>\n<p>Nettogewicht:2,21 kg<br \/>\nFassungsverm\u00f6gen:0,75 l<br \/>\nProduktl\u00e4nge:26,00 cm<br \/>\nProduktbreite:20,40 cm<br \/>\nProdukth\u00f6he:8,60 cm<br \/>\nOberer Durchmesser:20,00 cm<br \/>\nBodendurchmesser:17,00 cm<\/p>\n","protected":false},"excerpt":{"rendered":"<p>Der runde Stieltopf mit Deckel aus der Staub Kochgeschirr-Reihe ist f\u00fcr alle Herdarten geeignet, auch f\u00fcr Induktionsherde. Durch die gleichm\u00e4\u00dfige Hitzeverteilung ist es perfekt f\u00fcr gesundes und schonendes Kochen. Im Schmortopf zubereitet, beh\u00e4lt frisches Gem\u00fcse alle Vitamine und wichtigsten N\u00e4hrstoffe. Mit einem Fassungsverm\u00f6gen von 0,75 Litern und einem Durchmesser von 20 cm eignet sich die [&hellip;]<\/p>\n","protected":false},"featured_media":6377522,"template":"","meta":{"_acf_changed":false},"product_cat":[12109,12099],"product_tag":[],"class_list":{"0":"post-1600884","1":"product","2":"type-product","3":"status-publish","4":"has-post-thumbnail","6":"product_cat-toepfe-und-kochtoepfen","7":"product_cat-toepfe-pfannen","9":"first","10":"instock","11":"sale","12":"taxable","13":"shipping-taxable","14":"purchasable","15":"product-type-simple","swatches":"rey-swatches","show_selected":"","stretch_labels":"rey-swatches--stretch-labels"},"acf":[],"yoast_head":"<!-- This site is optimized with the Yoast SEO plugin v25.4 - https:\/\/yoast.com\/wordpress\/plugins\/seo\/ -->\n<title>STAUB Gusseisen-Auflaufform mit Deckel 20 cm Graphitgrau - dev6 Erresse<\/title>\n<meta name=\"description\" content=\"Der runde Stieltopf mit Deckel aus der Staub Kochgeschirr-Reihe ist f\u00fcr alle Herdarten geeignet, auch f\u00fcr Induktionsherde. Durch die gleichm\u00e4\u00dfige\" \/>\n<meta name=\"robots\" content=\"noindex, follow, max-snippet:-1, max-image-preview:large, max-video-preview:-1\" \/>\n<meta property=\"og:locale\" content=\"de_DE\" \/>\n<meta property=\"og:type\" content=\"article\" \/>\n<meta property=\"og:title\" content=\"STAUB Gusseisen-Auflaufform mit Deckel 20 cm Graphitgrau - dev6 Erresse\" \/>\n<meta property=\"og:description\" content=\"Der runde Stieltopf mit Deckel aus der Staub Kochgeschirr-Reihe ist f\u00fcr alle Herdarten geeignet, auch f\u00fcr Induktionsherde. Durch die gleichm\u00e4\u00dfige\" \/>\n<meta property=\"og:url\" content=\"https:\/\/dev6.erresse-shop.it\/de\/shop\/toepfe-pfannen\/toepfe-und-kochtoepfen\/staub-gusseisen-auflaufform-mit-deckel-20-cm-graphitgrau\/\" \/>\n<meta property=\"og:site_name\" content=\"dev6 Erresse\" \/>\n<meta property=\"og:image\" content=\"https:\/\/interpim.erresse-shop.it\/Import\/Prodotti\/staub-pirofila-tonda-in-ghisa-20-cm-grigio-grafite.jpg\" \/><meta property=\"og:image\" content=\"https:\/\/interpim.erresse-shop.it\/Import\/Prodotti\/staub-pirofila-tonda-in-ghisa-20-cm-grigio-grafite.jpg\" \/>\n\t<meta property=\"og:image:width\" content=\"1024\" \/>\n\t<meta property=\"og:image:height\" content=\"1024\" \/>\n\t<meta property=\"og:image:type\" content=\"image\/jpeg\" \/>\n<meta name=\"twitter:card\" content=\"summary_large_image\" \/>\n<meta name=\"twitter:image\" content=\"https:\/\/interpim.erresse-shop.it\/Import\/Prodotti\/staub-pirofila-tonda-in-ghisa-20-cm-grigio-grafite.jpg\" \/>\n<script type=\"application\/ld+json\" class=\"yoast-schema-graph\">{\"@context\":\"https:\/\/schema.org\",\"@graph\":[{\"@type\":\"WebPage\",\"@id\":\"https:\/\/dev6.erresse-shop.it\/de\/shop\/toepfe-pfannen\/toepfe-und-kochtoepfen\/staub-gusseisen-auflaufform-mit-deckel-20-cm-graphitgrau\/\",\"url\":\"https:\/\/dev6.erresse-shop.it\/de\/shop\/toepfe-pfannen\/toepfe-und-kochtoepfen\/staub-gusseisen-auflaufform-mit-deckel-20-cm-graphitgrau\/\",\"name\":\"STAUB Gusseisen-Auflaufform mit Deckel 20 cm Graphitgrau - dev6 Erresse\",\"isPartOf\":{\"@id\":\"https:\/\/dev6.erresse-shop.it\/#website\"},\"primaryImageOfPage\":{\"@id\":\"https:\/\/dev6.erresse-shop.it\/de\/shop\/toepfe-pfannen\/toepfe-und-kochtoepfen\/staub-gusseisen-auflaufform-mit-deckel-20-cm-graphitgrau\/#primaryimage\"},\"image\":{\"@id\":\"https:\/\/dev6.erresse-shop.it\/de\/shop\/toepfe-pfannen\/toepfe-und-kochtoepfen\/staub-gusseisen-auflaufform-mit-deckel-20-cm-graphitgrau\/#primaryimage\"},\"thumbnailUrl\":\"https:\/\/i3.wp.com\/interpim.erresse-shop.it\/Import\/Prodotti\/staub-pirofila-tonda-in-ghisa-20-cm-grigio-grafite.jpg?ssl=1\",\"datePublished\":\"2026-04-12T11:36:44+00:00\",\"description\":\"Der runde Stieltopf mit Deckel aus der Staub Kochgeschirr-Reihe ist f\u00fcr alle Herdarten geeignet, auch f\u00fcr Induktionsherde. Durch die gleichm\u00e4\u00dfige\",\"breadcrumb\":{\"@id\":\"https:\/\/dev6.erresse-shop.it\/de\/shop\/toepfe-pfannen\/toepfe-und-kochtoepfen\/staub-gusseisen-auflaufform-mit-deckel-20-cm-graphitgrau\/#breadcrumb\"},\"inLanguage\":\"de\",\"potentialAction\":[{\"@type\":\"ReadAction\",\"target\":[\"https:\/\/dev6.erresse-shop.it\/de\/shop\/toepfe-pfannen\/toepfe-und-kochtoepfen\/staub-gusseisen-auflaufform-mit-deckel-20-cm-graphitgrau\/\"]}]},{\"@type\":\"ImageObject\",\"inLanguage\":\"de\",\"@id\":\"https:\/\/dev6.erresse-shop.it\/de\/shop\/toepfe-pfannen\/toepfe-und-kochtoepfen\/staub-gusseisen-auflaufform-mit-deckel-20-cm-graphitgrau\/#primaryimage\",\"url\":\"https:\/\/i3.wp.com\/interpim.erresse-shop.it\/Import\/Prodotti\/staub-pirofila-tonda-in-ghisa-20-cm-grigio-grafite.jpg?ssl=1\",\"contentUrl\":\"https:\/\/i3.wp.com\/interpim.erresse-shop.it\/Import\/Prodotti\/staub-pirofila-tonda-in-ghisa-20-cm-grigio-grafite.jpg?ssl=1\"},{\"@type\":\"BreadcrumbList\",\"@id\":\"https:\/\/dev6.erresse-shop.it\/de\/shop\/toepfe-pfannen\/toepfe-und-kochtoepfen\/staub-gusseisen-auflaufform-mit-deckel-20-cm-graphitgrau\/#breadcrumb\",\"itemListElement\":[{\"@type\":\"ListItem\",\"position\":1,\"name\":\"Home\",\"item\":\"https:\/\/dev6.erresse-shop.it\/\"},{\"@type\":\"ListItem\",\"position\":2,\"name\":\"Shop\",\"item\":\"https:\/\/dev6.erresse-shop.it\/shop\/\"},{\"@type\":\"ListItem\",\"position\":3,\"name\":\"STAUB Gusseisen-Auflaufform mit Deckel 20 cm Graphitgrau\"}]},{\"@type\":\"WebSite\",\"@id\":\"https:\/\/dev6.erresse-shop.it\/#website\",\"url\":\"https:\/\/dev6.erresse-shop.it\/\",\"name\":\"Erresse Shop\",\"description\":\"\",\"publisher\":{\"@id\":\"https:\/\/dev6.erresse-shop.it\/#organization\"},\"potentialAction\":[{\"@type\":\"SearchAction\",\"target\":{\"@type\":\"EntryPoint\",\"urlTemplate\":\"https:\/\/dev6.erresse-shop.it\/?s={search_term_string}\"},\"query-input\":{\"@type\":\"PropertyValueSpecification\",\"valueRequired\":true,\"valueName\":\"search_term_string\"}}],\"inLanguage\":\"de\"},{\"@type\":\"Organization\",\"@id\":\"https:\/\/dev6.erresse-shop.it\/#organization\",\"name\":\"Erresse Shop\",\"url\":\"https:\/\/dev6.erresse-shop.it\/\",\"logo\":{\"@type\":\"ImageObject\",\"inLanguage\":\"de\",\"@id\":\"https:\/\/dev6.erresse-shop.it\/#\/schema\/logo\/image\/\",\"url\":\"https:\/\/dev6.erresse-shop.it\/wp-content\/uploads\/2025\/01\/LOGO-ERRESSE-CLASSICO.svg\",\"contentUrl\":\"https:\/\/dev6.erresse-shop.it\/wp-content\/uploads\/2025\/01\/LOGO-ERRESSE-CLASSICO.svg\",\"caption\":\"Erresse Shop\"},\"image\":{\"@id\":\"https:\/\/dev6.erresse-shop.it\/#\/schema\/logo\/image\/\"}}]}<\/script>\n<!-- \/ Yoast SEO plugin. -->","yoast_head_json":{"title":"STAUB Gusseisen-Auflaufform mit Deckel 20 cm Graphitgrau - dev6 Erresse","description":"Der runde Stieltopf mit Deckel aus der Staub Kochgeschirr-Reihe ist f\u00fcr alle Herdarten geeignet, auch f\u00fcr Induktionsherde. Durch die gleichm\u00e4\u00dfige","robots":{"index":"noindex","follow":"follow","max-snippet":"max-snippet:-1","max-image-preview":"max-image-preview:large","max-video-preview":"max-video-preview:-1"},"og_locale":"de_DE","og_type":"article","og_title":"STAUB Gusseisen-Auflaufform mit Deckel 20 cm Graphitgrau - dev6 Erresse","og_description":"Der runde Stieltopf mit Deckel aus der Staub Kochgeschirr-Reihe ist f\u00fcr alle Herdarten geeignet, auch f\u00fcr Induktionsherde. Durch die gleichm\u00e4\u00dfige","og_url":"https:\/\/dev6.erresse-shop.it\/de\/shop\/toepfe-pfannen\/toepfe-und-kochtoepfen\/staub-gusseisen-auflaufform-mit-deckel-20-cm-graphitgrau\/","og_site_name":"dev6 Erresse","og_image":[{"url":"https:\/\/interpim.erresse-shop.it\/Import\/Prodotti\/staub-pirofila-tonda-in-ghisa-20-cm-grigio-grafite.jpg","type":"","width":"","height":""},{"url":"https:\/\/interpim.erresse-shop.it\/Import\/Prodotti\/staub-pirofila-tonda-in-ghisa-20-cm-grigio-grafite.jpg","width":1024,"height":1024,"type":"image\/jpeg"}],"twitter_card":"summary_large_image","twitter_image":"https:\/\/interpim.erresse-shop.it\/Import\/Prodotti\/staub-pirofila-tonda-in-ghisa-20-cm-grigio-grafite.jpg","schema":{"@context":"https:\/\/schema.org","@graph":[{"@type":"WebPage","@id":"https:\/\/dev6.erresse-shop.it\/de\/shop\/toepfe-pfannen\/toepfe-und-kochtoepfen\/staub-gusseisen-auflaufform-mit-deckel-20-cm-graphitgrau\/","url":"https:\/\/dev6.erresse-shop.it\/de\/shop\/toepfe-pfannen\/toepfe-und-kochtoepfen\/staub-gusseisen-auflaufform-mit-deckel-20-cm-graphitgrau\/","name":"STAUB Gusseisen-Auflaufform mit Deckel 20 cm Graphitgrau - dev6 Erresse","isPartOf":{"@id":"https:\/\/dev6.erresse-shop.it\/#website"},"primaryImageOfPage":{"@id":"https:\/\/dev6.erresse-shop.it\/de\/shop\/toepfe-pfannen\/toepfe-und-kochtoepfen\/staub-gusseisen-auflaufform-mit-deckel-20-cm-graphitgrau\/#primaryimage"},"image":{"@id":"https:\/\/dev6.erresse-shop.it\/de\/shop\/toepfe-pfannen\/toepfe-und-kochtoepfen\/staub-gusseisen-auflaufform-mit-deckel-20-cm-graphitgrau\/#primaryimage"},"thumbnailUrl":"https:\/\/i3.wp.com\/interpim.erresse-shop.it\/Import\/Prodotti\/staub-pirofila-tonda-in-ghisa-20-cm-grigio-grafite.jpg?ssl=1","datePublished":"2026-04-12T11:36:44+00:00","description":"Der runde Stieltopf mit Deckel aus der Staub Kochgeschirr-Reihe ist f\u00fcr alle Herdarten geeignet, auch f\u00fcr Induktionsherde. Durch die gleichm\u00e4\u00dfige","breadcrumb":{"@id":"https:\/\/dev6.erresse-shop.it\/de\/shop\/toepfe-pfannen\/toepfe-und-kochtoepfen\/staub-gusseisen-auflaufform-mit-deckel-20-cm-graphitgrau\/#breadcrumb"},"inLanguage":"de","potentialAction":[{"@type":"ReadAction","target":["https:\/\/dev6.erresse-shop.it\/de\/shop\/toepfe-pfannen\/toepfe-und-kochtoepfen\/staub-gusseisen-auflaufform-mit-deckel-20-cm-graphitgrau\/"]}]},{"@type":"ImageObject","inLanguage":"de","@id":"https:\/\/dev6.erresse-shop.it\/de\/shop\/toepfe-pfannen\/toepfe-und-kochtoepfen\/staub-gusseisen-auflaufform-mit-deckel-20-cm-graphitgrau\/#primaryimage","url":"https:\/\/i3.wp.com\/interpim.erresse-shop.it\/Import\/Prodotti\/staub-pirofila-tonda-in-ghisa-20-cm-grigio-grafite.jpg?ssl=1","contentUrl":"https:\/\/i3.wp.com\/interpim.erresse-shop.it\/Import\/Prodotti\/staub-pirofila-tonda-in-ghisa-20-cm-grigio-grafite.jpg?ssl=1"},{"@type":"BreadcrumbList","@id":"https:\/\/dev6.erresse-shop.it\/de\/shop\/toepfe-pfannen\/toepfe-und-kochtoepfen\/staub-gusseisen-auflaufform-mit-deckel-20-cm-graphitgrau\/#breadcrumb","itemListElement":[{"@type":"ListItem","position":1,"name":"Home","item":"https:\/\/dev6.erresse-shop.it\/"},{"@type":"ListItem","position":2,"name":"Shop","item":"https:\/\/dev6.erresse-shop.it\/shop\/"},{"@type":"ListItem","position":3,"name":"STAUB Gusseisen-Auflaufform mit Deckel 20 cm Graphitgrau"}]},{"@type":"WebSite","@id":"https:\/\/dev6.erresse-shop.it\/#website","url":"https:\/\/dev6.erresse-shop.it\/","name":"Erresse Shop","description":"","publisher":{"@id":"https:\/\/dev6.erresse-shop.it\/#organization"},"potentialAction":[{"@type":"SearchAction","target":{"@type":"EntryPoint","urlTemplate":"https:\/\/dev6.erresse-shop.it\/?s={search_term_string}"},"query-input":{"@type":"PropertyValueSpecification","valueRequired":true,"valueName":"search_term_string"}}],"inLanguage":"de"},{"@type":"Organization","@id":"https:\/\/dev6.erresse-shop.it\/#organization","name":"Erresse Shop","url":"https:\/\/dev6.erresse-shop.it\/","logo":{"@type":"ImageObject","inLanguage":"de","@id":"https:\/\/dev6.erresse-shop.it\/#\/schema\/logo\/image\/","url":"https:\/\/dev6.erresse-shop.it\/wp-content\/uploads\/2025\/01\/LOGO-ERRESSE-CLASSICO.svg","contentUrl":"https:\/\/dev6.erresse-shop.it\/wp-content\/uploads\/2025\/01\/LOGO-ERRESSE-CLASSICO.svg","caption":"Erresse Shop"},"image":{"@id":"https:\/\/dev6.erresse-shop.it\/#\/schema\/logo\/image\/"}}]}},"df_price":109.95,"df_sale_price":109.95,"df_regular_price":159,"df_image_link":"https:\/\/i3.wp.com\/interpim.erresse-shop.it\/Import\/Prodotti\/staub-pirofila-tonda-in-ghisa-20-cm-grigio-grafite.jpg?resize=300,300&ssl=1","fifu_image_url":"https:\/\/interpim.erresse-shop.it\/Import\/Prodotti\/staub-pirofila-tonda-in-ghisa-20-cm-grigio-grafite.jpg","_links":{"self":[{"href":"https:\/\/dev6.erresse-shop.it\/de\/wp-json\/wp\/v2\/product\/1600884","targetHints":{"allow":["GET"]}}],"collection":[{"href":"https:\/\/dev6.erresse-shop.it\/de\/wp-json\/wp\/v2\/product"}],"about":[{"href":"https:\/\/dev6.erresse-shop.it\/de\/wp-json\/wp\/v2\/types\/product"}],"wp:featuredmedia":[{"embeddable":true,"href":"https:\/\/dev6.erresse-shop.it\/de\/wp-json\/wp\/v2\/media\/6377522"}],"wp:attachment":[{"href":"https:\/\/dev6.erresse-shop.it\/de\/wp-json\/wp\/v2\/media?parent=1600884"}],"wp:term":[{"taxonomy":"product_cat","embeddable":true,"href":"https:\/\/dev6.erresse-shop.it\/de\/wp-json\/wp\/v2\/product_cat?post=1600884"},{"taxonomy":"product_tag","embeddable":true,"href":"https:\/\/dev6.erresse-shop.it\/de\/wp-json\/wp\/v2\/product_tag?post=1600884"}],"curies":[{"name":"wp","href":"https:\/\/api.w.org\/{rel}","templated":true}]}}