{"id":1600880,"date":"2026-04-12T13:36:44","date_gmt":"2026-04-12T11:36:44","guid":{"rendered":"https:\/\/dev6.erresse-shop.it\/shop\/unkategorisiert\/staub-runde-cocotte-aus-gusseisen-34-cm-schwarz\/"},"modified":"2025-09-14T03:12:47","modified_gmt":"2025-09-14T01:12:47","slug":"staub-runde-cocotte-aus-gusseisen-34-cm-schwarz","status":"publish","type":"product","link":"https:\/\/dev6.erresse-shop.it\/de\/shop\/toepfe-pfannen\/schalldaempfer-und-kokotten\/staub-runde-cocotte-aus-gusseisen-34-cm-schwarz\/","title":{"rendered":"STAUB Runde Cocotte aus Gusseisen 34 cm Schwarz"},"content":{"rendered":"<p>Die Cocotte ist ein f\u00fcr die franz\u00f6sische K\u00fcche typisches Kochgeschirr aus Gusseisen, das heute in Gourmetk\u00fcchen auf der ganzen Welt verwendet wird. Fr\u00fcher wurde es zum Kochen von H\u00fchnchen verwendet, doch schon lange findet es auch Verwendung in Braten, Ragouts, Aufl\u00e4ufen, Souffl\u00e9s und Gratins. Die Kombination aus Gusseisen und Emaille-Beschichtung eignet sich optimal zum schonenden Schmoren und Braten von Speisen. So bleiben die N\u00e4hrstoffe und Aromen der Lebensmittel optimal erhalten. Hobbyk\u00f6che und Profik\u00f6che profitieren gleicherma\u00dfen von der Langlebigkeit der runden Cocotte, die wir hier in der Variante mit 34 cm Durchmesser und 12,6 Litern Fassungsverm\u00f6gen pr\u00e4sentieren. Diese Haltbarkeit ist umso vorteilhafter, wenn man bedenkt, dass Emaille seine geschmacksverst\u00e4rkenden Eigenschaften mit der Zeit entwickelt. Diese robusten Kocht\u00f6pfe sind auf allen Herdarten, einschlie\u00dflich Induktion, verwendbar. Das Kochen wird durch die einfache Handhabung der Pfanne und die pflegeleichte Emaillierung erleichtert, die nach dem Kochen nur wenig Aufwand beim Absp\u00fclen erfordert. Der Deckel der Cocotte ist so gestaltet, dass sich das Kondenswasser gleichm\u00e4\u00dfig \u00fcber dem Braten oder anderen Gargut verteilt. So bleibt das Fleisch ansprechend und saftig und das Aroma des Gem\u00fcses kann sich noch besser entfalten. Mit dem schwarzen Topf von Staub k\u00f6nnen Sie die Freude am erfolgreichen Kochen leckerer Gerichte sowohl traditioneller als auch moderner Art nahezu m\u00fchelos genie\u00dfen.<\/p>\n<p>Ideal zum Anbraten und langsamen Garen von Fleisch, Fisch oder Gem\u00fcse<br \/>\nF\u00fcr ein saftiges und zartes Garergebnis dank Deckel<br \/>\nDie mattschwarze Innenemaillierung eignet sich optimal f\u00fcr eine besonders knusprige Br\u00e4unung und ist sehr widerstandsf\u00e4hig<br \/>\nF\u00fcr alle Herdarten geeignet, auch Induktion, auch f\u00fcr den Backofen\/Grill geeignet<br \/>\nIntensive Farbe<\/p>\n<p>Funktionen:<\/p>\n<p>Hitzebest\u00e4ndigkeit: 260 \u00baC<br \/>\nK\u00e4ltebest\u00e4ndigkeit: -20 \u00baC<br \/>\nMaterial: Gusseisen<br \/>\nInnenbeschichtung: Emaille<br \/>\nVorhandener Deckel: ja<br \/>\nInduktion: Ja<br \/>\nBackofenfest: Ja<br \/>\nGefrierschrankgeeignet: Ja<br \/>\nHerdplattengeeignet: Ja<br \/>\nSp\u00fclmaschinenfest: Ja<\/p>\n<p>Abmessungen:<\/p>\n<p>Nettogewicht: 10,75 kg<br \/>\nFassungsverm\u00f6gen: 12,60 l<br \/>\nProduktl\u00e4nge: 43,00 cm<br \/>\nProduktbreite: 34,00 cm<br \/>\nProdukth\u00f6he: 21,40 cm<br \/>\nH\u00f6he ohne Deckel: 16,40 cm<br \/>\nOberer Durchmesser: 34,00 cm<br \/>\nBodendurchmesser: 29,10 cm<br \/>\nGriffl\u00e4nge: 4,50 cm<\/p>\n","protected":false},"excerpt":{"rendered":"<p>Die Cocotte ist ein f\u00fcr die franz\u00f6sische K\u00fcche typisches Kochgeschirr aus Gusseisen, das heute in Gourmetk\u00fcchen auf der ganzen Welt verwendet wird. Fr\u00fcher wurde es zum Kochen von H\u00fchnchen verwendet, doch schon lange findet es auch Verwendung in Braten, Ragouts, Aufl\u00e4ufen, Souffl\u00e9s und Gratins. Die Kombination aus Gusseisen und Emaille-Beschichtung eignet sich optimal zum schonenden [&hellip;]<\/p>\n","protected":false},"featured_media":6377494,"template":"","meta":{"_acf_changed":false},"product_cat":[12108,12099],"product_tag":[],"class_list":{"0":"post-1600880","1":"product","2":"type-product","3":"status-publish","4":"has-post-thumbnail","6":"product_cat-schalldaempfer-und-kokotten","7":"product_cat-toepfe-pfannen","9":"first","10":"instock","11":"sale","12":"taxable","13":"shipping-taxable","14":"purchasable","15":"product-type-simple","swatches":"rey-swatches","show_selected":"","stretch_labels":"rey-swatches--stretch-labels"},"acf":[],"yoast_head":"<!-- This site is optimized with the Yoast SEO plugin v25.4 - https:\/\/yoast.com\/wordpress\/plugins\/seo\/ -->\n<title>STAUB Runde Cocotte aus Gusseisen 34 cm Schwarz - dev6 Erresse<\/title>\n<meta name=\"description\" content=\"Die Cocotte ist ein f\u00fcr die franz\u00f6sische K\u00fcche typisches Kochgeschirr aus Gusseisen, das heute in Gourmetk\u00fcchen auf der ganzen Welt verwendet wird. Fr\u00fcher\" \/>\n<meta name=\"robots\" content=\"noindex, follow, max-snippet:-1, max-image-preview:large, max-video-preview:-1\" \/>\n<meta property=\"og:locale\" content=\"de_DE\" \/>\n<meta property=\"og:type\" content=\"article\" \/>\n<meta property=\"og:title\" content=\"STAUB Runde Cocotte aus Gusseisen 34 cm Schwarz - dev6 Erresse\" \/>\n<meta property=\"og:description\" content=\"Die Cocotte ist ein f\u00fcr die franz\u00f6sische K\u00fcche typisches Kochgeschirr aus Gusseisen, das heute in Gourmetk\u00fcchen auf der ganzen Welt verwendet wird. Fr\u00fcher\" \/>\n<meta property=\"og:url\" content=\"https:\/\/dev6.erresse-shop.it\/de\/shop\/toepfe-pfannen\/schalldaempfer-und-kokotten\/staub-runde-cocotte-aus-gusseisen-34-cm-schwarz\/\" \/>\n<meta property=\"og:site_name\" content=\"dev6 Erresse\" \/>\n<meta property=\"og:image\" content=\"https:\/\/interpim.erresse-shop.it\/Import\/Prodotti\/staub-cocotte-tonda-in-ghisa-34-cm-nero.jpg\" \/><meta property=\"og:image\" content=\"https:\/\/interpim.erresse-shop.it\/Import\/Prodotti\/staub-cocotte-tonda-in-ghisa-34-cm-nero.jpg\" \/>\n\t<meta property=\"og:image:width\" content=\"1024\" \/>\n\t<meta property=\"og:image:height\" content=\"1024\" \/>\n\t<meta property=\"og:image:type\" content=\"image\/jpeg\" \/>\n<meta name=\"twitter:card\" content=\"summary_large_image\" \/>\n<meta name=\"twitter:image\" content=\"https:\/\/interpim.erresse-shop.it\/Import\/Prodotti\/staub-cocotte-tonda-in-ghisa-34-cm-nero.jpg\" \/>\n<script type=\"application\/ld+json\" class=\"yoast-schema-graph\">{\"@context\":\"https:\/\/schema.org\",\"@graph\":[{\"@type\":\"WebPage\",\"@id\":\"https:\/\/dev6.erresse-shop.it\/de\/shop\/toepfe-pfannen\/schalldaempfer-und-kokotten\/staub-runde-cocotte-aus-gusseisen-34-cm-schwarz\/\",\"url\":\"https:\/\/dev6.erresse-shop.it\/de\/shop\/toepfe-pfannen\/schalldaempfer-und-kokotten\/staub-runde-cocotte-aus-gusseisen-34-cm-schwarz\/\",\"name\":\"STAUB Runde Cocotte aus Gusseisen 34 cm Schwarz - dev6 Erresse\",\"isPartOf\":{\"@id\":\"https:\/\/dev6.erresse-shop.it\/#website\"},\"primaryImageOfPage\":{\"@id\":\"https:\/\/dev6.erresse-shop.it\/de\/shop\/toepfe-pfannen\/schalldaempfer-und-kokotten\/staub-runde-cocotte-aus-gusseisen-34-cm-schwarz\/#primaryimage\"},\"image\":{\"@id\":\"https:\/\/dev6.erresse-shop.it\/de\/shop\/toepfe-pfannen\/schalldaempfer-und-kokotten\/staub-runde-cocotte-aus-gusseisen-34-cm-schwarz\/#primaryimage\"},\"thumbnailUrl\":\"https:\/\/i2.wp.com\/interpim.erresse-shop.it\/Import\/Prodotti\/staub-cocotte-tonda-in-ghisa-34-cm-nero.jpg?ssl=1\",\"datePublished\":\"2026-04-12T11:36:44+00:00\",\"description\":\"Die Cocotte ist ein f\u00fcr die franz\u00f6sische K\u00fcche typisches Kochgeschirr aus Gusseisen, das heute in Gourmetk\u00fcchen auf der ganzen Welt verwendet wird. Fr\u00fcher\",\"breadcrumb\":{\"@id\":\"https:\/\/dev6.erresse-shop.it\/de\/shop\/toepfe-pfannen\/schalldaempfer-und-kokotten\/staub-runde-cocotte-aus-gusseisen-34-cm-schwarz\/#breadcrumb\"},\"inLanguage\":\"de\",\"potentialAction\":[{\"@type\":\"ReadAction\",\"target\":[\"https:\/\/dev6.erresse-shop.it\/de\/shop\/toepfe-pfannen\/schalldaempfer-und-kokotten\/staub-runde-cocotte-aus-gusseisen-34-cm-schwarz\/\"]}]},{\"@type\":\"ImageObject\",\"inLanguage\":\"de\",\"@id\":\"https:\/\/dev6.erresse-shop.it\/de\/shop\/toepfe-pfannen\/schalldaempfer-und-kokotten\/staub-runde-cocotte-aus-gusseisen-34-cm-schwarz\/#primaryimage\",\"url\":\"https:\/\/i2.wp.com\/interpim.erresse-shop.it\/Import\/Prodotti\/staub-cocotte-tonda-in-ghisa-34-cm-nero.jpg?ssl=1\",\"contentUrl\":\"https:\/\/i2.wp.com\/interpim.erresse-shop.it\/Import\/Prodotti\/staub-cocotte-tonda-in-ghisa-34-cm-nero.jpg?ssl=1\"},{\"@type\":\"BreadcrumbList\",\"@id\":\"https:\/\/dev6.erresse-shop.it\/de\/shop\/toepfe-pfannen\/schalldaempfer-und-kokotten\/staub-runde-cocotte-aus-gusseisen-34-cm-schwarz\/#breadcrumb\",\"itemListElement\":[{\"@type\":\"ListItem\",\"position\":1,\"name\":\"Home\",\"item\":\"https:\/\/dev6.erresse-shop.it\/\"},{\"@type\":\"ListItem\",\"position\":2,\"name\":\"Shop\",\"item\":\"https:\/\/dev6.erresse-shop.it\/shop\/\"},{\"@type\":\"ListItem\",\"position\":3,\"name\":\"STAUB Runde Cocotte aus Gusseisen 34 cm Schwarz\"}]},{\"@type\":\"WebSite\",\"@id\":\"https:\/\/dev6.erresse-shop.it\/#website\",\"url\":\"https:\/\/dev6.erresse-shop.it\/\",\"name\":\"Erresse Shop\",\"description\":\"\",\"publisher\":{\"@id\":\"https:\/\/dev6.erresse-shop.it\/#organization\"},\"potentialAction\":[{\"@type\":\"SearchAction\",\"target\":{\"@type\":\"EntryPoint\",\"urlTemplate\":\"https:\/\/dev6.erresse-shop.it\/?s={search_term_string}\"},\"query-input\":{\"@type\":\"PropertyValueSpecification\",\"valueRequired\":true,\"valueName\":\"search_term_string\"}}],\"inLanguage\":\"de\"},{\"@type\":\"Organization\",\"@id\":\"https:\/\/dev6.erresse-shop.it\/#organization\",\"name\":\"Erresse Shop\",\"url\":\"https:\/\/dev6.erresse-shop.it\/\",\"logo\":{\"@type\":\"ImageObject\",\"inLanguage\":\"de\",\"@id\":\"https:\/\/dev6.erresse-shop.it\/#\/schema\/logo\/image\/\",\"url\":\"https:\/\/dev6.erresse-shop.it\/wp-content\/uploads\/2025\/01\/LOGO-ERRESSE-CLASSICO.svg\",\"contentUrl\":\"https:\/\/dev6.erresse-shop.it\/wp-content\/uploads\/2025\/01\/LOGO-ERRESSE-CLASSICO.svg\",\"caption\":\"Erresse Shop\"},\"image\":{\"@id\":\"https:\/\/dev6.erresse-shop.it\/#\/schema\/logo\/image\/\"}}]}<\/script>\n<!-- \/ Yoast SEO plugin. -->","yoast_head_json":{"title":"STAUB Runde Cocotte aus Gusseisen 34 cm Schwarz - dev6 Erresse","description":"Die Cocotte ist ein f\u00fcr die franz\u00f6sische K\u00fcche typisches Kochgeschirr aus Gusseisen, das heute in Gourmetk\u00fcchen auf der ganzen Welt verwendet wird. Fr\u00fcher","robots":{"index":"noindex","follow":"follow","max-snippet":"max-snippet:-1","max-image-preview":"max-image-preview:large","max-video-preview":"max-video-preview:-1"},"og_locale":"de_DE","og_type":"article","og_title":"STAUB Runde Cocotte aus Gusseisen 34 cm Schwarz - dev6 Erresse","og_description":"Die Cocotte ist ein f\u00fcr die franz\u00f6sische K\u00fcche typisches Kochgeschirr aus Gusseisen, das heute in Gourmetk\u00fcchen auf der ganzen Welt verwendet wird. Fr\u00fcher","og_url":"https:\/\/dev6.erresse-shop.it\/de\/shop\/toepfe-pfannen\/schalldaempfer-und-kokotten\/staub-runde-cocotte-aus-gusseisen-34-cm-schwarz\/","og_site_name":"dev6 Erresse","og_image":[{"url":"https:\/\/interpim.erresse-shop.it\/Import\/Prodotti\/staub-cocotte-tonda-in-ghisa-34-cm-nero.jpg","type":"","width":"","height":""},{"url":"https:\/\/interpim.erresse-shop.it\/Import\/Prodotti\/staub-cocotte-tonda-in-ghisa-34-cm-nero.jpg","width":1024,"height":1024,"type":"image\/jpeg"}],"twitter_card":"summary_large_image","twitter_image":"https:\/\/interpim.erresse-shop.it\/Import\/Prodotti\/staub-cocotte-tonda-in-ghisa-34-cm-nero.jpg","schema":{"@context":"https:\/\/schema.org","@graph":[{"@type":"WebPage","@id":"https:\/\/dev6.erresse-shop.it\/de\/shop\/toepfe-pfannen\/schalldaempfer-und-kokotten\/staub-runde-cocotte-aus-gusseisen-34-cm-schwarz\/","url":"https:\/\/dev6.erresse-shop.it\/de\/shop\/toepfe-pfannen\/schalldaempfer-und-kokotten\/staub-runde-cocotte-aus-gusseisen-34-cm-schwarz\/","name":"STAUB Runde Cocotte aus Gusseisen 34 cm Schwarz - dev6 Erresse","isPartOf":{"@id":"https:\/\/dev6.erresse-shop.it\/#website"},"primaryImageOfPage":{"@id":"https:\/\/dev6.erresse-shop.it\/de\/shop\/toepfe-pfannen\/schalldaempfer-und-kokotten\/staub-runde-cocotte-aus-gusseisen-34-cm-schwarz\/#primaryimage"},"image":{"@id":"https:\/\/dev6.erresse-shop.it\/de\/shop\/toepfe-pfannen\/schalldaempfer-und-kokotten\/staub-runde-cocotte-aus-gusseisen-34-cm-schwarz\/#primaryimage"},"thumbnailUrl":"https:\/\/i2.wp.com\/interpim.erresse-shop.it\/Import\/Prodotti\/staub-cocotte-tonda-in-ghisa-34-cm-nero.jpg?ssl=1","datePublished":"2026-04-12T11:36:44+00:00","description":"Die Cocotte ist ein f\u00fcr die franz\u00f6sische K\u00fcche typisches Kochgeschirr aus Gusseisen, das heute in Gourmetk\u00fcchen auf der ganzen Welt verwendet wird. Fr\u00fcher","breadcrumb":{"@id":"https:\/\/dev6.erresse-shop.it\/de\/shop\/toepfe-pfannen\/schalldaempfer-und-kokotten\/staub-runde-cocotte-aus-gusseisen-34-cm-schwarz\/#breadcrumb"},"inLanguage":"de","potentialAction":[{"@type":"ReadAction","target":["https:\/\/dev6.erresse-shop.it\/de\/shop\/toepfe-pfannen\/schalldaempfer-und-kokotten\/staub-runde-cocotte-aus-gusseisen-34-cm-schwarz\/"]}]},{"@type":"ImageObject","inLanguage":"de","@id":"https:\/\/dev6.erresse-shop.it\/de\/shop\/toepfe-pfannen\/schalldaempfer-und-kokotten\/staub-runde-cocotte-aus-gusseisen-34-cm-schwarz\/#primaryimage","url":"https:\/\/i2.wp.com\/interpim.erresse-shop.it\/Import\/Prodotti\/staub-cocotte-tonda-in-ghisa-34-cm-nero.jpg?ssl=1","contentUrl":"https:\/\/i2.wp.com\/interpim.erresse-shop.it\/Import\/Prodotti\/staub-cocotte-tonda-in-ghisa-34-cm-nero.jpg?ssl=1"},{"@type":"BreadcrumbList","@id":"https:\/\/dev6.erresse-shop.it\/de\/shop\/toepfe-pfannen\/schalldaempfer-und-kokotten\/staub-runde-cocotte-aus-gusseisen-34-cm-schwarz\/#breadcrumb","itemListElement":[{"@type":"ListItem","position":1,"name":"Home","item":"https:\/\/dev6.erresse-shop.it\/"},{"@type":"ListItem","position":2,"name":"Shop","item":"https:\/\/dev6.erresse-shop.it\/shop\/"},{"@type":"ListItem","position":3,"name":"STAUB Runde Cocotte aus Gusseisen 34 cm Schwarz"}]},{"@type":"WebSite","@id":"https:\/\/dev6.erresse-shop.it\/#website","url":"https:\/\/dev6.erresse-shop.it\/","name":"Erresse Shop","description":"","publisher":{"@id":"https:\/\/dev6.erresse-shop.it\/#organization"},"potentialAction":[{"@type":"SearchAction","target":{"@type":"EntryPoint","urlTemplate":"https:\/\/dev6.erresse-shop.it\/?s={search_term_string}"},"query-input":{"@type":"PropertyValueSpecification","valueRequired":true,"valueName":"search_term_string"}}],"inLanguage":"de"},{"@type":"Organization","@id":"https:\/\/dev6.erresse-shop.it\/#organization","name":"Erresse Shop","url":"https:\/\/dev6.erresse-shop.it\/","logo":{"@type":"ImageObject","inLanguage":"de","@id":"https:\/\/dev6.erresse-shop.it\/#\/schema\/logo\/image\/","url":"https:\/\/dev6.erresse-shop.it\/wp-content\/uploads\/2025\/01\/LOGO-ERRESSE-CLASSICO.svg","contentUrl":"https:\/\/dev6.erresse-shop.it\/wp-content\/uploads\/2025\/01\/LOGO-ERRESSE-CLASSICO.svg","caption":"Erresse Shop"},"image":{"@id":"https:\/\/dev6.erresse-shop.it\/#\/schema\/logo\/image\/"}}]}},"df_price":269.95,"df_sale_price":269.95,"df_regular_price":419,"df_image_link":"https:\/\/i2.wp.com\/interpim.erresse-shop.it\/Import\/Prodotti\/staub-cocotte-tonda-in-ghisa-34-cm-nero.jpg?resize=300,300&ssl=1","fifu_image_url":"https:\/\/interpim.erresse-shop.it\/Import\/Prodotti\/staub-cocotte-tonda-in-ghisa-34-cm-nero.jpg","_links":{"self":[{"href":"https:\/\/dev6.erresse-shop.it\/de\/wp-json\/wp\/v2\/product\/1600880","targetHints":{"allow":["GET"]}}],"collection":[{"href":"https:\/\/dev6.erresse-shop.it\/de\/wp-json\/wp\/v2\/product"}],"about":[{"href":"https:\/\/dev6.erresse-shop.it\/de\/wp-json\/wp\/v2\/types\/product"}],"wp:featuredmedia":[{"embeddable":true,"href":"https:\/\/dev6.erresse-shop.it\/de\/wp-json\/wp\/v2\/media\/6377494"}],"wp:attachment":[{"href":"https:\/\/dev6.erresse-shop.it\/de\/wp-json\/wp\/v2\/media?parent=1600880"}],"wp:term":[{"taxonomy":"product_cat","embeddable":true,"href":"https:\/\/dev6.erresse-shop.it\/de\/wp-json\/wp\/v2\/product_cat?post=1600880"},{"taxonomy":"product_tag","embeddable":true,"href":"https:\/\/dev6.erresse-shop.it\/de\/wp-json\/wp\/v2\/product_tag?post=1600880"}],"curies":[{"name":"wp","href":"https:\/\/api.w.org\/{rel}","templated":true}]}}