{"id":1600874,"date":"2026-04-12T13:36:44","date_gmt":"2026-04-12T11:36:44","guid":{"rendered":"https:\/\/dev6.erresse-shop.it\/shop\/unkategorisiert\/ken-hom-antihaft-wok-set-31-cm-4-teilig\/"},"modified":"2026-01-21T20:15:03","modified_gmt":"2026-01-21T19:15:03","slug":"ken-hom-antihaft-wok-set-31-cm-4-teilig","status":"publish","type":"product","link":"https:\/\/dev6.erresse-shop.it\/de\/shop\/toepfe-pfannen\/wok-topf-pfanne\/ken-hom-antihaft-wok-set-31-cm-4-teilig\/","title":{"rendered":"KEN HOM Antihaft-Wok-Set 31 cm 4-teilig"},"content":{"rendered":"<p>Dieser Wok ist f\u00fcr Induktionskochfelder geeignet und ideal zum schnellen und einfachen Kochen. Er bietet die perfekte Kapazit\u00e4t, um leckere Mahlzeiten f\u00fcr 3\u20134 Personen zuzubereiten. Es ist leicht und verf\u00fcgt \u00fcber einen flachen Boden, sodass es problemlos auf allen Herdarten, einschlie\u00dflich Induktion, verwendet werden kann. Inklusive Deckel und Tempura-Grill, sp\u00fclmaschinenfest, mit 5 Jahren Garantie.<\/p>\n<p>Hauptfunktionen:<\/p>\n<p>Leichter Wok aus Karbonstahl mit doppelter Antihaftbeschichtung<br \/>\nHergestellt aus 1,5 mm dickem Kohlenstoffstahl<br \/>\nWok, Deckel und Tempura-Rost sind sp\u00fclmaschinenfest<br \/>\nKompatibel mit Induktionskochfeldern<\/p>\n<p>Gebrauch und Pflege:<\/p>\n<p>Um mit dem Kochen zu beginnen, stellen Sie den Wok in die Mitte der Kochfl\u00e4che und erhitzen Sie ihn langsam mit \u00d6l. Sobald das \u00d6l hei\u00df ist, geben Sie die Zutaten hinzu und beginnen Sie mit dem Kochen. Dank der Antihaftbeschichtung ist es nicht n\u00f6tig, die maximale Temperatur einzustellen. Durch h\u00e4ufiges Umr\u00fchren wird das Essen schnell und gleichm\u00e4\u00dfig gegart.<br \/>\nDurch die hochwertige Antihaftbeschichtung wird der Wok schnell hei\u00df und ben\u00f6tigt weniger \u00d6l. Somit ist er perfekt f\u00fcr den t\u00e4glichen Gebrauch geeignet. Der lange Phenolgriff sorgt f\u00fcr eine gute Balance und erleichtert den Transport ohne Umkippgefahr.<br \/>\nEs wird empfohlen, den Induktionsboost beim Arbeiten mit dem Wok nicht zu lange zu nutzen.<\/p>\n<p>Au\u00dfergew\u00f6hnliche Qualit\u00e4t:<\/p>\n<p>Der Wok ist f\u00fcr schnelles, einfaches und gesundes Kochen konzipiert. Der 1,5 mm dicke Kohlenstoffstahl bietet eine gute W\u00e4rmeleitung und ist daher ideal zum Kochen bei hohen Temperaturen und schnellem Kochen geeignet, da die Temperatur konstant gehalten wird.<\/p>\n<p>Leicht zu reinigen:<\/p>\n<p>Schwer zu entfernende Speisereste mit hei\u00dfem Wasser einweichen lassen. Vermeiden Sie die Verwendung von Scheuermitteln, die die Antihaftbeschichtung besch\u00e4digen k\u00f6nnten. Mit einem weichen Tuch reinigen und gr\u00fcndlich trocknen.<\/p>\n<p>Einfach zu lagern:<\/p>\n<p>Am gro\u00dfen Metallring k\u00f6nnen Sie den Wok bei Nichtgebrauch einfach aufh\u00e4ngen.<\/p>\n<p>Wartung:<\/p>\n<p>Die Antihaftbeschichtung ist f\u00fcr die Verwendung mit Metallutensilien geeignet. Tragen Sie gelegentlich eine d\u00fcnne Schicht Speise\u00f6l auf die Innenseite des Woks auf, um Rost vorzubeugen, falls die Beschichtung zerkratzt. Es l\u00e4sst sich auch per Hand mit hei\u00dfem Wasser leicht reinigen.<\/p>\n<p>Gebrauchsanweisung:<\/p>\n<p>Entfernen Sie die gesamte Verpackung und waschen Sie den Wok mit hei\u00dfem Seifenwasser. Gr\u00fcndlich absp\u00fclen und trocknen.<br \/>\nVerwenden Sie keine Metallutensilien, um Kratzer zu vermeiden. Verwenden Sie Werkzeuge aus Holz oder Nylon.<br \/>\nDer Wok ist mit allen Herdarten kompatibel, es wird jedoch empfohlen, die Anweisungen des Herdherstellers zu beachten. Nicht f\u00fcr herk\u00f6mmliche \u00d6fen oder Mikrowellen geeignet. Sollte sich der Griff w\u00e4hrend des Gebrauchs l\u00f6sen, schrauben Sie ihn umgehend wieder fest.<\/p>\n<p>Reinigungsanleitung:<\/p>\n<p>Lassen Sie den Wok vor dem Reinigen abk\u00fchlen. Bei hartn\u00e4ckigen Speiseresten mit warmem Seifenwasser f\u00fcllen und einweichen lassen. Verwenden Sie nur f\u00fcr Antihaftoberfl\u00e4chen empfohlene Schw\u00e4mme und vermeiden Sie die Verwendung von Metallschw\u00e4mmen oder Scheuermitteln.<\/p>\n<p>Ma\u00dfe Wok: 9,5 x 31,9 x 57 cm<br \/>\nDurchmesser Wokboden: 14 cm<br \/>\nGewicht: 2,58 kg<\/p>\n","protected":false},"excerpt":{"rendered":"<p>Dieser Wok ist f\u00fcr Induktionskochfelder geeignet und ideal zum schnellen und einfachen Kochen. Er bietet die perfekte Kapazit\u00e4t, um leckere Mahlzeiten f\u00fcr 3\u20134 Personen zuzubereiten. Es ist leicht und verf\u00fcgt \u00fcber einen flachen Boden, sodass es problemlos auf allen Herdarten, einschlie\u00dflich Induktion, verwendet werden kann. Inklusive Deckel und Tempura-Grill, sp\u00fclmaschinenfest, mit 5 Jahren Garantie. Hauptfunktionen: [&hellip;]<\/p>\n","protected":false},"featured_media":6377459,"template":"","meta":{"_acf_changed":false},"product_cat":[12099,12111],"product_tag":[],"class_list":{"0":"post-1600874","1":"product","2":"type-product","3":"status-publish","4":"has-post-thumbnail","6":"product_cat-toepfe-pfannen","7":"product_cat-wok-topf-pfanne","9":"first","10":"instock","11":"sale","12":"taxable","13":"shipping-taxable","14":"purchasable","15":"product-type-simple","swatches":"rey-swatches","show_selected":"","stretch_labels":"rey-swatches--stretch-labels"},"acf":[],"yoast_head":"<!-- This site is optimized with the Yoast SEO plugin v25.4 - https:\/\/yoast.com\/wordpress\/plugins\/seo\/ -->\n<title>KEN HOM Antihaft-Wok-Set 31 cm 4-teilig - dev6 Erresse<\/title>\n<meta name=\"description\" content=\"Dieser Wok ist f\u00fcr Induktionskochfelder geeignet und ideal zum schnellen und einfachen Kochen. Er bietet die perfekte Kapazit\u00e4t, um leckere Mahlzeiten f\u00fcr\" \/>\n<meta name=\"robots\" content=\"noindex, follow, max-snippet:-1, max-image-preview:large, max-video-preview:-1\" \/>\n<meta property=\"og:locale\" content=\"de_DE\" \/>\n<meta property=\"og:type\" content=\"article\" \/>\n<meta property=\"og:title\" content=\"KEN HOM Antihaft-Wok-Set 31 cm 4-teilig - dev6 Erresse\" \/>\n<meta property=\"og:description\" content=\"Dieser Wok ist f\u00fcr Induktionskochfelder geeignet und ideal zum schnellen und einfachen Kochen. Er bietet die perfekte Kapazit\u00e4t, um leckere Mahlzeiten f\u00fcr\" \/>\n<meta property=\"og:url\" content=\"https:\/\/dev6.erresse-shop.it\/de\/shop\/toepfe-pfannen\/wok-topf-pfanne\/ken-hom-antihaft-wok-set-31-cm-4-teilig\/\" \/>\n<meta property=\"og:site_name\" content=\"dev6 Erresse\" \/>\n<meta property=\"og:image\" content=\"https:\/\/interpim.erresse-shop.it\/Import\/Prodotti\/ken-hom-set-wok-antiaderente-31-cm-4-pezzi.jpg\" \/><meta property=\"og:image\" content=\"https:\/\/interpim.erresse-shop.it\/Import\/Prodotti\/ken-hom-set-wok-antiaderente-31-cm-4-pezzi.jpg\" \/>\n\t<meta property=\"og:image:width\" content=\"1024\" \/>\n\t<meta property=\"og:image:height\" content=\"1024\" \/>\n\t<meta property=\"og:image:type\" content=\"image\/jpeg\" \/>\n<meta name=\"twitter:card\" content=\"summary_large_image\" \/>\n<meta name=\"twitter:image\" content=\"https:\/\/interpim.erresse-shop.it\/Import\/Prodotti\/ken-hom-set-wok-antiaderente-31-cm-4-pezzi.jpg\" \/>\n<script type=\"application\/ld+json\" class=\"yoast-schema-graph\">{\"@context\":\"https:\/\/schema.org\",\"@graph\":[{\"@type\":\"WebPage\",\"@id\":\"https:\/\/dev6.erresse-shop.it\/de\/shop\/toepfe-pfannen\/wok-topf-pfanne\/ken-hom-antihaft-wok-set-31-cm-4-teilig\/\",\"url\":\"https:\/\/dev6.erresse-shop.it\/de\/shop\/toepfe-pfannen\/wok-topf-pfanne\/ken-hom-antihaft-wok-set-31-cm-4-teilig\/\",\"name\":\"KEN HOM Antihaft-Wok-Set 31 cm 4-teilig - dev6 Erresse\",\"isPartOf\":{\"@id\":\"https:\/\/dev6.erresse-shop.it\/#website\"},\"primaryImageOfPage\":{\"@id\":\"https:\/\/dev6.erresse-shop.it\/de\/shop\/toepfe-pfannen\/wok-topf-pfanne\/ken-hom-antihaft-wok-set-31-cm-4-teilig\/#primaryimage\"},\"image\":{\"@id\":\"https:\/\/dev6.erresse-shop.it\/de\/shop\/toepfe-pfannen\/wok-topf-pfanne\/ken-hom-antihaft-wok-set-31-cm-4-teilig\/#primaryimage\"},\"thumbnailUrl\":\"https:\/\/i0.wp.com\/interpim.erresse-shop.it\/Import\/Prodotti\/ken-hom-set-wok-antiaderente-31-cm-4-pezzi.jpg?ssl=1\",\"datePublished\":\"2026-04-12T11:36:44+00:00\",\"description\":\"Dieser Wok ist f\u00fcr Induktionskochfelder geeignet und ideal zum schnellen und einfachen Kochen. Er bietet die perfekte Kapazit\u00e4t, um leckere Mahlzeiten f\u00fcr\",\"breadcrumb\":{\"@id\":\"https:\/\/dev6.erresse-shop.it\/de\/shop\/toepfe-pfannen\/wok-topf-pfanne\/ken-hom-antihaft-wok-set-31-cm-4-teilig\/#breadcrumb\"},\"inLanguage\":\"de\",\"potentialAction\":[{\"@type\":\"ReadAction\",\"target\":[\"https:\/\/dev6.erresse-shop.it\/de\/shop\/toepfe-pfannen\/wok-topf-pfanne\/ken-hom-antihaft-wok-set-31-cm-4-teilig\/\"]}]},{\"@type\":\"ImageObject\",\"inLanguage\":\"de\",\"@id\":\"https:\/\/dev6.erresse-shop.it\/de\/shop\/toepfe-pfannen\/wok-topf-pfanne\/ken-hom-antihaft-wok-set-31-cm-4-teilig\/#primaryimage\",\"url\":\"https:\/\/i0.wp.com\/interpim.erresse-shop.it\/Import\/Prodotti\/ken-hom-set-wok-antiaderente-31-cm-4-pezzi.jpg?ssl=1\",\"contentUrl\":\"https:\/\/i0.wp.com\/interpim.erresse-shop.it\/Import\/Prodotti\/ken-hom-set-wok-antiaderente-31-cm-4-pezzi.jpg?ssl=1\"},{\"@type\":\"BreadcrumbList\",\"@id\":\"https:\/\/dev6.erresse-shop.it\/de\/shop\/toepfe-pfannen\/wok-topf-pfanne\/ken-hom-antihaft-wok-set-31-cm-4-teilig\/#breadcrumb\",\"itemListElement\":[{\"@type\":\"ListItem\",\"position\":1,\"name\":\"Home\",\"item\":\"https:\/\/dev6.erresse-shop.it\/\"},{\"@type\":\"ListItem\",\"position\":2,\"name\":\"Shop\",\"item\":\"https:\/\/dev6.erresse-shop.it\/shop\/\"},{\"@type\":\"ListItem\",\"position\":3,\"name\":\"KEN HOM Antihaft-Wok-Set 31 cm 4-teilig\"}]},{\"@type\":\"WebSite\",\"@id\":\"https:\/\/dev6.erresse-shop.it\/#website\",\"url\":\"https:\/\/dev6.erresse-shop.it\/\",\"name\":\"Erresse Shop\",\"description\":\"\",\"publisher\":{\"@id\":\"https:\/\/dev6.erresse-shop.it\/#organization\"},\"potentialAction\":[{\"@type\":\"SearchAction\",\"target\":{\"@type\":\"EntryPoint\",\"urlTemplate\":\"https:\/\/dev6.erresse-shop.it\/?s={search_term_string}\"},\"query-input\":{\"@type\":\"PropertyValueSpecification\",\"valueRequired\":true,\"valueName\":\"search_term_string\"}}],\"inLanguage\":\"de\"},{\"@type\":\"Organization\",\"@id\":\"https:\/\/dev6.erresse-shop.it\/#organization\",\"name\":\"Erresse Shop\",\"url\":\"https:\/\/dev6.erresse-shop.it\/\",\"logo\":{\"@type\":\"ImageObject\",\"inLanguage\":\"de\",\"@id\":\"https:\/\/dev6.erresse-shop.it\/#\/schema\/logo\/image\/\",\"url\":\"https:\/\/dev6.erresse-shop.it\/wp-content\/uploads\/2025\/01\/LOGO-ERRESSE-CLASSICO.svg\",\"contentUrl\":\"https:\/\/dev6.erresse-shop.it\/wp-content\/uploads\/2025\/01\/LOGO-ERRESSE-CLASSICO.svg\",\"caption\":\"Erresse Shop\"},\"image\":{\"@id\":\"https:\/\/dev6.erresse-shop.it\/#\/schema\/logo\/image\/\"}}]}<\/script>\n<!-- \/ Yoast SEO plugin. -->","yoast_head_json":{"title":"KEN HOM Antihaft-Wok-Set 31 cm 4-teilig - dev6 Erresse","description":"Dieser Wok ist f\u00fcr Induktionskochfelder geeignet und ideal zum schnellen und einfachen Kochen. Er bietet die perfekte Kapazit\u00e4t, um leckere Mahlzeiten f\u00fcr","robots":{"index":"noindex","follow":"follow","max-snippet":"max-snippet:-1","max-image-preview":"max-image-preview:large","max-video-preview":"max-video-preview:-1"},"og_locale":"de_DE","og_type":"article","og_title":"KEN HOM Antihaft-Wok-Set 31 cm 4-teilig - dev6 Erresse","og_description":"Dieser Wok ist f\u00fcr Induktionskochfelder geeignet und ideal zum schnellen und einfachen Kochen. Er bietet die perfekte Kapazit\u00e4t, um leckere Mahlzeiten f\u00fcr","og_url":"https:\/\/dev6.erresse-shop.it\/de\/shop\/toepfe-pfannen\/wok-topf-pfanne\/ken-hom-antihaft-wok-set-31-cm-4-teilig\/","og_site_name":"dev6 Erresse","og_image":[{"url":"https:\/\/interpim.erresse-shop.it\/Import\/Prodotti\/ken-hom-set-wok-antiaderente-31-cm-4-pezzi.jpg","type":"","width":"","height":""},{"url":"https:\/\/interpim.erresse-shop.it\/Import\/Prodotti\/ken-hom-set-wok-antiaderente-31-cm-4-pezzi.jpg","width":1024,"height":1024,"type":"image\/jpeg"}],"twitter_card":"summary_large_image","twitter_image":"https:\/\/interpim.erresse-shop.it\/Import\/Prodotti\/ken-hom-set-wok-antiaderente-31-cm-4-pezzi.jpg","schema":{"@context":"https:\/\/schema.org","@graph":[{"@type":"WebPage","@id":"https:\/\/dev6.erresse-shop.it\/de\/shop\/toepfe-pfannen\/wok-topf-pfanne\/ken-hom-antihaft-wok-set-31-cm-4-teilig\/","url":"https:\/\/dev6.erresse-shop.it\/de\/shop\/toepfe-pfannen\/wok-topf-pfanne\/ken-hom-antihaft-wok-set-31-cm-4-teilig\/","name":"KEN HOM Antihaft-Wok-Set 31 cm 4-teilig - dev6 Erresse","isPartOf":{"@id":"https:\/\/dev6.erresse-shop.it\/#website"},"primaryImageOfPage":{"@id":"https:\/\/dev6.erresse-shop.it\/de\/shop\/toepfe-pfannen\/wok-topf-pfanne\/ken-hom-antihaft-wok-set-31-cm-4-teilig\/#primaryimage"},"image":{"@id":"https:\/\/dev6.erresse-shop.it\/de\/shop\/toepfe-pfannen\/wok-topf-pfanne\/ken-hom-antihaft-wok-set-31-cm-4-teilig\/#primaryimage"},"thumbnailUrl":"https:\/\/i0.wp.com\/interpim.erresse-shop.it\/Import\/Prodotti\/ken-hom-set-wok-antiaderente-31-cm-4-pezzi.jpg?ssl=1","datePublished":"2026-04-12T11:36:44+00:00","description":"Dieser Wok ist f\u00fcr Induktionskochfelder geeignet und ideal zum schnellen und einfachen Kochen. Er bietet die perfekte Kapazit\u00e4t, um leckere Mahlzeiten f\u00fcr","breadcrumb":{"@id":"https:\/\/dev6.erresse-shop.it\/de\/shop\/toepfe-pfannen\/wok-topf-pfanne\/ken-hom-antihaft-wok-set-31-cm-4-teilig\/#breadcrumb"},"inLanguage":"de","potentialAction":[{"@type":"ReadAction","target":["https:\/\/dev6.erresse-shop.it\/de\/shop\/toepfe-pfannen\/wok-topf-pfanne\/ken-hom-antihaft-wok-set-31-cm-4-teilig\/"]}]},{"@type":"ImageObject","inLanguage":"de","@id":"https:\/\/dev6.erresse-shop.it\/de\/shop\/toepfe-pfannen\/wok-topf-pfanne\/ken-hom-antihaft-wok-set-31-cm-4-teilig\/#primaryimage","url":"https:\/\/i0.wp.com\/interpim.erresse-shop.it\/Import\/Prodotti\/ken-hom-set-wok-antiaderente-31-cm-4-pezzi.jpg?ssl=1","contentUrl":"https:\/\/i0.wp.com\/interpim.erresse-shop.it\/Import\/Prodotti\/ken-hom-set-wok-antiaderente-31-cm-4-pezzi.jpg?ssl=1"},{"@type":"BreadcrumbList","@id":"https:\/\/dev6.erresse-shop.it\/de\/shop\/toepfe-pfannen\/wok-topf-pfanne\/ken-hom-antihaft-wok-set-31-cm-4-teilig\/#breadcrumb","itemListElement":[{"@type":"ListItem","position":1,"name":"Home","item":"https:\/\/dev6.erresse-shop.it\/"},{"@type":"ListItem","position":2,"name":"Shop","item":"https:\/\/dev6.erresse-shop.it\/shop\/"},{"@type":"ListItem","position":3,"name":"KEN HOM Antihaft-Wok-Set 31 cm 4-teilig"}]},{"@type":"WebSite","@id":"https:\/\/dev6.erresse-shop.it\/#website","url":"https:\/\/dev6.erresse-shop.it\/","name":"Erresse Shop","description":"","publisher":{"@id":"https:\/\/dev6.erresse-shop.it\/#organization"},"potentialAction":[{"@type":"SearchAction","target":{"@type":"EntryPoint","urlTemplate":"https:\/\/dev6.erresse-shop.it\/?s={search_term_string}"},"query-input":{"@type":"PropertyValueSpecification","valueRequired":true,"valueName":"search_term_string"}}],"inLanguage":"de"},{"@type":"Organization","@id":"https:\/\/dev6.erresse-shop.it\/#organization","name":"Erresse Shop","url":"https:\/\/dev6.erresse-shop.it\/","logo":{"@type":"ImageObject","inLanguage":"de","@id":"https:\/\/dev6.erresse-shop.it\/#\/schema\/logo\/image\/","url":"https:\/\/dev6.erresse-shop.it\/wp-content\/uploads\/2025\/01\/LOGO-ERRESSE-CLASSICO.svg","contentUrl":"https:\/\/dev6.erresse-shop.it\/wp-content\/uploads\/2025\/01\/LOGO-ERRESSE-CLASSICO.svg","caption":"Erresse Shop"},"image":{"@id":"https:\/\/dev6.erresse-shop.it\/#\/schema\/logo\/image\/"}}]}},"df_price":59.95,"df_sale_price":59.95,"df_regular_price":71,"df_image_link":"https:\/\/i0.wp.com\/interpim.erresse-shop.it\/Import\/Prodotti\/ken-hom-set-wok-antiaderente-31-cm-4-pezzi.jpg?resize=300,300&ssl=1","fifu_image_url":"https:\/\/interpim.erresse-shop.it\/Import\/Prodotti\/ken-hom-set-wok-antiaderente-31-cm-4-pezzi.jpg","_links":{"self":[{"href":"https:\/\/dev6.erresse-shop.it\/de\/wp-json\/wp\/v2\/product\/1600874","targetHints":{"allow":["GET"]}}],"collection":[{"href":"https:\/\/dev6.erresse-shop.it\/de\/wp-json\/wp\/v2\/product"}],"about":[{"href":"https:\/\/dev6.erresse-shop.it\/de\/wp-json\/wp\/v2\/types\/product"}],"wp:featuredmedia":[{"embeddable":true,"href":"https:\/\/dev6.erresse-shop.it\/de\/wp-json\/wp\/v2\/media\/6377459"}],"wp:attachment":[{"href":"https:\/\/dev6.erresse-shop.it\/de\/wp-json\/wp\/v2\/media?parent=1600874"}],"wp:term":[{"taxonomy":"product_cat","embeddable":true,"href":"https:\/\/dev6.erresse-shop.it\/de\/wp-json\/wp\/v2\/product_cat?post=1600874"},{"taxonomy":"product_tag","embeddable":true,"href":"https:\/\/dev6.erresse-shop.it\/de\/wp-json\/wp\/v2\/product_tag?post=1600874"}],"curies":[{"name":"wp","href":"https:\/\/api.w.org\/{rel}","templated":true}]}}