{"id":1600858,"date":"2026-04-12T13:34:09","date_gmt":"2026-04-12T11:34:09","guid":{"rendered":"https:\/\/dev6.erresse-shop.it\/shop\/unkategorisiert\/alessi-tea-rex-kessel\/"},"modified":"2025-07-04T14:59:49","modified_gmt":"2025-07-04T12:59:49","slug":"alessi-tea-rex-kessel","status":"publish","type":"product","link":"https:\/\/dev6.erresse-shop.it\/de\/shop\/kuche\/wasserkocher\/alessi-tea-rex-kessel\/","title":{"rendered":"ALESSI Tea Rex Kessel"},"content":{"rendered":"<p>Der Wasserkocher von Michael Graves gilt dank der Mischung aus Pop- und postmoderner Sprache international als eine der Ikonen des zeitgen\u00f6ssischen Designs. Zum drei\u00dfigsten Jubil\u00e4um des Kessels gestaltete Graves die Pfeife neu und verwandelte den Vogel in ein faszinierendes mythologisches und futuristisches Wesen: einen Drachen, einen fliegenden Dinosaurier. Als Symbol f\u00fcr St\u00e4rke und Gl\u00fcck wurde der Drache in der chinesischen Kultur als gutes Omen f\u00fcr jeden gew\u00e4hlt, der ihn in seine K\u00fcche stellt.<\/p>\n<p>Wasserkocher aus Edelstahl 18\/10 und thermoplastischem Harz, schwarz. Mit Kupfer \u00fcberzogene Pfeife eines pr\u00e4historischen Reptils. Magnetischer Stahlboden, geeignet zum Induktionskochen.<\/p>\n<p>Funktionen:<\/p>\n<p>Kapazit\u00e4t (cl):\u00a0200,00<br \/>\nDurchmesser (cm):\u00a022,00<br \/>\nH\u00f6he (cm):\u00a022,50<\/p>\n<p>Induktionsgeeignet<\/p>\n","protected":false},"excerpt":{"rendered":"<p>Der Wasserkocher von Michael Graves gilt dank der Mischung aus Pop- und postmoderner Sprache international als eine der Ikonen des zeitgen\u00f6ssischen Designs. Zum drei\u00dfigsten Jubil\u00e4um des Kessels gestaltete Graves die Pfeife neu und verwandelte den Vogel in ein faszinierendes mythologisches und futuristisches Wesen: einen Drachen, einen fliegenden Dinosaurier. Als Symbol f\u00fcr St\u00e4rke und Gl\u00fcck wurde [&hellip;]<\/p>\n","protected":false},"featured_media":6377407,"template":"","meta":{"_acf_changed":false},"product_cat":[12100,12113],"product_tag":[],"class_list":{"0":"post-1600858","1":"product","2":"type-product","3":"status-publish","4":"has-post-thumbnail","6":"product_cat-kuche","7":"product_cat-wasserkocher","9":"first","10":"instock","11":"sale","12":"taxable","13":"shipping-taxable","14":"purchasable","15":"product-type-simple","swatches":"rey-swatches","show_selected":"","stretch_labels":"rey-swatches--stretch-labels"},"acf":[],"yoast_head":"<!-- This site is optimized with the Yoast SEO plugin v25.4 - https:\/\/yoast.com\/wordpress\/plugins\/seo\/ -->\n<title>ALESSI Tea Rex Kessel - dev6 Erresse<\/title>\n<meta name=\"description\" content=\"Der Wasserkocher von Michael Graves gilt dank der Mischung aus Pop- und postmoderner Sprache international als eine der Ikonen des zeitgen\u00f6ssischen\" \/>\n<meta name=\"robots\" content=\"noindex, follow, max-snippet:-1, max-image-preview:large, max-video-preview:-1\" \/>\n<meta property=\"og:locale\" content=\"de_DE\" \/>\n<meta property=\"og:type\" content=\"article\" \/>\n<meta property=\"og:title\" content=\"ALESSI Tea Rex Kessel - dev6 Erresse\" \/>\n<meta property=\"og:description\" content=\"Der Wasserkocher von Michael Graves gilt dank der Mischung aus Pop- und postmoderner Sprache international als eine der Ikonen des zeitgen\u00f6ssischen\" \/>\n<meta property=\"og:url\" content=\"https:\/\/dev6.erresse-shop.it\/de\/shop\/kuche\/wasserkocher\/alessi-tea-rex-kessel\/\" \/>\n<meta property=\"og:site_name\" content=\"dev6 Erresse\" \/>\n<meta property=\"og:image\" content=\"https:\/\/interpim.erresse-shop.it\/Import\/Prodotti\/alessi-tea-rex-bollitore.jpg\" \/><meta property=\"og:image\" content=\"https:\/\/interpim.erresse-shop.it\/Import\/Prodotti\/alessi-tea-rex-bollitore.jpg\" \/>\n\t<meta property=\"og:image:width\" content=\"1024\" \/>\n\t<meta property=\"og:image:height\" content=\"1024\" \/>\n\t<meta property=\"og:image:type\" content=\"image\/jpeg\" \/>\n<meta name=\"twitter:card\" content=\"summary_large_image\" \/>\n<meta name=\"twitter:image\" content=\"https:\/\/interpim.erresse-shop.it\/Import\/Prodotti\/alessi-tea-rex-bollitore.jpg\" \/>\n<script type=\"application\/ld+json\" class=\"yoast-schema-graph\">{\"@context\":\"https:\/\/schema.org\",\"@graph\":[{\"@type\":\"WebPage\",\"@id\":\"https:\/\/dev6.erresse-shop.it\/de\/shop\/kuche\/wasserkocher\/alessi-tea-rex-kessel\/\",\"url\":\"https:\/\/dev6.erresse-shop.it\/de\/shop\/kuche\/wasserkocher\/alessi-tea-rex-kessel\/\",\"name\":\"ALESSI Tea Rex Kessel - dev6 Erresse\",\"isPartOf\":{\"@id\":\"https:\/\/dev6.erresse-shop.it\/#website\"},\"primaryImageOfPage\":{\"@id\":\"https:\/\/dev6.erresse-shop.it\/de\/shop\/kuche\/wasserkocher\/alessi-tea-rex-kessel\/#primaryimage\"},\"image\":{\"@id\":\"https:\/\/dev6.erresse-shop.it\/de\/shop\/kuche\/wasserkocher\/alessi-tea-rex-kessel\/#primaryimage\"},\"thumbnailUrl\":\"https:\/\/i2.wp.com\/interpim.erresse-shop.it\/Import\/Prodotti\/alessi-tea-rex-bollitore.jpg?ssl=1\",\"datePublished\":\"2026-04-12T11:34:09+00:00\",\"description\":\"Der Wasserkocher von Michael Graves gilt dank der Mischung aus Pop- und postmoderner Sprache international als eine der Ikonen des zeitgen\u00f6ssischen\",\"breadcrumb\":{\"@id\":\"https:\/\/dev6.erresse-shop.it\/de\/shop\/kuche\/wasserkocher\/alessi-tea-rex-kessel\/#breadcrumb\"},\"inLanguage\":\"de\",\"potentialAction\":[{\"@type\":\"ReadAction\",\"target\":[\"https:\/\/dev6.erresse-shop.it\/de\/shop\/kuche\/wasserkocher\/alessi-tea-rex-kessel\/\"]}]},{\"@type\":\"ImageObject\",\"inLanguage\":\"de\",\"@id\":\"https:\/\/dev6.erresse-shop.it\/de\/shop\/kuche\/wasserkocher\/alessi-tea-rex-kessel\/#primaryimage\",\"url\":\"https:\/\/i2.wp.com\/interpim.erresse-shop.it\/Import\/Prodotti\/alessi-tea-rex-bollitore.jpg?ssl=1\",\"contentUrl\":\"https:\/\/i2.wp.com\/interpim.erresse-shop.it\/Import\/Prodotti\/alessi-tea-rex-bollitore.jpg?ssl=1\"},{\"@type\":\"BreadcrumbList\",\"@id\":\"https:\/\/dev6.erresse-shop.it\/de\/shop\/kuche\/wasserkocher\/alessi-tea-rex-kessel\/#breadcrumb\",\"itemListElement\":[{\"@type\":\"ListItem\",\"position\":1,\"name\":\"Home\",\"item\":\"https:\/\/dev6.erresse-shop.it\/\"},{\"@type\":\"ListItem\",\"position\":2,\"name\":\"Shop\",\"item\":\"https:\/\/dev6.erresse-shop.it\/shop\/\"},{\"@type\":\"ListItem\",\"position\":3,\"name\":\"ALESSI Tea Rex Kessel\"}]},{\"@type\":\"WebSite\",\"@id\":\"https:\/\/dev6.erresse-shop.it\/#website\",\"url\":\"https:\/\/dev6.erresse-shop.it\/\",\"name\":\"Erresse Shop\",\"description\":\"\",\"publisher\":{\"@id\":\"https:\/\/dev6.erresse-shop.it\/#organization\"},\"potentialAction\":[{\"@type\":\"SearchAction\",\"target\":{\"@type\":\"EntryPoint\",\"urlTemplate\":\"https:\/\/dev6.erresse-shop.it\/?s={search_term_string}\"},\"query-input\":{\"@type\":\"PropertyValueSpecification\",\"valueRequired\":true,\"valueName\":\"search_term_string\"}}],\"inLanguage\":\"de\"},{\"@type\":\"Organization\",\"@id\":\"https:\/\/dev6.erresse-shop.it\/#organization\",\"name\":\"Erresse Shop\",\"url\":\"https:\/\/dev6.erresse-shop.it\/\",\"logo\":{\"@type\":\"ImageObject\",\"inLanguage\":\"de\",\"@id\":\"https:\/\/dev6.erresse-shop.it\/#\/schema\/logo\/image\/\",\"url\":\"https:\/\/dev6.erresse-shop.it\/wp-content\/uploads\/2025\/01\/LOGO-ERRESSE-CLASSICO.svg\",\"contentUrl\":\"https:\/\/dev6.erresse-shop.it\/wp-content\/uploads\/2025\/01\/LOGO-ERRESSE-CLASSICO.svg\",\"caption\":\"Erresse Shop\"},\"image\":{\"@id\":\"https:\/\/dev6.erresse-shop.it\/#\/schema\/logo\/image\/\"}}]}<\/script>\n<!-- \/ Yoast SEO plugin. -->","yoast_head_json":{"title":"ALESSI Tea Rex Kessel - dev6 Erresse","description":"Der Wasserkocher von Michael Graves gilt dank der Mischung aus Pop- und postmoderner Sprache international als eine der Ikonen des zeitgen\u00f6ssischen","robots":{"index":"noindex","follow":"follow","max-snippet":"max-snippet:-1","max-image-preview":"max-image-preview:large","max-video-preview":"max-video-preview:-1"},"og_locale":"de_DE","og_type":"article","og_title":"ALESSI Tea Rex Kessel - dev6 Erresse","og_description":"Der Wasserkocher von Michael Graves gilt dank der Mischung aus Pop- und postmoderner Sprache international als eine der Ikonen des zeitgen\u00f6ssischen","og_url":"https:\/\/dev6.erresse-shop.it\/de\/shop\/kuche\/wasserkocher\/alessi-tea-rex-kessel\/","og_site_name":"dev6 Erresse","og_image":[{"url":"https:\/\/interpim.erresse-shop.it\/Import\/Prodotti\/alessi-tea-rex-bollitore.jpg","type":"","width":"","height":""},{"url":"https:\/\/interpim.erresse-shop.it\/Import\/Prodotti\/alessi-tea-rex-bollitore.jpg","width":1024,"height":1024,"type":"image\/jpeg"}],"twitter_card":"summary_large_image","twitter_image":"https:\/\/interpim.erresse-shop.it\/Import\/Prodotti\/alessi-tea-rex-bollitore.jpg","schema":{"@context":"https:\/\/schema.org","@graph":[{"@type":"WebPage","@id":"https:\/\/dev6.erresse-shop.it\/de\/shop\/kuche\/wasserkocher\/alessi-tea-rex-kessel\/","url":"https:\/\/dev6.erresse-shop.it\/de\/shop\/kuche\/wasserkocher\/alessi-tea-rex-kessel\/","name":"ALESSI Tea Rex Kessel - dev6 Erresse","isPartOf":{"@id":"https:\/\/dev6.erresse-shop.it\/#website"},"primaryImageOfPage":{"@id":"https:\/\/dev6.erresse-shop.it\/de\/shop\/kuche\/wasserkocher\/alessi-tea-rex-kessel\/#primaryimage"},"image":{"@id":"https:\/\/dev6.erresse-shop.it\/de\/shop\/kuche\/wasserkocher\/alessi-tea-rex-kessel\/#primaryimage"},"thumbnailUrl":"https:\/\/i2.wp.com\/interpim.erresse-shop.it\/Import\/Prodotti\/alessi-tea-rex-bollitore.jpg?ssl=1","datePublished":"2026-04-12T11:34:09+00:00","description":"Der Wasserkocher von Michael Graves gilt dank der Mischung aus Pop- und postmoderner Sprache international als eine der Ikonen des zeitgen\u00f6ssischen","breadcrumb":{"@id":"https:\/\/dev6.erresse-shop.it\/de\/shop\/kuche\/wasserkocher\/alessi-tea-rex-kessel\/#breadcrumb"},"inLanguage":"de","potentialAction":[{"@type":"ReadAction","target":["https:\/\/dev6.erresse-shop.it\/de\/shop\/kuche\/wasserkocher\/alessi-tea-rex-kessel\/"]}]},{"@type":"ImageObject","inLanguage":"de","@id":"https:\/\/dev6.erresse-shop.it\/de\/shop\/kuche\/wasserkocher\/alessi-tea-rex-kessel\/#primaryimage","url":"https:\/\/i2.wp.com\/interpim.erresse-shop.it\/Import\/Prodotti\/alessi-tea-rex-bollitore.jpg?ssl=1","contentUrl":"https:\/\/i2.wp.com\/interpim.erresse-shop.it\/Import\/Prodotti\/alessi-tea-rex-bollitore.jpg?ssl=1"},{"@type":"BreadcrumbList","@id":"https:\/\/dev6.erresse-shop.it\/de\/shop\/kuche\/wasserkocher\/alessi-tea-rex-kessel\/#breadcrumb","itemListElement":[{"@type":"ListItem","position":1,"name":"Home","item":"https:\/\/dev6.erresse-shop.it\/"},{"@type":"ListItem","position":2,"name":"Shop","item":"https:\/\/dev6.erresse-shop.it\/shop\/"},{"@type":"ListItem","position":3,"name":"ALESSI Tea Rex Kessel"}]},{"@type":"WebSite","@id":"https:\/\/dev6.erresse-shop.it\/#website","url":"https:\/\/dev6.erresse-shop.it\/","name":"Erresse Shop","description":"","publisher":{"@id":"https:\/\/dev6.erresse-shop.it\/#organization"},"potentialAction":[{"@type":"SearchAction","target":{"@type":"EntryPoint","urlTemplate":"https:\/\/dev6.erresse-shop.it\/?s={search_term_string}"},"query-input":{"@type":"PropertyValueSpecification","valueRequired":true,"valueName":"search_term_string"}}],"inLanguage":"de"},{"@type":"Organization","@id":"https:\/\/dev6.erresse-shop.it\/#organization","name":"Erresse Shop","url":"https:\/\/dev6.erresse-shop.it\/","logo":{"@type":"ImageObject","inLanguage":"de","@id":"https:\/\/dev6.erresse-shop.it\/#\/schema\/logo\/image\/","url":"https:\/\/dev6.erresse-shop.it\/wp-content\/uploads\/2025\/01\/LOGO-ERRESSE-CLASSICO.svg","contentUrl":"https:\/\/dev6.erresse-shop.it\/wp-content\/uploads\/2025\/01\/LOGO-ERRESSE-CLASSICO.svg","caption":"Erresse Shop"},"image":{"@id":"https:\/\/dev6.erresse-shop.it\/#\/schema\/logo\/image\/"}}]}},"df_price":148.5,"df_sale_price":148.5,"df_regular_price":165,"df_image_link":"https:\/\/i2.wp.com\/interpim.erresse-shop.it\/Import\/Prodotti\/alessi-tea-rex-bollitore.jpg?resize=300,300&ssl=1","fifu_image_url":"https:\/\/interpim.erresse-shop.it\/Import\/Prodotti\/alessi-tea-rex-bollitore.jpg","_links":{"self":[{"href":"https:\/\/dev6.erresse-shop.it\/de\/wp-json\/wp\/v2\/product\/1600858","targetHints":{"allow":["GET"]}}],"collection":[{"href":"https:\/\/dev6.erresse-shop.it\/de\/wp-json\/wp\/v2\/product"}],"about":[{"href":"https:\/\/dev6.erresse-shop.it\/de\/wp-json\/wp\/v2\/types\/product"}],"wp:featuredmedia":[{"embeddable":true,"href":"https:\/\/dev6.erresse-shop.it\/de\/wp-json\/wp\/v2\/media\/6377407"}],"wp:attachment":[{"href":"https:\/\/dev6.erresse-shop.it\/de\/wp-json\/wp\/v2\/media?parent=1600858"}],"wp:term":[{"taxonomy":"product_cat","embeddable":true,"href":"https:\/\/dev6.erresse-shop.it\/de\/wp-json\/wp\/v2\/product_cat?post=1600858"},{"taxonomy":"product_tag","embeddable":true,"href":"https:\/\/dev6.erresse-shop.it\/de\/wp-json\/wp\/v2\/product_tag?post=1600858"}],"curies":[{"name":"wp","href":"https:\/\/api.w.org\/{rel}","templated":true}]}}