{"id":1600852,"date":"2026-04-12T14:55:15","date_gmt":"2026-04-12T12:55:15","guid":{"rendered":"https:\/\/dev6.erresse-shop.it\/shop\/unkategorisiert\/alessi-plisse-kapselhalter-weiss\/"},"modified":"2025-07-19T03:53:40","modified_gmt":"2025-07-19T01:53:40","slug":"alessi-plisse-kapselhalter-weiss","status":"publish","type":"product","link":"https:\/\/dev6.erresse-shop.it\/de\/shop\/kuche\/zubehor-fur-die-kuche\/alessi-plisse-kapselhalter-weiss\/","title":{"rendered":"ALESSI Pliss\u00e9 Kapselhalter Wei\u00df"},"content":{"rendered":"<p>Ein unverzichtbares Accessoire, um Ihre Lieblingskaffeekapseln immer griffbereit und geordnet zu haben. Dieser praktische Beh\u00e4lter sieht aus wie das Modell eines Geb\u00e4udes im zeitgen\u00f6ssischen Stil und l\u00e4sst keinen Zweifel an seinem Autor: Michele De Lucchi. Ein funktionales und faszinierendes Objekt: Der \u00d6ffnungsmechanismus der f\u00fcnf Regale, in denen die Kapseln untergebracht sind, bietet durch ein Spiel dynamischer Volumen ein angenehmes und in mancher Hinsicht \u00fcberraschendes Benutzererlebnis.<\/p>\n<p>Drehbarer Espressokapselhalter mit 5 Ebenen aus thermoplastischem Harz. Geeignet f\u00fcr die Aufnahme von bis zu 40 Kapseln, kompatibel mit Nespresso\u00ae-Maschinen.<\/p>\n<p>Funktionen:<\/p>\n<p>H\u00f6he (cm):\u00a023,70<br \/>\nL\u00e4nge (cm):\u00a014,70<br \/>\nBreite (cm):\u00a015,00<\/p>\n","protected":false},"excerpt":{"rendered":"<p>Ein unverzichtbares Accessoire, um Ihre Lieblingskaffeekapseln immer griffbereit und geordnet zu haben. Dieser praktische Beh\u00e4lter sieht aus wie das Modell eines Geb\u00e4udes im zeitgen\u00f6ssischen Stil und l\u00e4sst keinen Zweifel an seinem Autor: Michele De Lucchi. Ein funktionales und faszinierendes Objekt: Der \u00d6ffnungsmechanismus der f\u00fcnf Regale, in denen die Kapseln untergebracht sind, bietet durch ein Spiel [&hellip;]<\/p>\n","protected":false},"featured_media":6381591,"template":"","meta":{"_acf_changed":false},"product_cat":[12165],"product_tag":[],"class_list":{"0":"post-1600852","1":"product","2":"type-product","3":"status-publish","4":"has-post-thumbnail","6":"product_cat-zubehor-fur-die-kuche","8":"first","9":"instock","10":"sale","11":"taxable","12":"shipping-taxable","13":"purchasable","14":"product-type-simple","swatches":"rey-swatches","show_selected":"","stretch_labels":"rey-swatches--stretch-labels"},"acf":[],"yoast_head":"<!-- This site is optimized with the Yoast SEO plugin v25.4 - https:\/\/yoast.com\/wordpress\/plugins\/seo\/ -->\n<title>ALESSI Pliss\u00e9 Kapselhalter Wei\u00df - dev6 Erresse<\/title>\n<meta name=\"description\" content=\"Ein unverzichtbares Accessoire, um Ihre Lieblingskaffeekapseln immer griffbereit und geordnet zu haben. Dieser praktische Beh\u00e4lter sieht aus wie das\" \/>\n<meta name=\"robots\" content=\"noindex, follow, max-snippet:-1, max-image-preview:large, max-video-preview:-1\" \/>\n<meta property=\"og:locale\" content=\"de_DE\" \/>\n<meta property=\"og:type\" content=\"article\" \/>\n<meta property=\"og:title\" content=\"ALESSI Pliss\u00e9 Kapselhalter Wei\u00df - dev6 Erresse\" \/>\n<meta property=\"og:description\" content=\"Ein unverzichtbares Accessoire, um Ihre Lieblingskaffeekapseln immer griffbereit und geordnet zu haben. Dieser praktische Beh\u00e4lter sieht aus wie das\" \/>\n<meta property=\"og:url\" content=\"https:\/\/dev6.erresse-shop.it\/de\/shop\/kuche\/zubehor-fur-die-kuche\/alessi-plisse-kapselhalter-weiss\/\" \/>\n<meta property=\"og:site_name\" content=\"dev6 Erresse\" \/>\n<meta property=\"og:image\" content=\"https:\/\/interpim.erresse-shop.it\/Import\/Prodotti\/alessi-plisse-portacapsule-bianco.jpg\" \/><meta property=\"og:image\" content=\"https:\/\/interpim.erresse-shop.it\/Import\/Prodotti\/alessi-plisse-portacapsule-bianco.jpg\" \/>\n\t<meta property=\"og:image:width\" content=\"1024\" \/>\n\t<meta property=\"og:image:height\" content=\"1024\" \/>\n\t<meta property=\"og:image:type\" content=\"image\/jpeg\" \/>\n<meta name=\"twitter:card\" content=\"summary_large_image\" \/>\n<meta name=\"twitter:image\" content=\"https:\/\/interpim.erresse-shop.it\/Import\/Prodotti\/alessi-plisse-portacapsule-bianco.jpg\" \/>\n<script type=\"application\/ld+json\" class=\"yoast-schema-graph\">{\"@context\":\"https:\/\/schema.org\",\"@graph\":[{\"@type\":\"WebPage\",\"@id\":\"https:\/\/dev6.erresse-shop.it\/de\/shop\/kuche\/zubehor-fur-die-kuche\/alessi-plisse-kapselhalter-weiss\/\",\"url\":\"https:\/\/dev6.erresse-shop.it\/de\/shop\/kuche\/zubehor-fur-die-kuche\/alessi-plisse-kapselhalter-weiss\/\",\"name\":\"ALESSI Pliss\u00e9 Kapselhalter Wei\u00df - dev6 Erresse\",\"isPartOf\":{\"@id\":\"https:\/\/dev6.erresse-shop.it\/#website\"},\"primaryImageOfPage\":{\"@id\":\"https:\/\/dev6.erresse-shop.it\/de\/shop\/kuche\/zubehor-fur-die-kuche\/alessi-plisse-kapselhalter-weiss\/#primaryimage\"},\"image\":{\"@id\":\"https:\/\/dev6.erresse-shop.it\/de\/shop\/kuche\/zubehor-fur-die-kuche\/alessi-plisse-kapselhalter-weiss\/#primaryimage\"},\"thumbnailUrl\":\"https:\/\/i0.wp.com\/interpim.erresse-shop.it\/Import\/Prodotti\/alessi-plisse-portacapsule-bianco.jpg?ssl=1\",\"datePublished\":\"2026-04-12T12:55:15+00:00\",\"description\":\"Ein unverzichtbares Accessoire, um Ihre Lieblingskaffeekapseln immer griffbereit und geordnet zu haben. Dieser praktische Beh\u00e4lter sieht aus wie das\",\"breadcrumb\":{\"@id\":\"https:\/\/dev6.erresse-shop.it\/de\/shop\/kuche\/zubehor-fur-die-kuche\/alessi-plisse-kapselhalter-weiss\/#breadcrumb\"},\"inLanguage\":\"de\",\"potentialAction\":[{\"@type\":\"ReadAction\",\"target\":[\"https:\/\/dev6.erresse-shop.it\/de\/shop\/kuche\/zubehor-fur-die-kuche\/alessi-plisse-kapselhalter-weiss\/\"]}]},{\"@type\":\"ImageObject\",\"inLanguage\":\"de\",\"@id\":\"https:\/\/dev6.erresse-shop.it\/de\/shop\/kuche\/zubehor-fur-die-kuche\/alessi-plisse-kapselhalter-weiss\/#primaryimage\",\"url\":\"https:\/\/i0.wp.com\/interpim.erresse-shop.it\/Import\/Prodotti\/alessi-plisse-portacapsule-bianco.jpg?ssl=1\",\"contentUrl\":\"https:\/\/i0.wp.com\/interpim.erresse-shop.it\/Import\/Prodotti\/alessi-plisse-portacapsule-bianco.jpg?ssl=1\"},{\"@type\":\"BreadcrumbList\",\"@id\":\"https:\/\/dev6.erresse-shop.it\/de\/shop\/kuche\/zubehor-fur-die-kuche\/alessi-plisse-kapselhalter-weiss\/#breadcrumb\",\"itemListElement\":[{\"@type\":\"ListItem\",\"position\":1,\"name\":\"Home\",\"item\":\"https:\/\/dev6.erresse-shop.it\/\"},{\"@type\":\"ListItem\",\"position\":2,\"name\":\"Shop\",\"item\":\"https:\/\/dev6.erresse-shop.it\/shop\/\"},{\"@type\":\"ListItem\",\"position\":3,\"name\":\"ALESSI Pliss\u00e9 Kapselhalter Wei\u00df\"}]},{\"@type\":\"WebSite\",\"@id\":\"https:\/\/dev6.erresse-shop.it\/#website\",\"url\":\"https:\/\/dev6.erresse-shop.it\/\",\"name\":\"Erresse Shop\",\"description\":\"\",\"publisher\":{\"@id\":\"https:\/\/dev6.erresse-shop.it\/#organization\"},\"potentialAction\":[{\"@type\":\"SearchAction\",\"target\":{\"@type\":\"EntryPoint\",\"urlTemplate\":\"https:\/\/dev6.erresse-shop.it\/?s={search_term_string}\"},\"query-input\":{\"@type\":\"PropertyValueSpecification\",\"valueRequired\":true,\"valueName\":\"search_term_string\"}}],\"inLanguage\":\"de\"},{\"@type\":\"Organization\",\"@id\":\"https:\/\/dev6.erresse-shop.it\/#organization\",\"name\":\"Erresse Shop\",\"url\":\"https:\/\/dev6.erresse-shop.it\/\",\"logo\":{\"@type\":\"ImageObject\",\"inLanguage\":\"de\",\"@id\":\"https:\/\/dev6.erresse-shop.it\/#\/schema\/logo\/image\/\",\"url\":\"https:\/\/dev6.erresse-shop.it\/wp-content\/uploads\/2025\/01\/LOGO-ERRESSE-CLASSICO.svg\",\"contentUrl\":\"https:\/\/dev6.erresse-shop.it\/wp-content\/uploads\/2025\/01\/LOGO-ERRESSE-CLASSICO.svg\",\"caption\":\"Erresse Shop\"},\"image\":{\"@id\":\"https:\/\/dev6.erresse-shop.it\/#\/schema\/logo\/image\/\"}}]}<\/script>\n<!-- \/ Yoast SEO plugin. -->","yoast_head_json":{"title":"ALESSI Pliss\u00e9 Kapselhalter Wei\u00df - dev6 Erresse","description":"Ein unverzichtbares Accessoire, um Ihre Lieblingskaffeekapseln immer griffbereit und geordnet zu haben. Dieser praktische Beh\u00e4lter sieht aus wie das","robots":{"index":"noindex","follow":"follow","max-snippet":"max-snippet:-1","max-image-preview":"max-image-preview:large","max-video-preview":"max-video-preview:-1"},"og_locale":"de_DE","og_type":"article","og_title":"ALESSI Pliss\u00e9 Kapselhalter Wei\u00df - dev6 Erresse","og_description":"Ein unverzichtbares Accessoire, um Ihre Lieblingskaffeekapseln immer griffbereit und geordnet zu haben. Dieser praktische Beh\u00e4lter sieht aus wie das","og_url":"https:\/\/dev6.erresse-shop.it\/de\/shop\/kuche\/zubehor-fur-die-kuche\/alessi-plisse-kapselhalter-weiss\/","og_site_name":"dev6 Erresse","og_image":[{"url":"https:\/\/interpim.erresse-shop.it\/Import\/Prodotti\/alessi-plisse-portacapsule-bianco.jpg","type":"","width":"","height":""},{"url":"https:\/\/interpim.erresse-shop.it\/Import\/Prodotti\/alessi-plisse-portacapsule-bianco.jpg","width":1024,"height":1024,"type":"image\/jpeg"}],"twitter_card":"summary_large_image","twitter_image":"https:\/\/interpim.erresse-shop.it\/Import\/Prodotti\/alessi-plisse-portacapsule-bianco.jpg","schema":{"@context":"https:\/\/schema.org","@graph":[{"@type":"WebPage","@id":"https:\/\/dev6.erresse-shop.it\/de\/shop\/kuche\/zubehor-fur-die-kuche\/alessi-plisse-kapselhalter-weiss\/","url":"https:\/\/dev6.erresse-shop.it\/de\/shop\/kuche\/zubehor-fur-die-kuche\/alessi-plisse-kapselhalter-weiss\/","name":"ALESSI Pliss\u00e9 Kapselhalter Wei\u00df - dev6 Erresse","isPartOf":{"@id":"https:\/\/dev6.erresse-shop.it\/#website"},"primaryImageOfPage":{"@id":"https:\/\/dev6.erresse-shop.it\/de\/shop\/kuche\/zubehor-fur-die-kuche\/alessi-plisse-kapselhalter-weiss\/#primaryimage"},"image":{"@id":"https:\/\/dev6.erresse-shop.it\/de\/shop\/kuche\/zubehor-fur-die-kuche\/alessi-plisse-kapselhalter-weiss\/#primaryimage"},"thumbnailUrl":"https:\/\/i0.wp.com\/interpim.erresse-shop.it\/Import\/Prodotti\/alessi-plisse-portacapsule-bianco.jpg?ssl=1","datePublished":"2026-04-12T12:55:15+00:00","description":"Ein unverzichtbares Accessoire, um Ihre Lieblingskaffeekapseln immer griffbereit und geordnet zu haben. Dieser praktische Beh\u00e4lter sieht aus wie das","breadcrumb":{"@id":"https:\/\/dev6.erresse-shop.it\/de\/shop\/kuche\/zubehor-fur-die-kuche\/alessi-plisse-kapselhalter-weiss\/#breadcrumb"},"inLanguage":"de","potentialAction":[{"@type":"ReadAction","target":["https:\/\/dev6.erresse-shop.it\/de\/shop\/kuche\/zubehor-fur-die-kuche\/alessi-plisse-kapselhalter-weiss\/"]}]},{"@type":"ImageObject","inLanguage":"de","@id":"https:\/\/dev6.erresse-shop.it\/de\/shop\/kuche\/zubehor-fur-die-kuche\/alessi-plisse-kapselhalter-weiss\/#primaryimage","url":"https:\/\/i0.wp.com\/interpim.erresse-shop.it\/Import\/Prodotti\/alessi-plisse-portacapsule-bianco.jpg?ssl=1","contentUrl":"https:\/\/i0.wp.com\/interpim.erresse-shop.it\/Import\/Prodotti\/alessi-plisse-portacapsule-bianco.jpg?ssl=1"},{"@type":"BreadcrumbList","@id":"https:\/\/dev6.erresse-shop.it\/de\/shop\/kuche\/zubehor-fur-die-kuche\/alessi-plisse-kapselhalter-weiss\/#breadcrumb","itemListElement":[{"@type":"ListItem","position":1,"name":"Home","item":"https:\/\/dev6.erresse-shop.it\/"},{"@type":"ListItem","position":2,"name":"Shop","item":"https:\/\/dev6.erresse-shop.it\/shop\/"},{"@type":"ListItem","position":3,"name":"ALESSI Pliss\u00e9 Kapselhalter Wei\u00df"}]},{"@type":"WebSite","@id":"https:\/\/dev6.erresse-shop.it\/#website","url":"https:\/\/dev6.erresse-shop.it\/","name":"Erresse Shop","description":"","publisher":{"@id":"https:\/\/dev6.erresse-shop.it\/#organization"},"potentialAction":[{"@type":"SearchAction","target":{"@type":"EntryPoint","urlTemplate":"https:\/\/dev6.erresse-shop.it\/?s={search_term_string}"},"query-input":{"@type":"PropertyValueSpecification","valueRequired":true,"valueName":"search_term_string"}}],"inLanguage":"de"},{"@type":"Organization","@id":"https:\/\/dev6.erresse-shop.it\/#organization","name":"Erresse Shop","url":"https:\/\/dev6.erresse-shop.it\/","logo":{"@type":"ImageObject","inLanguage":"de","@id":"https:\/\/dev6.erresse-shop.it\/#\/schema\/logo\/image\/","url":"https:\/\/dev6.erresse-shop.it\/wp-content\/uploads\/2025\/01\/LOGO-ERRESSE-CLASSICO.svg","contentUrl":"https:\/\/dev6.erresse-shop.it\/wp-content\/uploads\/2025\/01\/LOGO-ERRESSE-CLASSICO.svg","caption":"Erresse Shop"},"image":{"@id":"https:\/\/dev6.erresse-shop.it\/#\/schema\/logo\/image\/"}}]}},"df_price":65,"df_sale_price":65,"df_regular_price":75,"df_image_link":"https:\/\/i0.wp.com\/interpim.erresse-shop.it\/Import\/Prodotti\/alessi-plisse-portacapsule-bianco.jpg?resize=300,300&ssl=1","fifu_image_url":"https:\/\/interpim.erresse-shop.it\/Import\/Prodotti\/alessi-plisse-portacapsule-bianco.jpg","_links":{"self":[{"href":"https:\/\/dev6.erresse-shop.it\/de\/wp-json\/wp\/v2\/product\/1600852","targetHints":{"allow":["GET"]}}],"collection":[{"href":"https:\/\/dev6.erresse-shop.it\/de\/wp-json\/wp\/v2\/product"}],"about":[{"href":"https:\/\/dev6.erresse-shop.it\/de\/wp-json\/wp\/v2\/types\/product"}],"wp:featuredmedia":[{"embeddable":true,"href":"https:\/\/dev6.erresse-shop.it\/de\/wp-json\/wp\/v2\/media\/6381591"}],"wp:attachment":[{"href":"https:\/\/dev6.erresse-shop.it\/de\/wp-json\/wp\/v2\/media?parent=1600852"}],"wp:term":[{"taxonomy":"product_cat","embeddable":true,"href":"https:\/\/dev6.erresse-shop.it\/de\/wp-json\/wp\/v2\/product_cat?post=1600852"},{"taxonomy":"product_tag","embeddable":true,"href":"https:\/\/dev6.erresse-shop.it\/de\/wp-json\/wp\/v2\/product_tag?post=1600852"}],"curies":[{"name":"wp","href":"https:\/\/api.w.org\/{rel}","templated":true}]}}