{"id":1600850,"date":"2026-04-04T13:31:40","date_gmt":"2026-04-04T11:31:40","guid":{"rendered":"https:\/\/dev6.erresse-shop.it\/shop\/unkategorisiert\/alessi-pulcina-induktionskaffeekanne-schwarz-6-tassen\/"},"modified":"2025-09-14T03:12:09","modified_gmt":"2025-09-14T01:12:09","slug":"alessi-pulcina-induktionskaffeekanne-schwarz-6-tassen","status":"publish","type":"product","link":"https:\/\/dev6.erresse-shop.it\/de\/shop\/kuche\/mokkas-kaffeemaschinen-espresso\/alessi-pulcina-induktionskaffeekanne-schwarz-6-tassen\/","title":{"rendered":"ALESSI Pulcina Induktionskaffeekanne Schwarz 6 Tassen"},"content":{"rendered":"<p>Eine revolution\u00e4re Mokka-Maschine, die die von illycaff\u00e8 entwickelte Technologie mit der Designerfahrung von Alessi vereint. Pulcina wurde von Michele de Lucchi entworfen und verf\u00fcgt \u00fcber eine kleine, aber wesentliche Designinnovation, die das Flie\u00dfen des Getr\u00e4nks zum richtigen Zeitpunkt stoppt, bevor der Kaffee einen bitteren Nachgeschmack bekommt. Dadurch k\u00f6nnen Sie das vollmundige und abgerundete Aroma dieses Getr\u00e4nks noch besser hervorheben. Der Ausguss, der an den Schnabel eines K\u00fckens erinnert (daher auch der Name der Kaffeemaschine), erm\u00f6glicht ein perfektes Schneiden des Tropfens.<\/p>\n<p>Kaffeemaschine aus Aluminiumguss. Griff und Knopf aus PA, schwarz. Magnetischer Stahlboden, auch zum Induktionskochen geeignet.<\/p>\n<p>Achtung: Pr\u00fcfen Sie, ob Ihr Induktionskochfeld einen Durchmesser von mindestens 90 mm hat.<\/p>\n<p>Funktionen:<br \/>\nKapazit\u00e4t: 6 Tassen<br \/>\nH\u00f6he: 30 cm<br \/>\nBreite: 12,2 cm<\/p>\n","protected":false},"excerpt":{"rendered":"<p>Eine revolution\u00e4re Mokka-Maschine, die die von illycaff\u00e8 entwickelte Technologie mit der Designerfahrung von Alessi vereint. Pulcina wurde von Michele de Lucchi entworfen und verf\u00fcgt \u00fcber eine kleine, aber wesentliche Designinnovation, die das Flie\u00dfen des Getr\u00e4nks zum richtigen Zeitpunkt stoppt, bevor der Kaffee einen bitteren Nachgeschmack bekommt. Dadurch k\u00f6nnen Sie das vollmundige und abgerundete Aroma dieses [&hellip;]<\/p>\n","protected":false},"featured_media":6294133,"template":"","meta":{"_acf_changed":false},"product_cat":[12100,12110,12103],"product_tag":[],"class_list":{"0":"post-1600850","1":"product","2":"type-product","3":"status-publish","4":"has-post-thumbnail","6":"product_cat-kuche","7":"product_cat-mokkas-kaffeemaschinen-espresso","8":"product_cat-tisch","10":"first","11":"instock","12":"sale","13":"taxable","14":"shipping-taxable","15":"purchasable","16":"product-type-simple","swatches":"rey-swatches","show_selected":"","stretch_labels":"rey-swatches--stretch-labels"},"acf":[],"yoast_head":"<!-- This site is optimized with the Yoast SEO plugin v25.4 - https:\/\/yoast.com\/wordpress\/plugins\/seo\/ -->\n<title>ALESSI Pulcina Induktionskaffeekanne Schwarz 6 Tassen - dev6 Erresse<\/title>\n<meta name=\"description\" content=\"Eine revolution\u00e4re Mokka-Maschine, die die von illycaff\u00e8 entwickelte Technologie mit der Designerfahrung von Alessi vereint. Pulcina wurde von Michele de\" \/>\n<meta name=\"robots\" content=\"noindex, follow, max-snippet:-1, max-image-preview:large, max-video-preview:-1\" \/>\n<meta property=\"og:locale\" content=\"de_DE\" \/>\n<meta property=\"og:type\" content=\"article\" \/>\n<meta property=\"og:title\" content=\"ALESSI Pulcina Induktionskaffeekanne Schwarz 6 Tassen - dev6 Erresse\" \/>\n<meta property=\"og:description\" content=\"Eine revolution\u00e4re Mokka-Maschine, die die von illycaff\u00e8 entwickelte Technologie mit der Designerfahrung von Alessi vereint. Pulcina wurde von Michele de\" \/>\n<meta property=\"og:url\" content=\"https:\/\/dev6.erresse-shop.it\/de\/shop\/kuche\/mokkas-kaffeemaschinen-espresso\/alessi-pulcina-induktionskaffeekanne-schwarz-6-tassen\/\" \/>\n<meta property=\"og:site_name\" content=\"dev6 Erresse\" \/>\n<meta property=\"og:image\" content=\"https:\/\/interpim.erresse-shop.it\/Import\/Prodotti\/alessi-pulcina-caffettiera-a-induzione-nero-6-tazze.jpg\" \/><meta property=\"og:image\" content=\"https:\/\/interpim.erresse-shop.it\/Import\/Prodotti\/alessi-pulcina-caffettiera-a-induzione-nero-6-tazze.jpg\" \/>\n\t<meta property=\"og:image:width\" content=\"1024\" \/>\n\t<meta property=\"og:image:height\" content=\"1024\" \/>\n\t<meta property=\"og:image:type\" content=\"image\/jpeg\" \/>\n<meta name=\"twitter:card\" content=\"summary_large_image\" \/>\n<meta name=\"twitter:image\" content=\"https:\/\/interpim.erresse-shop.it\/Import\/Prodotti\/alessi-pulcina-caffettiera-a-induzione-nero-6-tazze.jpg\" \/>\n<script type=\"application\/ld+json\" class=\"yoast-schema-graph\">{\"@context\":\"https:\/\/schema.org\",\"@graph\":[{\"@type\":\"WebPage\",\"@id\":\"https:\/\/dev6.erresse-shop.it\/de\/shop\/kuche\/mokkas-kaffeemaschinen-espresso\/alessi-pulcina-induktionskaffeekanne-schwarz-6-tassen\/\",\"url\":\"https:\/\/dev6.erresse-shop.it\/de\/shop\/kuche\/mokkas-kaffeemaschinen-espresso\/alessi-pulcina-induktionskaffeekanne-schwarz-6-tassen\/\",\"name\":\"ALESSI Pulcina Induktionskaffeekanne Schwarz 6 Tassen - dev6 Erresse\",\"isPartOf\":{\"@id\":\"https:\/\/dev6.erresse-shop.it\/#website\"},\"primaryImageOfPage\":{\"@id\":\"https:\/\/dev6.erresse-shop.it\/de\/shop\/kuche\/mokkas-kaffeemaschinen-espresso\/alessi-pulcina-induktionskaffeekanne-schwarz-6-tassen\/#primaryimage\"},\"image\":{\"@id\":\"https:\/\/dev6.erresse-shop.it\/de\/shop\/kuche\/mokkas-kaffeemaschinen-espresso\/alessi-pulcina-induktionskaffeekanne-schwarz-6-tassen\/#primaryimage\"},\"thumbnailUrl\":\"https:\/\/i1.wp.com\/interpim.erresse-shop.it\/Import\/Prodotti\/alessi-pulcina-caffettiera-a-induzione-nero-6-tazze.jpg?ssl=1\",\"datePublished\":\"2026-04-04T11:31:40+00:00\",\"description\":\"Eine revolution\u00e4re Mokka-Maschine, die die von illycaff\u00e8 entwickelte Technologie mit der Designerfahrung von Alessi vereint. Pulcina wurde von Michele de\",\"breadcrumb\":{\"@id\":\"https:\/\/dev6.erresse-shop.it\/de\/shop\/kuche\/mokkas-kaffeemaschinen-espresso\/alessi-pulcina-induktionskaffeekanne-schwarz-6-tassen\/#breadcrumb\"},\"inLanguage\":\"de\",\"potentialAction\":[{\"@type\":\"ReadAction\",\"target\":[\"https:\/\/dev6.erresse-shop.it\/de\/shop\/kuche\/mokkas-kaffeemaschinen-espresso\/alessi-pulcina-induktionskaffeekanne-schwarz-6-tassen\/\"]}]},{\"@type\":\"ImageObject\",\"inLanguage\":\"de\",\"@id\":\"https:\/\/dev6.erresse-shop.it\/de\/shop\/kuche\/mokkas-kaffeemaschinen-espresso\/alessi-pulcina-induktionskaffeekanne-schwarz-6-tassen\/#primaryimage\",\"url\":\"https:\/\/i1.wp.com\/interpim.erresse-shop.it\/Import\/Prodotti\/alessi-pulcina-caffettiera-a-induzione-nero-6-tazze.jpg?ssl=1\",\"contentUrl\":\"https:\/\/i1.wp.com\/interpim.erresse-shop.it\/Import\/Prodotti\/alessi-pulcina-caffettiera-a-induzione-nero-6-tazze.jpg?ssl=1\"},{\"@type\":\"BreadcrumbList\",\"@id\":\"https:\/\/dev6.erresse-shop.it\/de\/shop\/kuche\/mokkas-kaffeemaschinen-espresso\/alessi-pulcina-induktionskaffeekanne-schwarz-6-tassen\/#breadcrumb\",\"itemListElement\":[{\"@type\":\"ListItem\",\"position\":1,\"name\":\"Home\",\"item\":\"https:\/\/dev6.erresse-shop.it\/\"},{\"@type\":\"ListItem\",\"position\":2,\"name\":\"Shop\",\"item\":\"https:\/\/dev6.erresse-shop.it\/shop\/\"},{\"@type\":\"ListItem\",\"position\":3,\"name\":\"ALESSI Pulcina Induktionskaffeekanne Schwarz 6 Tassen\"}]},{\"@type\":\"WebSite\",\"@id\":\"https:\/\/dev6.erresse-shop.it\/#website\",\"url\":\"https:\/\/dev6.erresse-shop.it\/\",\"name\":\"Erresse Shop\",\"description\":\"\",\"publisher\":{\"@id\":\"https:\/\/dev6.erresse-shop.it\/#organization\"},\"potentialAction\":[{\"@type\":\"SearchAction\",\"target\":{\"@type\":\"EntryPoint\",\"urlTemplate\":\"https:\/\/dev6.erresse-shop.it\/?s={search_term_string}\"},\"query-input\":{\"@type\":\"PropertyValueSpecification\",\"valueRequired\":true,\"valueName\":\"search_term_string\"}}],\"inLanguage\":\"de\"},{\"@type\":\"Organization\",\"@id\":\"https:\/\/dev6.erresse-shop.it\/#organization\",\"name\":\"Erresse Shop\",\"url\":\"https:\/\/dev6.erresse-shop.it\/\",\"logo\":{\"@type\":\"ImageObject\",\"inLanguage\":\"de\",\"@id\":\"https:\/\/dev6.erresse-shop.it\/#\/schema\/logo\/image\/\",\"url\":\"https:\/\/dev6.erresse-shop.it\/wp-content\/uploads\/2025\/01\/LOGO-ERRESSE-CLASSICO.svg\",\"contentUrl\":\"https:\/\/dev6.erresse-shop.it\/wp-content\/uploads\/2025\/01\/LOGO-ERRESSE-CLASSICO.svg\",\"caption\":\"Erresse Shop\"},\"image\":{\"@id\":\"https:\/\/dev6.erresse-shop.it\/#\/schema\/logo\/image\/\"}}]}<\/script>\n<!-- \/ Yoast SEO plugin. -->","yoast_head_json":{"title":"ALESSI Pulcina Induktionskaffeekanne Schwarz 6 Tassen - dev6 Erresse","description":"Eine revolution\u00e4re Mokka-Maschine, die die von illycaff\u00e8 entwickelte Technologie mit der Designerfahrung von Alessi vereint. Pulcina wurde von Michele de","robots":{"index":"noindex","follow":"follow","max-snippet":"max-snippet:-1","max-image-preview":"max-image-preview:large","max-video-preview":"max-video-preview:-1"},"og_locale":"de_DE","og_type":"article","og_title":"ALESSI Pulcina Induktionskaffeekanne Schwarz 6 Tassen - dev6 Erresse","og_description":"Eine revolution\u00e4re Mokka-Maschine, die die von illycaff\u00e8 entwickelte Technologie mit der Designerfahrung von Alessi vereint. Pulcina wurde von Michele de","og_url":"https:\/\/dev6.erresse-shop.it\/de\/shop\/kuche\/mokkas-kaffeemaschinen-espresso\/alessi-pulcina-induktionskaffeekanne-schwarz-6-tassen\/","og_site_name":"dev6 Erresse","og_image":[{"url":"https:\/\/interpim.erresse-shop.it\/Import\/Prodotti\/alessi-pulcina-caffettiera-a-induzione-nero-6-tazze.jpg","type":"","width":"","height":""},{"url":"https:\/\/interpim.erresse-shop.it\/Import\/Prodotti\/alessi-pulcina-caffettiera-a-induzione-nero-6-tazze.jpg","width":1024,"height":1024,"type":"image\/jpeg"}],"twitter_card":"summary_large_image","twitter_image":"https:\/\/interpim.erresse-shop.it\/Import\/Prodotti\/alessi-pulcina-caffettiera-a-induzione-nero-6-tazze.jpg","schema":{"@context":"https:\/\/schema.org","@graph":[{"@type":"WebPage","@id":"https:\/\/dev6.erresse-shop.it\/de\/shop\/kuche\/mokkas-kaffeemaschinen-espresso\/alessi-pulcina-induktionskaffeekanne-schwarz-6-tassen\/","url":"https:\/\/dev6.erresse-shop.it\/de\/shop\/kuche\/mokkas-kaffeemaschinen-espresso\/alessi-pulcina-induktionskaffeekanne-schwarz-6-tassen\/","name":"ALESSI Pulcina Induktionskaffeekanne Schwarz 6 Tassen - dev6 Erresse","isPartOf":{"@id":"https:\/\/dev6.erresse-shop.it\/#website"},"primaryImageOfPage":{"@id":"https:\/\/dev6.erresse-shop.it\/de\/shop\/kuche\/mokkas-kaffeemaschinen-espresso\/alessi-pulcina-induktionskaffeekanne-schwarz-6-tassen\/#primaryimage"},"image":{"@id":"https:\/\/dev6.erresse-shop.it\/de\/shop\/kuche\/mokkas-kaffeemaschinen-espresso\/alessi-pulcina-induktionskaffeekanne-schwarz-6-tassen\/#primaryimage"},"thumbnailUrl":"https:\/\/i1.wp.com\/interpim.erresse-shop.it\/Import\/Prodotti\/alessi-pulcina-caffettiera-a-induzione-nero-6-tazze.jpg?ssl=1","datePublished":"2026-04-04T11:31:40+00:00","description":"Eine revolution\u00e4re Mokka-Maschine, die die von illycaff\u00e8 entwickelte Technologie mit der Designerfahrung von Alessi vereint. Pulcina wurde von Michele de","breadcrumb":{"@id":"https:\/\/dev6.erresse-shop.it\/de\/shop\/kuche\/mokkas-kaffeemaschinen-espresso\/alessi-pulcina-induktionskaffeekanne-schwarz-6-tassen\/#breadcrumb"},"inLanguage":"de","potentialAction":[{"@type":"ReadAction","target":["https:\/\/dev6.erresse-shop.it\/de\/shop\/kuche\/mokkas-kaffeemaschinen-espresso\/alessi-pulcina-induktionskaffeekanne-schwarz-6-tassen\/"]}]},{"@type":"ImageObject","inLanguage":"de","@id":"https:\/\/dev6.erresse-shop.it\/de\/shop\/kuche\/mokkas-kaffeemaschinen-espresso\/alessi-pulcina-induktionskaffeekanne-schwarz-6-tassen\/#primaryimage","url":"https:\/\/i1.wp.com\/interpim.erresse-shop.it\/Import\/Prodotti\/alessi-pulcina-caffettiera-a-induzione-nero-6-tazze.jpg?ssl=1","contentUrl":"https:\/\/i1.wp.com\/interpim.erresse-shop.it\/Import\/Prodotti\/alessi-pulcina-caffettiera-a-induzione-nero-6-tazze.jpg?ssl=1"},{"@type":"BreadcrumbList","@id":"https:\/\/dev6.erresse-shop.it\/de\/shop\/kuche\/mokkas-kaffeemaschinen-espresso\/alessi-pulcina-induktionskaffeekanne-schwarz-6-tassen\/#breadcrumb","itemListElement":[{"@type":"ListItem","position":1,"name":"Home","item":"https:\/\/dev6.erresse-shop.it\/"},{"@type":"ListItem","position":2,"name":"Shop","item":"https:\/\/dev6.erresse-shop.it\/shop\/"},{"@type":"ListItem","position":3,"name":"ALESSI Pulcina Induktionskaffeekanne Schwarz 6 Tassen"}]},{"@type":"WebSite","@id":"https:\/\/dev6.erresse-shop.it\/#website","url":"https:\/\/dev6.erresse-shop.it\/","name":"Erresse Shop","description":"","publisher":{"@id":"https:\/\/dev6.erresse-shop.it\/#organization"},"potentialAction":[{"@type":"SearchAction","target":{"@type":"EntryPoint","urlTemplate":"https:\/\/dev6.erresse-shop.it\/?s={search_term_string}"},"query-input":{"@type":"PropertyValueSpecification","valueRequired":true,"valueName":"search_term_string"}}],"inLanguage":"de"},{"@type":"Organization","@id":"https:\/\/dev6.erresse-shop.it\/#organization","name":"Erresse Shop","url":"https:\/\/dev6.erresse-shop.it\/","logo":{"@type":"ImageObject","inLanguage":"de","@id":"https:\/\/dev6.erresse-shop.it\/#\/schema\/logo\/image\/","url":"https:\/\/dev6.erresse-shop.it\/wp-content\/uploads\/2025\/01\/LOGO-ERRESSE-CLASSICO.svg","contentUrl":"https:\/\/dev6.erresse-shop.it\/wp-content\/uploads\/2025\/01\/LOGO-ERRESSE-CLASSICO.svg","caption":"Erresse Shop"},"image":{"@id":"https:\/\/dev6.erresse-shop.it\/#\/schema\/logo\/image\/"}}]}},"df_price":117,"df_sale_price":117,"df_regular_price":130,"df_image_link":"https:\/\/i1.wp.com\/interpim.erresse-shop.it\/Import\/Prodotti\/alessi-pulcina-caffettiera-a-induzione-nero-6-tazze.jpg?resize=300,300&ssl=1","fifu_image_url":"https:\/\/interpim.erresse-shop.it\/Import\/Prodotti\/alessi-pulcina-caffettiera-a-induzione-nero-6-tazze.jpg","_links":{"self":[{"href":"https:\/\/dev6.erresse-shop.it\/de\/wp-json\/wp\/v2\/product\/1600850","targetHints":{"allow":["GET"]}}],"collection":[{"href":"https:\/\/dev6.erresse-shop.it\/de\/wp-json\/wp\/v2\/product"}],"about":[{"href":"https:\/\/dev6.erresse-shop.it\/de\/wp-json\/wp\/v2\/types\/product"}],"wp:featuredmedia":[{"embeddable":true,"href":"https:\/\/dev6.erresse-shop.it\/de\/wp-json\/wp\/v2\/media\/6294133"}],"wp:attachment":[{"href":"https:\/\/dev6.erresse-shop.it\/de\/wp-json\/wp\/v2\/media?parent=1600850"}],"wp:term":[{"taxonomy":"product_cat","embeddable":true,"href":"https:\/\/dev6.erresse-shop.it\/de\/wp-json\/wp\/v2\/product_cat?post=1600850"},{"taxonomy":"product_tag","embeddable":true,"href":"https:\/\/dev6.erresse-shop.it\/de\/wp-json\/wp\/v2\/product_tag?post=1600850"}],"curies":[{"name":"wp","href":"https:\/\/api.w.org\/{rel}","templated":true}]}}