{"id":1600842,"date":"2026-04-10T14:12:39","date_gmt":"2026-04-10T12:12:39","guid":{"rendered":"https:\/\/dev6.erresse-shop.it\/shop\/unkategorisiert\/alessi-9090-espresso-kaffeemaschine-3-tassen\/"},"modified":"2025-07-04T14:59:32","modified_gmt":"2025-07-04T12:59:32","slug":"alessi-9090-espresso-kaffeemaschine-3-tassen","status":"publish","type":"product","link":"https:\/\/dev6.erresse-shop.it\/de\/shop\/kuche\/mokkas-kaffeemaschinen-espresso\/alessi-9090-espresso-kaffeemaschine-3-tassen\/","title":{"rendered":"ALESSI 9090 Espresso-Kaffeemaschine 3 Tassen"},"content":{"rendered":"<p>Die 9090 ist die erste Espressomaschine in der Geschichte von Alessi, aber auch der erste von zahlreichen Compasso d\u2019Oro-Preisen und das erste Alessi-Objekt, das im MOMA in New York ausgestellt wurde. \u201eIch wollte diesem Auto eine Leistung verleihen, die andere nicht haben.\u201c Mit diesen Worten beschrieb Richard Sapper die Idee, von der er ausging. Die 9090 ist nicht nur aufgrund ihrer besonderen Form originell, sondern auch aufgrund einiger funktionaler Neuerungen, wie etwa der verbreiterten Basis, durch die Sie die W\u00e4rme optimal nutzen k\u00f6nnen, dem tropffreien Ausguss und dem Hebelverschluss, der das \u00d6ffnen mit einer einfachen Handbewegung erm\u00f6glicht.<\/p>\n<p>Espressomaschine aus Edelstahl 18\/10. Magnetischer Stahlboden auch zum Induktionskochen geeignet. <\/p>\n<p>Achtung: Pr\u00fcfen Sie, ob Ihr Induktionskochfeld f\u00fcr die Aktivierung mit einem Mindestdurchmesser von 90 mm geeignet ist.<\/p>\n<p>Funktionen:<\/p>\n<p>Tassen:\u00a01<br \/>\nKapazit\u00e4t (cl): 15.00<br \/>\nDurchmesser (cm): 11.00<br \/>\nH\u00f6he (cm):\u00a017.50<\/p>\n","protected":false},"excerpt":{"rendered":"<p>Die 9090 ist die erste Espressomaschine in der Geschichte von Alessi, aber auch der erste von zahlreichen Compasso d\u2019Oro-Preisen und das erste Alessi-Objekt, das im MOMA in New York ausgestellt wurde. \u201eIch wollte diesem Auto eine Leistung verleihen, die andere nicht haben.\u201c Mit diesen Worten beschrieb Richard Sapper die Idee, von der er ausging. Die [&hellip;]<\/p>\n","protected":false},"featured_media":6335751,"template":"","meta":{"_acf_changed":false},"product_cat":[12100,12110,12103],"product_tag":[],"class_list":{"0":"post-1600842","1":"product","2":"type-product","3":"status-publish","4":"has-post-thumbnail","6":"product_cat-kuche","7":"product_cat-mokkas-kaffeemaschinen-espresso","8":"product_cat-tisch","10":"first","11":"instock","12":"sale","13":"taxable","14":"shipping-taxable","15":"purchasable","16":"product-type-simple","swatches":"rey-swatches","show_selected":"","stretch_labels":"rey-swatches--stretch-labels"},"acf":[],"yoast_head":"<!-- This site is optimized with the Yoast SEO plugin v25.4 - https:\/\/yoast.com\/wordpress\/plugins\/seo\/ -->\n<title>ALESSI 9090 Espresso-Kaffeemaschine 3 Tassen - dev6 Erresse<\/title>\n<meta name=\"description\" content=\"Die 9090 ist die erste Espressomaschine in der Geschichte von Alessi, aber auch der erste von zahlreichen Compasso d\u2019Oro-Preisen und das erste\" \/>\n<meta name=\"robots\" content=\"noindex, follow, max-snippet:-1, max-image-preview:large, max-video-preview:-1\" \/>\n<meta property=\"og:locale\" content=\"de_DE\" \/>\n<meta property=\"og:type\" content=\"article\" \/>\n<meta property=\"og:title\" content=\"ALESSI 9090 Espresso-Kaffeemaschine 3 Tassen - dev6 Erresse\" \/>\n<meta property=\"og:description\" content=\"Die 9090 ist die erste Espressomaschine in der Geschichte von Alessi, aber auch der erste von zahlreichen Compasso d\u2019Oro-Preisen und das erste\" \/>\n<meta property=\"og:url\" content=\"https:\/\/dev6.erresse-shop.it\/de\/shop\/kuche\/mokkas-kaffeemaschinen-espresso\/alessi-9090-espresso-kaffeemaschine-3-tassen\/\" \/>\n<meta property=\"og:site_name\" content=\"dev6 Erresse\" \/>\n<meta property=\"og:image\" content=\"https:\/\/interpim.erresse-shop.it\/Import\/Prodotti\/alessi-9090-caffettiera-espresso-3-tazze.jpg\" \/><meta property=\"og:image\" content=\"https:\/\/interpim.erresse-shop.it\/Import\/Prodotti\/alessi-9090-caffettiera-espresso-3-tazze.jpg\" \/>\n\t<meta property=\"og:image:width\" content=\"1024\" \/>\n\t<meta property=\"og:image:height\" content=\"1024\" \/>\n\t<meta property=\"og:image:type\" content=\"image\/jpeg\" \/>\n<meta name=\"twitter:card\" content=\"summary_large_image\" \/>\n<meta name=\"twitter:image\" content=\"https:\/\/interpim.erresse-shop.it\/Import\/Prodotti\/alessi-9090-caffettiera-espresso-3-tazze.jpg\" \/>\n<script type=\"application\/ld+json\" class=\"yoast-schema-graph\">{\"@context\":\"https:\/\/schema.org\",\"@graph\":[{\"@type\":\"WebPage\",\"@id\":\"https:\/\/dev6.erresse-shop.it\/de\/shop\/kuche\/mokkas-kaffeemaschinen-espresso\/alessi-9090-espresso-kaffeemaschine-3-tassen\/\",\"url\":\"https:\/\/dev6.erresse-shop.it\/de\/shop\/kuche\/mokkas-kaffeemaschinen-espresso\/alessi-9090-espresso-kaffeemaschine-3-tassen\/\",\"name\":\"ALESSI 9090 Espresso-Kaffeemaschine 3 Tassen - dev6 Erresse\",\"isPartOf\":{\"@id\":\"https:\/\/dev6.erresse-shop.it\/#website\"},\"primaryImageOfPage\":{\"@id\":\"https:\/\/dev6.erresse-shop.it\/de\/shop\/kuche\/mokkas-kaffeemaschinen-espresso\/alessi-9090-espresso-kaffeemaschine-3-tassen\/#primaryimage\"},\"image\":{\"@id\":\"https:\/\/dev6.erresse-shop.it\/de\/shop\/kuche\/mokkas-kaffeemaschinen-espresso\/alessi-9090-espresso-kaffeemaschine-3-tassen\/#primaryimage\"},\"thumbnailUrl\":\"https:\/\/i3.wp.com\/interpim.erresse-shop.it\/Import\/Prodotti\/alessi-9090-caffettiera-espresso-3-tazze.jpg?ssl=1\",\"datePublished\":\"2026-04-10T12:12:39+00:00\",\"description\":\"Die 9090 ist die erste Espressomaschine in der Geschichte von Alessi, aber auch der erste von zahlreichen Compasso d\u2019Oro-Preisen und das erste\",\"breadcrumb\":{\"@id\":\"https:\/\/dev6.erresse-shop.it\/de\/shop\/kuche\/mokkas-kaffeemaschinen-espresso\/alessi-9090-espresso-kaffeemaschine-3-tassen\/#breadcrumb\"},\"inLanguage\":\"de\",\"potentialAction\":[{\"@type\":\"ReadAction\",\"target\":[\"https:\/\/dev6.erresse-shop.it\/de\/shop\/kuche\/mokkas-kaffeemaschinen-espresso\/alessi-9090-espresso-kaffeemaschine-3-tassen\/\"]}]},{\"@type\":\"ImageObject\",\"inLanguage\":\"de\",\"@id\":\"https:\/\/dev6.erresse-shop.it\/de\/shop\/kuche\/mokkas-kaffeemaschinen-espresso\/alessi-9090-espresso-kaffeemaschine-3-tassen\/#primaryimage\",\"url\":\"https:\/\/i3.wp.com\/interpim.erresse-shop.it\/Import\/Prodotti\/alessi-9090-caffettiera-espresso-3-tazze.jpg?ssl=1\",\"contentUrl\":\"https:\/\/i3.wp.com\/interpim.erresse-shop.it\/Import\/Prodotti\/alessi-9090-caffettiera-espresso-3-tazze.jpg?ssl=1\"},{\"@type\":\"BreadcrumbList\",\"@id\":\"https:\/\/dev6.erresse-shop.it\/de\/shop\/kuche\/mokkas-kaffeemaschinen-espresso\/alessi-9090-espresso-kaffeemaschine-3-tassen\/#breadcrumb\",\"itemListElement\":[{\"@type\":\"ListItem\",\"position\":1,\"name\":\"Home\",\"item\":\"https:\/\/dev6.erresse-shop.it\/\"},{\"@type\":\"ListItem\",\"position\":2,\"name\":\"Shop\",\"item\":\"https:\/\/dev6.erresse-shop.it\/shop\/\"},{\"@type\":\"ListItem\",\"position\":3,\"name\":\"ALESSI 9090 Espresso-Kaffeemaschine 3 Tassen\"}]},{\"@type\":\"WebSite\",\"@id\":\"https:\/\/dev6.erresse-shop.it\/#website\",\"url\":\"https:\/\/dev6.erresse-shop.it\/\",\"name\":\"Erresse Shop\",\"description\":\"\",\"publisher\":{\"@id\":\"https:\/\/dev6.erresse-shop.it\/#organization\"},\"potentialAction\":[{\"@type\":\"SearchAction\",\"target\":{\"@type\":\"EntryPoint\",\"urlTemplate\":\"https:\/\/dev6.erresse-shop.it\/?s={search_term_string}\"},\"query-input\":{\"@type\":\"PropertyValueSpecification\",\"valueRequired\":true,\"valueName\":\"search_term_string\"}}],\"inLanguage\":\"de\"},{\"@type\":\"Organization\",\"@id\":\"https:\/\/dev6.erresse-shop.it\/#organization\",\"name\":\"Erresse Shop\",\"url\":\"https:\/\/dev6.erresse-shop.it\/\",\"logo\":{\"@type\":\"ImageObject\",\"inLanguage\":\"de\",\"@id\":\"https:\/\/dev6.erresse-shop.it\/#\/schema\/logo\/image\/\",\"url\":\"https:\/\/dev6.erresse-shop.it\/wp-content\/uploads\/2025\/01\/LOGO-ERRESSE-CLASSICO.svg\",\"contentUrl\":\"https:\/\/dev6.erresse-shop.it\/wp-content\/uploads\/2025\/01\/LOGO-ERRESSE-CLASSICO.svg\",\"caption\":\"Erresse Shop\"},\"image\":{\"@id\":\"https:\/\/dev6.erresse-shop.it\/#\/schema\/logo\/image\/\"}}]}<\/script>\n<!-- \/ Yoast SEO plugin. -->","yoast_head_json":{"title":"ALESSI 9090 Espresso-Kaffeemaschine 3 Tassen - dev6 Erresse","description":"Die 9090 ist die erste Espressomaschine in der Geschichte von Alessi, aber auch der erste von zahlreichen Compasso d\u2019Oro-Preisen und das erste","robots":{"index":"noindex","follow":"follow","max-snippet":"max-snippet:-1","max-image-preview":"max-image-preview:large","max-video-preview":"max-video-preview:-1"},"og_locale":"de_DE","og_type":"article","og_title":"ALESSI 9090 Espresso-Kaffeemaschine 3 Tassen - dev6 Erresse","og_description":"Die 9090 ist die erste Espressomaschine in der Geschichte von Alessi, aber auch der erste von zahlreichen Compasso d\u2019Oro-Preisen und das erste","og_url":"https:\/\/dev6.erresse-shop.it\/de\/shop\/kuche\/mokkas-kaffeemaschinen-espresso\/alessi-9090-espresso-kaffeemaschine-3-tassen\/","og_site_name":"dev6 Erresse","og_image":[{"url":"https:\/\/interpim.erresse-shop.it\/Import\/Prodotti\/alessi-9090-caffettiera-espresso-3-tazze.jpg","type":"","width":"","height":""},{"url":"https:\/\/interpim.erresse-shop.it\/Import\/Prodotti\/alessi-9090-caffettiera-espresso-3-tazze.jpg","width":1024,"height":1024,"type":"image\/jpeg"}],"twitter_card":"summary_large_image","twitter_image":"https:\/\/interpim.erresse-shop.it\/Import\/Prodotti\/alessi-9090-caffettiera-espresso-3-tazze.jpg","schema":{"@context":"https:\/\/schema.org","@graph":[{"@type":"WebPage","@id":"https:\/\/dev6.erresse-shop.it\/de\/shop\/kuche\/mokkas-kaffeemaschinen-espresso\/alessi-9090-espresso-kaffeemaschine-3-tassen\/","url":"https:\/\/dev6.erresse-shop.it\/de\/shop\/kuche\/mokkas-kaffeemaschinen-espresso\/alessi-9090-espresso-kaffeemaschine-3-tassen\/","name":"ALESSI 9090 Espresso-Kaffeemaschine 3 Tassen - dev6 Erresse","isPartOf":{"@id":"https:\/\/dev6.erresse-shop.it\/#website"},"primaryImageOfPage":{"@id":"https:\/\/dev6.erresse-shop.it\/de\/shop\/kuche\/mokkas-kaffeemaschinen-espresso\/alessi-9090-espresso-kaffeemaschine-3-tassen\/#primaryimage"},"image":{"@id":"https:\/\/dev6.erresse-shop.it\/de\/shop\/kuche\/mokkas-kaffeemaschinen-espresso\/alessi-9090-espresso-kaffeemaschine-3-tassen\/#primaryimage"},"thumbnailUrl":"https:\/\/i3.wp.com\/interpim.erresse-shop.it\/Import\/Prodotti\/alessi-9090-caffettiera-espresso-3-tazze.jpg?ssl=1","datePublished":"2026-04-10T12:12:39+00:00","description":"Die 9090 ist die erste Espressomaschine in der Geschichte von Alessi, aber auch der erste von zahlreichen Compasso d\u2019Oro-Preisen und das erste","breadcrumb":{"@id":"https:\/\/dev6.erresse-shop.it\/de\/shop\/kuche\/mokkas-kaffeemaschinen-espresso\/alessi-9090-espresso-kaffeemaschine-3-tassen\/#breadcrumb"},"inLanguage":"de","potentialAction":[{"@type":"ReadAction","target":["https:\/\/dev6.erresse-shop.it\/de\/shop\/kuche\/mokkas-kaffeemaschinen-espresso\/alessi-9090-espresso-kaffeemaschine-3-tassen\/"]}]},{"@type":"ImageObject","inLanguage":"de","@id":"https:\/\/dev6.erresse-shop.it\/de\/shop\/kuche\/mokkas-kaffeemaschinen-espresso\/alessi-9090-espresso-kaffeemaschine-3-tassen\/#primaryimage","url":"https:\/\/i3.wp.com\/interpim.erresse-shop.it\/Import\/Prodotti\/alessi-9090-caffettiera-espresso-3-tazze.jpg?ssl=1","contentUrl":"https:\/\/i3.wp.com\/interpim.erresse-shop.it\/Import\/Prodotti\/alessi-9090-caffettiera-espresso-3-tazze.jpg?ssl=1"},{"@type":"BreadcrumbList","@id":"https:\/\/dev6.erresse-shop.it\/de\/shop\/kuche\/mokkas-kaffeemaschinen-espresso\/alessi-9090-espresso-kaffeemaschine-3-tassen\/#breadcrumb","itemListElement":[{"@type":"ListItem","position":1,"name":"Home","item":"https:\/\/dev6.erresse-shop.it\/"},{"@type":"ListItem","position":2,"name":"Shop","item":"https:\/\/dev6.erresse-shop.it\/shop\/"},{"@type":"ListItem","position":3,"name":"ALESSI 9090 Espresso-Kaffeemaschine 3 Tassen"}]},{"@type":"WebSite","@id":"https:\/\/dev6.erresse-shop.it\/#website","url":"https:\/\/dev6.erresse-shop.it\/","name":"Erresse Shop","description":"","publisher":{"@id":"https:\/\/dev6.erresse-shop.it\/#organization"},"potentialAction":[{"@type":"SearchAction","target":{"@type":"EntryPoint","urlTemplate":"https:\/\/dev6.erresse-shop.it\/?s={search_term_string}"},"query-input":{"@type":"PropertyValueSpecification","valueRequired":true,"valueName":"search_term_string"}}],"inLanguage":"de"},{"@type":"Organization","@id":"https:\/\/dev6.erresse-shop.it\/#organization","name":"Erresse Shop","url":"https:\/\/dev6.erresse-shop.it\/","logo":{"@type":"ImageObject","inLanguage":"de","@id":"https:\/\/dev6.erresse-shop.it\/#\/schema\/logo\/image\/","url":"https:\/\/dev6.erresse-shop.it\/wp-content\/uploads\/2025\/01\/LOGO-ERRESSE-CLASSICO.svg","contentUrl":"https:\/\/dev6.erresse-shop.it\/wp-content\/uploads\/2025\/01\/LOGO-ERRESSE-CLASSICO.svg","caption":"Erresse Shop"},"image":{"@id":"https:\/\/dev6.erresse-shop.it\/#\/schema\/logo\/image\/"}}]}},"df_price":157.5,"df_sale_price":157.5,"df_regular_price":175,"df_image_link":"https:\/\/i3.wp.com\/interpim.erresse-shop.it\/Import\/Prodotti\/alessi-9090-caffettiera-espresso-3-tazze.jpg?resize=300,300&ssl=1","fifu_image_url":"https:\/\/interpim.erresse-shop.it\/Import\/Prodotti\/alessi-9090-caffettiera-espresso-3-tazze.jpg","_links":{"self":[{"href":"https:\/\/dev6.erresse-shop.it\/de\/wp-json\/wp\/v2\/product\/1600842","targetHints":{"allow":["GET"]}}],"collection":[{"href":"https:\/\/dev6.erresse-shop.it\/de\/wp-json\/wp\/v2\/product"}],"about":[{"href":"https:\/\/dev6.erresse-shop.it\/de\/wp-json\/wp\/v2\/types\/product"}],"wp:featuredmedia":[{"embeddable":true,"href":"https:\/\/dev6.erresse-shop.it\/de\/wp-json\/wp\/v2\/media\/6335751"}],"wp:attachment":[{"href":"https:\/\/dev6.erresse-shop.it\/de\/wp-json\/wp\/v2\/media?parent=1600842"}],"wp:term":[{"taxonomy":"product_cat","embeddable":true,"href":"https:\/\/dev6.erresse-shop.it\/de\/wp-json\/wp\/v2\/product_cat?post=1600842"},{"taxonomy":"product_tag","embeddable":true,"href":"https:\/\/dev6.erresse-shop.it\/de\/wp-json\/wp\/v2\/product_tag?post=1600842"}],"curies":[{"name":"wp","href":"https:\/\/api.w.org\/{rel}","templated":true}]}}