{"id":1600836,"date":"2026-04-10T14:12:39","date_gmt":"2026-04-10T12:12:39","guid":{"rendered":"https:\/\/dev6.erresse-shop.it\/shop\/unkategorisiert\/alessi-alessandro-m-korkenzieher-gelb-schwarz\/"},"modified":"2025-09-14T03:11:58","modified_gmt":"2025-09-14T01:11:58","slug":"alessi-alessandro-m-korkenzieher-gelb-schwarz","status":"publish","type":"product","link":"https:\/\/dev6.erresse-shop.it\/de\/shop\/tisch\/weinbar-korkenzieher-dekanter-eiskubel\/alessi-alessandro-m-korkenzieher-gelb-schwarz\/","title":{"rendered":"ALESSI Alessandro M. Korkenzieher Gelb Schwarz"},"content":{"rendered":"<p>Der Korkenzieher Alessandro M., ein Selbstportr\u00e4t des Designers Alessandro Mendini, kehrt in der Kollektion Colour Tales in einer Reihe von schillernden Kleidern zur\u00fcck, eine Hommage an die chromatische Forschung seines Sch\u00f6pfers. Gewidmet den Sammlern von Alessandro Mendini und seinen transformistischen Korkenziehern und all jenen, die einen guten Wein mit einem Instrument entkorken m\u00f6chten, in dem Funktion und Emotion verschmelzen.<\/p>\n<p>Korkenzieher aus thermoplastischem Harz und verchromtem Zamak<\/p>\n<p>Merkmale<br \/>\n\u2013 Durchmesser: 6 cm<br \/>\n\u2013 H\u00f6he: 21 cm<\/p>\n","protected":false},"excerpt":{"rendered":"<p>Der Korkenzieher Alessandro M., ein Selbstportr\u00e4t des Designers Alessandro Mendini, kehrt in der Kollektion Colour Tales in einer Reihe von schillernden Kleidern zur\u00fcck, eine Hommage an die chromatische Forschung seines Sch\u00f6pfers. Gewidmet den Sammlern von Alessandro Mendini und seinen transformistischen Korkenziehern und all jenen, die einen guten Wein mit einem Instrument entkorken m\u00f6chten, in dem [&hellip;]<\/p>\n","protected":false},"featured_media":6335729,"template":"","meta":{"_acf_changed":false},"product_cat":[12103,12177],"product_tag":[],"class_list":{"0":"post-1600836","1":"product","2":"type-product","3":"status-publish","4":"has-post-thumbnail","6":"product_cat-tisch","7":"product_cat-weinbar-korkenzieher-dekanter-eiskubel","9":"first","10":"instock","11":"sale","12":"taxable","13":"shipping-taxable","14":"purchasable","15":"product-type-simple","swatches":"rey-swatches","show_selected":"","stretch_labels":"rey-swatches--stretch-labels"},"acf":[],"yoast_head":"<!-- This site is optimized with the Yoast SEO plugin v25.4 - https:\/\/yoast.com\/wordpress\/plugins\/seo\/ -->\n<title>ALESSI Alessandro M. Korkenzieher Gelb Schwarz - dev6 Erresse<\/title>\n<meta name=\"description\" content=\"Der Korkenzieher Alessandro M., ein Selbstportr\u00e4t des Designers Alessandro Mendini, kehrt in der Kollektion Colour Tales in einer Reihe von schillernden\" \/>\n<meta name=\"robots\" content=\"noindex, follow, max-snippet:-1, max-image-preview:large, max-video-preview:-1\" \/>\n<meta property=\"og:locale\" content=\"de_DE\" \/>\n<meta property=\"og:type\" content=\"article\" \/>\n<meta property=\"og:title\" content=\"ALESSI Alessandro M. Korkenzieher Gelb Schwarz - dev6 Erresse\" \/>\n<meta property=\"og:description\" content=\"Der Korkenzieher Alessandro M., ein Selbstportr\u00e4t des Designers Alessandro Mendini, kehrt in der Kollektion Colour Tales in einer Reihe von schillernden\" \/>\n<meta property=\"og:url\" content=\"https:\/\/dev6.erresse-shop.it\/de\/shop\/tisch\/weinbar-korkenzieher-dekanter-eiskubel\/alessi-alessandro-m-korkenzieher-gelb-schwarz\/\" \/>\n<meta property=\"og:site_name\" content=\"dev6 Erresse\" \/>\n<meta property=\"og:image\" content=\"https:\/\/interpim.erresse-shop.it\/Import\/Prodotti\/alessi-alessandro-m.-cavatappi-giallo-nero.jpg\" \/><meta property=\"og:image\" content=\"https:\/\/interpim.erresse-shop.it\/Import\/Prodotti\/alessi-alessandro-m.-cavatappi-giallo-nero.jpg\" \/>\n\t<meta property=\"og:image:width\" content=\"1024\" \/>\n\t<meta property=\"og:image:height\" content=\"1024\" \/>\n\t<meta property=\"og:image:type\" content=\"image\/jpeg\" \/>\n<meta name=\"twitter:card\" content=\"summary_large_image\" \/>\n<meta name=\"twitter:image\" content=\"https:\/\/interpim.erresse-shop.it\/Import\/Prodotti\/alessi-alessandro-m.-cavatappi-giallo-nero.jpg\" \/>\n<script type=\"application\/ld+json\" class=\"yoast-schema-graph\">{\"@context\":\"https:\/\/schema.org\",\"@graph\":[{\"@type\":\"WebPage\",\"@id\":\"https:\/\/dev6.erresse-shop.it\/de\/shop\/tisch\/weinbar-korkenzieher-dekanter-eiskubel\/alessi-alessandro-m-korkenzieher-gelb-schwarz\/\",\"url\":\"https:\/\/dev6.erresse-shop.it\/de\/shop\/tisch\/weinbar-korkenzieher-dekanter-eiskubel\/alessi-alessandro-m-korkenzieher-gelb-schwarz\/\",\"name\":\"ALESSI Alessandro M. Korkenzieher Gelb Schwarz - dev6 Erresse\",\"isPartOf\":{\"@id\":\"https:\/\/dev6.erresse-shop.it\/#website\"},\"primaryImageOfPage\":{\"@id\":\"https:\/\/dev6.erresse-shop.it\/de\/shop\/tisch\/weinbar-korkenzieher-dekanter-eiskubel\/alessi-alessandro-m-korkenzieher-gelb-schwarz\/#primaryimage\"},\"image\":{\"@id\":\"https:\/\/dev6.erresse-shop.it\/de\/shop\/tisch\/weinbar-korkenzieher-dekanter-eiskubel\/alessi-alessandro-m-korkenzieher-gelb-schwarz\/#primaryimage\"},\"thumbnailUrl\":\"https:\/\/i0.wp.com\/interpim.erresse-shop.it\/Import\/Prodotti\/alessi-alessandro-m.-cavatappi-giallo-nero.jpg?ssl=1\",\"datePublished\":\"2026-04-10T12:12:39+00:00\",\"description\":\"Der Korkenzieher Alessandro M., ein Selbstportr\u00e4t des Designers Alessandro Mendini, kehrt in der Kollektion Colour Tales in einer Reihe von schillernden\",\"breadcrumb\":{\"@id\":\"https:\/\/dev6.erresse-shop.it\/de\/shop\/tisch\/weinbar-korkenzieher-dekanter-eiskubel\/alessi-alessandro-m-korkenzieher-gelb-schwarz\/#breadcrumb\"},\"inLanguage\":\"de\",\"potentialAction\":[{\"@type\":\"ReadAction\",\"target\":[\"https:\/\/dev6.erresse-shop.it\/de\/shop\/tisch\/weinbar-korkenzieher-dekanter-eiskubel\/alessi-alessandro-m-korkenzieher-gelb-schwarz\/\"]}]},{\"@type\":\"ImageObject\",\"inLanguage\":\"de\",\"@id\":\"https:\/\/dev6.erresse-shop.it\/de\/shop\/tisch\/weinbar-korkenzieher-dekanter-eiskubel\/alessi-alessandro-m-korkenzieher-gelb-schwarz\/#primaryimage\",\"url\":\"https:\/\/i0.wp.com\/interpim.erresse-shop.it\/Import\/Prodotti\/alessi-alessandro-m.-cavatappi-giallo-nero.jpg?ssl=1\",\"contentUrl\":\"https:\/\/i0.wp.com\/interpim.erresse-shop.it\/Import\/Prodotti\/alessi-alessandro-m.-cavatappi-giallo-nero.jpg?ssl=1\"},{\"@type\":\"BreadcrumbList\",\"@id\":\"https:\/\/dev6.erresse-shop.it\/de\/shop\/tisch\/weinbar-korkenzieher-dekanter-eiskubel\/alessi-alessandro-m-korkenzieher-gelb-schwarz\/#breadcrumb\",\"itemListElement\":[{\"@type\":\"ListItem\",\"position\":1,\"name\":\"Home\",\"item\":\"https:\/\/dev6.erresse-shop.it\/\"},{\"@type\":\"ListItem\",\"position\":2,\"name\":\"Shop\",\"item\":\"https:\/\/dev6.erresse-shop.it\/shop\/\"},{\"@type\":\"ListItem\",\"position\":3,\"name\":\"ALESSI Alessandro M. Korkenzieher Gelb Schwarz\"}]},{\"@type\":\"WebSite\",\"@id\":\"https:\/\/dev6.erresse-shop.it\/#website\",\"url\":\"https:\/\/dev6.erresse-shop.it\/\",\"name\":\"Erresse Shop\",\"description\":\"\",\"publisher\":{\"@id\":\"https:\/\/dev6.erresse-shop.it\/#organization\"},\"potentialAction\":[{\"@type\":\"SearchAction\",\"target\":{\"@type\":\"EntryPoint\",\"urlTemplate\":\"https:\/\/dev6.erresse-shop.it\/?s={search_term_string}\"},\"query-input\":{\"@type\":\"PropertyValueSpecification\",\"valueRequired\":true,\"valueName\":\"search_term_string\"}}],\"inLanguage\":\"de\"},{\"@type\":\"Organization\",\"@id\":\"https:\/\/dev6.erresse-shop.it\/#organization\",\"name\":\"Erresse Shop\",\"url\":\"https:\/\/dev6.erresse-shop.it\/\",\"logo\":{\"@type\":\"ImageObject\",\"inLanguage\":\"de\",\"@id\":\"https:\/\/dev6.erresse-shop.it\/#\/schema\/logo\/image\/\",\"url\":\"https:\/\/dev6.erresse-shop.it\/wp-content\/uploads\/2025\/01\/LOGO-ERRESSE-CLASSICO.svg\",\"contentUrl\":\"https:\/\/dev6.erresse-shop.it\/wp-content\/uploads\/2025\/01\/LOGO-ERRESSE-CLASSICO.svg\",\"caption\":\"Erresse Shop\"},\"image\":{\"@id\":\"https:\/\/dev6.erresse-shop.it\/#\/schema\/logo\/image\/\"}}]}<\/script>\n<!-- \/ Yoast SEO plugin. -->","yoast_head_json":{"title":"ALESSI Alessandro M. Korkenzieher Gelb Schwarz - dev6 Erresse","description":"Der Korkenzieher Alessandro M., ein Selbstportr\u00e4t des Designers Alessandro Mendini, kehrt in der Kollektion Colour Tales in einer Reihe von schillernden","robots":{"index":"noindex","follow":"follow","max-snippet":"max-snippet:-1","max-image-preview":"max-image-preview:large","max-video-preview":"max-video-preview:-1"},"og_locale":"de_DE","og_type":"article","og_title":"ALESSI Alessandro M. Korkenzieher Gelb Schwarz - dev6 Erresse","og_description":"Der Korkenzieher Alessandro M., ein Selbstportr\u00e4t des Designers Alessandro Mendini, kehrt in der Kollektion Colour Tales in einer Reihe von schillernden","og_url":"https:\/\/dev6.erresse-shop.it\/de\/shop\/tisch\/weinbar-korkenzieher-dekanter-eiskubel\/alessi-alessandro-m-korkenzieher-gelb-schwarz\/","og_site_name":"dev6 Erresse","og_image":[{"url":"https:\/\/interpim.erresse-shop.it\/Import\/Prodotti\/alessi-alessandro-m.-cavatappi-giallo-nero.jpg","type":"","width":"","height":""},{"url":"https:\/\/interpim.erresse-shop.it\/Import\/Prodotti\/alessi-alessandro-m.-cavatappi-giallo-nero.jpg","width":1024,"height":1024,"type":"image\/jpeg"}],"twitter_card":"summary_large_image","twitter_image":"https:\/\/interpim.erresse-shop.it\/Import\/Prodotti\/alessi-alessandro-m.-cavatappi-giallo-nero.jpg","schema":{"@context":"https:\/\/schema.org","@graph":[{"@type":"WebPage","@id":"https:\/\/dev6.erresse-shop.it\/de\/shop\/tisch\/weinbar-korkenzieher-dekanter-eiskubel\/alessi-alessandro-m-korkenzieher-gelb-schwarz\/","url":"https:\/\/dev6.erresse-shop.it\/de\/shop\/tisch\/weinbar-korkenzieher-dekanter-eiskubel\/alessi-alessandro-m-korkenzieher-gelb-schwarz\/","name":"ALESSI Alessandro M. Korkenzieher Gelb Schwarz - dev6 Erresse","isPartOf":{"@id":"https:\/\/dev6.erresse-shop.it\/#website"},"primaryImageOfPage":{"@id":"https:\/\/dev6.erresse-shop.it\/de\/shop\/tisch\/weinbar-korkenzieher-dekanter-eiskubel\/alessi-alessandro-m-korkenzieher-gelb-schwarz\/#primaryimage"},"image":{"@id":"https:\/\/dev6.erresse-shop.it\/de\/shop\/tisch\/weinbar-korkenzieher-dekanter-eiskubel\/alessi-alessandro-m-korkenzieher-gelb-schwarz\/#primaryimage"},"thumbnailUrl":"https:\/\/i0.wp.com\/interpim.erresse-shop.it\/Import\/Prodotti\/alessi-alessandro-m.-cavatappi-giallo-nero.jpg?ssl=1","datePublished":"2026-04-10T12:12:39+00:00","description":"Der Korkenzieher Alessandro M., ein Selbstportr\u00e4t des Designers Alessandro Mendini, kehrt in der Kollektion Colour Tales in einer Reihe von schillernden","breadcrumb":{"@id":"https:\/\/dev6.erresse-shop.it\/de\/shop\/tisch\/weinbar-korkenzieher-dekanter-eiskubel\/alessi-alessandro-m-korkenzieher-gelb-schwarz\/#breadcrumb"},"inLanguage":"de","potentialAction":[{"@type":"ReadAction","target":["https:\/\/dev6.erresse-shop.it\/de\/shop\/tisch\/weinbar-korkenzieher-dekanter-eiskubel\/alessi-alessandro-m-korkenzieher-gelb-schwarz\/"]}]},{"@type":"ImageObject","inLanguage":"de","@id":"https:\/\/dev6.erresse-shop.it\/de\/shop\/tisch\/weinbar-korkenzieher-dekanter-eiskubel\/alessi-alessandro-m-korkenzieher-gelb-schwarz\/#primaryimage","url":"https:\/\/i0.wp.com\/interpim.erresse-shop.it\/Import\/Prodotti\/alessi-alessandro-m.-cavatappi-giallo-nero.jpg?ssl=1","contentUrl":"https:\/\/i0.wp.com\/interpim.erresse-shop.it\/Import\/Prodotti\/alessi-alessandro-m.-cavatappi-giallo-nero.jpg?ssl=1"},{"@type":"BreadcrumbList","@id":"https:\/\/dev6.erresse-shop.it\/de\/shop\/tisch\/weinbar-korkenzieher-dekanter-eiskubel\/alessi-alessandro-m-korkenzieher-gelb-schwarz\/#breadcrumb","itemListElement":[{"@type":"ListItem","position":1,"name":"Home","item":"https:\/\/dev6.erresse-shop.it\/"},{"@type":"ListItem","position":2,"name":"Shop","item":"https:\/\/dev6.erresse-shop.it\/shop\/"},{"@type":"ListItem","position":3,"name":"ALESSI Alessandro M. Korkenzieher Gelb Schwarz"}]},{"@type":"WebSite","@id":"https:\/\/dev6.erresse-shop.it\/#website","url":"https:\/\/dev6.erresse-shop.it\/","name":"Erresse Shop","description":"","publisher":{"@id":"https:\/\/dev6.erresse-shop.it\/#organization"},"potentialAction":[{"@type":"SearchAction","target":{"@type":"EntryPoint","urlTemplate":"https:\/\/dev6.erresse-shop.it\/?s={search_term_string}"},"query-input":{"@type":"PropertyValueSpecification","valueRequired":true,"valueName":"search_term_string"}}],"inLanguage":"de"},{"@type":"Organization","@id":"https:\/\/dev6.erresse-shop.it\/#organization","name":"Erresse Shop","url":"https:\/\/dev6.erresse-shop.it\/","logo":{"@type":"ImageObject","inLanguage":"de","@id":"https:\/\/dev6.erresse-shop.it\/#\/schema\/logo\/image\/","url":"https:\/\/dev6.erresse-shop.it\/wp-content\/uploads\/2025\/01\/LOGO-ERRESSE-CLASSICO.svg","contentUrl":"https:\/\/dev6.erresse-shop.it\/wp-content\/uploads\/2025\/01\/LOGO-ERRESSE-CLASSICO.svg","caption":"Erresse Shop"},"image":{"@id":"https:\/\/dev6.erresse-shop.it\/#\/schema\/logo\/image\/"}}]}},"df_price":47.95,"df_sale_price":47.95,"df_regular_price":50,"df_image_link":"https:\/\/i0.wp.com\/interpim.erresse-shop.it\/Import\/Prodotti\/alessi-alessandro-m.-cavatappi-giallo-nero.jpg?resize=300,300&ssl=1","fifu_image_url":"https:\/\/interpim.erresse-shop.it\/Import\/Prodotti\/alessi-alessandro-m.-cavatappi-giallo-nero.jpg","_links":{"self":[{"href":"https:\/\/dev6.erresse-shop.it\/de\/wp-json\/wp\/v2\/product\/1600836","targetHints":{"allow":["GET"]}}],"collection":[{"href":"https:\/\/dev6.erresse-shop.it\/de\/wp-json\/wp\/v2\/product"}],"about":[{"href":"https:\/\/dev6.erresse-shop.it\/de\/wp-json\/wp\/v2\/types\/product"}],"wp:featuredmedia":[{"embeddable":true,"href":"https:\/\/dev6.erresse-shop.it\/de\/wp-json\/wp\/v2\/media\/6335729"}],"wp:attachment":[{"href":"https:\/\/dev6.erresse-shop.it\/de\/wp-json\/wp\/v2\/media?parent=1600836"}],"wp:term":[{"taxonomy":"product_cat","embeddable":true,"href":"https:\/\/dev6.erresse-shop.it\/de\/wp-json\/wp\/v2\/product_cat?post=1600836"},{"taxonomy":"product_tag","embeddable":true,"href":"https:\/\/dev6.erresse-shop.it\/de\/wp-json\/wp\/v2\/product_tag?post=1600836"}],"curies":[{"name":"wp","href":"https:\/\/api.w.org\/{rel}","templated":true}]}}