{"id":1600832,"date":"2026-04-12T13:34:09","date_gmt":"2026-04-12T11:34:09","guid":{"rendered":"https:\/\/dev6.erresse-shop.it\/shop\/unkategorisiert\/alessi-3909-kessel\/"},"modified":"2026-01-21T20:15:00","modified_gmt":"2026-01-21T19:15:00","slug":"alessi-3909-kessel","status":"publish","type":"product","link":"https:\/\/dev6.erresse-shop.it\/de\/shop\/kuche\/wasserkocher\/alessi-3909-kessel\/","title":{"rendered":"ALESSI 3909 Kessel"},"content":{"rendered":"<p>Mit einer Mischung aus verschiedenen kulturellen Aspekten entf\u00fchrt der Design-Wasserkessel 3909 direkt nach Amerika. Das Ph\u00e4nomen des Basketballs und seine multikulturelle Symbolik, die ein wesentlicher Bestandteil von Ablohs pers\u00f6nlicher Geschichte ist, mit der Welt des Designs und seinen kodifizierten Referenzen. Die komplett neu gestaltete Pfeife nimmt die Form eines Basketballspielers an, der kraftvoll in den Korb dunkt, w\u00e4hrend die Farben des Griffs und des Knaufs in einem tiefen Violett leuchten.<\/p>\n<p>Wasserkocher aus Edelstahl 18\/10 mit Griff und Pfeife aus PA, lila. Magnetischer Stahlboden, geeignet f\u00fcr Induktionskochfelder.<br \/>\nProduziert in einer nummerierten Auflage von 9.999 St\u00fcck.<\/p>\n<p>Eigenschaften<br \/>\n\u2013 Fassungsverm\u00f6gen: 2 L<br \/>\n\u2013 Durchmesser: 22 cm<br \/>\n\u2013 H\u00f6he: 22,50 cm<\/p>\n<p>Geeignet f\u00fcr Induktion<\/p>\n","protected":false},"excerpt":{"rendered":"<p>Mit einer Mischung aus verschiedenen kulturellen Aspekten entf\u00fchrt der Design-Wasserkessel 3909 direkt nach Amerika. Das Ph\u00e4nomen des Basketballs und seine multikulturelle Symbolik, die ein wesentlicher Bestandteil von Ablohs pers\u00f6nlicher Geschichte ist, mit der Welt des Designs und seinen kodifizierten Referenzen. Die komplett neu gestaltete Pfeife nimmt die Form eines Basketballspielers an, der kraftvoll in den [&hellip;]<\/p>\n","protected":false},"featured_media":6377352,"template":"","meta":{"_acf_changed":false},"product_cat":[12100,12113],"product_tag":[],"class_list":{"0":"post-1600832","1":"product","2":"type-product","3":"status-publish","4":"has-post-thumbnail","6":"product_cat-kuche","7":"product_cat-wasserkocher","9":"first","10":"instock","11":"sale","12":"taxable","13":"shipping-taxable","14":"purchasable","15":"product-type-simple","swatches":"rey-swatches","show_selected":"","stretch_labels":"rey-swatches--stretch-labels"},"acf":[],"yoast_head":"<!-- This site is optimized with the Yoast SEO plugin v25.4 - https:\/\/yoast.com\/wordpress\/plugins\/seo\/ -->\n<title>ALESSI 3909 Kessel - dev6 Erresse<\/title>\n<meta name=\"description\" content=\"Mit einer Mischung aus verschiedenen kulturellen Aspekten entf\u00fchrt der Design-Wasserkessel 3909 direkt nach Amerika. Das Ph\u00e4nomen des Basketballs und\" \/>\n<meta name=\"robots\" content=\"noindex, follow, max-snippet:-1, max-image-preview:large, max-video-preview:-1\" \/>\n<meta property=\"og:locale\" content=\"de_DE\" \/>\n<meta property=\"og:type\" content=\"article\" \/>\n<meta property=\"og:title\" content=\"ALESSI 3909 Kessel - dev6 Erresse\" \/>\n<meta property=\"og:description\" content=\"Mit einer Mischung aus verschiedenen kulturellen Aspekten entf\u00fchrt der Design-Wasserkessel 3909 direkt nach Amerika. Das Ph\u00e4nomen des Basketballs und\" \/>\n<meta property=\"og:url\" content=\"https:\/\/dev6.erresse-shop.it\/de\/shop\/kuche\/wasserkocher\/alessi-3909-kessel\/\" \/>\n<meta property=\"og:site_name\" content=\"dev6 Erresse\" \/>\n<meta property=\"og:image\" content=\"https:\/\/interpim.erresse-shop.it\/Import\/Prodotti\/alessi-3909-bollitore.jpg\" \/><meta property=\"og:image\" content=\"https:\/\/interpim.erresse-shop.it\/Import\/Prodotti\/alessi-3909-bollitore.jpg\" \/>\n\t<meta property=\"og:image:width\" content=\"1024\" \/>\n\t<meta property=\"og:image:height\" content=\"1024\" \/>\n\t<meta property=\"og:image:type\" content=\"image\/jpeg\" \/>\n<meta name=\"twitter:card\" content=\"summary_large_image\" \/>\n<meta name=\"twitter:image\" content=\"https:\/\/interpim.erresse-shop.it\/Import\/Prodotti\/alessi-3909-bollitore.jpg\" \/>\n<script type=\"application\/ld+json\" class=\"yoast-schema-graph\">{\"@context\":\"https:\/\/schema.org\",\"@graph\":[{\"@type\":\"WebPage\",\"@id\":\"https:\/\/dev6.erresse-shop.it\/de\/shop\/kuche\/wasserkocher\/alessi-3909-kessel\/\",\"url\":\"https:\/\/dev6.erresse-shop.it\/de\/shop\/kuche\/wasserkocher\/alessi-3909-kessel\/\",\"name\":\"ALESSI 3909 Kessel - dev6 Erresse\",\"isPartOf\":{\"@id\":\"https:\/\/dev6.erresse-shop.it\/#website\"},\"primaryImageOfPage\":{\"@id\":\"https:\/\/dev6.erresse-shop.it\/de\/shop\/kuche\/wasserkocher\/alessi-3909-kessel\/#primaryimage\"},\"image\":{\"@id\":\"https:\/\/dev6.erresse-shop.it\/de\/shop\/kuche\/wasserkocher\/alessi-3909-kessel\/#primaryimage\"},\"thumbnailUrl\":\"https:\/\/i2.wp.com\/interpim.erresse-shop.it\/Import\/Prodotti\/alessi-3909-bollitore.jpg?ssl=1\",\"datePublished\":\"2026-04-12T11:34:09+00:00\",\"description\":\"Mit einer Mischung aus verschiedenen kulturellen Aspekten entf\u00fchrt der Design-Wasserkessel 3909 direkt nach Amerika. Das Ph\u00e4nomen des Basketballs und\",\"breadcrumb\":{\"@id\":\"https:\/\/dev6.erresse-shop.it\/de\/shop\/kuche\/wasserkocher\/alessi-3909-kessel\/#breadcrumb\"},\"inLanguage\":\"de\",\"potentialAction\":[{\"@type\":\"ReadAction\",\"target\":[\"https:\/\/dev6.erresse-shop.it\/de\/shop\/kuche\/wasserkocher\/alessi-3909-kessel\/\"]}]},{\"@type\":\"ImageObject\",\"inLanguage\":\"de\",\"@id\":\"https:\/\/dev6.erresse-shop.it\/de\/shop\/kuche\/wasserkocher\/alessi-3909-kessel\/#primaryimage\",\"url\":\"https:\/\/i2.wp.com\/interpim.erresse-shop.it\/Import\/Prodotti\/alessi-3909-bollitore.jpg?ssl=1\",\"contentUrl\":\"https:\/\/i2.wp.com\/interpim.erresse-shop.it\/Import\/Prodotti\/alessi-3909-bollitore.jpg?ssl=1\"},{\"@type\":\"BreadcrumbList\",\"@id\":\"https:\/\/dev6.erresse-shop.it\/de\/shop\/kuche\/wasserkocher\/alessi-3909-kessel\/#breadcrumb\",\"itemListElement\":[{\"@type\":\"ListItem\",\"position\":1,\"name\":\"Home\",\"item\":\"https:\/\/dev6.erresse-shop.it\/\"},{\"@type\":\"ListItem\",\"position\":2,\"name\":\"Shop\",\"item\":\"https:\/\/dev6.erresse-shop.it\/shop\/\"},{\"@type\":\"ListItem\",\"position\":3,\"name\":\"ALESSI 3909 Kessel\"}]},{\"@type\":\"WebSite\",\"@id\":\"https:\/\/dev6.erresse-shop.it\/#website\",\"url\":\"https:\/\/dev6.erresse-shop.it\/\",\"name\":\"Erresse Shop\",\"description\":\"\",\"publisher\":{\"@id\":\"https:\/\/dev6.erresse-shop.it\/#organization\"},\"potentialAction\":[{\"@type\":\"SearchAction\",\"target\":{\"@type\":\"EntryPoint\",\"urlTemplate\":\"https:\/\/dev6.erresse-shop.it\/?s={search_term_string}\"},\"query-input\":{\"@type\":\"PropertyValueSpecification\",\"valueRequired\":true,\"valueName\":\"search_term_string\"}}],\"inLanguage\":\"de\"},{\"@type\":\"Organization\",\"@id\":\"https:\/\/dev6.erresse-shop.it\/#organization\",\"name\":\"Erresse Shop\",\"url\":\"https:\/\/dev6.erresse-shop.it\/\",\"logo\":{\"@type\":\"ImageObject\",\"inLanguage\":\"de\",\"@id\":\"https:\/\/dev6.erresse-shop.it\/#\/schema\/logo\/image\/\",\"url\":\"https:\/\/dev6.erresse-shop.it\/wp-content\/uploads\/2025\/01\/LOGO-ERRESSE-CLASSICO.svg\",\"contentUrl\":\"https:\/\/dev6.erresse-shop.it\/wp-content\/uploads\/2025\/01\/LOGO-ERRESSE-CLASSICO.svg\",\"caption\":\"Erresse Shop\"},\"image\":{\"@id\":\"https:\/\/dev6.erresse-shop.it\/#\/schema\/logo\/image\/\"}}]}<\/script>\n<!-- \/ Yoast SEO plugin. -->","yoast_head_json":{"title":"ALESSI 3909 Kessel - dev6 Erresse","description":"Mit einer Mischung aus verschiedenen kulturellen Aspekten entf\u00fchrt der Design-Wasserkessel 3909 direkt nach Amerika. Das Ph\u00e4nomen des Basketballs und","robots":{"index":"noindex","follow":"follow","max-snippet":"max-snippet:-1","max-image-preview":"max-image-preview:large","max-video-preview":"max-video-preview:-1"},"og_locale":"de_DE","og_type":"article","og_title":"ALESSI 3909 Kessel - dev6 Erresse","og_description":"Mit einer Mischung aus verschiedenen kulturellen Aspekten entf\u00fchrt der Design-Wasserkessel 3909 direkt nach Amerika. Das Ph\u00e4nomen des Basketballs und","og_url":"https:\/\/dev6.erresse-shop.it\/de\/shop\/kuche\/wasserkocher\/alessi-3909-kessel\/","og_site_name":"dev6 Erresse","og_image":[{"url":"https:\/\/interpim.erresse-shop.it\/Import\/Prodotti\/alessi-3909-bollitore.jpg","type":"","width":"","height":""},{"url":"https:\/\/interpim.erresse-shop.it\/Import\/Prodotti\/alessi-3909-bollitore.jpg","width":1024,"height":1024,"type":"image\/jpeg"}],"twitter_card":"summary_large_image","twitter_image":"https:\/\/interpim.erresse-shop.it\/Import\/Prodotti\/alessi-3909-bollitore.jpg","schema":{"@context":"https:\/\/schema.org","@graph":[{"@type":"WebPage","@id":"https:\/\/dev6.erresse-shop.it\/de\/shop\/kuche\/wasserkocher\/alessi-3909-kessel\/","url":"https:\/\/dev6.erresse-shop.it\/de\/shop\/kuche\/wasserkocher\/alessi-3909-kessel\/","name":"ALESSI 3909 Kessel - dev6 Erresse","isPartOf":{"@id":"https:\/\/dev6.erresse-shop.it\/#website"},"primaryImageOfPage":{"@id":"https:\/\/dev6.erresse-shop.it\/de\/shop\/kuche\/wasserkocher\/alessi-3909-kessel\/#primaryimage"},"image":{"@id":"https:\/\/dev6.erresse-shop.it\/de\/shop\/kuche\/wasserkocher\/alessi-3909-kessel\/#primaryimage"},"thumbnailUrl":"https:\/\/i2.wp.com\/interpim.erresse-shop.it\/Import\/Prodotti\/alessi-3909-bollitore.jpg?ssl=1","datePublished":"2026-04-12T11:34:09+00:00","description":"Mit einer Mischung aus verschiedenen kulturellen Aspekten entf\u00fchrt der Design-Wasserkessel 3909 direkt nach Amerika. Das Ph\u00e4nomen des Basketballs und","breadcrumb":{"@id":"https:\/\/dev6.erresse-shop.it\/de\/shop\/kuche\/wasserkocher\/alessi-3909-kessel\/#breadcrumb"},"inLanguage":"de","potentialAction":[{"@type":"ReadAction","target":["https:\/\/dev6.erresse-shop.it\/de\/shop\/kuche\/wasserkocher\/alessi-3909-kessel\/"]}]},{"@type":"ImageObject","inLanguage":"de","@id":"https:\/\/dev6.erresse-shop.it\/de\/shop\/kuche\/wasserkocher\/alessi-3909-kessel\/#primaryimage","url":"https:\/\/i2.wp.com\/interpim.erresse-shop.it\/Import\/Prodotti\/alessi-3909-bollitore.jpg?ssl=1","contentUrl":"https:\/\/i2.wp.com\/interpim.erresse-shop.it\/Import\/Prodotti\/alessi-3909-bollitore.jpg?ssl=1"},{"@type":"BreadcrumbList","@id":"https:\/\/dev6.erresse-shop.it\/de\/shop\/kuche\/wasserkocher\/alessi-3909-kessel\/#breadcrumb","itemListElement":[{"@type":"ListItem","position":1,"name":"Home","item":"https:\/\/dev6.erresse-shop.it\/"},{"@type":"ListItem","position":2,"name":"Shop","item":"https:\/\/dev6.erresse-shop.it\/shop\/"},{"@type":"ListItem","position":3,"name":"ALESSI 3909 Kessel"}]},{"@type":"WebSite","@id":"https:\/\/dev6.erresse-shop.it\/#website","url":"https:\/\/dev6.erresse-shop.it\/","name":"Erresse Shop","description":"","publisher":{"@id":"https:\/\/dev6.erresse-shop.it\/#organization"},"potentialAction":[{"@type":"SearchAction","target":{"@type":"EntryPoint","urlTemplate":"https:\/\/dev6.erresse-shop.it\/?s={search_term_string}"},"query-input":{"@type":"PropertyValueSpecification","valueRequired":true,"valueName":"search_term_string"}}],"inLanguage":"de"},{"@type":"Organization","@id":"https:\/\/dev6.erresse-shop.it\/#organization","name":"Erresse Shop","url":"https:\/\/dev6.erresse-shop.it\/","logo":{"@type":"ImageObject","inLanguage":"de","@id":"https:\/\/dev6.erresse-shop.it\/#\/schema\/logo\/image\/","url":"https:\/\/dev6.erresse-shop.it\/wp-content\/uploads\/2025\/01\/LOGO-ERRESSE-CLASSICO.svg","contentUrl":"https:\/\/dev6.erresse-shop.it\/wp-content\/uploads\/2025\/01\/LOGO-ERRESSE-CLASSICO.svg","caption":"Erresse Shop"},"image":{"@id":"https:\/\/dev6.erresse-shop.it\/#\/schema\/logo\/image\/"}}]}},"df_price":126,"df_sale_price":126,"df_regular_price":190,"df_image_link":"https:\/\/i2.wp.com\/interpim.erresse-shop.it\/Import\/Prodotti\/alessi-3909-bollitore.jpg?resize=300,300&ssl=1","fifu_image_url":"https:\/\/interpim.erresse-shop.it\/Import\/Prodotti\/alessi-3909-bollitore.jpg","_links":{"self":[{"href":"https:\/\/dev6.erresse-shop.it\/de\/wp-json\/wp\/v2\/product\/1600832","targetHints":{"allow":["GET"]}}],"collection":[{"href":"https:\/\/dev6.erresse-shop.it\/de\/wp-json\/wp\/v2\/product"}],"about":[{"href":"https:\/\/dev6.erresse-shop.it\/de\/wp-json\/wp\/v2\/types\/product"}],"wp:featuredmedia":[{"embeddable":true,"href":"https:\/\/dev6.erresse-shop.it\/de\/wp-json\/wp\/v2\/media\/6377352"}],"wp:attachment":[{"href":"https:\/\/dev6.erresse-shop.it\/de\/wp-json\/wp\/v2\/media?parent=1600832"}],"wp:term":[{"taxonomy":"product_cat","embeddable":true,"href":"https:\/\/dev6.erresse-shop.it\/de\/wp-json\/wp\/v2\/product_cat?post=1600832"},{"taxonomy":"product_tag","embeddable":true,"href":"https:\/\/dev6.erresse-shop.it\/de\/wp-json\/wp\/v2\/product_tag?post=1600832"}],"curies":[{"name":"wp","href":"https:\/\/api.w.org\/{rel}","templated":true}]}}