{"id":1600810,"date":"2026-04-12T13:31:35","date_gmt":"2026-04-12T11:31:35","guid":{"rendered":"https:\/\/dev6.erresse-shop.it\/shop\/unkategorisiert\/alessi-la-cintura-di-orione-niedrige-kasserolle-28-cm-zwei-griffe\/"},"modified":"2026-01-21T20:14:55","modified_gmt":"2026-01-21T19:14:55","slug":"alessi-la-cintura-di-orione-niedrige-kasserolle-28-cm-zwei-griffe","status":"publish","type":"product","link":"https:\/\/dev6.erresse-shop.it\/de\/shop\/toepfe-pfannen\/toepfe-und-kochtoepfen\/alessi-la-cintura-di-orione-niedrige-kasserolle-28-cm-zwei-griffe\/","title":{"rendered":"ALESSI La Cintura di Orione Niedrige Kasserolle 28 cm Zwei Griffe"},"content":{"rendered":"<p>Die Kochgeschirrserie La Cintura di Orione ist f\u00fcr alle gedacht, die das Beste in der K\u00fcche suchen. Sie garantiert die professionellen Leistungen der besten K\u00f6che auch zu Hause. Die niedrige Kasserolle mit zwei Griffen besteht aus Trilamin, das eine hervorragende W\u00e4rmeleitung gew\u00e4hrleistet, und ist f\u00fcr alle Herdarten, einschlie\u00dflich Induktion, geeignet. Perfekt zum Schmoren und Garen.<\/p>\n<p>Niedrige Kasserolle mit zwei Griffen aus Trilaminia. Magnetischer Stahlboden, auch f\u00fcr Induktion geeignet.<\/p>\n<p>Eigenschaften:<\/p>\n<p>Fassungsverm\u00f6gen (cl): 370.00<br \/>\nH\u00f6he (cm): 7.00<br \/>\nL\u00e4nge (cm): 38.00<br \/>\nBreite (cm): 28.00<\/p>\n","protected":false},"excerpt":{"rendered":"<p>Die Kochgeschirrserie La Cintura di Orione ist f\u00fcr alle gedacht, die das Beste in der K\u00fcche suchen. Sie garantiert die professionellen Leistungen der besten K\u00f6che auch zu Hause. Die niedrige Kasserolle mit zwei Griffen besteht aus Trilamin, das eine hervorragende W\u00e4rmeleitung gew\u00e4hrleistet, und ist f\u00fcr alle Herdarten, einschlie\u00dflich Induktion, geeignet. Perfekt zum Schmoren und Garen. [&hellip;]<\/p>\n","protected":false},"featured_media":6377280,"template":"","meta":{"_acf_changed":false},"product_cat":[12100,12109,12099],"product_tag":[],"class_list":{"0":"post-1600810","1":"product","2":"type-product","3":"status-publish","4":"has-post-thumbnail","6":"product_cat-kuche","7":"product_cat-toepfe-und-kochtoepfen","8":"product_cat-toepfe-pfannen","10":"first","11":"instock","12":"sale","13":"taxable","14":"shipping-taxable","15":"purchasable","16":"product-type-simple","swatches":"rey-swatches","show_selected":"","stretch_labels":"rey-swatches--stretch-labels"},"acf":[],"yoast_head":"<!-- This site is optimized with the Yoast SEO plugin v25.4 - https:\/\/yoast.com\/wordpress\/plugins\/seo\/ -->\n<title>ALESSI La Cintura di Orione Niedrige Kasserolle 28 cm Zwei Griffe - dev6 Erresse<\/title>\n<meta name=\"description\" content=\"Die Kochgeschirrserie La Cintura di Orione ist f\u00fcr alle gedacht, die das Beste in der K\u00fcche suchen. Sie garantiert die professionellen Leistungen der\" \/>\n<meta name=\"robots\" content=\"noindex, follow, max-snippet:-1, max-image-preview:large, max-video-preview:-1\" \/>\n<meta property=\"og:locale\" content=\"de_DE\" \/>\n<meta property=\"og:type\" content=\"article\" \/>\n<meta property=\"og:title\" content=\"ALESSI La Cintura di Orione Niedrige Kasserolle 28 cm Zwei Griffe - dev6 Erresse\" \/>\n<meta property=\"og:description\" content=\"Die Kochgeschirrserie La Cintura di Orione ist f\u00fcr alle gedacht, die das Beste in der K\u00fcche suchen. Sie garantiert die professionellen Leistungen der\" \/>\n<meta property=\"og:url\" content=\"https:\/\/dev6.erresse-shop.it\/de\/shop\/toepfe-pfannen\/toepfe-und-kochtoepfen\/alessi-la-cintura-di-orione-niedrige-kasserolle-28-cm-zwei-griffe\/\" \/>\n<meta property=\"og:site_name\" content=\"dev6 Erresse\" \/>\n<meta property=\"og:image\" content=\"https:\/\/interpim.erresse-shop.it\/Import\/Prodotti\/alessi-la-cintura-di-orione-casseruola-bassa-28-cm-due-manici.jpg\" \/><meta property=\"og:image\" content=\"https:\/\/interpim.erresse-shop.it\/Import\/Prodotti\/alessi-la-cintura-di-orione-casseruola-bassa-28-cm-due-manici.jpg\" \/>\n\t<meta property=\"og:image:width\" content=\"1024\" \/>\n\t<meta property=\"og:image:height\" content=\"1024\" \/>\n\t<meta property=\"og:image:type\" content=\"image\/jpeg\" \/>\n<meta name=\"twitter:card\" content=\"summary_large_image\" \/>\n<meta name=\"twitter:image\" content=\"https:\/\/interpim.erresse-shop.it\/Import\/Prodotti\/alessi-la-cintura-di-orione-casseruola-bassa-28-cm-due-manici.jpg\" \/>\n<script type=\"application\/ld+json\" class=\"yoast-schema-graph\">{\"@context\":\"https:\/\/schema.org\",\"@graph\":[{\"@type\":\"WebPage\",\"@id\":\"https:\/\/dev6.erresse-shop.it\/de\/shop\/toepfe-pfannen\/toepfe-und-kochtoepfen\/alessi-la-cintura-di-orione-niedrige-kasserolle-28-cm-zwei-griffe\/\",\"url\":\"https:\/\/dev6.erresse-shop.it\/de\/shop\/toepfe-pfannen\/toepfe-und-kochtoepfen\/alessi-la-cintura-di-orione-niedrige-kasserolle-28-cm-zwei-griffe\/\",\"name\":\"ALESSI La Cintura di Orione Niedrige Kasserolle 28 cm Zwei Griffe - dev6 Erresse\",\"isPartOf\":{\"@id\":\"https:\/\/dev6.erresse-shop.it\/#website\"},\"primaryImageOfPage\":{\"@id\":\"https:\/\/dev6.erresse-shop.it\/de\/shop\/toepfe-pfannen\/toepfe-und-kochtoepfen\/alessi-la-cintura-di-orione-niedrige-kasserolle-28-cm-zwei-griffe\/#primaryimage\"},\"image\":{\"@id\":\"https:\/\/dev6.erresse-shop.it\/de\/shop\/toepfe-pfannen\/toepfe-und-kochtoepfen\/alessi-la-cintura-di-orione-niedrige-kasserolle-28-cm-zwei-griffe\/#primaryimage\"},\"thumbnailUrl\":\"https:\/\/i2.wp.com\/interpim.erresse-shop.it\/Import\/Prodotti\/alessi-la-cintura-di-orione-casseruola-bassa-28-cm-due-manici.jpg?ssl=1\",\"datePublished\":\"2026-04-12T11:31:35+00:00\",\"description\":\"Die Kochgeschirrserie La Cintura di Orione ist f\u00fcr alle gedacht, die das Beste in der K\u00fcche suchen. Sie garantiert die professionellen Leistungen der\",\"breadcrumb\":{\"@id\":\"https:\/\/dev6.erresse-shop.it\/de\/shop\/toepfe-pfannen\/toepfe-und-kochtoepfen\/alessi-la-cintura-di-orione-niedrige-kasserolle-28-cm-zwei-griffe\/#breadcrumb\"},\"inLanguage\":\"de\",\"potentialAction\":[{\"@type\":\"ReadAction\",\"target\":[\"https:\/\/dev6.erresse-shop.it\/de\/shop\/toepfe-pfannen\/toepfe-und-kochtoepfen\/alessi-la-cintura-di-orione-niedrige-kasserolle-28-cm-zwei-griffe\/\"]}]},{\"@type\":\"ImageObject\",\"inLanguage\":\"de\",\"@id\":\"https:\/\/dev6.erresse-shop.it\/de\/shop\/toepfe-pfannen\/toepfe-und-kochtoepfen\/alessi-la-cintura-di-orione-niedrige-kasserolle-28-cm-zwei-griffe\/#primaryimage\",\"url\":\"https:\/\/i2.wp.com\/interpim.erresse-shop.it\/Import\/Prodotti\/alessi-la-cintura-di-orione-casseruola-bassa-28-cm-due-manici.jpg?ssl=1\",\"contentUrl\":\"https:\/\/i2.wp.com\/interpim.erresse-shop.it\/Import\/Prodotti\/alessi-la-cintura-di-orione-casseruola-bassa-28-cm-due-manici.jpg?ssl=1\"},{\"@type\":\"BreadcrumbList\",\"@id\":\"https:\/\/dev6.erresse-shop.it\/de\/shop\/toepfe-pfannen\/toepfe-und-kochtoepfen\/alessi-la-cintura-di-orione-niedrige-kasserolle-28-cm-zwei-griffe\/#breadcrumb\",\"itemListElement\":[{\"@type\":\"ListItem\",\"position\":1,\"name\":\"Home\",\"item\":\"https:\/\/dev6.erresse-shop.it\/\"},{\"@type\":\"ListItem\",\"position\":2,\"name\":\"Shop\",\"item\":\"https:\/\/dev6.erresse-shop.it\/shop\/\"},{\"@type\":\"ListItem\",\"position\":3,\"name\":\"ALESSI La Cintura di Orione Niedrige Kasserolle 28 cm Zwei Griffe\"}]},{\"@type\":\"WebSite\",\"@id\":\"https:\/\/dev6.erresse-shop.it\/#website\",\"url\":\"https:\/\/dev6.erresse-shop.it\/\",\"name\":\"Erresse Shop\",\"description\":\"\",\"publisher\":{\"@id\":\"https:\/\/dev6.erresse-shop.it\/#organization\"},\"potentialAction\":[{\"@type\":\"SearchAction\",\"target\":{\"@type\":\"EntryPoint\",\"urlTemplate\":\"https:\/\/dev6.erresse-shop.it\/?s={search_term_string}\"},\"query-input\":{\"@type\":\"PropertyValueSpecification\",\"valueRequired\":true,\"valueName\":\"search_term_string\"}}],\"inLanguage\":\"de\"},{\"@type\":\"Organization\",\"@id\":\"https:\/\/dev6.erresse-shop.it\/#organization\",\"name\":\"Erresse Shop\",\"url\":\"https:\/\/dev6.erresse-shop.it\/\",\"logo\":{\"@type\":\"ImageObject\",\"inLanguage\":\"de\",\"@id\":\"https:\/\/dev6.erresse-shop.it\/#\/schema\/logo\/image\/\",\"url\":\"https:\/\/dev6.erresse-shop.it\/wp-content\/uploads\/2025\/01\/LOGO-ERRESSE-CLASSICO.svg\",\"contentUrl\":\"https:\/\/dev6.erresse-shop.it\/wp-content\/uploads\/2025\/01\/LOGO-ERRESSE-CLASSICO.svg\",\"caption\":\"Erresse Shop\"},\"image\":{\"@id\":\"https:\/\/dev6.erresse-shop.it\/#\/schema\/logo\/image\/\"}}]}<\/script>\n<!-- \/ Yoast SEO plugin. -->","yoast_head_json":{"title":"ALESSI La Cintura di Orione Niedrige Kasserolle 28 cm Zwei Griffe - dev6 Erresse","description":"Die Kochgeschirrserie La Cintura di Orione ist f\u00fcr alle gedacht, die das Beste in der K\u00fcche suchen. Sie garantiert die professionellen Leistungen der","robots":{"index":"noindex","follow":"follow","max-snippet":"max-snippet:-1","max-image-preview":"max-image-preview:large","max-video-preview":"max-video-preview:-1"},"og_locale":"de_DE","og_type":"article","og_title":"ALESSI La Cintura di Orione Niedrige Kasserolle 28 cm Zwei Griffe - dev6 Erresse","og_description":"Die Kochgeschirrserie La Cintura di Orione ist f\u00fcr alle gedacht, die das Beste in der K\u00fcche suchen. Sie garantiert die professionellen Leistungen der","og_url":"https:\/\/dev6.erresse-shop.it\/de\/shop\/toepfe-pfannen\/toepfe-und-kochtoepfen\/alessi-la-cintura-di-orione-niedrige-kasserolle-28-cm-zwei-griffe\/","og_site_name":"dev6 Erresse","og_image":[{"url":"https:\/\/interpim.erresse-shop.it\/Import\/Prodotti\/alessi-la-cintura-di-orione-casseruola-bassa-28-cm-due-manici.jpg","type":"","width":"","height":""},{"url":"https:\/\/interpim.erresse-shop.it\/Import\/Prodotti\/alessi-la-cintura-di-orione-casseruola-bassa-28-cm-due-manici.jpg","width":1024,"height":1024,"type":"image\/jpeg"}],"twitter_card":"summary_large_image","twitter_image":"https:\/\/interpim.erresse-shop.it\/Import\/Prodotti\/alessi-la-cintura-di-orione-casseruola-bassa-28-cm-due-manici.jpg","schema":{"@context":"https:\/\/schema.org","@graph":[{"@type":"WebPage","@id":"https:\/\/dev6.erresse-shop.it\/de\/shop\/toepfe-pfannen\/toepfe-und-kochtoepfen\/alessi-la-cintura-di-orione-niedrige-kasserolle-28-cm-zwei-griffe\/","url":"https:\/\/dev6.erresse-shop.it\/de\/shop\/toepfe-pfannen\/toepfe-und-kochtoepfen\/alessi-la-cintura-di-orione-niedrige-kasserolle-28-cm-zwei-griffe\/","name":"ALESSI La Cintura di Orione Niedrige Kasserolle 28 cm Zwei Griffe - dev6 Erresse","isPartOf":{"@id":"https:\/\/dev6.erresse-shop.it\/#website"},"primaryImageOfPage":{"@id":"https:\/\/dev6.erresse-shop.it\/de\/shop\/toepfe-pfannen\/toepfe-und-kochtoepfen\/alessi-la-cintura-di-orione-niedrige-kasserolle-28-cm-zwei-griffe\/#primaryimage"},"image":{"@id":"https:\/\/dev6.erresse-shop.it\/de\/shop\/toepfe-pfannen\/toepfe-und-kochtoepfen\/alessi-la-cintura-di-orione-niedrige-kasserolle-28-cm-zwei-griffe\/#primaryimage"},"thumbnailUrl":"https:\/\/i2.wp.com\/interpim.erresse-shop.it\/Import\/Prodotti\/alessi-la-cintura-di-orione-casseruola-bassa-28-cm-due-manici.jpg?ssl=1","datePublished":"2026-04-12T11:31:35+00:00","description":"Die Kochgeschirrserie La Cintura di Orione ist f\u00fcr alle gedacht, die das Beste in der K\u00fcche suchen. Sie garantiert die professionellen Leistungen der","breadcrumb":{"@id":"https:\/\/dev6.erresse-shop.it\/de\/shop\/toepfe-pfannen\/toepfe-und-kochtoepfen\/alessi-la-cintura-di-orione-niedrige-kasserolle-28-cm-zwei-griffe\/#breadcrumb"},"inLanguage":"de","potentialAction":[{"@type":"ReadAction","target":["https:\/\/dev6.erresse-shop.it\/de\/shop\/toepfe-pfannen\/toepfe-und-kochtoepfen\/alessi-la-cintura-di-orione-niedrige-kasserolle-28-cm-zwei-griffe\/"]}]},{"@type":"ImageObject","inLanguage":"de","@id":"https:\/\/dev6.erresse-shop.it\/de\/shop\/toepfe-pfannen\/toepfe-und-kochtoepfen\/alessi-la-cintura-di-orione-niedrige-kasserolle-28-cm-zwei-griffe\/#primaryimage","url":"https:\/\/i2.wp.com\/interpim.erresse-shop.it\/Import\/Prodotti\/alessi-la-cintura-di-orione-casseruola-bassa-28-cm-due-manici.jpg?ssl=1","contentUrl":"https:\/\/i2.wp.com\/interpim.erresse-shop.it\/Import\/Prodotti\/alessi-la-cintura-di-orione-casseruola-bassa-28-cm-due-manici.jpg?ssl=1"},{"@type":"BreadcrumbList","@id":"https:\/\/dev6.erresse-shop.it\/de\/shop\/toepfe-pfannen\/toepfe-und-kochtoepfen\/alessi-la-cintura-di-orione-niedrige-kasserolle-28-cm-zwei-griffe\/#breadcrumb","itemListElement":[{"@type":"ListItem","position":1,"name":"Home","item":"https:\/\/dev6.erresse-shop.it\/"},{"@type":"ListItem","position":2,"name":"Shop","item":"https:\/\/dev6.erresse-shop.it\/shop\/"},{"@type":"ListItem","position":3,"name":"ALESSI La Cintura di Orione Niedrige Kasserolle 28 cm Zwei Griffe"}]},{"@type":"WebSite","@id":"https:\/\/dev6.erresse-shop.it\/#website","url":"https:\/\/dev6.erresse-shop.it\/","name":"Erresse Shop","description":"","publisher":{"@id":"https:\/\/dev6.erresse-shop.it\/#organization"},"potentialAction":[{"@type":"SearchAction","target":{"@type":"EntryPoint","urlTemplate":"https:\/\/dev6.erresse-shop.it\/?s={search_term_string}"},"query-input":{"@type":"PropertyValueSpecification","valueRequired":true,"valueName":"search_term_string"}}],"inLanguage":"de"},{"@type":"Organization","@id":"https:\/\/dev6.erresse-shop.it\/#organization","name":"Erresse Shop","url":"https:\/\/dev6.erresse-shop.it\/","logo":{"@type":"ImageObject","inLanguage":"de","@id":"https:\/\/dev6.erresse-shop.it\/#\/schema\/logo\/image\/","url":"https:\/\/dev6.erresse-shop.it\/wp-content\/uploads\/2025\/01\/LOGO-ERRESSE-CLASSICO.svg","contentUrl":"https:\/\/dev6.erresse-shop.it\/wp-content\/uploads\/2025\/01\/LOGO-ERRESSE-CLASSICO.svg","caption":"Erresse Shop"},"image":{"@id":"https:\/\/dev6.erresse-shop.it\/#\/schema\/logo\/image\/"}}]}},"df_price":139,"df_sale_price":139,"df_regular_price":215,"df_image_link":"https:\/\/i2.wp.com\/interpim.erresse-shop.it\/Import\/Prodotti\/alessi-la-cintura-di-orione-casseruola-bassa-28-cm-due-manici.jpg?resize=300,300&ssl=1","fifu_image_url":"https:\/\/interpim.erresse-shop.it\/Import\/Prodotti\/alessi-la-cintura-di-orione-casseruola-bassa-28-cm-due-manici.jpg","_links":{"self":[{"href":"https:\/\/dev6.erresse-shop.it\/de\/wp-json\/wp\/v2\/product\/1600810","targetHints":{"allow":["GET"]}}],"collection":[{"href":"https:\/\/dev6.erresse-shop.it\/de\/wp-json\/wp\/v2\/product"}],"about":[{"href":"https:\/\/dev6.erresse-shop.it\/de\/wp-json\/wp\/v2\/types\/product"}],"wp:featuredmedia":[{"embeddable":true,"href":"https:\/\/dev6.erresse-shop.it\/de\/wp-json\/wp\/v2\/media\/6377280"}],"wp:attachment":[{"href":"https:\/\/dev6.erresse-shop.it\/de\/wp-json\/wp\/v2\/media?parent=1600810"}],"wp:term":[{"taxonomy":"product_cat","embeddable":true,"href":"https:\/\/dev6.erresse-shop.it\/de\/wp-json\/wp\/v2\/product_cat?post=1600810"},{"taxonomy":"product_tag","embeddable":true,"href":"https:\/\/dev6.erresse-shop.it\/de\/wp-json\/wp\/v2\/product_tag?post=1600810"}],"curies":[{"name":"wp","href":"https:\/\/api.w.org\/{rel}","templated":true}]}}