{"id":1600786,"date":"2026-04-12T13:31:35","date_gmt":"2026-04-12T11:31:35","guid":{"rendered":"https:\/\/dev6.erresse-shop.it\/shop\/unkategorisiert\/villeroy-boch-satz-mit-6-esstellern-toys-delight-special-23-cm\/"},"modified":"2026-03-01T16:22:47","modified_gmt":"2026-03-01T15:22:47","slug":"villeroy-boch-satz-mit-6-esstellern-toys-delight-special-23-cm","status":"publish","type":"product","link":"https:\/\/dev6.erresse-shop.it\/de\/shop\/tisch\/teller-geschirr\/villeroy-boch-satz-mit-6-esstellern-toys-delight-special-23-cm\/","title":{"rendered":"VILLEROY &#038; BOCH Satz mit 6 Esstellern Toy&#8217;s Delight Special 23 cm"},"content":{"rendered":"<p>SP\u00dcLMASCHINENGEEIGNET<br \/>\nMaterial: Hochwertiges Porzellan<\/p>\n<p>Liebevoll gestalteter Essteller mit Retro-Weihnachtsdekoration.<br \/>\nMit der Kollektion Toy\u2019s Delight bringen Sie nostalgische Weihnachtsstimmung in Ihr Zuhause. Das Porzellan ist mit h\u00fcbschen roten, gr\u00fcnen und wei\u00dfen Motiven verziert und weckt Kindheitserinnerungen. Mit seinem detailreichen Dekor verleiht der Essteller jeder Weihnachtstafel eine unvergessliche Note. Made in Germany: Dekorieren Sie Ihr Zuhause und Ihren Tisch stilvoll f\u00fcr die Feiertage f\u00fcr Jung und Alt.<\/p>\n","protected":false},"excerpt":{"rendered":"<p>SP\u00dcLMASCHINENGEEIGNET Material: Hochwertiges Porzellan Liebevoll gestalteter Essteller mit Retro-Weihnachtsdekoration. Mit der Kollektion Toy\u2019s Delight bringen Sie nostalgische Weihnachtsstimmung in Ihr Zuhause. Das Porzellan ist mit h\u00fcbschen roten, gr\u00fcnen und wei\u00dfen Motiven verziert und weckt Kindheitserinnerungen. Mit seinem detailreichen Dekor verleiht der Essteller jeder Weihnachtstafel eine unvergessliche Note. Made in Germany: Dekorieren Sie Ihr Zuhause und [&hellip;]<\/p>\n","protected":false},"featured_media":6377214,"template":"","meta":{"_acf_changed":false},"product_cat":[12122,12103],"product_tag":[],"class_list":{"0":"post-1600786","1":"product","2":"type-product","3":"status-publish","4":"has-post-thumbnail","6":"product_cat-teller-geschirr","7":"product_cat-tisch","9":"first","10":"instock","11":"sale","12":"taxable","13":"shipping-taxable","14":"purchasable","15":"product-type-simple","swatches":"rey-swatches","show_selected":"","stretch_labels":"rey-swatches--stretch-labels"},"acf":[],"yoast_head":"<!-- This site is optimized with the Yoast SEO plugin v25.4 - https:\/\/yoast.com\/wordpress\/plugins\/seo\/ -->\n<title>VILLEROY &#038; BOCH Satz mit 6 Esstellern Toy&#8217;s Delight Special 23 cm - dev6 Erresse<\/title>\n<meta name=\"description\" content=\"SP\u00dcLMASCHINENGEEIGNET Material: Hochwertiges Porzellan Liebevoll gestalteter Essteller mit Retro-Weihnachtsdekoration. Mit der Kollektion Toy\u2019s Delight\" \/>\n<meta name=\"robots\" content=\"noindex, follow, max-snippet:-1, max-image-preview:large, max-video-preview:-1\" \/>\n<meta property=\"og:locale\" content=\"de_DE\" \/>\n<meta property=\"og:type\" content=\"article\" \/>\n<meta property=\"og:title\" content=\"VILLEROY &#038; BOCH Satz mit 6 Esstellern Toy&#8217;s Delight Special 23 cm - dev6 Erresse\" \/>\n<meta property=\"og:description\" content=\"SP\u00dcLMASCHINENGEEIGNET Material: Hochwertiges Porzellan Liebevoll gestalteter Essteller mit Retro-Weihnachtsdekoration. Mit der Kollektion Toy\u2019s Delight\" \/>\n<meta property=\"og:url\" content=\"https:\/\/dev6.erresse-shop.it\/de\/shop\/tisch\/teller-geschirr\/villeroy-boch-satz-mit-6-esstellern-toys-delight-special-23-cm\/\" \/>\n<meta property=\"og:site_name\" content=\"dev6 Erresse\" \/>\n<meta property=\"og:image\" content=\"https:\/\/interpim.erresse-shop.it\/Import\/Prodotti\/villeroy-boch-set-6-piatti-fondi-toys-delight-23-cm.jpg\" \/><meta property=\"og:image\" content=\"https:\/\/interpim.erresse-shop.it\/Import\/Prodotti\/villeroy-boch-set-6-piatti-fondi-toys-delight-23-cm.jpg\" \/>\n\t<meta property=\"og:image:width\" content=\"1024\" \/>\n\t<meta property=\"og:image:height\" content=\"1024\" \/>\n\t<meta property=\"og:image:type\" content=\"image\/jpeg\" \/>\n<meta name=\"twitter:card\" content=\"summary_large_image\" \/>\n<meta name=\"twitter:image\" content=\"https:\/\/interpim.erresse-shop.it\/Import\/Prodotti\/villeroy-boch-set-6-piatti-fondi-toys-delight-23-cm.jpg\" \/>\n<script type=\"application\/ld+json\" class=\"yoast-schema-graph\">{\"@context\":\"https:\/\/schema.org\",\"@graph\":[{\"@type\":\"WebPage\",\"@id\":\"https:\/\/dev6.erresse-shop.it\/de\/shop\/tisch\/teller-geschirr\/villeroy-boch-satz-mit-6-esstellern-toys-delight-special-23-cm\/\",\"url\":\"https:\/\/dev6.erresse-shop.it\/de\/shop\/tisch\/teller-geschirr\/villeroy-boch-satz-mit-6-esstellern-toys-delight-special-23-cm\/\",\"name\":\"VILLEROY &#038; BOCH Satz mit 6 Esstellern Toy&#8217;s Delight Special 23 cm - dev6 Erresse\",\"isPartOf\":{\"@id\":\"https:\/\/dev6.erresse-shop.it\/#website\"},\"primaryImageOfPage\":{\"@id\":\"https:\/\/dev6.erresse-shop.it\/de\/shop\/tisch\/teller-geschirr\/villeroy-boch-satz-mit-6-esstellern-toys-delight-special-23-cm\/#primaryimage\"},\"image\":{\"@id\":\"https:\/\/dev6.erresse-shop.it\/de\/shop\/tisch\/teller-geschirr\/villeroy-boch-satz-mit-6-esstellern-toys-delight-special-23-cm\/#primaryimage\"},\"thumbnailUrl\":\"https:\/\/i0.wp.com\/interpim.erresse-shop.it\/Import\/Prodotti\/villeroy-boch-set-6-piatti-fondi-toys-delight-23-cm.jpg?ssl=1\",\"datePublished\":\"2026-04-12T11:31:35+00:00\",\"description\":\"SP\u00dcLMASCHINENGEEIGNET Material: Hochwertiges Porzellan Liebevoll gestalteter Essteller mit Retro-Weihnachtsdekoration. Mit der Kollektion Toy\u2019s Delight\",\"breadcrumb\":{\"@id\":\"https:\/\/dev6.erresse-shop.it\/de\/shop\/tisch\/teller-geschirr\/villeroy-boch-satz-mit-6-esstellern-toys-delight-special-23-cm\/#breadcrumb\"},\"inLanguage\":\"de\",\"potentialAction\":[{\"@type\":\"ReadAction\",\"target\":[\"https:\/\/dev6.erresse-shop.it\/de\/shop\/tisch\/teller-geschirr\/villeroy-boch-satz-mit-6-esstellern-toys-delight-special-23-cm\/\"]}]},{\"@type\":\"ImageObject\",\"inLanguage\":\"de\",\"@id\":\"https:\/\/dev6.erresse-shop.it\/de\/shop\/tisch\/teller-geschirr\/villeroy-boch-satz-mit-6-esstellern-toys-delight-special-23-cm\/#primaryimage\",\"url\":\"https:\/\/i0.wp.com\/interpim.erresse-shop.it\/Import\/Prodotti\/villeroy-boch-set-6-piatti-fondi-toys-delight-23-cm.jpg?ssl=1\",\"contentUrl\":\"https:\/\/i0.wp.com\/interpim.erresse-shop.it\/Import\/Prodotti\/villeroy-boch-set-6-piatti-fondi-toys-delight-23-cm.jpg?ssl=1\"},{\"@type\":\"BreadcrumbList\",\"@id\":\"https:\/\/dev6.erresse-shop.it\/de\/shop\/tisch\/teller-geschirr\/villeroy-boch-satz-mit-6-esstellern-toys-delight-special-23-cm\/#breadcrumb\",\"itemListElement\":[{\"@type\":\"ListItem\",\"position\":1,\"name\":\"Home\",\"item\":\"https:\/\/dev6.erresse-shop.it\/\"},{\"@type\":\"ListItem\",\"position\":2,\"name\":\"Shop\",\"item\":\"https:\/\/dev6.erresse-shop.it\/shop\/\"},{\"@type\":\"ListItem\",\"position\":3,\"name\":\"VILLEROY &#038; BOCH Satz mit 6 Esstellern Toy&#8217;s Delight Special 23 cm\"}]},{\"@type\":\"WebSite\",\"@id\":\"https:\/\/dev6.erresse-shop.it\/#website\",\"url\":\"https:\/\/dev6.erresse-shop.it\/\",\"name\":\"Erresse Shop\",\"description\":\"\",\"publisher\":{\"@id\":\"https:\/\/dev6.erresse-shop.it\/#organization\"},\"potentialAction\":[{\"@type\":\"SearchAction\",\"target\":{\"@type\":\"EntryPoint\",\"urlTemplate\":\"https:\/\/dev6.erresse-shop.it\/?s={search_term_string}\"},\"query-input\":{\"@type\":\"PropertyValueSpecification\",\"valueRequired\":true,\"valueName\":\"search_term_string\"}}],\"inLanguage\":\"de\"},{\"@type\":\"Organization\",\"@id\":\"https:\/\/dev6.erresse-shop.it\/#organization\",\"name\":\"Erresse Shop\",\"url\":\"https:\/\/dev6.erresse-shop.it\/\",\"logo\":{\"@type\":\"ImageObject\",\"inLanguage\":\"de\",\"@id\":\"https:\/\/dev6.erresse-shop.it\/#\/schema\/logo\/image\/\",\"url\":\"https:\/\/dev6.erresse-shop.it\/wp-content\/uploads\/2025\/01\/LOGO-ERRESSE-CLASSICO.svg\",\"contentUrl\":\"https:\/\/dev6.erresse-shop.it\/wp-content\/uploads\/2025\/01\/LOGO-ERRESSE-CLASSICO.svg\",\"caption\":\"Erresse Shop\"},\"image\":{\"@id\":\"https:\/\/dev6.erresse-shop.it\/#\/schema\/logo\/image\/\"}}]}<\/script>\n<!-- \/ Yoast SEO plugin. -->","yoast_head_json":{"title":"VILLEROY &#038; BOCH Satz mit 6 Esstellern Toy&#8217;s Delight Special 23 cm - dev6 Erresse","description":"SP\u00dcLMASCHINENGEEIGNET Material: Hochwertiges Porzellan Liebevoll gestalteter Essteller mit Retro-Weihnachtsdekoration. Mit der Kollektion Toy\u2019s Delight","robots":{"index":"noindex","follow":"follow","max-snippet":"max-snippet:-1","max-image-preview":"max-image-preview:large","max-video-preview":"max-video-preview:-1"},"og_locale":"de_DE","og_type":"article","og_title":"VILLEROY &#038; BOCH Satz mit 6 Esstellern Toy&#8217;s Delight Special 23 cm - dev6 Erresse","og_description":"SP\u00dcLMASCHINENGEEIGNET Material: Hochwertiges Porzellan Liebevoll gestalteter Essteller mit Retro-Weihnachtsdekoration. Mit der Kollektion Toy\u2019s Delight","og_url":"https:\/\/dev6.erresse-shop.it\/de\/shop\/tisch\/teller-geschirr\/villeroy-boch-satz-mit-6-esstellern-toys-delight-special-23-cm\/","og_site_name":"dev6 Erresse","og_image":[{"url":"https:\/\/interpim.erresse-shop.it\/Import\/Prodotti\/villeroy-boch-set-6-piatti-fondi-toys-delight-23-cm.jpg","type":"","width":"","height":""},{"url":"https:\/\/interpim.erresse-shop.it\/Import\/Prodotti\/villeroy-boch-set-6-piatti-fondi-toys-delight-23-cm.jpg","width":1024,"height":1024,"type":"image\/jpeg"}],"twitter_card":"summary_large_image","twitter_image":"https:\/\/interpim.erresse-shop.it\/Import\/Prodotti\/villeroy-boch-set-6-piatti-fondi-toys-delight-23-cm.jpg","schema":{"@context":"https:\/\/schema.org","@graph":[{"@type":"WebPage","@id":"https:\/\/dev6.erresse-shop.it\/de\/shop\/tisch\/teller-geschirr\/villeroy-boch-satz-mit-6-esstellern-toys-delight-special-23-cm\/","url":"https:\/\/dev6.erresse-shop.it\/de\/shop\/tisch\/teller-geschirr\/villeroy-boch-satz-mit-6-esstellern-toys-delight-special-23-cm\/","name":"VILLEROY &#038; BOCH Satz mit 6 Esstellern Toy&#8217;s Delight Special 23 cm - dev6 Erresse","isPartOf":{"@id":"https:\/\/dev6.erresse-shop.it\/#website"},"primaryImageOfPage":{"@id":"https:\/\/dev6.erresse-shop.it\/de\/shop\/tisch\/teller-geschirr\/villeroy-boch-satz-mit-6-esstellern-toys-delight-special-23-cm\/#primaryimage"},"image":{"@id":"https:\/\/dev6.erresse-shop.it\/de\/shop\/tisch\/teller-geschirr\/villeroy-boch-satz-mit-6-esstellern-toys-delight-special-23-cm\/#primaryimage"},"thumbnailUrl":"https:\/\/i0.wp.com\/interpim.erresse-shop.it\/Import\/Prodotti\/villeroy-boch-set-6-piatti-fondi-toys-delight-23-cm.jpg?ssl=1","datePublished":"2026-04-12T11:31:35+00:00","description":"SP\u00dcLMASCHINENGEEIGNET Material: Hochwertiges Porzellan Liebevoll gestalteter Essteller mit Retro-Weihnachtsdekoration. Mit der Kollektion Toy\u2019s Delight","breadcrumb":{"@id":"https:\/\/dev6.erresse-shop.it\/de\/shop\/tisch\/teller-geschirr\/villeroy-boch-satz-mit-6-esstellern-toys-delight-special-23-cm\/#breadcrumb"},"inLanguage":"de","potentialAction":[{"@type":"ReadAction","target":["https:\/\/dev6.erresse-shop.it\/de\/shop\/tisch\/teller-geschirr\/villeroy-boch-satz-mit-6-esstellern-toys-delight-special-23-cm\/"]}]},{"@type":"ImageObject","inLanguage":"de","@id":"https:\/\/dev6.erresse-shop.it\/de\/shop\/tisch\/teller-geschirr\/villeroy-boch-satz-mit-6-esstellern-toys-delight-special-23-cm\/#primaryimage","url":"https:\/\/i0.wp.com\/interpim.erresse-shop.it\/Import\/Prodotti\/villeroy-boch-set-6-piatti-fondi-toys-delight-23-cm.jpg?ssl=1","contentUrl":"https:\/\/i0.wp.com\/interpim.erresse-shop.it\/Import\/Prodotti\/villeroy-boch-set-6-piatti-fondi-toys-delight-23-cm.jpg?ssl=1"},{"@type":"BreadcrumbList","@id":"https:\/\/dev6.erresse-shop.it\/de\/shop\/tisch\/teller-geschirr\/villeroy-boch-satz-mit-6-esstellern-toys-delight-special-23-cm\/#breadcrumb","itemListElement":[{"@type":"ListItem","position":1,"name":"Home","item":"https:\/\/dev6.erresse-shop.it\/"},{"@type":"ListItem","position":2,"name":"Shop","item":"https:\/\/dev6.erresse-shop.it\/shop\/"},{"@type":"ListItem","position":3,"name":"VILLEROY &#038; BOCH Satz mit 6 Esstellern Toy&#8217;s Delight Special 23 cm"}]},{"@type":"WebSite","@id":"https:\/\/dev6.erresse-shop.it\/#website","url":"https:\/\/dev6.erresse-shop.it\/","name":"Erresse Shop","description":"","publisher":{"@id":"https:\/\/dev6.erresse-shop.it\/#organization"},"potentialAction":[{"@type":"SearchAction","target":{"@type":"EntryPoint","urlTemplate":"https:\/\/dev6.erresse-shop.it\/?s={search_term_string}"},"query-input":{"@type":"PropertyValueSpecification","valueRequired":true,"valueName":"search_term_string"}}],"inLanguage":"de"},{"@type":"Organization","@id":"https:\/\/dev6.erresse-shop.it\/#organization","name":"Erresse Shop","url":"https:\/\/dev6.erresse-shop.it\/","logo":{"@type":"ImageObject","inLanguage":"de","@id":"https:\/\/dev6.erresse-shop.it\/#\/schema\/logo\/image\/","url":"https:\/\/dev6.erresse-shop.it\/wp-content\/uploads\/2025\/01\/LOGO-ERRESSE-CLASSICO.svg","contentUrl":"https:\/\/dev6.erresse-shop.it\/wp-content\/uploads\/2025\/01\/LOGO-ERRESSE-CLASSICO.svg","caption":"Erresse Shop"},"image":{"@id":"https:\/\/dev6.erresse-shop.it\/#\/schema\/logo\/image\/"}}]}},"df_price":109,"df_sale_price":109,"df_regular_price":149.4,"df_image_link":"https:\/\/i0.wp.com\/interpim.erresse-shop.it\/Import\/Prodotti\/villeroy-boch-set-6-piatti-fondi-toys-delight-23-cm.jpg?resize=300,300&ssl=1","fifu_image_url":"https:\/\/interpim.erresse-shop.it\/Import\/Prodotti\/villeroy-boch-set-6-piatti-fondi-toys-delight-23-cm.jpg","_links":{"self":[{"href":"https:\/\/dev6.erresse-shop.it\/de\/wp-json\/wp\/v2\/product\/1600786","targetHints":{"allow":["GET"]}}],"collection":[{"href":"https:\/\/dev6.erresse-shop.it\/de\/wp-json\/wp\/v2\/product"}],"about":[{"href":"https:\/\/dev6.erresse-shop.it\/de\/wp-json\/wp\/v2\/types\/product"}],"wp:featuredmedia":[{"embeddable":true,"href":"https:\/\/dev6.erresse-shop.it\/de\/wp-json\/wp\/v2\/media\/6377214"}],"wp:attachment":[{"href":"https:\/\/dev6.erresse-shop.it\/de\/wp-json\/wp\/v2\/media?parent=1600786"}],"wp:term":[{"taxonomy":"product_cat","embeddable":true,"href":"https:\/\/dev6.erresse-shop.it\/de\/wp-json\/wp\/v2\/product_cat?post=1600786"},{"taxonomy":"product_tag","embeddable":true,"href":"https:\/\/dev6.erresse-shop.it\/de\/wp-json\/wp\/v2\/product_tag?post=1600786"}],"curies":[{"name":"wp","href":"https:\/\/api.w.org\/{rel}","templated":true}]}}