{"id":1600766,"date":"2026-04-12T13:29:02","date_gmt":"2026-04-12T11:29:02","guid":{"rendered":"https:\/\/dev6.erresse-shop.it\/shop\/unkategorisiert\/staub-cocotte-rund-26-cm-eukalyptus\/"},"modified":"2025-09-14T03:10:01","modified_gmt":"2025-09-14T01:10:01","slug":"staub-cocotte-rund-26-cm-eukalyptus","status":"publish","type":"product","link":"https:\/\/dev6.erresse-shop.it\/de\/shop\/toepfe-pfannen\/schalldaempfer-und-kokotten\/staub-cocotte-rund-26-cm-eukalyptus\/","title":{"rendered":"STAUB Cocotte Rund 26 cm Eukalyptus"},"content":{"rendered":"<p>Der Eukalyptus-Br\u00e4ter aus der Serie La Cocotte von Staub, einer Marke, die f\u00fcr ihre hochwertigen Gusseisen-Br\u00e4ter bekannt ist, bringt Fr\u00f6hlichkeit in die K\u00fcche. Es ist mit allen herk\u00f6mmlichen Kochfeldern, einschlie\u00dflich Induktion, kompatibel und kann auch im Ofen verwendet werden. Mit einem Durchmesser von 26 cm und einem Fassungsverm\u00f6gen von 5,2 Litern ist er optimal zum Kochen f\u00fcr mehrere Personen oder f\u00fcr die ganze Familie geeignet. Das schlichte Design unterstreicht die Funktionalit\u00e4t. Der Deckel verf\u00fcgt \u00fcber eine spezielle Tropfstruktur, die das Kondenswasser w\u00e4hrend des Kochens gleichm\u00e4\u00dfig \u00fcber das Essen verteilt, sodass das Fleisch zart und das Gem\u00fcse saftig bleibt. Die seitlichen Griffe und der Knopf aus Gusseisen erleichtern das Bewegen, w\u00e4hrend die Emaille-Beschichtung f\u00fcr eine hervorragende W\u00e4rmeverteilung sorgt. So k\u00f6nnen Sie m\u00fchelos delikate und gesunde Gerichte zubereiten und die Reinigung ist einfach. Gusseisen gew\u00e4hrleistet effektives Schmoren und ist ideal f\u00fcr Gerichte wie Ratatouille und H\u00fchnchen in Wein, wobei die einzigartigen Eigenschaften des Materials ausgenutzt werden.<\/p>\n<p>Ideal zum Anbraten und langsamen Garen von Fleisch, Fisch oder Gem\u00fcse<br \/>\nF\u00fcr ein saftiges und zartes Garergebnis dank Deckel<br \/>\nDie mattschwarze Innenemaillierung eignet sich optimal f\u00fcr eine besonders knusprige Br\u00e4unung und ist sehr widerstandsf\u00e4hig<br \/>\nF\u00fcr alle Herdarten geeignet, auch Induktion, auch f\u00fcr den Backofen\/Grill geeignet<\/p>\n<p>Eigenschaften<\/p>\n<p>Hitzebest\u00e4ndigkeit: 240\u00baC<br \/>\nK\u00e4ltebest\u00e4ndigkeit: -20\u00baC<br \/>\nMaterial: Gusseisen<br \/>\nInnenbeschichtung: Emaille<br \/>\nInduktion: Ja<br \/>\nBackofenfest: Ja<br \/>\nGefrierschrankgeeignet: Ja<br \/>\nHerdplattensicher: Ja<br \/>\nSp\u00fclmaschinenfest: Ja<\/p>\n<p>Gr\u00f6\u00dfe<\/p>\n<p>Nettogewicht:5,70 kg<br \/>\nFassungsverm\u00f6gen:5,25 l<br \/>\nProduktl\u00e4nge:32,70 cm<br \/>\nProduktbreite:26,00 cm<br \/>\nProdukth\u00f6he:16,70 cm<br \/>\nH\u00f6he ohne Deckel:11,80 cm<br \/>\nOberer Durchmesser:26,00 cm<br \/>\nBodendurchmesser:21,70 cm<br \/>\nGriffl\u00e4nge:3,50 cm<\/p>\n","protected":false},"excerpt":{"rendered":"<p>Der Eukalyptus-Br\u00e4ter aus der Serie La Cocotte von Staub, einer Marke, die f\u00fcr ihre hochwertigen Gusseisen-Br\u00e4ter bekannt ist, bringt Fr\u00f6hlichkeit in die K\u00fcche. Es ist mit allen herk\u00f6mmlichen Kochfeldern, einschlie\u00dflich Induktion, kompatibel und kann auch im Ofen verwendet werden. Mit einem Durchmesser von 26 cm und einem Fassungsverm\u00f6gen von 5,2 Litern ist er optimal zum [&hellip;]<\/p>\n","protected":false},"featured_media":6377130,"template":"","meta":{"_acf_changed":false},"product_cat":[12108,12099],"product_tag":[],"class_list":{"0":"post-1600766","1":"product","2":"type-product","3":"status-publish","4":"has-post-thumbnail","6":"product_cat-schalldaempfer-und-kokotten","7":"product_cat-toepfe-pfannen","9":"first","10":"instock","11":"sale","12":"taxable","13":"shipping-taxable","14":"purchasable","15":"product-type-simple","swatches":"rey-swatches","show_selected":"","stretch_labels":"rey-swatches--stretch-labels"},"acf":[],"yoast_head":"<!-- This site is optimized with the Yoast SEO plugin v25.4 - https:\/\/yoast.com\/wordpress\/plugins\/seo\/ -->\n<title>STAUB Cocotte Rund 26 cm Eukalyptus - dev6 Erresse<\/title>\n<meta name=\"description\" content=\"Der Eukalyptus-Br\u00e4ter aus der Serie La Cocotte von Staub, einer Marke, die f\u00fcr ihre hochwertigen Gusseisen-Br\u00e4ter bekannt ist, bringt Fr\u00f6hlichkeit in die\" \/>\n<meta name=\"robots\" content=\"noindex, follow, max-snippet:-1, max-image-preview:large, max-video-preview:-1\" \/>\n<meta property=\"og:locale\" content=\"de_DE\" \/>\n<meta property=\"og:type\" content=\"article\" \/>\n<meta property=\"og:title\" content=\"STAUB Cocotte Rund 26 cm Eukalyptus - dev6 Erresse\" \/>\n<meta property=\"og:description\" content=\"Der Eukalyptus-Br\u00e4ter aus der Serie La Cocotte von Staub, einer Marke, die f\u00fcr ihre hochwertigen Gusseisen-Br\u00e4ter bekannt ist, bringt Fr\u00f6hlichkeit in die\" \/>\n<meta property=\"og:url\" content=\"https:\/\/dev6.erresse-shop.it\/de\/shop\/toepfe-pfannen\/schalldaempfer-und-kokotten\/staub-cocotte-rund-26-cm-eukalyptus\/\" \/>\n<meta property=\"og:site_name\" content=\"dev6 Erresse\" \/>\n<meta property=\"og:image\" content=\"https:\/\/interpim.erresse-shop.it\/Import\/Prodotti\/staub-cocotte-tonda-26-cm-eucalipto.jpg\" \/><meta property=\"og:image\" content=\"https:\/\/interpim.erresse-shop.it\/Import\/Prodotti\/staub-cocotte-tonda-26-cm-eucalipto.jpg\" \/>\n\t<meta property=\"og:image:width\" content=\"1024\" \/>\n\t<meta property=\"og:image:height\" content=\"1024\" \/>\n\t<meta property=\"og:image:type\" content=\"image\/jpeg\" \/>\n<meta name=\"twitter:card\" content=\"summary_large_image\" \/>\n<meta name=\"twitter:image\" content=\"https:\/\/interpim.erresse-shop.it\/Import\/Prodotti\/staub-cocotte-tonda-26-cm-eucalipto.jpg\" \/>\n<script type=\"application\/ld+json\" class=\"yoast-schema-graph\">{\"@context\":\"https:\/\/schema.org\",\"@graph\":[{\"@type\":\"WebPage\",\"@id\":\"https:\/\/dev6.erresse-shop.it\/de\/shop\/toepfe-pfannen\/schalldaempfer-und-kokotten\/staub-cocotte-rund-26-cm-eukalyptus\/\",\"url\":\"https:\/\/dev6.erresse-shop.it\/de\/shop\/toepfe-pfannen\/schalldaempfer-und-kokotten\/staub-cocotte-rund-26-cm-eukalyptus\/\",\"name\":\"STAUB Cocotte Rund 26 cm Eukalyptus - dev6 Erresse\",\"isPartOf\":{\"@id\":\"https:\/\/dev6.erresse-shop.it\/#website\"},\"primaryImageOfPage\":{\"@id\":\"https:\/\/dev6.erresse-shop.it\/de\/shop\/toepfe-pfannen\/schalldaempfer-und-kokotten\/staub-cocotte-rund-26-cm-eukalyptus\/#primaryimage\"},\"image\":{\"@id\":\"https:\/\/dev6.erresse-shop.it\/de\/shop\/toepfe-pfannen\/schalldaempfer-und-kokotten\/staub-cocotte-rund-26-cm-eukalyptus\/#primaryimage\"},\"thumbnailUrl\":\"https:\/\/i0.wp.com\/interpim.erresse-shop.it\/Import\/Prodotti\/staub-cocotte-tonda-26-cm-eucalipto.jpg?ssl=1\",\"datePublished\":\"2026-04-12T11:29:02+00:00\",\"description\":\"Der Eukalyptus-Br\u00e4ter aus der Serie La Cocotte von Staub, einer Marke, die f\u00fcr ihre hochwertigen Gusseisen-Br\u00e4ter bekannt ist, bringt Fr\u00f6hlichkeit in die\",\"breadcrumb\":{\"@id\":\"https:\/\/dev6.erresse-shop.it\/de\/shop\/toepfe-pfannen\/schalldaempfer-und-kokotten\/staub-cocotte-rund-26-cm-eukalyptus\/#breadcrumb\"},\"inLanguage\":\"de\",\"potentialAction\":[{\"@type\":\"ReadAction\",\"target\":[\"https:\/\/dev6.erresse-shop.it\/de\/shop\/toepfe-pfannen\/schalldaempfer-und-kokotten\/staub-cocotte-rund-26-cm-eukalyptus\/\"]}]},{\"@type\":\"ImageObject\",\"inLanguage\":\"de\",\"@id\":\"https:\/\/dev6.erresse-shop.it\/de\/shop\/toepfe-pfannen\/schalldaempfer-und-kokotten\/staub-cocotte-rund-26-cm-eukalyptus\/#primaryimage\",\"url\":\"https:\/\/i0.wp.com\/interpim.erresse-shop.it\/Import\/Prodotti\/staub-cocotte-tonda-26-cm-eucalipto.jpg?ssl=1\",\"contentUrl\":\"https:\/\/i0.wp.com\/interpim.erresse-shop.it\/Import\/Prodotti\/staub-cocotte-tonda-26-cm-eucalipto.jpg?ssl=1\"},{\"@type\":\"BreadcrumbList\",\"@id\":\"https:\/\/dev6.erresse-shop.it\/de\/shop\/toepfe-pfannen\/schalldaempfer-und-kokotten\/staub-cocotte-rund-26-cm-eukalyptus\/#breadcrumb\",\"itemListElement\":[{\"@type\":\"ListItem\",\"position\":1,\"name\":\"Home\",\"item\":\"https:\/\/dev6.erresse-shop.it\/\"},{\"@type\":\"ListItem\",\"position\":2,\"name\":\"Shop\",\"item\":\"https:\/\/dev6.erresse-shop.it\/shop\/\"},{\"@type\":\"ListItem\",\"position\":3,\"name\":\"STAUB Cocotte Rund 26 cm Eukalyptus\"}]},{\"@type\":\"WebSite\",\"@id\":\"https:\/\/dev6.erresse-shop.it\/#website\",\"url\":\"https:\/\/dev6.erresse-shop.it\/\",\"name\":\"Erresse Shop\",\"description\":\"\",\"publisher\":{\"@id\":\"https:\/\/dev6.erresse-shop.it\/#organization\"},\"potentialAction\":[{\"@type\":\"SearchAction\",\"target\":{\"@type\":\"EntryPoint\",\"urlTemplate\":\"https:\/\/dev6.erresse-shop.it\/?s={search_term_string}\"},\"query-input\":{\"@type\":\"PropertyValueSpecification\",\"valueRequired\":true,\"valueName\":\"search_term_string\"}}],\"inLanguage\":\"de\"},{\"@type\":\"Organization\",\"@id\":\"https:\/\/dev6.erresse-shop.it\/#organization\",\"name\":\"Erresse Shop\",\"url\":\"https:\/\/dev6.erresse-shop.it\/\",\"logo\":{\"@type\":\"ImageObject\",\"inLanguage\":\"de\",\"@id\":\"https:\/\/dev6.erresse-shop.it\/#\/schema\/logo\/image\/\",\"url\":\"https:\/\/dev6.erresse-shop.it\/wp-content\/uploads\/2025\/01\/LOGO-ERRESSE-CLASSICO.svg\",\"contentUrl\":\"https:\/\/dev6.erresse-shop.it\/wp-content\/uploads\/2025\/01\/LOGO-ERRESSE-CLASSICO.svg\",\"caption\":\"Erresse Shop\"},\"image\":{\"@id\":\"https:\/\/dev6.erresse-shop.it\/#\/schema\/logo\/image\/\"}}]}<\/script>\n<!-- \/ Yoast SEO plugin. -->","yoast_head_json":{"title":"STAUB Cocotte Rund 26 cm Eukalyptus - dev6 Erresse","description":"Der Eukalyptus-Br\u00e4ter aus der Serie La Cocotte von Staub, einer Marke, die f\u00fcr ihre hochwertigen Gusseisen-Br\u00e4ter bekannt ist, bringt Fr\u00f6hlichkeit in die","robots":{"index":"noindex","follow":"follow","max-snippet":"max-snippet:-1","max-image-preview":"max-image-preview:large","max-video-preview":"max-video-preview:-1"},"og_locale":"de_DE","og_type":"article","og_title":"STAUB Cocotte Rund 26 cm Eukalyptus - dev6 Erresse","og_description":"Der Eukalyptus-Br\u00e4ter aus der Serie La Cocotte von Staub, einer Marke, die f\u00fcr ihre hochwertigen Gusseisen-Br\u00e4ter bekannt ist, bringt Fr\u00f6hlichkeit in die","og_url":"https:\/\/dev6.erresse-shop.it\/de\/shop\/toepfe-pfannen\/schalldaempfer-und-kokotten\/staub-cocotte-rund-26-cm-eukalyptus\/","og_site_name":"dev6 Erresse","og_image":[{"url":"https:\/\/interpim.erresse-shop.it\/Import\/Prodotti\/staub-cocotte-tonda-26-cm-eucalipto.jpg","type":"","width":"","height":""},{"url":"https:\/\/interpim.erresse-shop.it\/Import\/Prodotti\/staub-cocotte-tonda-26-cm-eucalipto.jpg","width":1024,"height":1024,"type":"image\/jpeg"}],"twitter_card":"summary_large_image","twitter_image":"https:\/\/interpim.erresse-shop.it\/Import\/Prodotti\/staub-cocotte-tonda-26-cm-eucalipto.jpg","schema":{"@context":"https:\/\/schema.org","@graph":[{"@type":"WebPage","@id":"https:\/\/dev6.erresse-shop.it\/de\/shop\/toepfe-pfannen\/schalldaempfer-und-kokotten\/staub-cocotte-rund-26-cm-eukalyptus\/","url":"https:\/\/dev6.erresse-shop.it\/de\/shop\/toepfe-pfannen\/schalldaempfer-und-kokotten\/staub-cocotte-rund-26-cm-eukalyptus\/","name":"STAUB Cocotte Rund 26 cm Eukalyptus - dev6 Erresse","isPartOf":{"@id":"https:\/\/dev6.erresse-shop.it\/#website"},"primaryImageOfPage":{"@id":"https:\/\/dev6.erresse-shop.it\/de\/shop\/toepfe-pfannen\/schalldaempfer-und-kokotten\/staub-cocotte-rund-26-cm-eukalyptus\/#primaryimage"},"image":{"@id":"https:\/\/dev6.erresse-shop.it\/de\/shop\/toepfe-pfannen\/schalldaempfer-und-kokotten\/staub-cocotte-rund-26-cm-eukalyptus\/#primaryimage"},"thumbnailUrl":"https:\/\/i0.wp.com\/interpim.erresse-shop.it\/Import\/Prodotti\/staub-cocotte-tonda-26-cm-eucalipto.jpg?ssl=1","datePublished":"2026-04-12T11:29:02+00:00","description":"Der Eukalyptus-Br\u00e4ter aus der Serie La Cocotte von Staub, einer Marke, die f\u00fcr ihre hochwertigen Gusseisen-Br\u00e4ter bekannt ist, bringt Fr\u00f6hlichkeit in die","breadcrumb":{"@id":"https:\/\/dev6.erresse-shop.it\/de\/shop\/toepfe-pfannen\/schalldaempfer-und-kokotten\/staub-cocotte-rund-26-cm-eukalyptus\/#breadcrumb"},"inLanguage":"de","potentialAction":[{"@type":"ReadAction","target":["https:\/\/dev6.erresse-shop.it\/de\/shop\/toepfe-pfannen\/schalldaempfer-und-kokotten\/staub-cocotte-rund-26-cm-eukalyptus\/"]}]},{"@type":"ImageObject","inLanguage":"de","@id":"https:\/\/dev6.erresse-shop.it\/de\/shop\/toepfe-pfannen\/schalldaempfer-und-kokotten\/staub-cocotte-rund-26-cm-eukalyptus\/#primaryimage","url":"https:\/\/i0.wp.com\/interpim.erresse-shop.it\/Import\/Prodotti\/staub-cocotte-tonda-26-cm-eucalipto.jpg?ssl=1","contentUrl":"https:\/\/i0.wp.com\/interpim.erresse-shop.it\/Import\/Prodotti\/staub-cocotte-tonda-26-cm-eucalipto.jpg?ssl=1"},{"@type":"BreadcrumbList","@id":"https:\/\/dev6.erresse-shop.it\/de\/shop\/toepfe-pfannen\/schalldaempfer-und-kokotten\/staub-cocotte-rund-26-cm-eukalyptus\/#breadcrumb","itemListElement":[{"@type":"ListItem","position":1,"name":"Home","item":"https:\/\/dev6.erresse-shop.it\/"},{"@type":"ListItem","position":2,"name":"Shop","item":"https:\/\/dev6.erresse-shop.it\/shop\/"},{"@type":"ListItem","position":3,"name":"STAUB Cocotte Rund 26 cm Eukalyptus"}]},{"@type":"WebSite","@id":"https:\/\/dev6.erresse-shop.it\/#website","url":"https:\/\/dev6.erresse-shop.it\/","name":"Erresse Shop","description":"","publisher":{"@id":"https:\/\/dev6.erresse-shop.it\/#organization"},"potentialAction":[{"@type":"SearchAction","target":{"@type":"EntryPoint","urlTemplate":"https:\/\/dev6.erresse-shop.it\/?s={search_term_string}"},"query-input":{"@type":"PropertyValueSpecification","valueRequired":true,"valueName":"search_term_string"}}],"inLanguage":"de"},{"@type":"Organization","@id":"https:\/\/dev6.erresse-shop.it\/#organization","name":"Erresse Shop","url":"https:\/\/dev6.erresse-shop.it\/","logo":{"@type":"ImageObject","inLanguage":"de","@id":"https:\/\/dev6.erresse-shop.it\/#\/schema\/logo\/image\/","url":"https:\/\/dev6.erresse-shop.it\/wp-content\/uploads\/2025\/01\/LOGO-ERRESSE-CLASSICO.svg","contentUrl":"https:\/\/dev6.erresse-shop.it\/wp-content\/uploads\/2025\/01\/LOGO-ERRESSE-CLASSICO.svg","caption":"Erresse Shop"},"image":{"@id":"https:\/\/dev6.erresse-shop.it\/#\/schema\/logo\/image\/"}}]}},"df_price":209,"df_sale_price":209,"df_regular_price":319,"df_image_link":"https:\/\/i0.wp.com\/interpim.erresse-shop.it\/Import\/Prodotti\/staub-cocotte-tonda-26-cm-eucalipto.jpg?resize=300,300&ssl=1","fifu_image_url":"https:\/\/interpim.erresse-shop.it\/Import\/Prodotti\/staub-cocotte-tonda-26-cm-eucalipto.jpg","_links":{"self":[{"href":"https:\/\/dev6.erresse-shop.it\/de\/wp-json\/wp\/v2\/product\/1600766","targetHints":{"allow":["GET"]}}],"collection":[{"href":"https:\/\/dev6.erresse-shop.it\/de\/wp-json\/wp\/v2\/product"}],"about":[{"href":"https:\/\/dev6.erresse-shop.it\/de\/wp-json\/wp\/v2\/types\/product"}],"wp:featuredmedia":[{"embeddable":true,"href":"https:\/\/dev6.erresse-shop.it\/de\/wp-json\/wp\/v2\/media\/6377130"}],"wp:attachment":[{"href":"https:\/\/dev6.erresse-shop.it\/de\/wp-json\/wp\/v2\/media?parent=1600766"}],"wp:term":[{"taxonomy":"product_cat","embeddable":true,"href":"https:\/\/dev6.erresse-shop.it\/de\/wp-json\/wp\/v2\/product_cat?post=1600766"},{"taxonomy":"product_tag","embeddable":true,"href":"https:\/\/dev6.erresse-shop.it\/de\/wp-json\/wp\/v2\/product_tag?post=1600766"}],"curies":[{"name":"wp","href":"https:\/\/api.w.org\/{rel}","templated":true}]}}