{"id":1600754,"date":"2026-04-12T13:29:02","date_gmt":"2026-04-12T11:29:02","guid":{"rendered":"https:\/\/dev6.erresse-shop.it\/shop\/unkategorisiert\/bordallo-pinheiro-tablett-kohlblatt-395-cm\/"},"modified":"2026-01-09T02:04:10","modified_gmt":"2026-01-09T01:04:10","slug":"bordallo-pinheiro-tablett-kohlblatt-395-cm","status":"publish","type":"product","link":"https:\/\/dev6.erresse-shop.it\/de\/shop\/tisch\/serviertablette\/bordallo-pinheiro-tablett-kohlblatt-395-cm\/","title":{"rendered":"BORDALLO PINHEIRO Tablett Kohlblatt 39,5 cm"},"content":{"rendered":"<p>Bl\u00e4tter spielen f\u00fcr Bordallo Pinheiro eine wichtige Rolle und umfassen sowohl gew\u00f6hnliche Pflanzen aus Portugal als auch exotischere Bl\u00e4tter, die seine Seeleute aus aller Welt mit nach Hause brachten. Eine umfangreiche Sammlung von St\u00fccken mit \u00fcberraschenden und fr\u00f6hlichen Formen und Gr\u00f6\u00dfen.<\/p>\n<p>Material: Terrakotta<\/p>\n","protected":false},"excerpt":{"rendered":"<p>Bl\u00e4tter spielen f\u00fcr Bordallo Pinheiro eine wichtige Rolle und umfassen sowohl gew\u00f6hnliche Pflanzen aus Portugal als auch exotischere Bl\u00e4tter, die seine Seeleute aus aller Welt mit nach Hause brachten. Eine umfangreiche Sammlung von St\u00fccken mit \u00fcberraschenden und fr\u00f6hlichen Formen und Gr\u00f6\u00dfen. Material: Terrakotta<\/p>\n","protected":false},"featured_media":6377104,"template":"","meta":{"_acf_changed":false},"product_cat":[12112,12103],"product_tag":[],"class_list":{"0":"post-1600754","1":"product","2":"type-product","3":"status-publish","4":"has-post-thumbnail","6":"product_cat-serviertablette","7":"product_cat-tisch","9":"first","10":"instock","11":"sale","12":"taxable","13":"shipping-taxable","14":"purchasable","15":"product-type-simple","swatches":"rey-swatches","show_selected":"","stretch_labels":"rey-swatches--stretch-labels"},"acf":[],"yoast_head":"<!-- This site is optimized with the Yoast SEO plugin v25.4 - https:\/\/yoast.com\/wordpress\/plugins\/seo\/ -->\n<title>BORDALLO PINHEIRO Tablett Kohlblatt 39,5 cm - dev6 Erresse<\/title>\n<meta name=\"description\" content=\"Bl\u00e4tter spielen f\u00fcr Bordallo Pinheiro eine wichtige Rolle und umfassen sowohl gew\u00f6hnliche Pflanzen aus Portugal als auch exotischere Bl\u00e4tter, die seine\" \/>\n<meta name=\"robots\" content=\"noindex, follow, max-snippet:-1, max-image-preview:large, max-video-preview:-1\" \/>\n<meta property=\"og:locale\" content=\"de_DE\" \/>\n<meta property=\"og:type\" content=\"article\" \/>\n<meta property=\"og:title\" content=\"BORDALLO PINHEIRO Tablett Kohlblatt 39,5 cm - dev6 Erresse\" \/>\n<meta property=\"og:description\" content=\"Bl\u00e4tter spielen f\u00fcr Bordallo Pinheiro eine wichtige Rolle und umfassen sowohl gew\u00f6hnliche Pflanzen aus Portugal als auch exotischere Bl\u00e4tter, die seine\" \/>\n<meta property=\"og:url\" content=\"https:\/\/dev6.erresse-shop.it\/de\/shop\/tisch\/serviertablette\/bordallo-pinheiro-tablett-kohlblatt-395-cm\/\" \/>\n<meta property=\"og:site_name\" content=\"dev6 Erresse\" \/>\n<meta property=\"og:image\" content=\"https:\/\/interpim.erresse-shop.it\/Import\/Prodotti\/bordallo-pinheiro-vassoio-foglia-cavolo-395-cm.jpg\" \/><meta property=\"og:image\" content=\"https:\/\/interpim.erresse-shop.it\/Import\/Prodotti\/bordallo-pinheiro-vassoio-foglia-cavolo-395-cm.jpg\" \/>\n\t<meta property=\"og:image:width\" content=\"1024\" \/>\n\t<meta property=\"og:image:height\" content=\"1024\" \/>\n\t<meta property=\"og:image:type\" content=\"image\/jpeg\" \/>\n<meta name=\"twitter:card\" content=\"summary_large_image\" \/>\n<meta name=\"twitter:image\" content=\"https:\/\/interpim.erresse-shop.it\/Import\/Prodotti\/bordallo-pinheiro-vassoio-foglia-cavolo-395-cm.jpg\" \/>\n<script type=\"application\/ld+json\" class=\"yoast-schema-graph\">{\"@context\":\"https:\/\/schema.org\",\"@graph\":[{\"@type\":\"WebPage\",\"@id\":\"https:\/\/dev6.erresse-shop.it\/de\/shop\/tisch\/serviertablette\/bordallo-pinheiro-tablett-kohlblatt-395-cm\/\",\"url\":\"https:\/\/dev6.erresse-shop.it\/de\/shop\/tisch\/serviertablette\/bordallo-pinheiro-tablett-kohlblatt-395-cm\/\",\"name\":\"BORDALLO PINHEIRO Tablett Kohlblatt 39,5 cm - dev6 Erresse\",\"isPartOf\":{\"@id\":\"https:\/\/dev6.erresse-shop.it\/#website\"},\"primaryImageOfPage\":{\"@id\":\"https:\/\/dev6.erresse-shop.it\/de\/shop\/tisch\/serviertablette\/bordallo-pinheiro-tablett-kohlblatt-395-cm\/#primaryimage\"},\"image\":{\"@id\":\"https:\/\/dev6.erresse-shop.it\/de\/shop\/tisch\/serviertablette\/bordallo-pinheiro-tablett-kohlblatt-395-cm\/#primaryimage\"},\"thumbnailUrl\":\"https:\/\/i1.wp.com\/interpim.erresse-shop.it\/Import\/Prodotti\/bordallo-pinheiro-vassoio-foglia-cavolo-395-cm.jpg?ssl=1\",\"datePublished\":\"2026-04-12T11:29:02+00:00\",\"description\":\"Bl\u00e4tter spielen f\u00fcr Bordallo Pinheiro eine wichtige Rolle und umfassen sowohl gew\u00f6hnliche Pflanzen aus Portugal als auch exotischere Bl\u00e4tter, die seine\",\"breadcrumb\":{\"@id\":\"https:\/\/dev6.erresse-shop.it\/de\/shop\/tisch\/serviertablette\/bordallo-pinheiro-tablett-kohlblatt-395-cm\/#breadcrumb\"},\"inLanguage\":\"de\",\"potentialAction\":[{\"@type\":\"ReadAction\",\"target\":[\"https:\/\/dev6.erresse-shop.it\/de\/shop\/tisch\/serviertablette\/bordallo-pinheiro-tablett-kohlblatt-395-cm\/\"]}]},{\"@type\":\"ImageObject\",\"inLanguage\":\"de\",\"@id\":\"https:\/\/dev6.erresse-shop.it\/de\/shop\/tisch\/serviertablette\/bordallo-pinheiro-tablett-kohlblatt-395-cm\/#primaryimage\",\"url\":\"https:\/\/i1.wp.com\/interpim.erresse-shop.it\/Import\/Prodotti\/bordallo-pinheiro-vassoio-foglia-cavolo-395-cm.jpg?ssl=1\",\"contentUrl\":\"https:\/\/i1.wp.com\/interpim.erresse-shop.it\/Import\/Prodotti\/bordallo-pinheiro-vassoio-foglia-cavolo-395-cm.jpg?ssl=1\"},{\"@type\":\"BreadcrumbList\",\"@id\":\"https:\/\/dev6.erresse-shop.it\/de\/shop\/tisch\/serviertablette\/bordallo-pinheiro-tablett-kohlblatt-395-cm\/#breadcrumb\",\"itemListElement\":[{\"@type\":\"ListItem\",\"position\":1,\"name\":\"Home\",\"item\":\"https:\/\/dev6.erresse-shop.it\/\"},{\"@type\":\"ListItem\",\"position\":2,\"name\":\"Shop\",\"item\":\"https:\/\/dev6.erresse-shop.it\/shop\/\"},{\"@type\":\"ListItem\",\"position\":3,\"name\":\"BORDALLO PINHEIRO Tablett Kohlblatt 39,5 cm\"}]},{\"@type\":\"WebSite\",\"@id\":\"https:\/\/dev6.erresse-shop.it\/#website\",\"url\":\"https:\/\/dev6.erresse-shop.it\/\",\"name\":\"Erresse Shop\",\"description\":\"\",\"publisher\":{\"@id\":\"https:\/\/dev6.erresse-shop.it\/#organization\"},\"potentialAction\":[{\"@type\":\"SearchAction\",\"target\":{\"@type\":\"EntryPoint\",\"urlTemplate\":\"https:\/\/dev6.erresse-shop.it\/?s={search_term_string}\"},\"query-input\":{\"@type\":\"PropertyValueSpecification\",\"valueRequired\":true,\"valueName\":\"search_term_string\"}}],\"inLanguage\":\"de\"},{\"@type\":\"Organization\",\"@id\":\"https:\/\/dev6.erresse-shop.it\/#organization\",\"name\":\"Erresse Shop\",\"url\":\"https:\/\/dev6.erresse-shop.it\/\",\"logo\":{\"@type\":\"ImageObject\",\"inLanguage\":\"de\",\"@id\":\"https:\/\/dev6.erresse-shop.it\/#\/schema\/logo\/image\/\",\"url\":\"https:\/\/dev6.erresse-shop.it\/wp-content\/uploads\/2025\/01\/LOGO-ERRESSE-CLASSICO.svg\",\"contentUrl\":\"https:\/\/dev6.erresse-shop.it\/wp-content\/uploads\/2025\/01\/LOGO-ERRESSE-CLASSICO.svg\",\"caption\":\"Erresse Shop\"},\"image\":{\"@id\":\"https:\/\/dev6.erresse-shop.it\/#\/schema\/logo\/image\/\"}}]}<\/script>\n<!-- \/ Yoast SEO plugin. -->","yoast_head_json":{"title":"BORDALLO PINHEIRO Tablett Kohlblatt 39,5 cm - dev6 Erresse","description":"Bl\u00e4tter spielen f\u00fcr Bordallo Pinheiro eine wichtige Rolle und umfassen sowohl gew\u00f6hnliche Pflanzen aus Portugal als auch exotischere Bl\u00e4tter, die seine","robots":{"index":"noindex","follow":"follow","max-snippet":"max-snippet:-1","max-image-preview":"max-image-preview:large","max-video-preview":"max-video-preview:-1"},"og_locale":"de_DE","og_type":"article","og_title":"BORDALLO PINHEIRO Tablett Kohlblatt 39,5 cm - dev6 Erresse","og_description":"Bl\u00e4tter spielen f\u00fcr Bordallo Pinheiro eine wichtige Rolle und umfassen sowohl gew\u00f6hnliche Pflanzen aus Portugal als auch exotischere Bl\u00e4tter, die seine","og_url":"https:\/\/dev6.erresse-shop.it\/de\/shop\/tisch\/serviertablette\/bordallo-pinheiro-tablett-kohlblatt-395-cm\/","og_site_name":"dev6 Erresse","og_image":[{"url":"https:\/\/interpim.erresse-shop.it\/Import\/Prodotti\/bordallo-pinheiro-vassoio-foglia-cavolo-395-cm.jpg","type":"","width":"","height":""},{"url":"https:\/\/interpim.erresse-shop.it\/Import\/Prodotti\/bordallo-pinheiro-vassoio-foglia-cavolo-395-cm.jpg","width":1024,"height":1024,"type":"image\/jpeg"}],"twitter_card":"summary_large_image","twitter_image":"https:\/\/interpim.erresse-shop.it\/Import\/Prodotti\/bordallo-pinheiro-vassoio-foglia-cavolo-395-cm.jpg","schema":{"@context":"https:\/\/schema.org","@graph":[{"@type":"WebPage","@id":"https:\/\/dev6.erresse-shop.it\/de\/shop\/tisch\/serviertablette\/bordallo-pinheiro-tablett-kohlblatt-395-cm\/","url":"https:\/\/dev6.erresse-shop.it\/de\/shop\/tisch\/serviertablette\/bordallo-pinheiro-tablett-kohlblatt-395-cm\/","name":"BORDALLO PINHEIRO Tablett Kohlblatt 39,5 cm - dev6 Erresse","isPartOf":{"@id":"https:\/\/dev6.erresse-shop.it\/#website"},"primaryImageOfPage":{"@id":"https:\/\/dev6.erresse-shop.it\/de\/shop\/tisch\/serviertablette\/bordallo-pinheiro-tablett-kohlblatt-395-cm\/#primaryimage"},"image":{"@id":"https:\/\/dev6.erresse-shop.it\/de\/shop\/tisch\/serviertablette\/bordallo-pinheiro-tablett-kohlblatt-395-cm\/#primaryimage"},"thumbnailUrl":"https:\/\/i1.wp.com\/interpim.erresse-shop.it\/Import\/Prodotti\/bordallo-pinheiro-vassoio-foglia-cavolo-395-cm.jpg?ssl=1","datePublished":"2026-04-12T11:29:02+00:00","description":"Bl\u00e4tter spielen f\u00fcr Bordallo Pinheiro eine wichtige Rolle und umfassen sowohl gew\u00f6hnliche Pflanzen aus Portugal als auch exotischere Bl\u00e4tter, die seine","breadcrumb":{"@id":"https:\/\/dev6.erresse-shop.it\/de\/shop\/tisch\/serviertablette\/bordallo-pinheiro-tablett-kohlblatt-395-cm\/#breadcrumb"},"inLanguage":"de","potentialAction":[{"@type":"ReadAction","target":["https:\/\/dev6.erresse-shop.it\/de\/shop\/tisch\/serviertablette\/bordallo-pinheiro-tablett-kohlblatt-395-cm\/"]}]},{"@type":"ImageObject","inLanguage":"de","@id":"https:\/\/dev6.erresse-shop.it\/de\/shop\/tisch\/serviertablette\/bordallo-pinheiro-tablett-kohlblatt-395-cm\/#primaryimage","url":"https:\/\/i1.wp.com\/interpim.erresse-shop.it\/Import\/Prodotti\/bordallo-pinheiro-vassoio-foglia-cavolo-395-cm.jpg?ssl=1","contentUrl":"https:\/\/i1.wp.com\/interpim.erresse-shop.it\/Import\/Prodotti\/bordallo-pinheiro-vassoio-foglia-cavolo-395-cm.jpg?ssl=1"},{"@type":"BreadcrumbList","@id":"https:\/\/dev6.erresse-shop.it\/de\/shop\/tisch\/serviertablette\/bordallo-pinheiro-tablett-kohlblatt-395-cm\/#breadcrumb","itemListElement":[{"@type":"ListItem","position":1,"name":"Home","item":"https:\/\/dev6.erresse-shop.it\/"},{"@type":"ListItem","position":2,"name":"Shop","item":"https:\/\/dev6.erresse-shop.it\/shop\/"},{"@type":"ListItem","position":3,"name":"BORDALLO PINHEIRO Tablett Kohlblatt 39,5 cm"}]},{"@type":"WebSite","@id":"https:\/\/dev6.erresse-shop.it\/#website","url":"https:\/\/dev6.erresse-shop.it\/","name":"Erresse Shop","description":"","publisher":{"@id":"https:\/\/dev6.erresse-shop.it\/#organization"},"potentialAction":[{"@type":"SearchAction","target":{"@type":"EntryPoint","urlTemplate":"https:\/\/dev6.erresse-shop.it\/?s={search_term_string}"},"query-input":{"@type":"PropertyValueSpecification","valueRequired":true,"valueName":"search_term_string"}}],"inLanguage":"de"},{"@type":"Organization","@id":"https:\/\/dev6.erresse-shop.it\/#organization","name":"Erresse Shop","url":"https:\/\/dev6.erresse-shop.it\/","logo":{"@type":"ImageObject","inLanguage":"de","@id":"https:\/\/dev6.erresse-shop.it\/#\/schema\/logo\/image\/","url":"https:\/\/dev6.erresse-shop.it\/wp-content\/uploads\/2025\/01\/LOGO-ERRESSE-CLASSICO.svg","contentUrl":"https:\/\/dev6.erresse-shop.it\/wp-content\/uploads\/2025\/01\/LOGO-ERRESSE-CLASSICO.svg","caption":"Erresse Shop"},"image":{"@id":"https:\/\/dev6.erresse-shop.it\/#\/schema\/logo\/image\/"}}]}},"df_price":44.9,"df_sale_price":44.9,"df_regular_price":47,"df_image_link":"https:\/\/i1.wp.com\/interpim.erresse-shop.it\/Import\/Prodotti\/bordallo-pinheiro-vassoio-foglia-cavolo-395-cm.jpg?resize=300,300&ssl=1","fifu_image_url":"https:\/\/interpim.erresse-shop.it\/Import\/Prodotti\/bordallo-pinheiro-vassoio-foglia-cavolo-395-cm.jpg","_links":{"self":[{"href":"https:\/\/dev6.erresse-shop.it\/de\/wp-json\/wp\/v2\/product\/1600754","targetHints":{"allow":["GET"]}}],"collection":[{"href":"https:\/\/dev6.erresse-shop.it\/de\/wp-json\/wp\/v2\/product"}],"about":[{"href":"https:\/\/dev6.erresse-shop.it\/de\/wp-json\/wp\/v2\/types\/product"}],"wp:featuredmedia":[{"embeddable":true,"href":"https:\/\/dev6.erresse-shop.it\/de\/wp-json\/wp\/v2\/media\/6377104"}],"wp:attachment":[{"href":"https:\/\/dev6.erresse-shop.it\/de\/wp-json\/wp\/v2\/media?parent=1600754"}],"wp:term":[{"taxonomy":"product_cat","embeddable":true,"href":"https:\/\/dev6.erresse-shop.it\/de\/wp-json\/wp\/v2\/product_cat?post=1600754"},{"taxonomy":"product_tag","embeddable":true,"href":"https:\/\/dev6.erresse-shop.it\/de\/wp-json\/wp\/v2\/product_tag?post=1600754"}],"curies":[{"name":"wp","href":"https:\/\/api.w.org\/{rel}","templated":true}]}}