{"id":1600740,"date":"2026-04-10T14:07:31","date_gmt":"2026-04-10T12:07:31","guid":{"rendered":"https:\/\/dev6.erresse-shop.it\/shop\/unkategorisiert\/bordallo-pinheiro-salatschuessel-maria-flor-33-cm\/"},"modified":"2026-01-09T02:03:58","modified_gmt":"2026-01-09T01:03:58","slug":"bordallo-pinheiro-salatschuessel-maria-flor-33-cm","status":"publish","type":"product","link":"https:\/\/dev6.erresse-shop.it\/de\/shop\/tisch\/salatschuesseln-und-terrinen\/bordallo-pinheiro-salatschuessel-maria-flor-33-cm\/","title":{"rendered":"BORDALLO PINHEIRO Salatsch\u00fcssel Maria Flor 33 cm"},"content":{"rendered":"<p>Mit der Maria Flor-Kollektion werden Blumen auf Ihren Tisch eingeladen. Dahlien, Rosen und G\u00e4nsebl\u00fcmchen \u2013 die St\u00fccke sind sorgf\u00e4ltig verarbeitet, um jedes Detail wiederzugeben, genau wie echte Blumenarrangements. Bordallo Pinheiro schafft es, Farbe, Natur und Raffinesse mit Terrakottast\u00fccken zu verbinden, die im Alltag n\u00fctzlich, aber auch wahre Kunstwerke sind. Diese moderne, vom Fr\u00fchling und der Landschaft inspirierte Kollektion umfasst Teller, Salatsch\u00fcsseln, aber auch gro\u00dfe Teller und Sch\u00fcsseln.<\/p>\n<p>Abmessungen: 33 x 32, H. 9 cm<br \/>\nMaterial: Terrakotta<\/p>\n","protected":false},"excerpt":{"rendered":"<p>Mit der Maria Flor-Kollektion werden Blumen auf Ihren Tisch eingeladen. Dahlien, Rosen und G\u00e4nsebl\u00fcmchen \u2013 die St\u00fccke sind sorgf\u00e4ltig verarbeitet, um jedes Detail wiederzugeben, genau wie echte Blumenarrangements. Bordallo Pinheiro schafft es, Farbe, Natur und Raffinesse mit Terrakottast\u00fccken zu verbinden, die im Alltag n\u00fctzlich, aber auch wahre Kunstwerke sind. Diese moderne, vom Fr\u00fchling und der [&hellip;]<\/p>\n","protected":false},"featured_media":6335444,"template":"","meta":{"_acf_changed":false},"product_cat":[12124,12103],"product_tag":[],"class_list":{"0":"post-1600740","1":"product","2":"type-product","3":"status-publish","4":"has-post-thumbnail","6":"product_cat-salatschuesseln-und-terrinen","7":"product_cat-tisch","9":"first","10":"instock","11":"sale","12":"taxable","13":"shipping-taxable","14":"purchasable","15":"product-type-simple","swatches":"rey-swatches","show_selected":"","stretch_labels":"rey-swatches--stretch-labels"},"acf":[],"yoast_head":"<!-- This site is optimized with the Yoast SEO plugin v25.4 - https:\/\/yoast.com\/wordpress\/plugins\/seo\/ -->\n<title>BORDALLO PINHEIRO Salatsch\u00fcssel Maria Flor 33 cm - dev6 Erresse<\/title>\n<meta name=\"description\" content=\"Mit der Maria Flor-Kollektion werden Blumen auf Ihren Tisch eingeladen. Dahlien, Rosen und G\u00e4nsebl\u00fcmchen \u2013 die St\u00fccke sind sorgf\u00e4ltig verarbeitet, um\" \/>\n<meta name=\"robots\" content=\"noindex, follow, max-snippet:-1, max-image-preview:large, max-video-preview:-1\" \/>\n<meta property=\"og:locale\" content=\"de_DE\" \/>\n<meta property=\"og:type\" content=\"article\" \/>\n<meta property=\"og:title\" content=\"BORDALLO PINHEIRO Salatsch\u00fcssel Maria Flor 33 cm - dev6 Erresse\" \/>\n<meta property=\"og:description\" content=\"Mit der Maria Flor-Kollektion werden Blumen auf Ihren Tisch eingeladen. Dahlien, Rosen und G\u00e4nsebl\u00fcmchen \u2013 die St\u00fccke sind sorgf\u00e4ltig verarbeitet, um\" \/>\n<meta property=\"og:url\" content=\"https:\/\/dev6.erresse-shop.it\/de\/shop\/tisch\/salatschuesseln-und-terrinen\/bordallo-pinheiro-salatschuessel-maria-flor-33-cm\/\" \/>\n<meta property=\"og:site_name\" content=\"dev6 Erresse\" \/>\n<meta property=\"og:image\" content=\"https:\/\/interpim.erresse-shop.it\/Import\/Prodotti\/bordallo-pinheiro-insalatiera-maria-flor-33-cm.jpg\" \/><meta property=\"og:image\" content=\"https:\/\/interpim.erresse-shop.it\/Import\/Prodotti\/bordallo-pinheiro-insalatiera-maria-flor-33-cm.jpg\" \/>\n\t<meta property=\"og:image:width\" content=\"1024\" \/>\n\t<meta property=\"og:image:height\" content=\"1024\" \/>\n\t<meta property=\"og:image:type\" content=\"image\/jpeg\" \/>\n<meta name=\"twitter:card\" content=\"summary_large_image\" \/>\n<meta name=\"twitter:image\" content=\"https:\/\/interpim.erresse-shop.it\/Import\/Prodotti\/bordallo-pinheiro-insalatiera-maria-flor-33-cm.jpg\" \/>\n<script type=\"application\/ld+json\" class=\"yoast-schema-graph\">{\"@context\":\"https:\/\/schema.org\",\"@graph\":[{\"@type\":\"WebPage\",\"@id\":\"https:\/\/dev6.erresse-shop.it\/de\/shop\/tisch\/salatschuesseln-und-terrinen\/bordallo-pinheiro-salatschuessel-maria-flor-33-cm\/\",\"url\":\"https:\/\/dev6.erresse-shop.it\/de\/shop\/tisch\/salatschuesseln-und-terrinen\/bordallo-pinheiro-salatschuessel-maria-flor-33-cm\/\",\"name\":\"BORDALLO PINHEIRO Salatsch\u00fcssel Maria Flor 33 cm - dev6 Erresse\",\"isPartOf\":{\"@id\":\"https:\/\/dev6.erresse-shop.it\/#website\"},\"primaryImageOfPage\":{\"@id\":\"https:\/\/dev6.erresse-shop.it\/de\/shop\/tisch\/salatschuesseln-und-terrinen\/bordallo-pinheiro-salatschuessel-maria-flor-33-cm\/#primaryimage\"},\"image\":{\"@id\":\"https:\/\/dev6.erresse-shop.it\/de\/shop\/tisch\/salatschuesseln-und-terrinen\/bordallo-pinheiro-salatschuessel-maria-flor-33-cm\/#primaryimage\"},\"thumbnailUrl\":\"https:\/\/i2.wp.com\/interpim.erresse-shop.it\/Import\/Prodotti\/bordallo-pinheiro-insalatiera-maria-flor-33-cm.jpg?ssl=1\",\"datePublished\":\"2026-04-10T12:07:31+00:00\",\"description\":\"Mit der Maria Flor-Kollektion werden Blumen auf Ihren Tisch eingeladen. Dahlien, Rosen und G\u00e4nsebl\u00fcmchen \u2013 die St\u00fccke sind sorgf\u00e4ltig verarbeitet, um\",\"breadcrumb\":{\"@id\":\"https:\/\/dev6.erresse-shop.it\/de\/shop\/tisch\/salatschuesseln-und-terrinen\/bordallo-pinheiro-salatschuessel-maria-flor-33-cm\/#breadcrumb\"},\"inLanguage\":\"de\",\"potentialAction\":[{\"@type\":\"ReadAction\",\"target\":[\"https:\/\/dev6.erresse-shop.it\/de\/shop\/tisch\/salatschuesseln-und-terrinen\/bordallo-pinheiro-salatschuessel-maria-flor-33-cm\/\"]}]},{\"@type\":\"ImageObject\",\"inLanguage\":\"de\",\"@id\":\"https:\/\/dev6.erresse-shop.it\/de\/shop\/tisch\/salatschuesseln-und-terrinen\/bordallo-pinheiro-salatschuessel-maria-flor-33-cm\/#primaryimage\",\"url\":\"https:\/\/i2.wp.com\/interpim.erresse-shop.it\/Import\/Prodotti\/bordallo-pinheiro-insalatiera-maria-flor-33-cm.jpg?ssl=1\",\"contentUrl\":\"https:\/\/i2.wp.com\/interpim.erresse-shop.it\/Import\/Prodotti\/bordallo-pinheiro-insalatiera-maria-flor-33-cm.jpg?ssl=1\"},{\"@type\":\"BreadcrumbList\",\"@id\":\"https:\/\/dev6.erresse-shop.it\/de\/shop\/tisch\/salatschuesseln-und-terrinen\/bordallo-pinheiro-salatschuessel-maria-flor-33-cm\/#breadcrumb\",\"itemListElement\":[{\"@type\":\"ListItem\",\"position\":1,\"name\":\"Home\",\"item\":\"https:\/\/dev6.erresse-shop.it\/\"},{\"@type\":\"ListItem\",\"position\":2,\"name\":\"Shop\",\"item\":\"https:\/\/dev6.erresse-shop.it\/shop\/\"},{\"@type\":\"ListItem\",\"position\":3,\"name\":\"BORDALLO PINHEIRO Salatsch\u00fcssel Maria Flor 33 cm\"}]},{\"@type\":\"WebSite\",\"@id\":\"https:\/\/dev6.erresse-shop.it\/#website\",\"url\":\"https:\/\/dev6.erresse-shop.it\/\",\"name\":\"Erresse Shop\",\"description\":\"\",\"publisher\":{\"@id\":\"https:\/\/dev6.erresse-shop.it\/#organization\"},\"potentialAction\":[{\"@type\":\"SearchAction\",\"target\":{\"@type\":\"EntryPoint\",\"urlTemplate\":\"https:\/\/dev6.erresse-shop.it\/?s={search_term_string}\"},\"query-input\":{\"@type\":\"PropertyValueSpecification\",\"valueRequired\":true,\"valueName\":\"search_term_string\"}}],\"inLanguage\":\"de\"},{\"@type\":\"Organization\",\"@id\":\"https:\/\/dev6.erresse-shop.it\/#organization\",\"name\":\"Erresse Shop\",\"url\":\"https:\/\/dev6.erresse-shop.it\/\",\"logo\":{\"@type\":\"ImageObject\",\"inLanguage\":\"de\",\"@id\":\"https:\/\/dev6.erresse-shop.it\/#\/schema\/logo\/image\/\",\"url\":\"https:\/\/dev6.erresse-shop.it\/wp-content\/uploads\/2025\/01\/LOGO-ERRESSE-CLASSICO.svg\",\"contentUrl\":\"https:\/\/dev6.erresse-shop.it\/wp-content\/uploads\/2025\/01\/LOGO-ERRESSE-CLASSICO.svg\",\"caption\":\"Erresse Shop\"},\"image\":{\"@id\":\"https:\/\/dev6.erresse-shop.it\/#\/schema\/logo\/image\/\"}}]}<\/script>\n<!-- \/ Yoast SEO plugin. -->","yoast_head_json":{"title":"BORDALLO PINHEIRO Salatsch\u00fcssel Maria Flor 33 cm - dev6 Erresse","description":"Mit der Maria Flor-Kollektion werden Blumen auf Ihren Tisch eingeladen. Dahlien, Rosen und G\u00e4nsebl\u00fcmchen \u2013 die St\u00fccke sind sorgf\u00e4ltig verarbeitet, um","robots":{"index":"noindex","follow":"follow","max-snippet":"max-snippet:-1","max-image-preview":"max-image-preview:large","max-video-preview":"max-video-preview:-1"},"og_locale":"de_DE","og_type":"article","og_title":"BORDALLO PINHEIRO Salatsch\u00fcssel Maria Flor 33 cm - dev6 Erresse","og_description":"Mit der Maria Flor-Kollektion werden Blumen auf Ihren Tisch eingeladen. Dahlien, Rosen und G\u00e4nsebl\u00fcmchen \u2013 die St\u00fccke sind sorgf\u00e4ltig verarbeitet, um","og_url":"https:\/\/dev6.erresse-shop.it\/de\/shop\/tisch\/salatschuesseln-und-terrinen\/bordallo-pinheiro-salatschuessel-maria-flor-33-cm\/","og_site_name":"dev6 Erresse","og_image":[{"url":"https:\/\/interpim.erresse-shop.it\/Import\/Prodotti\/bordallo-pinheiro-insalatiera-maria-flor-33-cm.jpg","type":"","width":"","height":""},{"url":"https:\/\/interpim.erresse-shop.it\/Import\/Prodotti\/bordallo-pinheiro-insalatiera-maria-flor-33-cm.jpg","width":1024,"height":1024,"type":"image\/jpeg"}],"twitter_card":"summary_large_image","twitter_image":"https:\/\/interpim.erresse-shop.it\/Import\/Prodotti\/bordallo-pinheiro-insalatiera-maria-flor-33-cm.jpg","schema":{"@context":"https:\/\/schema.org","@graph":[{"@type":"WebPage","@id":"https:\/\/dev6.erresse-shop.it\/de\/shop\/tisch\/salatschuesseln-und-terrinen\/bordallo-pinheiro-salatschuessel-maria-flor-33-cm\/","url":"https:\/\/dev6.erresse-shop.it\/de\/shop\/tisch\/salatschuesseln-und-terrinen\/bordallo-pinheiro-salatschuessel-maria-flor-33-cm\/","name":"BORDALLO PINHEIRO Salatsch\u00fcssel Maria Flor 33 cm - dev6 Erresse","isPartOf":{"@id":"https:\/\/dev6.erresse-shop.it\/#website"},"primaryImageOfPage":{"@id":"https:\/\/dev6.erresse-shop.it\/de\/shop\/tisch\/salatschuesseln-und-terrinen\/bordallo-pinheiro-salatschuessel-maria-flor-33-cm\/#primaryimage"},"image":{"@id":"https:\/\/dev6.erresse-shop.it\/de\/shop\/tisch\/salatschuesseln-und-terrinen\/bordallo-pinheiro-salatschuessel-maria-flor-33-cm\/#primaryimage"},"thumbnailUrl":"https:\/\/i2.wp.com\/interpim.erresse-shop.it\/Import\/Prodotti\/bordallo-pinheiro-insalatiera-maria-flor-33-cm.jpg?ssl=1","datePublished":"2026-04-10T12:07:31+00:00","description":"Mit der Maria Flor-Kollektion werden Blumen auf Ihren Tisch eingeladen. Dahlien, Rosen und G\u00e4nsebl\u00fcmchen \u2013 die St\u00fccke sind sorgf\u00e4ltig verarbeitet, um","breadcrumb":{"@id":"https:\/\/dev6.erresse-shop.it\/de\/shop\/tisch\/salatschuesseln-und-terrinen\/bordallo-pinheiro-salatschuessel-maria-flor-33-cm\/#breadcrumb"},"inLanguage":"de","potentialAction":[{"@type":"ReadAction","target":["https:\/\/dev6.erresse-shop.it\/de\/shop\/tisch\/salatschuesseln-und-terrinen\/bordallo-pinheiro-salatschuessel-maria-flor-33-cm\/"]}]},{"@type":"ImageObject","inLanguage":"de","@id":"https:\/\/dev6.erresse-shop.it\/de\/shop\/tisch\/salatschuesseln-und-terrinen\/bordallo-pinheiro-salatschuessel-maria-flor-33-cm\/#primaryimage","url":"https:\/\/i2.wp.com\/interpim.erresse-shop.it\/Import\/Prodotti\/bordallo-pinheiro-insalatiera-maria-flor-33-cm.jpg?ssl=1","contentUrl":"https:\/\/i2.wp.com\/interpim.erresse-shop.it\/Import\/Prodotti\/bordallo-pinheiro-insalatiera-maria-flor-33-cm.jpg?ssl=1"},{"@type":"BreadcrumbList","@id":"https:\/\/dev6.erresse-shop.it\/de\/shop\/tisch\/salatschuesseln-und-terrinen\/bordallo-pinheiro-salatschuessel-maria-flor-33-cm\/#breadcrumb","itemListElement":[{"@type":"ListItem","position":1,"name":"Home","item":"https:\/\/dev6.erresse-shop.it\/"},{"@type":"ListItem","position":2,"name":"Shop","item":"https:\/\/dev6.erresse-shop.it\/shop\/"},{"@type":"ListItem","position":3,"name":"BORDALLO PINHEIRO Salatsch\u00fcssel Maria Flor 33 cm"}]},{"@type":"WebSite","@id":"https:\/\/dev6.erresse-shop.it\/#website","url":"https:\/\/dev6.erresse-shop.it\/","name":"Erresse Shop","description":"","publisher":{"@id":"https:\/\/dev6.erresse-shop.it\/#organization"},"potentialAction":[{"@type":"SearchAction","target":{"@type":"EntryPoint","urlTemplate":"https:\/\/dev6.erresse-shop.it\/?s={search_term_string}"},"query-input":{"@type":"PropertyValueSpecification","valueRequired":true,"valueName":"search_term_string"}}],"inLanguage":"de"},{"@type":"Organization","@id":"https:\/\/dev6.erresse-shop.it\/#organization","name":"Erresse Shop","url":"https:\/\/dev6.erresse-shop.it\/","logo":{"@type":"ImageObject","inLanguage":"de","@id":"https:\/\/dev6.erresse-shop.it\/#\/schema\/logo\/image\/","url":"https:\/\/dev6.erresse-shop.it\/wp-content\/uploads\/2025\/01\/LOGO-ERRESSE-CLASSICO.svg","contentUrl":"https:\/\/dev6.erresse-shop.it\/wp-content\/uploads\/2025\/01\/LOGO-ERRESSE-CLASSICO.svg","caption":"Erresse Shop"},"image":{"@id":"https:\/\/dev6.erresse-shop.it\/#\/schema\/logo\/image\/"}}]}},"df_price":56.9,"df_sale_price":56.9,"df_regular_price":67,"df_image_link":"https:\/\/i2.wp.com\/interpim.erresse-shop.it\/Import\/Prodotti\/bordallo-pinheiro-insalatiera-maria-flor-33-cm.jpg?resize=300,300&ssl=1","fifu_image_url":"https:\/\/interpim.erresse-shop.it\/Import\/Prodotti\/bordallo-pinheiro-insalatiera-maria-flor-33-cm.jpg","_links":{"self":[{"href":"https:\/\/dev6.erresse-shop.it\/de\/wp-json\/wp\/v2\/product\/1600740","targetHints":{"allow":["GET"]}}],"collection":[{"href":"https:\/\/dev6.erresse-shop.it\/de\/wp-json\/wp\/v2\/product"}],"about":[{"href":"https:\/\/dev6.erresse-shop.it\/de\/wp-json\/wp\/v2\/types\/product"}],"wp:featuredmedia":[{"embeddable":true,"href":"https:\/\/dev6.erresse-shop.it\/de\/wp-json\/wp\/v2\/media\/6335444"}],"wp:attachment":[{"href":"https:\/\/dev6.erresse-shop.it\/de\/wp-json\/wp\/v2\/media?parent=1600740"}],"wp:term":[{"taxonomy":"product_cat","embeddable":true,"href":"https:\/\/dev6.erresse-shop.it\/de\/wp-json\/wp\/v2\/product_cat?post=1600740"},{"taxonomy":"product_tag","embeddable":true,"href":"https:\/\/dev6.erresse-shop.it\/de\/wp-json\/wp\/v2\/product_tag?post=1600740"}],"curies":[{"name":"wp","href":"https:\/\/api.w.org\/{rel}","templated":true}]}}