{"id":1600732,"date":"2026-04-12T13:26:25","date_gmt":"2026-04-12T11:26:25","guid":{"rendered":"https:\/\/dev6.erresse-shop.it\/shop\/unkategorisiert\/bordallo-pinheiro-butterdose-mit-deckel-tomate\/"},"modified":"2025-09-14T03:08:36","modified_gmt":"2025-09-14T01:08:36","slug":"bordallo-pinheiro-butterdose-mit-deckel-tomate","status":"publish","type":"product","link":"https:\/\/dev6.erresse-shop.it\/de\/shop\/tisch\/teller-geschirr\/bordallo-pinheiro-butterdose-mit-deckel-tomate\/","title":{"rendered":"BORDALLO PINHEIRO Butterdose mit Deckel Tomate"},"content":{"rendered":"<p>Verleihen Sie Ihrer K\u00fcche mit der runden Tomatenbutterdose einen Hauch l\u00e4ndlicher Laune. Der blattf\u00f6rmige Sockel beherbergt eine Butterdose und die riesige Tomate bildet den Deckel!<br \/>\nDiese \u00e4u\u00dferst sammelw\u00fcrdige Butterdose aus Terrakotta stammt aus dem portugiesischen Keramikstudio Bordallo Pinheiro. Es ist handbemalt, sodass es einer realistischen Tomate und einem realistischen Blatt \u00e4hnelt.<\/p>\n<p>Material: Terrakotta<\/p>\n","protected":false},"excerpt":{"rendered":"<p>Verleihen Sie Ihrer K\u00fcche mit der runden Tomatenbutterdose einen Hauch l\u00e4ndlicher Laune. Der blattf\u00f6rmige Sockel beherbergt eine Butterdose und die riesige Tomate bildet den Deckel! Diese \u00e4u\u00dferst sammelw\u00fcrdige Butterdose aus Terrakotta stammt aus dem portugiesischen Keramikstudio Bordallo Pinheiro. Es ist handbemalt, sodass es einer realistischen Tomate und einem realistischen Blatt \u00e4hnelt. Material: Terrakotta<\/p>\n","protected":false},"featured_media":6377068,"template":"","meta":{"_acf_changed":false},"product_cat":[12122,12103],"product_tag":[],"class_list":{"0":"post-1600732","1":"product","2":"type-product","3":"status-publish","4":"has-post-thumbnail","6":"product_cat-teller-geschirr","7":"product_cat-tisch","9":"first","10":"instock","11":"sale","12":"taxable","13":"shipping-taxable","14":"purchasable","15":"product-type-simple","swatches":"rey-swatches","show_selected":"","stretch_labels":"rey-swatches--stretch-labels"},"acf":[],"yoast_head":"<!-- This site is optimized with the Yoast SEO plugin v25.4 - https:\/\/yoast.com\/wordpress\/plugins\/seo\/ -->\n<title>BORDALLO PINHEIRO Butterdose mit Deckel Tomate - dev6 Erresse<\/title>\n<meta name=\"description\" content=\"Verleihen Sie Ihrer K\u00fcche mit der runden Tomatenbutterdose einen Hauch l\u00e4ndlicher Laune. Der blattf\u00f6rmige Sockel beherbergt eine Butterdose und die\" \/>\n<meta name=\"robots\" content=\"noindex, follow, max-snippet:-1, max-image-preview:large, max-video-preview:-1\" \/>\n<meta property=\"og:locale\" content=\"de_DE\" \/>\n<meta property=\"og:type\" content=\"article\" \/>\n<meta property=\"og:title\" content=\"BORDALLO PINHEIRO Butterdose mit Deckel Tomate - dev6 Erresse\" \/>\n<meta property=\"og:description\" content=\"Verleihen Sie Ihrer K\u00fcche mit der runden Tomatenbutterdose einen Hauch l\u00e4ndlicher Laune. Der blattf\u00f6rmige Sockel beherbergt eine Butterdose und die\" \/>\n<meta property=\"og:url\" content=\"https:\/\/dev6.erresse-shop.it\/de\/shop\/tisch\/teller-geschirr\/bordallo-pinheiro-butterdose-mit-deckel-tomate\/\" \/>\n<meta property=\"og:site_name\" content=\"dev6 Erresse\" \/>\n<meta property=\"og:image\" content=\"https:\/\/interpim.erresse-shop.it\/Import\/Prodotti\/bordallo-pinheiro-piatto-per-burro-pomodoro-con-coperchio.jpg\" \/><meta property=\"og:image\" content=\"https:\/\/interpim.erresse-shop.it\/Import\/Prodotti\/bordallo-pinheiro-piatto-per-burro-pomodoro-con-coperchio.jpg\" \/>\n\t<meta property=\"og:image:width\" content=\"1024\" \/>\n\t<meta property=\"og:image:height\" content=\"1024\" \/>\n\t<meta property=\"og:image:type\" content=\"image\/jpeg\" \/>\n<meta name=\"twitter:card\" content=\"summary_large_image\" \/>\n<meta name=\"twitter:image\" content=\"https:\/\/interpim.erresse-shop.it\/Import\/Prodotti\/bordallo-pinheiro-piatto-per-burro-pomodoro-con-coperchio.jpg\" \/>\n<script type=\"application\/ld+json\" class=\"yoast-schema-graph\">{\"@context\":\"https:\/\/schema.org\",\"@graph\":[{\"@type\":\"WebPage\",\"@id\":\"https:\/\/dev6.erresse-shop.it\/de\/shop\/tisch\/teller-geschirr\/bordallo-pinheiro-butterdose-mit-deckel-tomate\/\",\"url\":\"https:\/\/dev6.erresse-shop.it\/de\/shop\/tisch\/teller-geschirr\/bordallo-pinheiro-butterdose-mit-deckel-tomate\/\",\"name\":\"BORDALLO PINHEIRO Butterdose mit Deckel Tomate - dev6 Erresse\",\"isPartOf\":{\"@id\":\"https:\/\/dev6.erresse-shop.it\/#website\"},\"primaryImageOfPage\":{\"@id\":\"https:\/\/dev6.erresse-shop.it\/de\/shop\/tisch\/teller-geschirr\/bordallo-pinheiro-butterdose-mit-deckel-tomate\/#primaryimage\"},\"image\":{\"@id\":\"https:\/\/dev6.erresse-shop.it\/de\/shop\/tisch\/teller-geschirr\/bordallo-pinheiro-butterdose-mit-deckel-tomate\/#primaryimage\"},\"thumbnailUrl\":\"https:\/\/i0.wp.com\/interpim.erresse-shop.it\/Import\/Prodotti\/bordallo-pinheiro-piatto-per-burro-pomodoro-con-coperchio.jpg?ssl=1\",\"datePublished\":\"2026-04-12T11:26:25+00:00\",\"description\":\"Verleihen Sie Ihrer K\u00fcche mit der runden Tomatenbutterdose einen Hauch l\u00e4ndlicher Laune. Der blattf\u00f6rmige Sockel beherbergt eine Butterdose und die\",\"breadcrumb\":{\"@id\":\"https:\/\/dev6.erresse-shop.it\/de\/shop\/tisch\/teller-geschirr\/bordallo-pinheiro-butterdose-mit-deckel-tomate\/#breadcrumb\"},\"inLanguage\":\"de\",\"potentialAction\":[{\"@type\":\"ReadAction\",\"target\":[\"https:\/\/dev6.erresse-shop.it\/de\/shop\/tisch\/teller-geschirr\/bordallo-pinheiro-butterdose-mit-deckel-tomate\/\"]}]},{\"@type\":\"ImageObject\",\"inLanguage\":\"de\",\"@id\":\"https:\/\/dev6.erresse-shop.it\/de\/shop\/tisch\/teller-geschirr\/bordallo-pinheiro-butterdose-mit-deckel-tomate\/#primaryimage\",\"url\":\"https:\/\/i0.wp.com\/interpim.erresse-shop.it\/Import\/Prodotti\/bordallo-pinheiro-piatto-per-burro-pomodoro-con-coperchio.jpg?ssl=1\",\"contentUrl\":\"https:\/\/i0.wp.com\/interpim.erresse-shop.it\/Import\/Prodotti\/bordallo-pinheiro-piatto-per-burro-pomodoro-con-coperchio.jpg?ssl=1\"},{\"@type\":\"BreadcrumbList\",\"@id\":\"https:\/\/dev6.erresse-shop.it\/de\/shop\/tisch\/teller-geschirr\/bordallo-pinheiro-butterdose-mit-deckel-tomate\/#breadcrumb\",\"itemListElement\":[{\"@type\":\"ListItem\",\"position\":1,\"name\":\"Home\",\"item\":\"https:\/\/dev6.erresse-shop.it\/\"},{\"@type\":\"ListItem\",\"position\":2,\"name\":\"Shop\",\"item\":\"https:\/\/dev6.erresse-shop.it\/shop\/\"},{\"@type\":\"ListItem\",\"position\":3,\"name\":\"BORDALLO PINHEIRO Butterdose mit Deckel Tomate\"}]},{\"@type\":\"WebSite\",\"@id\":\"https:\/\/dev6.erresse-shop.it\/#website\",\"url\":\"https:\/\/dev6.erresse-shop.it\/\",\"name\":\"Erresse Shop\",\"description\":\"\",\"publisher\":{\"@id\":\"https:\/\/dev6.erresse-shop.it\/#organization\"},\"potentialAction\":[{\"@type\":\"SearchAction\",\"target\":{\"@type\":\"EntryPoint\",\"urlTemplate\":\"https:\/\/dev6.erresse-shop.it\/?s={search_term_string}\"},\"query-input\":{\"@type\":\"PropertyValueSpecification\",\"valueRequired\":true,\"valueName\":\"search_term_string\"}}],\"inLanguage\":\"de\"},{\"@type\":\"Organization\",\"@id\":\"https:\/\/dev6.erresse-shop.it\/#organization\",\"name\":\"Erresse Shop\",\"url\":\"https:\/\/dev6.erresse-shop.it\/\",\"logo\":{\"@type\":\"ImageObject\",\"inLanguage\":\"de\",\"@id\":\"https:\/\/dev6.erresse-shop.it\/#\/schema\/logo\/image\/\",\"url\":\"https:\/\/dev6.erresse-shop.it\/wp-content\/uploads\/2025\/01\/LOGO-ERRESSE-CLASSICO.svg\",\"contentUrl\":\"https:\/\/dev6.erresse-shop.it\/wp-content\/uploads\/2025\/01\/LOGO-ERRESSE-CLASSICO.svg\",\"caption\":\"Erresse Shop\"},\"image\":{\"@id\":\"https:\/\/dev6.erresse-shop.it\/#\/schema\/logo\/image\/\"}}]}<\/script>\n<!-- \/ Yoast SEO plugin. -->","yoast_head_json":{"title":"BORDALLO PINHEIRO Butterdose mit Deckel Tomate - dev6 Erresse","description":"Verleihen Sie Ihrer K\u00fcche mit der runden Tomatenbutterdose einen Hauch l\u00e4ndlicher Laune. Der blattf\u00f6rmige Sockel beherbergt eine Butterdose und die","robots":{"index":"noindex","follow":"follow","max-snippet":"max-snippet:-1","max-image-preview":"max-image-preview:large","max-video-preview":"max-video-preview:-1"},"og_locale":"de_DE","og_type":"article","og_title":"BORDALLO PINHEIRO Butterdose mit Deckel Tomate - dev6 Erresse","og_description":"Verleihen Sie Ihrer K\u00fcche mit der runden Tomatenbutterdose einen Hauch l\u00e4ndlicher Laune. Der blattf\u00f6rmige Sockel beherbergt eine Butterdose und die","og_url":"https:\/\/dev6.erresse-shop.it\/de\/shop\/tisch\/teller-geschirr\/bordallo-pinheiro-butterdose-mit-deckel-tomate\/","og_site_name":"dev6 Erresse","og_image":[{"url":"https:\/\/interpim.erresse-shop.it\/Import\/Prodotti\/bordallo-pinheiro-piatto-per-burro-pomodoro-con-coperchio.jpg","type":"","width":"","height":""},{"url":"https:\/\/interpim.erresse-shop.it\/Import\/Prodotti\/bordallo-pinheiro-piatto-per-burro-pomodoro-con-coperchio.jpg","width":1024,"height":1024,"type":"image\/jpeg"}],"twitter_card":"summary_large_image","twitter_image":"https:\/\/interpim.erresse-shop.it\/Import\/Prodotti\/bordallo-pinheiro-piatto-per-burro-pomodoro-con-coperchio.jpg","schema":{"@context":"https:\/\/schema.org","@graph":[{"@type":"WebPage","@id":"https:\/\/dev6.erresse-shop.it\/de\/shop\/tisch\/teller-geschirr\/bordallo-pinheiro-butterdose-mit-deckel-tomate\/","url":"https:\/\/dev6.erresse-shop.it\/de\/shop\/tisch\/teller-geschirr\/bordallo-pinheiro-butterdose-mit-deckel-tomate\/","name":"BORDALLO PINHEIRO Butterdose mit Deckel Tomate - dev6 Erresse","isPartOf":{"@id":"https:\/\/dev6.erresse-shop.it\/#website"},"primaryImageOfPage":{"@id":"https:\/\/dev6.erresse-shop.it\/de\/shop\/tisch\/teller-geschirr\/bordallo-pinheiro-butterdose-mit-deckel-tomate\/#primaryimage"},"image":{"@id":"https:\/\/dev6.erresse-shop.it\/de\/shop\/tisch\/teller-geschirr\/bordallo-pinheiro-butterdose-mit-deckel-tomate\/#primaryimage"},"thumbnailUrl":"https:\/\/i0.wp.com\/interpim.erresse-shop.it\/Import\/Prodotti\/bordallo-pinheiro-piatto-per-burro-pomodoro-con-coperchio.jpg?ssl=1","datePublished":"2026-04-12T11:26:25+00:00","description":"Verleihen Sie Ihrer K\u00fcche mit der runden Tomatenbutterdose einen Hauch l\u00e4ndlicher Laune. Der blattf\u00f6rmige Sockel beherbergt eine Butterdose und die","breadcrumb":{"@id":"https:\/\/dev6.erresse-shop.it\/de\/shop\/tisch\/teller-geschirr\/bordallo-pinheiro-butterdose-mit-deckel-tomate\/#breadcrumb"},"inLanguage":"de","potentialAction":[{"@type":"ReadAction","target":["https:\/\/dev6.erresse-shop.it\/de\/shop\/tisch\/teller-geschirr\/bordallo-pinheiro-butterdose-mit-deckel-tomate\/"]}]},{"@type":"ImageObject","inLanguage":"de","@id":"https:\/\/dev6.erresse-shop.it\/de\/shop\/tisch\/teller-geschirr\/bordallo-pinheiro-butterdose-mit-deckel-tomate\/#primaryimage","url":"https:\/\/i0.wp.com\/interpim.erresse-shop.it\/Import\/Prodotti\/bordallo-pinheiro-piatto-per-burro-pomodoro-con-coperchio.jpg?ssl=1","contentUrl":"https:\/\/i0.wp.com\/interpim.erresse-shop.it\/Import\/Prodotti\/bordallo-pinheiro-piatto-per-burro-pomodoro-con-coperchio.jpg?ssl=1"},{"@type":"BreadcrumbList","@id":"https:\/\/dev6.erresse-shop.it\/de\/shop\/tisch\/teller-geschirr\/bordallo-pinheiro-butterdose-mit-deckel-tomate\/#breadcrumb","itemListElement":[{"@type":"ListItem","position":1,"name":"Home","item":"https:\/\/dev6.erresse-shop.it\/"},{"@type":"ListItem","position":2,"name":"Shop","item":"https:\/\/dev6.erresse-shop.it\/shop\/"},{"@type":"ListItem","position":3,"name":"BORDALLO PINHEIRO Butterdose mit Deckel Tomate"}]},{"@type":"WebSite","@id":"https:\/\/dev6.erresse-shop.it\/#website","url":"https:\/\/dev6.erresse-shop.it\/","name":"Erresse Shop","description":"","publisher":{"@id":"https:\/\/dev6.erresse-shop.it\/#organization"},"potentialAction":[{"@type":"SearchAction","target":{"@type":"EntryPoint","urlTemplate":"https:\/\/dev6.erresse-shop.it\/?s={search_term_string}"},"query-input":{"@type":"PropertyValueSpecification","valueRequired":true,"valueName":"search_term_string"}}],"inLanguage":"de"},{"@type":"Organization","@id":"https:\/\/dev6.erresse-shop.it\/#organization","name":"Erresse Shop","url":"https:\/\/dev6.erresse-shop.it\/","logo":{"@type":"ImageObject","inLanguage":"de","@id":"https:\/\/dev6.erresse-shop.it\/#\/schema\/logo\/image\/","url":"https:\/\/dev6.erresse-shop.it\/wp-content\/uploads\/2025\/01\/LOGO-ERRESSE-CLASSICO.svg","contentUrl":"https:\/\/dev6.erresse-shop.it\/wp-content\/uploads\/2025\/01\/LOGO-ERRESSE-CLASSICO.svg","caption":"Erresse Shop"},"image":{"@id":"https:\/\/dev6.erresse-shop.it\/#\/schema\/logo\/image\/"}}]}},"df_price":69,"df_sale_price":69,"df_regular_price":89,"df_image_link":"https:\/\/i0.wp.com\/interpim.erresse-shop.it\/Import\/Prodotti\/bordallo-pinheiro-piatto-per-burro-pomodoro-con-coperchio.jpg?resize=300,300&ssl=1","fifu_image_url":"https:\/\/interpim.erresse-shop.it\/Import\/Prodotti\/bordallo-pinheiro-piatto-per-burro-pomodoro-con-coperchio.jpg","_links":{"self":[{"href":"https:\/\/dev6.erresse-shop.it\/de\/wp-json\/wp\/v2\/product\/1600732","targetHints":{"allow":["GET"]}}],"collection":[{"href":"https:\/\/dev6.erresse-shop.it\/de\/wp-json\/wp\/v2\/product"}],"about":[{"href":"https:\/\/dev6.erresse-shop.it\/de\/wp-json\/wp\/v2\/types\/product"}],"wp:featuredmedia":[{"embeddable":true,"href":"https:\/\/dev6.erresse-shop.it\/de\/wp-json\/wp\/v2\/media\/6377068"}],"wp:attachment":[{"href":"https:\/\/dev6.erresse-shop.it\/de\/wp-json\/wp\/v2\/media?parent=1600732"}],"wp:term":[{"taxonomy":"product_cat","embeddable":true,"href":"https:\/\/dev6.erresse-shop.it\/de\/wp-json\/wp\/v2\/product_cat?post=1600732"},{"taxonomy":"product_tag","embeddable":true,"href":"https:\/\/dev6.erresse-shop.it\/de\/wp-json\/wp\/v2\/product_tag?post=1600732"}],"curies":[{"name":"wp","href":"https:\/\/api.w.org\/{rel}","templated":true}]}}